{"id":258951,"date":"2024-10-16T15:58:33","date_gmt":"2024-10-16T13:58:33","guid":{"rendered":"https:\/\/empow-her.com\/?post_type=product&#038;p=258951"},"modified":"2024-11-04T10:12:12","modified_gmt":"2024-11-04T09:12:12","slug":"unir-feminisme-animalisme-chez-sisther","status":"publish","type":"product","link":"https:\/\/empow-her.com\/en\/produit\/unir-feminisme-animalisme-chez-sisther\/","title":{"rendered":"Sale chienne : L\u2019urgence d&#8217;unir f\u00e9minisme et animalisme"},"content":{"rendered":"<div class=\"flex-shrink-0 flex flex-col relative items-end\">\n<div>\n<div class=\"pt-0\">\n<div class=\"gizmo-bot-avatar flex h-8 w-8 items-center justify-center overflow-hidden rounded-full\">\n<h3 class=\"relative p-1 rounded-sm flex items-center justify-center bg-token-main-surface-primary text-token-text-primary h-8 w-8\"><span style=\"font-size: 16px;\">Plongez au c\u0153ur des luttes f\u00e9ministes et animalistes avec Virginia Markus, Typhaine D et Will\u00e8ne Pilate. Rejoignez-nous pour une discussion captivante qui explore les liens profonds entre ces deux combats.&#x1f4aa;&#x1f3ff;<\/span><\/h3>\n<\/div>\n<\/div>\n<\/div>\n<\/div>\n<p>Nous vous invitons \u00e0 un \u00e9v\u00e9nement unique chez Sist\u2019Her qui met en lumi\u00e8re l&#8217;intersection des luttes f\u00e9ministes et animalistes. Rejoignez-nous pour une r\u00e9flexion enrichissante anim\u00e9e par des voix engag\u00e9es et passionn\u00e9es :<a href=\"https:\/\/www.instagram.com\/gin_markus\/\"> <strong>Virginia Markus<\/strong><\/a>, militante et autrice, <a href=\"https:\/\/www.instagram.com\/typhaine.d_\/?hl=fr\"><strong>Typhaine D<\/strong><\/a>, autrice et com\u00e9dienne, et <a href=\"https:\/\/www.instagram.com\/willene_pilate\/?hl=fr\"><strong>Will\u00e8ne Pilate<\/strong><\/a>, peintresse.<\/p>\n<p><strong>Programme d\u00e9taill\u00e9 de l\u2019\u00e9v\u00e9nement :<\/strong><\/p>\n<p>&#x2728; <strong>Lectures \u00e9mouvantes :<\/strong> Typhaine D donnera vie aux mots de Virginia Markus en lisant des extraits de son livre <em>Ce que murmurent les animaux<\/em>. Ces lectures promettent d\u2019\u00e9veiller nos consciences et de susciter des \u00e9motions profondes.<\/p>\n<p>&#x2728; <strong>Discussion ouverte :<\/strong> Nos intervenantes engageront un dialogue sur les dominations v\u00e9cues par les femmes et les animaux, abordant la n\u00e9cessit\u00e9 de solidarit\u00e9s et de luttes crois\u00e9es. Ce moment d\u2019\u00e9change sera l\u2019occasion d\u2019explorer la puissance de l\u2019amour et de la r\u00e9silience face aux oppressions.<\/p>\n<p>&#x2728; <strong>Extraits de spectacle :<\/strong> D\u00e9couvrez des extraits du nouveau spectacle <em>Devenir V\u00e9gane par Amoure<\/em> de Typhaine D, une performance qui interroge notre rapport \u00e0 l\u2019alimentation et \u00e0 l\u2019\u00e9thique.<\/p>\n<p>&#x2728; <strong>Exposition :<\/strong> Admirez les \u0153uvres puissantes de Will\u00e8ne Pilate, qui illustrent avec force les th\u00e9matiques abord\u00e9es lors de l\u2019\u00e9v\u00e9nement. Ses cr\u00e9ations visuelles enrichiront notre exp\u00e9rience et stimuleront nos r\u00e9flexions.<\/p>\n<p>Cet \u00e9v\u00e9nement est une opportunit\u00e9 de rencontrer des artistes engag\u00e9es, de d\u00e9couvrir leurs travaux, et d\u2019\u00e9changer sur des luttes qui se rejoignent. Vous pourrez \u00e9galement, observer sur place les ouvrages de Virginia Markus et de Typhaine D, ainsi que les \u0153uvres de Will\u00e8ne Pilate.<\/p>\n<p>&nbsp;<\/p>\n<h4>Qui est Sale chienne?<\/h4>\n<p>Sale Chienne est un projet artistique et militant de l&#8217;association Coexister, qui vise \u00e0 sensibiliser aux luttes f\u00e9ministes et \u00e0 la protection animale. \u00c0 travers des performances, des ateliers et des cr\u00e9ations visuelles, l&#8217;initiative cherche \u00e0 cr\u00e9er un espace de r\u00e9flexion sur les intersections entre ces deux mouvements, tout en d\u00e9non\u00e7ant les violences faites aux femmes et aux animaux. L&#8217;objectif est de promouvoir des valeurs de respect et d&#8217;empathie, en encourageant des discussions autour de ces enjeux sociaux<\/p>\n<p><!-- notionvc: 49bafbb7-6a40-4c75-96c0-9a91208e34a4 --><\/p>\n<div><\/div>\n<h4><strong>Informations pratiques<\/strong><\/h4>\n<p><span class=\"fxk3tzhb b2rh1bv3 gh55jysx m8h3af8h ewco64xe kjdc1dyq ms56khn7 bq6c9xl4 eohcrkr5 akh3l2rg\"><img decoding=\"async\" src=\"https:\/\/static.xx.fbcdn.net\/images\/emoji.php\/v9\/td7\/1.5\/16\/1f4c5.png\" alt=\"&#x1f4c5;\" width=\"16\" height=\"16\" \/><\/span> L\u2019\u00e9v\u00e9nement se d\u00e9roulera lundi 4 novembre 2024<br \/>\n&#x231b;&#xfe0f; De 18h30 \u00e0 21h30<br \/>\n<span class=\"fxk3tzhb b2rh1bv3 gh55jysx m8h3af8h ewco64xe kjdc1dyq ms56khn7 bq6c9xl4 eohcrkr5 akh3l2rg\"><img decoding=\"async\" src=\"https:\/\/static.xx.fbcdn.net\/images\/emoji.php\/v9\/t8b\/1.5\/16\/1f516.png\" alt=\"&#x1f516;\" width=\"16\" height=\"16\" \/><\/span>\u00a0R\u00e9servation gratuite obligatoire<br \/>\n<span class=\"fxk3tzhb b2rh1bv3 gh55jysx m8h3af8h ewco64xe kjdc1dyq ms56khn7 bq6c9xl4 eohcrkr5 akh3l2rg\"><img decoding=\"async\" src=\"https:\/\/static.xx.fbcdn.net\/images\/emoji.php\/v9\/t86\/1.5\/16\/1f4cd.png\" alt=\"&#x1f4cd;\" width=\"16\" height=\"16\" \/><\/span>\u00a0Sist\u2019Her : 82 rue du Faubourg Saint-Martin 75010 Paris<\/p>\n<p>Ouvert en mars 2021 par l\u2019ONG\u00a0<a href=\"https:\/\/empow-her.com\/\">Empow\u2019Her<\/a>, Sist\u2019Her Paris est un espace de partage et de cr\u00e9ation f\u00e9ministe, accessible \u00e0 tous.tes, d\u00e9di\u00e9 \u00e0 l\u2019\u00e9criture collective d\u2019un nouveau narratif entrepreneurial et \u00e0 l\u2019outillage des combats pour des soci\u00e9t\u00e9s plus justes, durables et \u00e9galitaires.<\/p>\n<p>Retrouvez tous les \u00e9v\u00e9nements des prochains mois chez Sist\u2019Her dans notre\u00a0<a href=\"https:\/\/empow-her.com\/agenda-empowher\/\">agenda<\/a>\u00a0!<\/p>\n<p>Suivez Sist\u2019Her sur notre\u00a0<a href=\"https:\/\/www.instagram.com\/sisther.paris\/\">Instagram<\/a>\u00a0!<\/p>\n<p>On a h\u00e2te de vous retrouver &#x1f49c;<\/p>\n","protected":false},"excerpt":{"rendered":"<div class=\"flex-shrink-0 flex flex-col relative items-end\">\n<div>\n<div class=\"pt-0\">\n<div class=\"gizmo-bot-avatar flex h-8 w-8 items-center justify-center overflow-hidden rounded-full\">\n<h3 class=\"relative p-1 rounded-sm flex items-center justify-center bg-token-main-surface-primary text-token-text-primary h-8 w-8\"><span style=\"font-size: 16px;\">Plongez au c\u0153ur des luttes f\u00e9ministes et animalistes avec Virginia Markus, Typhaine D et Will\u00e8ne Pilate. Rejoignez-nous pour une discussion captivante qui explore les liens profonds entre ces deux combats.&#x1f4aa;&#x1f3ff;<\/span><\/h3>\n<\/div>\n<\/div>\n<\/div>\n<\/div>\n<p>Nous vous invitons \u00e0 un \u00e9v\u00e9nement unique chez Sist\u2019Her qui met en lumi\u00e8re l&#8217;intersection des luttes f\u00e9ministes et animalistes. Rejoignez-nous pour une r\u00e9flexion enrichissante anim\u00e9e par des voix engag\u00e9es et passionn\u00e9es : <a href=\"https:\/\/www.asso-coexister.ch\/\"><strong>Virginia Markus<\/strong><\/a>, militante et autrice, <a href=\"https:\/\/linktr.ee\/typhained\"><strong>Typhaine D<\/strong><\/a>, autrice et com\u00e9dienne,\u00a0 <a href=\"https:\/\/willenepilate.wixsite.com\/willenepilate\"><strong>Will\u00e8ne Pilate<\/strong><\/a>, peintresse et Astrid Prevost, charg\u00e9e de mission associatives et nutritionnistes.<\/p>\n<p>Programme<strong> d\u00e9taill\u00e9 de l\u2019\u00e9v\u00e9nement :<\/strong><\/p>\n<p>&#x2728; <strong>Lectures \u00e9mouvantes :<\/strong> Typhaine D donnera vie aux mots de Virginia Markus en lisant des extraits de son livre <em>Ce que murmurent les animaux<\/em>. Ces lectures promettent d\u2019\u00e9veiller nos consciences et de susciter des \u00e9motions profondes.<\/p>\n<p>&#x2728; <strong>Discussion ouverte :<\/strong> Nos intervenantes engageront un dialogue sur les dominations v\u00e9cues par les femmes et les animaux, abordant la n\u00e9cessit\u00e9 de solidarit\u00e9s et de luttes crois\u00e9es. Ce moment d\u2019\u00e9change sera l\u2019occasion d\u2019explorer la puissance de l\u2019amour et de la r\u00e9silience face aux oppressions.<\/p>\n<p>&#x2728; <strong>Extraits de spectacle :<\/strong> D\u00e9couvrez des extraits du nouveau spectacle <em>Devenir V\u00e9gane par Amoure<\/em> de Typhaine D, une performance qui interroge notre rapport \u00e0 l\u2019alimentation et \u00e0 l\u2019\u00e9thique.<\/p>\n<p>&#x2728; <strong>Exposition :<\/strong> Admirez les \u0153uvres puissantes de Will\u00e8ne Pilate, qui illustrent avec force les th\u00e9matiques abord\u00e9es lors de l\u2019\u00e9v\u00e9nement. Ses cr\u00e9ations visuelles enrichiront notre exp\u00e9rience et stimuleront nos r\u00e9flexions.<\/p>\n<p>Cet \u00e9v\u00e9nement est une opportunit\u00e9 de rencontrer des artistes engag\u00e9es, de d\u00e9couvrir leurs travaux, et d\u2019\u00e9changer sur des luttes qui se rejoignent. Vous pourrez \u00e9galement, observer sur place les ouvrages de Virginia Markus et de Typhaine D, ainsi que les \u0153uvres de Will\u00e8ne Pilate.<\/p>\n<h2><strong>Biographie des intervenantes<\/strong><\/h2>\n<div class=\"flex-shrink-0 flex flex-col relative items-end\">\n<div>\n<div class=\"pt-0\">\n<div class=\"gizmo-bot-avatar flex h-8 w-8 items-center justify-center overflow-hidden rounded-full\">\n<h4 class=\"relative p-1 rounded-sm flex items-center justify-center bg-token-main-surface-primary text-token-text-primary h-8 w-8\"><strong>Virginia Markus<\/strong><\/h4>\n<h4 class=\"relative p-1 rounded-sm flex items-center justify-center bg-token-main-surface-primary text-token-text-primary h-8 w-8\"><span style=\"font-size: 16px;\">Autrice, militante, \u00e9ducatrice sociale<\/span><\/h4>\n<\/div>\n<\/div>\n<\/div>\n<\/div>\n<div class=\"group\/conversation-turn relative flex w-full min-w-0 flex-col agent-turn\">\n<div class=\"flex-col gap-1 md:gap-3\">\n<div class=\"flex max-w-full flex-col flex-grow\">\n<div class=\"min-h-8 text-message flex w-full flex-col items-end gap-2 whitespace-normal break-words [.text-message+&amp;]:mt-5\" dir=\"auto\" data-message-author-role=\"assistant\" data-message-id=\"4a0c8f0d-2f30-4870-8a6d-557924828b97\" data-message-model-slug=\"gpt-4o-mini\">\n<div class=\"flex w-full flex-col gap-1 empty:hidden first:pt-[3px]\">\n<div class=\"markdown prose w-full break-words dark:prose-invert light\">\n<p>Virginia Markus a d\u00e9but\u00e9 son parcours militant avec une enqu\u00eate sur l&#8217;industrie laiti\u00e8re en Suisse. Parall\u00e8lement, elle a pratiqu\u00e9 la d\u00e9sob\u00e9issance civile en diffusant des images issues des abattoirs pour donner une voix aux animaux. En 2018, elle a fond\u00e9 l&#8217;association Co&amp;xister, qu&#8217;elle dirige \u00e0 plein temps. Cette association promeut une coexistence respectueuse entre les humains et les autres animaux, g\u00e9rant un sanctuaire pour les animaux rescap\u00e9s de la boucherie, offrant des formations \u00e0 la coexistence interesp\u00e8ces, et soutenant la reconversion des \u00e9leveurs vers des m\u00e9tiers sans exploitation animale. Virginia est \u00e9galement l&#8217;auteure de plusieurs ouvrages, dont son dernier, <em>Ce que murmurent les animaux<\/em>.<\/p>\n<p><strong>Will\u00e8ne Pilate<\/strong><br \/>\nArtiviste animaliste, peintresse, autrice, militante antisp\u00e9ciste, f\u00e9ministe, antiraciste, pr\u00e9sidente de la Veggie Pride.<\/p>\n<p><strong>Typhaine D<\/strong><br \/>\nAutrice, com\u00e9dienne, metteuse en sc\u00e8ne, chroniqueuse m\u00e9dia, formatrice, conf\u00e9renci\u00e8re engag\u00e9e pour les droits des femmes, des enfants, des animaux non-humains et pour l&#8217;\u00e9cologie. Elle est l&#8217;inventrice d&#8217;une langue \u00e0 la F\u00e9minine Universelle et a cr\u00e9\u00e9 plusieurs spectacles engag\u00e9s, tels que <em>Contes \u00e0 Rebours<\/em>, <em>La P\u00e9rille Mortelle<\/em>, et <em>Devenir Vegane par Amoure<\/em>. Elle a \u00e9galement adapt\u00e9 <em>Opinion d&#8217;une femme sur les femmes<\/em> de Fanny Raoul de notre Matrimoine.<\/p>\n<p><strong>Astrid Pr\u00e9vost<\/strong><\/p>\n<p>Astrid Pr\u00e9vost est responsable du d\u00e9veloppement pour Co&amp;xister. Apr\u00e8s une carri\u00e8re militaire, elle s&#8217;est reconvertie en nutritionniste, ayant effectu\u00e9 un stage au sanctuaire et un travail de m\u00e9moire sur le th\u00e8me &#8220;Nourriture, agriculture et di\u00e9t\u00e9tique&#8221;. Elle s&#8217;investit dans le militantisme en faveur des animaux \u00e0 travers divers projets associatifs, collaborant notamment avec Futur Asso et l&#8217;Association V\u00e9g\u00e9tarienne de France.<\/p>\n<\/div>\n<\/div>\n<\/div>\n<\/div>\n<\/div>\n<\/div>\n<p>&nbsp;<\/p>\n<h4>Qui est Sale chienne?<\/h4>\n<p>Sale Chienne est un projet artistique et militant de l&#8217;association Coexister, qui vise \u00e0 sensibiliser aux luttes f\u00e9ministes et \u00e0 la protection animale. \u00c0 travers des performances, des ateliers et des cr\u00e9ations visuelles, l&#8217;initiative cherche \u00e0 cr\u00e9er un espace de r\u00e9flexion sur les intersections entre ces deux mouvements, tout en d\u00e9non\u00e7ant les violences faites aux femmes et aux animaux. L&#8217;objectif est de promouvoir des valeurs de respect et d&#8217;empathie, en encourageant des discussions autour de ces enjeux sociaux<\/p>\n<p>&nbsp;<\/p>\n<h4><strong>Informations pratiques<\/strong><\/h4>\n<p><span class=\"fxk3tzhb b2rh1bv3 gh55jysx m8h3af8h ewco64xe kjdc1dyq ms56khn7 bq6c9xl4 eohcrkr5 akh3l2rg\"><img decoding=\"async\" src=\"https:\/\/static.xx.fbcdn.net\/images\/emoji.php\/v9\/td7\/1.5\/16\/1f4c5.png\" alt=\"&#x1f4c5;\" width=\"16\" height=\"16\" \/><\/span> L\u2019\u00e9v\u00e9nement se d\u00e9roulera lundi 4 novembre 2024<br \/>\n&#x231b;&#xfe0f; De 18h30 \u00e0 21h30<br \/>\n<span class=\"fxk3tzhb b2rh1bv3 gh55jysx m8h3af8h ewco64xe kjdc1dyq ms56khn7 bq6c9xl4 eohcrkr5 akh3l2rg\"><img decoding=\"async\" src=\"https:\/\/static.xx.fbcdn.net\/images\/emoji.php\/v9\/t8b\/1.5\/16\/1f516.png\" alt=\"&#x1f516;\" width=\"16\" height=\"16\" \/><\/span>\u00a0R\u00e9servation gratuite obligatoire<br \/>\n<span class=\"fxk3tzhb b2rh1bv3 gh55jysx m8h3af8h ewco64xe kjdc1dyq ms56khn7 bq6c9xl4 eohcrkr5 akh3l2rg\"><img decoding=\"async\" src=\"https:\/\/static.xx.fbcdn.net\/images\/emoji.php\/v9\/t86\/1.5\/16\/1f4cd.png\" alt=\"&#x1f4cd;\" width=\"16\" height=\"16\" \/><\/span>\u00a0Sist\u2019Her : 82 rue du Faubourg Saint-Martin 75010 Paris<\/p>\n<p>&nbsp;<\/p>\n<p>Ouvert en mars 2021 par l\u2019ONG\u00a0<a href=\"https:\/\/empow-her.com\/\">Empow\u2019Her<\/a>, Sist\u2019Her Paris est un espace de partage et de cr\u00e9ation f\u00e9ministe, accessible \u00e0 tous.tes, d\u00e9di\u00e9 \u00e0 l\u2019\u00e9criture collective d\u2019un nouveau narratif entrepreneurial et \u00e0 l\u2019outillage des combats pour des soci\u00e9t\u00e9s plus justes, durables et \u00e9galitaires.<\/p>\n<p>Retrouvez tous les \u00e9v\u00e9nements des prochains mois chez Sist\u2019Her dans notre\u00a0<a href=\"https:\/\/empow-her.com\/agenda-empowher\/\">agenda<\/a>\u00a0!<\/p>\n<p>Suivez Sist\u2019Her sur notre\u00a0<a href=\"https:\/\/www.instagram.com\/sisther.paris\/\">Instagram<\/a>\u00a0!<\/p>\n<p>On a h\u00e2te de vous retrouver &#x1f49c;<\/p>\n","protected":false},"featured_media":259005,"template":"","format":"standard","meta":{"_acf_changed":false,"om_disable_all_campaigns":false,"_uf_show_specific_survey":0,"_uf_disable_surveys":false},"product_brand":[],"product_cat":[119],"product_tag":[178],"lieu":[127],"thematiques":[],"class_list":{"0":"post-258951","1":"product","2":"type-product","3":"status-publish","4":"format-standard","5":"has-post-thumbnail","7":"product_cat-evenement-sisther","8":"product_tag-evenement-sisther","9":"lieu-hub-empowher","11":"first","12":"instock","13":"virtual","14":"purchasable","15":"product-type-appointment"},"exclude_global_add_ons":[],"addons":[],"acf":[],"yoast_head":"<!-- This site is optimized with the Yoast SEO plugin v24.8 - https:\/\/yoast.com\/wordpress\/plugins\/seo\/ -->\n<title>Unir f\u00e9minisme et animalisme chez Sist&#039;her !<\/title>\n<meta name=\"description\" content=\"Plongez au c\u0153ur des luttes f\u00e9ministes et animalistes. Rejoignez-nous pour une discussion captivante qui explore les liens profonds entre ces deux combats\" \/>\n<meta name=\"robots\" content=\"index, follow, max-snippet:-1, max-image-preview:large, max-video-preview:-1\" \/>\n<link rel=\"canonical\" href=\"https:\/\/empow-her.com\/produit\/unir-feminisme-animalisme-chez-sisther\/\" \/>\n<meta property=\"og:locale\" content=\"en_US\" \/>\n<meta property=\"og:type\" content=\"article\" \/>\n<meta property=\"og:title\" content=\"Unir f\u00e9minisme et animalisme chez Sist&#039;her !\" \/>\n<meta property=\"og:description\" content=\"Plongez au c\u0153ur des luttes f\u00e9ministes et animalistes. Rejoignez-nous pour une discussion captivante qui explore les liens profonds entre ces deux combats\" \/>\n<meta property=\"og:url\" content=\"https:\/\/empow-her.com\/produit\/unir-feminisme-animalisme-chez-sisther\/\" \/>\n<meta property=\"og:site_name\" content=\"Empow&#039;Her\" \/>\n<meta property=\"article:modified_time\" content=\"2024-11-04T09:12:12+00:00\" \/>\n<meta property=\"og:image\" content=\"https:\/\/empow-her.com\/wp-content\/uploads\/2024\/10\/Salle-chiennes-1-1.png\" \/>\n\t<meta property=\"og:image:width\" content=\"1080\" \/>\n\t<meta property=\"og:image:height\" content=\"1080\" \/>\n\t<meta property=\"og:image:type\" content=\"image\/png\" \/>\n<meta name=\"twitter:card\" content=\"summary_large_image\" \/>\n<meta name=\"twitter:label1\" content=\"Est. reading time\" \/>\n\t<meta name=\"twitter:data1\" content=\"4 minutes\" \/>\n<script type=\"application\/ld+json\" class=\"yoast-schema-graph\">{\"@context\":\"https:\/\/schema.org\",\"@graph\":[{\"@type\":\"WebPage\",\"@id\":\"https:\/\/empow-her.com\/produit\/unir-feminisme-animalisme-chez-sisther\/\",\"url\":\"https:\/\/empow-her.com\/produit\/unir-feminisme-animalisme-chez-sisther\/\",\"name\":\"Unir f\u00e9minisme et animalisme chez Sist'her !\",\"isPartOf\":{\"@id\":\"https:\/\/empow-her.com\/#website\"},\"primaryImageOfPage\":{\"@id\":\"https:\/\/empow-her.com\/produit\/unir-feminisme-animalisme-chez-sisther\/#primaryimage\"},\"image\":{\"@id\":\"https:\/\/empow-her.com\/produit\/unir-feminisme-animalisme-chez-sisther\/#primaryimage\"},\"thumbnailUrl\":\"https:\/\/empow-her.com\/wp-content\/uploads\/2024\/10\/Salle-chiennes-1-1.png\",\"datePublished\":\"2024-10-16T13:58:33+00:00\",\"dateModified\":\"2024-11-04T09:12:12+00:00\",\"description\":\"Plongez au c\u0153ur des luttes f\u00e9ministes et animalistes. Rejoignez-nous pour une discussion captivante qui explore les liens profonds entre ces deux combats\",\"breadcrumb\":{\"@id\":\"https:\/\/empow-her.com\/produit\/unir-feminisme-animalisme-chez-sisther\/#breadcrumb\"},\"inLanguage\":\"en-US\",\"potentialAction\":[{\"@type\":\"ReadAction\",\"target\":[\"https:\/\/empow-her.com\/produit\/unir-feminisme-animalisme-chez-sisther\/\"]}]},{\"@type\":\"ImageObject\",\"inLanguage\":\"en-US\",\"@id\":\"https:\/\/empow-her.com\/produit\/unir-feminisme-animalisme-chez-sisther\/#primaryimage\",\"url\":\"https:\/\/empow-her.com\/wp-content\/uploads\/2024\/10\/Salle-chiennes-1-1.png\",\"contentUrl\":\"https:\/\/empow-her.com\/wp-content\/uploads\/2024\/10\/Salle-chiennes-1-1.png\",\"width\":1080,\"height\":1080},{\"@type\":\"BreadcrumbList\",\"@id\":\"https:\/\/empow-her.com\/produit\/unir-feminisme-animalisme-chez-sisther\/#breadcrumb\",\"itemListElement\":[{\"@type\":\"ListItem\",\"position\":1,\"name\":\"Accueil\",\"item\":\"https:\/\/empow-her.com\/en\/landing-page\/\"},{\"@type\":\"ListItem\",\"position\":2,\"name\":\"LA BOUTIQUE\",\"item\":\"https:\/\/empow-her.com\/boutique\/\"},{\"@type\":\"ListItem\",\"position\":3,\"name\":\"Sale chienne : L\u2019urgence d&#8217;unir f\u00e9minisme et animalisme\"}]},{\"@type\":\"WebSite\",\"@id\":\"https:\/\/empow-her.com\/#website\",\"url\":\"https:\/\/empow-her.com\/\",\"name\":\"Empow&#039;Her\",\"description\":\"Women Development\",\"potentialAction\":[{\"@type\":\"SearchAction\",\"target\":{\"@type\":\"EntryPoint\",\"urlTemplate\":\"https:\/\/empow-her.com\/?s={search_term_string}\"},\"query-input\":{\"@type\":\"PropertyValueSpecification\",\"valueRequired\":true,\"valueName\":\"search_term_string\"}}],\"inLanguage\":\"en-US\"}]}<\/script>\n<!-- \/ Yoast SEO plugin. -->","yoast_head_json":{"title":"Unir f\u00e9minisme et animalisme chez Sist'her !","description":"Plongez au c\u0153ur des luttes f\u00e9ministes et animalistes. Rejoignez-nous pour une discussion captivante qui explore les liens profonds entre ces deux combats","robots":{"index":"index","follow":"follow","max-snippet":"max-snippet:-1","max-image-preview":"max-image-preview:large","max-video-preview":"max-video-preview:-1"},"canonical":"https:\/\/empow-her.com\/produit\/unir-feminisme-animalisme-chez-sisther\/","og_locale":"en_US","og_type":"article","og_title":"Unir f\u00e9minisme et animalisme chez Sist'her !","og_description":"Plongez au c\u0153ur des luttes f\u00e9ministes et animalistes. Rejoignez-nous pour une discussion captivante qui explore les liens profonds entre ces deux combats","og_url":"https:\/\/empow-her.com\/produit\/unir-feminisme-animalisme-chez-sisther\/","og_site_name":"Empow&#039;Her","article_modified_time":"2024-11-04T09:12:12+00:00","og_image":[{"width":1080,"height":1080,"url":"https:\/\/empow-her.com\/wp-content\/uploads\/2024\/10\/Salle-chiennes-1-1.png","type":"image\/png"}],"twitter_card":"summary_large_image","twitter_misc":{"Est. reading time":"4 minutes"},"schema":{"@context":"https:\/\/schema.org","@graph":[{"@type":"WebPage","@id":"https:\/\/empow-her.com\/produit\/unir-feminisme-animalisme-chez-sisther\/","url":"https:\/\/empow-her.com\/produit\/unir-feminisme-animalisme-chez-sisther\/","name":"Unir f\u00e9minisme et animalisme chez Sist'her !","isPartOf":{"@id":"https:\/\/empow-her.com\/#website"},"primaryImageOfPage":{"@id":"https:\/\/empow-her.com\/produit\/unir-feminisme-animalisme-chez-sisther\/#primaryimage"},"image":{"@id":"https:\/\/empow-her.com\/produit\/unir-feminisme-animalisme-chez-sisther\/#primaryimage"},"thumbnailUrl":"https:\/\/empow-her.com\/wp-content\/uploads\/2024\/10\/Salle-chiennes-1-1.png","datePublished":"2024-10-16T13:58:33+00:00","dateModified":"2024-11-04T09:12:12+00:00","description":"Plongez au c\u0153ur des luttes f\u00e9ministes et animalistes. Rejoignez-nous pour une discussion captivante qui explore les liens profonds entre ces deux combats","breadcrumb":{"@id":"https:\/\/empow-her.com\/produit\/unir-feminisme-animalisme-chez-sisther\/#breadcrumb"},"inLanguage":"en-US","potentialAction":[{"@type":"ReadAction","target":["https:\/\/empow-her.com\/produit\/unir-feminisme-animalisme-chez-sisther\/"]}]},{"@type":"ImageObject","inLanguage":"en-US","@id":"https:\/\/empow-her.com\/produit\/unir-feminisme-animalisme-chez-sisther\/#primaryimage","url":"https:\/\/empow-her.com\/wp-content\/uploads\/2024\/10\/Salle-chiennes-1-1.png","contentUrl":"https:\/\/empow-her.com\/wp-content\/uploads\/2024\/10\/Salle-chiennes-1-1.png","width":1080,"height":1080},{"@type":"BreadcrumbList","@id":"https:\/\/empow-her.com\/produit\/unir-feminisme-animalisme-chez-sisther\/#breadcrumb","itemListElement":[{"@type":"ListItem","position":1,"name":"Accueil","item":"https:\/\/empow-her.com\/en\/landing-page\/"},{"@type":"ListItem","position":2,"name":"LA BOUTIQUE","item":"https:\/\/empow-her.com\/boutique\/"},{"@type":"ListItem","position":3,"name":"Sale chienne : L\u2019urgence d&#8217;unir f\u00e9minisme et animalisme"}]},{"@type":"WebSite","@id":"https:\/\/empow-her.com\/#website","url":"https:\/\/empow-her.com\/","name":"Empow&#039;Her","description":"Women Development","potentialAction":[{"@type":"SearchAction","target":{"@type":"EntryPoint","urlTemplate":"https:\/\/empow-her.com\/?s={search_term_string}"},"query-input":{"@type":"PropertyValueSpecification","valueRequired":true,"valueName":"search_term_string"}}],"inLanguage":"en-US"}]}},"_links":{"self":[{"href":"https:\/\/empow-her.com\/en\/wp-json\/wp\/v2\/product\/258951","targetHints":{"allow":["GET"]}}],"collection":[{"href":"https:\/\/empow-her.com\/en\/wp-json\/wp\/v2\/product"}],"about":[{"href":"https:\/\/empow-her.com\/en\/wp-json\/wp\/v2\/types\/product"}],"wp:featuredmedia":[{"embeddable":true,"href":"https:\/\/empow-her.com\/en\/wp-json\/wp\/v2\/media\/259005"}],"wp:attachment":[{"href":"https:\/\/empow-her.com\/en\/wp-json\/wp\/v2\/media?parent=258951"}],"wp:term":[{"taxonomy":"product_brand","embeddable":true,"href":"https:\/\/empow-her.com\/en\/wp-json\/wp\/v2\/product_brand?post=258951"},{"taxonomy":"product_cat","embeddable":true,"href":"https:\/\/empow-her.com\/en\/wp-json\/wp\/v2\/product_cat?post=258951"},{"taxonomy":"product_tag","embeddable":true,"href":"https:\/\/empow-her.com\/en\/wp-json\/wp\/v2\/product_tag?post=258951"},{"taxonomy":"lieu","embeddable":true,"href":"https:\/\/empow-her.com\/en\/wp-json\/wp\/v2\/lieu?post=258951"},{"taxonomy":"thematiques","embeddable":true,"href":"https:\/\/empow-her.com\/en\/wp-json\/wp\/v2\/thematiques?post=258951"}],"curies":[{"name":"wp","href":"https:\/\/api.w.org\/{rel}","templated":true}]}}