{"id":258915,"date":"2024-10-15T15:18:25","date_gmt":"2024-10-15T13:18:25","guid":{"rendered":"https:\/\/empow-her.com\/?post_type=product&#038;p=258915"},"modified":"2025-01-09T11:00:59","modified_gmt":"2025-01-09T10:00:59","slug":"voix-des-femmes-africaines-et-de-la-diaspora-par-akuma-chez-sisther-%f0%9f%8c%8d","status":"publish","type":"product","link":"https:\/\/empow-her.com\/en\/produit\/voix-des-femmes-africaines-et-de-la-diaspora-par-akuma-chez-sisther-%f0%9f%8c%8d\/","title":{"rendered":"Voix des Femmes Africaines et de la Diaspora par Akuma chez Sist&#8217;Her! &#x1f30d;\u200b"},"content":{"rendered":"<h3>AKUMA TALKS : Voix F\u00e9minines Litt\u00e9raires d\u2019Afrique et de la Diaspora : Perspectives et Engagements&#x1f4aa;&#x1f3ff;<\/h3>\n<p><a href=\"https:\/\/www.instagram.com\/akuma.association\/\">Akuma<\/a> a le plaisir de vous inviter \u00e0 la premi\u00e8re \u00e9dition des <strong>AKUMA TALKS <\/strong>chez Sist&#8217;Her, pour un espace de discussion d\u00e9di\u00e9 \u00e0 la mise en lumi\u00e8re des voix africaines et de la diaspora. Rejoignez-nous le 23 janvier de 19h \u00e0 21h, o\u00f9 nous nous concentrerons sur la mani\u00e8re dont les voix f\u00e9minines, \u00e0 travers leurs \u0153uvres, abordent le v\u00e9cu et la condition des femmes en Afrique et ailleurs.<\/p>\n<p>La discussion se d\u00e9roulera sous forme de table ronde, r\u00e9unissant des autrices de renom comme <a class=\"c-link\" href=\"https:\/\/www.ernisecrivaine.com\/\" target=\"_blank\" rel=\"noopener noreferrer\" data-stringify-link=\"https:\/\/www.ernisecrivaine.com\/\" data-sk=\"tooltip_parent\">Ernis<\/a>, autrice camerounaise, et<strong> <a class=\"c-link\" href=\"https:\/\/manifesto-21.com\/diariatou-kebe-interview\/\" target=\"_blank\" rel=\"noopener noreferrer\" data-stringify-link=\"https:\/\/manifesto-21.com\/diariatou-kebe-interview\/\" data-sk=\"tooltip_parent\">Diariatou Kebe<\/a><\/strong>, co-autrice de l\u2019ouvrage &#8220;Les Puissantes&#8221;, qui \u00e9changeront sur des sujets tels que la qu\u00eate identitaire, les rapports entre tradition et modernit\u00e9, le r\u00f4le des femmes dans la soci\u00e9t\u00e9, la repr\u00e9sentation et les luttes pour l\u2019\u00e9galit\u00e9 des genres. Cet espace de dialogue vise \u00e0 encourager une r\u00e9flexion approfondie sur la repr\u00e9sentation des femmes africaines et de la diaspora dans la litt\u00e9rature, tout en soulignant l&#8217;importance de l&#8217;inclusion et de la diversit\u00e9 dans le paysage litt\u00e9raire mondial. &#x1f4da;<\/p>\n<p>Les participants auront l&#8217;opportunit\u00e9 d&#8217;\u00e9couter des voix inspirantes, de d\u00e9couvrir des \u0153uvres engag\u00e9es et de s&#8217;impliquer dans une r\u00e9flexion collective sur l\u2019avenir des voix f\u00e9minines en Afrique et dans ses diasporas.<\/p>\n<h3>Qui est Akuma?<\/h3>\n<p>Akuma est une association \u00e0 but non lucratif passionn\u00e9e par la promotion des litt\u00e9ratures africaines et l&#8217;am\u00e9lioration de l&#8217;acc\u00e8s \u00e0 une \u00e9ducation de qualit\u00e9. Enracin\u00e9e entre le Cameroun et la France, leur mission est de b\u00e2tir des passerelles entre les g\u00e9n\u00e9rations et les cultures gr\u00e2ce aux livres et \u00e0 la lecture. Elles s&#8217;engagent avec d\u00e9termination \u00e0 sensibiliser les jeunes aux tr\u00e9sors litt\u00e9raires de l&#8217;Afrique, en leur offrant des opportunit\u00e9s d&#8217;exploration et de d\u00e9couverte. Leur objectif est de partager cette richesse litt\u00e9raire avec le plus grand nombre, afin d&#8217;enrichir les esprits et de favoriser un dialogue interculturel \u00e9panouissant.<\/p>\n<div><\/div>\n<h4><strong>Informations pratiques<\/strong><\/h4>\n<p><span class=\"fxk3tzhb b2rh1bv3 gh55jysx m8h3af8h ewco64xe kjdc1dyq ms56khn7 bq6c9xl4 eohcrkr5 akh3l2rg\"><img decoding=\"async\" src=\"https:\/\/static.xx.fbcdn.net\/images\/emoji.php\/v9\/td7\/1.5\/16\/1f4c5.png\" alt=\"&#x1f4c5;\" width=\"16\" height=\"16\" \/><\/span> L\u2019\u00e9v\u00e9nement se d\u00e9roulera le jeudi 23 janvier 2025<br \/>\n&#x231b;&#xfe0f; De 19h00 \u00e0 21h00<br \/>\n<span class=\"fxk3tzhb b2rh1bv3 gh55jysx m8h3af8h ewco64xe kjdc1dyq ms56khn7 bq6c9xl4 eohcrkr5 akh3l2rg\"><img decoding=\"async\" src=\"https:\/\/static.xx.fbcdn.net\/images\/emoji.php\/v9\/t8b\/1.5\/16\/1f516.png\" alt=\"&#x1f516;\" width=\"16\" height=\"16\" \/><\/span>\u00a0R\u00e9servation gratuite obligatoire<br \/>\n<span class=\"fxk3tzhb b2rh1bv3 gh55jysx m8h3af8h ewco64xe kjdc1dyq ms56khn7 bq6c9xl4 eohcrkr5 akh3l2rg\"><img decoding=\"async\" src=\"https:\/\/static.xx.fbcdn.net\/images\/emoji.php\/v9\/t86\/1.5\/16\/1f4cd.png\" alt=\"&#x1f4cd;\" width=\"16\" height=\"16\" \/><\/span>\u00a0Sist\u2019Her : 82 rue du Faubourg Saint-Martin 75010 Paris<\/p>\n<p>Ouvert en mars 2021 par l\u2019ONG\u00a0<a href=\"https:\/\/empow-her.com\/\">Empow\u2019Her<\/a>, Sist\u2019Her Paris est un espace de partage et de cr\u00e9ation f\u00e9ministe, accessible \u00e0 tous.tes, d\u00e9di\u00e9 \u00e0 l\u2019\u00e9criture collective d\u2019un nouveau narratif entrepreneurial et \u00e0 l\u2019outillage des combats pour des soci\u00e9t\u00e9s plus justes, durables et \u00e9galitaires.<\/p>\n<p>Retrouvez tous les \u00e9v\u00e9nements des prochains mois chez Sist\u2019Her dans notre\u00a0<a href=\"https:\/\/empow-her.com\/agenda-empowher\/\">agenda<\/a>\u00a0!<\/p>\n<p>Suivez Sist\u2019Her sur notre\u00a0<a href=\"https:\/\/www.instagram.com\/sisther.paris\/\">Instagram<\/a>\u00a0!<\/p>\n<p>On a h\u00e2te de vous retrouver &#x1f49c;<\/p>\n","protected":false},"excerpt":{"rendered":"<h3>AKUMA TALKS : Voix F\u00e9minines Litt\u00e9raires d\u2019Afrique et de la Diaspora : Perspectives et Engagements&#x1f4aa;&#x1f3ff;<\/h3>\n<p><a href=\"https:\/\/www.instagram.com\/akuma.association\/\">Akuma<\/a> a le plaisir de vous inviter <strong>\u00a0<\/strong>chez Sist&#8217;Her, pour un espace de discussion d\u00e9di\u00e9 \u00e0 la mise en lumi\u00e8re des voix africaines et de la diaspora. Rejoignez-nous le 23 janvier de 19h \u00e0 21h, o\u00f9 nous nous concentrerons sur la mani\u00e8re dont les voix f\u00e9minines, \u00e0 travers leurs \u0153uvres, abordent le v\u00e9cu et la condition des femmes en Afrique et ailleurs.<\/p>\n<p>La discussion se d\u00e9roulera sous forme de table ronde, r\u00e9unissant des autrices de renom comme <a class=\"c-link\" href=\"https:\/\/www.ernisecrivaine.com\/\" target=\"_blank\" rel=\"noopener noreferrer\" data-stringify-link=\"https:\/\/www.ernisecrivaine.com\/\" data-sk=\"tooltip_parent\">Ernis<\/a>, autrice camerounaise. <a href=\"https:\/\/www.instagram.com\/touhfat_mouhtare?igsh=MXN6bGoyam5wemlubg%3D%3\">Touhfat Mouhtare<\/a>, Autrice de l\u2019ouvrage \u00abLe feu du milieu\u00bb, <a href=\"https:\/\/www.instagram.com\/cococerise?igsh=dnIwbjVpeDJ0ZTBt\">Marjorie Bourgoin<\/a> et <strong><a class=\"c-link\" href=\"https:\/\/manifesto-21.com\/diariatou-kebe-interview\/\" target=\"_blank\" rel=\"noopener noreferrer\" data-stringify-link=\"https:\/\/manifesto-21.com\/diariatou-kebe-interview\/\" data-sk=\"tooltip_parent\">Diariatou Kebe<\/a><\/strong>\u00a0 qui sont co-autrice de l\u2019ouvrage &#8220;Les Puissantes&#8221;, qui \u00e9changeront sur des sujets tels que la qu\u00eate identitaire, les rapports entre tradition et modernit\u00e9, le r\u00f4le des femmes dans la soci\u00e9t\u00e9, la repr\u00e9sentation et les luttes pour l\u2019\u00e9galit\u00e9 des genres. Cet espace de dialogue vise \u00e0 encourager une r\u00e9flexion approfondie sur la repr\u00e9sentation des femmes africaines et de la diaspora dans la litt\u00e9rature, tout en soulignant l&#8217;importance de l&#8217;inclusion et de la diversit\u00e9 dans le paysage litt\u00e9raire mondial. &#x1f4da;<\/p>\n<p>Les participants auront l&#8217;opportunit\u00e9 d&#8217;\u00e9couter des voix inspirantes, de d\u00e9couvrir des \u0153uvres engag\u00e9es et de s&#8217;impliquer dans une r\u00e9flexion collective sur l\u2019avenir des voix f\u00e9minines en Afrique et dans ses diasporas.<\/p>\n<h3>Qui est Akuma?<\/h3>\n<p>Akuma est une association \u00e0 but non lucratif passionn\u00e9e par la promotion des litt\u00e9ratures africaines et l&#8217;am\u00e9lioration de l&#8217;acc\u00e8s \u00e0 une \u00e9ducation de qualit\u00e9. Enracin\u00e9e entre le Cameroun et la France, leur mission est de b\u00e2tir des passerelles entre les g\u00e9n\u00e9rations et les cultures gr\u00e2ce aux livres et \u00e0 la lecture. Elles s&#8217;engagent avec d\u00e9termination \u00e0 sensibiliser les jeunes aux tr\u00e9sors litt\u00e9raires de l&#8217;Afrique, en leur offrant des opportunit\u00e9s d&#8217;exploration et de d\u00e9couverte. Leur objectif est de partager cette richesse litt\u00e9raire avec le plus grand nombre, afin d&#8217;enrichir les esprits et de favoriser un dialogue interculturel \u00e9panouissant.<\/p>\n<div><\/div>\n<h4><strong>Informations pratiques<\/strong><\/h4>\n<p><span class=\"fxk3tzhb b2rh1bv3 gh55jysx m8h3af8h ewco64xe kjdc1dyq ms56khn7 bq6c9xl4 eohcrkr5 akh3l2rg\"><img decoding=\"async\" src=\"https:\/\/static.xx.fbcdn.net\/images\/emoji.php\/v9\/td7\/1.5\/16\/1f4c5.png\" alt=\"&#x1f4c5;\" width=\"16\" height=\"16\" \/><\/span> L\u2019\u00e9v\u00e9nement se d\u00e9roulera le jeudi 23 janvier 2025<br \/>\n&#x231b;&#xfe0f; De 19h00 \u00e0 21h00<br \/>\n<span class=\"fxk3tzhb b2rh1bv3 gh55jysx m8h3af8h ewco64xe kjdc1dyq ms56khn7 bq6c9xl4 eohcrkr5 akh3l2rg\"><img decoding=\"async\" src=\"https:\/\/static.xx.fbcdn.net\/images\/emoji.php\/v9\/t8b\/1.5\/16\/1f516.png\" alt=\"&#x1f516;\" width=\"16\" height=\"16\" \/><\/span>\u00a0R\u00e9servation gratuite obligatoire<br \/>\n<span class=\"fxk3tzhb b2rh1bv3 gh55jysx m8h3af8h ewco64xe kjdc1dyq ms56khn7 bq6c9xl4 eohcrkr5 akh3l2rg\"><img decoding=\"async\" src=\"https:\/\/static.xx.fbcdn.net\/images\/emoji.php\/v9\/t86\/1.5\/16\/1f4cd.png\" alt=\"&#x1f4cd;\" width=\"16\" height=\"16\" \/><\/span>\u00a0Sist\u2019Her : 82 rue du Faubourg Saint-Martin 75010 Paris<\/p>\n<div class=\"l7ghb35v kjdc1dyq kmwttqpk gh25dzvf jikcssrz\"><\/div>\n<div><span style=\"color: #ffffff;\">.<\/span><\/div>\n<div class=\"l7ghb35v kjdc1dyq kmwttqpk gh25dzvf jikcssrz\">\n<div>&#x1f646;&#x1f646;&#x200d;&#x2640;&#xfe0f;&#x1f646;&#x200d;&#x2642;&#xfe0f; : Cet \u00e9v\u00e9nement est mixte, il est accessible \u00e0 toutes et tous<\/div>\n<div><span style=\"color: #ffffff;\">.<\/span><\/div>\n<div>&#x267f;: \u200bNous tenons \u00e0 vous informer que l\u2019acc\u00e8s au b\u00e2timent peut \u00eatre difficile pour les personnes \u00e0 mobilit\u00e9 r\u00e9duite. Pour toute question, nous vous invitons \u00e0 contacter l\u2019adresse suivante : <a rel=\"noopener\">fatoumata.diarra@empow-her.com<\/a>. Nous nous efforcerons de trouver des solutions ensemble &#x1f49c;<\/div>\n<div><span style=\"color: #ffffff;\">.<\/span><\/div>\n<div><span style=\"color: #ffffff;\">.<\/span><\/div>\n<div>\n<div class=\"l7ghb35v kjdc1dyq kmwttqpk gh25dzvf jikcssrz\">Ouvert en mars 2021 par l\u2019ONG\u00a0<a href=\"https:\/\/empow-her.com\/\">Empow\u2019Her<\/a>, Sist\u2019Her Paris est un espace de partage et de cr\u00e9ation f\u00e9ministe, accessible \u00e0 tous.tes, d\u00e9di\u00e9 \u00e0 l\u2019\u00e9criture collective d\u2019un nouveau narratif entrepreneurial et \u00e0 l\u2019outillage des combats pour des soci\u00e9t\u00e9s plus justes, durables et \u00e9galitaires.<\/div>\n<div><span style=\"color: #ffffff;\">.<\/span><\/div>\n<div>Retrouvez tous les \u00e9v\u00e9nements des prochains mois chez Sist\u2019Her dans notre\u00a0<a href=\"https:\/\/empow-her.com\/agenda-empowher\/\">agenda<\/a>\u00a0!<\/div>\n<div><span style=\"color: #ffffff;\">.<\/span><\/div>\n<div>Suivez Sist\u2019Her sur notre\u00a0<a href=\"https:\/\/www.instagram.com\/sisther.paris\/\">Instagram<\/a>\u00a0!<\/div>\n<div><span style=\"color: #ffffff;\">.<\/span><\/div>\n<div class=\"l7ghb35v kjdc1dyq kmwttqpk gh25dzvf jikcssrz\">\u00c0 tr\u00e8s vite !\u00a0<span class=\"fxk3tzhb b2rh1bv3 gh55jysx m8h3af8h ewco64xe kjdc1dyq ms56khn7 bq6c9xl4 eohcrkr5 akh3l2rg\"><img loading=\"lazy\" decoding=\"async\" src=\"https:\/\/static.xx.fbcdn.net\/images\/emoji.php\/v9\/t56\/1.5\/16\/1f64c.png\" alt=\"&#x1f64c;\" width=\"16\" height=\"16\" \/><\/span><\/div>\n<\/div>\n<\/div>\n<p>&nbsp;<\/p>\n","protected":false},"featured_media":258941,"template":"","format":"standard","meta":{"_acf_changed":false,"om_disable_all_campaigns":false,"_uf_show_specific_survey":0,"_uf_disable_surveys":false},"product_brand":[],"product_cat":[119],"product_tag":[178],"lieu":[127],"thematiques":[],"class_list":{"0":"post-258915","1":"product","2":"type-product","3":"status-publish","4":"format-standard","5":"has-post-thumbnail","7":"product_cat-evenement-sisther","8":"product_tag-evenement-sisther","9":"lieu-hub-empowher","11":"first","12":"instock","13":"virtual","14":"purchasable","15":"product-type-appointment"},"exclude_global_add_ons":[],"addons":[],"acf":[],"yoast_head":"<!-- This site is optimized with the Yoast SEO plugin v24.8 - https:\/\/yoast.com\/wordpress\/plugins\/seo\/ -->\n<title>Voix F\u00e9minines Litt\u00e9raires d\u2019Afrique et de la Diaspora par Akuma!<\/title>\n<meta name=\"description\" content=\"Rejoignez une table ronde avec des autrices comme Ernis et Diariatou Kebe. Elles discuteront de qu\u00eate identitaire, des rapports entre tradition et modernit\u00e9, et luttes pour l\u2019\u00e9galit\u00e9 des genres.\" \/>\n<meta name=\"robots\" content=\"index, follow, max-snippet:-1, max-image-preview:large, max-video-preview:-1\" \/>\n<link rel=\"canonical\" href=\"https:\/\/empow-her.com\/en\/produit\/voix-des-femmes-africaines-et-de-la-diaspora-par-akuma-chez-sisther-\ud83c\udf0d\/\" \/>\n<meta property=\"og:locale\" content=\"en_US\" \/>\n<meta property=\"og:type\" content=\"article\" \/>\n<meta property=\"og:title\" content=\"Voix F\u00e9minines Litt\u00e9raires d\u2019Afrique et de la Diaspora par Akuma!\" \/>\n<meta property=\"og:description\" content=\"Rejoignez une table ronde avec des autrices comme Ernis et Diariatou Kebe. Elles discuteront de qu\u00eate identitaire, des rapports entre tradition et modernit\u00e9, et luttes pour l\u2019\u00e9galit\u00e9 des genres.\" \/>\n<meta property=\"og:url\" content=\"https:\/\/empow-her.com\/en\/produit\/voix-des-femmes-africaines-et-de-la-diaspora-par-akuma-chez-sisther-\ud83c\udf0d\/\" \/>\n<meta property=\"og:site_name\" content=\"Empow&#039;Her\" \/>\n<meta property=\"article:modified_time\" content=\"2025-01-09T10:00:59+00:00\" \/>\n<meta property=\"og:image\" content=\"https:\/\/empow-her.com\/wp-content\/uploads\/2024\/10\/AKUMA.png\" \/>\n\t<meta property=\"og:image:width\" content=\"1080\" \/>\n\t<meta property=\"og:image:height\" content=\"1080\" \/>\n\t<meta property=\"og:image:type\" content=\"image\/png\" \/>\n<meta name=\"twitter:card\" content=\"summary_large_image\" \/>\n<meta name=\"twitter:label1\" content=\"Est. reading time\" \/>\n\t<meta name=\"twitter:data1\" content=\"3 minutes\" \/>\n<script type=\"application\/ld+json\" class=\"yoast-schema-graph\">{\"@context\":\"https:\/\/schema.org\",\"@graph\":[{\"@type\":\"WebPage\",\"@id\":\"https:\/\/empow-her.com\/en\/produit\/voix-des-femmes-africaines-et-de-la-diaspora-par-akuma-chez-sisther-%f0%9f%8c%8d\/\",\"url\":\"https:\/\/empow-her.com\/en\/produit\/voix-des-femmes-africaines-et-de-la-diaspora-par-akuma-chez-sisther-%f0%9f%8c%8d\/\",\"name\":\"Voix F\u00e9minines Litt\u00e9raires d\u2019Afrique et de la Diaspora par Akuma!\",\"isPartOf\":{\"@id\":\"https:\/\/empow-her.com\/#website\"},\"primaryImageOfPage\":{\"@id\":\"https:\/\/empow-her.com\/en\/produit\/voix-des-femmes-africaines-et-de-la-diaspora-par-akuma-chez-sisther-%f0%9f%8c%8d\/#primaryimage\"},\"image\":{\"@id\":\"https:\/\/empow-her.com\/en\/produit\/voix-des-femmes-africaines-et-de-la-diaspora-par-akuma-chez-sisther-%f0%9f%8c%8d\/#primaryimage\"},\"thumbnailUrl\":\"https:\/\/empow-her.com\/wp-content\/uploads\/2024\/10\/AKUMA.png\",\"datePublished\":\"2024-10-15T13:18:25+00:00\",\"dateModified\":\"2025-01-09T10:00:59+00:00\",\"description\":\"Rejoignez une table ronde avec des autrices comme Ernis et Diariatou Kebe. Elles discuteront de qu\u00eate identitaire, des rapports entre tradition et modernit\u00e9, et luttes pour l\u2019\u00e9galit\u00e9 des genres.\",\"breadcrumb\":{\"@id\":\"https:\/\/empow-her.com\/en\/produit\/voix-des-femmes-africaines-et-de-la-diaspora-par-akuma-chez-sisther-%f0%9f%8c%8d\/#breadcrumb\"},\"inLanguage\":\"en-US\",\"potentialAction\":[{\"@type\":\"ReadAction\",\"target\":[\"https:\/\/empow-her.com\/en\/produit\/voix-des-femmes-africaines-et-de-la-diaspora-par-akuma-chez-sisther-%f0%9f%8c%8d\/\"]}]},{\"@type\":\"ImageObject\",\"inLanguage\":\"en-US\",\"@id\":\"https:\/\/empow-her.com\/en\/produit\/voix-des-femmes-africaines-et-de-la-diaspora-par-akuma-chez-sisther-%f0%9f%8c%8d\/#primaryimage\",\"url\":\"https:\/\/empow-her.com\/wp-content\/uploads\/2024\/10\/AKUMA.png\",\"contentUrl\":\"https:\/\/empow-her.com\/wp-content\/uploads\/2024\/10\/AKUMA.png\",\"width\":1080,\"height\":1080},{\"@type\":\"BreadcrumbList\",\"@id\":\"https:\/\/empow-her.com\/en\/produit\/voix-des-femmes-africaines-et-de-la-diaspora-par-akuma-chez-sisther-%f0%9f%8c%8d\/#breadcrumb\",\"itemListElement\":[{\"@type\":\"ListItem\",\"position\":1,\"name\":\"Accueil\",\"item\":\"https:\/\/empow-her.com\/en\/landing-page\/\"},{\"@type\":\"ListItem\",\"position\":2,\"name\":\"LA BOUTIQUE\",\"item\":\"https:\/\/empow-her.com\/boutique\/\"},{\"@type\":\"ListItem\",\"position\":3,\"name\":\"Voix des Femmes Africaines et de la Diaspora par Akuma chez Sist&#8217;Her! &#x1f30d;\u200b\"}]},{\"@type\":\"WebSite\",\"@id\":\"https:\/\/empow-her.com\/#website\",\"url\":\"https:\/\/empow-her.com\/\",\"name\":\"Empow&#039;Her\",\"description\":\"Women Development\",\"potentialAction\":[{\"@type\":\"SearchAction\",\"target\":{\"@type\":\"EntryPoint\",\"urlTemplate\":\"https:\/\/empow-her.com\/?s={search_term_string}\"},\"query-input\":{\"@type\":\"PropertyValueSpecification\",\"valueRequired\":true,\"valueName\":\"search_term_string\"}}],\"inLanguage\":\"en-US\"}]}<\/script>\n<!-- \/ Yoast SEO plugin. -->","yoast_head_json":{"title":"Voix F\u00e9minines Litt\u00e9raires d\u2019Afrique et de la Diaspora par Akuma!","description":"Rejoignez une table ronde avec des autrices comme Ernis et Diariatou Kebe. Elles discuteront de qu\u00eate identitaire, des rapports entre tradition et modernit\u00e9, et luttes pour l\u2019\u00e9galit\u00e9 des genres.","robots":{"index":"index","follow":"follow","max-snippet":"max-snippet:-1","max-image-preview":"max-image-preview:large","max-video-preview":"max-video-preview:-1"},"canonical":"https:\/\/empow-her.com\/en\/produit\/voix-des-femmes-africaines-et-de-la-diaspora-par-akuma-chez-sisther-\ud83c\udf0d\/","og_locale":"en_US","og_type":"article","og_title":"Voix F\u00e9minines Litt\u00e9raires d\u2019Afrique et de la Diaspora par Akuma!","og_description":"Rejoignez une table ronde avec des autrices comme Ernis et Diariatou Kebe. Elles discuteront de qu\u00eate identitaire, des rapports entre tradition et modernit\u00e9, et luttes pour l\u2019\u00e9galit\u00e9 des genres.","og_url":"https:\/\/empow-her.com\/en\/produit\/voix-des-femmes-africaines-et-de-la-diaspora-par-akuma-chez-sisther-\ud83c\udf0d\/","og_site_name":"Empow&#039;Her","article_modified_time":"2025-01-09T10:00:59+00:00","og_image":[{"width":1080,"height":1080,"url":"https:\/\/empow-her.com\/wp-content\/uploads\/2024\/10\/AKUMA.png","type":"image\/png"}],"twitter_card":"summary_large_image","twitter_misc":{"Est. reading time":"3 minutes"},"schema":{"@context":"https:\/\/schema.org","@graph":[{"@type":"WebPage","@id":"https:\/\/empow-her.com\/en\/produit\/voix-des-femmes-africaines-et-de-la-diaspora-par-akuma-chez-sisther-%f0%9f%8c%8d\/","url":"https:\/\/empow-her.com\/en\/produit\/voix-des-femmes-africaines-et-de-la-diaspora-par-akuma-chez-sisther-%f0%9f%8c%8d\/","name":"Voix F\u00e9minines Litt\u00e9raires d\u2019Afrique et de la Diaspora par Akuma!","isPartOf":{"@id":"https:\/\/empow-her.com\/#website"},"primaryImageOfPage":{"@id":"https:\/\/empow-her.com\/en\/produit\/voix-des-femmes-africaines-et-de-la-diaspora-par-akuma-chez-sisther-%f0%9f%8c%8d\/#primaryimage"},"image":{"@id":"https:\/\/empow-her.com\/en\/produit\/voix-des-femmes-africaines-et-de-la-diaspora-par-akuma-chez-sisther-%f0%9f%8c%8d\/#primaryimage"},"thumbnailUrl":"https:\/\/empow-her.com\/wp-content\/uploads\/2024\/10\/AKUMA.png","datePublished":"2024-10-15T13:18:25+00:00","dateModified":"2025-01-09T10:00:59+00:00","description":"Rejoignez une table ronde avec des autrices comme Ernis et Diariatou Kebe. Elles discuteront de qu\u00eate identitaire, des rapports entre tradition et modernit\u00e9, et luttes pour l\u2019\u00e9galit\u00e9 des genres.","breadcrumb":{"@id":"https:\/\/empow-her.com\/en\/produit\/voix-des-femmes-africaines-et-de-la-diaspora-par-akuma-chez-sisther-%f0%9f%8c%8d\/#breadcrumb"},"inLanguage":"en-US","potentialAction":[{"@type":"ReadAction","target":["https:\/\/empow-her.com\/en\/produit\/voix-des-femmes-africaines-et-de-la-diaspora-par-akuma-chez-sisther-%f0%9f%8c%8d\/"]}]},{"@type":"ImageObject","inLanguage":"en-US","@id":"https:\/\/empow-her.com\/en\/produit\/voix-des-femmes-africaines-et-de-la-diaspora-par-akuma-chez-sisther-%f0%9f%8c%8d\/#primaryimage","url":"https:\/\/empow-her.com\/wp-content\/uploads\/2024\/10\/AKUMA.png","contentUrl":"https:\/\/empow-her.com\/wp-content\/uploads\/2024\/10\/AKUMA.png","width":1080,"height":1080},{"@type":"BreadcrumbList","@id":"https:\/\/empow-her.com\/en\/produit\/voix-des-femmes-africaines-et-de-la-diaspora-par-akuma-chez-sisther-%f0%9f%8c%8d\/#breadcrumb","itemListElement":[{"@type":"ListItem","position":1,"name":"Accueil","item":"https:\/\/empow-her.com\/en\/landing-page\/"},{"@type":"ListItem","position":2,"name":"LA BOUTIQUE","item":"https:\/\/empow-her.com\/boutique\/"},{"@type":"ListItem","position":3,"name":"Voix des Femmes Africaines et de la Diaspora par Akuma chez Sist&#8217;Her! &#x1f30d;\u200b"}]},{"@type":"WebSite","@id":"https:\/\/empow-her.com\/#website","url":"https:\/\/empow-her.com\/","name":"Empow&#039;Her","description":"Women Development","potentialAction":[{"@type":"SearchAction","target":{"@type":"EntryPoint","urlTemplate":"https:\/\/empow-her.com\/?s={search_term_string}"},"query-input":{"@type":"PropertyValueSpecification","valueRequired":true,"valueName":"search_term_string"}}],"inLanguage":"en-US"}]}},"_links":{"self":[{"href":"https:\/\/empow-her.com\/en\/wp-json\/wp\/v2\/product\/258915","targetHints":{"allow":["GET"]}}],"collection":[{"href":"https:\/\/empow-her.com\/en\/wp-json\/wp\/v2\/product"}],"about":[{"href":"https:\/\/empow-her.com\/en\/wp-json\/wp\/v2\/types\/product"}],"wp:featuredmedia":[{"embeddable":true,"href":"https:\/\/empow-her.com\/en\/wp-json\/wp\/v2\/media\/258941"}],"wp:attachment":[{"href":"https:\/\/empow-her.com\/en\/wp-json\/wp\/v2\/media?parent=258915"}],"wp:term":[{"taxonomy":"product_brand","embeddable":true,"href":"https:\/\/empow-her.com\/en\/wp-json\/wp\/v2\/product_brand?post=258915"},{"taxonomy":"product_cat","embeddable":true,"href":"https:\/\/empow-her.com\/en\/wp-json\/wp\/v2\/product_cat?post=258915"},{"taxonomy":"product_tag","embeddable":true,"href":"https:\/\/empow-her.com\/en\/wp-json\/wp\/v2\/product_tag?post=258915"},{"taxonomy":"lieu","embeddable":true,"href":"https:\/\/empow-her.com\/en\/wp-json\/wp\/v2\/lieu?post=258915"},{"taxonomy":"thematiques","embeddable":true,"href":"https:\/\/empow-her.com\/en\/wp-json\/wp\/v2\/thematiques?post=258915"}],"curies":[{"name":"wp","href":"https:\/\/api.w.org\/{rel}","templated":true}]}}