{"id":258901,"date":"2024-10-15T11:41:10","date_gmt":"2024-10-15T09:41:10","guid":{"rendered":"https:\/\/empow-her.com\/?post_type=product&#038;p=258901"},"modified":"2024-10-31T10:28:44","modified_gmt":"2024-10-31T09:28:44","slug":"explorez-les-consequences-des-violences-sexuelles-et-les-parcours-de-guerison","status":"publish","type":"product","link":"https:\/\/empow-her.com\/en\/produit\/explorez-les-consequences-des-violences-sexuelles-et-les-parcours-de-guerison\/","title":{"rendered":"Explorez les cons\u00e9quences des violences sexuelles et les parcours de gu\u00e9rison"},"content":{"rendered":"<p><strong>\u00c9v\u00e9nement sp\u00e9cial : \u00c9coute collective et table ronde sur les violences sexuelles &#x1f3a7;<\/strong><\/p>\n<p>\u00c0 l&#8217;occasion de la <strong>Journ\u00e9e internationale de lutte contre les violences sexistes et sexuelles<\/strong> le 25 novembre, nous vous invitons \u00e0 retrouver <a href=\"https:\/\/mkwaves.org\/\"><strong>Making Waves<\/strong><\/a> le <strong>jeudi 21 novembre<\/strong>\u00a0 chez <strong>Sist&#8217;Her<\/strong> pour une \u00e9coute collective suivie d&#8217;une discussion enrichissante.<\/p>\n<p>Nous \u00e9couterons l\u2019\u00e9pisode 3, intitul\u00e9 <strong>\u201cNos histoires sont banales\u201d<\/strong>, qui aborde la banalit\u00e9 des violences, touchant \u00e0 la fois les relations familiales, amoureuses et m\u00eame l&#8217;enfance. Cet \u00e9pisode met en lumi\u00e8re comment ces violences sont souvent confondues avec l&#8217;amour . Vous d\u00e9couvrirez \u00e9galement des t\u00e9moignages de lyc\u00e9en.ne.s et de l&#8217;association <strong>Claf\u2019outils<\/strong>, qui anime des ateliers d\u2019\u00e9ducation \u00e0 la vie sexuelle et affective en milieu scolaire. Ensemble, nous explorerons des solutions pour transformer nos modes de relation en profondeur.<\/p>\n<p>L&#8217;\u00e9pisode sera pr\u00e9sent\u00e9 par la co-autrice <strong>Malika Beloucif<\/strong> et sera suivi d&#8217;une table ronde sur l&#8217;\u00e9ducation \u00e0 la vie sexuelle et affective des jeunes. Quels outils ont-ils \u00e0 leur disposition ? Qui peuvent-ils consulter ? Comment s&#8217;informer et s&#8217;auto-\u00e9duquer ? Quels risques doivent-ils conna\u00eetre ? &#x1f914; Ces questions seront d\u00e9battues avec des intervenants, notamment un.e professionnel.le de sant\u00e9 en milieu scolaire et un.e formateur.ice de l&#8217;association Claf&#8217;outils. Nous conclurons l&#8217;\u00e9v\u00e9nement par un temps d\u2019\u00e9change et de questions\/r\u00e9ponses avec le public. &#x1f4ac;<\/p>\n<p>&nbsp;<\/p>\n<p><strong>Au programme :<\/strong><\/p>\n<p>\u200b&#x1f449;\u200b \u00c9coute de l\u2019\u00e9pisode 3 \u00ab Nos histoires sont banales \u00bb<\/p>\n<p>&#x1f449;\u200bTable ronde sur l\u2019\u00e9ducation \u00e0 la vie sexuelle et affective des jeunes<\/p>\n<p><strong>\u200b&#x1f449;\u200b<\/strong>\u00a0Questions\/r\u00e9ponses &#x2753;<\/p>\n<p>&nbsp;<\/p>\n<p><strong>Qui est Making Waves ?<\/strong><\/p>\n<p><a href=\"https:\/\/open.spotify.com\/show\/2DUVFTplJMTxBQRgbUInBz?si=12258959d968491c\"><strong>Nous gu\u00e9rir<\/strong><\/a> a \u00e9t\u00e9 produit par <a href=\"https:\/\/mkwaves.org\/\"><strong>Making Waves<\/strong><\/a>, une association cr\u00e9\u00e9e en 2019 qui \u0153uvre pour favoriser, par la radio et le podcast, l\u2019\u00e9closion d\u2019espaces de dialogue, d\u2019expression et de cr\u00e9ation. Rassemblant journalistes, producteurs, r\u00e9alisateurs radio, ainsi que des acteurs du secteur culturel et social, Making Waves s\u2019ancre en France et \u00e0 l\u2019international.<\/p>\n<p>Janvier dernier, ils ont lanc\u00e9 <a href=\"https:\/\/open.spotify.com\/show\/2DUVFTplJMTxBQRgbUInBz?si=12258959d968491c\"><strong>Nous gu\u00e9rir<\/strong><\/a>, une s\u00e9rie de podcasts documentaires consacr\u00e9e aux cons\u00e9quences des violences sexuelles et aux chemins de r\u00e9paration, r\u00e9alis\u00e9e par et pour les personnes concern\u00e9es et leurs alli\u00e9.e.s.<\/p>\n<p>Ils d\u00e9fendent des valeurs essentielles telles que la libert\u00e9 d\u2019expression, l\u2019inclusion sociale, le droit \u00e0 l\u2019information et les droits culturels. Leur\u00a0 action se situe au carrefour d\u2019une ONG internationale, d\u2019une structure d\u2019insertion, d\u2019un studio de cr\u00e9ation et d\u2019une assembl\u00e9e citoyenne.<\/p>\n<p>En cr\u00e9ant des liens l\u00e0 o\u00f9 ils peuvent faire d\u00e9faut, ils croient\u00a0 fermement que la radio et le podcast sont des outils puissants pour mobiliser et f\u00e9d\u00e9rer les voix de la soci\u00e9t\u00e9. Rejoignez-les dans leur mission de donner une voix \u00e0 ceux qui en ont besoin et de favoriser des \u00e9changes enrichissants.<\/p>\n<div><\/div>\n<h4><strong>Informations pratiques<\/strong><\/h4>\n<p><span class=\"fxk3tzhb b2rh1bv3 gh55jysx m8h3af8h ewco64xe kjdc1dyq ms56khn7 bq6c9xl4 eohcrkr5 akh3l2rg\"><img decoding=\"async\" src=\"https:\/\/static.xx.fbcdn.net\/images\/emoji.php\/v9\/td7\/1.5\/16\/1f4c5.png\" alt=\"&#x1f4c5;\" width=\"16\" height=\"16\" \/><\/span> L\u2019\u00e9v\u00e9nement se d\u00e9roulera le jeudi 21 onovembre 2024<br \/>\n&#x231b;&#xfe0f; De 18h00 \u00e0 21h00<br \/>\n<span class=\"fxk3tzhb b2rh1bv3 gh55jysx m8h3af8h ewco64xe kjdc1dyq ms56khn7 bq6c9xl4 eohcrkr5 akh3l2rg\"><img decoding=\"async\" src=\"https:\/\/static.xx.fbcdn.net\/images\/emoji.php\/v9\/t8b\/1.5\/16\/1f516.png\" alt=\"&#x1f516;\" width=\"16\" height=\"16\" \/><\/span>\u00a0R\u00e9servation gratuite obligatoire<br \/>\n<span class=\"fxk3tzhb b2rh1bv3 gh55jysx m8h3af8h ewco64xe kjdc1dyq ms56khn7 bq6c9xl4 eohcrkr5 akh3l2rg\"><img decoding=\"async\" src=\"https:\/\/static.xx.fbcdn.net\/images\/emoji.php\/v9\/t86\/1.5\/16\/1f4cd.png\" alt=\"&#x1f4cd;\" width=\"16\" height=\"16\" \/><\/span>\u00a0Sist\u2019Her : 82 rue du Faubourg Saint-Martin 75010 Paris<\/p>\n<p>Ouvert en mars 2021 par l\u2019ONG\u00a0<a href=\"https:\/\/empow-her.com\/\">Empow\u2019Her<\/a>, Sist\u2019Her Paris est un espace de partage et de cr\u00e9ation f\u00e9ministe, accessible \u00e0 tous.tes, d\u00e9di\u00e9 \u00e0 l\u2019\u00e9criture collective d\u2019un nouveau narratif entrepreneurial et \u00e0 l\u2019outillage des combats pour des soci\u00e9t\u00e9s plus justes, durables et \u00e9galitaires.<\/p>\n<p>Retrouvez tous les \u00e9v\u00e9nements des prochains mois chez Sist\u2019Her dans notre\u00a0<a href=\"https:\/\/empow-her.com\/agenda-empowher\/\">agenda<\/a>\u00a0!<\/p>\n<p>Suivez Sist\u2019Her sur notre\u00a0<a href=\"https:\/\/www.instagram.com\/sisther.paris\/\">Instagram<\/a>\u00a0!<\/p>\n<p>On a h\u00e2te de vous retrouver &#x1f49c;<\/p>\n","protected":false},"excerpt":{"rendered":"<p><strong>\u00c9v\u00e9nement sp\u00e9cial : \u00c9coute collective et table ronde sur les violences sexuelles &#x1f3a7;<\/strong><\/p>\n<p>\u00c0 l&#8217;occasion de la <strong>Journ\u00e9e internationale de lutte contre les violences sexistes et sexuelles<\/strong> le 25 novembre, nous vous invitons \u00e0 retrouver <a href=\"https:\/\/mkwaves.org\/\"><strong>Making Waves<\/strong><\/a> le <strong>jeudi 21 novembre<\/strong>\u00a0 chez <strong>Sist&#8217;Her<\/strong> pour une \u00e9coute collective suivie d&#8217;une discussion enrichissante.<\/p>\n<p>Nous \u00e9couterons l\u2019\u00e9pisode 3, intitul\u00e9 <strong>\u201cNos histoires sont banales\u201d<\/strong>, qui aborde la banalit\u00e9 des violences, touchant \u00e0 la fois les relations familiales, amoureuses et m\u00eame l&#8217;enfance. Cet \u00e9pisode met en lumi\u00e8re comment ces violences sont souvent confondues avec l&#8217;amour . Vous d\u00e9couvrirez \u00e9galement des t\u00e9moignages de lyc\u00e9en.ne.s et de l&#8217;association <strong>Claf\u2019outils<\/strong>, qui anime des ateliers d\u2019\u00e9ducation \u00e0 la vie sexuelle et affective en milieu scolaire. Ensemble, nous explorerons des solutions pour transformer nos modes de relation en profondeur.<\/p>\n<p>&nbsp;<\/p>\n<p>L&#8217;\u00e9pisode sera pr\u00e9sent\u00e9 par la co-autrice <strong>Malika Beloucif<\/strong> et sera suivi d&#8217;une table ronde sur l&#8217;\u00e9ducation \u00e0 la vie sexuelle et affective des jeunes. Quels outils ont-ils \u00e0 leur disposition ? Qui peuvent-ils consulter ? Comment s&#8217;informer et s&#8217;auto-\u00e9duquer ? Quels risques doivent-ils conna\u00eetre ? &#x1f914; Ces questions seront d\u00e9battues avec des intervenants, notamment un.e professionnel.le de sant\u00e9 en milieu scolaire et un.e formateur.ice de l&#8217;association Claf&#8217;outils. Nous conclurons l&#8217;\u00e9v\u00e9nement par un temps d\u2019\u00e9change et de questions\/r\u00e9ponses avec le public. &#x1f4ac;<\/p>\n<p>&nbsp;<\/p>\n<p><strong>Au programme :<\/strong><\/p>\n<p>\u200b&#x1f449;\u200b \u00c9coute de l\u2019\u00e9pisode 3 \u00ab Nos histoires sont banales \u00bb<\/p>\n<p>&#x1f449;\u200bTable ronde sur l\u2019\u00e9ducation \u00e0 la vie sexuelle et affective des jeunes<\/p>\n<p><strong>\u200b&#x1f449;\u200b<\/strong>\u00a0Questions\/r\u00e9ponses &#x2753;<\/p>\n<p>&nbsp;<\/p>\n<p><strong>Qui est Making Waves ?<\/strong><\/p>\n<p><a href=\"https:\/\/open.spotify.com\/show\/2DUVFTplJMTxBQRgbUInBz?si=351975e6f0014612\"><strong>Nous gu\u00e9rir<\/strong><\/a> a \u00e9t\u00e9 produit par <strong>Making Waves<\/strong>, une association cr\u00e9\u00e9e en 2019 qui \u0153uvre pour favoriser, par la radio et le podcast, l\u2019\u00e9closion d\u2019espaces de dialogue, d\u2019expression et de cr\u00e9ation. Rassemblant journalistes, producteurs, r\u00e9alisateurs radio, ainsi que des acteurs du secteur culturel et social, Making Waves s\u2019ancre en France et \u00e0 l\u2019international.<\/p>\n<p>Janvier dernier, ils ont lanc\u00e9 <strong>Nous gu\u00e9rir<\/strong>, une s\u00e9rie de podcasts documentaires consacr\u00e9e aux cons\u00e9quences des violences sexuelles et aux chemins de r\u00e9paration, r\u00e9alis\u00e9e par et pour les personnes concern\u00e9es et leurs alli\u00e9.e.s.<\/p>\n<p>Ils d\u00e9fendent des valeurs essentielles telles que la libert\u00e9 d\u2019expression, l\u2019inclusion sociale, le droit \u00e0 l\u2019information et les droits culturels. Leur\u00a0 action se situe au carrefour d\u2019une ONG internationale, d\u2019une structure d\u2019insertion, d\u2019un studio de cr\u00e9ation et d\u2019une assembl\u00e9e citoyenne.<\/p>\n<p>En cr\u00e9ant des liens l\u00e0 o\u00f9 ils peuvent faire d\u00e9faut, ils croient\u00a0 fermement que la radio et le podcast sont des outils puissants pour mobiliser et f\u00e9d\u00e9rer les voix de la soci\u00e9t\u00e9. Rejoignez-les dans leur mission de donner une voix \u00e0 ceux qui en ont besoin et de favoriser des \u00e9changes enrichissants.<\/p>\n<div><\/div>\n<h4><strong>Informations pratiques<\/strong><\/h4>\n<p><span class=\"fxk3tzhb b2rh1bv3 gh55jysx m8h3af8h ewco64xe kjdc1dyq ms56khn7 bq6c9xl4 eohcrkr5 akh3l2rg\"><img decoding=\"async\" src=\"https:\/\/static.xx.fbcdn.net\/images\/emoji.php\/v9\/td7\/1.5\/16\/1f4c5.png\" alt=\"&#x1f4c5;\" width=\"16\" height=\"16\" \/><\/span> L\u2019\u00e9v\u00e9nement se d\u00e9roulera le jeudi 21 onovembre 2024<br \/>\n&#x231b;&#xfe0f; De 18h00 \u00e0 21h00<br \/>\n<span class=\"fxk3tzhb b2rh1bv3 gh55jysx m8h3af8h ewco64xe kjdc1dyq ms56khn7 bq6c9xl4 eohcrkr5 akh3l2rg\"><img decoding=\"async\" src=\"https:\/\/static.xx.fbcdn.net\/images\/emoji.php\/v9\/t8b\/1.5\/16\/1f516.png\" alt=\"&#x1f516;\" width=\"16\" height=\"16\" \/><\/span>\u00a0R\u00e9servation gratuite obligatoire<br \/>\n<span class=\"fxk3tzhb b2rh1bv3 gh55jysx m8h3af8h ewco64xe kjdc1dyq ms56khn7 bq6c9xl4 eohcrkr5 akh3l2rg\"><img decoding=\"async\" src=\"https:\/\/static.xx.fbcdn.net\/images\/emoji.php\/v9\/t86\/1.5\/16\/1f4cd.png\" alt=\"&#x1f4cd;\" width=\"16\" height=\"16\" \/><\/span>\u00a0Sist\u2019Her : 82 rue du Faubourg Saint-Martin 75010 Paris<\/p>\n<p>&nbsp;<\/p>\n<p>Ouvert en mars 2021 par l\u2019ONG\u00a0<a href=\"https:\/\/empow-her.com\/\">Empow\u2019Her<\/a>, Sist\u2019Her Paris est un espace de partage et de cr\u00e9ation f\u00e9ministe, accessible \u00e0 tous.tes, d\u00e9di\u00e9 \u00e0 l\u2019\u00e9criture collective d\u2019un nouveau narratif entrepreneurial et \u00e0 l\u2019outillage des combats pour des soci\u00e9t\u00e9s plus justes, durables et \u00e9galitaires.<\/p>\n<p>Retrouvez tous les \u00e9v\u00e9nements des prochains mois chez Sist\u2019Her dans notre\u00a0<a href=\"https:\/\/empow-her.com\/agenda-empowher\/\">agenda<\/a>\u00a0!<\/p>\n<p>Suivez Sist\u2019Her sur notre\u00a0<a href=\"https:\/\/www.instagram.com\/sisther.paris\/\">Instagram<\/a>\u00a0!<\/p>\n<p>On a h\u00e2te de vous retrouver &#x1f49c;<\/p>\n","protected":false},"featured_media":258906,"template":"","format":"standard","meta":{"_acf_changed":false,"om_disable_all_campaigns":false,"_uf_show_specific_survey":0,"_uf_disable_surveys":false},"product_brand":[],"product_cat":[119],"product_tag":[178],"lieu":[127],"thematiques":[],"class_list":{"0":"post-258901","1":"product","2":"type-product","3":"status-publish","4":"format-standard","5":"has-post-thumbnail","7":"product_cat-evenement-sisther","8":"product_tag-evenement-sisther","9":"lieu-hub-empowher","11":"first","12":"instock","13":"virtual","14":"purchasable","15":"product-type-appointment"},"exclude_global_add_ons":[],"addons":[],"acf":[],"yoast_head":"<!-- This site is optimized with the Yoast SEO plugin v24.8 - https:\/\/yoast.com\/wordpress\/plugins\/seo\/ -->\n<title>Explorez les cons\u00e9quences des violences sexuelles chez Sist&#039;Her<\/title>\n<meta name=\"description\" content=\"Participez \u00e0 un \u00e9v\u00e9nement d&#039;\u00e9coute collective et de discussion sur les violences sexuelles par Making Waves!\" \/>\n<meta name=\"robots\" content=\"index, follow, max-snippet:-1, max-image-preview:large, max-video-preview:-1\" \/>\n<link rel=\"canonical\" href=\"https:\/\/empow-her.com\/produit\/explorez-les-consequences-des-violences-sexuelles-et-les-parcours-de-guerison\/\" \/>\n<meta property=\"og:locale\" content=\"en_US\" \/>\n<meta property=\"og:type\" content=\"article\" \/>\n<meta property=\"og:title\" content=\"Explorez les cons\u00e9quences des violences sexuelles chez Sist&#039;Her\" \/>\n<meta property=\"og:description\" content=\"Participez \u00e0 un \u00e9v\u00e9nement d&#039;\u00e9coute collective et de discussion sur les violences sexuelles par Making Waves!\" \/>\n<meta property=\"og:url\" content=\"https:\/\/empow-her.com\/produit\/explorez-les-consequences-des-violences-sexuelles-et-les-parcours-de-guerison\/\" \/>\n<meta property=\"og:site_name\" content=\"Empow&#039;Her\" \/>\n<meta property=\"article:modified_time\" content=\"2024-10-31T09:28:44+00:00\" \/>\n<meta property=\"og:image\" content=\"https:\/\/empow-her.com\/wp-content\/uploads\/2024\/10\/MAKING-WAVESComm-1.png\" \/>\n\t<meta property=\"og:image:width\" content=\"1080\" \/>\n\t<meta property=\"og:image:height\" content=\"1080\" \/>\n\t<meta property=\"og:image:type\" content=\"image\/png\" \/>\n<meta name=\"twitter:card\" content=\"summary_large_image\" \/>\n<meta name=\"twitter:label1\" content=\"Est. reading time\" \/>\n\t<meta name=\"twitter:data1\" content=\"4 minutes\" \/>\n<script type=\"application\/ld+json\" class=\"yoast-schema-graph\">{\"@context\":\"https:\/\/schema.org\",\"@graph\":[{\"@type\":\"WebPage\",\"@id\":\"https:\/\/empow-her.com\/produit\/explorez-les-consequences-des-violences-sexuelles-et-les-parcours-de-guerison\/\",\"url\":\"https:\/\/empow-her.com\/produit\/explorez-les-consequences-des-violences-sexuelles-et-les-parcours-de-guerison\/\",\"name\":\"Explorez les cons\u00e9quences des violences sexuelles chez Sist'Her\",\"isPartOf\":{\"@id\":\"https:\/\/empow-her.com\/#website\"},\"primaryImageOfPage\":{\"@id\":\"https:\/\/empow-her.com\/produit\/explorez-les-consequences-des-violences-sexuelles-et-les-parcours-de-guerison\/#primaryimage\"},\"image\":{\"@id\":\"https:\/\/empow-her.com\/produit\/explorez-les-consequences-des-violences-sexuelles-et-les-parcours-de-guerison\/#primaryimage\"},\"thumbnailUrl\":\"https:\/\/empow-her.com\/wp-content\/uploads\/2024\/10\/MAKING-WAVESComm-1.png\",\"datePublished\":\"2024-10-15T09:41:10+00:00\",\"dateModified\":\"2024-10-31T09:28:44+00:00\",\"description\":\"Participez \u00e0 un \u00e9v\u00e9nement d'\u00e9coute collective et de discussion sur les violences sexuelles par Making Waves!\",\"breadcrumb\":{\"@id\":\"https:\/\/empow-her.com\/produit\/explorez-les-consequences-des-violences-sexuelles-et-les-parcours-de-guerison\/#breadcrumb\"},\"inLanguage\":\"en-US\",\"potentialAction\":[{\"@type\":\"ReadAction\",\"target\":[\"https:\/\/empow-her.com\/produit\/explorez-les-consequences-des-violences-sexuelles-et-les-parcours-de-guerison\/\"]}]},{\"@type\":\"ImageObject\",\"inLanguage\":\"en-US\",\"@id\":\"https:\/\/empow-her.com\/produit\/explorez-les-consequences-des-violences-sexuelles-et-les-parcours-de-guerison\/#primaryimage\",\"url\":\"https:\/\/empow-her.com\/wp-content\/uploads\/2024\/10\/MAKING-WAVESComm-1.png\",\"contentUrl\":\"https:\/\/empow-her.com\/wp-content\/uploads\/2024\/10\/MAKING-WAVESComm-1.png\",\"width\":1080,\"height\":1080},{\"@type\":\"BreadcrumbList\",\"@id\":\"https:\/\/empow-her.com\/produit\/explorez-les-consequences-des-violences-sexuelles-et-les-parcours-de-guerison\/#breadcrumb\",\"itemListElement\":[{\"@type\":\"ListItem\",\"position\":1,\"name\":\"Accueil\",\"item\":\"https:\/\/empow-her.com\/en\/landing-page\/\"},{\"@type\":\"ListItem\",\"position\":2,\"name\":\"LA BOUTIQUE\",\"item\":\"https:\/\/empow-her.com\/boutique\/\"},{\"@type\":\"ListItem\",\"position\":3,\"name\":\"Explorez les cons\u00e9quences des violences sexuelles et les parcours de gu\u00e9rison\"}]},{\"@type\":\"WebSite\",\"@id\":\"https:\/\/empow-her.com\/#website\",\"url\":\"https:\/\/empow-her.com\/\",\"name\":\"Empow&#039;Her\",\"description\":\"Women Development\",\"potentialAction\":[{\"@type\":\"SearchAction\",\"target\":{\"@type\":\"EntryPoint\",\"urlTemplate\":\"https:\/\/empow-her.com\/?s={search_term_string}\"},\"query-input\":{\"@type\":\"PropertyValueSpecification\",\"valueRequired\":true,\"valueName\":\"search_term_string\"}}],\"inLanguage\":\"en-US\"}]}<\/script>\n<!-- \/ Yoast SEO plugin. -->","yoast_head_json":{"title":"Explorez les cons\u00e9quences des violences sexuelles chez Sist'Her","description":"Participez \u00e0 un \u00e9v\u00e9nement d'\u00e9coute collective et de discussion sur les violences sexuelles par Making Waves!","robots":{"index":"index","follow":"follow","max-snippet":"max-snippet:-1","max-image-preview":"max-image-preview:large","max-video-preview":"max-video-preview:-1"},"canonical":"https:\/\/empow-her.com\/produit\/explorez-les-consequences-des-violences-sexuelles-et-les-parcours-de-guerison\/","og_locale":"en_US","og_type":"article","og_title":"Explorez les cons\u00e9quences des violences sexuelles chez Sist'Her","og_description":"Participez \u00e0 un \u00e9v\u00e9nement d'\u00e9coute collective et de discussion sur les violences sexuelles par Making Waves!","og_url":"https:\/\/empow-her.com\/produit\/explorez-les-consequences-des-violences-sexuelles-et-les-parcours-de-guerison\/","og_site_name":"Empow&#039;Her","article_modified_time":"2024-10-31T09:28:44+00:00","og_image":[{"width":1080,"height":1080,"url":"https:\/\/empow-her.com\/wp-content\/uploads\/2024\/10\/MAKING-WAVESComm-1.png","type":"image\/png"}],"twitter_card":"summary_large_image","twitter_misc":{"Est. reading time":"4 minutes"},"schema":{"@context":"https:\/\/schema.org","@graph":[{"@type":"WebPage","@id":"https:\/\/empow-her.com\/produit\/explorez-les-consequences-des-violences-sexuelles-et-les-parcours-de-guerison\/","url":"https:\/\/empow-her.com\/produit\/explorez-les-consequences-des-violences-sexuelles-et-les-parcours-de-guerison\/","name":"Explorez les cons\u00e9quences des violences sexuelles chez Sist'Her","isPartOf":{"@id":"https:\/\/empow-her.com\/#website"},"primaryImageOfPage":{"@id":"https:\/\/empow-her.com\/produit\/explorez-les-consequences-des-violences-sexuelles-et-les-parcours-de-guerison\/#primaryimage"},"image":{"@id":"https:\/\/empow-her.com\/produit\/explorez-les-consequences-des-violences-sexuelles-et-les-parcours-de-guerison\/#primaryimage"},"thumbnailUrl":"https:\/\/empow-her.com\/wp-content\/uploads\/2024\/10\/MAKING-WAVESComm-1.png","datePublished":"2024-10-15T09:41:10+00:00","dateModified":"2024-10-31T09:28:44+00:00","description":"Participez \u00e0 un \u00e9v\u00e9nement d'\u00e9coute collective et de discussion sur les violences sexuelles par Making Waves!","breadcrumb":{"@id":"https:\/\/empow-her.com\/produit\/explorez-les-consequences-des-violences-sexuelles-et-les-parcours-de-guerison\/#breadcrumb"},"inLanguage":"en-US","potentialAction":[{"@type":"ReadAction","target":["https:\/\/empow-her.com\/produit\/explorez-les-consequences-des-violences-sexuelles-et-les-parcours-de-guerison\/"]}]},{"@type":"ImageObject","inLanguage":"en-US","@id":"https:\/\/empow-her.com\/produit\/explorez-les-consequences-des-violences-sexuelles-et-les-parcours-de-guerison\/#primaryimage","url":"https:\/\/empow-her.com\/wp-content\/uploads\/2024\/10\/MAKING-WAVESComm-1.png","contentUrl":"https:\/\/empow-her.com\/wp-content\/uploads\/2024\/10\/MAKING-WAVESComm-1.png","width":1080,"height":1080},{"@type":"BreadcrumbList","@id":"https:\/\/empow-her.com\/produit\/explorez-les-consequences-des-violences-sexuelles-et-les-parcours-de-guerison\/#breadcrumb","itemListElement":[{"@type":"ListItem","position":1,"name":"Accueil","item":"https:\/\/empow-her.com\/en\/landing-page\/"},{"@type":"ListItem","position":2,"name":"LA BOUTIQUE","item":"https:\/\/empow-her.com\/boutique\/"},{"@type":"ListItem","position":3,"name":"Explorez les cons\u00e9quences des violences sexuelles et les parcours de gu\u00e9rison"}]},{"@type":"WebSite","@id":"https:\/\/empow-her.com\/#website","url":"https:\/\/empow-her.com\/","name":"Empow&#039;Her","description":"Women Development","potentialAction":[{"@type":"SearchAction","target":{"@type":"EntryPoint","urlTemplate":"https:\/\/empow-her.com\/?s={search_term_string}"},"query-input":{"@type":"PropertyValueSpecification","valueRequired":true,"valueName":"search_term_string"}}],"inLanguage":"en-US"}]}},"_links":{"self":[{"href":"https:\/\/empow-her.com\/en\/wp-json\/wp\/v2\/product\/258901","targetHints":{"allow":["GET"]}}],"collection":[{"href":"https:\/\/empow-her.com\/en\/wp-json\/wp\/v2\/product"}],"about":[{"href":"https:\/\/empow-her.com\/en\/wp-json\/wp\/v2\/types\/product"}],"wp:featuredmedia":[{"embeddable":true,"href":"https:\/\/empow-her.com\/en\/wp-json\/wp\/v2\/media\/258906"}],"wp:attachment":[{"href":"https:\/\/empow-her.com\/en\/wp-json\/wp\/v2\/media?parent=258901"}],"wp:term":[{"taxonomy":"product_brand","embeddable":true,"href":"https:\/\/empow-her.com\/en\/wp-json\/wp\/v2\/product_brand?post=258901"},{"taxonomy":"product_cat","embeddable":true,"href":"https:\/\/empow-her.com\/en\/wp-json\/wp\/v2\/product_cat?post=258901"},{"taxonomy":"product_tag","embeddable":true,"href":"https:\/\/empow-her.com\/en\/wp-json\/wp\/v2\/product_tag?post=258901"},{"taxonomy":"lieu","embeddable":true,"href":"https:\/\/empow-her.com\/en\/wp-json\/wp\/v2\/lieu?post=258901"},{"taxonomy":"thematiques","embeddable":true,"href":"https:\/\/empow-her.com\/en\/wp-json\/wp\/v2\/thematiques?post=258901"}],"curies":[{"name":"wp","href":"https:\/\/api.w.org\/{rel}","templated":true}]}}