{"id":258134,"date":"2024-09-24T10:50:41","date_gmt":"2024-09-24T08:50:41","guid":{"rendered":"https:\/\/empow-her.com\/?post_type=product&#038;p=258134"},"modified":"2024-10-07T12:08:15","modified_gmt":"2024-10-07T10:08:15","slug":"powher-masterclass-communication","status":"publish","type":"product","link":"https:\/\/empow-her.com\/en\/produit\/powher-masterclass-communication\/","title":{"rendered":"Pow&#8217;Her : Etablir une communication efficace, respectueuse de soi et des autres"},"content":{"rendered":"<h2>Pow&#8217;Her &#8211; \u00a0Etablir une communication efficace respectueuse de soi et des autres<\/h2>\n<p>Vous montez un incroyable projet. Vous \u00eates d\u00e9termin\u00e9e et croyez en l&#8217;importance de votre proposition.<\/p>\n<p><strong>Mais voil\u00e0, lorsque l&#8217;heure a sonn\u00e9 de vous lancer dans la communication c&#8217;est la panique : par o\u00f9 commencer ?<\/strong> Comment parler \u00e0 une audience h\u00e9t\u00e9rog\u00e8ne, \u00e0 une diversit\u00e9 d&#8217;acteur.ice.s tout en restant authentique ? Existe t-il une <em>&#8220;bonne&#8221;<\/em> ou une <em>&#8220;mauvaise&#8221;<\/em> communication ? Comment ne pas y laisser des plumes en y consacrant un temps d\u00e9mesur\u00e9 ? &#x1f975;<\/p>\n<p>ON SOUFFLE ! Et on se retrouve chez Sist&#8217;Her pour mettre ses id\u00e9es au clair avec l&#8217;aide de Priscilla, consultante en communication chez <a href=\"https:\/\/rainbow-communication.fr\/\"><em>Rainbow Communication<\/em><\/a> le jour , podcasteuse pour <a href=\"https:\/\/www.casuffitlesconneries.fr\/\"><em>\u00ab \u00c7a suffit les conneries! \u00bb<\/em> <\/a>la nuit.<\/p>\n<p><strong>Au programme\u00a0<\/strong><\/p>\n<p>&#x1f913;On reviendra sur les bases : qu\u2019est-ce que communiquer ?<\/p>\n<p>&#x1f3c6;Priscilla vous partagera les \u00e9l\u00e9ments indispensables d\u2019une communication r\u00e9ussie<\/p>\n<p>&#x1fae8;On d\u00e9cryptera ensemble les injonctions et intox autour de la com\u2019<\/p>\n<p>&#x2764;&#xfe0f;&#x200d;&#x1fa79;On fera un focus sur l\u2019\u00e9coute de soi (un garde fou pour une communication respectueuse!)<\/p>\n<p><strong>Priscilla &amp; <a href=\"https:\/\/rainbow-communication.fr\/\">Rainbow Communication<\/a> ?\u00a0<\/strong><\/p>\n<p>Priscilla est la fondatrice de Rainbow Communication, une agence de conseil et cr\u00e9ation en communication digitale et 360. Elle accompagne les entrepreneurs \u00e0 cr\u00e9er une communication efficace et respectueuse d\u2019eux-m\u00eames, de leurs objectifs et des autres. Elle est \u00e9galement podcasteuse et cr\u00e9atrice de <a href=\"https:\/\/www.casuffitlesconneries.fr\/\">\u00ab\u00a0Ca suffit les conneries!\u00a0\u00bb<\/a> dont le but est de se d\u00e9tacher des diff\u00e9rentes injonctions sur les sujets de l\u2019entrepreneuriat et la communication.<\/p>\n<div>\n<h3 class=\"l7ghb35v kjdc1dyq kmwttqpk gh25dzvf jikcssrz\"><strong>Infos pratiques<\/strong><\/h3>\n<p class=\"l7ghb35v kjdc1dyq kmwttqpk gh25dzvf jikcssrz\"><span class=\"fxk3tzhb b2rh1bv3 gh55jysx m8h3af8h ewco64xe kjdc1dyq ms56khn7 bq6c9xl4 eohcrkr5 akh3l2rg\"><img decoding=\"async\" src=\"https:\/\/static.xx.fbcdn.net\/images\/emoji.php\/v9\/td7\/1.5\/16\/1f4c5.png\" alt=\"&#x1f4c5;\" width=\"16\" height=\"16\" \/><\/span> L\u2019\u00e9v\u00e9nement se d\u00e9roulera le lundi 21 octobre 2024<br \/>\n&#x231b;&#xfe0f; De 18h30 \u00e0 20h30<br \/>\n<span class=\"fxk3tzhb b2rh1bv3 gh55jysx m8h3af8h ewco64xe kjdc1dyq ms56khn7 bq6c9xl4 eohcrkr5 akh3l2rg\"><img decoding=\"async\" src=\"https:\/\/static.xx.fbcdn.net\/images\/emoji.php\/v9\/t8b\/1.5\/16\/1f516.png\" alt=\"&#x1f516;\" width=\"16\" height=\"16\" \/><\/span> R\u00e9servation gratuite obligatoire<br \/>\n<span class=\"fxk3tzhb b2rh1bv3 gh55jysx m8h3af8h ewco64xe kjdc1dyq ms56khn7 bq6c9xl4 eohcrkr5 akh3l2rg\"><img decoding=\"async\" src=\"https:\/\/static.xx.fbcdn.net\/images\/emoji.php\/v9\/t86\/1.5\/16\/1f4cd.png\" alt=\"&#x1f4cd;\" width=\"16\" height=\"16\" \/><\/span>\u00a0Sist\u2019Her : 82 rue du Faubourg Saint-Martin 75010 Paris<\/p>\n<p>Ouvert en mars 2021 par l\u2019ONG\u00a0<a href=\"https:\/\/empow-her.com\/\">Empow\u2019Her<\/a>, Sist\u2019Her Paris est un espace de partage et de cr\u00e9ation f\u00e9ministe, accessible \u00e0 tous.tes, d\u00e9di\u00e9 \u00e0 l\u2019\u00e9criture collective d\u2019un nouveau narratif entrepreneurial et \u00e0 l\u2019outillage des combats pour des soci\u00e9t\u00e9s plus justes, durables et \u00e9galitaires.<\/p>\n<p>Retrouvez tous les \u00e9v\u00e9nements des prochains mois chez Sist\u2019Her dans notre\u00a0<a href=\"https:\/\/empow-her.com\/agenda-empowher\/\">agenda<\/a>\u00a0!<\/p>\n<p>Suivez Sist\u2019Her sur notre\u00a0<a href=\"https:\/\/www.instagram.com\/sisther.paris\/\">Instagram<\/a>\u00a0!<\/p>\n<p>\u00c0 tr\u00e8s vite !\u00a0<span class=\"fxk3tzhb b2rh1bv3 gh55jysx m8h3af8h ewco64xe kjdc1dyq ms56khn7 bq6c9xl4 eohcrkr5 akh3l2rg\"><img loading=\"lazy\" decoding=\"async\" src=\"https:\/\/static.xx.fbcdn.net\/images\/emoji.php\/v9\/t56\/1.5\/16\/1f64c.png\" alt=\"&#x1f64c;\" width=\"16\" height=\"16\" \/><\/span><\/p>\n<\/div>\n","protected":false},"excerpt":{"rendered":"<h2>Pow&#8217;Her &#8211; \u00a0Etablir une communication efficace respectueuse de soi et des autres<\/h2>\n<p>Vous montez un incroyable projet. Vous \u00eates d\u00e9termin\u00e9e et croyez en l&#8217;importance de votre proposition.<\/p>\n<p><strong>Mais voil\u00e0, lorsque l&#8217;heure a sonn\u00e9 de vous lancer dans la communication c&#8217;est la panique : par o\u00f9 commencer ?<\/strong> Comment parler \u00e0 une audience h\u00e9t\u00e9rog\u00e8ne, \u00e0 une diversit\u00e9 d&#8217;acteur.ice.s tout en restant authentique ? Existe t-il une <em>&#8220;bonne&#8221;<\/em> ou une <em>&#8220;mauvaise&#8221;<\/em> communication ? Comment ne pas y laisser des plumes en y consacrant un temps d\u00e9mesur\u00e9 ? &#x1f975;<\/p>\n<p>ON SOUFFLE ! Et on se retrouve chez Sist&#8217;Her pour mettre ses id\u00e9es au clair avec l&#8217;aide de Priscilla, consultante en communication chez <a href=\"https:\/\/rainbow-communication.fr\/\"><em>Rainbow Communication<\/em><\/a> le jour , podcasteuse pour <a href=\"https:\/\/www.casuffitlesconneries.fr\/\"><em>\u00ab \u00c7a suffit les conneries! \u00bb<\/em> <\/a>la nuit.<\/p>\n<p><strong>Au programme\u00a0<\/strong><\/p>\n<p>&#x1f913;On reviendra sur les bases : qu\u2019est-ce que communiquer ?<\/p>\n<p>&#x1f3c6;Priscilla vous partagera les \u00e9l\u00e9ments indispensables d\u2019une communication r\u00e9ussie<\/p>\n<p>&#x1fae8;On d\u00e9cryptera ensemble les injonctions et intox autour de la com\u2019<\/p>\n<p>&#x2764;&#xfe0f;&#x200d;&#x1fa79;On fera un focus sur l\u2019\u00e9coute de soi (un garde fou pour une communication respectueuse!)<\/p>\n<p><strong>Priscilla &amp; <a href=\"https:\/\/rainbow-communication.fr\/\">Rainbow Communication<\/a> ?\u00a0<\/strong><\/p>\n<p>Priscilla est la fondatrice de Rainbow Communication, une agence de conseil et cr\u00e9ation en communication digitale et 360. Elle accompagne les entrepreneuses et entrepreneurs \u00e0 cr\u00e9er une communication efficace et respectueuse d\u2019eux-m\u00eames, de leurs objectifs et des autres. Elle est \u00e9galement podcasteuse et cr\u00e9atrice de <a href=\"https:\/\/www.casuffitlesconneries.fr\/\">\u00ab\u00a0Ca suffit les conneries!\u00a0\u00bb<\/a> dont le but est de se d\u00e9tacher des diff\u00e9rentes injonctions sur les sujets de l\u2019entrepreneuriat et la communication.<\/p>\n<div>\n<h3 class=\"l7ghb35v kjdc1dyq kmwttqpk gh25dzvf jikcssrz\"><strong>Infos pratiques<\/strong><\/h3>\n<p class=\"l7ghb35v kjdc1dyq kmwttqpk gh25dzvf jikcssrz\"><span class=\"fxk3tzhb b2rh1bv3 gh55jysx m8h3af8h ewco64xe kjdc1dyq ms56khn7 bq6c9xl4 eohcrkr5 akh3l2rg\"><img decoding=\"async\" src=\"https:\/\/static.xx.fbcdn.net\/images\/emoji.php\/v9\/td7\/1.5\/16\/1f4c5.png\" alt=\"&#x1f4c5;\" width=\"16\" height=\"16\" \/><\/span> L\u2019\u00e9v\u00e9nement se d\u00e9roulera le lundi 21 octobre 2024<br \/>\n&#x231b;&#xfe0f; De 18h30 \u00e0 20h30<br \/>\n<span class=\"fxk3tzhb b2rh1bv3 gh55jysx m8h3af8h ewco64xe kjdc1dyq ms56khn7 bq6c9xl4 eohcrkr5 akh3l2rg\"><img decoding=\"async\" src=\"https:\/\/static.xx.fbcdn.net\/images\/emoji.php\/v9\/t8b\/1.5\/16\/1f516.png\" alt=\"&#x1f516;\" width=\"16\" height=\"16\" \/><\/span> R\u00e9servation gratuite obligatoire<br \/>\n<span class=\"fxk3tzhb b2rh1bv3 gh55jysx m8h3af8h ewco64xe kjdc1dyq ms56khn7 bq6c9xl4 eohcrkr5 akh3l2rg\"><img decoding=\"async\" src=\"https:\/\/static.xx.fbcdn.net\/images\/emoji.php\/v9\/t86\/1.5\/16\/1f4cd.png\" alt=\"&#x1f4cd;\" width=\"16\" height=\"16\" \/><\/span>\u00a0Sist\u2019Her : 82 rue du Faubourg Saint-Martin 75010 Paris<\/p>\n<p class=\"l7ghb35v kjdc1dyq kmwttqpk gh25dzvf jikcssrz\">&#x1f4c4;<strong>Pour r\u00e9pondre aux exigences de nos bailleurs, qui permettent \u00e0 ces \u00e9v\u00e9nements gratuits d&#8217;exister chez Sist&#8217;Her, les ateliers Pow&#8217;Her sont d\u00e9sormais soumis \u00e0 un cadre administratif strict.<\/strong><\/p>\n<p><strong>Nous vous demanderons donc 5 min avant le d\u00e9but de l&#8217;\u00e9v\u00e9nement de compl\u00e9ter et signer 2 documents attestant de votre participation ainsi que d&#8217;apporter votre pi\u00e8ce d&#8217;identit\u00e9.<\/strong><\/p>\n<p><strong>Ces informations collect\u00e9es seront scell\u00e9es et accessibles uniquement de mani\u00e8re temporaire pour nos bailleurs en cas de contr\u00f4le de nos activit\u00e9s.<\/strong><\/p>\n<p><strong>Cette exigence ne concerne que les ateliers Pow&#8217;Her et aucun autre \u00e9v\u00e9nement de la programmation Sist&#8217;Her.<\/strong><\/p>\n<p><strong>Nous vous remercions, par avance, de votre compr\u00e9hension.<\/strong><\/p>\n<hr \/>\n<p>Ouvert en mars 2021 par l\u2019ONG\u00a0<a href=\"https:\/\/empow-her.com\/\">Empow\u2019Her<\/a>, Sist\u2019Her Paris est un espace de partage et de cr\u00e9ation f\u00e9ministe, accessible \u00e0 tous.tes, d\u00e9di\u00e9 \u00e0 l\u2019\u00e9criture collective d\u2019un nouveau narratif entrepreneurial et \u00e0 l\u2019outillage des combats pour des soci\u00e9t\u00e9s plus justes, durables et \u00e9galitaires.<\/p>\n<p>Retrouvez tous les \u00e9v\u00e9nements des prochains mois chez Sist\u2019Her dans notre\u00a0<a href=\"https:\/\/empow-her.com\/agenda-empowher\/\">agenda<\/a>\u00a0!<\/p>\n<p>Suivez Sist\u2019Her sur notre\u00a0<a href=\"https:\/\/www.instagram.com\/sisther.paris\/\">Instagram<\/a>\u00a0!<\/p>\n<p>\u00c0 tr\u00e8s vite !\u00a0<span class=\"fxk3tzhb b2rh1bv3 gh55jysx m8h3af8h ewco64xe kjdc1dyq ms56khn7 bq6c9xl4 eohcrkr5 akh3l2rg\"><img loading=\"lazy\" decoding=\"async\" src=\"https:\/\/static.xx.fbcdn.net\/images\/emoji.php\/v9\/t56\/1.5\/16\/1f64c.png\" alt=\"&#x1f64c;\" width=\"16\" height=\"16\" \/><\/span><\/p>\n<\/div>\n<p><!--more--><\/p>\n","protected":false},"featured_media":258135,"template":"","format":"standard","meta":{"_acf_changed":false,"om_disable_all_campaigns":false,"_uf_show_specific_survey":0,"_uf_disable_surveys":false},"product_brand":[],"product_cat":[119],"product_tag":[],"lieu":[127],"thematiques":[],"class_list":{"0":"post-258134","1":"product","2":"type-product","3":"status-publish","4":"format-standard","5":"has-post-thumbnail","7":"product_cat-evenement-sisther","8":"lieu-hub-empowher","10":"first","11":"instock","12":"virtual","13":"purchasable","14":"product-type-appointment"},"exclude_global_add_ons":[],"addons":[],"acf":[],"yoast_head":"<!-- This site is optimized with the Yoast SEO plugin v24.8 - https:\/\/yoast.com\/wordpress\/plugins\/seo\/ -->\n<title>Pow&#039;Her - Etablir une communication respectueuse et efficace<\/title>\n<meta name=\"description\" content=\"2h de masterclass gratuite pour apprendre \u00e0 construire une strat\u00e9gie de com&#039; respectueuse de soi et des autres tout en \u00e9tant efficace.\" \/>\n<meta name=\"robots\" content=\"index, follow, max-snippet:-1, max-image-preview:large, max-video-preview:-1\" \/>\n<link rel=\"canonical\" href=\"https:\/\/empow-her.com\/produit\/powher-masterclass-communication\/\" \/>\n<meta property=\"og:locale\" content=\"en_US\" \/>\n<meta property=\"og:type\" content=\"article\" \/>\n<meta property=\"og:title\" content=\"Pow&#039;Her - Etablir une communication respectueuse et efficace\" \/>\n<meta property=\"og:description\" content=\"2h de masterclass gratuite pour apprendre \u00e0 construire une strat\u00e9gie de com&#039; respectueuse de soi et des autres tout en \u00e9tant efficace.\" \/>\n<meta property=\"og:url\" content=\"https:\/\/empow-her.com\/produit\/powher-masterclass-communication\/\" \/>\n<meta property=\"og:site_name\" content=\"Empow&#039;Her\" \/>\n<meta property=\"article:modified_time\" content=\"2024-10-07T10:08:15+00:00\" \/>\n<meta property=\"og:image\" content=\"https:\/\/empow-her.com\/wp-content\/uploads\/2024\/09\/Rainbow-Comm.png\" \/>\n\t<meta property=\"og:image:width\" content=\"1080\" \/>\n\t<meta property=\"og:image:height\" content=\"1080\" \/>\n\t<meta property=\"og:image:type\" content=\"image\/png\" \/>\n<meta name=\"twitter:card\" content=\"summary_large_image\" \/>\n<meta name=\"twitter:label1\" content=\"Est. reading time\" \/>\n\t<meta name=\"twitter:data1\" content=\"3 minutes\" \/>\n<script type=\"application\/ld+json\" class=\"yoast-schema-graph\">{\"@context\":\"https:\/\/schema.org\",\"@graph\":[{\"@type\":\"WebPage\",\"@id\":\"https:\/\/empow-her.com\/produit\/powher-masterclass-communication\/\",\"url\":\"https:\/\/empow-her.com\/produit\/powher-masterclass-communication\/\",\"name\":\"Pow'Her - Etablir une communication respectueuse et efficace\",\"isPartOf\":{\"@id\":\"https:\/\/empow-her.com\/#website\"},\"primaryImageOfPage\":{\"@id\":\"https:\/\/empow-her.com\/produit\/powher-masterclass-communication\/#primaryimage\"},\"image\":{\"@id\":\"https:\/\/empow-her.com\/produit\/powher-masterclass-communication\/#primaryimage\"},\"thumbnailUrl\":\"https:\/\/empow-her.com\/wp-content\/uploads\/2024\/09\/Rainbow-Comm.png\",\"datePublished\":\"2024-09-24T08:50:41+00:00\",\"dateModified\":\"2024-10-07T10:08:15+00:00\",\"description\":\"2h de masterclass gratuite pour apprendre \u00e0 construire une strat\u00e9gie de com' respectueuse de soi et des autres tout en \u00e9tant efficace.\",\"breadcrumb\":{\"@id\":\"https:\/\/empow-her.com\/produit\/powher-masterclass-communication\/#breadcrumb\"},\"inLanguage\":\"en-US\",\"potentialAction\":[{\"@type\":\"ReadAction\",\"target\":[\"https:\/\/empow-her.com\/produit\/powher-masterclass-communication\/\"]}]},{\"@type\":\"ImageObject\",\"inLanguage\":\"en-US\",\"@id\":\"https:\/\/empow-her.com\/produit\/powher-masterclass-communication\/#primaryimage\",\"url\":\"https:\/\/empow-her.com\/wp-content\/uploads\/2024\/09\/Rainbow-Comm.png\",\"contentUrl\":\"https:\/\/empow-her.com\/wp-content\/uploads\/2024\/09\/Rainbow-Comm.png\",\"width\":1080,\"height\":1080},{\"@type\":\"BreadcrumbList\",\"@id\":\"https:\/\/empow-her.com\/produit\/powher-masterclass-communication\/#breadcrumb\",\"itemListElement\":[{\"@type\":\"ListItem\",\"position\":1,\"name\":\"Accueil\",\"item\":\"https:\/\/empow-her.com\/en\/landing-page\/\"},{\"@type\":\"ListItem\",\"position\":2,\"name\":\"LA BOUTIQUE\",\"item\":\"https:\/\/empow-her.com\/boutique\/\"},{\"@type\":\"ListItem\",\"position\":3,\"name\":\"Pow&#8217;Her : Etablir une communication efficace, respectueuse de soi et des autres\"}]},{\"@type\":\"WebSite\",\"@id\":\"https:\/\/empow-her.com\/#website\",\"url\":\"https:\/\/empow-her.com\/\",\"name\":\"Empow&#039;Her\",\"description\":\"Women Development\",\"potentialAction\":[{\"@type\":\"SearchAction\",\"target\":{\"@type\":\"EntryPoint\",\"urlTemplate\":\"https:\/\/empow-her.com\/?s={search_term_string}\"},\"query-input\":{\"@type\":\"PropertyValueSpecification\",\"valueRequired\":true,\"valueName\":\"search_term_string\"}}],\"inLanguage\":\"en-US\"}]}<\/script>\n<!-- \/ Yoast SEO plugin. -->","yoast_head_json":{"title":"Pow'Her - Etablir une communication respectueuse et efficace","description":"2h de masterclass gratuite pour apprendre \u00e0 construire une strat\u00e9gie de com' respectueuse de soi et des autres tout en \u00e9tant efficace.","robots":{"index":"index","follow":"follow","max-snippet":"max-snippet:-1","max-image-preview":"max-image-preview:large","max-video-preview":"max-video-preview:-1"},"canonical":"https:\/\/empow-her.com\/produit\/powher-masterclass-communication\/","og_locale":"en_US","og_type":"article","og_title":"Pow'Her - Etablir une communication respectueuse et efficace","og_description":"2h de masterclass gratuite pour apprendre \u00e0 construire une strat\u00e9gie de com' respectueuse de soi et des autres tout en \u00e9tant efficace.","og_url":"https:\/\/empow-her.com\/produit\/powher-masterclass-communication\/","og_site_name":"Empow&#039;Her","article_modified_time":"2024-10-07T10:08:15+00:00","og_image":[{"width":1080,"height":1080,"url":"https:\/\/empow-her.com\/wp-content\/uploads\/2024\/09\/Rainbow-Comm.png","type":"image\/png"}],"twitter_card":"summary_large_image","twitter_misc":{"Est. reading time":"3 minutes"},"schema":{"@context":"https:\/\/schema.org","@graph":[{"@type":"WebPage","@id":"https:\/\/empow-her.com\/produit\/powher-masterclass-communication\/","url":"https:\/\/empow-her.com\/produit\/powher-masterclass-communication\/","name":"Pow'Her - Etablir une communication respectueuse et efficace","isPartOf":{"@id":"https:\/\/empow-her.com\/#website"},"primaryImageOfPage":{"@id":"https:\/\/empow-her.com\/produit\/powher-masterclass-communication\/#primaryimage"},"image":{"@id":"https:\/\/empow-her.com\/produit\/powher-masterclass-communication\/#primaryimage"},"thumbnailUrl":"https:\/\/empow-her.com\/wp-content\/uploads\/2024\/09\/Rainbow-Comm.png","datePublished":"2024-09-24T08:50:41+00:00","dateModified":"2024-10-07T10:08:15+00:00","description":"2h de masterclass gratuite pour apprendre \u00e0 construire une strat\u00e9gie de com' respectueuse de soi et des autres tout en \u00e9tant efficace.","breadcrumb":{"@id":"https:\/\/empow-her.com\/produit\/powher-masterclass-communication\/#breadcrumb"},"inLanguage":"en-US","potentialAction":[{"@type":"ReadAction","target":["https:\/\/empow-her.com\/produit\/powher-masterclass-communication\/"]}]},{"@type":"ImageObject","inLanguage":"en-US","@id":"https:\/\/empow-her.com\/produit\/powher-masterclass-communication\/#primaryimage","url":"https:\/\/empow-her.com\/wp-content\/uploads\/2024\/09\/Rainbow-Comm.png","contentUrl":"https:\/\/empow-her.com\/wp-content\/uploads\/2024\/09\/Rainbow-Comm.png","width":1080,"height":1080},{"@type":"BreadcrumbList","@id":"https:\/\/empow-her.com\/produit\/powher-masterclass-communication\/#breadcrumb","itemListElement":[{"@type":"ListItem","position":1,"name":"Accueil","item":"https:\/\/empow-her.com\/en\/landing-page\/"},{"@type":"ListItem","position":2,"name":"LA BOUTIQUE","item":"https:\/\/empow-her.com\/boutique\/"},{"@type":"ListItem","position":3,"name":"Pow&#8217;Her : Etablir une communication efficace, respectueuse de soi et des autres"}]},{"@type":"WebSite","@id":"https:\/\/empow-her.com\/#website","url":"https:\/\/empow-her.com\/","name":"Empow&#039;Her","description":"Women Development","potentialAction":[{"@type":"SearchAction","target":{"@type":"EntryPoint","urlTemplate":"https:\/\/empow-her.com\/?s={search_term_string}"},"query-input":{"@type":"PropertyValueSpecification","valueRequired":true,"valueName":"search_term_string"}}],"inLanguage":"en-US"}]}},"_links":{"self":[{"href":"https:\/\/empow-her.com\/en\/wp-json\/wp\/v2\/product\/258134","targetHints":{"allow":["GET"]}}],"collection":[{"href":"https:\/\/empow-her.com\/en\/wp-json\/wp\/v2\/product"}],"about":[{"href":"https:\/\/empow-her.com\/en\/wp-json\/wp\/v2\/types\/product"}],"wp:featuredmedia":[{"embeddable":true,"href":"https:\/\/empow-her.com\/en\/wp-json\/wp\/v2\/media\/258135"}],"wp:attachment":[{"href":"https:\/\/empow-her.com\/en\/wp-json\/wp\/v2\/media?parent=258134"}],"wp:term":[{"taxonomy":"product_brand","embeddable":true,"href":"https:\/\/empow-her.com\/en\/wp-json\/wp\/v2\/product_brand?post=258134"},{"taxonomy":"product_cat","embeddable":true,"href":"https:\/\/empow-her.com\/en\/wp-json\/wp\/v2\/product_cat?post=258134"},{"taxonomy":"product_tag","embeddable":true,"href":"https:\/\/empow-her.com\/en\/wp-json\/wp\/v2\/product_tag?post=258134"},{"taxonomy":"lieu","embeddable":true,"href":"https:\/\/empow-her.com\/en\/wp-json\/wp\/v2\/lieu?post=258134"},{"taxonomy":"thematiques","embeddable":true,"href":"https:\/\/empow-her.com\/en\/wp-json\/wp\/v2\/thematiques?post=258134"}],"curies":[{"name":"wp","href":"https:\/\/api.w.org\/{rel}","templated":true}]}}