{"id":258036,"date":"2024-09-23T16:30:39","date_gmt":"2024-09-23T14:30:39","guid":{"rendered":"https:\/\/empow-her.com\/?post_type=product&#038;p=258036"},"modified":"2024-09-23T17:55:37","modified_gmt":"2024-09-23T15:55:37","slug":"sisther-actu-le-venezuela-a-travers-les-yeux-des-femmes","status":"publish","type":"product","link":"https:\/\/empow-her.com\/en\/produit\/sisther-actu-le-venezuela-a-travers-les-yeux-des-femmes\/","title":{"rendered":"Sist&#8217;Her ACT(u) : Le Venezuela \u00e0 travers les yeux des femmes"},"content":{"rendered":"<h2>Sist&#8217;Her ACT(u) : Comprendre l&#8217;urgence au Venezuela \u00e0 travers des r\u00e9cits de femmes<\/h2>\n<p>En cette rentr\u00e9e, on d\u00e9barque avec un nouveau type d&#8217;\u00e9v\u00e9nement !<\/p>\n<p><strong>Fa\u00eetes place \u00e0 Sist&#8217;Her ACT(u) &#x1f5de;&#xfe0f;<\/strong><br \/>\nUn format donnant la parole \u00e0 des personnes engag\u00e9es \u00e0 l&#8217;occasion de rencontres en r\u00e9action \u00e0 des \u00e9v\u00e9nements exceptionnels nationaux ou internationaux touchant les femmes et minorit\u00e9s de genre.<\/p>\n<p>Pour cette premi\u00e8re rencontre, l&#8217;\u00e9quipe vous emm\u00e8ne <strong>au Venezuela<\/strong> !<\/p>\n<p>Depuis 2014, le Venezuela est un pays qui conna\u00eet d&#8217;incessantes manifestations en raison de la crise \u00e9conomique, politique et sociale qui touche des millions de personnes. Selon des sources de l&#8217;ONU, 82 % des citoyen\u00b7ne\u00b7s du pays vivent dans la pauvret\u00e9.<\/p>\n<p><span lang=\"EN-US\">Suite aux r\u00e9sultats contest\u00e9s des \u00e9lections de juillet 2024, les manifestations ont occasionn\u00e9 une vague de r\u00e9pression sans pr\u00e9c\u00e9dent engendrant des milliers de victimes d&#8217;arrestations arbitraires au service d&#8217;un syst\u00e8me judiciaire cherchant \u00e0 faire taire les dissident\u00b7e\u00b7s. <\/span><\/p>\n<div>\n<p>Dans ce contexte, les femmes jouent un r\u00f4le cl\u00e9 dans la r\u00e9sistance. Non seulement elles participent activement aux manifestations, mais elles font \u00e9galement partie des populations les plus touch\u00e9es par la crise.<\/p>\n<p><span lang=\"EN-US\">Au Venezuela, les femmes sont doublement vuln\u00e9rables, \u00e9tant \u00e0 la merci \u00e0 la fois de la r\u00e9pression du r\u00e9gime et des cons\u00e9quences de la crise humanitaire. Elles sont expos\u00e9es \u00e0 la violence sexiste, \u00e0 l&#8217;extr\u00eame pauvret\u00e9 et au manque d&#8217;acc\u00e8s aux services essentiels tels que les soins de sant\u00e9 et l&#8217;\u00e9ducation.<\/span><\/p>\n<p>Chez Sist&#8217;Her, nous leur donnons la parole et vous proposons une rencontre destin\u00e9e \u00e0 \u00e9veiller l&#8217;empathie, la sororit\u00e9 et l&#8217;action &#x1f54a;&#xfe0f;<\/p>\n<h3>Au programme<\/h3>\n<p>&#x270a;4 femmes t\u00e9moigneront<\/p>\n<p>&#x270a;Chaque t\u00e9moignage exposera une vision singuli\u00e8re de la situation et une forme diff\u00e9rente d&#8217;acte de r\u00e9sistance<\/p>\n<p>&#x270a; Au-del\u00e0 des douleurs qu&#8217;elles portent, ces femmes nous feront part de leur force et de leur espoir in\u00e9branlable en un avenir meilleur.<\/p>\n<p>&#x270a;Un temps d&#8217;\u00e9change et de questions<\/p>\n<h3 class=\"l7ghb35v kjdc1dyq kmwttqpk gh25dzvf jikcssrz\"><strong><br \/>\nInfos pratiques<\/strong><\/h3>\n<p class=\"l7ghb35v kjdc1dyq kmwttqpk gh25dzvf jikcssrz\"><span class=\"fxk3tzhb b2rh1bv3 gh55jysx m8h3af8h ewco64xe kjdc1dyq ms56khn7 bq6c9xl4 eohcrkr5 akh3l2rg\"><img decoding=\"async\" src=\"https:\/\/static.xx.fbcdn.net\/images\/emoji.php\/v9\/td7\/1.5\/16\/1f4c5.png\" alt=\"&#x1f4c5;\" width=\"16\" height=\"16\" \/><\/span> L\u2019\u00e9v\u00e9nement se d\u00e9roulera le mardi 29 octobre 2024<br \/>\n&#x231b;&#xfe0f; De 18h30 \u00e0 21h00<br \/>\n<span class=\"fxk3tzhb b2rh1bv3 gh55jysx m8h3af8h ewco64xe kjdc1dyq ms56khn7 bq6c9xl4 eohcrkr5 akh3l2rg\"><img decoding=\"async\" src=\"https:\/\/static.xx.fbcdn.net\/images\/emoji.php\/v9\/t8b\/1.5\/16\/1f516.png\" alt=\"&#x1f516;\" width=\"16\" height=\"16\" \/><\/span> R\u00e9servation gratuite obligatoire<br \/>\n<span class=\"fxk3tzhb b2rh1bv3 gh55jysx m8h3af8h ewco64xe kjdc1dyq ms56khn7 bq6c9xl4 eohcrkr5 akh3l2rg\"><img decoding=\"async\" src=\"https:\/\/static.xx.fbcdn.net\/images\/emoji.php\/v9\/t86\/1.5\/16\/1f4cd.png\" alt=\"&#x1f4cd;\" width=\"16\" height=\"16\" \/><\/span>\u00a0Sist\u2019Her : 82 rue du Faubourg Saint-Martin 75010 Paris<\/p>\n<p>Ouvert en mars 2021 par l\u2019ONG\u00a0<a href=\"https:\/\/empow-her.com\/\">Empow\u2019Her<\/a>, Sist\u2019Her Paris est un espace de partage et de cr\u00e9ation f\u00e9ministe, accessible \u00e0 tous.tes, d\u00e9di\u00e9 \u00e0 l\u2019\u00e9criture collective d\u2019un nouveau narratif entrepreneurial et \u00e0 l\u2019outillage des combats pour des soci\u00e9t\u00e9s plus justes, durables et \u00e9galitaires.<\/p>\n<p>Retrouvez tous les \u00e9v\u00e9nements des prochains mois chez Sist\u2019Her dans notre\u00a0<a href=\"https:\/\/empow-her.com\/agenda-empowher\/\">agenda<\/a>\u00a0!<\/p>\n<p>Suivez Sist\u2019Her sur notre\u00a0<a href=\"https:\/\/www.instagram.com\/sisther.paris\/\">Instagram<\/a>\u00a0!<\/p>\n<p>\u00c0 tr\u00e8s vite !\u00a0<span class=\"fxk3tzhb b2rh1bv3 gh55jysx m8h3af8h ewco64xe kjdc1dyq ms56khn7 bq6c9xl4 eohcrkr5 akh3l2rg\"><img loading=\"lazy\" decoding=\"async\" src=\"https:\/\/static.xx.fbcdn.net\/images\/emoji.php\/v9\/t56\/1.5\/16\/1f64c.png\" alt=\"&#x1f64c;\" width=\"16\" height=\"16\" \/><\/span><\/p>\n<\/div>\n","protected":false},"excerpt":{"rendered":"<h2>Sist&#8217;Her ACT(u) : Comprendre l&#8217;urgence au Venezuela \u00e0 travers des r\u00e9cits de femmes.<\/h2>\n<p>En cette rentr\u00e9e, on d\u00e9barque avec un nouveau type d&#8217;\u00e9v\u00e9nement !<\/p>\n<p><strong>Fa\u00eetes place \u00e0 Sist&#8217;Her ACT(u) &#x1f5de;&#xfe0f;<\/strong><br \/>\nUn format donnant la parole \u00e0 des personnes engag\u00e9es \u00e0 l&#8217;occasion de rencontres en r\u00e9action \u00e0 des \u00e9v\u00e9nements exceptionnels nationaux ou internationaux touchant les femmes et minorit\u00e9s de genre.<\/p>\n<p>Pour cette premi\u00e8re rencontre, l&#8217;\u00e9quipe vous emm\u00e8ne <strong>au Venezuela<\/strong> !<\/p>\n<p>Depuis 2014, le Venezuela est un pays qui conna\u00eet d&#8217;incessantes manifestations en raison de la crise \u00e9conomique, politique et sociale qui touche des millions de personnes. Selon des sources de l&#8217;ONU, 82 % des citoyen\u00b7ne\u00b7s du pays vivent dans la pauvret\u00e9.<\/p>\n<p><span lang=\"EN-US\">Suite aux r\u00e9sultats contest\u00e9s des \u00e9lections de juillet 2024, les manifestations ont occasionn\u00e9 une vague de r\u00e9pression sans pr\u00e9c\u00e9dent engendrant des milliers de victimes d&#8217;arrestations arbitraires au service d&#8217;un syst\u00e8me judiciaire cherchant \u00e0 faire taire les dissident\u00b7e\u00b7s. <\/span><\/p>\n<div>\n<p>Dans ce contexte, <strong>les femmes jouent un r\u00f4le cl\u00e9 dans la r\u00e9sistance. Non seulement elles participent activement aux manifestations, mais elles font \u00e9galement partie des populations les plus touch\u00e9es par la crise.<\/strong><\/p>\n<p><span lang=\"EN-US\">Au Venezuela, les femmes sont doublement vuln\u00e9rables, \u00e9tant \u00e0 la merci \u00e0 la fois de la r\u00e9pression du r\u00e9gime et des cons\u00e9quences de la crise humanitaire. Elles sont expos\u00e9es \u00e0 la violence sexiste, \u00e0 l&#8217;extr\u00eame pauvret\u00e9 et au manque d&#8217;acc\u00e8s aux services essentiels tels que les soins de sant\u00e9 et l&#8217;\u00e9ducation.<\/span><\/p>\n<p>Chez Sist&#8217;Her, nous leur donnons la parole et vous proposons <strong>une rencontre destin\u00e9e \u00e0 \u00e9veiller l&#8217;empathie, la sororit\u00e9 et l&#8217;action<\/strong> &#x1f54a;&#xfe0f;<\/p>\n<h3>Au programme<\/h3>\n<p>&#x270a;4 femmes t\u00e9moigneront<\/p>\n<p>&#x270a;Chaque t\u00e9moignage exposera une vision singuli\u00e8re de la situation et une forme diff\u00e9rente d&#8217;acte de r\u00e9sistance<\/p>\n<p>&#x270a; Au-del\u00e0 des douleurs qu&#8217;elles portent, ces femmes nous feront part de leur force et de leur espoir in\u00e9branlable en un avenir meilleur.<\/p>\n<p>&#x270a;Un temps d&#8217;\u00e9change et de questions<\/p>\n<h3 class=\"l7ghb35v kjdc1dyq kmwttqpk gh25dzvf jikcssrz\"><strong><br \/>\nInfos pratiques<\/strong><\/h3>\n<p class=\"l7ghb35v kjdc1dyq kmwttqpk gh25dzvf jikcssrz\"><span class=\"fxk3tzhb b2rh1bv3 gh55jysx m8h3af8h ewco64xe kjdc1dyq ms56khn7 bq6c9xl4 eohcrkr5 akh3l2rg\"><img decoding=\"async\" src=\"https:\/\/static.xx.fbcdn.net\/images\/emoji.php\/v9\/td7\/1.5\/16\/1f4c5.png\" alt=\"&#x1f4c5;\" width=\"16\" height=\"16\" \/><\/span> L\u2019\u00e9v\u00e9nement se d\u00e9roulera le mardi 29 octobre 2024<br \/>\n&#x231b;&#xfe0f; De 18h30 \u00e0 21h00<br \/>\n<span class=\"fxk3tzhb b2rh1bv3 gh55jysx m8h3af8h ewco64xe kjdc1dyq ms56khn7 bq6c9xl4 eohcrkr5 akh3l2rg\"><img decoding=\"async\" src=\"https:\/\/static.xx.fbcdn.net\/images\/emoji.php\/v9\/t8b\/1.5\/16\/1f516.png\" alt=\"&#x1f516;\" width=\"16\" height=\"16\" \/><\/span> R\u00e9servation gratuite obligatoire<br \/>\n<span class=\"fxk3tzhb b2rh1bv3 gh55jysx m8h3af8h ewco64xe kjdc1dyq ms56khn7 bq6c9xl4 eohcrkr5 akh3l2rg\"><img decoding=\"async\" src=\"https:\/\/static.xx.fbcdn.net\/images\/emoji.php\/v9\/t86\/1.5\/16\/1f4cd.png\" alt=\"&#x1f4cd;\" width=\"16\" height=\"16\" \/><\/span>\u00a0Sist\u2019Her : 82 rue du Faubourg Saint-Martin 75010 Paris<\/p>\n<p>Ouvert en mars 2021 par l\u2019ONG\u00a0<a href=\"https:\/\/empow-her.com\/\">Empow\u2019Her<\/a>, Sist\u2019Her Paris est un espace de partage et de cr\u00e9ation f\u00e9ministe, accessible \u00e0 tous.tes, d\u00e9di\u00e9 \u00e0 l\u2019\u00e9criture collective d\u2019un nouveau narratif entrepreneurial et \u00e0 l\u2019outillage des combats pour des soci\u00e9t\u00e9s plus justes, durables et \u00e9galitaires.<\/p>\n<p>Retrouvez tous les \u00e9v\u00e9nements des prochains mois chez Sist\u2019Her dans notre\u00a0<a href=\"https:\/\/empow-her.com\/agenda-empowher\/\">agenda<\/a>\u00a0!<\/p>\n<p>Suivez Sist\u2019Her sur notre\u00a0<a href=\"https:\/\/www.instagram.com\/sisther.paris\/\">Instagram<\/a>\u00a0!<\/p>\n<p>\u00c0 tr\u00e8s vite !\u00a0<span class=\"fxk3tzhb b2rh1bv3 gh55jysx m8h3af8h ewco64xe kjdc1dyq ms56khn7 bq6c9xl4 eohcrkr5 akh3l2rg\"><img loading=\"lazy\" decoding=\"async\" src=\"https:\/\/static.xx.fbcdn.net\/images\/emoji.php\/v9\/t56\/1.5\/16\/1f64c.png\" alt=\"&#x1f64c;\" width=\"16\" height=\"16\" \/><\/span><\/p>\n<\/div>\n","protected":false},"featured_media":258037,"template":"","format":"standard","meta":{"_acf_changed":false,"om_disable_all_campaigns":false,"_uf_show_specific_survey":0,"_uf_disable_surveys":false},"product_brand":[],"product_cat":[119],"product_tag":[],"lieu":[127],"thematiques":[],"class_list":{"0":"post-258036","1":"product","2":"type-product","3":"status-publish","4":"format-standard","5":"has-post-thumbnail","7":"product_cat-evenement-sisther","8":"lieu-hub-empowher","10":"first","11":"instock","12":"virtual","13":"purchasable","14":"product-type-appointment"},"exclude_global_add_ons":[],"addons":[],"acf":[],"yoast_head":"<!-- This site is optimized with the Yoast SEO plugin v24.8 - https:\/\/yoast.com\/wordpress\/plugins\/seo\/ -->\n<title>Comprendre le Venezuela \u00e0 travers les t\u00e9moignages de femmes<\/title>\n<meta name=\"description\" content=\"Discussion et t\u00e9moignages de 4 femmes v\u00e9n\u00e9zu\u00e9liennes nous invitant \u00e0 saisir l&#039;urgence de la situation et ses cons\u00e9quences \u00e0 travers le prisme du genre.\" \/>\n<meta name=\"robots\" content=\"index, follow, max-snippet:-1, max-image-preview:large, max-video-preview:-1\" \/>\n<link rel=\"canonical\" href=\"https:\/\/empow-her.com\/en\/produit\/sisther-actu-le-venezuela-a-travers-les-yeux-des-femmes\/\" \/>\n<meta property=\"og:locale\" content=\"en_US\" \/>\n<meta property=\"og:type\" content=\"article\" \/>\n<meta property=\"og:title\" content=\"Comprendre le Venezuela \u00e0 travers les t\u00e9moignages de femmes\" \/>\n<meta property=\"og:description\" content=\"Discussion et t\u00e9moignages de 4 femmes v\u00e9n\u00e9zu\u00e9liennes nous invitant \u00e0 saisir l&#039;urgence de la situation et ses cons\u00e9quences \u00e0 travers le prisme du genre.\" \/>\n<meta property=\"og:url\" content=\"https:\/\/empow-her.com\/en\/produit\/sisther-actu-le-venezuela-a-travers-les-yeux-des-femmes\/\" \/>\n<meta property=\"og:site_name\" content=\"Empow&#039;Her\" \/>\n<meta property=\"article:modified_time\" content=\"2024-09-23T15:55:37+00:00\" \/>\n<meta property=\"og:image\" content=\"https:\/\/empow-her.com\/wp-content\/uploads\/2024\/09\/Veneuela-1.png\" \/>\n\t<meta property=\"og:image:width\" content=\"1080\" \/>\n\t<meta property=\"og:image:height\" content=\"1080\" \/>\n\t<meta property=\"og:image:type\" content=\"image\/png\" \/>\n<meta name=\"twitter:card\" content=\"summary_large_image\" \/>\n<meta name=\"twitter:label1\" content=\"Est. reading time\" \/>\n\t<meta name=\"twitter:data1\" content=\"3 minutes\" \/>\n<script type=\"application\/ld+json\" class=\"yoast-schema-graph\">{\"@context\":\"https:\/\/schema.org\",\"@graph\":[{\"@type\":\"WebPage\",\"@id\":\"https:\/\/empow-her.com\/en\/produit\/sisther-actu-le-venezuela-a-travers-les-yeux-des-femmes\/\",\"url\":\"https:\/\/empow-her.com\/en\/produit\/sisther-actu-le-venezuela-a-travers-les-yeux-des-femmes\/\",\"name\":\"Comprendre le Venezuela \u00e0 travers les t\u00e9moignages de femmes\",\"isPartOf\":{\"@id\":\"https:\/\/empow-her.com\/#website\"},\"primaryImageOfPage\":{\"@id\":\"https:\/\/empow-her.com\/en\/produit\/sisther-actu-le-venezuela-a-travers-les-yeux-des-femmes\/#primaryimage\"},\"image\":{\"@id\":\"https:\/\/empow-her.com\/en\/produit\/sisther-actu-le-venezuela-a-travers-les-yeux-des-femmes\/#primaryimage\"},\"thumbnailUrl\":\"https:\/\/empow-her.com\/wp-content\/uploads\/2024\/09\/Veneuela-1.png\",\"datePublished\":\"2024-09-23T14:30:39+00:00\",\"dateModified\":\"2024-09-23T15:55:37+00:00\",\"description\":\"Discussion et t\u00e9moignages de 4 femmes v\u00e9n\u00e9zu\u00e9liennes nous invitant \u00e0 saisir l'urgence de la situation et ses cons\u00e9quences \u00e0 travers le prisme du genre.\",\"breadcrumb\":{\"@id\":\"https:\/\/empow-her.com\/en\/produit\/sisther-actu-le-venezuela-a-travers-les-yeux-des-femmes\/#breadcrumb\"},\"inLanguage\":\"en-US\",\"potentialAction\":[{\"@type\":\"ReadAction\",\"target\":[\"https:\/\/empow-her.com\/en\/produit\/sisther-actu-le-venezuela-a-travers-les-yeux-des-femmes\/\"]}]},{\"@type\":\"ImageObject\",\"inLanguage\":\"en-US\",\"@id\":\"https:\/\/empow-her.com\/en\/produit\/sisther-actu-le-venezuela-a-travers-les-yeux-des-femmes\/#primaryimage\",\"url\":\"https:\/\/empow-her.com\/wp-content\/uploads\/2024\/09\/Veneuela-1.png\",\"contentUrl\":\"https:\/\/empow-her.com\/wp-content\/uploads\/2024\/09\/Veneuela-1.png\",\"width\":1080,\"height\":1080},{\"@type\":\"BreadcrumbList\",\"@id\":\"https:\/\/empow-her.com\/en\/produit\/sisther-actu-le-venezuela-a-travers-les-yeux-des-femmes\/#breadcrumb\",\"itemListElement\":[{\"@type\":\"ListItem\",\"position\":1,\"name\":\"Accueil\",\"item\":\"https:\/\/empow-her.com\/en\/landing-page\/\"},{\"@type\":\"ListItem\",\"position\":2,\"name\":\"LA BOUTIQUE\",\"item\":\"https:\/\/empow-her.com\/boutique\/\"},{\"@type\":\"ListItem\",\"position\":3,\"name\":\"Sist&#8217;Her ACT(u) : Le Venezuela \u00e0 travers les yeux des femmes\"}]},{\"@type\":\"WebSite\",\"@id\":\"https:\/\/empow-her.com\/#website\",\"url\":\"https:\/\/empow-her.com\/\",\"name\":\"Empow&#039;Her\",\"description\":\"Women Development\",\"potentialAction\":[{\"@type\":\"SearchAction\",\"target\":{\"@type\":\"EntryPoint\",\"urlTemplate\":\"https:\/\/empow-her.com\/?s={search_term_string}\"},\"query-input\":{\"@type\":\"PropertyValueSpecification\",\"valueRequired\":true,\"valueName\":\"search_term_string\"}}],\"inLanguage\":\"en-US\"}]}<\/script>\n<!-- \/ Yoast SEO plugin. -->","yoast_head_json":{"title":"Comprendre le Venezuela \u00e0 travers les t\u00e9moignages de femmes","description":"Discussion et t\u00e9moignages de 4 femmes v\u00e9n\u00e9zu\u00e9liennes nous invitant \u00e0 saisir l'urgence de la situation et ses cons\u00e9quences \u00e0 travers le prisme du genre.","robots":{"index":"index","follow":"follow","max-snippet":"max-snippet:-1","max-image-preview":"max-image-preview:large","max-video-preview":"max-video-preview:-1"},"canonical":"https:\/\/empow-her.com\/en\/produit\/sisther-actu-le-venezuela-a-travers-les-yeux-des-femmes\/","og_locale":"en_US","og_type":"article","og_title":"Comprendre le Venezuela \u00e0 travers les t\u00e9moignages de femmes","og_description":"Discussion et t\u00e9moignages de 4 femmes v\u00e9n\u00e9zu\u00e9liennes nous invitant \u00e0 saisir l'urgence de la situation et ses cons\u00e9quences \u00e0 travers le prisme du genre.","og_url":"https:\/\/empow-her.com\/en\/produit\/sisther-actu-le-venezuela-a-travers-les-yeux-des-femmes\/","og_site_name":"Empow&#039;Her","article_modified_time":"2024-09-23T15:55:37+00:00","og_image":[{"width":1080,"height":1080,"url":"https:\/\/empow-her.com\/wp-content\/uploads\/2024\/09\/Veneuela-1.png","type":"image\/png"}],"twitter_card":"summary_large_image","twitter_misc":{"Est. reading time":"3 minutes"},"schema":{"@context":"https:\/\/schema.org","@graph":[{"@type":"WebPage","@id":"https:\/\/empow-her.com\/en\/produit\/sisther-actu-le-venezuela-a-travers-les-yeux-des-femmes\/","url":"https:\/\/empow-her.com\/en\/produit\/sisther-actu-le-venezuela-a-travers-les-yeux-des-femmes\/","name":"Comprendre le Venezuela \u00e0 travers les t\u00e9moignages de femmes","isPartOf":{"@id":"https:\/\/empow-her.com\/#website"},"primaryImageOfPage":{"@id":"https:\/\/empow-her.com\/en\/produit\/sisther-actu-le-venezuela-a-travers-les-yeux-des-femmes\/#primaryimage"},"image":{"@id":"https:\/\/empow-her.com\/en\/produit\/sisther-actu-le-venezuela-a-travers-les-yeux-des-femmes\/#primaryimage"},"thumbnailUrl":"https:\/\/empow-her.com\/wp-content\/uploads\/2024\/09\/Veneuela-1.png","datePublished":"2024-09-23T14:30:39+00:00","dateModified":"2024-09-23T15:55:37+00:00","description":"Discussion et t\u00e9moignages de 4 femmes v\u00e9n\u00e9zu\u00e9liennes nous invitant \u00e0 saisir l'urgence de la situation et ses cons\u00e9quences \u00e0 travers le prisme du genre.","breadcrumb":{"@id":"https:\/\/empow-her.com\/en\/produit\/sisther-actu-le-venezuela-a-travers-les-yeux-des-femmes\/#breadcrumb"},"inLanguage":"en-US","potentialAction":[{"@type":"ReadAction","target":["https:\/\/empow-her.com\/en\/produit\/sisther-actu-le-venezuela-a-travers-les-yeux-des-femmes\/"]}]},{"@type":"ImageObject","inLanguage":"en-US","@id":"https:\/\/empow-her.com\/en\/produit\/sisther-actu-le-venezuela-a-travers-les-yeux-des-femmes\/#primaryimage","url":"https:\/\/empow-her.com\/wp-content\/uploads\/2024\/09\/Veneuela-1.png","contentUrl":"https:\/\/empow-her.com\/wp-content\/uploads\/2024\/09\/Veneuela-1.png","width":1080,"height":1080},{"@type":"BreadcrumbList","@id":"https:\/\/empow-her.com\/en\/produit\/sisther-actu-le-venezuela-a-travers-les-yeux-des-femmes\/#breadcrumb","itemListElement":[{"@type":"ListItem","position":1,"name":"Accueil","item":"https:\/\/empow-her.com\/en\/landing-page\/"},{"@type":"ListItem","position":2,"name":"LA BOUTIQUE","item":"https:\/\/empow-her.com\/boutique\/"},{"@type":"ListItem","position":3,"name":"Sist&#8217;Her ACT(u) : Le Venezuela \u00e0 travers les yeux des femmes"}]},{"@type":"WebSite","@id":"https:\/\/empow-her.com\/#website","url":"https:\/\/empow-her.com\/","name":"Empow&#039;Her","description":"Women Development","potentialAction":[{"@type":"SearchAction","target":{"@type":"EntryPoint","urlTemplate":"https:\/\/empow-her.com\/?s={search_term_string}"},"query-input":{"@type":"PropertyValueSpecification","valueRequired":true,"valueName":"search_term_string"}}],"inLanguage":"en-US"}]}},"_links":{"self":[{"href":"https:\/\/empow-her.com\/en\/wp-json\/wp\/v2\/product\/258036","targetHints":{"allow":["GET"]}}],"collection":[{"href":"https:\/\/empow-her.com\/en\/wp-json\/wp\/v2\/product"}],"about":[{"href":"https:\/\/empow-her.com\/en\/wp-json\/wp\/v2\/types\/product"}],"wp:featuredmedia":[{"embeddable":true,"href":"https:\/\/empow-her.com\/en\/wp-json\/wp\/v2\/media\/258037"}],"wp:attachment":[{"href":"https:\/\/empow-her.com\/en\/wp-json\/wp\/v2\/media?parent=258036"}],"wp:term":[{"taxonomy":"product_brand","embeddable":true,"href":"https:\/\/empow-her.com\/en\/wp-json\/wp\/v2\/product_brand?post=258036"},{"taxonomy":"product_cat","embeddable":true,"href":"https:\/\/empow-her.com\/en\/wp-json\/wp\/v2\/product_cat?post=258036"},{"taxonomy":"product_tag","embeddable":true,"href":"https:\/\/empow-her.com\/en\/wp-json\/wp\/v2\/product_tag?post=258036"},{"taxonomy":"lieu","embeddable":true,"href":"https:\/\/empow-her.com\/en\/wp-json\/wp\/v2\/lieu?post=258036"},{"taxonomy":"thematiques","embeddable":true,"href":"https:\/\/empow-her.com\/en\/wp-json\/wp\/v2\/thematiques?post=258036"}],"curies":[{"name":"wp","href":"https:\/\/api.w.org\/{rel}","templated":true}]}}