{"id":257861,"date":"2024-09-18T12:33:32","date_gmt":"2024-09-18T10:33:32","guid":{"rendered":"https:\/\/empow-her.com\/?post_type=product&#038;p=257861"},"modified":"2024-09-25T10:03:37","modified_gmt":"2024-09-25T08:03:37","slug":"physicalite-fusionnez-les-energies-de-la-reunion-et-du-bresil-en-dansant","status":"publish","type":"product","link":"https:\/\/empow-her.com\/en\/produit\/physicalite-fusionnez-les-energies-de-la-reunion-et-du-bresil-en-dansant\/","title":{"rendered":"Physicalit\u00e9 : Fusionnez les \u00e9nergies de La R\u00e9union et du Br\u00e9sil en dansant!"},"content":{"rendered":"<h1>Sist&#8217;Her revient avec une nouvelle session PHYSICALIT\u00c9 &#x1f60d;<\/h1>\n<p><em>La physicalit\u00e9 c&#8217;est ce que peut faire un corps, sa capacit\u00e9 \u00e0 agir. C&#8217;est aussi, pour les fans du ballon ovale, ce qui d\u00e9signe la force et la puissance des joueuses. Enfin, c&#8217;est un savoureux m\u00e9lange entre Physique et Radicalit\u00e9.<\/em><\/p>\n<p><em>Vous voyez o\u00f9 on veut en venir ? On va se mettre EN MOUVEMENT !<\/em><\/p>\n<p>Pour cette quatri\u00e8me session, nous recevons Lilie de Hips Dance Lab<strong> mercredi 23 octobre de 19h00 a 21h00<\/strong> qui animera un atelier danse centr\u00e9 sur le travail des hanches et du bassin. Une exp\u00e9rience immersive \u00e0 travers son identit\u00e9 r\u00e9unionnaise et son pays de coeur le Br\u00e9sil afin de vous faire voyager \u00e0 travers vous-m\u00eame et vous r\u00e9 approprier votre corps gr\u00e2ce \u00e0 la danse!<\/p>\n<h3><span style=\"font-weight: 400;\"><strong>Au programme<\/strong><\/span><\/h3>\n<p><span style=\"font-weight: 400;\">&#x1f54a;&#xfe0f;Ancrage, lib\u00e9ration du corps et des \u00e9motions par des techniques et des mouvements issus de la pratique des danses traditionnelles\u00a0<\/span><\/p>\n<p><span style=\"font-weight: 400;\">&#x1f483;&#x1f3fd; <\/span><span style=\"font-weight: 400;\">L\u00e2cher prise par la danse <\/span><span style=\"font-weight: 400;\">!<\/span><\/p>\n<p><span style=\"font-weight: 400;\">&#x2708;&#xfe0f;<\/span><span style=\"font-weight: 400;\">Une invitation au voyage avec un d\u00e9part vers la R\u00e9union et le Br\u00e9sil qui promet de faire du bien \u00e0 l&#8217;heure o\u00f9 les temp\u00e9ratures nous rappellent que l\u2019hiver approche.<\/span><\/p>\n<h3><\/h3>\n<h3><strong>Hips Dance Lab ?<\/strong><\/h3>\n<p><span style=\"font-weight: 400;\"><em>\u201cLib\u00e9rer les hanches pour lib\u00e9rer ses \u00e9motions et explorer sa f\u00e9minit\u00e9\u201d<\/em><\/span><span style=\"font-weight: 400;\">Hips Dance Lab est un concept de danse et de cr\u00e9ation d\u2019espace de libert\u00e9 pour accompagner les femmes \u00e0 se lib\u00e9rer par le corps.<\/span><\/p>\n<p><strong>Qui est Lilie\u00a0 ?<\/strong><\/p>\n<p>Fondatrice de Hips Dance Lab, Lilie est une danseuse, exploratrice du mouvement comme d&#8217;un instrument d\u2019\u00e9mancipation des femmes. Elle exp\u00e9rimente le mouvement \u00e0 travers les danses traditionnelles du monde afin d\u2019aider les femmes \u00e0 se reconnecter \u00e0 elles-m\u00eame par le d\u00e9blocage des hanches.<\/p>\n<p>Sa recherche s\u2019est enrichie \u00e0 travers ses diff\u00e9rents voyages notamment au Br\u00e9sil et \u00e0 Paris. Elle y a d\u00e9couvert diverses p\u00e9dagogies du mouvement via l\u2019apprentissage des danses traditionnelles. Gr\u00e2ce \u00e0 l&#8217;\u00e9tude de ces diverses danses,\u00a0 elle a construit des m\u00e9thodes de d\u00e9veloppement de la conscience corporelle.<\/p>\n<p><span style=\"font-weight: 400;\">Depuis 2015, sur l&#8217;\u00eele de la R\u00e9union, dont elle est originaire, elle a initi\u00e9 un travail autour du Maloya et cr\u00e9\u00e9e un groupe d&#8217;\u00e9tude sur la f\u00e9minit\u00e9 r\u00e9unionnaise.<\/span><\/p>\n<p>&nbsp;<\/p>\n<h3><strong>Infos pratiques<\/strong><\/h3>\n<p><span class=\"fxk3tzhb b2rh1bv3 gh55jysx m8h3af8h ewco64xe kjdc1dyq ms56khn7 bq6c9xl4 eohcrkr5 akh3l2rg\"><img decoding=\"async\" src=\"https:\/\/static.xx.fbcdn.net\/images\/emoji.php\/v9\/td7\/1.5\/16\/1f4c5.png\" alt=\"&#x1f4c5;\" width=\"16\" height=\"16\" \/><\/span> L\u2019\u00e9v\u00e9nement se d\u00e9roulera le mercredi\u00a0 23 octobre 2024<br \/>\n&#x231b;&#xfe0f; De 19h00 \u00e0 21h00<br \/>\n<span class=\"fxk3tzhb b2rh1bv3 gh55jysx m8h3af8h ewco64xe kjdc1dyq ms56khn7 bq6c9xl4 eohcrkr5 akh3l2rg\">&#x1f4b0; Inscription obligatoire, <strong>prix libre \u00e0 partir de 10\u20ac<\/strong><\/span><br \/>\n<span class=\"fxk3tzhb b2rh1bv3 gh55jysx m8h3af8h ewco64xe kjdc1dyq ms56khn7 bq6c9xl4 eohcrkr5 akh3l2rg\"><img decoding=\"async\" src=\"https:\/\/static.xx.fbcdn.net\/images\/emoji.php\/v9\/t86\/1.5\/16\/1f4cd.png\" alt=\"&#x1f4cd;\" width=\"16\" height=\"16\" \/><\/span> Sist\u2019Her : 82 rue du Faubourg Saint-Martin 75010 Paris<\/p>\n<p>&#x1f4b2;Les \u00e9v\u00e9nements PHYSICALIT\u00c9 sont <strong>payants<\/strong>. L&#8217;int\u00e9gralit\u00e9 des sommes r\u00e9colt\u00e9es revient \u00e0 l&#8217;entrepreneuse qui vous fait vivre l&#8217;exp\u00e9rience pour laquelle vous vous inscrivez. #SoutenirLeTravailDesEntrepreneuses #SupportWomenOwnedBusinesses<\/p>\n<p>&nbsp;<\/p>\n<p>Ouvert en mars 2021 par l\u2019ONG <a href=\"https:\/\/empow-her.com\/\">Empow\u2019Her<\/a>, Sist\u2019Her Paris est un espace de partage et de cr\u00e9ation f\u00e9ministe, accessible \u00e0 tous.tes, d\u00e9di\u00e9 \u00e0 l\u2019\u00e9criture collective d\u2019un nouveau narratif entrepreneurial et \u00e0 l\u2019outillage des combats pour des soci\u00e9t\u00e9s plus justes, durables et \u00e9galitaires.<\/p>\n<p><strong>Retrouvez tous les \u00e9v\u00e9nements des prochains mois chez Sist&#8217;Her dans notre <a href=\"https:\/\/empow-her.com\/agenda-empowher\/\">agenda<\/a> !<\/strong><\/p>\n<p>&nbsp;<\/p>\n<p>Suivez Sist&#8217;Her sur notre <a href=\"https:\/\/www.instagram.com\/sisther.paris\/\">Instagram<\/a> !<\/p>\n<p>&nbsp;<\/p>\n<p>\u00c0 tr\u00e8s vite ! <span class=\"fxk3tzhb b2rh1bv3 gh55jysx m8h3af8h ewco64xe kjdc1dyq ms56khn7 bq6c9xl4 eohcrkr5 akh3l2rg\"><img decoding=\"async\" src=\"https:\/\/static.xx.fbcdn.net\/images\/emoji.php\/v9\/t56\/1.5\/16\/1f64c.png\" alt=\"&#x1f64c;\" width=\"16\" height=\"16\" \/><\/span><\/p>\n","protected":false},"excerpt":{"rendered":"<h1>Sist&#8217;Her revient avec une nouvelle session PHYSICALIT\u00c9 &#x1f60d;<\/h1>\n<p><em>La physicalit\u00e9 c&#8217;est ce que peut faire un corps, sa capacit\u00e9 \u00e0 agir. C&#8217;est aussi, pour les fans du ballon ovale, ce qui d\u00e9signe la force et la puissance des joueuses. Enfin, c&#8217;est un savoureux m\u00e9lange entre Physique et Radicalit\u00e9.<\/em><\/p>\n<p><em>Vous voyez o\u00f9 on veut en venir ? On va se mettre EN MOUVEMENT !<\/em><\/p>\n<p>Pour cette quatri\u00e8me session, nous recevons <a href=\"https:\/\/www.instagram.com\/liliedanselemonde\/\">Liliedanselemonde<\/a> <strong>mercredi 23 octobre de 19h00 a 21h00<\/strong> qui animera un atelier danse centr\u00e9 sur le travail des hanches et du bassin. Une exp\u00e9rience immersive \u00e0 travers son identit\u00e9 r\u00e9unionnaise et son pays de coeur le Br\u00e9sil afin de vous faire voyager \u00e0 travers vous-m\u00eame et vous r\u00e9 approprier votre corps gr\u00e2ce \u00e0 la danse!<\/p>\n<h3><span style=\"font-weight: 400;\"><strong>Au programme<\/strong><\/span><\/h3>\n<p><span style=\"font-weight: 400;\">&#x1f54a;&#xfe0f;Ancrage, lib\u00e9ration du corps et des \u00e9motions par des techniques et des mouvements issus de la pratique des danses traditionnelles\u00a0<\/span><\/p>\n<p><span style=\"font-weight: 400;\">&#x1f483;&#x1f3fd; <\/span><span style=\"font-weight: 400;\">L\u00e2cher prise par la danse <\/span><span style=\"font-weight: 400;\">!<\/span><\/p>\n<p><span style=\"font-weight: 400;\">&#x2708;&#xfe0f;<\/span><span style=\"font-weight: 400;\">Une invitation au voyage avec un d\u00e9part vers la R\u00e9union et le Br\u00e9sil qui promet de faire du bien \u00e0 l&#8217;heure o\u00f9 les temp\u00e9ratures nous rappellent que l\u2019hiver approche.<\/span><\/p>\n<h3><\/h3>\n<h3><strong>Hips Dance Lab ?<\/strong><\/h3>\n<p><span style=\"font-weight: 400;\"><em>\u201cLib\u00e9rer les hanches pour lib\u00e9rer ses \u00e9motions et explorer sa f\u00e9minit\u00e9\u201d. <\/em>Le <\/span><span style=\"font-weight: 400;\">Hips Dance Lab est un concept de danse et de cr\u00e9ation d\u2019espace de libert\u00e9 pour accompagner les femmes \u00e0 se lib\u00e9rer par le corps.<\/span><\/p>\n<p><strong>Qui est Lilie\u00a0 ?<\/strong><\/p>\n<p>Fondatrice de Hips Dance Lab, Lilie est une danseuse, exploratrice du mouvement comme d&#8217;un instrument d\u2019\u00e9mancipation des femmes. Elle exp\u00e9rimente le mouvement \u00e0 travers les danses traditionnelles du monde afin d\u2019aider les femmes \u00e0 se reconnecter \u00e0 elles-m\u00eame par le d\u00e9blocage des hanches.<\/p>\n<p>Sa recherche s\u2019est enrichie \u00e0 travers ses diff\u00e9rents voyages notamment au Br\u00e9sil et \u00e0 Paris. Elle y a d\u00e9couvert diverses p\u00e9dagogies du mouvement via l\u2019apprentissage des danses traditionnelles. Gr\u00e2ce \u00e0 l&#8217;\u00e9tude de ces diverses danses,\u00a0 elle a construit des m\u00e9thodes de d\u00e9veloppement de la conscience corporelle.<\/p>\n<p><span style=\"font-weight: 400;\">Depuis 2015, sur l&#8217;\u00eele de la R\u00e9union, dont elle est originaire, elle a initi\u00e9 un travail autour du Maloya et cr\u00e9\u00e9e un groupe d&#8217;\u00e9tude sur la f\u00e9minit\u00e9 r\u00e9unionnaise.<\/span><\/p>\n<p>&nbsp;<\/p>\n<h3><strong>Infos pratiques<\/strong><\/h3>\n<p><span class=\"fxk3tzhb b2rh1bv3 gh55jysx m8h3af8h ewco64xe kjdc1dyq ms56khn7 bq6c9xl4 eohcrkr5 akh3l2rg\"><img decoding=\"async\" src=\"https:\/\/static.xx.fbcdn.net\/images\/emoji.php\/v9\/td7\/1.5\/16\/1f4c5.png\" alt=\"&#x1f4c5;\" width=\"16\" height=\"16\" \/><\/span> L\u2019\u00e9v\u00e9nement se d\u00e9roulera le mercredi\u00a0 23 octobre 2024<br \/>\n&#x231b;&#xfe0f; De 19h00 \u00e0 21h00<br \/>\n<span class=\"fxk3tzhb b2rh1bv3 gh55jysx m8h3af8h ewco64xe kjdc1dyq ms56khn7 bq6c9xl4 eohcrkr5 akh3l2rg\">&#x1f4b0; Inscription obligatoire, <strong>prix libre \u00e0 partir de 10\u20ac<\/strong><\/span><br \/>\n<span class=\"fxk3tzhb b2rh1bv3 gh55jysx m8h3af8h ewco64xe kjdc1dyq ms56khn7 bq6c9xl4 eohcrkr5 akh3l2rg\"><img decoding=\"async\" src=\"https:\/\/static.xx.fbcdn.net\/images\/emoji.php\/v9\/t86\/1.5\/16\/1f4cd.png\" alt=\"&#x1f4cd;\" width=\"16\" height=\"16\" \/><\/span> Sist\u2019Her : 82 rue du Faubourg Saint-Martin 75010 Paris<\/p>\n<p>&#x1f4b2;Les \u00e9v\u00e9nements PHYSICALIT\u00c9 sont <strong>payants<\/strong>. L&#8217;int\u00e9gralit\u00e9 des sommes r\u00e9colt\u00e9es revient \u00e0 l&#8217;entrepreneuse qui vous fait vivre l&#8217;exp\u00e9rience pour laquelle vous vous inscrivez. #SoutenirLeTravailDesEntrepreneuses #SupportWomenOwnedBusinesses<\/p>\n<p>&nbsp;<\/p>\n<p>Ouvert en mars 2021 par l\u2019ONG <a href=\"https:\/\/empow-her.com\/\">Empow\u2019Her<\/a>, Sist\u2019Her Paris est un espace de partage et de cr\u00e9ation f\u00e9ministe, accessible \u00e0 tous.tes, d\u00e9di\u00e9 \u00e0 l\u2019\u00e9criture collective d\u2019un nouveau narratif entrepreneurial et \u00e0 l\u2019outillage des combats pour des soci\u00e9t\u00e9s plus justes, durables et \u00e9galitaires.<\/p>\n<p><strong>Retrouvez tous les \u00e9v\u00e9nements des prochains mois chez Sist&#8217;Her dans notre <a href=\"https:\/\/empow-her.com\/agenda-empowher\/\">agenda<\/a> !<\/strong><\/p>\n<p>&nbsp;<\/p>\n<p>Suivez Sist&#8217;Her sur notre <a href=\"https:\/\/www.instagram.com\/sisther.paris\/\">Instagram<\/a> !<\/p>\n<p>&nbsp;<\/p>\n<p>\u00c0 tr\u00e8s vite ! <span class=\"fxk3tzhb b2rh1bv3 gh55jysx m8h3af8h ewco64xe kjdc1dyq ms56khn7 bq6c9xl4 eohcrkr5 akh3l2rg\"><img decoding=\"async\" src=\"https:\/\/static.xx.fbcdn.net\/images\/emoji.php\/v9\/t56\/1.5\/16\/1f64c.png\" alt=\"&#x1f64c;\" width=\"16\" height=\"16\" \/><\/span><\/p>\n","protected":false},"featured_media":258207,"template":"","format":"standard","meta":{"_acf_changed":false,"om_disable_all_campaigns":false,"_uf_show_specific_survey":0,"_uf_disable_surveys":false},"product_brand":[],"product_cat":[119],"product_tag":[],"lieu":[127],"thematiques":[],"class_list":{"0":"post-257861","1":"product","2":"type-product","3":"status-publish","4":"format-standard","5":"has-post-thumbnail","7":"product_cat-evenement-sisther","8":"lieu-hub-empowher","10":"first","11":"instock","12":"virtual","13":"purchasable","14":"product-type-appointment"},"exclude_global_add_ons":[],"addons":[],"acf":[],"yoast_head":"<!-- This site is optimized with the Yoast SEO plugin v24.8 - https:\/\/yoast.com\/wordpress\/plugins\/seo\/ -->\n<title>Cours de danses traditionnelles Maloya et Br\u00e9siliennes<\/title>\n<meta name=\"description\" content=\"Mercredi 23 octobre on se retrouve pour une exp\u00e9rience de danse r\u00e9unionnaise et br\u00e9silienne avec Hips Dance Lab !\" \/>\n<meta name=\"robots\" content=\"index, follow, max-snippet:-1, max-image-preview:large, max-video-preview:-1\" \/>\n<link rel=\"canonical\" href=\"https:\/\/empow-her.com\/en\/produit\/physicalite-fusionnez-les-energies-de-la-reunion-et-du-bresil-en-dansant\/\" \/>\n<meta property=\"og:locale\" content=\"en_US\" \/>\n<meta property=\"og:type\" content=\"article\" \/>\n<meta property=\"og:title\" content=\"Cours de danses traditionnelles Maloya et Br\u00e9siliennes\" \/>\n<meta property=\"og:description\" content=\"Mercredi 23 octobre on se retrouve pour une exp\u00e9rience de danse r\u00e9unionnaise et br\u00e9silienne avec Hips Dance Lab !\" \/>\n<meta property=\"og:url\" content=\"https:\/\/empow-her.com\/en\/produit\/physicalite-fusionnez-les-energies-de-la-reunion-et-du-bresil-en-dansant\/\" \/>\n<meta property=\"og:site_name\" content=\"Empow&#039;Her\" \/>\n<meta property=\"article:modified_time\" content=\"2024-09-25T08:03:37+00:00\" \/>\n<meta property=\"og:image\" content=\"https:\/\/empow-her.com\/wp-content\/uploads\/2024\/09\/Iles-en-Elles-1-1.png\" \/>\n\t<meta property=\"og:image:width\" content=\"1080\" \/>\n\t<meta property=\"og:image:height\" content=\"1080\" \/>\n\t<meta property=\"og:image:type\" content=\"image\/png\" \/>\n<meta name=\"twitter:card\" content=\"summary_large_image\" \/>\n<meta name=\"twitter:label1\" content=\"Est. reading time\" \/>\n\t<meta name=\"twitter:data1\" content=\"4 minutes\" \/>\n<script type=\"application\/ld+json\" class=\"yoast-schema-graph\">{\"@context\":\"https:\/\/schema.org\",\"@graph\":[{\"@type\":\"WebPage\",\"@id\":\"https:\/\/empow-her.com\/en\/produit\/physicalite-fusionnez-les-energies-de-la-reunion-et-du-bresil-en-dansant\/\",\"url\":\"https:\/\/empow-her.com\/en\/produit\/physicalite-fusionnez-les-energies-de-la-reunion-et-du-bresil-en-dansant\/\",\"name\":\"Cours de danses traditionnelles Maloya et Br\u00e9siliennes\",\"isPartOf\":{\"@id\":\"https:\/\/empow-her.com\/#website\"},\"primaryImageOfPage\":{\"@id\":\"https:\/\/empow-her.com\/en\/produit\/physicalite-fusionnez-les-energies-de-la-reunion-et-du-bresil-en-dansant\/#primaryimage\"},\"image\":{\"@id\":\"https:\/\/empow-her.com\/en\/produit\/physicalite-fusionnez-les-energies-de-la-reunion-et-du-bresil-en-dansant\/#primaryimage\"},\"thumbnailUrl\":\"https:\/\/empow-her.com\/wp-content\/uploads\/2024\/09\/Iles-en-Elles-1-1.png\",\"datePublished\":\"2024-09-18T10:33:32+00:00\",\"dateModified\":\"2024-09-25T08:03:37+00:00\",\"description\":\"Mercredi 23 octobre on se retrouve pour une exp\u00e9rience de danse r\u00e9unionnaise et br\u00e9silienne avec Hips Dance Lab !\",\"breadcrumb\":{\"@id\":\"https:\/\/empow-her.com\/en\/produit\/physicalite-fusionnez-les-energies-de-la-reunion-et-du-bresil-en-dansant\/#breadcrumb\"},\"inLanguage\":\"en-US\",\"potentialAction\":[{\"@type\":\"ReadAction\",\"target\":[\"https:\/\/empow-her.com\/en\/produit\/physicalite-fusionnez-les-energies-de-la-reunion-et-du-bresil-en-dansant\/\"]}]},{\"@type\":\"ImageObject\",\"inLanguage\":\"en-US\",\"@id\":\"https:\/\/empow-her.com\/en\/produit\/physicalite-fusionnez-les-energies-de-la-reunion-et-du-bresil-en-dansant\/#primaryimage\",\"url\":\"https:\/\/empow-her.com\/wp-content\/uploads\/2024\/09\/Iles-en-Elles-1-1.png\",\"contentUrl\":\"https:\/\/empow-her.com\/wp-content\/uploads\/2024\/09\/Iles-en-Elles-1-1.png\",\"width\":1080,\"height\":1080},{\"@type\":\"BreadcrumbList\",\"@id\":\"https:\/\/empow-her.com\/en\/produit\/physicalite-fusionnez-les-energies-de-la-reunion-et-du-bresil-en-dansant\/#breadcrumb\",\"itemListElement\":[{\"@type\":\"ListItem\",\"position\":1,\"name\":\"Accueil\",\"item\":\"https:\/\/empow-her.com\/en\/landing-page\/\"},{\"@type\":\"ListItem\",\"position\":2,\"name\":\"LA BOUTIQUE\",\"item\":\"https:\/\/empow-her.com\/boutique\/\"},{\"@type\":\"ListItem\",\"position\":3,\"name\":\"Physicalit\u00e9 : Fusionnez les \u00e9nergies de La R\u00e9union et du Br\u00e9sil en dansant!\"}]},{\"@type\":\"WebSite\",\"@id\":\"https:\/\/empow-her.com\/#website\",\"url\":\"https:\/\/empow-her.com\/\",\"name\":\"Empow&#039;Her\",\"description\":\"Women Development\",\"potentialAction\":[{\"@type\":\"SearchAction\",\"target\":{\"@type\":\"EntryPoint\",\"urlTemplate\":\"https:\/\/empow-her.com\/?s={search_term_string}\"},\"query-input\":{\"@type\":\"PropertyValueSpecification\",\"valueRequired\":true,\"valueName\":\"search_term_string\"}}],\"inLanguage\":\"en-US\"}]}<\/script>\n<!-- \/ Yoast SEO plugin. -->","yoast_head_json":{"title":"Cours de danses traditionnelles Maloya et Br\u00e9siliennes","description":"Mercredi 23 octobre on se retrouve pour une exp\u00e9rience de danse r\u00e9unionnaise et br\u00e9silienne avec Hips Dance Lab !","robots":{"index":"index","follow":"follow","max-snippet":"max-snippet:-1","max-image-preview":"max-image-preview:large","max-video-preview":"max-video-preview:-1"},"canonical":"https:\/\/empow-her.com\/en\/produit\/physicalite-fusionnez-les-energies-de-la-reunion-et-du-bresil-en-dansant\/","og_locale":"en_US","og_type":"article","og_title":"Cours de danses traditionnelles Maloya et Br\u00e9siliennes","og_description":"Mercredi 23 octobre on se retrouve pour une exp\u00e9rience de danse r\u00e9unionnaise et br\u00e9silienne avec Hips Dance Lab !","og_url":"https:\/\/empow-her.com\/en\/produit\/physicalite-fusionnez-les-energies-de-la-reunion-et-du-bresil-en-dansant\/","og_site_name":"Empow&#039;Her","article_modified_time":"2024-09-25T08:03:37+00:00","og_image":[{"width":1080,"height":1080,"url":"https:\/\/empow-her.com\/wp-content\/uploads\/2024\/09\/Iles-en-Elles-1-1.png","type":"image\/png"}],"twitter_card":"summary_large_image","twitter_misc":{"Est. reading time":"4 minutes"},"schema":{"@context":"https:\/\/schema.org","@graph":[{"@type":"WebPage","@id":"https:\/\/empow-her.com\/en\/produit\/physicalite-fusionnez-les-energies-de-la-reunion-et-du-bresil-en-dansant\/","url":"https:\/\/empow-her.com\/en\/produit\/physicalite-fusionnez-les-energies-de-la-reunion-et-du-bresil-en-dansant\/","name":"Cours de danses traditionnelles Maloya et Br\u00e9siliennes","isPartOf":{"@id":"https:\/\/empow-her.com\/#website"},"primaryImageOfPage":{"@id":"https:\/\/empow-her.com\/en\/produit\/physicalite-fusionnez-les-energies-de-la-reunion-et-du-bresil-en-dansant\/#primaryimage"},"image":{"@id":"https:\/\/empow-her.com\/en\/produit\/physicalite-fusionnez-les-energies-de-la-reunion-et-du-bresil-en-dansant\/#primaryimage"},"thumbnailUrl":"https:\/\/empow-her.com\/wp-content\/uploads\/2024\/09\/Iles-en-Elles-1-1.png","datePublished":"2024-09-18T10:33:32+00:00","dateModified":"2024-09-25T08:03:37+00:00","description":"Mercredi 23 octobre on se retrouve pour une exp\u00e9rience de danse r\u00e9unionnaise et br\u00e9silienne avec Hips Dance Lab !","breadcrumb":{"@id":"https:\/\/empow-her.com\/en\/produit\/physicalite-fusionnez-les-energies-de-la-reunion-et-du-bresil-en-dansant\/#breadcrumb"},"inLanguage":"en-US","potentialAction":[{"@type":"ReadAction","target":["https:\/\/empow-her.com\/en\/produit\/physicalite-fusionnez-les-energies-de-la-reunion-et-du-bresil-en-dansant\/"]}]},{"@type":"ImageObject","inLanguage":"en-US","@id":"https:\/\/empow-her.com\/en\/produit\/physicalite-fusionnez-les-energies-de-la-reunion-et-du-bresil-en-dansant\/#primaryimage","url":"https:\/\/empow-her.com\/wp-content\/uploads\/2024\/09\/Iles-en-Elles-1-1.png","contentUrl":"https:\/\/empow-her.com\/wp-content\/uploads\/2024\/09\/Iles-en-Elles-1-1.png","width":1080,"height":1080},{"@type":"BreadcrumbList","@id":"https:\/\/empow-her.com\/en\/produit\/physicalite-fusionnez-les-energies-de-la-reunion-et-du-bresil-en-dansant\/#breadcrumb","itemListElement":[{"@type":"ListItem","position":1,"name":"Accueil","item":"https:\/\/empow-her.com\/en\/landing-page\/"},{"@type":"ListItem","position":2,"name":"LA BOUTIQUE","item":"https:\/\/empow-her.com\/boutique\/"},{"@type":"ListItem","position":3,"name":"Physicalit\u00e9 : Fusionnez les \u00e9nergies de La R\u00e9union et du Br\u00e9sil en dansant!"}]},{"@type":"WebSite","@id":"https:\/\/empow-her.com\/#website","url":"https:\/\/empow-her.com\/","name":"Empow&#039;Her","description":"Women Development","potentialAction":[{"@type":"SearchAction","target":{"@type":"EntryPoint","urlTemplate":"https:\/\/empow-her.com\/?s={search_term_string}"},"query-input":{"@type":"PropertyValueSpecification","valueRequired":true,"valueName":"search_term_string"}}],"inLanguage":"en-US"}]}},"_links":{"self":[{"href":"https:\/\/empow-her.com\/en\/wp-json\/wp\/v2\/product\/257861","targetHints":{"allow":["GET"]}}],"collection":[{"href":"https:\/\/empow-her.com\/en\/wp-json\/wp\/v2\/product"}],"about":[{"href":"https:\/\/empow-her.com\/en\/wp-json\/wp\/v2\/types\/product"}],"wp:featuredmedia":[{"embeddable":true,"href":"https:\/\/empow-her.com\/en\/wp-json\/wp\/v2\/media\/258207"}],"wp:attachment":[{"href":"https:\/\/empow-her.com\/en\/wp-json\/wp\/v2\/media?parent=257861"}],"wp:term":[{"taxonomy":"product_brand","embeddable":true,"href":"https:\/\/empow-her.com\/en\/wp-json\/wp\/v2\/product_brand?post=257861"},{"taxonomy":"product_cat","embeddable":true,"href":"https:\/\/empow-her.com\/en\/wp-json\/wp\/v2\/product_cat?post=257861"},{"taxonomy":"product_tag","embeddable":true,"href":"https:\/\/empow-her.com\/en\/wp-json\/wp\/v2\/product_tag?post=257861"},{"taxonomy":"lieu","embeddable":true,"href":"https:\/\/empow-her.com\/en\/wp-json\/wp\/v2\/lieu?post=257861"},{"taxonomy":"thematiques","embeddable":true,"href":"https:\/\/empow-her.com\/en\/wp-json\/wp\/v2\/thematiques?post=257861"}],"curies":[{"name":"wp","href":"https:\/\/api.w.org\/{rel}","templated":true}]}}