{"id":256658,"date":"2024-09-13T15:00:15","date_gmt":"2024-09-13T13:00:15","guid":{"rendered":"https:\/\/empow-her.com\/?post_type=product&#038;p=256658"},"modified":"2024-09-26T14:57:34","modified_gmt":"2024-09-26T12:57:34","slug":"journee-photo-entrepreneuses-chez-sisther-paris","status":"publish","type":"product","link":"https:\/\/empow-her.com\/en\/produit\/journee-photo-entrepreneuses-chez-sisther-paris\/","title":{"rendered":"R\u00e9servez votre session photo professionnelle chez Sist&#8217;Her!"},"content":{"rendered":"<h2>Entrepreneuses, repartez avec votre portrait pro lors d&#8217;une journ\u00e9e photo in\u00e9dite avec Juliette Lancel ! &#x1f4f8;<\/h2>\n<p>En partenariat avec une super photographe, Sist&#8217;Her vous propose de participer \u00e0 une s\u00e9ance photo d\u00e9di\u00e9e aux femmes entrepreneuses pour r\u00e9v\u00e9ler leur singularit\u00e9 tout en d\u00e9construisant les normes traditionnelles de beaut\u00e9 et en c\u00e9l\u00e9brant la diversit\u00e9 corporelle.<\/p>\n<p>Rendez-vous Jeudi\u00a010 Octobre \u00a0de 10h00 \u00e0 18h30 chez Sist&#8217;Her pour une s\u00e9ance photo rien que pour vous!<\/p>\n<h3>Qui est Juliette Lancel ?<\/h3>\n<p><a href=\"https:\/\/aucreuxdumasque.com\/\">Juliette Lancel<\/a>, photographe passionn\u00e9e depuis son enfance, magnifie chaque personne qui passe devant son objectif, peu importe son \u00e2ge, son apparence ou ses origines. Dans une soci\u00e9t\u00e9 qui valorise encore les corps jeunes, minces et blancs, Juliette s\u2019\u00e9mancipe de ces normes pour c\u00e9l\u00e9brer la diversit\u00e9 et l\u2019authenticit\u00e9. Son approche f\u00e9ministe et body positive fait de ses s\u00e9ances photo une v\u00e9ritable exp\u00e9rience, o\u00f9 la personne photographi\u00e9e se sent pleinement reconnue et valoris\u00e9e. Juliette se consacre \u00e0 cr\u00e9er de nouvelles repr\u00e9sentations visuelles, loin des standards impos\u00e9s, afin que chaque femme puisse s&#8217;affirmer et prendre toute sa place.<\/p>\n<p><strong>Infos pratiques<\/strong><\/p>\n<p><img decoding=\"async\" src=\"https:\/\/static.xx.fbcdn.net\/images\/emoji.php\/v9\/td7\/1.5\/16\/1f4c5.png\" alt=\"&#x1f4c5;\" width=\"16\" height=\"16\" \/> L\u2019\u00e9v\u00e9nement se d\u00e9roulera le jeudi 1o octobre 2024<\/p>\n<p>&#x231b;&#xfe0f; De 10h00 \u00e0 18h30<\/p>\n<p>&#x1f4b0; \u200bPayant &#8211; 50\u20ac pour 3 photos!\u00a0 (tarif habituellement pratiqu\u00e9 200\u20ac)<\/p>\n<p>&#x1f449;\u200b Apr\u00e8s inscription, vous recevrez un mail pour choisir votre cr\u00e9neau horaire ainsi qu&#8217;un lien de paiement. Vous aurez \u00e9galement la possibilit\u00e9 de r\u00e9gler en esp\u00e8ces le jour de l&#8217;\u00e9v\u00e9nement.<\/p>\n<p><img decoding=\"async\" src=\"https:\/\/static.xx.fbcdn.net\/images\/emoji.php\/v9\/t86\/1.5\/16\/1f4cd.png\" alt=\"&#x1f4cd;\" width=\"16\" height=\"16\" \/>\u00a0 Sist\u2019Her : 82 rue du Faubourg Saint-Martin 75010 Paris<\/p>\n<p>Ouvert en mars 2021 par l\u2019ONG\u00a0<a href=\"https:\/\/empow-her.com\/\">Empow\u2019Her<\/a>, Sist\u2019Her Paris est un espace de partage et de cr\u00e9ation f\u00e9ministe, accessible \u00e0 tous.tes, d\u00e9di\u00e9 \u00e0 l\u2019\u00e9criture collective d\u2019un nouveau narratif entrepreneurial et \u00e0 l\u2019outillage des combats pour des soci\u00e9t\u00e9s plus justes, durables et \u00e9galitaires.<\/p>\n<p>Retrouvez tous les \u00e9v\u00e9nements des prochains mois chez Sist&#8217;Her dans notre <a href=\"https:\/\/empow-her.com\/agenda-empowher\/\">agenda<\/a> !<\/p>\n<p>Suivez Sist&#8217;Her sur notre <a href=\"https:\/\/www.instagram.com\/sisther.paris\/\">Instagram<\/a> !<\/p>\n<p>\u00c0 tr\u00e8s vite ! <img decoding=\"async\" src=\"https:\/\/static.xx.fbcdn.net\/images\/emoji.php\/v9\/t56\/1.5\/16\/1f64c.png\" alt=\"&#x1f64c;\" width=\"16\" height=\"16\" \/><\/p>\n","protected":false},"excerpt":{"rendered":"<h2>Entrepreneuses, repartez avec votre portrait pro lors d&#8217;une journ\u00e9e photo in\u00e9dite avec Juliette Lancel ! &#x1f4f8;<\/h2>\n<p>En partenariat avec une super photographe, Sist&#8217;Her vous propose de participer \u00e0 une s\u00e9ance photo d\u00e9di\u00e9e aux femmes entrepreneuses pour r\u00e9v\u00e9ler leur singularit\u00e9 tout en d\u00e9construisant les normes traditionnelles de beaut\u00e9 et en c\u00e9l\u00e9brant la diversit\u00e9 corporelle.<\/p>\n<p>Rendez-vous Jeudi\u00a010 Octobre \u00a0de 10h00 \u00e0 18h30 chez Sist&#8217;Her pour une s\u00e9ance photo rien que pour vous!<\/p>\n<h3>Qui est Juliette Lancel ?<\/h3>\n<p><a href=\"https:\/\/aucreuxdumasque.com\/\">Juliette Lancel<\/a>, photographe passionn\u00e9e depuis son enfance, magnifie chaque personne qui passe devant son objectif, peu importe son \u00e2ge, son apparence ou ses origines. Dans une soci\u00e9t\u00e9 qui valorise encore les corps jeunes, minces et blancs, Juliette s\u2019\u00e9mancipe de ces normes pour c\u00e9l\u00e9brer la diversit\u00e9 et l\u2019authenticit\u00e9. Son approche f\u00e9ministe et body positive fait de ses s\u00e9ances photo une v\u00e9ritable exp\u00e9rience, o\u00f9 la personne photographi\u00e9e se sent pleinement reconnue et valoris\u00e9e. Juliette se consacre \u00e0 cr\u00e9er de nouvelles repr\u00e9sentations visuelles, loin des standards impos\u00e9s, afin que chaque femme puisse s&#8217;affirmer et prendre toute sa place.<\/p>\n<p><strong>Infos pratiques<\/strong><\/p>\n<p><img decoding=\"async\" src=\"https:\/\/static.xx.fbcdn.net\/images\/emoji.php\/v9\/td7\/1.5\/16\/1f4c5.png\" alt=\"&#x1f4c5;\" width=\"16\" height=\"16\" \/> L\u2019\u00e9v\u00e9nement se d\u00e9roulera le jeudi 1o octobre 2024<\/p>\n<p>&#x231b;&#xfe0f; De 10h00 \u00e0 18h30<\/p>\n<p>&#x1f4b0; \u200bPayant &#8211; 50\u20ac pour 3 photos!\u00a0 (tarif habituellement pratiqu\u00e9 200\u20ac)<\/p>\n<p>&#x1f449;\u200b Apr\u00e8s inscription, vous recevrez un mail<strong> (sous 7 jours ouvr\u00e9s)<\/strong> pour choisir votre cr\u00e9neau horaire ainsi qu&#8217;un lien de paiement. Vous aurez \u00e9galement la possibilit\u00e9 de r\u00e9gler en esp\u00e8ces le jour de l&#8217;\u00e9v\u00e9nement.<\/p>\n<p><img decoding=\"async\" src=\"https:\/\/static.xx.fbcdn.net\/images\/emoji.php\/v9\/t86\/1.5\/16\/1f4cd.png\" alt=\"&#x1f4cd;\" width=\"16\" height=\"16\" \/>\u00a0 Sist\u2019Her : 82 rue du Faubourg Saint-Martin 75010 Paris<\/p>\n<p>Ouvert en mars 2021 par l\u2019ONG\u00a0<a href=\"https:\/\/empow-her.com\/\">Empow\u2019Her<\/a>, Sist\u2019Her Paris est un espace de partage et de cr\u00e9ation f\u00e9ministe, accessible \u00e0 tous.tes, d\u00e9di\u00e9 \u00e0 l\u2019\u00e9criture collective d\u2019un nouveau narratif entrepreneurial et \u00e0 l\u2019outillage des combats pour des soci\u00e9t\u00e9s plus justes, durables et \u00e9galitaires.<\/p>\n<p>Retrouvez tous les \u00e9v\u00e9nements des prochains mois chez Sist&#8217;Her dans notre <a href=\"https:\/\/empow-her.com\/agenda-empowher\/\">agenda<\/a> !<\/p>\n<p>Suivez Sist&#8217;Her sur notre <a href=\"https:\/\/www.instagram.com\/sisther.paris\/\">Instagram<\/a> !<\/p>\n<p>\u00c0 tr\u00e8s vite ! <img decoding=\"async\" src=\"https:\/\/static.xx.fbcdn.net\/images\/emoji.php\/v9\/t56\/1.5\/16\/1f64c.png\" alt=\"&#x1f64c;\" width=\"16\" height=\"16\" \/><\/p>\n","protected":false},"featured_media":256678,"template":"","format":"standard","meta":{"_acf_changed":false,"om_disable_all_campaigns":false,"_uf_show_specific_survey":0,"_uf_disable_surveys":false},"product_brand":[],"product_cat":[119],"product_tag":[],"lieu":[127],"thematiques":[],"class_list":{"0":"post-256658","1":"product","2":"type-product","3":"status-publish","4":"format-standard","5":"has-post-thumbnail","7":"product_cat-evenement-sisther","8":"lieu-hub-empowher","10":"first","11":"instock","12":"virtual","13":"purchasable","14":"product-type-appointment"},"exclude_global_add_ons":[],"addons":[],"acf":[],"yoast_head":"<!-- This site is optimized with the Yoast SEO plugin v24.8 - https:\/\/yoast.com\/wordpress\/plugins\/seo\/ -->\n<title>R\u00e9servez votre s\u00e9ance photo pour entrepreneuses!<\/title>\n<meta name=\"description\" content=\"Une photographe professionnelle pose ses valises chez Sist&#039;Her toute la journ\u00e9e du 10 octobre. R\u00e9servez votre s\u00e9ance et repartez avec 3 portraits pro !\" \/>\n<meta name=\"robots\" content=\"index, follow, max-snippet:-1, max-image-preview:large, max-video-preview:-1\" \/>\n<link rel=\"canonical\" href=\"https:\/\/empow-her.com\/en\/produit\/journee-photo-entrepreneuses-chez-sisther-paris\/\" \/>\n<meta property=\"og:locale\" content=\"en_US\" \/>\n<meta property=\"og:type\" content=\"article\" \/>\n<meta property=\"og:title\" content=\"R\u00e9servez votre s\u00e9ance photo pour entrepreneuses!\" \/>\n<meta property=\"og:description\" content=\"Une photographe professionnelle pose ses valises chez Sist&#039;Her toute la journ\u00e9e du 10 octobre. R\u00e9servez votre s\u00e9ance et repartez avec 3 portraits pro !\" \/>\n<meta property=\"og:url\" content=\"https:\/\/empow-her.com\/en\/produit\/journee-photo-entrepreneuses-chez-sisther-paris\/\" \/>\n<meta property=\"og:site_name\" content=\"Empow&#039;Her\" \/>\n<meta property=\"article:modified_time\" content=\"2024-09-26T12:57:34+00:00\" \/>\n<meta property=\"og:image\" content=\"https:\/\/empow-her.com\/wp-content\/uploads\/2024\/09\/JOURNEE-PHOTO-1.png\" \/>\n\t<meta property=\"og:image:width\" content=\"1080\" \/>\n\t<meta property=\"og:image:height\" content=\"1080\" \/>\n\t<meta property=\"og:image:type\" content=\"image\/png\" \/>\n<meta name=\"twitter:card\" content=\"summary_large_image\" \/>\n<meta name=\"twitter:label1\" content=\"Est. reading time\" \/>\n\t<meta name=\"twitter:data1\" content=\"3 minutes\" \/>\n<script type=\"application\/ld+json\" class=\"yoast-schema-graph\">{\"@context\":\"https:\/\/schema.org\",\"@graph\":[{\"@type\":\"WebPage\",\"@id\":\"https:\/\/empow-her.com\/en\/produit\/journee-photo-entrepreneuses-chez-sisther-paris\/\",\"url\":\"https:\/\/empow-her.com\/en\/produit\/journee-photo-entrepreneuses-chez-sisther-paris\/\",\"name\":\"R\u00e9servez votre s\u00e9ance photo pour entrepreneuses!\",\"isPartOf\":{\"@id\":\"https:\/\/empow-her.com\/#website\"},\"primaryImageOfPage\":{\"@id\":\"https:\/\/empow-her.com\/en\/produit\/journee-photo-entrepreneuses-chez-sisther-paris\/#primaryimage\"},\"image\":{\"@id\":\"https:\/\/empow-her.com\/en\/produit\/journee-photo-entrepreneuses-chez-sisther-paris\/#primaryimage\"},\"thumbnailUrl\":\"https:\/\/empow-her.com\/wp-content\/uploads\/2024\/09\/JOURNEE-PHOTO-1.png\",\"datePublished\":\"2024-09-13T13:00:15+00:00\",\"dateModified\":\"2024-09-26T12:57:34+00:00\",\"description\":\"Une photographe professionnelle pose ses valises chez Sist'Her toute la journ\u00e9e du 10 octobre. R\u00e9servez votre s\u00e9ance et repartez avec 3 portraits pro !\",\"breadcrumb\":{\"@id\":\"https:\/\/empow-her.com\/en\/produit\/journee-photo-entrepreneuses-chez-sisther-paris\/#breadcrumb\"},\"inLanguage\":\"en-US\",\"potentialAction\":[{\"@type\":\"ReadAction\",\"target\":[\"https:\/\/empow-her.com\/en\/produit\/journee-photo-entrepreneuses-chez-sisther-paris\/\"]}]},{\"@type\":\"ImageObject\",\"inLanguage\":\"en-US\",\"@id\":\"https:\/\/empow-her.com\/en\/produit\/journee-photo-entrepreneuses-chez-sisther-paris\/#primaryimage\",\"url\":\"https:\/\/empow-her.com\/wp-content\/uploads\/2024\/09\/JOURNEE-PHOTO-1.png\",\"contentUrl\":\"https:\/\/empow-her.com\/wp-content\/uploads\/2024\/09\/JOURNEE-PHOTO-1.png\",\"width\":1080,\"height\":1080},{\"@type\":\"BreadcrumbList\",\"@id\":\"https:\/\/empow-her.com\/en\/produit\/journee-photo-entrepreneuses-chez-sisther-paris\/#breadcrumb\",\"itemListElement\":[{\"@type\":\"ListItem\",\"position\":1,\"name\":\"Accueil\",\"item\":\"https:\/\/empow-her.com\/en\/landing-page\/\"},{\"@type\":\"ListItem\",\"position\":2,\"name\":\"LA BOUTIQUE\",\"item\":\"https:\/\/empow-her.com\/boutique\/\"},{\"@type\":\"ListItem\",\"position\":3,\"name\":\"R\u00e9servez votre session photo professionnelle chez Sist&#8217;Her!\"}]},{\"@type\":\"WebSite\",\"@id\":\"https:\/\/empow-her.com\/#website\",\"url\":\"https:\/\/empow-her.com\/\",\"name\":\"Empow&#039;Her\",\"description\":\"Women Development\",\"potentialAction\":[{\"@type\":\"SearchAction\",\"target\":{\"@type\":\"EntryPoint\",\"urlTemplate\":\"https:\/\/empow-her.com\/?s={search_term_string}\"},\"query-input\":{\"@type\":\"PropertyValueSpecification\",\"valueRequired\":true,\"valueName\":\"search_term_string\"}}],\"inLanguage\":\"en-US\"}]}<\/script>\n<!-- \/ Yoast SEO plugin. -->","yoast_head_json":{"title":"R\u00e9servez votre s\u00e9ance photo pour entrepreneuses!","description":"Une photographe professionnelle pose ses valises chez Sist'Her toute la journ\u00e9e du 10 octobre. R\u00e9servez votre s\u00e9ance et repartez avec 3 portraits pro !","robots":{"index":"index","follow":"follow","max-snippet":"max-snippet:-1","max-image-preview":"max-image-preview:large","max-video-preview":"max-video-preview:-1"},"canonical":"https:\/\/empow-her.com\/en\/produit\/journee-photo-entrepreneuses-chez-sisther-paris\/","og_locale":"en_US","og_type":"article","og_title":"R\u00e9servez votre s\u00e9ance photo pour entrepreneuses!","og_description":"Une photographe professionnelle pose ses valises chez Sist'Her toute la journ\u00e9e du 10 octobre. R\u00e9servez votre s\u00e9ance et repartez avec 3 portraits pro !","og_url":"https:\/\/empow-her.com\/en\/produit\/journee-photo-entrepreneuses-chez-sisther-paris\/","og_site_name":"Empow&#039;Her","article_modified_time":"2024-09-26T12:57:34+00:00","og_image":[{"width":1080,"height":1080,"url":"https:\/\/empow-her.com\/wp-content\/uploads\/2024\/09\/JOURNEE-PHOTO-1.png","type":"image\/png"}],"twitter_card":"summary_large_image","twitter_misc":{"Est. reading time":"3 minutes"},"schema":{"@context":"https:\/\/schema.org","@graph":[{"@type":"WebPage","@id":"https:\/\/empow-her.com\/en\/produit\/journee-photo-entrepreneuses-chez-sisther-paris\/","url":"https:\/\/empow-her.com\/en\/produit\/journee-photo-entrepreneuses-chez-sisther-paris\/","name":"R\u00e9servez votre s\u00e9ance photo pour entrepreneuses!","isPartOf":{"@id":"https:\/\/empow-her.com\/#website"},"primaryImageOfPage":{"@id":"https:\/\/empow-her.com\/en\/produit\/journee-photo-entrepreneuses-chez-sisther-paris\/#primaryimage"},"image":{"@id":"https:\/\/empow-her.com\/en\/produit\/journee-photo-entrepreneuses-chez-sisther-paris\/#primaryimage"},"thumbnailUrl":"https:\/\/empow-her.com\/wp-content\/uploads\/2024\/09\/JOURNEE-PHOTO-1.png","datePublished":"2024-09-13T13:00:15+00:00","dateModified":"2024-09-26T12:57:34+00:00","description":"Une photographe professionnelle pose ses valises chez Sist'Her toute la journ\u00e9e du 10 octobre. R\u00e9servez votre s\u00e9ance et repartez avec 3 portraits pro !","breadcrumb":{"@id":"https:\/\/empow-her.com\/en\/produit\/journee-photo-entrepreneuses-chez-sisther-paris\/#breadcrumb"},"inLanguage":"en-US","potentialAction":[{"@type":"ReadAction","target":["https:\/\/empow-her.com\/en\/produit\/journee-photo-entrepreneuses-chez-sisther-paris\/"]}]},{"@type":"ImageObject","inLanguage":"en-US","@id":"https:\/\/empow-her.com\/en\/produit\/journee-photo-entrepreneuses-chez-sisther-paris\/#primaryimage","url":"https:\/\/empow-her.com\/wp-content\/uploads\/2024\/09\/JOURNEE-PHOTO-1.png","contentUrl":"https:\/\/empow-her.com\/wp-content\/uploads\/2024\/09\/JOURNEE-PHOTO-1.png","width":1080,"height":1080},{"@type":"BreadcrumbList","@id":"https:\/\/empow-her.com\/en\/produit\/journee-photo-entrepreneuses-chez-sisther-paris\/#breadcrumb","itemListElement":[{"@type":"ListItem","position":1,"name":"Accueil","item":"https:\/\/empow-her.com\/en\/landing-page\/"},{"@type":"ListItem","position":2,"name":"LA BOUTIQUE","item":"https:\/\/empow-her.com\/boutique\/"},{"@type":"ListItem","position":3,"name":"R\u00e9servez votre session photo professionnelle chez Sist&#8217;Her!"}]},{"@type":"WebSite","@id":"https:\/\/empow-her.com\/#website","url":"https:\/\/empow-her.com\/","name":"Empow&#039;Her","description":"Women Development","potentialAction":[{"@type":"SearchAction","target":{"@type":"EntryPoint","urlTemplate":"https:\/\/empow-her.com\/?s={search_term_string}"},"query-input":{"@type":"PropertyValueSpecification","valueRequired":true,"valueName":"search_term_string"}}],"inLanguage":"en-US"}]}},"_links":{"self":[{"href":"https:\/\/empow-her.com\/en\/wp-json\/wp\/v2\/product\/256658","targetHints":{"allow":["GET"]}}],"collection":[{"href":"https:\/\/empow-her.com\/en\/wp-json\/wp\/v2\/product"}],"about":[{"href":"https:\/\/empow-her.com\/en\/wp-json\/wp\/v2\/types\/product"}],"wp:featuredmedia":[{"embeddable":true,"href":"https:\/\/empow-her.com\/en\/wp-json\/wp\/v2\/media\/256678"}],"wp:attachment":[{"href":"https:\/\/empow-her.com\/en\/wp-json\/wp\/v2\/media?parent=256658"}],"wp:term":[{"taxonomy":"product_brand","embeddable":true,"href":"https:\/\/empow-her.com\/en\/wp-json\/wp\/v2\/product_brand?post=256658"},{"taxonomy":"product_cat","embeddable":true,"href":"https:\/\/empow-her.com\/en\/wp-json\/wp\/v2\/product_cat?post=256658"},{"taxonomy":"product_tag","embeddable":true,"href":"https:\/\/empow-her.com\/en\/wp-json\/wp\/v2\/product_tag?post=256658"},{"taxonomy":"lieu","embeddable":true,"href":"https:\/\/empow-her.com\/en\/wp-json\/wp\/v2\/lieu?post=256658"},{"taxonomy":"thematiques","embeddable":true,"href":"https:\/\/empow-her.com\/en\/wp-json\/wp\/v2\/thematiques?post=256658"}],"curies":[{"name":"wp","href":"https:\/\/api.w.org\/{rel}","templated":true}]}}