{"id":256639,"date":"2024-09-13T14:35:57","date_gmt":"2024-09-13T12:35:57","guid":{"rendered":"https:\/\/empow-her.com\/?post_type=product&#038;p=256639"},"modified":"2024-09-23T15:29:31","modified_gmt":"2024-09-23T13:29:31","slug":"deconstruire-le-romantisme-avec-chez-soi-podcast","status":"publish","type":"product","link":"https:\/\/empow-her.com\/en\/produit\/deconstruire-le-romantisme-avec-chez-soi-podcast\/","title":{"rendered":"D\u00e9construire le romantisme avec Chez Soi Podcast !"},"content":{"rendered":"<h2>Comment l\u2019amour romantique contribue-t-il \u00e0 maintenir les femmes dans des r\u00f4les de soumission et d&#8217;attente ?<\/h2>\n<p>&nbsp;<\/p>\n<p>La d\u00e9construction romantique vous semble \u00eatre un concept flou ou \u00e9loign\u00e9 de vos pr\u00e9occupations ? Vous \u00eates pr\u00e9occup\u00e9\u00b7es par les attentes et r\u00f4les impos\u00e9s par l&#8217;amour romantique, mais n&#8217;avez pas encore eu l&#8217;occasion d&#8217;en parler ? Ou bien \u00eates-vous simplement curieux\u00b7ses d&#8217;explorer ce sujet ?<\/p>\n<p>Alors rendez-vous <strong>Mardi 8 octobre<\/strong> <b>de 19h00 \u00e0 21h30 <\/b>chez Sist&#8217;Her pour un cercle de discussion et d\u00e9bat organis\u00e9 par <strong><a href=\"https:\/\/www.deezer.com\/fr\/show\/1000812971\">CHEZ SOI Podcast<\/a>.<\/strong><\/p>\n<div>\n<div>\u00a0Rejoignez un cercle de discussions et d\u00e9bats d\u00e9di\u00e9 \u00e0 <strong>l&#8217;exploration critique de l&#8217;amour romantique \u00e0 travers les pages du livre <\/strong><em><strong>R\u00e9volution amoureuse<\/strong> : Pour en finir avec le mythe de l&#8217;amour romantique<\/em> de Coral Herrera G\u00f3mez.<\/div>\n<div>\n<p>L\u2019amour romantique, souvent id\u00e9alis\u00e9 et c\u00e9l\u00e9br\u00e9, est en r\u00e9alit\u00e9 une construction profond\u00e9ment ancr\u00e9e dans les dynamiques capitalistes et patriarcales. Il entretient des r\u00f4les et des attentes qui maintiennent les femmes dans des positions de soumission et d\u2019attente passive, les emp\u00eachant de devenir actrices de leur propre vie.<\/p>\n<\/div>\n<div>\n<p>Ce cercle a pour but de d\u00e9construire ces mythes et de questionner comment ces dernies influencent nos vies et nos relations. \u00c0 travers une<strong> s\u00e9rie de lectures et de discussions autour de passages s\u00e9lectionn\u00e9s du livre<\/strong>, nous explorerons ensemble comment ces notions ont fa\u00e7onn\u00e9 nos perceptions et comment nous pouvons les d\u00e9passer pour cr\u00e9er des relations plus \u00e9galitaires et autonomes. &#x1f4aa;<\/p>\n<p>&nbsp;<\/p>\n<\/div>\n<\/div>\n<div><strong>Qui est CHEZ SOI Podcast ?<\/strong><\/div>\n<div><\/div>\n<div><a href=\"https:\/\/www.instagram.com\/chezsoi_podcast\/\">CHEZ SOI<\/a> est un podcast n\u00e9 en mars 2024 cr\u00e9\u00e9 par Marine Michel dont l\u2019essence m\u00eame est de pouvoir apprendre, partager et s\u2019enrichir ensemble avec beaucoup de bienveillance et de sinc\u00e9rit\u00e9, autour de sujets tr\u00e8s divers : relations humaines, psychologie, spiritualit\u00e9, f\u00e9minisme, sexualit\u00e9\u2026 des sujets qui nous concerne tous et toutes, en tant qu\u2019humain.e, d\u2019une fa\u00e7on o\u00f9 d\u2019une autre.<\/div>\n<div><\/div>\n<div><\/div>\n<div><strong>Chez Soi Podcast, examine comment les messages et les r\u00e9cits v\u00e9hicul\u00e9s par les m\u00e9dias, la culture et les interactions sociales influencent notre compr\u00e9hension du monde et fa\u00e7onnent notre identit\u00e9 individuelle et collective.<\/strong><\/div>\n<div><\/div>\n<div><\/div>\n<div class=\"l7ghb35v kjdc1dyq kmwttqpk gh25dzvf jikcssrz\"><strong>Infos pratiques<\/strong><\/div>\n<div><\/div>\n<div class=\"l7ghb35v kjdc1dyq kmwttqpk gh25dzvf jikcssrz\"><span class=\"fxk3tzhb b2rh1bv3 gh55jysx m8h3af8h ewco64xe kjdc1dyq ms56khn7 bq6c9xl4 eohcrkr5 akh3l2rg\"><img decoding=\"async\" src=\"https:\/\/static.xx.fbcdn.net\/images\/emoji.php\/v9\/td7\/1.5\/16\/1f4c5.png\" alt=\"&#x1f4c5;\" width=\"16\" height=\"16\" \/><\/span> L\u2019\u00e9v\u00e9nement se d\u00e9roulera le mardi 8 octobre 2024<\/div>\n<div class=\"l7ghb35v kjdc1dyq kmwttqpk gh25dzvf jikcssrz\">&#x231b;&#xfe0f; De 19h00 \u00e0 21h30<br \/>\n<span class=\"fxk3tzhb b2rh1bv3 gh55jysx m8h3af8h ewco64xe kjdc1dyq ms56khn7 bq6c9xl4 eohcrkr5 akh3l2rg\"><img decoding=\"async\" src=\"https:\/\/static.xx.fbcdn.net\/images\/emoji.php\/v9\/t8b\/1.5\/16\/1f516.png\" alt=\"&#x1f516;\" width=\"16\" height=\"16\" \/><\/span> R\u00e9servation gratuite obligatoire<\/div>\n<div class=\"l7ghb35v kjdc1dyq kmwttqpk gh25dzvf jikcssrz\"><span class=\"fxk3tzhb b2rh1bv3 gh55jysx m8h3af8h ewco64xe kjdc1dyq ms56khn7 bq6c9xl4 eohcrkr5 akh3l2rg\"><img decoding=\"async\" src=\"https:\/\/static.xx.fbcdn.net\/images\/emoji.php\/v9\/t86\/1.5\/16\/1f4cd.png\" alt=\"&#x1f4cd;\" width=\"16\" height=\"16\" \/><\/span> Sist\u2019Her : 82 rue du Faubourg Saint-Martin 75010 Paris<\/div>\n<div><\/div>\n<div><\/div>\n<div class=\"l7ghb35v kjdc1dyq kmwttqpk gh25dzvf jikcssrz\">Ouvert en mars 2021 par l\u2019ONG\u00a0<a href=\"https:\/\/empow-her.com\/\">Empow\u2019Her<\/a>, Sist\u2019Her Paris est un espace de partage et de cr\u00e9ation f\u00e9ministe, accessible \u00e0 tous.tes, d\u00e9di\u00e9 \u00e0 l\u2019\u00e9criture collective d\u2019un nouveau narratif entrepreneurial et \u00e0 l\u2019outillage des combats pour des soci\u00e9t\u00e9s plus justes, durables et \u00e9galitaires.<\/div>\n<div><\/div>\n<div><\/div>\n<div>Retrouvez tous les \u00e9v\u00e9nements des prochains mois chez Sist&#8217;Her dans notre <a href=\"https:\/\/empow-her.com\/agenda-empowher\/\">agenda<\/a> !<\/div>\n<div><\/div>\n<div><\/div>\n<div>Suivez Sist&#8217;Her sur notre <a href=\"https:\/\/www.instagram.com\/sisther.paris\/\">Instagram<\/a> !<\/div>\n<div><\/div>\n<div><\/div>\n<div class=\"l7ghb35v kjdc1dyq kmwttqpk gh25dzvf jikcssrz\">\u00c0 tr\u00e8s vite ! <span class=\"fxk3tzhb b2rh1bv3 gh55jysx m8h3af8h ewco64xe kjdc1dyq ms56khn7 bq6c9xl4 eohcrkr5 akh3l2rg\"><img loading=\"lazy\" decoding=\"async\" src=\"https:\/\/static.xx.fbcdn.net\/images\/emoji.php\/v9\/t56\/1.5\/16\/1f64c.png\" alt=\"&#x1f64c;\" width=\"16\" height=\"16\" \/><\/span><\/div>\n","protected":false},"excerpt":{"rendered":"<h2>Comment l\u2019amour romantique contribue-t-il \u00e0 maintenir les femmes dans des r\u00f4les de soumission et d&#8217;attente ?<\/h2>\n<p>&nbsp;<\/p>\n<p>La d\u00e9construction romantique vous semble \u00eatre un concept flou ou \u00e9loign\u00e9 de vos pr\u00e9occupations ? Vous \u00eates pr\u00e9occup\u00e9\u00b7es par les attentes et r\u00f4les impos\u00e9s par l&#8217;amour romantique, mais n&#8217;avez pas encore eu l&#8217;occasion d&#8217;en parler ? Ou bien \u00eates-vous simplement curieux\u00b7ses d&#8217;explorer ce sujet ?<\/p>\n<p>Alors rendez-vous <strong>Mardi 8 octobre<\/strong> <b>de 19h00 \u00e0 21h30 <\/b>chez Sist&#8217;Her pour un cercle de discussion et d\u00e9bat organis\u00e9 par <strong><a href=\"https:\/\/www.deezer.com\/fr\/show\/1000812971\">CHEZ SOI Podcast<\/a>.<\/strong><\/p>\n<div>\n<div>\u00a0Rejoignez un cercle de discussions et d\u00e9bats d\u00e9di\u00e9 \u00e0 <strong>l&#8217;exploration critique de l&#8217;amour romantique \u00e0 travers les pages du livre <\/strong><em><strong>R\u00e9volution amoureuse<\/strong> : Pour en finir avec le mythe de l&#8217;amour romantique<\/em> de Coral Herrera G\u00f3mez.<\/div>\n<div>\n<p>L\u2019amour romantique, souvent id\u00e9alis\u00e9 et c\u00e9l\u00e9br\u00e9, est en r\u00e9alit\u00e9 une construction profond\u00e9ment ancr\u00e9e dans les dynamiques capitalistes et patriarcales. Il entretient des r\u00f4les et des attentes qui maintiennent les femmes dans des positions de soumission et d\u2019attente passive, les emp\u00eachant de devenir actrices de leur propre vie.<\/p>\n<\/div>\n<div>\n<p>Ce cercle a pour but de d\u00e9construire ces mythes et de questionner comment ces dernies influencent nos vies et nos relations. \u00c0 travers une<strong> s\u00e9rie de lectures et de discussions autour de passages s\u00e9lectionn\u00e9s du livre<\/strong>, nous explorerons ensemble comment ces notions ont fa\u00e7onn\u00e9 nos perceptions et comment nous pouvons les d\u00e9passer pour cr\u00e9er des relations plus \u00e9galitaires et autonomes. &#x1f4aa;<\/p>\n<p>&nbsp;<\/p>\n<\/div>\n<\/div>\n<div><strong>Qui est CHEZ SOI Podcast ?<\/strong><\/div>\n<div><\/div>\n<div><a href=\"https:\/\/www.instagram.com\/chezsoi_podcast\/\">CHEZ SOI<\/a> est un podcast n\u00e9 en mars 2024 cr\u00e9\u00e9 par Marine Michel dont l\u2019essence m\u00eame est de pouvoir apprendre, partager et s\u2019enrichir ensemble avec beaucoup de bienveillance et de sinc\u00e9rit\u00e9, autour de sujets tr\u00e8s divers : relations humaines, psychologie, spiritualit\u00e9, f\u00e9minisme, sexualit\u00e9\u2026 des sujets qui nous concerne tous et toutes, en tant qu\u2019humain.e, d\u2019une fa\u00e7on o\u00f9 d\u2019une autre.<\/div>\n<div><\/div>\n<div><\/div>\n<div><strong>Chez Soi Podcast, examine comment les messages et les r\u00e9cits v\u00e9hicul\u00e9s par les m\u00e9dias, la culture et les interactions sociales influencent notre compr\u00e9hension du monde et fa\u00e7onnent notre identit\u00e9 individuelle et collective.<\/strong><\/div>\n<div><\/div>\n<div><\/div>\n<div class=\"l7ghb35v kjdc1dyq kmwttqpk gh25dzvf jikcssrz\"><strong>Infos pratiques<\/strong><\/div>\n<div><\/div>\n<div class=\"l7ghb35v kjdc1dyq kmwttqpk gh25dzvf jikcssrz\"><span class=\"fxk3tzhb b2rh1bv3 gh55jysx m8h3af8h ewco64xe kjdc1dyq ms56khn7 bq6c9xl4 eohcrkr5 akh3l2rg\"><img decoding=\"async\" src=\"https:\/\/static.xx.fbcdn.net\/images\/emoji.php\/v9\/td7\/1.5\/16\/1f4c5.png\" alt=\"&#x1f4c5;\" width=\"16\" height=\"16\" \/><\/span> L\u2019\u00e9v\u00e9nement se d\u00e9roulera le mardi 8 octobre 2024<\/div>\n<div class=\"l7ghb35v kjdc1dyq kmwttqpk gh25dzvf jikcssrz\">&#x231b;&#xfe0f; De 19h00 \u00e0 21h30<br \/>\n<span class=\"fxk3tzhb b2rh1bv3 gh55jysx m8h3af8h ewco64xe kjdc1dyq ms56khn7 bq6c9xl4 eohcrkr5 akh3l2rg\"><img decoding=\"async\" src=\"https:\/\/static.xx.fbcdn.net\/images\/emoji.php\/v9\/t8b\/1.5\/16\/1f516.png\" alt=\"&#x1f516;\" width=\"16\" height=\"16\" \/><\/span> R\u00e9servation gratuite obligatoire<\/div>\n<div class=\"l7ghb35v kjdc1dyq kmwttqpk gh25dzvf jikcssrz\"><span class=\"fxk3tzhb b2rh1bv3 gh55jysx m8h3af8h ewco64xe kjdc1dyq ms56khn7 bq6c9xl4 eohcrkr5 akh3l2rg\"><img decoding=\"async\" src=\"https:\/\/static.xx.fbcdn.net\/images\/emoji.php\/v9\/t86\/1.5\/16\/1f4cd.png\" alt=\"&#x1f4cd;\" width=\"16\" height=\"16\" \/><\/span> Sist\u2019Her : 82 rue du Faubourg Saint-Martin 75010 Paris<\/div>\n<div><\/div>\n<div><\/div>\n<div class=\"l7ghb35v kjdc1dyq kmwttqpk gh25dzvf jikcssrz\">Ouvert en mars 2021 par l\u2019ONG\u00a0<a href=\"https:\/\/empow-her.com\/\">Empow\u2019Her<\/a>, Sist\u2019Her Paris est un espace de partage et de cr\u00e9ation f\u00e9ministe, accessible \u00e0 tous.tes, d\u00e9di\u00e9 \u00e0 l\u2019\u00e9criture collective d\u2019un nouveau narratif entrepreneurial et \u00e0 l\u2019outillage des combats pour des soci\u00e9t\u00e9s plus justes, durables et \u00e9galitaires.<\/div>\n<div><\/div>\n<div><\/div>\n<div>Retrouvez tous les \u00e9v\u00e9nements des prochains mois chez Sist&#8217;Her dans notre <a href=\"https:\/\/empow-her.com\/agenda-empowher\/\">agenda<\/a> !<\/div>\n<div><\/div>\n<div><\/div>\n<div>Suivez Sist&#8217;Her sur notre <a href=\"https:\/\/www.instagram.com\/sisther.paris\/\">Instagram<\/a> !<\/div>\n<div><\/div>\n<div><\/div>\n<div class=\"l7ghb35v kjdc1dyq kmwttqpk gh25dzvf jikcssrz\">\u00c0 tr\u00e8s vite ! <span class=\"fxk3tzhb b2rh1bv3 gh55jysx m8h3af8h ewco64xe kjdc1dyq ms56khn7 bq6c9xl4 eohcrkr5 akh3l2rg\"><img loading=\"lazy\" decoding=\"async\" src=\"https:\/\/static.xx.fbcdn.net\/images\/emoji.php\/v9\/t56\/1.5\/16\/1f64c.png\" alt=\"&#x1f64c;\" width=\"16\" height=\"16\" \/><\/span><\/div>\n","protected":false},"featured_media":258028,"template":"","format":"standard","meta":{"_acf_changed":false,"om_disable_all_campaigns":false,"_uf_show_specific_survey":0,"_uf_disable_surveys":false},"product_brand":[],"product_cat":[119],"product_tag":[],"lieu":[127],"thematiques":[],"class_list":{"0":"post-256639","1":"product","2":"type-product","3":"status-publish","4":"format-standard","5":"has-post-thumbnail","7":"product_cat-evenement-sisther","8":"lieu-hub-empowher","10":"first","11":"instock","12":"virtual","13":"purchasable","14":"product-type-appointment"},"exclude_global_add_ons":[],"addons":[],"acf":[],"yoast_head":"<!-- This site is optimized with the Yoast SEO plugin v24.8 - https:\/\/yoast.com\/wordpress\/plugins\/seo\/ -->\n<title>D\u00e9construire le romantisme avec Chez Soi Podcast !<\/title>\n<meta name=\"description\" content=\"Examinez comment l&#039;amour romantique, souvent id\u00e9alis\u00e9, est fa\u00e7onn\u00e9 par des dynamiques capitalistes et patriarcales.\" \/>\n<meta name=\"robots\" content=\"index, follow, max-snippet:-1, max-image-preview:large, max-video-preview:-1\" \/>\n<link rel=\"canonical\" href=\"https:\/\/empow-her.com\/en\/produit\/deconstruire-le-romantisme-avec-chez-soi-podcast\/\" \/>\n<meta property=\"og:locale\" content=\"en_US\" \/>\n<meta property=\"og:type\" content=\"article\" \/>\n<meta property=\"og:title\" content=\"D\u00e9construire le romantisme avec Chez Soi Podcast !\" \/>\n<meta property=\"og:description\" content=\"Examinez comment l&#039;amour romantique, souvent id\u00e9alis\u00e9, est fa\u00e7onn\u00e9 par des dynamiques capitalistes et patriarcales.\" \/>\n<meta property=\"og:url\" content=\"https:\/\/empow-her.com\/en\/produit\/deconstruire-le-romantisme-avec-chez-soi-podcast\/\" \/>\n<meta property=\"og:site_name\" content=\"Empow&#039;Her\" \/>\n<meta property=\"article:modified_time\" content=\"2024-09-23T13:29:31+00:00\" \/>\n<meta property=\"og:image\" content=\"https:\/\/empow-her.com\/wp-content\/uploads\/2024\/09\/CHEZ-SOI-PODCAST-3.png\" \/>\n\t<meta property=\"og:image:width\" content=\"1080\" \/>\n\t<meta property=\"og:image:height\" content=\"1080\" \/>\n\t<meta property=\"og:image:type\" content=\"image\/png\" \/>\n<meta name=\"twitter:card\" content=\"summary_large_image\" \/>\n<meta name=\"twitter:label1\" content=\"Est. reading time\" \/>\n\t<meta name=\"twitter:data1\" content=\"4 minutes\" \/>\n<script type=\"application\/ld+json\" class=\"yoast-schema-graph\">{\"@context\":\"https:\/\/schema.org\",\"@graph\":[{\"@type\":\"WebPage\",\"@id\":\"https:\/\/empow-her.com\/en\/produit\/deconstruire-le-romantisme-avec-chez-soi-podcast\/\",\"url\":\"https:\/\/empow-her.com\/en\/produit\/deconstruire-le-romantisme-avec-chez-soi-podcast\/\",\"name\":\"D\u00e9construire le romantisme avec Chez Soi Podcast !\",\"isPartOf\":{\"@id\":\"https:\/\/empow-her.com\/#website\"},\"primaryImageOfPage\":{\"@id\":\"https:\/\/empow-her.com\/en\/produit\/deconstruire-le-romantisme-avec-chez-soi-podcast\/#primaryimage\"},\"image\":{\"@id\":\"https:\/\/empow-her.com\/en\/produit\/deconstruire-le-romantisme-avec-chez-soi-podcast\/#primaryimage\"},\"thumbnailUrl\":\"https:\/\/empow-her.com\/wp-content\/uploads\/2024\/09\/CHEZ-SOI-PODCAST-3.png\",\"datePublished\":\"2024-09-13T12:35:57+00:00\",\"dateModified\":\"2024-09-23T13:29:31+00:00\",\"description\":\"Examinez comment l'amour romantique, souvent id\u00e9alis\u00e9, est fa\u00e7onn\u00e9 par des dynamiques capitalistes et patriarcales.\",\"breadcrumb\":{\"@id\":\"https:\/\/empow-her.com\/en\/produit\/deconstruire-le-romantisme-avec-chez-soi-podcast\/#breadcrumb\"},\"inLanguage\":\"en-US\",\"potentialAction\":[{\"@type\":\"ReadAction\",\"target\":[\"https:\/\/empow-her.com\/en\/produit\/deconstruire-le-romantisme-avec-chez-soi-podcast\/\"]}]},{\"@type\":\"ImageObject\",\"inLanguage\":\"en-US\",\"@id\":\"https:\/\/empow-her.com\/en\/produit\/deconstruire-le-romantisme-avec-chez-soi-podcast\/#primaryimage\",\"url\":\"https:\/\/empow-her.com\/wp-content\/uploads\/2024\/09\/CHEZ-SOI-PODCAST-3.png\",\"contentUrl\":\"https:\/\/empow-her.com\/wp-content\/uploads\/2024\/09\/CHEZ-SOI-PODCAST-3.png\",\"width\":1080,\"height\":1080},{\"@type\":\"BreadcrumbList\",\"@id\":\"https:\/\/empow-her.com\/en\/produit\/deconstruire-le-romantisme-avec-chez-soi-podcast\/#breadcrumb\",\"itemListElement\":[{\"@type\":\"ListItem\",\"position\":1,\"name\":\"Accueil\",\"item\":\"https:\/\/empow-her.com\/en\/landing-page\/\"},{\"@type\":\"ListItem\",\"position\":2,\"name\":\"LA BOUTIQUE\",\"item\":\"https:\/\/empow-her.com\/boutique\/\"},{\"@type\":\"ListItem\",\"position\":3,\"name\":\"D\u00e9construire le romantisme avec Chez Soi Podcast !\"}]},{\"@type\":\"WebSite\",\"@id\":\"https:\/\/empow-her.com\/#website\",\"url\":\"https:\/\/empow-her.com\/\",\"name\":\"Empow&#039;Her\",\"description\":\"Women Development\",\"potentialAction\":[{\"@type\":\"SearchAction\",\"target\":{\"@type\":\"EntryPoint\",\"urlTemplate\":\"https:\/\/empow-her.com\/?s={search_term_string}\"},\"query-input\":{\"@type\":\"PropertyValueSpecification\",\"valueRequired\":true,\"valueName\":\"search_term_string\"}}],\"inLanguage\":\"en-US\"}]}<\/script>\n<!-- \/ Yoast SEO plugin. -->","yoast_head_json":{"title":"D\u00e9construire le romantisme avec Chez Soi Podcast !","description":"Examinez comment l'amour romantique, souvent id\u00e9alis\u00e9, est fa\u00e7onn\u00e9 par des dynamiques capitalistes et patriarcales.","robots":{"index":"index","follow":"follow","max-snippet":"max-snippet:-1","max-image-preview":"max-image-preview:large","max-video-preview":"max-video-preview:-1"},"canonical":"https:\/\/empow-her.com\/en\/produit\/deconstruire-le-romantisme-avec-chez-soi-podcast\/","og_locale":"en_US","og_type":"article","og_title":"D\u00e9construire le romantisme avec Chez Soi Podcast !","og_description":"Examinez comment l'amour romantique, souvent id\u00e9alis\u00e9, est fa\u00e7onn\u00e9 par des dynamiques capitalistes et patriarcales.","og_url":"https:\/\/empow-her.com\/en\/produit\/deconstruire-le-romantisme-avec-chez-soi-podcast\/","og_site_name":"Empow&#039;Her","article_modified_time":"2024-09-23T13:29:31+00:00","og_image":[{"width":1080,"height":1080,"url":"https:\/\/empow-her.com\/wp-content\/uploads\/2024\/09\/CHEZ-SOI-PODCAST-3.png","type":"image\/png"}],"twitter_card":"summary_large_image","twitter_misc":{"Est. reading time":"4 minutes"},"schema":{"@context":"https:\/\/schema.org","@graph":[{"@type":"WebPage","@id":"https:\/\/empow-her.com\/en\/produit\/deconstruire-le-romantisme-avec-chez-soi-podcast\/","url":"https:\/\/empow-her.com\/en\/produit\/deconstruire-le-romantisme-avec-chez-soi-podcast\/","name":"D\u00e9construire le romantisme avec Chez Soi Podcast !","isPartOf":{"@id":"https:\/\/empow-her.com\/#website"},"primaryImageOfPage":{"@id":"https:\/\/empow-her.com\/en\/produit\/deconstruire-le-romantisme-avec-chez-soi-podcast\/#primaryimage"},"image":{"@id":"https:\/\/empow-her.com\/en\/produit\/deconstruire-le-romantisme-avec-chez-soi-podcast\/#primaryimage"},"thumbnailUrl":"https:\/\/empow-her.com\/wp-content\/uploads\/2024\/09\/CHEZ-SOI-PODCAST-3.png","datePublished":"2024-09-13T12:35:57+00:00","dateModified":"2024-09-23T13:29:31+00:00","description":"Examinez comment l'amour romantique, souvent id\u00e9alis\u00e9, est fa\u00e7onn\u00e9 par des dynamiques capitalistes et patriarcales.","breadcrumb":{"@id":"https:\/\/empow-her.com\/en\/produit\/deconstruire-le-romantisme-avec-chez-soi-podcast\/#breadcrumb"},"inLanguage":"en-US","potentialAction":[{"@type":"ReadAction","target":["https:\/\/empow-her.com\/en\/produit\/deconstruire-le-romantisme-avec-chez-soi-podcast\/"]}]},{"@type":"ImageObject","inLanguage":"en-US","@id":"https:\/\/empow-her.com\/en\/produit\/deconstruire-le-romantisme-avec-chez-soi-podcast\/#primaryimage","url":"https:\/\/empow-her.com\/wp-content\/uploads\/2024\/09\/CHEZ-SOI-PODCAST-3.png","contentUrl":"https:\/\/empow-her.com\/wp-content\/uploads\/2024\/09\/CHEZ-SOI-PODCAST-3.png","width":1080,"height":1080},{"@type":"BreadcrumbList","@id":"https:\/\/empow-her.com\/en\/produit\/deconstruire-le-romantisme-avec-chez-soi-podcast\/#breadcrumb","itemListElement":[{"@type":"ListItem","position":1,"name":"Accueil","item":"https:\/\/empow-her.com\/en\/landing-page\/"},{"@type":"ListItem","position":2,"name":"LA BOUTIQUE","item":"https:\/\/empow-her.com\/boutique\/"},{"@type":"ListItem","position":3,"name":"D\u00e9construire le romantisme avec Chez Soi Podcast !"}]},{"@type":"WebSite","@id":"https:\/\/empow-her.com\/#website","url":"https:\/\/empow-her.com\/","name":"Empow&#039;Her","description":"Women Development","potentialAction":[{"@type":"SearchAction","target":{"@type":"EntryPoint","urlTemplate":"https:\/\/empow-her.com\/?s={search_term_string}"},"query-input":{"@type":"PropertyValueSpecification","valueRequired":true,"valueName":"search_term_string"}}],"inLanguage":"en-US"}]}},"_links":{"self":[{"href":"https:\/\/empow-her.com\/en\/wp-json\/wp\/v2\/product\/256639","targetHints":{"allow":["GET"]}}],"collection":[{"href":"https:\/\/empow-her.com\/en\/wp-json\/wp\/v2\/product"}],"about":[{"href":"https:\/\/empow-her.com\/en\/wp-json\/wp\/v2\/types\/product"}],"wp:featuredmedia":[{"embeddable":true,"href":"https:\/\/empow-her.com\/en\/wp-json\/wp\/v2\/media\/258028"}],"wp:attachment":[{"href":"https:\/\/empow-her.com\/en\/wp-json\/wp\/v2\/media?parent=256639"}],"wp:term":[{"taxonomy":"product_brand","embeddable":true,"href":"https:\/\/empow-her.com\/en\/wp-json\/wp\/v2\/product_brand?post=256639"},{"taxonomy":"product_cat","embeddable":true,"href":"https:\/\/empow-her.com\/en\/wp-json\/wp\/v2\/product_cat?post=256639"},{"taxonomy":"product_tag","embeddable":true,"href":"https:\/\/empow-her.com\/en\/wp-json\/wp\/v2\/product_tag?post=256639"},{"taxonomy":"lieu","embeddable":true,"href":"https:\/\/empow-her.com\/en\/wp-json\/wp\/v2\/lieu?post=256639"},{"taxonomy":"thematiques","embeddable":true,"href":"https:\/\/empow-her.com\/en\/wp-json\/wp\/v2\/thematiques?post=256639"}],"curies":[{"name":"wp","href":"https:\/\/api.w.org\/{rel}","templated":true}]}}