{"id":256373,"date":"2024-09-10T12:33:14","date_gmt":"2024-09-10T10:33:14","guid":{"rendered":"https:\/\/empow-her.com\/?post_type=product&#038;p=256373"},"modified":"2024-10-28T13:55:22","modified_gmt":"2024-10-28T12:55:22","slug":"atelier-les-fondamentaux-des-contrats","status":"publish","type":"product","link":"https:\/\/empow-her.com\/en\/produit\/atelier-les-fondamentaux-des-contrats\/","title":{"rendered":"Atelier &#8211; Les fondamentaux des contrats"},"content":{"rendered":"<p><span data-sheets-value=\"{&quot;1&quot;:2,&quot;2&quot;:&quot;Besoins : Vous avez imagin\u00e9 une premi\u00e8re offre et identifi\u00e9 vos premier\u00b7es client\u00b7es et b\u00e9n\u00e9ficiaires mais vous ne savez pas par o\u00f9 commencer pour la commercialiser ? Quels sont les canaux \u00e0 utiliser ? Comment pr\u00e9senter son offre ? Quels objectifs commerciaux se fixer et comment les atteindre ?nnPendant cet atelier, nous parcourerons ensemble plusieurs th\u00e9matiques :n- Savoir pr\u00e9senter son offre de fa\u00e7on rapide et percutanten- Identifier ses principaux canaux de prospection en fonction de ses ciblesn- Ma\u00eetriser des bonnes pratiques commercialesn- Planifier sa prospection et sa vente pour avoir de la visibilit\u00e9.nnA la fin de l'atelier, vous aurez \u00e9labor\u00e9 un pitch commercial impactant, vous saurez adopter une posture empathique vis-\u00e0-vis de vos client\u00b7es et b\u00e9n\u00e9ficiaires cibles et sur quels canaux vous appuyer. Vous aurez aussi une vision plus claire de vos prochaines actions commerciales et vous pourrez vous lancer en confiance.nnPr\u00e9-requis : avoir \u00e9bauch\u00e9 une premi\u00e8re offre de produit(s) ou de service(s) et avoir identifi\u00e9 les cibles aupr\u00e8s desquelles vous souhaitez la commercialiser. nnAttention ! Veuillez vous pr\u00e9senter \u00e0 l'heure pour que l'activit\u00e9 puisse commencer \u00e0 temps. Si vous avez du retard veuillez pr\u00e9venir l'intervenant.e. Si vous avez plus de 15 min de retard l'intervenant.e se r\u00e9serve le droit de ne plus vous accepter pour le coaching ou l'atelier.n&quot;}\" data-sheets-userformat=\"{&quot;2&quot;:4995,&quot;3&quot;:{&quot;1&quot;:0},&quot;4&quot;:{&quot;1&quot;:2,&quot;2&quot;:16773836},&quot;10&quot;:1,&quot;11&quot;:4,&quot;12&quot;:0,&quot;15&quot;:&quot;Hind&quot;}\"><strong>Description <\/strong>: Je lance mon activit\u00e9 et je suis perdue dans les contrats \u00e0 mettre en place ? J\u2019ai besoin de savoir si je dois r\u00e9diger des CGV, des CGA, des CGU, une politique de confidentialit\u00e9 ? Cet atelier pr\u00e9sente les contrats principaux inh\u00e9rents \u00e0 une activit\u00e9 commerciale, afin de permettre aux porteuses de projet d&#8217;identifier les clauses contractuelles indispensables. L&#8217;atelier inclut \u00e9galement une introduction \u00e0 la protection des donn\u00e9es personnelles au regard du RGPD.\u00a0<\/span><\/p>\n<p><strong>Besoins :<\/strong> &#8220;J&#8217;ai un projet mais je ne sais pas quelles d\u00e9marches juridiques \u00e0 effectuer pour lancer mon activit\u00e9. Comment \u00e9crire les stauts ? Comment immatriculer une soci\u00e9t\u00e9 ? Comment prot\u00e9ger ma marque et la valoriser aupr\u00e8s de mes clients mes cr\u00e9ations ?&#8221;<\/p>\n<p>Cet atelier pr\u00e9sente les diff\u00e9rents d\u00e9marches juridiques \u00e0 faire lors du lancement de votre activit\u00e9. Nous aborderons les sujets li\u00e9s au droits de propri\u00e9t\u00e9 intellectuelle (le droit d\u2019auteur, le brevet, le savoir-faire, les mod\u00e8les, marque&#8230; ), ainsi que les d\u00e9marches \u00e0 mettre en place, afin de les pr\u00e9server. Il pr\u00e9sente \u00e9galement les outils n\u00e9cessaires, afin d&#8217;identifier les droits des tiers et les risques encourus en cas d&#8217;exploitation sans droit. Nous aborderons efin les documents juridiques \u00e0 pr\u00e9parer pour lancer mon activit\u00e9<\/p>\n<p><strong>Objectifs : <\/strong>Identifier les documents juridiques \u00e0 mettre en place lors du lancement de son activit\u00e9<\/p>\n<p><strong>Pr\u00e9-requis<\/strong> : Avoir d\u00e9j\u00e0 une id\u00e9e du nom et de marque. Pr\u00eate pour faire les d\u00e9marches juridiques pour lancer son activit\u00e9.<\/p>\n<p><strong>Intervenant.e : Julie Cambianica d&#8217;Impact Lawyers.<\/strong><\/p>\n<p>Avocate, j\u2019accompagne les entrepreneuses depuis plusieurs ann\u00e9es afin de les aider \u00e0 r\u00e9diger leurs contrats commerciaux et \u00e0 mettre en conformit\u00e9 leur site Internet (RGPD) !<\/p>\n<p>Mes domaines de comp\u00e9tence: les contrats, les relations commerciales, les donn\u00e9es personnelles, les impay\u00e9s, les conflits entre entreprises.<\/p>\n<p><strong>Son super pouvoir<\/strong> : Adapter le juridique \u00e0 votre projet !<\/p>\n<p><strong>Son petit mot :<\/strong> Bravo, en vous lan\u00e7ant vous avez (d\u00e9j\u00e0) fait le plus difficile!<br \/>\nCroyez en vous et profitez de l\u2019accompagnement offert par le programme ! Le collectif Impact Lawyers est l\u00e0 pour permettre d\u2019adapter le juridique \u00e0 votre projet !<\/p>\n<p><strong>Attention !<\/strong> Veuillez vous pr\u00e9senter \u00e0 l&#8217;heure pour que l&#8217;activit\u00e9 puisse commencer \u00e0 temps. Si vous avez du retard veuillez pr\u00e9venir l&#8217;\u00e9quipe d&#8217;Empow&#8217;Her : <a href=\"mailto:contact.france@empow-her.com\">contact.france@empow-her.com<\/a>\u00a0. Si vous avez plus de 15 min de retard l&#8217;intervenant.e se r\u00e9serve le droit de ne plus vous accepter pour le coaching ou l&#8217;atelier.<\/p>\n","protected":false},"excerpt":{"rendered":"<p><span data-sheets-value=\"{&quot;1&quot;:2,&quot;2&quot;:&quot;Besoins : Vous avez imagin\u00e9 une premi\u00e8re offre et identifi\u00e9 vos premier\u00b7es client\u00b7es et b\u00e9n\u00e9ficiaires mais vous ne savez pas par o\u00f9 commencer pour la commercialiser ? Quels sont les canaux \u00e0 utiliser ? Comment pr\u00e9senter son offre ? Quels objectifs commerciaux se fixer et comment les atteindre ?nnPendant cet atelier, nous parcourerons ensemble plusieurs th\u00e9matiques :n- Savoir pr\u00e9senter son offre de fa\u00e7on rapide et percutanten- Identifier ses principaux canaux de prospection en fonction de ses ciblesn- Ma\u00eetriser des bonnes pratiques commercialesn- Planifier sa prospection et sa vente pour avoir de la visibilit\u00e9.nnA la fin de l'atelier, vous aurez \u00e9labor\u00e9 un pitch commercial impactant, vous saurez adopter une posture empathique vis-\u00e0-vis de vos client\u00b7es et b\u00e9n\u00e9ficiaires cibles et sur quels canaux vous appuyer. Vous aurez aussi une vision plus claire de vos prochaines actions commerciales et vous pourrez vous lancer en confiance.nnPr\u00e9-requis : avoir \u00e9bauch\u00e9 une premi\u00e8re offre de produit(s) ou de service(s) et avoir identifi\u00e9 les cibles aupr\u00e8s desquelles vous souhaitez la commercialiser. nnAttention ! Veuillez vous pr\u00e9senter \u00e0 l'heure pour que l'activit\u00e9 puisse commencer \u00e0 temps. Si vous avez du retard veuillez pr\u00e9venir l'intervenant.e. Si vous avez plus de 15 min de retard l'intervenant.e se r\u00e9serve le droit de ne plus vous accepter pour le coaching ou l'atelier.n&quot;}\" data-sheets-userformat=\"{&quot;2&quot;:4995,&quot;3&quot;:{&quot;1&quot;:0},&quot;4&quot;:{&quot;1&quot;:2,&quot;2&quot;:16773836},&quot;10&quot;:1,&quot;11&quot;:4,&quot;12&quot;:0,&quot;15&quot;:&quot;Hind&quot;}\"><strong>Description <\/strong>: Je lance mon activit\u00e9 et je suis perdue dans les contrats \u00e0 mettre en place ? J\u2019ai besoin de savoir si je dois r\u00e9diger des CGV, des CGA, des CGU, une politique de confidentialit\u00e9 ? Cet atelier pr\u00e9sente les contrats principaux inh\u00e9rents \u00e0 une activit\u00e9 commerciale, afin de permettre aux porteuses de projet d&#8217;identifier les clauses contractuelles indispensables. L&#8217;atelier inclut \u00e9galement une introduction \u00e0 la protection des donn\u00e9es personnelles au regard du RGPD.\u00a0<\/span><\/p>\n<p><strong>Besoins :<\/strong> &#8220;J&#8217;ai un projet mais je ne sais pas quelles d\u00e9marches juridiques \u00e0 effectuer pour lancer mon activit\u00e9. Comment \u00e9crire les stauts ? Comment immatriculer une soci\u00e9t\u00e9 ? Comment prot\u00e9ger ma marque et la valoriser aupr\u00e8s de mes clients mes cr\u00e9ations ?&#8221;<\/p>\n<p>Cet atelier pr\u00e9sente les diff\u00e9rents d\u00e9marches juridiques \u00e0 faire lors du lancement de votre activit\u00e9. Nous aborderons les sujets li\u00e9s au droits de propri\u00e9t\u00e9 intellectuelle (le droit d\u2019auteur, le brevet, le savoir-faire, les mod\u00e8les, marque&#8230; ), ainsi que les d\u00e9marches \u00e0 mettre en place, afin de les pr\u00e9server. Il pr\u00e9sente \u00e9galement les outils n\u00e9cessaires, afin d&#8217;identifier les droits des tiers et les risques encourus en cas d&#8217;exploitation sans droit. Nous aborderons efin les documents juridiques \u00e0 pr\u00e9parer pour lancer mon activit\u00e9<\/p>\n<p><strong>Objectifs : <\/strong>Identifier les documents juridiques \u00e0 mettre en place lors du lancement de son activit\u00e9<\/p>\n<p><strong>Pr\u00e9-requis<\/strong> : Avoir d\u00e9j\u00e0 une id\u00e9e du nom et de marque. Pr\u00eate pour faire les d\u00e9marches juridiques pour lancer son activit\u00e9.<\/p>\n<p><strong>Intervenant.e : Julie Cambianica d&#8217;Impact Lawyers.<\/strong><\/p>\n<p>Avocate, j\u2019accompagne les entrepreneuses depuis plusieurs ann\u00e9es afin de les aider \u00e0 r\u00e9diger leurs contrats commerciaux et \u00e0 mettre en conformit\u00e9 leur site Internet (RGPD) !<\/p>\n<p>Mes domaines de comp\u00e9tence: les contrats, les relations commerciales, les donn\u00e9es personnelles, les impay\u00e9s, les conflits entre entreprises.<\/p>\n<p><strong>Son super pouvoir<\/strong> : Adapter le juridique \u00e0 votre projet !<\/p>\n<p><strong>Son petit mot :<\/strong> Bravo, en vous lan\u00e7ant vous avez (d\u00e9j\u00e0) fait le plus difficile!<br \/>\nCroyez en vous et profitez de l\u2019accompagnement offert par le programme ! Le collectif Impact Lawyers est l\u00e0 pour permettre d\u2019adapter le juridique \u00e0 votre projet !<\/p>\n<p><strong>Attention !<\/strong> Veuillez vous pr\u00e9senter \u00e0 l&#8217;heure pour que l&#8217;activit\u00e9 puisse commencer \u00e0 temps. Si vous avez du retard veuillez pr\u00e9venir l&#8217;\u00e9quipe d&#8217;Empow&#8217;Her : <a href=\"mailto:contact.france@empow-her.com\">contact.france@empow-her.com<\/a>\u00a0. Si vous avez plus de 15 min de retard l&#8217;intervenant.e se r\u00e9serve le droit de ne plus vous accepter pour le coaching ou l&#8217;atelier.<\/p>\n","protected":false},"featured_media":256374,"template":"","format":"standard","meta":{"_acf_changed":false,"om_disable_all_campaigns":false,"_uf_show_specific_survey":0,"_uf_disable_surveys":false},"product_brand":[],"product_cat":[118],"product_tag":[],"lieu":[127],"thematiques":[],"class_list":{"0":"post-256373","1":"product","2":"type-product","3":"status-publish","4":"format-standard","5":"has-post-thumbnail","7":"product_cat-atelier-collectif","8":"lieu-hub-empowher","10":"first","11":"instock","12":"virtual","13":"purchasable","14":"product-type-appointment"},"exclude_global_add_ons":[],"addons":[],"acf":[],"yoast_head":"<!-- This site is optimized with the Yoast SEO plugin v24.8 - https:\/\/yoast.com\/wordpress\/plugins\/seo\/ -->\n<title>Atelier - Les fondamentaux des contrats - Empow&#039;Her<\/title>\n<meta name=\"robots\" content=\"index, follow, max-snippet:-1, max-image-preview:large, max-video-preview:-1\" \/>\n<link rel=\"canonical\" href=\"https:\/\/empow-her.com\/en\/produit\/atelier-les-fondamentaux-des-contrats\/\" \/>\n<meta property=\"og:locale\" content=\"en_US\" \/>\n<meta property=\"og:type\" content=\"article\" \/>\n<meta property=\"og:title\" content=\"Atelier - Les fondamentaux des contrats - Empow&#039;Her\" \/>\n<meta property=\"og:description\" content=\"Description : Je lance mon activit\u00e9 et je suis perdue dans les contrats \u00e0 mettre en place ? J\u2019ai besoin de savoir si je dois r\u00e9diger des CGV, des CGA, des CGU, une politique de confidentialit\u00e9 ? Cet atelier pr\u00e9sente les contrats principaux inh\u00e9rents \u00e0 une activit\u00e9 commerciale, afin de permettre aux porteuses de projet d&#039;identifier les clauses contractuelles indispensables. L&#039;atelier inclut \u00e9galement une introduction \u00e0 la protection des donn\u00e9es personnelles au regard du RGPD.\u00a0  Besoins : &quot;J&#039;ai un projet mais je ne sais pas quelles d\u00e9marches juridiques \u00e0 effectuer pour lancer mon activit\u00e9. Comment \u00e9crire les stauts ? Comment immatriculer une soci\u00e9t\u00e9 ? Comment prot\u00e9ger ma marque et la valoriser aupr\u00e8s de mes clients mes cr\u00e9ations ?&quot;  Cet atelier pr\u00e9sente les diff\u00e9rents d\u00e9marches juridiques \u00e0 faire lors du lancement de votre activit\u00e9. Nous aborderons les sujets li\u00e9s au droits de propri\u00e9t\u00e9 intellectuelle (le droit d\u2019auteur, le brevet, le savoir-faire, les mod\u00e8les, marque... ), ainsi que les d\u00e9marches \u00e0 mettre en place, afin de les pr\u00e9server. Il pr\u00e9sente \u00e9galement les outils n\u00e9cessaires, afin d&#039;identifier les droits des tiers et les risques encourus en cas d&#039;exploitation sans droit. Nous aborderons efin les documents juridiques \u00e0 pr\u00e9parer pour lancer mon activit\u00e9  Objectifs : Identifier les documents juridiques \u00e0 mettre en place lors du lancement de son activit\u00e9  Pr\u00e9-requis : Avoir d\u00e9j\u00e0 une id\u00e9e du nom et de marque. Pr\u00eate pour faire les d\u00e9marches juridiques pour lancer son activit\u00e9.  Intervenant.e : Julie Cambianica d&#039;Impact Lawyers.  Avocate, j\u2019accompagne les entrepreneuses depuis plusieurs ann\u00e9es afin de les aider \u00e0 r\u00e9diger leurs contrats commerciaux et \u00e0 mettre en conformit\u00e9 leur site Internet (RGPD) !  Mes domaines de comp\u00e9tence: les contrats, les relations commerciales, les donn\u00e9es personnelles, les impay\u00e9s, les conflits entre entreprises.  Son super pouvoir : Adapter le juridique \u00e0 votre projet !  Son petit mot : Bravo, en vous lan\u00e7ant vous avez (d\u00e9j\u00e0) fait le plus difficile! Croyez en vous et profitez de l\u2019accompagnement offert par le programme ! Le collectif Impact Lawyers est l\u00e0 pour permettre d\u2019adapter le juridique \u00e0 votre projet !  Attention ! Veuillez vous pr\u00e9senter \u00e0 l&#039;heure pour que l&#039;activit\u00e9 puisse commencer \u00e0 temps. Si vous avez du retard veuillez pr\u00e9venir l&#039;\u00e9quipe d&#039;Empow&#039;Her : contact.france@empow-her.com\u00a0. Si vous avez plus de 15 min de retard l&#039;intervenant.e se r\u00e9serve le droit de ne plus vous accepter pour le coaching ou l&#039;atelier.\" \/>\n<meta property=\"og:url\" content=\"https:\/\/empow-her.com\/en\/produit\/atelier-les-fondamentaux-des-contrats\/\" \/>\n<meta property=\"og:site_name\" content=\"Empow&#039;Her\" \/>\n<meta property=\"article:modified_time\" content=\"2024-10-28T12:55:22+00:00\" \/>\n<meta property=\"og:image\" content=\"https:\/\/empow-her.com\/wp-content\/uploads\/2024\/09\/Women-Dare-templates-events48.png\" \/>\n\t<meta property=\"og:image:width\" content=\"1080\" \/>\n\t<meta property=\"og:image:height\" content=\"1080\" \/>\n\t<meta property=\"og:image:type\" content=\"image\/png\" \/>\n<meta name=\"twitter:card\" content=\"summary_large_image\" \/>\n<meta name=\"twitter:label1\" content=\"Est. reading time\" \/>\n\t<meta name=\"twitter:data1\" content=\"3 minutes\" \/>\n<script type=\"application\/ld+json\" class=\"yoast-schema-graph\">{\"@context\":\"https:\/\/schema.org\",\"@graph\":[{\"@type\":\"WebPage\",\"@id\":\"https:\/\/empow-her.com\/en\/produit\/atelier-les-fondamentaux-des-contrats\/\",\"url\":\"https:\/\/empow-her.com\/en\/produit\/atelier-les-fondamentaux-des-contrats\/\",\"name\":\"Atelier - Les fondamentaux des contrats - Empow&#039;Her\",\"isPartOf\":{\"@id\":\"https:\/\/empow-her.com\/#website\"},\"primaryImageOfPage\":{\"@id\":\"https:\/\/empow-her.com\/en\/produit\/atelier-les-fondamentaux-des-contrats\/#primaryimage\"},\"image\":{\"@id\":\"https:\/\/empow-her.com\/en\/produit\/atelier-les-fondamentaux-des-contrats\/#primaryimage\"},\"thumbnailUrl\":\"https:\/\/empow-her.com\/wp-content\/uploads\/2024\/09\/Women-Dare-templates-events48.png\",\"datePublished\":\"2024-09-10T10:33:14+00:00\",\"dateModified\":\"2024-10-28T12:55:22+00:00\",\"breadcrumb\":{\"@id\":\"https:\/\/empow-her.com\/en\/produit\/atelier-les-fondamentaux-des-contrats\/#breadcrumb\"},\"inLanguage\":\"en-US\",\"potentialAction\":[{\"@type\":\"ReadAction\",\"target\":[\"https:\/\/empow-her.com\/en\/produit\/atelier-les-fondamentaux-des-contrats\/\"]}]},{\"@type\":\"ImageObject\",\"inLanguage\":\"en-US\",\"@id\":\"https:\/\/empow-her.com\/en\/produit\/atelier-les-fondamentaux-des-contrats\/#primaryimage\",\"url\":\"https:\/\/empow-her.com\/wp-content\/uploads\/2024\/09\/Women-Dare-templates-events48.png\",\"contentUrl\":\"https:\/\/empow-her.com\/wp-content\/uploads\/2024\/09\/Women-Dare-templates-events48.png\",\"width\":1080,\"height\":1080},{\"@type\":\"BreadcrumbList\",\"@id\":\"https:\/\/empow-her.com\/en\/produit\/atelier-les-fondamentaux-des-contrats\/#breadcrumb\",\"itemListElement\":[{\"@type\":\"ListItem\",\"position\":1,\"name\":\"Accueil\",\"item\":\"https:\/\/empow-her.com\/en\/landing-page\/\"},{\"@type\":\"ListItem\",\"position\":2,\"name\":\"LA BOUTIQUE\",\"item\":\"https:\/\/empow-her.com\/boutique\/\"},{\"@type\":\"ListItem\",\"position\":3,\"name\":\"Atelier &#8211; Les fondamentaux des contrats\"}]},{\"@type\":\"WebSite\",\"@id\":\"https:\/\/empow-her.com\/#website\",\"url\":\"https:\/\/empow-her.com\/\",\"name\":\"Empow&#039;Her\",\"description\":\"Women Development\",\"potentialAction\":[{\"@type\":\"SearchAction\",\"target\":{\"@type\":\"EntryPoint\",\"urlTemplate\":\"https:\/\/empow-her.com\/?s={search_term_string}\"},\"query-input\":{\"@type\":\"PropertyValueSpecification\",\"valueRequired\":true,\"valueName\":\"search_term_string\"}}],\"inLanguage\":\"en-US\"}]}<\/script>\n<!-- \/ Yoast SEO plugin. -->","yoast_head_json":{"title":"Atelier - Les fondamentaux des contrats - Empow&#039;Her","robots":{"index":"index","follow":"follow","max-snippet":"max-snippet:-1","max-image-preview":"max-image-preview:large","max-video-preview":"max-video-preview:-1"},"canonical":"https:\/\/empow-her.com\/en\/produit\/atelier-les-fondamentaux-des-contrats\/","og_locale":"en_US","og_type":"article","og_title":"Atelier - Les fondamentaux des contrats - Empow&#039;Her","og_description":"Description : Je lance mon activit\u00e9 et je suis perdue dans les contrats \u00e0 mettre en place ? J\u2019ai besoin de savoir si je dois r\u00e9diger des CGV, des CGA, des CGU, une politique de confidentialit\u00e9 ? Cet atelier pr\u00e9sente les contrats principaux inh\u00e9rents \u00e0 une activit\u00e9 commerciale, afin de permettre aux porteuses de projet d'identifier les clauses contractuelles indispensables. L'atelier inclut \u00e9galement une introduction \u00e0 la protection des donn\u00e9es personnelles au regard du RGPD.\u00a0  Besoins : \"J'ai un projet mais je ne sais pas quelles d\u00e9marches juridiques \u00e0 effectuer pour lancer mon activit\u00e9. Comment \u00e9crire les stauts ? Comment immatriculer une soci\u00e9t\u00e9 ? Comment prot\u00e9ger ma marque et la valoriser aupr\u00e8s de mes clients mes cr\u00e9ations ?\"  Cet atelier pr\u00e9sente les diff\u00e9rents d\u00e9marches juridiques \u00e0 faire lors du lancement de votre activit\u00e9. Nous aborderons les sujets li\u00e9s au droits de propri\u00e9t\u00e9 intellectuelle (le droit d\u2019auteur, le brevet, le savoir-faire, les mod\u00e8les, marque... ), ainsi que les d\u00e9marches \u00e0 mettre en place, afin de les pr\u00e9server. Il pr\u00e9sente \u00e9galement les outils n\u00e9cessaires, afin d'identifier les droits des tiers et les risques encourus en cas d'exploitation sans droit. Nous aborderons efin les documents juridiques \u00e0 pr\u00e9parer pour lancer mon activit\u00e9  Objectifs : Identifier les documents juridiques \u00e0 mettre en place lors du lancement de son activit\u00e9  Pr\u00e9-requis : Avoir d\u00e9j\u00e0 une id\u00e9e du nom et de marque. Pr\u00eate pour faire les d\u00e9marches juridiques pour lancer son activit\u00e9.  Intervenant.e : Julie Cambianica d'Impact Lawyers.  Avocate, j\u2019accompagne les entrepreneuses depuis plusieurs ann\u00e9es afin de les aider \u00e0 r\u00e9diger leurs contrats commerciaux et \u00e0 mettre en conformit\u00e9 leur site Internet (RGPD) !  Mes domaines de comp\u00e9tence: les contrats, les relations commerciales, les donn\u00e9es personnelles, les impay\u00e9s, les conflits entre entreprises.  Son super pouvoir : Adapter le juridique \u00e0 votre projet !  Son petit mot : Bravo, en vous lan\u00e7ant vous avez (d\u00e9j\u00e0) fait le plus difficile! Croyez en vous et profitez de l\u2019accompagnement offert par le programme ! Le collectif Impact Lawyers est l\u00e0 pour permettre d\u2019adapter le juridique \u00e0 votre projet !  Attention ! Veuillez vous pr\u00e9senter \u00e0 l'heure pour que l'activit\u00e9 puisse commencer \u00e0 temps. Si vous avez du retard veuillez pr\u00e9venir l'\u00e9quipe d'Empow'Her : contact.france@empow-her.com\u00a0. Si vous avez plus de 15 min de retard l'intervenant.e se r\u00e9serve le droit de ne plus vous accepter pour le coaching ou l'atelier.","og_url":"https:\/\/empow-her.com\/en\/produit\/atelier-les-fondamentaux-des-contrats\/","og_site_name":"Empow&#039;Her","article_modified_time":"2024-10-28T12:55:22+00:00","og_image":[{"width":1080,"height":1080,"url":"https:\/\/empow-her.com\/wp-content\/uploads\/2024\/09\/Women-Dare-templates-events48.png","type":"image\/png"}],"twitter_card":"summary_large_image","twitter_misc":{"Est. reading time":"3 minutes"},"schema":{"@context":"https:\/\/schema.org","@graph":[{"@type":"WebPage","@id":"https:\/\/empow-her.com\/en\/produit\/atelier-les-fondamentaux-des-contrats\/","url":"https:\/\/empow-her.com\/en\/produit\/atelier-les-fondamentaux-des-contrats\/","name":"Atelier - Les fondamentaux des contrats - Empow&#039;Her","isPartOf":{"@id":"https:\/\/empow-her.com\/#website"},"primaryImageOfPage":{"@id":"https:\/\/empow-her.com\/en\/produit\/atelier-les-fondamentaux-des-contrats\/#primaryimage"},"image":{"@id":"https:\/\/empow-her.com\/en\/produit\/atelier-les-fondamentaux-des-contrats\/#primaryimage"},"thumbnailUrl":"https:\/\/empow-her.com\/wp-content\/uploads\/2024\/09\/Women-Dare-templates-events48.png","datePublished":"2024-09-10T10:33:14+00:00","dateModified":"2024-10-28T12:55:22+00:00","breadcrumb":{"@id":"https:\/\/empow-her.com\/en\/produit\/atelier-les-fondamentaux-des-contrats\/#breadcrumb"},"inLanguage":"en-US","potentialAction":[{"@type":"ReadAction","target":["https:\/\/empow-her.com\/en\/produit\/atelier-les-fondamentaux-des-contrats\/"]}]},{"@type":"ImageObject","inLanguage":"en-US","@id":"https:\/\/empow-her.com\/en\/produit\/atelier-les-fondamentaux-des-contrats\/#primaryimage","url":"https:\/\/empow-her.com\/wp-content\/uploads\/2024\/09\/Women-Dare-templates-events48.png","contentUrl":"https:\/\/empow-her.com\/wp-content\/uploads\/2024\/09\/Women-Dare-templates-events48.png","width":1080,"height":1080},{"@type":"BreadcrumbList","@id":"https:\/\/empow-her.com\/en\/produit\/atelier-les-fondamentaux-des-contrats\/#breadcrumb","itemListElement":[{"@type":"ListItem","position":1,"name":"Accueil","item":"https:\/\/empow-her.com\/en\/landing-page\/"},{"@type":"ListItem","position":2,"name":"LA BOUTIQUE","item":"https:\/\/empow-her.com\/boutique\/"},{"@type":"ListItem","position":3,"name":"Atelier &#8211; Les fondamentaux des contrats"}]},{"@type":"WebSite","@id":"https:\/\/empow-her.com\/#website","url":"https:\/\/empow-her.com\/","name":"Empow&#039;Her","description":"Women Development","potentialAction":[{"@type":"SearchAction","target":{"@type":"EntryPoint","urlTemplate":"https:\/\/empow-her.com\/?s={search_term_string}"},"query-input":{"@type":"PropertyValueSpecification","valueRequired":true,"valueName":"search_term_string"}}],"inLanguage":"en-US"}]}},"_links":{"self":[{"href":"https:\/\/empow-her.com\/en\/wp-json\/wp\/v2\/product\/256373","targetHints":{"allow":["GET"]}}],"collection":[{"href":"https:\/\/empow-her.com\/en\/wp-json\/wp\/v2\/product"}],"about":[{"href":"https:\/\/empow-her.com\/en\/wp-json\/wp\/v2\/types\/product"}],"wp:featuredmedia":[{"embeddable":true,"href":"https:\/\/empow-her.com\/en\/wp-json\/wp\/v2\/media\/256374"}],"wp:attachment":[{"href":"https:\/\/empow-her.com\/en\/wp-json\/wp\/v2\/media?parent=256373"}],"wp:term":[{"taxonomy":"product_brand","embeddable":true,"href":"https:\/\/empow-her.com\/en\/wp-json\/wp\/v2\/product_brand?post=256373"},{"taxonomy":"product_cat","embeddable":true,"href":"https:\/\/empow-her.com\/en\/wp-json\/wp\/v2\/product_cat?post=256373"},{"taxonomy":"product_tag","embeddable":true,"href":"https:\/\/empow-her.com\/en\/wp-json\/wp\/v2\/product_tag?post=256373"},{"taxonomy":"lieu","embeddable":true,"href":"https:\/\/empow-her.com\/en\/wp-json\/wp\/v2\/lieu?post=256373"},{"taxonomy":"thematiques","embeddable":true,"href":"https:\/\/empow-her.com\/en\/wp-json\/wp\/v2\/thematiques?post=256373"}],"curies":[{"name":"wp","href":"https:\/\/api.w.org\/{rel}","templated":true}]}}