{"id":256187,"date":"2024-09-05T16:20:24","date_gmt":"2024-09-05T14:20:24","guid":{"rendered":"https:\/\/empow-her.com\/?post_type=product&#038;p=256187"},"modified":"2024-09-05T16:25:27","modified_gmt":"2024-09-05T14:25:27","slug":"atelier-aligner-son-projet-a-ses-leviers-de-motivation","status":"publish","type":"product","link":"https:\/\/empow-her.com\/en\/produit\/atelier-aligner-son-projet-a-ses-leviers-de-motivation\/","title":{"rendered":"Atelier &#8211; Aligner son projet \u00e0 ses leviers de motivation"},"content":{"rendered":"<p><span data-sheets-value=\"{&quot;1&quot;:2,&quot;2&quot;:&quot;Besoins : Vous avez imagin\u00e9 une premi\u00e8re offre et identifi\u00e9 vos premier\u00b7es client\u00b7es et b\u00e9n\u00e9ficiaires mais vous ne savez pas par o\u00f9 commencer pour la commercialiser ? Quels sont les canaux \u00e0 utiliser ? Comment pr\u00e9senter son offre ? Quels objectifs commerciaux se fixer et comment les atteindre ?nnPendant cet atelier, nous parcourerons ensemble plusieurs th\u00e9matiques :n- Savoir pr\u00e9senter son offre de fa\u00e7on rapide et percutanten- Identifier ses principaux canaux de prospection en fonction de ses ciblesn- Ma\u00eetriser des bonnes pratiques commercialesn- Planifier sa prospection et sa vente pour avoir de la visibilit\u00e9.nnA la fin de l'atelier, vous aurez \u00e9labor\u00e9 un pitch commercial impactant, vous saurez adopter une posture empathique vis-\u00e0-vis de vos client\u00b7es et b\u00e9n\u00e9ficiaires cibles et sur quels canaux vous appuyer. Vous aurez aussi une vision plus claire de vos prochaines actions commerciales et vous pourrez vous lancer en confiance.nnPr\u00e9-requis : avoir \u00e9bauch\u00e9 une premi\u00e8re offre de produit(s) ou de service(s) et avoir identifi\u00e9 les cibles aupr\u00e8s desquelles vous souhaitez la commercialiser. nnAttention ! Veuillez vous pr\u00e9senter \u00e0 l'heure pour que l'activit\u00e9 puisse commencer \u00e0 temps. Si vous avez du retard veuillez pr\u00e9venir l'intervenant.e. Si vous avez plus de 15 min de retard l'intervenant.e se r\u00e9serve le droit de ne plus vous accepter pour le coaching ou l'atelier.n&quot;}\" data-sheets-userformat=\"{&quot;2&quot;:4995,&quot;3&quot;:{&quot;1&quot;:0},&quot;4&quot;:{&quot;1&quot;:2,&quot;2&quot;:16773836},&quot;10&quot;:1,&quot;11&quot;:4,&quot;12&quot;:0,&quot;15&quot;:&quot;Hind&quot;}\"><strong>Description <\/strong>: <\/span><\/p>\n<p><span data-sheets-root=\"1\" data-sheets-value=\"{&quot;1&quot;:2,&quot;2&quot;:&quot;- Identifier ses valeurs fortes et l'impact positif de son projet sur l\u2019utilisateur et le monde, pour activer ses leviers de motivation intrins\u00e8ques et renforcer l\u2019identit\u00e9 de son projetn- Identifier ses talents uniques et son mode op\u00e9ratoire d\u2019excellence pour d\u00e9velopper son potentiel, d\u00e9livrer plus de valeur \u00e0 ses clients et \u00eatre plus efficace dans son projet entrepreneurialn- Aligner son projet avec ses leviers de motivation et ses talents pour s\u2019\u00e9panouir et r\u00e9ussir son projet&quot;}\" data-sheets-userformat=\"{&quot;2&quot;:13187,&quot;3&quot;:{&quot;1&quot;:0},&quot;4&quot;:{&quot;1&quot;:2,&quot;2&quot;:16773836},&quot;10&quot;:1,&quot;11&quot;:4,&quot;12&quot;:0,&quot;15&quot;:&quot;Hind&quot;,&quot;16&quot;:9}\">&#8211; Identifier ses valeurs fortes et l&#8217;impact positif de son projet sur l\u2019utilisateur et le monde, pour activer ses leviers de motivation intrins\u00e8ques et renforcer l\u2019identit\u00e9 de son projet<br \/>\n&#8211; Identifier ses talents uniques et son mode op\u00e9ratoire d\u2019excellence pour d\u00e9velopper son potentiel, d\u00e9livrer plus de valeur \u00e0 ses clients et \u00eatre plus efficace dans son projet entrepreneurial<br \/>\n&#8211; Aligner son projet avec ses leviers de motivation et ses talents pour s\u2019\u00e9panouir et r\u00e9ussir son projet<\/span><\/p>\n<p><span style=\"font-weight: 400;\">Ensemble, nous nous fixerons vos grandes directions, puis nous les d\u00e9couperons en t\u00e2ches \u00e0 r\u00e9aliser pour ensuite organiser vos t\u00e2ches dans vos agendas au quotidien<\/span><\/p>\n<p>#1 SENS Identification de ses leviers de motivation et de sa contribution unique au monde<br \/>\nIdentification de ses valeurs hautes<br \/>\n#2 TALENTS Identification de ses talents singuliers<br \/>\nIdentification de son mode op\u00e9ratoire d\u2019excellence<\/p>\n<p>Travail individuel supervis\u00e9 de transposition des apprentissages \u00e0 son business : quels ajustements faire sur son offre, son mode d\u2019organisation, ses relations professionnelles, sa communication\u2026 Formulation de sa devise personnelle.<\/p>\n<p><strong>Pr\u00e9-requis<\/strong> : Aucun<\/p>\n<p><strong>Intervenant.e : Iris Panissier<\/strong><\/p>\n<p>&#8220;Je suis co-fondatrice de SHAKER, coach certifi\u00e9e et professionnelle des dynamiques collectives.<br \/>\nEn coaching individuel, j&#8217;accompagne les entrepreneurs.ses et dirigeant.es dans leur croissance personnelle pour d\u00e9velopper un business et des strat\u00e9gies align\u00e9s, porteurs de sens et performants.<br \/>\nJ&#8217;interviens aupr\u00e8s de grands groupes, start-up et associations pour engager le collectif dans des projets de transformations positives et d\u00e9ployer le potentiel des individus qui les composent.<\/p>\n<p>Je me forme en permanence \u00e0 de nombreuses approches de d\u00e9veloppement professionnel et personnel (psychologie, connaissance de soi, entrepreneuriat), parce que cela me passionne et que j&#8217;ai \u00e0 coeur d&#8217;apporter toujours plus de qualit\u00e9 et d&#8217;expertises dans mes accompagnements. Ravie de vous rencontrer !<\/p>\n<p><strong>Super pouvoir :<\/strong> Le mouvement vers l&#8217;\u00e9volution et la bienveillance.<\/p>\n<p><strong>Petit mot :<\/strong> Bravo d&#8217;oser vivre la grande aventure de l&#8217;entrepreneuriat ! C&#8217;est une des plus belles exp\u00e9riences de d\u00e9veloppement de soi et d&#8217;impact sur le monde.<\/p>\n<p><strong>Attention !<\/strong> Veuillez vous pr\u00e9senter \u00e0 l&#8217;heure pour que l&#8217;activit\u00e9 puisse commencer \u00e0 temps. Si vous avez du retard veuillez pr\u00e9venir l&#8217;intervenant.e. Si vous avez plus de 15 min de retard l&#8217;intervenant.e se r\u00e9serve le droit de ne plus vous accepter pour le coaching ou l&#8217;atelier.<\/p>\n","protected":false},"excerpt":{"rendered":"<p><span data-sheets-value=\"{&quot;1&quot;:2,&quot;2&quot;:&quot;Besoins : Vous avez imagin\u00e9 une premi\u00e8re offre et identifi\u00e9 vos premier\u00b7es client\u00b7es et b\u00e9n\u00e9ficiaires mais vous ne savez pas par o\u00f9 commencer pour la commercialiser ? Quels sont les canaux \u00e0 utiliser ? Comment pr\u00e9senter son offre ? Quels objectifs commerciaux se fixer et comment les atteindre ?nnPendant cet atelier, nous parcourerons ensemble plusieurs th\u00e9matiques :n- Savoir pr\u00e9senter son offre de fa\u00e7on rapide et percutanten- Identifier ses principaux canaux de prospection en fonction de ses ciblesn- Ma\u00eetriser des bonnes pratiques commercialesn- Planifier sa prospection et sa vente pour avoir de la visibilit\u00e9.nnA la fin de l'atelier, vous aurez \u00e9labor\u00e9 un pitch commercial impactant, vous saurez adopter une posture empathique vis-\u00e0-vis de vos client\u00b7es et b\u00e9n\u00e9ficiaires cibles et sur quels canaux vous appuyer. Vous aurez aussi une vision plus claire de vos prochaines actions commerciales et vous pourrez vous lancer en confiance.nnPr\u00e9-requis : avoir \u00e9bauch\u00e9 une premi\u00e8re offre de produit(s) ou de service(s) et avoir identifi\u00e9 les cibles aupr\u00e8s desquelles vous souhaitez la commercialiser. nnAttention ! Veuillez vous pr\u00e9senter \u00e0 l'heure pour que l'activit\u00e9 puisse commencer \u00e0 temps. Si vous avez du retard veuillez pr\u00e9venir l'intervenant.e. Si vous avez plus de 15 min de retard l'intervenant.e se r\u00e9serve le droit de ne plus vous accepter pour le coaching ou l'atelier.n&quot;}\" data-sheets-userformat=\"{&quot;2&quot;:4995,&quot;3&quot;:{&quot;1&quot;:0},&quot;4&quot;:{&quot;1&quot;:2,&quot;2&quot;:16773836},&quot;10&quot;:1,&quot;11&quot;:4,&quot;12&quot;:0,&quot;15&quot;:&quot;Hind&quot;}\"><strong>Description <\/strong>: <\/span><\/p>\n<p><span data-sheets-root=\"1\" data-sheets-value=\"{&quot;1&quot;:2,&quot;2&quot;:&quot;- Identifier ses valeurs fortes et l'impact positif de son projet sur l\u2019utilisateur et le monde, pour activer ses leviers de motivation intrins\u00e8ques et renforcer l\u2019identit\u00e9 de son projetn- Identifier ses talents uniques et son mode op\u00e9ratoire d\u2019excellence pour d\u00e9velopper son potentiel, d\u00e9livrer plus de valeur \u00e0 ses clients et \u00eatre plus efficace dans son projet entrepreneurialn- Aligner son projet avec ses leviers de motivation et ses talents pour s\u2019\u00e9panouir et r\u00e9ussir son projet&quot;}\" data-sheets-userformat=\"{&quot;2&quot;:13187,&quot;3&quot;:{&quot;1&quot;:0},&quot;4&quot;:{&quot;1&quot;:2,&quot;2&quot;:16773836},&quot;10&quot;:1,&quot;11&quot;:4,&quot;12&quot;:0,&quot;15&quot;:&quot;Hind&quot;,&quot;16&quot;:9}\">&#8211; Identifier ses valeurs fortes et l&#8217;impact positif de son projet sur l\u2019utilisateur et le monde, pour activer ses leviers de motivation intrins\u00e8ques et renforcer l\u2019identit\u00e9 de son projet<br \/>\n&#8211; Identifier ses talents uniques et son mode op\u00e9ratoire d\u2019excellence pour d\u00e9velopper son potentiel, d\u00e9livrer plus de valeur \u00e0 ses clients et \u00eatre plus efficace dans son projet entrepreneurial<br \/>\n&#8211; Aligner son projet avec ses leviers de motivation et ses talents pour s\u2019\u00e9panouir et r\u00e9ussir son projet<\/span><\/p>\n<p><span style=\"font-weight: 400;\">Ensemble, nous nous fixerons vos grandes directions, puis nous les d\u00e9couperons en t\u00e2ches \u00e0 r\u00e9aliser pour ensuite organiser vos t\u00e2ches dans vos agendas au quotidien<\/span><\/p>\n<p>#1 SENS Identification de ses leviers de motivation et de sa contribution unique au monde<br \/>\nIdentification de ses valeurs hautes<br \/>\n#2 TALENTS Identification de ses talents singuliers<br \/>\nIdentification de son mode op\u00e9ratoire d\u2019excellence<\/p>\n<p>Travail individuel supervis\u00e9 de transposition des apprentissages \u00e0 son business : quels ajustements faire sur son offre, son mode d\u2019organisation, ses relations professionnelles, sa communication\u2026 Formulation de sa devise personnelle.<\/p>\n<p><strong>Pr\u00e9-requis<\/strong> : Aucun<\/p>\n<p><strong>Intervenant.e : Iris Panissier<\/strong><\/p>\n<p>&#8220;Je suis co-fondatrice de SHAKER, coach certifi\u00e9e et professionnelle des dynamiques collectives.<br \/>\nEn coaching individuel, j&#8217;accompagne les entrepreneurs.ses et dirigeant.es dans leur croissance personnelle pour d\u00e9velopper un business et des strat\u00e9gies align\u00e9s, porteurs de sens et performants.<br \/>\nJ&#8217;interviens aupr\u00e8s de grands groupes, start-up et associations pour engager le collectif dans des projets de transformations positives et d\u00e9ployer le potentiel des individus qui les composent.<\/p>\n<p>Je me forme en permanence \u00e0 de nombreuses approches de d\u00e9veloppement professionnel et personnel (psychologie, connaissance de soi, entrepreneuriat), parce que cela me passionne et que j&#8217;ai \u00e0 coeur d&#8217;apporter toujours plus de qualit\u00e9 et d&#8217;expertises dans mes accompagnements. Ravie de vous rencontrer !<\/p>\n<p><strong>Super pouvoir :<\/strong> Le mouvement vers l&#8217;\u00e9volution et la bienveillance.<\/p>\n<p><strong>Petit mot :<\/strong> Bravo d&#8217;oser vivre la grande aventure de l&#8217;entrepreneuriat ! C&#8217;est une des plus belles exp\u00e9riences de d\u00e9veloppement de soi et d&#8217;impact sur le monde.<\/p>\n<p><strong>Attention !<\/strong> Veuillez vous pr\u00e9senter \u00e0 l&#8217;heure pour que l&#8217;activit\u00e9 puisse commencer \u00e0 temps. Si vous avez du retard veuillez pr\u00e9venir l&#8217;intervenant.e. Si vous avez plus de 15 min de retard l&#8217;intervenant.e se r\u00e9serve le droit de ne plus vous accepter pour le coaching ou l&#8217;atelier.<\/p>\n","protected":false},"featured_media":256188,"template":"","format":"standard","meta":{"_acf_changed":false,"om_disable_all_campaigns":false,"_uf_show_specific_survey":0,"_uf_disable_surveys":false},"product_brand":[],"product_cat":[118],"product_tag":[],"lieu":[127],"thematiques":[],"class_list":{"0":"post-256187","1":"product","2":"type-product","3":"status-publish","4":"format-standard","5":"has-post-thumbnail","7":"product_cat-atelier-collectif","8":"lieu-hub-empowher","10":"first","11":"instock","12":"virtual","13":"purchasable","14":"product-type-appointment"},"exclude_global_add_ons":[],"addons":[],"acf":[],"yoast_head":"<!-- This site is optimized with the Yoast SEO plugin v24.8 - https:\/\/yoast.com\/wordpress\/plugins\/seo\/ -->\n<title>Atelier - Aligner son projet \u00e0 ses leviers de motivation - Empow&#039;Her<\/title>\n<meta name=\"robots\" content=\"index, follow, max-snippet:-1, max-image-preview:large, max-video-preview:-1\" \/>\n<link rel=\"canonical\" href=\"https:\/\/empow-her.com\/produit\/atelier-aligner-son-projet-a-ses-leviers-de-motivation\/\" \/>\n<meta property=\"og:locale\" content=\"en_US\" \/>\n<meta property=\"og:type\" content=\"article\" \/>\n<meta property=\"og:title\" content=\"Atelier - Aligner son projet \u00e0 ses leviers de motivation - Empow&#039;Her\" \/>\n<meta property=\"og:description\" content=\"Description :   - Identifier ses valeurs fortes et l&#039;impact positif de son projet sur l\u2019utilisateur et le monde, pour activer ses leviers de motivation intrins\u00e8ques et renforcer l\u2019identit\u00e9 de son projet - Identifier ses talents uniques et son mode op\u00e9ratoire d\u2019excellence pour d\u00e9velopper son potentiel, d\u00e9livrer plus de valeur \u00e0 ses clients et \u00eatre plus efficace dans son projet entrepreneurial - Aligner son projet avec ses leviers de motivation et ses talents pour s\u2019\u00e9panouir et r\u00e9ussir son projet  Ensemble, nous nous fixerons vos grandes directions, puis nous les d\u00e9couperons en t\u00e2ches \u00e0 r\u00e9aliser pour ensuite organiser vos t\u00e2ches dans vos agendas au quotidien  #1 SENS Identification de ses leviers de motivation et de sa contribution unique au monde Identification de ses valeurs hautes #2 TALENTS Identification de ses talents singuliers Identification de son mode op\u00e9ratoire d\u2019excellence  Travail individuel supervis\u00e9 de transposition des apprentissages \u00e0 son business : quels ajustements faire sur son offre, son mode d\u2019organisation, ses relations professionnelles, sa communication\u2026 Formulation de sa devise personnelle.  Pr\u00e9-requis : Aucun  Intervenant.e : Iris Panissier  &quot;Je suis co-fondatrice de SHAKER, coach certifi\u00e9e et professionnelle des dynamiques collectives. En coaching individuel, j&#039;accompagne les entrepreneurs.ses et dirigeant.es dans leur croissance personnelle pour d\u00e9velopper un business et des strat\u00e9gies align\u00e9s, porteurs de sens et performants. J&#039;interviens aupr\u00e8s de grands groupes, start-up et associations pour engager le collectif dans des projets de transformations positives et d\u00e9ployer le potentiel des individus qui les composent.  Je me forme en permanence \u00e0 de nombreuses approches de d\u00e9veloppement professionnel et personnel (psychologie, connaissance de soi, entrepreneuriat), parce que cela me passionne et que j&#039;ai \u00e0 coeur d&#039;apporter toujours plus de qualit\u00e9 et d&#039;expertises dans mes accompagnements. Ravie de vous rencontrer !  Super pouvoir : Le mouvement vers l&#039;\u00e9volution et la bienveillance.  Petit mot : Bravo d&#039;oser vivre la grande aventure de l&#039;entrepreneuriat ! C&#039;est une des plus belles exp\u00e9riences de d\u00e9veloppement de soi et d&#039;impact sur le monde.  Attention ! Veuillez vous pr\u00e9senter \u00e0 l&#039;heure pour que l&#039;activit\u00e9 puisse commencer \u00e0 temps. Si vous avez du retard veuillez pr\u00e9venir l&#039;intervenant.e. Si vous avez plus de 15 min de retard l&#039;intervenant.e se r\u00e9serve le droit de ne plus vous accepter pour le coaching ou l&#039;atelier.\" \/>\n<meta property=\"og:url\" content=\"https:\/\/empow-her.com\/produit\/atelier-aligner-son-projet-a-ses-leviers-de-motivation\/\" \/>\n<meta property=\"og:site_name\" content=\"Empow&#039;Her\" \/>\n<meta property=\"article:modified_time\" content=\"2024-09-05T14:25:27+00:00\" \/>\n<meta property=\"og:image\" content=\"https:\/\/empow-her.com\/wp-content\/uploads\/2024\/09\/Women-Dare-templates-events-64.png\" \/>\n\t<meta property=\"og:image:width\" content=\"1080\" \/>\n\t<meta property=\"og:image:height\" content=\"1080\" \/>\n\t<meta property=\"og:image:type\" content=\"image\/png\" \/>\n<meta name=\"twitter:card\" content=\"summary_large_image\" \/>\n<meta name=\"twitter:label1\" content=\"Est. reading time\" \/>\n\t<meta name=\"twitter:data1\" content=\"3 minutes\" \/>\n<script type=\"application\/ld+json\" class=\"yoast-schema-graph\">{\"@context\":\"https:\/\/schema.org\",\"@graph\":[{\"@type\":\"WebPage\",\"@id\":\"https:\/\/empow-her.com\/produit\/atelier-aligner-son-projet-a-ses-leviers-de-motivation\/\",\"url\":\"https:\/\/empow-her.com\/produit\/atelier-aligner-son-projet-a-ses-leviers-de-motivation\/\",\"name\":\"Atelier - Aligner son projet \u00e0 ses leviers de motivation - Empow&#039;Her\",\"isPartOf\":{\"@id\":\"https:\/\/empow-her.com\/#website\"},\"primaryImageOfPage\":{\"@id\":\"https:\/\/empow-her.com\/produit\/atelier-aligner-son-projet-a-ses-leviers-de-motivation\/#primaryimage\"},\"image\":{\"@id\":\"https:\/\/empow-her.com\/produit\/atelier-aligner-son-projet-a-ses-leviers-de-motivation\/#primaryimage\"},\"thumbnailUrl\":\"https:\/\/empow-her.com\/wp-content\/uploads\/2024\/09\/Women-Dare-templates-events-64.png\",\"datePublished\":\"2024-09-05T14:20:24+00:00\",\"dateModified\":\"2024-09-05T14:25:27+00:00\",\"breadcrumb\":{\"@id\":\"https:\/\/empow-her.com\/produit\/atelier-aligner-son-projet-a-ses-leviers-de-motivation\/#breadcrumb\"},\"inLanguage\":\"en-US\",\"potentialAction\":[{\"@type\":\"ReadAction\",\"target\":[\"https:\/\/empow-her.com\/produit\/atelier-aligner-son-projet-a-ses-leviers-de-motivation\/\"]}]},{\"@type\":\"ImageObject\",\"inLanguage\":\"en-US\",\"@id\":\"https:\/\/empow-her.com\/produit\/atelier-aligner-son-projet-a-ses-leviers-de-motivation\/#primaryimage\",\"url\":\"https:\/\/empow-her.com\/wp-content\/uploads\/2024\/09\/Women-Dare-templates-events-64.png\",\"contentUrl\":\"https:\/\/empow-her.com\/wp-content\/uploads\/2024\/09\/Women-Dare-templates-events-64.png\",\"width\":1080,\"height\":1080},{\"@type\":\"BreadcrumbList\",\"@id\":\"https:\/\/empow-her.com\/produit\/atelier-aligner-son-projet-a-ses-leviers-de-motivation\/#breadcrumb\",\"itemListElement\":[{\"@type\":\"ListItem\",\"position\":1,\"name\":\"Accueil\",\"item\":\"https:\/\/empow-her.com\/en\/landing-page\/\"},{\"@type\":\"ListItem\",\"position\":2,\"name\":\"LA BOUTIQUE\",\"item\":\"https:\/\/empow-her.com\/boutique\/\"},{\"@type\":\"ListItem\",\"position\":3,\"name\":\"Atelier &#8211; Aligner son projet \u00e0 ses leviers de motivation\"}]},{\"@type\":\"WebSite\",\"@id\":\"https:\/\/empow-her.com\/#website\",\"url\":\"https:\/\/empow-her.com\/\",\"name\":\"Empow&#039;Her\",\"description\":\"Women Development\",\"potentialAction\":[{\"@type\":\"SearchAction\",\"target\":{\"@type\":\"EntryPoint\",\"urlTemplate\":\"https:\/\/empow-her.com\/?s={search_term_string}\"},\"query-input\":{\"@type\":\"PropertyValueSpecification\",\"valueRequired\":true,\"valueName\":\"search_term_string\"}}],\"inLanguage\":\"en-US\"}]}<\/script>\n<!-- \/ Yoast SEO plugin. -->","yoast_head_json":{"title":"Atelier - Aligner son projet \u00e0 ses leviers de motivation - Empow&#039;Her","robots":{"index":"index","follow":"follow","max-snippet":"max-snippet:-1","max-image-preview":"max-image-preview:large","max-video-preview":"max-video-preview:-1"},"canonical":"https:\/\/empow-her.com\/produit\/atelier-aligner-son-projet-a-ses-leviers-de-motivation\/","og_locale":"en_US","og_type":"article","og_title":"Atelier - Aligner son projet \u00e0 ses leviers de motivation - Empow&#039;Her","og_description":"Description :   - Identifier ses valeurs fortes et l'impact positif de son projet sur l\u2019utilisateur et le monde, pour activer ses leviers de motivation intrins\u00e8ques et renforcer l\u2019identit\u00e9 de son projet - Identifier ses talents uniques et son mode op\u00e9ratoire d\u2019excellence pour d\u00e9velopper son potentiel, d\u00e9livrer plus de valeur \u00e0 ses clients et \u00eatre plus efficace dans son projet entrepreneurial - Aligner son projet avec ses leviers de motivation et ses talents pour s\u2019\u00e9panouir et r\u00e9ussir son projet  Ensemble, nous nous fixerons vos grandes directions, puis nous les d\u00e9couperons en t\u00e2ches \u00e0 r\u00e9aliser pour ensuite organiser vos t\u00e2ches dans vos agendas au quotidien  #1 SENS Identification de ses leviers de motivation et de sa contribution unique au monde Identification de ses valeurs hautes #2 TALENTS Identification de ses talents singuliers Identification de son mode op\u00e9ratoire d\u2019excellence  Travail individuel supervis\u00e9 de transposition des apprentissages \u00e0 son business : quels ajustements faire sur son offre, son mode d\u2019organisation, ses relations professionnelles, sa communication\u2026 Formulation de sa devise personnelle.  Pr\u00e9-requis : Aucun  Intervenant.e : Iris Panissier  \"Je suis co-fondatrice de SHAKER, coach certifi\u00e9e et professionnelle des dynamiques collectives. En coaching individuel, j'accompagne les entrepreneurs.ses et dirigeant.es dans leur croissance personnelle pour d\u00e9velopper un business et des strat\u00e9gies align\u00e9s, porteurs de sens et performants. J'interviens aupr\u00e8s de grands groupes, start-up et associations pour engager le collectif dans des projets de transformations positives et d\u00e9ployer le potentiel des individus qui les composent.  Je me forme en permanence \u00e0 de nombreuses approches de d\u00e9veloppement professionnel et personnel (psychologie, connaissance de soi, entrepreneuriat), parce que cela me passionne et que j'ai \u00e0 coeur d'apporter toujours plus de qualit\u00e9 et d'expertises dans mes accompagnements. Ravie de vous rencontrer !  Super pouvoir : Le mouvement vers l'\u00e9volution et la bienveillance.  Petit mot : Bravo d'oser vivre la grande aventure de l'entrepreneuriat ! C'est une des plus belles exp\u00e9riences de d\u00e9veloppement de soi et d'impact sur le monde.  Attention ! Veuillez vous pr\u00e9senter \u00e0 l'heure pour que l'activit\u00e9 puisse commencer \u00e0 temps. Si vous avez du retard veuillez pr\u00e9venir l'intervenant.e. Si vous avez plus de 15 min de retard l'intervenant.e se r\u00e9serve le droit de ne plus vous accepter pour le coaching ou l'atelier.","og_url":"https:\/\/empow-her.com\/produit\/atelier-aligner-son-projet-a-ses-leviers-de-motivation\/","og_site_name":"Empow&#039;Her","article_modified_time":"2024-09-05T14:25:27+00:00","og_image":[{"width":1080,"height":1080,"url":"https:\/\/empow-her.com\/wp-content\/uploads\/2024\/09\/Women-Dare-templates-events-64.png","type":"image\/png"}],"twitter_card":"summary_large_image","twitter_misc":{"Est. reading time":"3 minutes"},"schema":{"@context":"https:\/\/schema.org","@graph":[{"@type":"WebPage","@id":"https:\/\/empow-her.com\/produit\/atelier-aligner-son-projet-a-ses-leviers-de-motivation\/","url":"https:\/\/empow-her.com\/produit\/atelier-aligner-son-projet-a-ses-leviers-de-motivation\/","name":"Atelier - Aligner son projet \u00e0 ses leviers de motivation - Empow&#039;Her","isPartOf":{"@id":"https:\/\/empow-her.com\/#website"},"primaryImageOfPage":{"@id":"https:\/\/empow-her.com\/produit\/atelier-aligner-son-projet-a-ses-leviers-de-motivation\/#primaryimage"},"image":{"@id":"https:\/\/empow-her.com\/produit\/atelier-aligner-son-projet-a-ses-leviers-de-motivation\/#primaryimage"},"thumbnailUrl":"https:\/\/empow-her.com\/wp-content\/uploads\/2024\/09\/Women-Dare-templates-events-64.png","datePublished":"2024-09-05T14:20:24+00:00","dateModified":"2024-09-05T14:25:27+00:00","breadcrumb":{"@id":"https:\/\/empow-her.com\/produit\/atelier-aligner-son-projet-a-ses-leviers-de-motivation\/#breadcrumb"},"inLanguage":"en-US","potentialAction":[{"@type":"ReadAction","target":["https:\/\/empow-her.com\/produit\/atelier-aligner-son-projet-a-ses-leviers-de-motivation\/"]}]},{"@type":"ImageObject","inLanguage":"en-US","@id":"https:\/\/empow-her.com\/produit\/atelier-aligner-son-projet-a-ses-leviers-de-motivation\/#primaryimage","url":"https:\/\/empow-her.com\/wp-content\/uploads\/2024\/09\/Women-Dare-templates-events-64.png","contentUrl":"https:\/\/empow-her.com\/wp-content\/uploads\/2024\/09\/Women-Dare-templates-events-64.png","width":1080,"height":1080},{"@type":"BreadcrumbList","@id":"https:\/\/empow-her.com\/produit\/atelier-aligner-son-projet-a-ses-leviers-de-motivation\/#breadcrumb","itemListElement":[{"@type":"ListItem","position":1,"name":"Accueil","item":"https:\/\/empow-her.com\/en\/landing-page\/"},{"@type":"ListItem","position":2,"name":"LA BOUTIQUE","item":"https:\/\/empow-her.com\/boutique\/"},{"@type":"ListItem","position":3,"name":"Atelier &#8211; Aligner son projet \u00e0 ses leviers de motivation"}]},{"@type":"WebSite","@id":"https:\/\/empow-her.com\/#website","url":"https:\/\/empow-her.com\/","name":"Empow&#039;Her","description":"Women Development","potentialAction":[{"@type":"SearchAction","target":{"@type":"EntryPoint","urlTemplate":"https:\/\/empow-her.com\/?s={search_term_string}"},"query-input":{"@type":"PropertyValueSpecification","valueRequired":true,"valueName":"search_term_string"}}],"inLanguage":"en-US"}]}},"_links":{"self":[{"href":"https:\/\/empow-her.com\/en\/wp-json\/wp\/v2\/product\/256187","targetHints":{"allow":["GET"]}}],"collection":[{"href":"https:\/\/empow-her.com\/en\/wp-json\/wp\/v2\/product"}],"about":[{"href":"https:\/\/empow-her.com\/en\/wp-json\/wp\/v2\/types\/product"}],"wp:featuredmedia":[{"embeddable":true,"href":"https:\/\/empow-her.com\/en\/wp-json\/wp\/v2\/media\/256188"}],"wp:attachment":[{"href":"https:\/\/empow-her.com\/en\/wp-json\/wp\/v2\/media?parent=256187"}],"wp:term":[{"taxonomy":"product_brand","embeddable":true,"href":"https:\/\/empow-her.com\/en\/wp-json\/wp\/v2\/product_brand?post=256187"},{"taxonomy":"product_cat","embeddable":true,"href":"https:\/\/empow-her.com\/en\/wp-json\/wp\/v2\/product_cat?post=256187"},{"taxonomy":"product_tag","embeddable":true,"href":"https:\/\/empow-her.com\/en\/wp-json\/wp\/v2\/product_tag?post=256187"},{"taxonomy":"lieu","embeddable":true,"href":"https:\/\/empow-her.com\/en\/wp-json\/wp\/v2\/lieu?post=256187"},{"taxonomy":"thematiques","embeddable":true,"href":"https:\/\/empow-her.com\/en\/wp-json\/wp\/v2\/thematiques?post=256187"}],"curies":[{"name":"wp","href":"https:\/\/api.w.org\/{rel}","templated":true}]}}