{"id":256113,"date":"2024-09-04T17:38:12","date_gmt":"2024-09-04T15:38:12","guid":{"rendered":"https:\/\/empow-her.com\/?post_type=product&#038;p=256113"},"modified":"2024-09-04T17:43:13","modified_gmt":"2024-09-04T15:43:13","slug":"coaching-concevoir-mon-site-internet-2","status":"publish","type":"product","link":"https:\/\/empow-her.com\/en\/produit\/coaching-concevoir-mon-site-internet-2\/","title":{"rendered":"Coaching &#8211; Concevoir mon site internet"},"content":{"rendered":"<p><strong>Description :\u00a0<\/strong><\/p>\n<p><strong>Besoin :<\/strong> \u201cJ\u2019ai besoin de concevoir un site internet clair, efficace, bien r\u00e9f\u00e9renc\u00e9 et facile \u00e0 g\u00e9rer\u201d<\/p>\n<p>Cette permanence a pour objectif de vous \u00e9clairer sur tous les aspects \u00e0 prendre en compte lors de la cr\u00e9ation, la refonte ou le d\u00e9veloppement de votre site C&#8217;est l&#8217;occasion de faire un point sur la technique, l&#8217;artistique, le structurel et la s\u00e9mantique sur vos contenus, et de bien v\u00e9rifier qu&#8217;ils sont en ad\u00e9quation avec vos objectifs ou votre cible.<\/p>\n<p><strong>Intervenant : Laurent Leheuzey<\/strong><\/p>\n<p>Je suis le fondateur de l&#8217;agence Lykope. Nous accompagnons toutes personnes, agences ou entreprises porteuses de projets digitaux, dans la cr\u00e9ation de sites web performants, responsables et s\u00e9curis\u00e9s. Quel que soit votre secteur d&#8217;activit\u00e9, ou la taille de votre projet, notre approche reste toujours orient\u00e9e vers les utilisateurs. Elle nous permet d&#8217;accorder le m\u00eame soin \u00e0 bien comprendre vos besoins, bien r\u00e9pondre \u00e0 vos enjeux et de nous impliquer dans les solutions propos\u00e9es.<br \/>\n<strong>Principale force :<\/strong>\u00a0 25 ans d&#8217;exp\u00e9rience en conception et d\u00e9veloppement de site internet de qualit\u00e9.<br \/>\nDomaines d\u2019expertise : Grande connaissance et ma\u00eetrise compl\u00e8te des techniques de publication sur le Web.<br \/>\nLa prise en compte et la mise en \u0153uvre de tous moyens permettant d&#8217;am\u00e9liorer l&#8217;exp\u00e9rience utilisateur et le r\u00e9f\u00e9rencement.<br \/>\nConseil et pilotage adapt\u00e9s aux contenus et non aux conteneurs.<\/p>\n<p><strong>Super pouvoir<\/strong> : Adaptation &#x1f60e;<br \/>\n<strong>Son petit mot :<\/strong> &#8220;Miser sur soi, c&#8217;est investir dans son bonheur.&#8221;<\/p>\n<p><strong>Pr\u00e9-requis :<\/strong> <span style=\"font-weight: 400;\">Aucun<\/span><\/p>\n<p><strong>Dur\u00e9e<\/strong>\u00a0<strong>:<\/strong> U<span data-sheets-value=\"{&quot;1&quot;:2,&quot;2&quot;:&quot;Permanence de 4h avec un cr\u00e9neau de 1h par participante (+ 15 minutes entre chaque)&quot;}\" data-sheets-userformat=\"{&quot;2&quot;:7167,&quot;3&quot;:{&quot;1&quot;:0},&quot;4&quot;:{&quot;1&quot;:2,&quot;2&quot;:16777215},&quot;5&quot;:{&quot;1&quot;:[{&quot;1&quot;:2,&quot;2&quot;:0,&quot;5&quot;:{&quot;1&quot;:2,&quot;2&quot;:0}},{&quot;1&quot;:0,&quot;2&quot;:0,&quot;3&quot;:3},{&quot;1&quot;:1,&quot;2&quot;:0,&quot;4&quot;:1}]},&quot;6&quot;:{&quot;1&quot;:[{&quot;1&quot;:2,&quot;2&quot;:0,&quot;5&quot;:{&quot;1&quot;:2,&quot;2&quot;:0}},{&quot;1&quot;:0,&quot;2&quot;:0,&quot;3&quot;:3},{&quot;1&quot;:1,&quot;2&quot;:0,&quot;4&quot;:1}]},&quot;7&quot;:{&quot;1&quot;:[{&quot;1&quot;:2,&quot;2&quot;:0,&quot;5&quot;:{&quot;1&quot;:2,&quot;2&quot;:0}},{&quot;1&quot;:0,&quot;2&quot;:0,&quot;3&quot;:3},{&quot;1&quot;:1,&quot;2&quot;:0,&quot;4&quot;:1}]},&quot;8&quot;:{&quot;1&quot;:[{&quot;1&quot;:2,&quot;2&quot;:0,&quot;5&quot;:{&quot;1&quot;:2,&quot;2&quot;:0}},{&quot;1&quot;:0,&quot;2&quot;:0,&quot;3&quot;:3},{&quot;1&quot;:1,&quot;2&quot;:0,&quot;4&quot;:1}]},&quot;9&quot;:0,&quot;10&quot;:1,&quot;11&quot;:4,&quot;12&quot;:0,&quot;14&quot;:{&quot;1&quot;:2,&quot;2&quot;:0},&quot;15&quot;:&quot;Calibri&quot;}\">n cr\u00e9neau de 1h en individuel<\/span><\/p>\n<p><span data-sheets-value=\"{&quot;1&quot;:2,&quot;2&quot;:&quot;Attention ! \u00a0Veuillez vous pr\u00e9sentez \u00e0 l'heure pour que l'activit\u00e9 puisse commencer \u00e0 temps. Si vous avez du retard veuillez pr\u00e9venir l'intervenant.e. Si vous avez plus de 15 min de retard l'intervenant.e se r\u00e9serve le droit de plus vous accepter pour le coaching ou l'atelier.\u00a0&quot;}\" data-sheets-userformat=\"{&quot;2&quot;:641,&quot;3&quot;:{&quot;1&quot;:0},&quot;10&quot;:1,&quot;12&quot;:0}\"><strong>Attention !<\/strong> \u00a0Veuillez vous pr\u00e9senter \u00e0 l\u2019heure pour que l\u2019activit\u00e9 puisse commencer \u00e0 temps. Si vous avez du retard veuillez pr\u00e9venir l\u2019intervenant.e. Si vous avez plus de 15 min de retard l\u2019intervenant.e se r\u00e9serve le droit de ne plus vous accepter pour le coaching ou l\u2019atelier.\u00a0<\/span><\/p>\n","protected":false},"excerpt":{"rendered":"<p><strong>Description :\u00a0<\/strong><\/p>\n<p><strong>Besoin :<\/strong> \u201cJ\u2019ai besoin de concevoir un site internet clair, efficace, bien r\u00e9f\u00e9renc\u00e9 et facile \u00e0 g\u00e9rer\u201d<\/p>\n<p>Cette permanence a pour objectif de vous \u00e9clairer sur tous les aspects \u00e0 prendre en compte lors de la cr\u00e9ation, la refonte ou le d\u00e9veloppement de votre site C&#8217;est l&#8217;occasion de faire un point sur la technique, l&#8217;artistique, le structurel et la s\u00e9mantique sur vos contenus, et de bien v\u00e9rifier qu&#8217;ils sont en ad\u00e9quation avec vos objectifs ou votre cible.<\/p>\n<p><strong>Intervenant : Laurent Leheuzey<\/strong><\/p>\n<p>Je suis le fondateur de l&#8217;agence Lykope. Nous accompagnons toutes personnes, agences ou entreprises porteuses de projets digitaux, dans la cr\u00e9ation de sites web performants, responsables et s\u00e9curis\u00e9s. Quel que soit votre secteur d&#8217;activit\u00e9, ou la taille de votre projet, notre approche reste toujours orient\u00e9e vers les utilisateurs. Elle nous permet d&#8217;accorder le m\u00eame soin \u00e0 bien comprendre vos besoins, bien r\u00e9pondre \u00e0 vos enjeux et de nous impliquer dans les solutions propos\u00e9es.<\/p>\n<p><strong>Principale force :<\/strong>\u00a0 25 ans d&#8217;exp\u00e9rience en conception et d\u00e9veloppement de site internet de qualit\u00e9.<br \/>\nDomaines d\u2019expertise : Grande connaissance et ma\u00eetrise compl\u00e8te des techniques de publication sur le Web.<br \/>\nLa prise en compte et la mise en \u0153uvre de tous moyens permettant d&#8217;am\u00e9liorer l&#8217;exp\u00e9rience utilisateur et le r\u00e9f\u00e9rencement.<br \/>\nConseil et pilotage adapt\u00e9s aux contenus et non aux conteneurs.<\/p>\n<p><strong>Super pouvoir<\/strong> : Adaptation &#x1f60e;<br \/>\n<strong>Son petit mot :<\/strong> &#8220;Miser sur soi, c&#8217;est investir dans son bonheur.&#8221;<\/p>\n<p><strong>Pr\u00e9-requis :<\/strong> <span style=\"font-weight: 400;\">Aucun<\/span><\/p>\n<p><strong>Dur\u00e9e<\/strong>\u00a0<strong>:<\/strong> U<span data-sheets-value=\"{&quot;1&quot;:2,&quot;2&quot;:&quot;Permanence de 4h avec un cr\u00e9neau de 1h par participante (+ 15 minutes entre chaque)&quot;}\" data-sheets-userformat=\"{&quot;2&quot;:7167,&quot;3&quot;:{&quot;1&quot;:0},&quot;4&quot;:{&quot;1&quot;:2,&quot;2&quot;:16777215},&quot;5&quot;:{&quot;1&quot;:[{&quot;1&quot;:2,&quot;2&quot;:0,&quot;5&quot;:{&quot;1&quot;:2,&quot;2&quot;:0}},{&quot;1&quot;:0,&quot;2&quot;:0,&quot;3&quot;:3},{&quot;1&quot;:1,&quot;2&quot;:0,&quot;4&quot;:1}]},&quot;6&quot;:{&quot;1&quot;:[{&quot;1&quot;:2,&quot;2&quot;:0,&quot;5&quot;:{&quot;1&quot;:2,&quot;2&quot;:0}},{&quot;1&quot;:0,&quot;2&quot;:0,&quot;3&quot;:3},{&quot;1&quot;:1,&quot;2&quot;:0,&quot;4&quot;:1}]},&quot;7&quot;:{&quot;1&quot;:[{&quot;1&quot;:2,&quot;2&quot;:0,&quot;5&quot;:{&quot;1&quot;:2,&quot;2&quot;:0}},{&quot;1&quot;:0,&quot;2&quot;:0,&quot;3&quot;:3},{&quot;1&quot;:1,&quot;2&quot;:0,&quot;4&quot;:1}]},&quot;8&quot;:{&quot;1&quot;:[{&quot;1&quot;:2,&quot;2&quot;:0,&quot;5&quot;:{&quot;1&quot;:2,&quot;2&quot;:0}},{&quot;1&quot;:0,&quot;2&quot;:0,&quot;3&quot;:3},{&quot;1&quot;:1,&quot;2&quot;:0,&quot;4&quot;:1}]},&quot;9&quot;:0,&quot;10&quot;:1,&quot;11&quot;:4,&quot;12&quot;:0,&quot;14&quot;:{&quot;1&quot;:2,&quot;2&quot;:0},&quot;15&quot;:&quot;Calibri&quot;}\">n cr\u00e9neau de 1h en individuel<\/span><\/p>\n<p><span data-sheets-value=\"{&quot;1&quot;:2,&quot;2&quot;:&quot;Attention ! \u00a0Veuillez vous pr\u00e9sentez \u00e0 l'heure pour que l'activit\u00e9 puisse commencer \u00e0 temps. Si vous avez du retard veuillez pr\u00e9venir l'intervenant.e. Si vous avez plus de 15 min de retard l'intervenant.e se r\u00e9serve le droit de plus vous accepter pour le coaching ou l'atelier.\u00a0&quot;}\" data-sheets-userformat=\"{&quot;2&quot;:641,&quot;3&quot;:{&quot;1&quot;:0},&quot;10&quot;:1,&quot;12&quot;:0}\"><strong>Attention !<\/strong> \u00a0Veuillez vous pr\u00e9senter \u00e0 l\u2019heure pour que l\u2019activit\u00e9 puisse commencer \u00e0 temps. Si vous avez du retard veuillez pr\u00e9venir l\u2019intervenant.e. Si vous avez plus de 15 min de retard l\u2019intervenant.e se r\u00e9serve le droit de ne plus vous accepter pour le coaching ou l\u2019atelier.\u00a0<\/span><\/p>\n","protected":false},"featured_media":256114,"template":"","format":"standard","meta":{"_acf_changed":false,"om_disable_all_campaigns":false,"_uf_show_specific_survey":0,"_uf_disable_surveys":false},"product_brand":[],"product_cat":[121],"product_tag":[],"lieu":[125],"thematiques":[],"class_list":{"0":"post-256113","1":"product","2":"type-product","3":"status-publish","4":"format-standard","5":"has-post-thumbnail","7":"product_cat-coaching","8":"lieu-en-ligne","10":"first","11":"instock","12":"virtual","13":"purchasable","14":"product-type-appointment"},"exclude_global_add_ons":[],"addons":[],"acf":[],"yoast_head":"<!-- This site is optimized with the Yoast SEO plugin v24.8 - https:\/\/yoast.com\/wordpress\/plugins\/seo\/ -->\n<title>Coaching : financement et business plan<\/title>\n<meta name=\"robots\" content=\"index, follow, max-snippet:-1, max-image-preview:large, max-video-preview:-1\" \/>\n<link rel=\"canonical\" href=\"https:\/\/empow-her.com\/en\/produit\/coaching-concevoir-mon-site-internet-2\/\" \/>\n<meta property=\"og:locale\" content=\"en_US\" \/>\n<meta property=\"og:type\" content=\"article\" \/>\n<meta property=\"og:title\" content=\"Coaching : financement et business plan\" \/>\n<meta property=\"og:description\" content=\"Description :\u00a0  Besoin : \u201cJ\u2019ai besoin de concevoir un site internet clair, efficace, bien r\u00e9f\u00e9renc\u00e9 et facile \u00e0 g\u00e9rer\u201d  Cette permanence a pour objectif de vous \u00e9clairer sur tous les aspects \u00e0 prendre en compte lors de la cr\u00e9ation, la refonte ou le d\u00e9veloppement de votre site C&#039;est l&#039;occasion de faire un point sur la technique, l&#039;artistique, le structurel et la s\u00e9mantique sur vos contenus, et de bien v\u00e9rifier qu&#039;ils sont en ad\u00e9quation avec vos objectifs ou votre cible.  Intervenant : Laurent Leheuzey  Je suis le fondateur de l&#039;agence Lykope. Nous accompagnons toutes personnes, agences ou entreprises porteuses de projets digitaux, dans la cr\u00e9ation de sites web performants, responsables et s\u00e9curis\u00e9s. Quel que soit votre secteur d&#039;activit\u00e9, ou la taille de votre projet, notre approche reste toujours orient\u00e9e vers les utilisateurs. Elle nous permet d&#039;accorder le m\u00eame soin \u00e0 bien comprendre vos besoins, bien r\u00e9pondre \u00e0 vos enjeux et de nous impliquer dans les solutions propos\u00e9es.  Principale force :\u00a0 25 ans d&#039;exp\u00e9rience en conception et d\u00e9veloppement de site internet de qualit\u00e9. Domaines d\u2019expertise : Grande connaissance et ma\u00eetrise compl\u00e8te des techniques de publication sur le Web. La prise en compte et la mise en \u0153uvre de tous moyens permettant d&#039;am\u00e9liorer l&#039;exp\u00e9rience utilisateur et le r\u00e9f\u00e9rencement. Conseil et pilotage adapt\u00e9s aux contenus et non aux conteneurs.  Super pouvoir : Adaptation &#x1f60e; Son petit mot : &quot;Miser sur soi, c&#039;est investir dans son bonheur.&quot;  Pr\u00e9-requis : Aucun  Dur\u00e9e\u00a0: Un cr\u00e9neau de 1h en individuel  Attention ! \u00a0Veuillez vous pr\u00e9senter \u00e0 l\u2019heure pour que l\u2019activit\u00e9 puisse commencer \u00e0 temps. Si vous avez du retard veuillez pr\u00e9venir l\u2019intervenant.e. Si vous avez plus de 15 min de retard l\u2019intervenant.e se r\u00e9serve le droit de ne plus vous accepter pour le coaching ou l\u2019atelier.\u00a0\" \/>\n<meta property=\"og:url\" content=\"https:\/\/empow-her.com\/en\/produit\/coaching-concevoir-mon-site-internet-2\/\" \/>\n<meta property=\"og:site_name\" content=\"Empow&#039;Her\" \/>\n<meta property=\"article:modified_time\" content=\"2024-09-04T15:43:13+00:00\" \/>\n<meta property=\"og:image\" content=\"https:\/\/empow-her.com\/wp-content\/uploads\/2024\/09\/Women-Dare-templates-events-52.png\" \/>\n\t<meta property=\"og:image:width\" content=\"1080\" \/>\n\t<meta property=\"og:image:height\" content=\"1080\" \/>\n\t<meta property=\"og:image:type\" content=\"image\/png\" \/>\n<meta name=\"twitter:card\" content=\"summary_large_image\" \/>\n<meta name=\"twitter:label1\" content=\"Est. reading time\" \/>\n\t<meta name=\"twitter:data1\" content=\"2 minutes\" \/>\n<script type=\"application\/ld+json\" class=\"yoast-schema-graph\">{\"@context\":\"https:\/\/schema.org\",\"@graph\":[{\"@type\":\"WebPage\",\"@id\":\"https:\/\/empow-her.com\/en\/produit\/coaching-concevoir-mon-site-internet-2\/\",\"url\":\"https:\/\/empow-her.com\/en\/produit\/coaching-concevoir-mon-site-internet-2\/\",\"name\":\"Coaching : financement et business plan\",\"isPartOf\":{\"@id\":\"https:\/\/empow-her.com\/#website\"},\"primaryImageOfPage\":{\"@id\":\"https:\/\/empow-her.com\/en\/produit\/coaching-concevoir-mon-site-internet-2\/#primaryimage\"},\"image\":{\"@id\":\"https:\/\/empow-her.com\/en\/produit\/coaching-concevoir-mon-site-internet-2\/#primaryimage\"},\"thumbnailUrl\":\"https:\/\/empow-her.com\/wp-content\/uploads\/2024\/09\/Women-Dare-templates-events-52.png\",\"datePublished\":\"2024-09-04T15:38:12+00:00\",\"dateModified\":\"2024-09-04T15:43:13+00:00\",\"breadcrumb\":{\"@id\":\"https:\/\/empow-her.com\/en\/produit\/coaching-concevoir-mon-site-internet-2\/#breadcrumb\"},\"inLanguage\":\"en-US\",\"potentialAction\":[{\"@type\":\"ReadAction\",\"target\":[\"https:\/\/empow-her.com\/en\/produit\/coaching-concevoir-mon-site-internet-2\/\"]}]},{\"@type\":\"ImageObject\",\"inLanguage\":\"en-US\",\"@id\":\"https:\/\/empow-her.com\/en\/produit\/coaching-concevoir-mon-site-internet-2\/#primaryimage\",\"url\":\"https:\/\/empow-her.com\/wp-content\/uploads\/2024\/09\/Women-Dare-templates-events-52.png\",\"contentUrl\":\"https:\/\/empow-her.com\/wp-content\/uploads\/2024\/09\/Women-Dare-templates-events-52.png\",\"width\":1080,\"height\":1080},{\"@type\":\"BreadcrumbList\",\"@id\":\"https:\/\/empow-her.com\/en\/produit\/coaching-concevoir-mon-site-internet-2\/#breadcrumb\",\"itemListElement\":[{\"@type\":\"ListItem\",\"position\":1,\"name\":\"Accueil\",\"item\":\"https:\/\/empow-her.com\/en\/landing-page\/\"},{\"@type\":\"ListItem\",\"position\":2,\"name\":\"LA BOUTIQUE\",\"item\":\"https:\/\/empow-her.com\/boutique\/\"},{\"@type\":\"ListItem\",\"position\":3,\"name\":\"Coaching &#8211; Concevoir mon site internet\"}]},{\"@type\":\"WebSite\",\"@id\":\"https:\/\/empow-her.com\/#website\",\"url\":\"https:\/\/empow-her.com\/\",\"name\":\"Empow&#039;Her\",\"description\":\"Women Development\",\"potentialAction\":[{\"@type\":\"SearchAction\",\"target\":{\"@type\":\"EntryPoint\",\"urlTemplate\":\"https:\/\/empow-her.com\/?s={search_term_string}\"},\"query-input\":{\"@type\":\"PropertyValueSpecification\",\"valueRequired\":true,\"valueName\":\"search_term_string\"}}],\"inLanguage\":\"en-US\"}]}<\/script>\n<!-- \/ Yoast SEO plugin. -->","yoast_head_json":{"title":"Coaching : financement et business plan","robots":{"index":"index","follow":"follow","max-snippet":"max-snippet:-1","max-image-preview":"max-image-preview:large","max-video-preview":"max-video-preview:-1"},"canonical":"https:\/\/empow-her.com\/en\/produit\/coaching-concevoir-mon-site-internet-2\/","og_locale":"en_US","og_type":"article","og_title":"Coaching : financement et business plan","og_description":"Description :\u00a0  Besoin : \u201cJ\u2019ai besoin de concevoir un site internet clair, efficace, bien r\u00e9f\u00e9renc\u00e9 et facile \u00e0 g\u00e9rer\u201d  Cette permanence a pour objectif de vous \u00e9clairer sur tous les aspects \u00e0 prendre en compte lors de la cr\u00e9ation, la refonte ou le d\u00e9veloppement de votre site C'est l'occasion de faire un point sur la technique, l'artistique, le structurel et la s\u00e9mantique sur vos contenus, et de bien v\u00e9rifier qu'ils sont en ad\u00e9quation avec vos objectifs ou votre cible.  Intervenant : Laurent Leheuzey  Je suis le fondateur de l'agence Lykope. Nous accompagnons toutes personnes, agences ou entreprises porteuses de projets digitaux, dans la cr\u00e9ation de sites web performants, responsables et s\u00e9curis\u00e9s. Quel que soit votre secteur d'activit\u00e9, ou la taille de votre projet, notre approche reste toujours orient\u00e9e vers les utilisateurs. Elle nous permet d'accorder le m\u00eame soin \u00e0 bien comprendre vos besoins, bien r\u00e9pondre \u00e0 vos enjeux et de nous impliquer dans les solutions propos\u00e9es.  Principale force :\u00a0 25 ans d'exp\u00e9rience en conception et d\u00e9veloppement de site internet de qualit\u00e9. Domaines d\u2019expertise : Grande connaissance et ma\u00eetrise compl\u00e8te des techniques de publication sur le Web. La prise en compte et la mise en \u0153uvre de tous moyens permettant d'am\u00e9liorer l'exp\u00e9rience utilisateur et le r\u00e9f\u00e9rencement. Conseil et pilotage adapt\u00e9s aux contenus et non aux conteneurs.  Super pouvoir : Adaptation &#x1f60e; Son petit mot : \"Miser sur soi, c'est investir dans son bonheur.\"  Pr\u00e9-requis : Aucun  Dur\u00e9e\u00a0: Un cr\u00e9neau de 1h en individuel  Attention ! \u00a0Veuillez vous pr\u00e9senter \u00e0 l\u2019heure pour que l\u2019activit\u00e9 puisse commencer \u00e0 temps. Si vous avez du retard veuillez pr\u00e9venir l\u2019intervenant.e. Si vous avez plus de 15 min de retard l\u2019intervenant.e se r\u00e9serve le droit de ne plus vous accepter pour le coaching ou l\u2019atelier.\u00a0","og_url":"https:\/\/empow-her.com\/en\/produit\/coaching-concevoir-mon-site-internet-2\/","og_site_name":"Empow&#039;Her","article_modified_time":"2024-09-04T15:43:13+00:00","og_image":[{"width":1080,"height":1080,"url":"https:\/\/empow-her.com\/wp-content\/uploads\/2024\/09\/Women-Dare-templates-events-52.png","type":"image\/png"}],"twitter_card":"summary_large_image","twitter_misc":{"Est. reading time":"2 minutes"},"schema":{"@context":"https:\/\/schema.org","@graph":[{"@type":"WebPage","@id":"https:\/\/empow-her.com\/en\/produit\/coaching-concevoir-mon-site-internet-2\/","url":"https:\/\/empow-her.com\/en\/produit\/coaching-concevoir-mon-site-internet-2\/","name":"Coaching : financement et business plan","isPartOf":{"@id":"https:\/\/empow-her.com\/#website"},"primaryImageOfPage":{"@id":"https:\/\/empow-her.com\/en\/produit\/coaching-concevoir-mon-site-internet-2\/#primaryimage"},"image":{"@id":"https:\/\/empow-her.com\/en\/produit\/coaching-concevoir-mon-site-internet-2\/#primaryimage"},"thumbnailUrl":"https:\/\/empow-her.com\/wp-content\/uploads\/2024\/09\/Women-Dare-templates-events-52.png","datePublished":"2024-09-04T15:38:12+00:00","dateModified":"2024-09-04T15:43:13+00:00","breadcrumb":{"@id":"https:\/\/empow-her.com\/en\/produit\/coaching-concevoir-mon-site-internet-2\/#breadcrumb"},"inLanguage":"en-US","potentialAction":[{"@type":"ReadAction","target":["https:\/\/empow-her.com\/en\/produit\/coaching-concevoir-mon-site-internet-2\/"]}]},{"@type":"ImageObject","inLanguage":"en-US","@id":"https:\/\/empow-her.com\/en\/produit\/coaching-concevoir-mon-site-internet-2\/#primaryimage","url":"https:\/\/empow-her.com\/wp-content\/uploads\/2024\/09\/Women-Dare-templates-events-52.png","contentUrl":"https:\/\/empow-her.com\/wp-content\/uploads\/2024\/09\/Women-Dare-templates-events-52.png","width":1080,"height":1080},{"@type":"BreadcrumbList","@id":"https:\/\/empow-her.com\/en\/produit\/coaching-concevoir-mon-site-internet-2\/#breadcrumb","itemListElement":[{"@type":"ListItem","position":1,"name":"Accueil","item":"https:\/\/empow-her.com\/en\/landing-page\/"},{"@type":"ListItem","position":2,"name":"LA BOUTIQUE","item":"https:\/\/empow-her.com\/boutique\/"},{"@type":"ListItem","position":3,"name":"Coaching &#8211; Concevoir mon site internet"}]},{"@type":"WebSite","@id":"https:\/\/empow-her.com\/#website","url":"https:\/\/empow-her.com\/","name":"Empow&#039;Her","description":"Women Development","potentialAction":[{"@type":"SearchAction","target":{"@type":"EntryPoint","urlTemplate":"https:\/\/empow-her.com\/?s={search_term_string}"},"query-input":{"@type":"PropertyValueSpecification","valueRequired":true,"valueName":"search_term_string"}}],"inLanguage":"en-US"}]}},"_links":{"self":[{"href":"https:\/\/empow-her.com\/en\/wp-json\/wp\/v2\/product\/256113","targetHints":{"allow":["GET"]}}],"collection":[{"href":"https:\/\/empow-her.com\/en\/wp-json\/wp\/v2\/product"}],"about":[{"href":"https:\/\/empow-her.com\/en\/wp-json\/wp\/v2\/types\/product"}],"wp:featuredmedia":[{"embeddable":true,"href":"https:\/\/empow-her.com\/en\/wp-json\/wp\/v2\/media\/256114"}],"wp:attachment":[{"href":"https:\/\/empow-her.com\/en\/wp-json\/wp\/v2\/media?parent=256113"}],"wp:term":[{"taxonomy":"product_brand","embeddable":true,"href":"https:\/\/empow-her.com\/en\/wp-json\/wp\/v2\/product_brand?post=256113"},{"taxonomy":"product_cat","embeddable":true,"href":"https:\/\/empow-her.com\/en\/wp-json\/wp\/v2\/product_cat?post=256113"},{"taxonomy":"product_tag","embeddable":true,"href":"https:\/\/empow-her.com\/en\/wp-json\/wp\/v2\/product_tag?post=256113"},{"taxonomy":"lieu","embeddable":true,"href":"https:\/\/empow-her.com\/en\/wp-json\/wp\/v2\/lieu?post=256113"},{"taxonomy":"thematiques","embeddable":true,"href":"https:\/\/empow-her.com\/en\/wp-json\/wp\/v2\/thematiques?post=256113"}],"curies":[{"name":"wp","href":"https:\/\/api.w.org\/{rel}","templated":true}]}}