{"id":255790,"date":"2024-08-30T11:19:51","date_gmt":"2024-08-30T09:19:51","guid":{"rendered":"https:\/\/empow-her.com\/?post_type=product&#038;p=255790"},"modified":"2024-08-30T14:09:19","modified_gmt":"2024-08-30T12:09:19","slug":"co-developpement-11","status":"publish","type":"product","link":"https:\/\/empow-her.com\/en\/produit\/co-developpement-11\/","title":{"rendered":"Co-d\u00e9veloppement"},"content":{"rendered":"<p><span style=\"font-weight: 400;\">Quand on se lance, on a souvent mille challenges et d\u00e9fis \u00e0 r\u00e9soudre, et peu de temps pour trouver des solutions \u00e0 tout.\u00a0<\/span><\/p>\n<p><span style=\"font-weight: 400;\">Alors pourquoi ne pas utiliser la force du collectif pour r\u00e9pondre \u00e0 ses questions ? &#x2728;<\/span><\/p>\n<p><span style=\"font-weight: 400;\">Avec Women Dare, vous pouvez participer \u00e0 un co-d\u00e9veloppement, un format pour cr\u00e9er des liens et partager des conseils !<\/span><\/p>\n<p><b>Le codev c\u2019est quoi ?<\/b><\/p>\n<ul>\n<li style=\"font-weight: 400;\" aria-level=\"1\"><span style=\"font-weight: 400;\">Une m\u00e9thode d&#8217;intelligence collective pour r\u00e9soudre des probl\u00e9matiques et partager des bonnes pratiques ! &#x2705;<\/span><\/li>\n<li style=\"font-weight: 400;\" aria-level=\"1\"><span style=\"font-weight: 400;\">Une session de 2h pour cr\u00e9er du lien et ressortir boost\u00e9e avec plein d&#8217;id\u00e9es ! &#x1f680;<\/span><\/li>\n<li style=\"font-weight: 400;\" aria-level=\"1\"><span style=\"font-weight: 400;\">Un moment pour s&#8217;ouvrir aux autres projets, et d\u00e9couvrir d&#8217;autres fa\u00e7ons de faire ! &#x1f4a1;<\/span><span style=\"font-weight: 400;\"><br \/>\n<\/span><\/li>\n<\/ul>\n<p><b>Ce qu&#8217;il faut retenir du codev :<\/b><\/p>\n<ul>\n<li style=\"font-weight: 400;\" aria-level=\"1\"><span style=\"font-weight: 400;\">C&#8217;est un format collaboratif pour toutes qui permet de b\u00e9n\u00e9ficier du regard et de l\u2019exp\u00e9rience des autres.<\/span><\/li>\n<li style=\"font-weight: 400;\" aria-level=\"1\"><span style=\"font-weight: 400;\">Il n&#8217;y a pas de pr\u00e9requis pour participer, vous pouvez participer \u00e0 n&#8217;importe quel moment de votre parcours.<\/span><\/li>\n<li style=\"font-weight: 400;\" aria-level=\"1\"><span style=\"font-weight: 400;\">Vous pouvez participer en tant que porteuse de probl\u00e9matique ou simplement venir en tant que volontaire pour soutenir vos paires.<\/span><\/li>\n<li style=\"font-weight: 400;\" aria-level=\"1\"><span style=\"font-weight: 400;\">Vous pouvez y \u00e9voquer tous vos obstacles hormis des questions trop techniques ou <\/span>sp\u00e9cifiques qui requiert une expertise particuli\u00e8re (statut juridique, plan de financement&#8230;).<\/li>\n<\/ul>\n<p><span style=\"font-weight: 400;\">Je vous remercie de remplir le questionnaire ci-dessous afin que nous puissions planifier la session au mieux.\u00a0<\/span><\/p>\n<p><span class=\"c-emoji c-emoji__medium c-emoji--inline\" data-qa=\"emoji\" data-sk=\"tooltip_parent\"><img decoding=\"async\" src=\"https:\/\/a.slack-edge.com\/production-standard-emoji-assets\/14.0\/google-medium\/1f449.png\" alt=\":apuntando_hacia_la_derecha:\" aria-label=\"Emoji apuntando hacia la derecha\" data-stringify-type=\"emoji\" data-stringify-emoji=\":point_right:\" \/><\/span> <a class=\"c-link\" href=\"https:\/\/airtable.com\/appB3uvkYuO3KGkV5\/pagxEysO41TQpa9jH\/form\" target=\"_blank\" rel=\"noopener noreferrer\" data-stringify-link=\"https:\/\/airtable.com\/appB3uvkYuO3KGkV5\/pagxEysO41TQpa9jH\/edit\" data-sk=\"tooltip_parent\">Questionnaire Codev<\/a><\/p>\n<p><span style=\"font-weight: 400;\">Intervenant.e.s : Membre de l\u2019\u00e9quipe Empow\u2019Her<\/span><\/p>\n<p><span style=\"font-weight: 400;\">Dur\u00e9e : 2h<\/span><\/p>\n<p><span style=\"font-weight: 400;\">Format: Hybride En ligne\/Sist&#8217;Her Paris<\/span><\/p>\n<p><span style=\"font-weight: 400;\"><strong>Attention<\/strong> !\u00a0 Veuillez vous pr\u00e9senter \u00e0 l\u2019heure pour que l\u2019activit\u00e9 puisse commencer \u00e0 temps. Si vous avez du retard, veuillez pr\u00e9venir l\u2019intervenant.e. Si vous avez plus de 15 min de retard, l&#8217;intervenant.e se r\u00e9serve le droit de plus vous accepter pour la session de co-d\u00e9veloppement.<\/span><\/p>\n","protected":false},"excerpt":{"rendered":"<p><span style=\"font-weight: 400;\">Quand on se lance, on a souvent mille challenges et d\u00e9fis \u00e0 r\u00e9soudre, et peu de temps pour trouver des solutions \u00e0 tout.\u00a0<\/span><\/p>\n<p><span style=\"font-weight: 400;\">Alors pourquoi ne pas utiliser la force du collectif pour r\u00e9pondre \u00e0 ses questions ? &#x2728;<\/span><\/p>\n<p><span style=\"font-weight: 400;\">Avec Women Dare, vous pouvez participer \u00e0 un co-d\u00e9veloppement, un format pour cr\u00e9er des liens et partager des conseils !<\/span><\/p>\n<p><b>Le codev c\u2019est quoi ?<\/b><\/p>\n<ul>\n<li style=\"font-weight: 400;\" aria-level=\"1\"><span style=\"font-weight: 400;\">Une m\u00e9thode d&#8217;intelligence collective pour r\u00e9soudre des probl\u00e9matiques et partager des bonnes pratiques ! &#x2705;<\/span><\/li>\n<li style=\"font-weight: 400;\" aria-level=\"1\"><span style=\"font-weight: 400;\">Une session de 2h pour cr\u00e9er du lien et ressortir boost\u00e9e avec plein d&#8217;id\u00e9es ! &#x1f680;<\/span><\/li>\n<li style=\"font-weight: 400;\" aria-level=\"1\"><span style=\"font-weight: 400;\">Un moment pour s&#8217;ouvrir aux autres projets, et d\u00e9couvrir d&#8217;autres fa\u00e7ons de faire ! &#x1f4a1;<\/span><span style=\"font-weight: 400;\"><br \/>\n<\/span><\/li>\n<\/ul>\n<p><b>Ce qu&#8217;il faut retenir du codev :<\/b><\/p>\n<ul>\n<li style=\"font-weight: 400;\" aria-level=\"1\"><span style=\"font-weight: 400;\">C&#8217;est un format collaboratif pour toutes qui permet de b\u00e9n\u00e9ficier du regard et de l\u2019exp\u00e9rience des autres.<\/span><\/li>\n<li style=\"font-weight: 400;\" aria-level=\"1\"><span style=\"font-weight: 400;\">Il n&#8217;y a pas de pr\u00e9requis pour participer, vous pouvez participer \u00e0 n&#8217;importe quel moment de votre parcours.<\/span><\/li>\n<li style=\"font-weight: 400;\" aria-level=\"1\"><span style=\"font-weight: 400;\">Vous pouvez participer en tant que porteuse de probl\u00e9matique ou simplement venir en tant que volontaire pour soutenir vos paires.<\/span><\/li>\n<li style=\"font-weight: 400;\" aria-level=\"1\"><span style=\"font-weight: 400;\">Vous pouvez y \u00e9voquer tous vos obstacles hormis des questions trop techniques ou <\/span>sp\u00e9cifiques qui requiert une expertise particuli\u00e8re (statut juridique, plan de financement&#8230;).<\/li>\n<\/ul>\n<p><span style=\"font-weight: 400;\">Je vous remercie de remplir le questionnaire ci-dessous afin que nous puissions planifier la session au mieux.\u00a0<\/span><\/p>\n<p><span class=\"c-emoji c-emoji__medium c-emoji--inline\" data-qa=\"emoji\" data-sk=\"tooltip_parent\"><img decoding=\"async\" src=\"https:\/\/a.slack-edge.com\/production-standard-emoji-assets\/14.0\/google-medium\/1f449.png\" alt=\":apuntando_hacia_la_derecha:\" aria-label=\"Emoji apuntando hacia la derecha\" data-stringify-type=\"emoji\" data-stringify-emoji=\":point_right:\" \/><\/span> <a class=\"c-link\" href=\"https:\/\/airtable.com\/appB3uvkYuO3KGkV5\/pagxEysO41TQpa9jH\/form\" target=\"_blank\" rel=\"noopener noreferrer\" data-stringify-link=\"https:\/\/airtable.com\/appB3uvkYuO3KGkV5\/pagxEysO41TQpa9jH\/edit\" data-sk=\"tooltip_parent\">Questionnaire Codev<\/a><\/p>\n<p><span style=\"font-weight: 400;\">Intervenant.e.s : Membre de l\u2019\u00e9quipe Empow\u2019Her<\/span><\/p>\n<p><span style=\"font-weight: 400;\">Dur\u00e9e : 2h<\/span><\/p>\n<p><span style=\"font-weight: 400;\">Format: Hybride En ligne\/Sist&#8217;Her Paris<\/span><\/p>\n<p><span style=\"font-weight: 400;\"><strong>Attention<\/strong> !\u00a0 Veuillez vous pr\u00e9senter \u00e0 l\u2019heure pour que l\u2019activit\u00e9 puisse commencer \u00e0 temps. Si vous avez du retard, veuillez pr\u00e9venir l\u2019intervenant.e. Si vous avez plus de 15 min de retard, l&#8217;intervenant.e se r\u00e9serve le droit de plus vous accepter pour la session de co-d\u00e9veloppement.<\/span><\/p>\n<p>&nbsp;<\/p>\n","protected":false},"featured_media":255795,"template":"","format":"standard","meta":{"_acf_changed":false,"om_disable_all_campaigns":false,"_uf_show_specific_survey":0,"_uf_disable_surveys":false},"product_brand":[],"product_cat":[130],"product_tag":[143,132],"lieu":[127],"thematiques":[],"class_list":{"0":"post-255790","1":"product","2":"type-product","3":"status-publish","4":"format-standard","5":"has-post-thumbnail","7":"product_cat-codev","8":"product_tag-en-ligne","9":"product_tag-sisther","10":"lieu-hub-empowher","12":"first","13":"instock","14":"virtual","15":"purchasable","16":"product-type-appointment"},"exclude_global_add_ons":[],"addons":[],"acf":[],"yoast_head":"<!-- This site is optimized with the Yoast SEO plugin v24.8 - https:\/\/yoast.com\/wordpress\/plugins\/seo\/ -->\n<title>Co-d\u00e9veloppement - Empow&#039;Her<\/title>\n<meta name=\"robots\" content=\"index, follow, max-snippet:-1, max-image-preview:large, max-video-preview:-1\" \/>\n<link rel=\"canonical\" href=\"https:\/\/empow-her.com\/en\/produit\/co-developpement-11\/\" \/>\n<meta property=\"og:locale\" content=\"en_US\" \/>\n<meta property=\"og:type\" content=\"article\" \/>\n<meta property=\"og:title\" content=\"Co-d\u00e9veloppement - Empow&#039;Her\" \/>\n<meta property=\"og:description\" content=\"Quand on se lance, on a souvent mille challenges et d\u00e9fis \u00e0 r\u00e9soudre, et peu de temps pour trouver des solutions \u00e0 tout.\u00a0  Alors pourquoi ne pas utiliser la force du collectif pour r\u00e9pondre \u00e0 ses questions ? &#x2728;  Avec Women Dare, vous pouvez participer \u00e0 un co-d\u00e9veloppement, un format pour cr\u00e9er des liens et partager des conseils !  Le codev c\u2019est quoi ?   Une m\u00e9thode d&#039;intelligence collective pour r\u00e9soudre des probl\u00e9matiques et partager des bonnes pratiques ! &#x2705;  Une session de 2h pour cr\u00e9er du lien et ressortir boost\u00e9e avec plein d&#039;id\u00e9es ! &#x1f680;  Un moment pour s&#039;ouvrir aux autres projets, et d\u00e9couvrir d&#039;autres fa\u00e7ons de faire ! &#x1f4a1;   Ce qu&#039;il faut retenir du codev :   C&#039;est un format collaboratif pour toutes qui permet de b\u00e9n\u00e9ficier du regard et de l\u2019exp\u00e9rience des autres.  Il n&#039;y a pas de pr\u00e9requis pour participer, vous pouvez participer \u00e0 n&#039;importe quel moment de votre parcours.  Vous pouvez participer en tant que porteuse de probl\u00e9matique ou simplement venir en tant que volontaire pour soutenir vos paires.  Vous pouvez y \u00e9voquer tous vos obstacles hormis des questions trop techniques ou sp\u00e9cifiques qui requiert une expertise particuli\u00e8re (statut juridique, plan de financement...).  Je vous remercie de remplir le questionnaire ci-dessous afin que nous puissions planifier la session au mieux.\u00a0   Questionnaire Codev  Intervenant.e.s : Membre de l\u2019\u00e9quipe Empow\u2019Her  Dur\u00e9e : 2h  Format: Hybride En ligne\/Sist&#039;Her Paris  Attention !\u00a0 Veuillez vous pr\u00e9senter \u00e0 l\u2019heure pour que l\u2019activit\u00e9 puisse commencer \u00e0 temps. Si vous avez du retard, veuillez pr\u00e9venir l\u2019intervenant.e. Si vous avez plus de 15 min de retard, l&#039;intervenant.e se r\u00e9serve le droit de plus vous accepter pour la session de co-d\u00e9veloppement.  &nbsp;\" \/>\n<meta property=\"og:url\" content=\"https:\/\/empow-her.com\/en\/produit\/co-developpement-11\/\" \/>\n<meta property=\"og:site_name\" content=\"Empow&#039;Her\" \/>\n<meta property=\"article:modified_time\" content=\"2024-08-30T12:09:19+00:00\" \/>\n<meta property=\"og:image\" content=\"https:\/\/empow-her.com\/wp-content\/uploads\/2024\/08\/Women-Dare-templates-events-36.png\" \/>\n\t<meta property=\"og:image:width\" content=\"1080\" \/>\n\t<meta property=\"og:image:height\" content=\"1080\" \/>\n\t<meta property=\"og:image:type\" content=\"image\/png\" \/>\n<meta name=\"twitter:card\" content=\"summary_large_image\" \/>\n<meta name=\"twitter:label1\" content=\"Est. reading time\" \/>\n\t<meta name=\"twitter:data1\" content=\"2 minutes\" \/>\n<script type=\"application\/ld+json\" class=\"yoast-schema-graph\">{\"@context\":\"https:\/\/schema.org\",\"@graph\":[{\"@type\":\"WebPage\",\"@id\":\"https:\/\/empow-her.com\/en\/produit\/co-developpement-11\/\",\"url\":\"https:\/\/empow-her.com\/en\/produit\/co-developpement-11\/\",\"name\":\"Co-d\u00e9veloppement - Empow&#039;Her\",\"isPartOf\":{\"@id\":\"https:\/\/empow-her.com\/#website\"},\"primaryImageOfPage\":{\"@id\":\"https:\/\/empow-her.com\/en\/produit\/co-developpement-11\/#primaryimage\"},\"image\":{\"@id\":\"https:\/\/empow-her.com\/en\/produit\/co-developpement-11\/#primaryimage\"},\"thumbnailUrl\":\"https:\/\/empow-her.com\/wp-content\/uploads\/2024\/08\/Women-Dare-templates-events-36.png\",\"datePublished\":\"2024-08-30T09:19:51+00:00\",\"dateModified\":\"2024-08-30T12:09:19+00:00\",\"breadcrumb\":{\"@id\":\"https:\/\/empow-her.com\/en\/produit\/co-developpement-11\/#breadcrumb\"},\"inLanguage\":\"en-US\",\"potentialAction\":[{\"@type\":\"ReadAction\",\"target\":[\"https:\/\/empow-her.com\/en\/produit\/co-developpement-11\/\"]}]},{\"@type\":\"ImageObject\",\"inLanguage\":\"en-US\",\"@id\":\"https:\/\/empow-her.com\/en\/produit\/co-developpement-11\/#primaryimage\",\"url\":\"https:\/\/empow-her.com\/wp-content\/uploads\/2024\/08\/Women-Dare-templates-events-36.png\",\"contentUrl\":\"https:\/\/empow-her.com\/wp-content\/uploads\/2024\/08\/Women-Dare-templates-events-36.png\",\"width\":1080,\"height\":1080},{\"@type\":\"BreadcrumbList\",\"@id\":\"https:\/\/empow-her.com\/en\/produit\/co-developpement-11\/#breadcrumb\",\"itemListElement\":[{\"@type\":\"ListItem\",\"position\":1,\"name\":\"Accueil\",\"item\":\"https:\/\/empow-her.com\/en\/landing-page\/\"},{\"@type\":\"ListItem\",\"position\":2,\"name\":\"LA BOUTIQUE\",\"item\":\"https:\/\/empow-her.com\/boutique\/\"},{\"@type\":\"ListItem\",\"position\":3,\"name\":\"Co-d\u00e9veloppement\"}]},{\"@type\":\"WebSite\",\"@id\":\"https:\/\/empow-her.com\/#website\",\"url\":\"https:\/\/empow-her.com\/\",\"name\":\"Empow&#039;Her\",\"description\":\"Women Development\",\"potentialAction\":[{\"@type\":\"SearchAction\",\"target\":{\"@type\":\"EntryPoint\",\"urlTemplate\":\"https:\/\/empow-her.com\/?s={search_term_string}\"},\"query-input\":{\"@type\":\"PropertyValueSpecification\",\"valueRequired\":true,\"valueName\":\"search_term_string\"}}],\"inLanguage\":\"en-US\"}]}<\/script>\n<!-- \/ Yoast SEO plugin. -->","yoast_head_json":{"title":"Co-d\u00e9veloppement - Empow&#039;Her","robots":{"index":"index","follow":"follow","max-snippet":"max-snippet:-1","max-image-preview":"max-image-preview:large","max-video-preview":"max-video-preview:-1"},"canonical":"https:\/\/empow-her.com\/en\/produit\/co-developpement-11\/","og_locale":"en_US","og_type":"article","og_title":"Co-d\u00e9veloppement - Empow&#039;Her","og_description":"Quand on se lance, on a souvent mille challenges et d\u00e9fis \u00e0 r\u00e9soudre, et peu de temps pour trouver des solutions \u00e0 tout.\u00a0  Alors pourquoi ne pas utiliser la force du collectif pour r\u00e9pondre \u00e0 ses questions ? &#x2728;  Avec Women Dare, vous pouvez participer \u00e0 un co-d\u00e9veloppement, un format pour cr\u00e9er des liens et partager des conseils !  Le codev c\u2019est quoi ?   Une m\u00e9thode d'intelligence collective pour r\u00e9soudre des probl\u00e9matiques et partager des bonnes pratiques ! &#x2705;  Une session de 2h pour cr\u00e9er du lien et ressortir boost\u00e9e avec plein d'id\u00e9es ! &#x1f680;  Un moment pour s'ouvrir aux autres projets, et d\u00e9couvrir d'autres fa\u00e7ons de faire ! &#x1f4a1;   Ce qu'il faut retenir du codev :   C'est un format collaboratif pour toutes qui permet de b\u00e9n\u00e9ficier du regard et de l\u2019exp\u00e9rience des autres.  Il n'y a pas de pr\u00e9requis pour participer, vous pouvez participer \u00e0 n'importe quel moment de votre parcours.  Vous pouvez participer en tant que porteuse de probl\u00e9matique ou simplement venir en tant que volontaire pour soutenir vos paires.  Vous pouvez y \u00e9voquer tous vos obstacles hormis des questions trop techniques ou sp\u00e9cifiques qui requiert une expertise particuli\u00e8re (statut juridique, plan de financement...).  Je vous remercie de remplir le questionnaire ci-dessous afin que nous puissions planifier la session au mieux.\u00a0   Questionnaire Codev  Intervenant.e.s : Membre de l\u2019\u00e9quipe Empow\u2019Her  Dur\u00e9e : 2h  Format: Hybride En ligne\/Sist'Her Paris  Attention !\u00a0 Veuillez vous pr\u00e9senter \u00e0 l\u2019heure pour que l\u2019activit\u00e9 puisse commencer \u00e0 temps. Si vous avez du retard, veuillez pr\u00e9venir l\u2019intervenant.e. Si vous avez plus de 15 min de retard, l'intervenant.e se r\u00e9serve le droit de plus vous accepter pour la session de co-d\u00e9veloppement.  &nbsp;","og_url":"https:\/\/empow-her.com\/en\/produit\/co-developpement-11\/","og_site_name":"Empow&#039;Her","article_modified_time":"2024-08-30T12:09:19+00:00","og_image":[{"width":1080,"height":1080,"url":"https:\/\/empow-her.com\/wp-content\/uploads\/2024\/08\/Women-Dare-templates-events-36.png","type":"image\/png"}],"twitter_card":"summary_large_image","twitter_misc":{"Est. reading time":"2 minutes"},"schema":{"@context":"https:\/\/schema.org","@graph":[{"@type":"WebPage","@id":"https:\/\/empow-her.com\/en\/produit\/co-developpement-11\/","url":"https:\/\/empow-her.com\/en\/produit\/co-developpement-11\/","name":"Co-d\u00e9veloppement - Empow&#039;Her","isPartOf":{"@id":"https:\/\/empow-her.com\/#website"},"primaryImageOfPage":{"@id":"https:\/\/empow-her.com\/en\/produit\/co-developpement-11\/#primaryimage"},"image":{"@id":"https:\/\/empow-her.com\/en\/produit\/co-developpement-11\/#primaryimage"},"thumbnailUrl":"https:\/\/empow-her.com\/wp-content\/uploads\/2024\/08\/Women-Dare-templates-events-36.png","datePublished":"2024-08-30T09:19:51+00:00","dateModified":"2024-08-30T12:09:19+00:00","breadcrumb":{"@id":"https:\/\/empow-her.com\/en\/produit\/co-developpement-11\/#breadcrumb"},"inLanguage":"en-US","potentialAction":[{"@type":"ReadAction","target":["https:\/\/empow-her.com\/en\/produit\/co-developpement-11\/"]}]},{"@type":"ImageObject","inLanguage":"en-US","@id":"https:\/\/empow-her.com\/en\/produit\/co-developpement-11\/#primaryimage","url":"https:\/\/empow-her.com\/wp-content\/uploads\/2024\/08\/Women-Dare-templates-events-36.png","contentUrl":"https:\/\/empow-her.com\/wp-content\/uploads\/2024\/08\/Women-Dare-templates-events-36.png","width":1080,"height":1080},{"@type":"BreadcrumbList","@id":"https:\/\/empow-her.com\/en\/produit\/co-developpement-11\/#breadcrumb","itemListElement":[{"@type":"ListItem","position":1,"name":"Accueil","item":"https:\/\/empow-her.com\/en\/landing-page\/"},{"@type":"ListItem","position":2,"name":"LA BOUTIQUE","item":"https:\/\/empow-her.com\/boutique\/"},{"@type":"ListItem","position":3,"name":"Co-d\u00e9veloppement"}]},{"@type":"WebSite","@id":"https:\/\/empow-her.com\/#website","url":"https:\/\/empow-her.com\/","name":"Empow&#039;Her","description":"Women Development","potentialAction":[{"@type":"SearchAction","target":{"@type":"EntryPoint","urlTemplate":"https:\/\/empow-her.com\/?s={search_term_string}"},"query-input":{"@type":"PropertyValueSpecification","valueRequired":true,"valueName":"search_term_string"}}],"inLanguage":"en-US"}]}},"_links":{"self":[{"href":"https:\/\/empow-her.com\/en\/wp-json\/wp\/v2\/product\/255790","targetHints":{"allow":["GET"]}}],"collection":[{"href":"https:\/\/empow-her.com\/en\/wp-json\/wp\/v2\/product"}],"about":[{"href":"https:\/\/empow-her.com\/en\/wp-json\/wp\/v2\/types\/product"}],"wp:featuredmedia":[{"embeddable":true,"href":"https:\/\/empow-her.com\/en\/wp-json\/wp\/v2\/media\/255795"}],"wp:attachment":[{"href":"https:\/\/empow-her.com\/en\/wp-json\/wp\/v2\/media?parent=255790"}],"wp:term":[{"taxonomy":"product_brand","embeddable":true,"href":"https:\/\/empow-her.com\/en\/wp-json\/wp\/v2\/product_brand?post=255790"},{"taxonomy":"product_cat","embeddable":true,"href":"https:\/\/empow-her.com\/en\/wp-json\/wp\/v2\/product_cat?post=255790"},{"taxonomy":"product_tag","embeddable":true,"href":"https:\/\/empow-her.com\/en\/wp-json\/wp\/v2\/product_tag?post=255790"},{"taxonomy":"lieu","embeddable":true,"href":"https:\/\/empow-her.com\/en\/wp-json\/wp\/v2\/lieu?post=255790"},{"taxonomy":"thematiques","embeddable":true,"href":"https:\/\/empow-her.com\/en\/wp-json\/wp\/v2\/thematiques?post=255790"}],"curies":[{"name":"wp","href":"https:\/\/api.w.org\/{rel}","templated":true}]}}