{"id":255650,"date":"2024-08-27T11:25:41","date_gmt":"2024-08-27T09:25:41","guid":{"rendered":"https:\/\/empow-her.com\/?post_type=product&#038;p=255650"},"modified":"2024-09-10T14:55:58","modified_gmt":"2024-09-10T12:55:58","slug":"testher-levenement-pour-aider-les-entrepreneuses-a-valider-leur-produit-ou-service","status":"publish","type":"product","link":"https:\/\/empow-her.com\/en\/produit\/testher-levenement-pour-aider-les-entrepreneuses-a-valider-leur-produit-ou-service\/","title":{"rendered":"Test&#8217;Her &#8211; L&#8217;\u00e9v\u00e9nement pour aider les entrepreneuses \u00e0 valider leur produit ou service !"},"content":{"rendered":"<p><span style=\"font-weight: 400;\"> &#x1f680; Test\u2019Her, c\u2019est le nouvel \u00e9v\u00e9nement chez Empow\u2019Her pour aider les entrepreneuses \u00e0 valider leur produit ou service ! &#x1f680;<\/span><\/p>\n<p><span style=\"font-weight: 400;\">Tu t\u2019int\u00e9resses aux projets des entrepreneuses accompagn\u00e9es par Empow&#8217;Her ? Tu es\u00a0curieux.se\u00a0de tester leurs produits et services ? Tu veux participer \u00e0 encourager le lancement des offres mod\u00e9lis\u00e9es des femmes en fin de parcours d&#8217;accompagnement ? <\/span><\/p>\n<p><span style=\"font-weight: 400;\"><span class=\"x1xsqp64 xiy17q3 x1o6pynw x19co3pv xdj266r xcwd3tp xat24cr x39eecv x2b8uid\" data-testid=\"emoji\"><span class=\"xexx8yu xn5pp95 x18d9i69 x2fxd7x x1yqt14a x1bhl96m\">&#x1f525; <\/span><\/span>Rendez-vous au Test\u2019Her pour soutenir 3 entrepreneuses et leur faire des retours sur leur prototype final avant le lancement sur le march\u00e9 ! <span class=\"x1xsqp64 xiy17q3 x1o6pynw x19co3pv xdj266r xcwd3tp xat24cr x39eecv x2b8uid\" data-testid=\"emoji\"><span class=\"xexx8yu xn5pp95 x18d9i69 x2fxd7x x1yqt14a x1bhl96m\">&#x1f525;<\/span><\/span><\/span><\/p>\n<p><span style=\"font-weight: 400;\">&#x26a1;<\/span><span style=\"font-weight: 400;\">&#x26a1;<\/span><span style=\"font-weight: 400;\">&#x26a1;<\/span><\/p>\n<div class=\"l7ghb35v kjdc1dyq kmwttqpk gh25dzvf jikcssrz\"><strong>Infos pratiques<\/strong><br \/>\n<span class=\"fxk3tzhb b2rh1bv3 gh55jysx m8h3af8h ewco64xe kjdc1dyq ms56khn7 bq6c9xl4 eohcrkr5 akh3l2rg\"><img decoding=\"async\" src=\"https:\/\/static.xx.fbcdn.net\/images\/emoji.php\/v9\/td7\/1.5\/16\/1f4c5.png\" alt=\"&#x1f4c5;\" width=\"16\" height=\"16\" \/><\/span> L\u2019\u00e9v\u00e9nement se d\u00e9roulera le lundi 23 septembre de 18h30 <span style=\"font-weight: 400;\">\u00e0 <\/span>21h<br \/>\n<span class=\"fxk3tzhb b2rh1bv3 gh55jysx m8h3af8h ewco64xe kjdc1dyq ms56khn7 bq6c9xl4 eohcrkr5 akh3l2rg\"><img decoding=\"async\" src=\"https:\/\/static.xx.fbcdn.net\/images\/emoji.php\/v9\/t8b\/1.5\/16\/1f516.png\" alt=\"&#x1f516;\" width=\"16\" height=\"16\" \/><\/span> R\u00e9servation obligatoire (gratuite)<br \/>\n<span class=\"fxk3tzhb b2rh1bv3 gh55jysx m8h3af8h ewco64xe kjdc1dyq ms56khn7 bq6c9xl4 eohcrkr5 akh3l2rg\"><img decoding=\"async\" src=\"https:\/\/static.xx.fbcdn.net\/images\/emoji.php\/v9\/t86\/1.5\/16\/1f4cd.png\" alt=\"&#x1f4cd;\" width=\"16\" height=\"16\" \/><\/span> Sist\u2019Her : 82 rue du Faubourg Saint-Martin 75010 Paris<\/div>\n<div><\/div>\n<div class=\"l7ghb35v kjdc1dyq kmwttqpk gh25dzvf jikcssrz\">Ouvert en mars 2021, Sist\u2019Her est le premier tiers-lieu sorore, d\u00e9di\u00e9 aux entrepreneuses et \u00e0 l&#8217;impact en \u00cele-de-France. Port\u00e9 par l\u2019association Empow\u2019Her, c\u2019est un lieu de formations et de rencontres inclusif et collaboratif. Ouvert \u00e0 tou\u00b7te\u00b7s o\u00f9 il est possible de se former, s\u2019inspirer, s\u2019engager et se rencontrer.<\/div>\n<div><\/div>\n<div class=\"l7ghb35v kjdc1dyq kmwttqpk gh25dzvf jikcssrz\">A tr\u00e8s vite ! <span class=\"fxk3tzhb b2rh1bv3 gh55jysx m8h3af8h ewco64xe kjdc1dyq ms56khn7 bq6c9xl4 eohcrkr5 akh3l2rg\"><img loading=\"lazy\" decoding=\"async\" src=\"https:\/\/static.xx.fbcdn.net\/images\/emoji.php\/v9\/t56\/1.5\/16\/1f64c.png\" alt=\"&#x1f64c;\" width=\"16\" height=\"16\" \/><\/span><\/div>\n","protected":false},"excerpt":{"rendered":"<p><span style=\"font-weight: 400;\">&#x1f680; Test\u2019Her, c\u2019est le nouvel \u00e9v\u00e9nement chez Empow\u2019Her pour aider les entrepreneuses \u00e0 valider leur produit ou service ! &#x1f680;<\/span><\/p>\n<p><span style=\"font-weight: 400;\">Tu t\u2019int\u00e9resses aux projets des entrepreneuses accompagn\u00e9es par Empow&#8217;Her ? Tu es\u00a0curieux.se\u00a0de tester leurs produits et services ? Tu veux participer \u00e0 encourager le lancement des offres mod\u00e9lis\u00e9es des femmes en fin de parcours d&#8217;accompagnement ? <\/span><\/p>\n<p><span style=\"font-weight: 400;\"><span class=\"x1xsqp64 xiy17q3 x1o6pynw x19co3pv xdj266r xcwd3tp xat24cr x39eecv x2b8uid\" data-testid=\"emoji\"><span class=\"xexx8yu xn5pp95 x18d9i69 x2fxd7x x1yqt14a x1bhl96m\">&#x1f525; <\/span><\/span>Rendez-vous au Test\u2019Her pour soutenir 3 entrepreneuses et leur faire des retours sur leur prototype final avant le lancement sur le march\u00e9 ! <span class=\"x1xsqp64 xiy17q3 x1o6pynw x19co3pv xdj266r xcwd3tp xat24cr x39eecv x2b8uid\" data-testid=\"emoji\"><span class=\"xexx8yu xn5pp95 x18d9i69 x2fxd7x x1yqt14a x1bhl96m\">&#x1f525;<\/span><\/span><\/span><\/p>\n<p><span style=\"font-weight: 400;\">&#x26a1;<\/span><span style=\"font-weight: 400;\">&#x26a1;<\/span><span style=\"font-weight: 400;\">&#x26a1;<\/span><\/p>\n<div class=\"l7ghb35v kjdc1dyq kmwttqpk gh25dzvf jikcssrz\"><strong>Infos pratiques<\/strong><br \/>\n<span class=\"fxk3tzhb b2rh1bv3 gh55jysx m8h3af8h ewco64xe kjdc1dyq ms56khn7 bq6c9xl4 eohcrkr5 akh3l2rg\"><img decoding=\"async\" src=\"https:\/\/static.xx.fbcdn.net\/images\/emoji.php\/v9\/td7\/1.5\/16\/1f4c5.png\" alt=\"&#x1f4c5;\" width=\"16\" height=\"16\" \/><\/span> L\u2019\u00e9v\u00e9nement se d\u00e9roulera le lundi 23 septembre de 18h30 <span style=\"font-weight: 400;\">\u00e0 <\/span>21h<br \/>\n<span class=\"fxk3tzhb b2rh1bv3 gh55jysx m8h3af8h ewco64xe kjdc1dyq ms56khn7 bq6c9xl4 eohcrkr5 akh3l2rg\"><img decoding=\"async\" src=\"https:\/\/static.xx.fbcdn.net\/images\/emoji.php\/v9\/t8b\/1.5\/16\/1f516.png\" alt=\"&#x1f516;\" width=\"16\" height=\"16\" \/><\/span> R\u00e9servation obligatoire (gratuite)<br \/>\n<span class=\"fxk3tzhb b2rh1bv3 gh55jysx m8h3af8h ewco64xe kjdc1dyq ms56khn7 bq6c9xl4 eohcrkr5 akh3l2rg\"><img decoding=\"async\" src=\"https:\/\/static.xx.fbcdn.net\/images\/emoji.php\/v9\/t86\/1.5\/16\/1f4cd.png\" alt=\"&#x1f4cd;\" width=\"16\" height=\"16\" \/><\/span> Sist\u2019Her : 82 rue du Faubourg Saint-Martin 75010 Paris<\/div>\n<div><\/div>\n<div class=\"l7ghb35v kjdc1dyq kmwttqpk gh25dzvf jikcssrz\">Ouvert en mars 2021, Sist\u2019Her est le premier tiers-lieu sorore, d\u00e9di\u00e9 aux entrepreneuses et \u00e0 l&#8217;impact en \u00cele-de-France. Port\u00e9 par l\u2019association Empow\u2019Her, c\u2019est un lieu de formations et de rencontres inclusif et collaboratif. Ouvert \u00e0 tou\u00b7te\u00b7s o\u00f9 il est possible de se former, s\u2019inspirer, s\u2019engager et se rencontrer.<\/div>\n<div><\/div>\n<div class=\"l7ghb35v kjdc1dyq kmwttqpk gh25dzvf jikcssrz\">A tr\u00e8s vite ! <span class=\"fxk3tzhb b2rh1bv3 gh55jysx m8h3af8h ewco64xe kjdc1dyq ms56khn7 bq6c9xl4 eohcrkr5 akh3l2rg\"><img loading=\"lazy\" decoding=\"async\" src=\"https:\/\/static.xx.fbcdn.net\/images\/emoji.php\/v9\/t56\/1.5\/16\/1f64c.png\" alt=\"&#x1f64c;\" width=\"16\" height=\"16\" \/><\/span><\/div>\n","protected":false},"featured_media":255787,"template":"","format":"standard","meta":{"_acf_changed":false,"om_disable_all_campaigns":false,"_uf_show_specific_survey":0,"_uf_disable_surveys":false},"product_brand":[],"product_cat":[119],"product_tag":[],"lieu":[127],"thematiques":[],"class_list":{"0":"post-255650","1":"product","2":"type-product","3":"status-publish","4":"format-standard","5":"has-post-thumbnail","7":"product_cat-evenement-sisther","8":"lieu-hub-empowher","10":"first","11":"instock","12":"virtual","13":"purchasable","14":"product-type-appointment"},"exclude_global_add_ons":false,"addons":[{"name":"J\u2019accepte de recevoir la newsletter de Sist\u2019Her (1 mail\/mois pour conna\u00eetre notre programmation)","type":"checkbox","position":0,"required":false,"title_format":"hide","description_enable":false,"description":"","placeholder_enable":false,"placeholder":"","display":"select","restrictions_type":"any_text","adjust_price":false,"price":"","price_type":"flat_fee","restrictions":false,"min":0,"max":0,"options":[{"label":"J\u2019accepte de recevoir la newsletter de Sist\u2019Her (1 mail\/mois pour conna\u00eetre notre programmation)","price":"","price_type":"flat_fee","image":0}],"id":1725014903}],"acf":[],"yoast_head":"<!-- This site is optimized with the Yoast SEO plugin v24.8 - https:\/\/yoast.com\/wordpress\/plugins\/seo\/ -->\n<title>Test&#039;Her chez Sist&#039;Her<\/title>\n<meta name=\"description\" content=\"Viens tester le produits ou le service d&#039;une entrepreneuse pour l&#039;aider \u00e0 avancer dans son projet ! Rendez-vous \u00e0 8h30 chez Sist&#039;Her le vendredi 13 octobre\" \/>\n<meta name=\"robots\" content=\"index, follow, max-snippet:-1, max-image-preview:large, max-video-preview:-1\" \/>\n<link rel=\"canonical\" href=\"https:\/\/empow-her.com\/en\/produit\/testher-levenement-pour-aider-les-entrepreneuses-a-valider-leur-produit-ou-service\/\" \/>\n<meta property=\"og:locale\" content=\"en_US\" \/>\n<meta property=\"og:type\" content=\"article\" \/>\n<meta property=\"og:title\" content=\"Test&#039;Her chez Sist&#039;Her\" \/>\n<meta property=\"og:description\" content=\"Viens tester le produits ou le service d&#039;une entrepreneuse pour l&#039;aider \u00e0 avancer dans son projet ! Rendez-vous \u00e0 8h30 chez Sist&#039;Her le vendredi 13 octobre\" \/>\n<meta property=\"og:url\" content=\"https:\/\/empow-her.com\/en\/produit\/testher-levenement-pour-aider-les-entrepreneuses-a-valider-leur-produit-ou-service\/\" \/>\n<meta property=\"og:site_name\" content=\"Empow&#039;Her\" \/>\n<meta property=\"article:modified_time\" content=\"2024-09-10T12:55:58+00:00\" \/>\n<meta property=\"og:image\" content=\"https:\/\/empow-her.com\/wp-content\/uploads\/2024\/08\/Women-Dare-templates-events-34.png\" \/>\n\t<meta property=\"og:image:width\" content=\"1080\" \/>\n\t<meta property=\"og:image:height\" content=\"1080\" \/>\n\t<meta property=\"og:image:type\" content=\"image\/png\" \/>\n<meta name=\"twitter:card\" content=\"summary_large_image\" \/>\n<meta name=\"twitter:label1\" content=\"Est. reading time\" \/>\n\t<meta name=\"twitter:data1\" content=\"2 minutes\" \/>\n<script type=\"application\/ld+json\" class=\"yoast-schema-graph\">{\"@context\":\"https:\/\/schema.org\",\"@graph\":[{\"@type\":\"WebPage\",\"@id\":\"https:\/\/empow-her.com\/en\/produit\/testher-levenement-pour-aider-les-entrepreneuses-a-valider-leur-produit-ou-service\/\",\"url\":\"https:\/\/empow-her.com\/en\/produit\/testher-levenement-pour-aider-les-entrepreneuses-a-valider-leur-produit-ou-service\/\",\"name\":\"Test'Her chez Sist'Her\",\"isPartOf\":{\"@id\":\"https:\/\/empow-her.com\/#website\"},\"primaryImageOfPage\":{\"@id\":\"https:\/\/empow-her.com\/en\/produit\/testher-levenement-pour-aider-les-entrepreneuses-a-valider-leur-produit-ou-service\/#primaryimage\"},\"image\":{\"@id\":\"https:\/\/empow-her.com\/en\/produit\/testher-levenement-pour-aider-les-entrepreneuses-a-valider-leur-produit-ou-service\/#primaryimage\"},\"thumbnailUrl\":\"https:\/\/empow-her.com\/wp-content\/uploads\/2024\/08\/Women-Dare-templates-events-34.png\",\"datePublished\":\"2024-08-27T09:25:41+00:00\",\"dateModified\":\"2024-09-10T12:55:58+00:00\",\"description\":\"Viens tester le produits ou le service d'une entrepreneuse pour l'aider \u00e0 avancer dans son projet ! Rendez-vous \u00e0 8h30 chez Sist'Her le vendredi 13 octobre\",\"breadcrumb\":{\"@id\":\"https:\/\/empow-her.com\/en\/produit\/testher-levenement-pour-aider-les-entrepreneuses-a-valider-leur-produit-ou-service\/#breadcrumb\"},\"inLanguage\":\"en-US\",\"potentialAction\":[{\"@type\":\"ReadAction\",\"target\":[\"https:\/\/empow-her.com\/en\/produit\/testher-levenement-pour-aider-les-entrepreneuses-a-valider-leur-produit-ou-service\/\"]}]},{\"@type\":\"ImageObject\",\"inLanguage\":\"en-US\",\"@id\":\"https:\/\/empow-her.com\/en\/produit\/testher-levenement-pour-aider-les-entrepreneuses-a-valider-leur-produit-ou-service\/#primaryimage\",\"url\":\"https:\/\/empow-her.com\/wp-content\/uploads\/2024\/08\/Women-Dare-templates-events-34.png\",\"contentUrl\":\"https:\/\/empow-her.com\/wp-content\/uploads\/2024\/08\/Women-Dare-templates-events-34.png\",\"width\":1080,\"height\":1080},{\"@type\":\"BreadcrumbList\",\"@id\":\"https:\/\/empow-her.com\/en\/produit\/testher-levenement-pour-aider-les-entrepreneuses-a-valider-leur-produit-ou-service\/#breadcrumb\",\"itemListElement\":[{\"@type\":\"ListItem\",\"position\":1,\"name\":\"Accueil\",\"item\":\"https:\/\/empow-her.com\/en\/landing-page\/\"},{\"@type\":\"ListItem\",\"position\":2,\"name\":\"LA BOUTIQUE\",\"item\":\"https:\/\/empow-her.com\/boutique\/\"},{\"@type\":\"ListItem\",\"position\":3,\"name\":\"Test&#8217;Her &#8211; L&#8217;\u00e9v\u00e9nement pour aider les entrepreneuses \u00e0 valider leur produit ou service !\"}]},{\"@type\":\"WebSite\",\"@id\":\"https:\/\/empow-her.com\/#website\",\"url\":\"https:\/\/empow-her.com\/\",\"name\":\"Empow&#039;Her\",\"description\":\"Women Development\",\"potentialAction\":[{\"@type\":\"SearchAction\",\"target\":{\"@type\":\"EntryPoint\",\"urlTemplate\":\"https:\/\/empow-her.com\/?s={search_term_string}\"},\"query-input\":{\"@type\":\"PropertyValueSpecification\",\"valueRequired\":true,\"valueName\":\"search_term_string\"}}],\"inLanguage\":\"en-US\"}]}<\/script>\n<!-- \/ Yoast SEO plugin. -->","yoast_head_json":{"title":"Test'Her chez Sist'Her","description":"Viens tester le produits ou le service d'une entrepreneuse pour l'aider \u00e0 avancer dans son projet ! Rendez-vous \u00e0 8h30 chez Sist'Her le vendredi 13 octobre","robots":{"index":"index","follow":"follow","max-snippet":"max-snippet:-1","max-image-preview":"max-image-preview:large","max-video-preview":"max-video-preview:-1"},"canonical":"https:\/\/empow-her.com\/en\/produit\/testher-levenement-pour-aider-les-entrepreneuses-a-valider-leur-produit-ou-service\/","og_locale":"en_US","og_type":"article","og_title":"Test'Her chez Sist'Her","og_description":"Viens tester le produits ou le service d'une entrepreneuse pour l'aider \u00e0 avancer dans son projet ! Rendez-vous \u00e0 8h30 chez Sist'Her le vendredi 13 octobre","og_url":"https:\/\/empow-her.com\/en\/produit\/testher-levenement-pour-aider-les-entrepreneuses-a-valider-leur-produit-ou-service\/","og_site_name":"Empow&#039;Her","article_modified_time":"2024-09-10T12:55:58+00:00","og_image":[{"width":1080,"height":1080,"url":"https:\/\/empow-her.com\/wp-content\/uploads\/2024\/08\/Women-Dare-templates-events-34.png","type":"image\/png"}],"twitter_card":"summary_large_image","twitter_misc":{"Est. reading time":"2 minutes"},"schema":{"@context":"https:\/\/schema.org","@graph":[{"@type":"WebPage","@id":"https:\/\/empow-her.com\/en\/produit\/testher-levenement-pour-aider-les-entrepreneuses-a-valider-leur-produit-ou-service\/","url":"https:\/\/empow-her.com\/en\/produit\/testher-levenement-pour-aider-les-entrepreneuses-a-valider-leur-produit-ou-service\/","name":"Test'Her chez Sist'Her","isPartOf":{"@id":"https:\/\/empow-her.com\/#website"},"primaryImageOfPage":{"@id":"https:\/\/empow-her.com\/en\/produit\/testher-levenement-pour-aider-les-entrepreneuses-a-valider-leur-produit-ou-service\/#primaryimage"},"image":{"@id":"https:\/\/empow-her.com\/en\/produit\/testher-levenement-pour-aider-les-entrepreneuses-a-valider-leur-produit-ou-service\/#primaryimage"},"thumbnailUrl":"https:\/\/empow-her.com\/wp-content\/uploads\/2024\/08\/Women-Dare-templates-events-34.png","datePublished":"2024-08-27T09:25:41+00:00","dateModified":"2024-09-10T12:55:58+00:00","description":"Viens tester le produits ou le service d'une entrepreneuse pour l'aider \u00e0 avancer dans son projet ! Rendez-vous \u00e0 8h30 chez Sist'Her le vendredi 13 octobre","breadcrumb":{"@id":"https:\/\/empow-her.com\/en\/produit\/testher-levenement-pour-aider-les-entrepreneuses-a-valider-leur-produit-ou-service\/#breadcrumb"},"inLanguage":"en-US","potentialAction":[{"@type":"ReadAction","target":["https:\/\/empow-her.com\/en\/produit\/testher-levenement-pour-aider-les-entrepreneuses-a-valider-leur-produit-ou-service\/"]}]},{"@type":"ImageObject","inLanguage":"en-US","@id":"https:\/\/empow-her.com\/en\/produit\/testher-levenement-pour-aider-les-entrepreneuses-a-valider-leur-produit-ou-service\/#primaryimage","url":"https:\/\/empow-her.com\/wp-content\/uploads\/2024\/08\/Women-Dare-templates-events-34.png","contentUrl":"https:\/\/empow-her.com\/wp-content\/uploads\/2024\/08\/Women-Dare-templates-events-34.png","width":1080,"height":1080},{"@type":"BreadcrumbList","@id":"https:\/\/empow-her.com\/en\/produit\/testher-levenement-pour-aider-les-entrepreneuses-a-valider-leur-produit-ou-service\/#breadcrumb","itemListElement":[{"@type":"ListItem","position":1,"name":"Accueil","item":"https:\/\/empow-her.com\/en\/landing-page\/"},{"@type":"ListItem","position":2,"name":"LA BOUTIQUE","item":"https:\/\/empow-her.com\/boutique\/"},{"@type":"ListItem","position":3,"name":"Test&#8217;Her &#8211; L&#8217;\u00e9v\u00e9nement pour aider les entrepreneuses \u00e0 valider leur produit ou service !"}]},{"@type":"WebSite","@id":"https:\/\/empow-her.com\/#website","url":"https:\/\/empow-her.com\/","name":"Empow&#039;Her","description":"Women Development","potentialAction":[{"@type":"SearchAction","target":{"@type":"EntryPoint","urlTemplate":"https:\/\/empow-her.com\/?s={search_term_string}"},"query-input":{"@type":"PropertyValueSpecification","valueRequired":true,"valueName":"search_term_string"}}],"inLanguage":"en-US"}]}},"_links":{"self":[{"href":"https:\/\/empow-her.com\/en\/wp-json\/wp\/v2\/product\/255650","targetHints":{"allow":["GET"]}}],"collection":[{"href":"https:\/\/empow-her.com\/en\/wp-json\/wp\/v2\/product"}],"about":[{"href":"https:\/\/empow-her.com\/en\/wp-json\/wp\/v2\/types\/product"}],"wp:featuredmedia":[{"embeddable":true,"href":"https:\/\/empow-her.com\/en\/wp-json\/wp\/v2\/media\/255787"}],"wp:attachment":[{"href":"https:\/\/empow-her.com\/en\/wp-json\/wp\/v2\/media?parent=255650"}],"wp:term":[{"taxonomy":"product_brand","embeddable":true,"href":"https:\/\/empow-her.com\/en\/wp-json\/wp\/v2\/product_brand?post=255650"},{"taxonomy":"product_cat","embeddable":true,"href":"https:\/\/empow-her.com\/en\/wp-json\/wp\/v2\/product_cat?post=255650"},{"taxonomy":"product_tag","embeddable":true,"href":"https:\/\/empow-her.com\/en\/wp-json\/wp\/v2\/product_tag?post=255650"},{"taxonomy":"lieu","embeddable":true,"href":"https:\/\/empow-her.com\/en\/wp-json\/wp\/v2\/lieu?post=255650"},{"taxonomy":"thematiques","embeddable":true,"href":"https:\/\/empow-her.com\/en\/wp-json\/wp\/v2\/thematiques?post=255650"}],"curies":[{"name":"wp","href":"https:\/\/api.w.org\/{rel}","templated":true}]}}