{"id":255563,"date":"2024-08-23T18:28:36","date_gmt":"2024-08-23T16:28:36","guid":{"rendered":"https:\/\/empow-her.com\/?post_type=product&#038;p=255563"},"modified":"2024-09-06T15:05:09","modified_gmt":"2024-09-06T13:05:09","slug":"cercle-parole-travail-discriminations","status":"publish","type":"product","link":"https:\/\/empow-her.com\/en\/produit\/cercle-parole-travail-discriminations\/","title":{"rendered":"Identit\u00e9s et monde du travail : \u00eatre \u00e0 l&#8217;intersection de plusieurs discriminations"},"content":{"rendered":"<p>L&#8217;\u00e9quipe de l&#8217;association <a href=\"https:\/\/www.helloasso.com\/associations\/fem-artistik\">Fem&#8217;Artistik<\/a> et Empow&#8217;Her reviennent avec un deuxi\u00e8me Caf\u00e9 des Fallopes (cercle de parole-formation) ! Apr\u00e8s <a href=\"https:\/\/www.instagram.com\/p\/C8g7C4OAAhR\/?img_index=1\"><em>Le Couple &amp; l&#8217;Argent<\/em><\/a>, on se retrouve pour une nouvelle discussion cette fois-ci autour des identit\u00e9s et du monde du travail.<\/p>\n<p>Ensemble, on parlera des <strong>obstacles se mettant en travers du parcours professionnel des femmes et des personnes queers<\/strong>. On explorera le concept d&#8217;<strong>intersectionnalit\u00e9<\/strong>, on questionnera les diff\u00e9rentes formes de <strong>violences dans le monde du travail<\/strong> et comment celles-ci se manifestent concr\u00e8tement. Puis on s&#8217;organisera ensemble pour <strong>se donner la force d&#8217;agir et inciter \u00e0 faire bouger les lignes<\/strong> &#x1f91d;<\/p>\n<h5>Au programme<\/h5>\n<div>&#8211; Pr\u00e9sentation des participant.e.s<\/div>\n<div>&#8211; Introduction interactive de la probl\u00e9matique<\/div>\n<div>&#8211; Cercle de parole, \u00e9change libre sur le th\u00e8me<\/div>\n<div>&#8211; Pr\u00e9sentation des recherches Fem\u2019Artistik et Empow\u2019Her sur le sujet<\/div>\n<div>&#8211; Plan d\u2019actions individuel et collectif &#x270a;<\/div>\n<div><\/div>\n<div><\/div>\n<div><\/div>\n<div><\/div>\n<div><\/div>\n<div><\/div>\n<div><\/div>\n<div><\/div>\n<h3>Le Caf\u00e9 des Fallopes, qu\u2019est-ce que c\u2019est ?&#x1f49c;<\/h3>\n<div>\n<div><\/div>\n<div>&#8211; Un cercle d\u2019expression libre entre femmes, personnes non binaires, trans<\/div>\n<div>&#8211; Qui valorise la parole de toustes, indiff\u00e9remment de la classe sociale, de l\u2019appartenance religieuse ou ethnique, de l\u2019orientation sexuelle et affective.<\/div>\n<div>&#8211; Un lieu d\u2019 ateliers th\u00e9matiques sur les enjeux de l\u2019\u00e9galit\u00e9 entre les hommes et les femmes.<\/div>\n<div>&#8211; Un lieu de r\u00e9flexion collective visant \u00e0 faire \u00e9merger des pistes d\u2019actions concr\u00e8tes pour faire \u00e9voluer la soci\u00e9t\u00e9.<\/div>\n<div>&#8211; Un lieu de militantisme joyeux, d\u2019empowerment et d\u2019entraide. Infos pratiques<\/div>\n<\/div>\n<h5><\/h5>\n<h5><\/h5>\n<h5><\/h5>\n<h5><\/h5>\n<h5><\/h5>\n<h5><\/h5>\n<h5><\/h5>\n<h5>Infos pratiques<\/h5>\n<div>&#x1f4c5; Jeudi 12 septembre<\/div>\n<div>&#x231a;De 18h30 \u00e0 20h30<\/div>\n<div>&#x1f39f;&#xfe0f; Inscription gratuite obligatoire<\/div>\n<div>&#x1f4cd;Chez Sist\u2019Her, 82 rue du Faubourg St-Martin, 75010 Paris<\/div>\n<div><\/div>\n<div>On vous attend avec impatience &#x1f49b;<\/div>\n","protected":false},"excerpt":{"rendered":"<p>L&#8217;\u00e9quipe de l&#8217;association <a href=\"https:\/\/www.helloasso.com\/associations\/fem-artistik\">Fem&#8217;Artistik<\/a> et Empow&#8217;Her reviennent avec un deuxi\u00e8me Caf\u00e9 des Fallopes (cercle de parole-formation) ! Apr\u00e8s <a href=\"https:\/\/www.instagram.com\/p\/C8g7C4OAAhR\/?img_index=1\"><em>Le Couple &amp; l&#8217;Argent<\/em><\/a>, on se retrouve pour une nouvelle discussion cette fois-ci autour des identit\u00e9s et du monde du travail.<\/p>\n<p>Ensemble, on parlera des <strong>obstacles se mettant en travers du parcours professionnel des femmes et des personnes queers<\/strong>. On explorera le concept d&#8217;<strong>intersectionnalit\u00e9<\/strong>, on questionnera les diff\u00e9rentes formes de <strong>violences dans le monde du travail<\/strong> et comment celles-ci se manifestent concr\u00e8tement. Puis on s&#8217;organisera ensemble pour <strong>se donner la force d&#8217;agir et inciter \u00e0 faire bouger les lignes<\/strong> &#x1f91d;<\/p>\n<h5>Au programme<\/h5>\n<div>&#8211; Pr\u00e9sentation des participant.e.s<\/div>\n<div>&#8211; Introduction interactive de la probl\u00e9matique<\/div>\n<div>&#8211; Cercle de parole, \u00e9change libre sur le th\u00e8me<\/div>\n<div>&#8211; Pr\u00e9sentation des recherches Fem\u2019Artistik et Empow\u2019Her sur le sujet<\/div>\n<div>&#8211; Plan d\u2019actions individuel et collectif &#x270a;<\/div>\n<div><\/div>\n<div><\/div>\n<div><\/div>\n<div><\/div>\n<div><\/div>\n<div><\/div>\n<div><\/div>\n<div><\/div>\n<h3>Le Caf\u00e9 des Fallopes, qu\u2019est-ce que c\u2019est ?&#x1f49c;<\/h3>\n<div>\n<div><\/div>\n<div>&#8211; Un cercle d\u2019expression libre entre femmes, personnes non binaires, trans<\/div>\n<div>&#8211; Qui valorise la parole de toustes, indiff\u00e9remment de la classe sociale, de l\u2019appartenance religieuse ou ethnique, de l\u2019orientation sexuelle et affective.<\/div>\n<div>&#8211; Un lieu d\u2019 ateliers th\u00e9matiques sur les enjeux de l\u2019\u00e9galit\u00e9 entre les hommes et les femmes.<\/div>\n<div>&#8211; Un lieu de r\u00e9flexion collective visant \u00e0 faire \u00e9merger des pistes d\u2019actions concr\u00e8tes pour faire \u00e9voluer la soci\u00e9t\u00e9.<\/div>\n<div>&#8211; Un lieu de militantisme joyeux, d\u2019empowerment et d\u2019entraide. Infos pratiques<\/div>\n<\/div>\n<h5><\/h5>\n<h5><\/h5>\n<h5><\/h5>\n<h5><\/h5>\n<h5><\/h5>\n<h5><\/h5>\n<h5><\/h5>\n<h5>Infos pratiques<\/h5>\n<div>&#x1f4c5; Jeudi 12 septembre<\/div>\n<div>&#x231a;De 18h30 \u00e0 20h30<\/div>\n<div>&#x1f39f;&#xfe0f; Inscription gratuite obligatoire<\/div>\n<div>&#x1f4cd;Chez Sist\u2019Her, 82 rue du Faubourg St-Martin, 75010 Paris<\/div>\n<div><\/div>\n<div>On vous attend avec impatience &#x1f49b;<\/div>\n","protected":false},"featured_media":255564,"template":"","format":"standard","meta":{"_acf_changed":false,"om_disable_all_campaigns":false,"_uf_show_specific_survey":0,"_uf_disable_surveys":false},"product_brand":[],"product_cat":[119],"product_tag":[],"lieu":[],"thematiques":[],"class_list":{"0":"post-255563","1":"product","2":"type-product","3":"status-publish","4":"format-standard","5":"has-post-thumbnail","7":"product_cat-evenement-sisther","9":"first","10":"instock","11":"virtual","12":"purchasable","13":"product-type-appointment"},"exclude_global_add_ons":false,"addons":[{"name":"J'accepte de recevoir la newsletter agenda de Sist'Her (1 mail\/mois pour conna\u00eetre notre programmation)","type":"checkbox","position":0,"required":false,"title_format":"hide","description_enable":false,"description":"","placeholder_enable":false,"placeholder":"","display":"select","restrictions_type":"any_text","adjust_price":false,"price":"","price_type":"flat_fee","restrictions":false,"min":0,"max":0,"options":[{"label":"J'accepte de recevoir la newsletter agenda de Sist'Her (1 mail\/mois pour conna\u00eetre notre programmation)","price":"","price_type":"flat_fee","image":0}],"id":1724073696},{"name":"J'accepte que mon adresse mail soit partag\u00e9e avec Fem'Artistik","type":"checkbox","position":1,"required":false,"title_format":"hide","description_enable":false,"description":"","placeholder_enable":false,"placeholder":"","display":"select","restrictions_type":"any_text","adjust_price":false,"price":"","price_type":"flat_fee","restrictions":false,"min":0,"max":0,"options":[{"label":"J'accepte que mon adresse mail soit partag\u00e9e \u00e0 Fem'Artistik","price":"","price_type":"flat_fee","image":0}],"id":1724092659}],"acf":[],"yoast_head":"<!-- This site is optimized with the Yoast SEO plugin v24.8 - https:\/\/yoast.com\/wordpress\/plugins\/seo\/ -->\n<title>Identit\u00e9 et monde du travail !<\/title>\n<meta name=\"description\" content=\"Cercle de parole autour des discriminations dans le monde du travail et les actions collectives et individuelles possibles pour faire bouger les lignes !\" \/>\n<meta name=\"robots\" content=\"index, follow, max-snippet:-1, max-image-preview:large, max-video-preview:-1\" \/>\n<link rel=\"canonical\" href=\"https:\/\/empow-her.com\/en\/produit\/cercle-parole-travail-discriminations\/\" \/>\n<meta property=\"og:locale\" content=\"en_US\" \/>\n<meta property=\"og:type\" content=\"article\" \/>\n<meta property=\"og:title\" content=\"Identit\u00e9 et monde du travail !\" \/>\n<meta property=\"og:description\" content=\"Cercle de parole autour des discriminations dans le monde du travail et les actions collectives et individuelles possibles pour faire bouger les lignes !\" \/>\n<meta property=\"og:url\" content=\"https:\/\/empow-her.com\/en\/produit\/cercle-parole-travail-discriminations\/\" \/>\n<meta property=\"og:site_name\" content=\"Empow&#039;Her\" \/>\n<meta property=\"article:modified_time\" content=\"2024-09-06T13:05:09+00:00\" \/>\n<meta property=\"og:image\" content=\"https:\/\/empow-her.com\/wp-content\/uploads\/2024\/08\/shetalks-economie-circulaire-13.png\" \/>\n\t<meta property=\"og:image:width\" content=\"1080\" \/>\n\t<meta property=\"og:image:height\" content=\"1080\" \/>\n\t<meta property=\"og:image:type\" content=\"image\/png\" \/>\n<meta name=\"twitter:card\" content=\"summary_large_image\" \/>\n<meta name=\"twitter:label1\" content=\"Est. reading time\" \/>\n\t<meta name=\"twitter:data1\" content=\"2 minutes\" \/>\n<script type=\"application\/ld+json\" class=\"yoast-schema-graph\">{\"@context\":\"https:\/\/schema.org\",\"@graph\":[{\"@type\":\"WebPage\",\"@id\":\"https:\/\/empow-her.com\/en\/produit\/cercle-parole-travail-discriminations\/\",\"url\":\"https:\/\/empow-her.com\/en\/produit\/cercle-parole-travail-discriminations\/\",\"name\":\"Identit\u00e9 et monde du travail !\",\"isPartOf\":{\"@id\":\"https:\/\/empow-her.com\/#website\"},\"primaryImageOfPage\":{\"@id\":\"https:\/\/empow-her.com\/en\/produit\/cercle-parole-travail-discriminations\/#primaryimage\"},\"image\":{\"@id\":\"https:\/\/empow-her.com\/en\/produit\/cercle-parole-travail-discriminations\/#primaryimage\"},\"thumbnailUrl\":\"https:\/\/empow-her.com\/wp-content\/uploads\/2024\/08\/shetalks-economie-circulaire-13.png\",\"datePublished\":\"2024-08-23T16:28:36+00:00\",\"dateModified\":\"2024-09-06T13:05:09+00:00\",\"description\":\"Cercle de parole autour des discriminations dans le monde du travail et les actions collectives et individuelles possibles pour faire bouger les lignes !\",\"breadcrumb\":{\"@id\":\"https:\/\/empow-her.com\/en\/produit\/cercle-parole-travail-discriminations\/#breadcrumb\"},\"inLanguage\":\"en-US\",\"potentialAction\":[{\"@type\":\"ReadAction\",\"target\":[\"https:\/\/empow-her.com\/en\/produit\/cercle-parole-travail-discriminations\/\"]}]},{\"@type\":\"ImageObject\",\"inLanguage\":\"en-US\",\"@id\":\"https:\/\/empow-her.com\/en\/produit\/cercle-parole-travail-discriminations\/#primaryimage\",\"url\":\"https:\/\/empow-her.com\/wp-content\/uploads\/2024\/08\/shetalks-economie-circulaire-13.png\",\"contentUrl\":\"https:\/\/empow-her.com\/wp-content\/uploads\/2024\/08\/shetalks-economie-circulaire-13.png\",\"width\":1080,\"height\":1080},{\"@type\":\"BreadcrumbList\",\"@id\":\"https:\/\/empow-her.com\/en\/produit\/cercle-parole-travail-discriminations\/#breadcrumb\",\"itemListElement\":[{\"@type\":\"ListItem\",\"position\":1,\"name\":\"Accueil\",\"item\":\"https:\/\/empow-her.com\/en\/landing-page\/\"},{\"@type\":\"ListItem\",\"position\":2,\"name\":\"LA BOUTIQUE\",\"item\":\"https:\/\/empow-her.com\/boutique\/\"},{\"@type\":\"ListItem\",\"position\":3,\"name\":\"Identit\u00e9s et monde du travail : \u00eatre \u00e0 l&#8217;intersection de plusieurs discriminations\"}]},{\"@type\":\"WebSite\",\"@id\":\"https:\/\/empow-her.com\/#website\",\"url\":\"https:\/\/empow-her.com\/\",\"name\":\"Empow&#039;Her\",\"description\":\"Women Development\",\"potentialAction\":[{\"@type\":\"SearchAction\",\"target\":{\"@type\":\"EntryPoint\",\"urlTemplate\":\"https:\/\/empow-her.com\/?s={search_term_string}\"},\"query-input\":{\"@type\":\"PropertyValueSpecification\",\"valueRequired\":true,\"valueName\":\"search_term_string\"}}],\"inLanguage\":\"en-US\"}]}<\/script>\n<!-- \/ Yoast SEO plugin. -->","yoast_head_json":{"title":"Identit\u00e9 et monde du travail !","description":"Cercle de parole autour des discriminations dans le monde du travail et les actions collectives et individuelles possibles pour faire bouger les lignes !","robots":{"index":"index","follow":"follow","max-snippet":"max-snippet:-1","max-image-preview":"max-image-preview:large","max-video-preview":"max-video-preview:-1"},"canonical":"https:\/\/empow-her.com\/en\/produit\/cercle-parole-travail-discriminations\/","og_locale":"en_US","og_type":"article","og_title":"Identit\u00e9 et monde du travail !","og_description":"Cercle de parole autour des discriminations dans le monde du travail et les actions collectives et individuelles possibles pour faire bouger les lignes !","og_url":"https:\/\/empow-her.com\/en\/produit\/cercle-parole-travail-discriminations\/","og_site_name":"Empow&#039;Her","article_modified_time":"2024-09-06T13:05:09+00:00","og_image":[{"width":1080,"height":1080,"url":"https:\/\/empow-her.com\/wp-content\/uploads\/2024\/08\/shetalks-economie-circulaire-13.png","type":"image\/png"}],"twitter_card":"summary_large_image","twitter_misc":{"Est. reading time":"2 minutes"},"schema":{"@context":"https:\/\/schema.org","@graph":[{"@type":"WebPage","@id":"https:\/\/empow-her.com\/en\/produit\/cercle-parole-travail-discriminations\/","url":"https:\/\/empow-her.com\/en\/produit\/cercle-parole-travail-discriminations\/","name":"Identit\u00e9 et monde du travail !","isPartOf":{"@id":"https:\/\/empow-her.com\/#website"},"primaryImageOfPage":{"@id":"https:\/\/empow-her.com\/en\/produit\/cercle-parole-travail-discriminations\/#primaryimage"},"image":{"@id":"https:\/\/empow-her.com\/en\/produit\/cercle-parole-travail-discriminations\/#primaryimage"},"thumbnailUrl":"https:\/\/empow-her.com\/wp-content\/uploads\/2024\/08\/shetalks-economie-circulaire-13.png","datePublished":"2024-08-23T16:28:36+00:00","dateModified":"2024-09-06T13:05:09+00:00","description":"Cercle de parole autour des discriminations dans le monde du travail et les actions collectives et individuelles possibles pour faire bouger les lignes !","breadcrumb":{"@id":"https:\/\/empow-her.com\/en\/produit\/cercle-parole-travail-discriminations\/#breadcrumb"},"inLanguage":"en-US","potentialAction":[{"@type":"ReadAction","target":["https:\/\/empow-her.com\/en\/produit\/cercle-parole-travail-discriminations\/"]}]},{"@type":"ImageObject","inLanguage":"en-US","@id":"https:\/\/empow-her.com\/en\/produit\/cercle-parole-travail-discriminations\/#primaryimage","url":"https:\/\/empow-her.com\/wp-content\/uploads\/2024\/08\/shetalks-economie-circulaire-13.png","contentUrl":"https:\/\/empow-her.com\/wp-content\/uploads\/2024\/08\/shetalks-economie-circulaire-13.png","width":1080,"height":1080},{"@type":"BreadcrumbList","@id":"https:\/\/empow-her.com\/en\/produit\/cercle-parole-travail-discriminations\/#breadcrumb","itemListElement":[{"@type":"ListItem","position":1,"name":"Accueil","item":"https:\/\/empow-her.com\/en\/landing-page\/"},{"@type":"ListItem","position":2,"name":"LA BOUTIQUE","item":"https:\/\/empow-her.com\/boutique\/"},{"@type":"ListItem","position":3,"name":"Identit\u00e9s et monde du travail : \u00eatre \u00e0 l&#8217;intersection de plusieurs discriminations"}]},{"@type":"WebSite","@id":"https:\/\/empow-her.com\/#website","url":"https:\/\/empow-her.com\/","name":"Empow&#039;Her","description":"Women Development","potentialAction":[{"@type":"SearchAction","target":{"@type":"EntryPoint","urlTemplate":"https:\/\/empow-her.com\/?s={search_term_string}"},"query-input":{"@type":"PropertyValueSpecification","valueRequired":true,"valueName":"search_term_string"}}],"inLanguage":"en-US"}]}},"_links":{"self":[{"href":"https:\/\/empow-her.com\/en\/wp-json\/wp\/v2\/product\/255563","targetHints":{"allow":["GET"]}}],"collection":[{"href":"https:\/\/empow-her.com\/en\/wp-json\/wp\/v2\/product"}],"about":[{"href":"https:\/\/empow-her.com\/en\/wp-json\/wp\/v2\/types\/product"}],"wp:featuredmedia":[{"embeddable":true,"href":"https:\/\/empow-her.com\/en\/wp-json\/wp\/v2\/media\/255564"}],"wp:attachment":[{"href":"https:\/\/empow-her.com\/en\/wp-json\/wp\/v2\/media?parent=255563"}],"wp:term":[{"taxonomy":"product_brand","embeddable":true,"href":"https:\/\/empow-her.com\/en\/wp-json\/wp\/v2\/product_brand?post=255563"},{"taxonomy":"product_cat","embeddable":true,"href":"https:\/\/empow-her.com\/en\/wp-json\/wp\/v2\/product_cat?post=255563"},{"taxonomy":"product_tag","embeddable":true,"href":"https:\/\/empow-her.com\/en\/wp-json\/wp\/v2\/product_tag?post=255563"},{"taxonomy":"lieu","embeddable":true,"href":"https:\/\/empow-her.com\/en\/wp-json\/wp\/v2\/lieu?post=255563"},{"taxonomy":"thematiques","embeddable":true,"href":"https:\/\/empow-her.com\/en\/wp-json\/wp\/v2\/thematiques?post=255563"}],"curies":[{"name":"wp","href":"https:\/\/api.w.org\/{rel}","templated":true}]}}