{"id":253498,"date":"2024-08-05T10:48:33","date_gmt":"2024-08-05T08:48:33","guid":{"rendered":"https:\/\/empow-her.com\/?post_type=product&#038;p=253498"},"modified":"2024-08-29T15:48:06","modified_gmt":"2024-08-29T13:48:06","slug":"powher-male-gaze-et-photographie-s-emanciper-du-regard-masculin","status":"publish","type":"product","link":"https:\/\/empow-her.com\/en\/produit\/powher-male-gaze-et-photographie-s-emanciper-du-regard-masculin\/","title":{"rendered":"Male Gaze : Comment s&#8217;\u00e9manciper du regard masculin ?"},"content":{"rendered":"<h3><strong>Pow&#8217;Her : <span class=\"OYPEnA font-feature-liga-off font-feature-clig-off font-feature-calt-off text-decoration-none text-strikethrough-none\">Male Gaze et photographie, comment s&#8217;\u00e9manciper du regard masculin ?<\/span><\/strong><\/h3>\n<p>Le mardi 17 septembre de 18h45 \u00e0 20h45 chez Sist\u2019Her rencontrez la <a href=\"https:\/\/aucreuxdumasque.com\/\">photographe Juliette Lancel<\/a> qui vous donnera les cl\u00e9s pour vous aider \u00e0 vous d\u00e9faire du regard masculin \u00e0 travers une masterclass Pow&#8217;Her.<\/p>\n<h3>Le Male Gaze c&#8217;est quoi ?<\/h3>\n<p>Th\u00e9oris\u00e9 par la r\u00e9alisatrice et militante f\u00e9ministe britannique Laura Mulvey en 1975, le male gaze d\u00e9signe la mani\u00e8re dont le &#8220;regard masculin&#8221; s\u2019approprie le corps des personnages f\u00e9minins notamment dans des films. Par exemple, lorsque a cam\u00e9ra s\u2019attarde sur les formes du corps f\u00e9minin, quand le corps de la femme est r\u00e9ifi\u00e9 et devient un objet sexuel, imposant au public d\u2019adopter une perspective d\u2019homme h\u00e9t\u00e9rosexuel.<\/p>\n<p>Lors de cette masterclass, la photographe et chercheuse Juliette Lancel articulera son propos autour de 3 grands points :<\/p>\n<ul>\n<li>Le regard masculin. De quoi parle-t-on ?<\/li>\n<li>Les cons\u00e9quences sur la confiance en soi<\/li>\n<li>Vers un regard f\u00e9ministe<\/li>\n<\/ul>\n<h3>Qui est Juliette Lancel ?<\/h3>\n<p><a href=\"https:\/\/aucreuxdumasque.com\/\">Juliette Lancel<\/a> est photographe et chercheuse. Sp\u00e9cialis\u00e9e dans le portrait de femmes et de personnes non-binaires. Elle adopte dans ses s\u00e9ances photo une approche r\u00e9solument f\u00e9ministe et bodypositive.<\/p>\n<h3>Au programme de cette soir\u00e9e<\/h3>\n<p>&#x1f9d0; <strong>Activit\u00e9<\/strong> : Analyse de publicit\u00e9s, d&#8217;images m\u00e9diatiques et de contenus professionnels pour identifier des exemples de regard masculin.<br \/>\n&#x1f4ac; <strong>Discussion<\/strong> : Partager des exp\u00e9riences personnelles et discuter de l&#8217;impact du regard masculin sur la confiance en soi.<br \/>\n&#x1f4aa; <strong>Passer \u00e0 l&#8217;action<\/strong> : Brainstorming en groupe sur des strat\u00e9gies pour contrer ces influences dans leur quotidien et leur entreprise.<\/p>\n<h3>L&#8217;objectif de l&#8217;atelier ?<\/h3>\n<p>Vous aider \u00e0 identifier et d\u00e9construire les influences du regard masculin dans vos vie personnelle et professionnelle !<\/p>\n<p>Alors n&#8217;attendez plus et inscrivez vous ! &#x1f49c;<\/p>\n<h4 class=\"l7ghb35v kjdc1dyq kmwttqpk gh25dzvf jikcssrz\"><strong>Infos pratiques<\/strong><\/h4>\n<p class=\"l7ghb35v kjdc1dyq kmwttqpk gh25dzvf jikcssrz\"><span class=\"fxk3tzhb b2rh1bv3 gh55jysx m8h3af8h ewco64xe kjdc1dyq ms56khn7 bq6c9xl4 eohcrkr5 akh3l2rg\">&#x1f4c6; L\u2019\u00e9v\u00e9nement se d\u00e9roulera le mardi 17 septembre de 18h45 \u00e0 20h45<br \/>\n&#x1f516; <\/span>R\u00e9servation gratuite obligatoire<br \/>\n&#x1f4cd; <a href=\"https:\/\/www.instagram.com\/sisther.paris\/\">Sist\u2019Her<\/a> : 82 rue du Faubourg Saint-Martin 75010 Paris<\/p>\n<div><\/div>\n<div class=\"l7ghb35v kjdc1dyq kmwttqpk gh25dzvf jikcssrz\">\n<p>Ouvert en mars 2021, Sist\u2019Her est le premier tiers-lieu sorore, d\u00e9di\u00e9 aux entrepreneuses et \u00e0 l\u2019impact en \u00cele-de-France. Port\u00e9 par l\u2019association <a href=\"https:\/\/empow-her.com\/\">Empow\u2019Her<\/a>, c\u2019est un lieu de formations et de rencontres inclusif et collaboratif. Ouvert \u00e0 tou\u00b7te\u00b7s o\u00f9 il est possible de se former, s\u2019inspirer, s\u2019engager et se rencontrer.<\/p>\n<\/div>\n<div><\/div>\n<div class=\"l7ghb35v kjdc1dyq kmwttqpk gh25dzvf jikcssrz\">\u00c0 tr\u00e8s vite ! <span class=\"fxk3tzhb b2rh1bv3 gh55jysx m8h3af8h ewco64xe kjdc1dyq ms56khn7 bq6c9xl4 eohcrkr5 akh3l2rg\"><img decoding=\"async\" src=\"https:\/\/static.xx.fbcdn.net\/images\/emoji.php\/v9\/t56\/1.5\/16\/1f64c.png\" alt=\"&#x1f64c;\" width=\"16\" height=\"16\" \/><\/span><\/div>\n","protected":false},"excerpt":{"rendered":"<h3><strong>Pow&#8217;Her : <span class=\"OYPEnA font-feature-liga-off font-feature-clig-off font-feature-calt-off text-decoration-none text-strikethrough-none\">Male Gaze et photographie, <\/span><\/strong><strong><span class=\"OYPEnA font-feature-liga-off font-feature-clig-off font-feature-calt-off text-decoration-none text-strikethrough-none\">comment s&#8217;\u00e9manciper du regard masculin ?<\/span><\/strong><\/h3>\n<p>Le mardi 17 septembre de 18h45 \u00e0 20h45 chez Sist\u2019Her rencontrez la <a href=\"https:\/\/aucreuxdumasque.com\/\">photographe Juliette Lancel<\/a> qui vous donnera les cl\u00e9s pour vous aider \u00e0 vous d\u00e9faire du regard masculin \u00e0 travers une masterclass Pow&#8217;Her.<\/p>\n<h3>Le Male Gaze c&#8217;est quoi ?<\/h3>\n<p>Th\u00e9oris\u00e9 par la r\u00e9alisatrice et militante f\u00e9ministe britannique Laura Mulvey en 1975, le male gaze d\u00e9signe la mani\u00e8re dont le &#8220;regard masculin&#8221; s\u2019approprie le corps des personnages f\u00e9minins notamment dans des films. Par exemple, lorsque a cam\u00e9ra s\u2019attarde sur les formes du corps f\u00e9minin, quand le corps de la femme est r\u00e9ifi\u00e9 et devient un objet sexuel, imposant au public d\u2019adopter une perspective d\u2019homme h\u00e9t\u00e9rosexuel.<\/p>\n<p>Lors de cette masterclass, la photographe et chercheuse Juliette Lancel articulera son propos autour de 3 grands points :<\/p>\n<ul>\n<li>Le regard masculin. De quoi parle-t-on ?<\/li>\n<li>Les cons\u00e9quences sur la confiance en soi<\/li>\n<li>Vers un regard f\u00e9ministe<\/li>\n<\/ul>\n<h3>Qui est Juliette Lancel ?<\/h3>\n<p><a href=\"https:\/\/aucreuxdumasque.com\/\">Juliette Lancel<\/a> est photographe et chercheuse. Sp\u00e9cialis\u00e9e dans le portrait de femmes et de personnes non-binaires. Elle adopte dans ses s\u00e9ances photo une approche r\u00e9solument f\u00e9ministe et bodypositive.<\/p>\n<h3>Au programme de cette soir\u00e9e<\/h3>\n<p>&#x1f9d0; <strong>Activit\u00e9<\/strong> : Analyse de publicit\u00e9s, d&#8217;images m\u00e9diatiques et de contenus professionnels pour identifier des exemples de regard masculin.<br \/>\n&#x1f4ac; <strong>Discussion<\/strong> : Partager des exp\u00e9riences personnelles et discuter de l&#8217;impact du regard masculin sur la confiance en soi.<br \/>\n&#x1f4aa; <strong>Passer \u00e0 l&#8217;action<\/strong> : Brainstorming en groupe sur des strat\u00e9gies pour contrer ces influences dans leur quotidien et leur entreprise.<\/p>\n<h3>L&#8217;objectif de l&#8217;atelier ?<\/h3>\n<p>Vous aider \u00e0 identifier et d\u00e9construire les influences du regard masculin dans vos vie personnelle et professionnelle !<\/p>\n<p>Alors n&#8217;attendez plus et inscrivez vous ! &#x1f49c;<\/p>\n<h4 class=\"l7ghb35v kjdc1dyq kmwttqpk gh25dzvf jikcssrz\"><strong>Infos pratiques<\/strong><\/h4>\n<p class=\"l7ghb35v kjdc1dyq kmwttqpk gh25dzvf jikcssrz\"><span class=\"fxk3tzhb b2rh1bv3 gh55jysx m8h3af8h ewco64xe kjdc1dyq ms56khn7 bq6c9xl4 eohcrkr5 akh3l2rg\">&#x1f4c6; L\u2019\u00e9v\u00e9nement se d\u00e9roulera le mardi 17 septembre de 18h45 \u00e0 20h45<br \/>\n&#x1f516; <\/span>R\u00e9servation gratuite obligatoire<br \/>\n&#x1f4cd; <a href=\"https:\/\/www.instagram.com\/sisther.paris\/\">Sist\u2019Her<\/a> : 82 rue du Faubourg Saint-Martin 75010 Paris<\/p>\n<div><\/div>\n<div class=\"l7ghb35v kjdc1dyq kmwttqpk gh25dzvf jikcssrz\">\n<p>Ouvert en mars 2021, Sist\u2019Her est le premier tiers-lieu sorore, d\u00e9di\u00e9 aux entrepreneuses et \u00e0 l\u2019impact en \u00cele-de-France. Port\u00e9 par l\u2019association <a href=\"https:\/\/empow-her.com\/\">Empow\u2019Her<\/a>, c\u2019est un lieu de formations et de rencontres inclusif et collaboratif. Ouvert \u00e0 tou\u00b7te\u00b7s o\u00f9 il est possible de se former, s\u2019inspirer, s\u2019engager et se rencontrer.<\/p>\n<\/div>\n<div><\/div>\n<div class=\"l7ghb35v kjdc1dyq kmwttqpk gh25dzvf jikcssrz\">\u00c0 tr\u00e8s vite ! <span class=\"fxk3tzhb b2rh1bv3 gh55jysx m8h3af8h ewco64xe kjdc1dyq ms56khn7 bq6c9xl4 eohcrkr5 akh3l2rg\"><img decoding=\"async\" src=\"https:\/\/static.xx.fbcdn.net\/images\/emoji.php\/v9\/t56\/1.5\/16\/1f64c.png\" alt=\"&#x1f64c;\" width=\"16\" height=\"16\" \/><\/span><\/div>\n","protected":false},"featured_media":253499,"template":"","format":"standard","meta":{"_acf_changed":false,"om_disable_all_campaigns":false,"_uf_show_specific_survey":0,"_uf_disable_surveys":false},"product_brand":[],"product_cat":[119],"product_tag":[],"lieu":[127],"thematiques":[],"class_list":{"0":"post-253498","1":"product","2":"type-product","3":"status-publish","4":"format-standard","5":"has-post-thumbnail","7":"product_cat-evenement-sisther","8":"lieu-hub-empowher","10":"first","11":"instock","12":"virtual","13":"purchasable","14":"product-type-appointment"},"exclude_global_add_ons":false,"addons":[{"name":"J\u2019accepte de recevoir la newsletter de Sist\u2019Her (1 mail\/mois pour conna\u00eetre notre programmation)","type":"checkbox","position":0,"required":false,"title_format":"hide","description_enable":false,"description":"","placeholder_enable":false,"placeholder":"","display":"select","restrictions_type":"any_text","adjust_price":false,"price":"","price_type":"flat_fee","restrictions":false,"min":0,"max":0,"options":[{"label":"J\u2019accepte de recevoir la newsletter de Sist\u2019Her (1 mail\/mois pour conna\u00eetre notre programmation)","price":"","price_type":"flat_fee","image":0}],"id":1724946041},{"name":"J\u2019accepte que mon adresse mail soit partag\u00e9e \u00e0 Juliette Lancel.","type":"checkbox","position":1,"required":false,"title_format":"hide","description_enable":false,"description":"","placeholder_enable":false,"placeholder":"","display":"select","restrictions_type":"any_text","adjust_price":false,"price":"","price_type":"flat_fee","restrictions":false,"min":0,"max":0,"options":[{"label":"J\u2019accepte que mon adresse mail soit partag\u00e9e \u00e0 Juliette Lancel.","price":"","price_type":"flat_fee","image":0}],"id":1724946042}],"acf":[],"yoast_head":"<!-- This site is optimized with the Yoast SEO plugin v24.8 - https:\/\/yoast.com\/wordpress\/plugins\/seo\/ -->\n<title>Male Gaze : Comment s&#039;\u00e9manciper du regard masculin ? - Empow&#039;Her<\/title>\n<meta name=\"description\" content=\"Mardi 17 septembre \u00e0 18h45, venez \u00e9couter Juliette Lancel qui vous donnera les cl\u00e9s pour prendre confiance en soi en s&#039;\u00e9mancipant du regard masculin.\" \/>\n<meta name=\"robots\" content=\"index, follow, max-snippet:-1, max-image-preview:large, max-video-preview:-1\" \/>\n<link rel=\"canonical\" href=\"https:\/\/empow-her.com\/en\/produit\/powher-male-gaze-et-photographie-s-emanciper-du-regard-masculin\/\" \/>\n<meta property=\"og:locale\" content=\"en_US\" \/>\n<meta property=\"og:type\" content=\"article\" \/>\n<meta property=\"og:title\" content=\"Male Gaze : Comment s&#039;\u00e9manciper du regard masculin ? - Empow&#039;Her\" \/>\n<meta property=\"og:description\" content=\"Mardi 17 septembre \u00e0 18h45, venez \u00e9couter Juliette Lancel qui vous donnera les cl\u00e9s pour prendre confiance en soi en s&#039;\u00e9mancipant du regard masculin.\" \/>\n<meta property=\"og:url\" content=\"https:\/\/empow-her.com\/en\/produit\/powher-male-gaze-et-photographie-s-emanciper-du-regard-masculin\/\" \/>\n<meta property=\"og:site_name\" content=\"Empow&#039;Her\" \/>\n<meta property=\"article:modified_time\" content=\"2024-08-29T13:48:06+00:00\" \/>\n<meta property=\"og:image\" content=\"https:\/\/empow-her.com\/wp-content\/uploads\/2024\/08\/VIGNETTES-SISTHER-SITE-INTERNET.png\" \/>\n\t<meta property=\"og:image:width\" content=\"1080\" \/>\n\t<meta property=\"og:image:height\" content=\"1080\" \/>\n\t<meta property=\"og:image:type\" content=\"image\/png\" \/>\n<meta name=\"twitter:card\" content=\"summary_large_image\" \/>\n<meta name=\"twitter:label1\" content=\"Est. reading time\" \/>\n\t<meta name=\"twitter:data1\" content=\"3 minutes\" \/>\n<script type=\"application\/ld+json\" class=\"yoast-schema-graph\">{\"@context\":\"https:\/\/schema.org\",\"@graph\":[{\"@type\":\"WebPage\",\"@id\":\"https:\/\/empow-her.com\/en\/produit\/powher-male-gaze-et-photographie-s-emanciper-du-regard-masculin\/\",\"url\":\"https:\/\/empow-her.com\/en\/produit\/powher-male-gaze-et-photographie-s-emanciper-du-regard-masculin\/\",\"name\":\"Male Gaze : Comment s'\u00e9manciper du regard masculin ? - Empow&#039;Her\",\"isPartOf\":{\"@id\":\"https:\/\/empow-her.com\/#website\"},\"primaryImageOfPage\":{\"@id\":\"https:\/\/empow-her.com\/en\/produit\/powher-male-gaze-et-photographie-s-emanciper-du-regard-masculin\/#primaryimage\"},\"image\":{\"@id\":\"https:\/\/empow-her.com\/en\/produit\/powher-male-gaze-et-photographie-s-emanciper-du-regard-masculin\/#primaryimage\"},\"thumbnailUrl\":\"https:\/\/empow-her.com\/wp-content\/uploads\/2024\/08\/VIGNETTES-SISTHER-SITE-INTERNET.png\",\"datePublished\":\"2024-08-05T08:48:33+00:00\",\"dateModified\":\"2024-08-29T13:48:06+00:00\",\"description\":\"Mardi 17 septembre \u00e0 18h45, venez \u00e9couter Juliette Lancel qui vous donnera les cl\u00e9s pour prendre confiance en soi en s'\u00e9mancipant du regard masculin.\",\"breadcrumb\":{\"@id\":\"https:\/\/empow-her.com\/en\/produit\/powher-male-gaze-et-photographie-s-emanciper-du-regard-masculin\/#breadcrumb\"},\"inLanguage\":\"en-US\",\"potentialAction\":[{\"@type\":\"ReadAction\",\"target\":[\"https:\/\/empow-her.com\/en\/produit\/powher-male-gaze-et-photographie-s-emanciper-du-regard-masculin\/\"]}]},{\"@type\":\"ImageObject\",\"inLanguage\":\"en-US\",\"@id\":\"https:\/\/empow-her.com\/en\/produit\/powher-male-gaze-et-photographie-s-emanciper-du-regard-masculin\/#primaryimage\",\"url\":\"https:\/\/empow-her.com\/wp-content\/uploads\/2024\/08\/VIGNETTES-SISTHER-SITE-INTERNET.png\",\"contentUrl\":\"https:\/\/empow-her.com\/wp-content\/uploads\/2024\/08\/VIGNETTES-SISTHER-SITE-INTERNET.png\",\"width\":1080,\"height\":1080},{\"@type\":\"BreadcrumbList\",\"@id\":\"https:\/\/empow-her.com\/en\/produit\/powher-male-gaze-et-photographie-s-emanciper-du-regard-masculin\/#breadcrumb\",\"itemListElement\":[{\"@type\":\"ListItem\",\"position\":1,\"name\":\"Accueil\",\"item\":\"https:\/\/empow-her.com\/en\/landing-page\/\"},{\"@type\":\"ListItem\",\"position\":2,\"name\":\"LA BOUTIQUE\",\"item\":\"https:\/\/empow-her.com\/boutique\/\"},{\"@type\":\"ListItem\",\"position\":3,\"name\":\"Male Gaze : Comment s&#8217;\u00e9manciper du regard masculin ?\"}]},{\"@type\":\"WebSite\",\"@id\":\"https:\/\/empow-her.com\/#website\",\"url\":\"https:\/\/empow-her.com\/\",\"name\":\"Empow&#039;Her\",\"description\":\"Women Development\",\"potentialAction\":[{\"@type\":\"SearchAction\",\"target\":{\"@type\":\"EntryPoint\",\"urlTemplate\":\"https:\/\/empow-her.com\/?s={search_term_string}\"},\"query-input\":{\"@type\":\"PropertyValueSpecification\",\"valueRequired\":true,\"valueName\":\"search_term_string\"}}],\"inLanguage\":\"en-US\"}]}<\/script>\n<!-- \/ Yoast SEO plugin. -->","yoast_head_json":{"title":"Male Gaze : Comment s'\u00e9manciper du regard masculin ? - Empow&#039;Her","description":"Mardi 17 septembre \u00e0 18h45, venez \u00e9couter Juliette Lancel qui vous donnera les cl\u00e9s pour prendre confiance en soi en s'\u00e9mancipant du regard masculin.","robots":{"index":"index","follow":"follow","max-snippet":"max-snippet:-1","max-image-preview":"max-image-preview:large","max-video-preview":"max-video-preview:-1"},"canonical":"https:\/\/empow-her.com\/en\/produit\/powher-male-gaze-et-photographie-s-emanciper-du-regard-masculin\/","og_locale":"en_US","og_type":"article","og_title":"Male Gaze : Comment s'\u00e9manciper du regard masculin ? - Empow&#039;Her","og_description":"Mardi 17 septembre \u00e0 18h45, venez \u00e9couter Juliette Lancel qui vous donnera les cl\u00e9s pour prendre confiance en soi en s'\u00e9mancipant du regard masculin.","og_url":"https:\/\/empow-her.com\/en\/produit\/powher-male-gaze-et-photographie-s-emanciper-du-regard-masculin\/","og_site_name":"Empow&#039;Her","article_modified_time":"2024-08-29T13:48:06+00:00","og_image":[{"width":1080,"height":1080,"url":"https:\/\/empow-her.com\/wp-content\/uploads\/2024\/08\/VIGNETTES-SISTHER-SITE-INTERNET.png","type":"image\/png"}],"twitter_card":"summary_large_image","twitter_misc":{"Est. reading time":"3 minutes"},"schema":{"@context":"https:\/\/schema.org","@graph":[{"@type":"WebPage","@id":"https:\/\/empow-her.com\/en\/produit\/powher-male-gaze-et-photographie-s-emanciper-du-regard-masculin\/","url":"https:\/\/empow-her.com\/en\/produit\/powher-male-gaze-et-photographie-s-emanciper-du-regard-masculin\/","name":"Male Gaze : Comment s'\u00e9manciper du regard masculin ? - Empow&#039;Her","isPartOf":{"@id":"https:\/\/empow-her.com\/#website"},"primaryImageOfPage":{"@id":"https:\/\/empow-her.com\/en\/produit\/powher-male-gaze-et-photographie-s-emanciper-du-regard-masculin\/#primaryimage"},"image":{"@id":"https:\/\/empow-her.com\/en\/produit\/powher-male-gaze-et-photographie-s-emanciper-du-regard-masculin\/#primaryimage"},"thumbnailUrl":"https:\/\/empow-her.com\/wp-content\/uploads\/2024\/08\/VIGNETTES-SISTHER-SITE-INTERNET.png","datePublished":"2024-08-05T08:48:33+00:00","dateModified":"2024-08-29T13:48:06+00:00","description":"Mardi 17 septembre \u00e0 18h45, venez \u00e9couter Juliette Lancel qui vous donnera les cl\u00e9s pour prendre confiance en soi en s'\u00e9mancipant du regard masculin.","breadcrumb":{"@id":"https:\/\/empow-her.com\/en\/produit\/powher-male-gaze-et-photographie-s-emanciper-du-regard-masculin\/#breadcrumb"},"inLanguage":"en-US","potentialAction":[{"@type":"ReadAction","target":["https:\/\/empow-her.com\/en\/produit\/powher-male-gaze-et-photographie-s-emanciper-du-regard-masculin\/"]}]},{"@type":"ImageObject","inLanguage":"en-US","@id":"https:\/\/empow-her.com\/en\/produit\/powher-male-gaze-et-photographie-s-emanciper-du-regard-masculin\/#primaryimage","url":"https:\/\/empow-her.com\/wp-content\/uploads\/2024\/08\/VIGNETTES-SISTHER-SITE-INTERNET.png","contentUrl":"https:\/\/empow-her.com\/wp-content\/uploads\/2024\/08\/VIGNETTES-SISTHER-SITE-INTERNET.png","width":1080,"height":1080},{"@type":"BreadcrumbList","@id":"https:\/\/empow-her.com\/en\/produit\/powher-male-gaze-et-photographie-s-emanciper-du-regard-masculin\/#breadcrumb","itemListElement":[{"@type":"ListItem","position":1,"name":"Accueil","item":"https:\/\/empow-her.com\/en\/landing-page\/"},{"@type":"ListItem","position":2,"name":"LA BOUTIQUE","item":"https:\/\/empow-her.com\/boutique\/"},{"@type":"ListItem","position":3,"name":"Male Gaze : Comment s&#8217;\u00e9manciper du regard masculin ?"}]},{"@type":"WebSite","@id":"https:\/\/empow-her.com\/#website","url":"https:\/\/empow-her.com\/","name":"Empow&#039;Her","description":"Women Development","potentialAction":[{"@type":"SearchAction","target":{"@type":"EntryPoint","urlTemplate":"https:\/\/empow-her.com\/?s={search_term_string}"},"query-input":{"@type":"PropertyValueSpecification","valueRequired":true,"valueName":"search_term_string"}}],"inLanguage":"en-US"}]}},"_links":{"self":[{"href":"https:\/\/empow-her.com\/en\/wp-json\/wp\/v2\/product\/253498","targetHints":{"allow":["GET"]}}],"collection":[{"href":"https:\/\/empow-her.com\/en\/wp-json\/wp\/v2\/product"}],"about":[{"href":"https:\/\/empow-her.com\/en\/wp-json\/wp\/v2\/types\/product"}],"wp:featuredmedia":[{"embeddable":true,"href":"https:\/\/empow-her.com\/en\/wp-json\/wp\/v2\/media\/253499"}],"wp:attachment":[{"href":"https:\/\/empow-her.com\/en\/wp-json\/wp\/v2\/media?parent=253498"}],"wp:term":[{"taxonomy":"product_brand","embeddable":true,"href":"https:\/\/empow-her.com\/en\/wp-json\/wp\/v2\/product_brand?post=253498"},{"taxonomy":"product_cat","embeddable":true,"href":"https:\/\/empow-her.com\/en\/wp-json\/wp\/v2\/product_cat?post=253498"},{"taxonomy":"product_tag","embeddable":true,"href":"https:\/\/empow-her.com\/en\/wp-json\/wp\/v2\/product_tag?post=253498"},{"taxonomy":"lieu","embeddable":true,"href":"https:\/\/empow-her.com\/en\/wp-json\/wp\/v2\/lieu?post=253498"},{"taxonomy":"thematiques","embeddable":true,"href":"https:\/\/empow-her.com\/en\/wp-json\/wp\/v2\/thematiques?post=253498"}],"curies":[{"name":"wp","href":"https:\/\/api.w.org\/{rel}","templated":true}]}}