{"id":253371,"date":"2024-08-02T14:04:48","date_gmt":"2024-08-02T12:04:48","guid":{"rendered":"https:\/\/empow-her.com\/?post_type=product&#038;p=253371"},"modified":"2024-08-02T14:06:27","modified_gmt":"2024-08-02T12:06:27","slug":"cafe-des-fallopes-lintersectionnalite-en-action","status":"publish","type":"product","link":"https:\/\/empow-her.com\/en\/produit\/cafe-des-fallopes-lintersectionnalite-en-action\/","title":{"rendered":"Caf\u00e9 des Fallopes : L&#8217;intersectionnalit\u00e9 en action !"},"content":{"rendered":"<div id=\":1by\" class=\"Ar Au Ao\">\n<div id=\":19r\" class=\"Am aiL Al editable LW-avf tS-tW tS-tY\" tabindex=\"1\" role=\"textbox\" contenteditable=\"true\" spellcheck=\"false\" aria-label=\"Corps du message\" aria-multiline=\"true\" aria-owns=\":1hf\" aria-controls=\":1hf\" aria-expanded=\"false\">\n<p>Organis\u00e9 par l\u2019association Fem\u2019Artistik en collaboration avec Empow&#8217;Her, le prochain cercle de parole-formation du Caf\u00e9 des Fallopes portera sur <strong>le couple et l\u2019argent<\/strong>. &#x1f4b8;&#x2696;&#xfe0f;<\/p>\n<p>Nous analyserons ensemble les m\u00e9canismes de domination, les impacts du couple sur les trajectoires de vie, sur les ambitions professionnelles, entrepreneuriales, ainsi que les cons\u00e9quences et les leviers possibles dans les sph\u00e8res priv\u00e9e et publique.<\/p>\n<p>Venez en discuter avec nous dans un cadre bienveillant et chaleureux\u00a0!<\/p>\n<h5><strong>Au programme :\u00a0<\/strong><\/h5>\n<ul>\n<li><span class=\"OYPEnA text-decoration-none text-strikethrough-none\">Pr\u00e9sentation des participant.e.s<\/span><\/li>\n<li><span class=\"OYPEnA text-decoration-none text-strikethrough-none\">Introduction courte concernant la probl\u00e9matique<\/span><\/li>\n<li><span class=\"OYPEnA text-decoration-none text-strikethrough-none\">Cercle de parole, \u00e9change libre sur le th\u00e8me du couple h\u00e9t\u00e9rosexuel et de l&#8217;argent<\/span><\/li>\n<li><span class=\"OYPEnA text-decoration-none text-strikethrough-none\">Pr\u00e9sentation des recherches de Fem\u2019Artistik\u00a0 et Empow&#8217;Her sur le sujet<\/span><\/li>\n<li><span class=\"OYPEnA text-decoration-none text-strikethrough-none\">Plan d&#8217;actions individuel et collectif<\/span><\/li>\n<\/ul>\n<h3><\/h3>\n<h3>Le Caf\u00e9 des Fallopes, qu&#8217;est-ce que c&#8217;est ? &#x1f49c;&#x1f91d;<\/h3>\n<ul>\n<li><span class=\"OYPEnA text-decoration-none text-strikethrough-none\">Un <\/span><span class=\"OYPEnA text-decoration-none text-strikethrough-none\">cercle d&#8217;expression libre<\/span> <span class=\"OYPEnA text-decoration-none text-strikethrough-none\">entre femmes,<\/span> <span class=\"OYPEnA text-decoration-none text-strikethrough-none\">personnes non binaires, trans (mixit\u00e9 occasionnelle).<\/span><\/li>\n<li><span class=\"OYPEnA text-decoration-none text-strikethrough-none\">Qui <\/span><span class=\"OYPEnA text-decoration-none text-strikethrough-none\">valorise la parole de toustes<\/span><span class=\"OYPEnA text-decoration-none text-strikethrough-none\">,<\/span><span class=\"OYPEnA text-decoration-none text-strikethrough-none\"> indiff\u00e9remment de la classe sociale, de l&#8217;appartenance religieuse ou ethnique, de l&#8217;orientation sexuelle et affective.<\/span><\/li>\n<li><span class=\"OYPEnA text-decoration-none text-strikethrough-none\">Un lieu d\u2019 <\/span><span class=\"OYPEnA text-decoration-none text-strikethrough-none\">ateliers th\u00e9matiques <\/span><span class=\"OYPEnA text-decoration-none text-strikethrough-none\">sur les enjeux de l&#8217;\u00e9galit\u00e9 entre les hommes et les femmes.<\/span><\/li>\n<li><span class=\"OYPEnA text-decoration-none text-strikethrough-none\">Un lieu de r\u00e9flexion collective visant \u00e0 faire \u00e9merger des <\/span><span class=\"OYPEnA text-decoration-none text-strikethrough-none\">pistes d&#8217;actions concr\u00e8tes<\/span> <span class=\"OYPEnA text-decoration-none text-strikethrough-none\">pour faire \u00e9voluer la soci\u00e9t\u00e9.<\/span><\/li>\n<li><span class=\"OYPEnA text-decoration-none text-strikethrough-none\">Un lieu de <\/span><span class=\"OYPEnA text-decoration-none text-strikethrough-none\">militantisme joyeux<\/span><span class=\"OYPEnA text-decoration-none text-strikethrough-none\">,<\/span><span class=\"OYPEnA text-decoration-none text-strikethrough-none\"> d&#8217;empowerment et d&#8217;entraide.<\/span><\/li>\n<\/ul>\n<p>&nbsp;<\/p>\n<p><strong>Infos pratiques<\/strong><\/p>\n<p>&#x1f4c5; Jeudi 20 juin<br \/>\n&#x231a;De 18h30 \u00e0 20h30<br \/>\n&#x1f39f;&#xfe0f; Inscription gratuite obligatoire<br \/>\n&#x1f4cd;Chez <a href=\"https:\/\/www.instagram.com\/sisther.paris\/\" target=\"_blank\" rel=\"noopener\" data-saferedirecturl=\"https:\/\/www.google.com\/url?q=https:\/\/www.instagram.com\/sisther.paris\/&amp;source=gmail&amp;ust=1714034233887000&amp;usg=AOvVaw08ahvkETuiWXqpA19bbf36\">Sist\u2019Her<\/a>, 82 rue du Faubourg St-Martin, 75010 Paris<\/p>\n<p>On vous attend avec impatience &#x1f49b;<\/p>\n<\/div>\n<\/div>\n","protected":false},"excerpt":{"rendered":"<p>Organis\u00e9 par l\u2019association Fem\u2019Artistik en collaboration avec Empow&#8217;Her, le prochain cercle de parole-formation du Caf\u00e9 des Fallopes portera sur <strong>le couple et l\u2019argent<\/strong>. &#x1f4b8;&#x2696;&#xfe0f;<\/p>\n<p>Nous analyserons ensemble les m\u00e9canismes de domination, les impacts du couple sur les trajectoires de vie, sur les ambitions professionnelles, entrepreneuriales, ainsi que les cons\u00e9quences et les leviers possibles dans les sph\u00e8res priv\u00e9e et publique.<\/p>\n<p>Venez en discuter avec nous dans un cadre bienveillant et chaleureux\u00a0!<\/p>\n<h5><strong>Au programme :\u00a0<\/strong><\/h5>\n<ul>\n<li><span class=\"OYPEnA text-decoration-none text-strikethrough-none\">Pr\u00e9sentation des participant.e.s<\/span><\/li>\n<li><span class=\"OYPEnA text-decoration-none text-strikethrough-none\">Introduction courte concernant la probl\u00e9matique<\/span><\/li>\n<li><span class=\"OYPEnA text-decoration-none text-strikethrough-none\">Cercle de parole, \u00e9change libre sur le th\u00e8me du couple h\u00e9t\u00e9rosexuel et de l&#8217;argent<\/span><\/li>\n<li><span class=\"OYPEnA text-decoration-none text-strikethrough-none\">Pr\u00e9sentation des recherches de Fem\u2019Artistik\u00a0 et Empow&#8217;Her sur le sujet<\/span><\/li>\n<li><span class=\"OYPEnA text-decoration-none text-strikethrough-none\">Plan d&#8217;actions individuel et collectif<\/span><\/li>\n<\/ul>\n<h3><\/h3>\n<h3>Le Caf\u00e9 des Fallopes, qu&#8217;est-ce que c&#8217;est ?&#x1f49c;&#x1f91d;<\/h3>\n<ul>\n<li><span class=\"OYPEnA text-decoration-none text-strikethrough-none\">Un <\/span><span class=\"OYPEnA text-decoration-none text-strikethrough-none\">cercle d&#8217;expression libre<\/span> <span class=\"OYPEnA text-decoration-none text-strikethrough-none\">entre femmes,<\/span> <span class=\"OYPEnA text-decoration-none text-strikethrough-none\">personnes non binaires, trans (mixit\u00e9 occasionnelle).<\/span><\/li>\n<li><span class=\"OYPEnA text-decoration-none text-strikethrough-none\">Qui <\/span><span class=\"OYPEnA text-decoration-none text-strikethrough-none\">valorise la parole de toustes<\/span><span class=\"OYPEnA text-decoration-none text-strikethrough-none\">,<\/span><span class=\"OYPEnA text-decoration-none text-strikethrough-none\"> indiff\u00e9remment de la classe sociale, de l&#8217;appartenance religieuse ou ethnique, de l&#8217;orientation sexuelle et affective.<\/span><\/li>\n<li><span class=\"OYPEnA text-decoration-none text-strikethrough-none\">Un lieu d\u2019 <\/span><span class=\"OYPEnA text-decoration-none text-strikethrough-none\">ateliers th\u00e9matiques <\/span><span class=\"OYPEnA text-decoration-none text-strikethrough-none\">sur les enjeux de l&#8217;\u00e9galit\u00e9 entre les hommes et les femmes.<\/span><\/li>\n<li><span class=\"OYPEnA text-decoration-none text-strikethrough-none\">Un lieu de r\u00e9flexion collective visant \u00e0 faire \u00e9merger des <\/span><span class=\"OYPEnA text-decoration-none text-strikethrough-none\">pistes d&#8217;actions concr\u00e8tes<\/span> <span class=\"OYPEnA text-decoration-none text-strikethrough-none\">pour faire \u00e9voluer la soci\u00e9t\u00e9.<\/span><\/li>\n<li><span class=\"OYPEnA text-decoration-none text-strikethrough-none\">Un lieu de <\/span><span class=\"OYPEnA text-decoration-none text-strikethrough-none\">militantisme joyeux<\/span><span class=\"OYPEnA text-decoration-none text-strikethrough-none\">,<\/span><span class=\"OYPEnA text-decoration-none text-strikethrough-none\"> d&#8217;empowerment et d&#8217;entraide.<\/span><\/li>\n<\/ul>\n<p>&nbsp;<\/p>\n<p><strong>Infos pratiques<\/strong><\/p>\n<p>&#x1f4c5; Jeudi 20 juin<br \/>\n&#x231a;De 18h30 \u00e0 20h30<br \/>\n&#x1f39f;&#xfe0f; Inscription gratuite obligatoire<br \/>\n&#x1f4cd;Chez <a href=\"https:\/\/www.instagram.com\/sisther.paris\/\" target=\"_blank\" rel=\"noopener\" data-saferedirecturl=\"https:\/\/www.google.com\/url?q=https:\/\/www.instagram.com\/sisther.paris\/&amp;source=gmail&amp;ust=1714034233887000&amp;usg=AOvVaw08ahvkETuiWXqpA19bbf36\">Sist\u2019Her<\/a>, 82 rue du Faubourg St-Martin, 75010 Paris<\/p>\n<p>On vous attend avec impatience &#x1f49b;<\/p>\n","protected":false},"featured_media":250678,"template":"","format":"standard","meta":{"_acf_changed":false,"om_disable_all_campaigns":false,"_uf_show_specific_survey":0,"_uf_disable_surveys":false},"product_brand":[],"product_cat":[119],"product_tag":[],"lieu":[127],"thematiques":[],"class_list":{"0":"post-253371","1":"product","2":"type-product","3":"status-publish","4":"format-standard","5":"has-post-thumbnail","7":"product_cat-evenement-sisther","8":"lieu-hub-empowher","10":"first","11":"instock","12":"virtual","13":"purchasable","14":"product-type-appointment"},"exclude_global_add_ons":[],"addons":[],"acf":[],"yoast_head":"<!-- This site is optimized with the Yoast SEO plugin v24.8 - https:\/\/yoast.com\/wordpress\/plugins\/seo\/ -->\n<title>Caf\u00e9 des Fallopes : Le couple h\u00e9t\u00e9rosexuel appauvrit il les femmes ?<\/title>\n<meta name=\"description\" content=\"En collaboration avec Empow&#039;Her, l&#039;association Fem&#039;Artistik vous propose un cercle de parole sur les impacts du couple h\u00e9t\u00e9rosexuel sur la vie des femmes.\" \/>\n<meta name=\"robots\" content=\"index, follow, max-snippet:-1, max-image-preview:large, max-video-preview:-1\" \/>\n<link rel=\"canonical\" href=\"https:\/\/empow-her.com\/en\/produit\/cafe-des-fallopes-lintersectionnalite-en-action\/\" \/>\n<meta property=\"og:locale\" content=\"en_US\" \/>\n<meta property=\"og:type\" content=\"article\" \/>\n<meta property=\"og:title\" content=\"Caf\u00e9 des Fallopes : Le couple h\u00e9t\u00e9rosexuel appauvrit il les femmes ?\" \/>\n<meta property=\"og:description\" content=\"En collaboration avec Empow&#039;Her, l&#039;association Fem&#039;Artistik vous propose un cercle de parole sur les impacts du couple h\u00e9t\u00e9rosexuel sur la vie des femmes.\" \/>\n<meta property=\"og:url\" content=\"https:\/\/empow-her.com\/en\/produit\/cafe-des-fallopes-lintersectionnalite-en-action\/\" \/>\n<meta property=\"og:site_name\" content=\"Empow&#039;Her\" \/>\n<meta property=\"article:modified_time\" content=\"2024-08-02T12:06:27+00:00\" \/>\n<meta property=\"og:image\" content=\"https:\/\/empow-her.com\/wp-content\/uploads\/2024\/05\/shetalks-economie-circulaire-12.png\" \/>\n\t<meta property=\"og:image:width\" content=\"1080\" \/>\n\t<meta property=\"og:image:height\" content=\"1080\" \/>\n\t<meta property=\"og:image:type\" content=\"image\/png\" \/>\n<meta name=\"twitter:card\" content=\"summary_large_image\" \/>\n<meta name=\"twitter:label1\" content=\"Est. reading time\" \/>\n\t<meta name=\"twitter:data1\" content=\"2 minutes\" \/>\n<script type=\"application\/ld+json\" class=\"yoast-schema-graph\">{\"@context\":\"https:\/\/schema.org\",\"@graph\":[{\"@type\":\"WebPage\",\"@id\":\"https:\/\/empow-her.com\/en\/produit\/cafe-des-fallopes-lintersectionnalite-en-action\/\",\"url\":\"https:\/\/empow-her.com\/en\/produit\/cafe-des-fallopes-lintersectionnalite-en-action\/\",\"name\":\"Caf\u00e9 des Fallopes : Le couple h\u00e9t\u00e9rosexuel appauvrit il les femmes ?\",\"isPartOf\":{\"@id\":\"https:\/\/empow-her.com\/#website\"},\"primaryImageOfPage\":{\"@id\":\"https:\/\/empow-her.com\/en\/produit\/cafe-des-fallopes-lintersectionnalite-en-action\/#primaryimage\"},\"image\":{\"@id\":\"https:\/\/empow-her.com\/en\/produit\/cafe-des-fallopes-lintersectionnalite-en-action\/#primaryimage\"},\"thumbnailUrl\":\"https:\/\/empow-her.com\/wp-content\/uploads\/2024\/05\/shetalks-economie-circulaire-12.png\",\"datePublished\":\"2024-08-02T12:04:48+00:00\",\"dateModified\":\"2024-08-02T12:06:27+00:00\",\"description\":\"En collaboration avec Empow'Her, l'association Fem'Artistik vous propose un cercle de parole sur les impacts du couple h\u00e9t\u00e9rosexuel sur la vie des femmes.\",\"breadcrumb\":{\"@id\":\"https:\/\/empow-her.com\/en\/produit\/cafe-des-fallopes-lintersectionnalite-en-action\/#breadcrumb\"},\"inLanguage\":\"en-US\",\"potentialAction\":[{\"@type\":\"ReadAction\",\"target\":[\"https:\/\/empow-her.com\/en\/produit\/cafe-des-fallopes-lintersectionnalite-en-action\/\"]}]},{\"@type\":\"ImageObject\",\"inLanguage\":\"en-US\",\"@id\":\"https:\/\/empow-her.com\/en\/produit\/cafe-des-fallopes-lintersectionnalite-en-action\/#primaryimage\",\"url\":\"https:\/\/empow-her.com\/wp-content\/uploads\/2024\/05\/shetalks-economie-circulaire-12.png\",\"contentUrl\":\"https:\/\/empow-her.com\/wp-content\/uploads\/2024\/05\/shetalks-economie-circulaire-12.png\",\"width\":1080,\"height\":1080},{\"@type\":\"BreadcrumbList\",\"@id\":\"https:\/\/empow-her.com\/en\/produit\/cafe-des-fallopes-lintersectionnalite-en-action\/#breadcrumb\",\"itemListElement\":[{\"@type\":\"ListItem\",\"position\":1,\"name\":\"Accueil\",\"item\":\"https:\/\/empow-her.com\/en\/landing-page\/\"},{\"@type\":\"ListItem\",\"position\":2,\"name\":\"LA BOUTIQUE\",\"item\":\"https:\/\/empow-her.com\/boutique\/\"},{\"@type\":\"ListItem\",\"position\":3,\"name\":\"Caf\u00e9 des Fallopes : L&#8217;intersectionnalit\u00e9 en action !\"}]},{\"@type\":\"WebSite\",\"@id\":\"https:\/\/empow-her.com\/#website\",\"url\":\"https:\/\/empow-her.com\/\",\"name\":\"Empow&#039;Her\",\"description\":\"Women Development\",\"potentialAction\":[{\"@type\":\"SearchAction\",\"target\":{\"@type\":\"EntryPoint\",\"urlTemplate\":\"https:\/\/empow-her.com\/?s={search_term_string}\"},\"query-input\":{\"@type\":\"PropertyValueSpecification\",\"valueRequired\":true,\"valueName\":\"search_term_string\"}}],\"inLanguage\":\"en-US\"}]}<\/script>\n<!-- \/ Yoast SEO plugin. -->","yoast_head_json":{"title":"Caf\u00e9 des Fallopes : Le couple h\u00e9t\u00e9rosexuel appauvrit il les femmes ?","description":"En collaboration avec Empow'Her, l'association Fem'Artistik vous propose un cercle de parole sur les impacts du couple h\u00e9t\u00e9rosexuel sur la vie des femmes.","robots":{"index":"index","follow":"follow","max-snippet":"max-snippet:-1","max-image-preview":"max-image-preview:large","max-video-preview":"max-video-preview:-1"},"canonical":"https:\/\/empow-her.com\/en\/produit\/cafe-des-fallopes-lintersectionnalite-en-action\/","og_locale":"en_US","og_type":"article","og_title":"Caf\u00e9 des Fallopes : Le couple h\u00e9t\u00e9rosexuel appauvrit il les femmes ?","og_description":"En collaboration avec Empow'Her, l'association Fem'Artistik vous propose un cercle de parole sur les impacts du couple h\u00e9t\u00e9rosexuel sur la vie des femmes.","og_url":"https:\/\/empow-her.com\/en\/produit\/cafe-des-fallopes-lintersectionnalite-en-action\/","og_site_name":"Empow&#039;Her","article_modified_time":"2024-08-02T12:06:27+00:00","og_image":[{"width":1080,"height":1080,"url":"https:\/\/empow-her.com\/wp-content\/uploads\/2024\/05\/shetalks-economie-circulaire-12.png","type":"image\/png"}],"twitter_card":"summary_large_image","twitter_misc":{"Est. reading time":"2 minutes"},"schema":{"@context":"https:\/\/schema.org","@graph":[{"@type":"WebPage","@id":"https:\/\/empow-her.com\/en\/produit\/cafe-des-fallopes-lintersectionnalite-en-action\/","url":"https:\/\/empow-her.com\/en\/produit\/cafe-des-fallopes-lintersectionnalite-en-action\/","name":"Caf\u00e9 des Fallopes : Le couple h\u00e9t\u00e9rosexuel appauvrit il les femmes ?","isPartOf":{"@id":"https:\/\/empow-her.com\/#website"},"primaryImageOfPage":{"@id":"https:\/\/empow-her.com\/en\/produit\/cafe-des-fallopes-lintersectionnalite-en-action\/#primaryimage"},"image":{"@id":"https:\/\/empow-her.com\/en\/produit\/cafe-des-fallopes-lintersectionnalite-en-action\/#primaryimage"},"thumbnailUrl":"https:\/\/empow-her.com\/wp-content\/uploads\/2024\/05\/shetalks-economie-circulaire-12.png","datePublished":"2024-08-02T12:04:48+00:00","dateModified":"2024-08-02T12:06:27+00:00","description":"En collaboration avec Empow'Her, l'association Fem'Artistik vous propose un cercle de parole sur les impacts du couple h\u00e9t\u00e9rosexuel sur la vie des femmes.","breadcrumb":{"@id":"https:\/\/empow-her.com\/en\/produit\/cafe-des-fallopes-lintersectionnalite-en-action\/#breadcrumb"},"inLanguage":"en-US","potentialAction":[{"@type":"ReadAction","target":["https:\/\/empow-her.com\/en\/produit\/cafe-des-fallopes-lintersectionnalite-en-action\/"]}]},{"@type":"ImageObject","inLanguage":"en-US","@id":"https:\/\/empow-her.com\/en\/produit\/cafe-des-fallopes-lintersectionnalite-en-action\/#primaryimage","url":"https:\/\/empow-her.com\/wp-content\/uploads\/2024\/05\/shetalks-economie-circulaire-12.png","contentUrl":"https:\/\/empow-her.com\/wp-content\/uploads\/2024\/05\/shetalks-economie-circulaire-12.png","width":1080,"height":1080},{"@type":"BreadcrumbList","@id":"https:\/\/empow-her.com\/en\/produit\/cafe-des-fallopes-lintersectionnalite-en-action\/#breadcrumb","itemListElement":[{"@type":"ListItem","position":1,"name":"Accueil","item":"https:\/\/empow-her.com\/en\/landing-page\/"},{"@type":"ListItem","position":2,"name":"LA BOUTIQUE","item":"https:\/\/empow-her.com\/boutique\/"},{"@type":"ListItem","position":3,"name":"Caf\u00e9 des Fallopes : L&#8217;intersectionnalit\u00e9 en action !"}]},{"@type":"WebSite","@id":"https:\/\/empow-her.com\/#website","url":"https:\/\/empow-her.com\/","name":"Empow&#039;Her","description":"Women Development","potentialAction":[{"@type":"SearchAction","target":{"@type":"EntryPoint","urlTemplate":"https:\/\/empow-her.com\/?s={search_term_string}"},"query-input":{"@type":"PropertyValueSpecification","valueRequired":true,"valueName":"search_term_string"}}],"inLanguage":"en-US"}]}},"_links":{"self":[{"href":"https:\/\/empow-her.com\/en\/wp-json\/wp\/v2\/product\/253371","targetHints":{"allow":["GET"]}}],"collection":[{"href":"https:\/\/empow-her.com\/en\/wp-json\/wp\/v2\/product"}],"about":[{"href":"https:\/\/empow-her.com\/en\/wp-json\/wp\/v2\/types\/product"}],"wp:featuredmedia":[{"embeddable":true,"href":"https:\/\/empow-her.com\/en\/wp-json\/wp\/v2\/media\/250678"}],"wp:attachment":[{"href":"https:\/\/empow-her.com\/en\/wp-json\/wp\/v2\/media?parent=253371"}],"wp:term":[{"taxonomy":"product_brand","embeddable":true,"href":"https:\/\/empow-her.com\/en\/wp-json\/wp\/v2\/product_brand?post=253371"},{"taxonomy":"product_cat","embeddable":true,"href":"https:\/\/empow-her.com\/en\/wp-json\/wp\/v2\/product_cat?post=253371"},{"taxonomy":"product_tag","embeddable":true,"href":"https:\/\/empow-her.com\/en\/wp-json\/wp\/v2\/product_tag?post=253371"},{"taxonomy":"lieu","embeddable":true,"href":"https:\/\/empow-her.com\/en\/wp-json\/wp\/v2\/lieu?post=253371"},{"taxonomy":"thematiques","embeddable":true,"href":"https:\/\/empow-her.com\/en\/wp-json\/wp\/v2\/thematiques?post=253371"}],"curies":[{"name":"wp","href":"https:\/\/api.w.org\/{rel}","templated":true}]}}