{"id":250557,"date":"2024-05-24T16:49:41","date_gmt":"2024-05-24T14:49:41","guid":{"rendered":"https:\/\/empow-her.com\/?post_type=product&#038;p=250557"},"modified":"2024-06-11T15:27:36","modified_gmt":"2024-06-11T13:27:36","slug":"atelier-developpement-durable-les-cles-pour-un-projet-respectueux-de-lenvironnement","status":"publish","type":"product","link":"https:\/\/empow-her.com\/en\/produit\/atelier-developpement-durable-les-cles-pour-un-projet-respectueux-de-lenvironnement\/","title":{"rendered":"Atelier D\u00e9veloppement Durable : Les Cl\u00e9s pour un Projet Respectueux de l&#8217;Environnement"},"content":{"rendered":"<p><span data-sheets-value=\"{&quot;1&quot;:2,&quot;2&quot;:&quot;Besoins : Vous avez imagin\u00e9 une premi\u00e8re offre et identifi\u00e9 vos premier\u00b7es client\u00b7es et b\u00e9n\u00e9ficiaires mais vous ne savez pas par o\u00f9 commencer pour la commercialiser ? Quels sont les canaux \u00e0 utiliser ? Comment pr\u00e9senter son offre ? Quels objectifs commerciaux se fixer et comment les atteindre ?nnPendant cet atelier, nous parcourerons ensemble plusieurs th\u00e9matiques :n- Savoir pr\u00e9senter son offre de fa\u00e7on rapide et percutanten- Identifier ses principaux canaux de prospection en fonction de ses ciblesn- Ma\u00eetriser des bonnes pratiques commercialesn- Planifier sa prospection et sa vente pour avoir de la visibilit\u00e9.nnA la fin de l'atelier, vous aurez \u00e9labor\u00e9 un pitch commercial impactant, vous saurez adopter une posture empathique vis-\u00e0-vis de vos client\u00b7es et b\u00e9n\u00e9ficiaires cibles et sur quels canaux vous appuyer. Vous aurez aussi une vision plus claire de vos prochaines actions commerciales et vous pourrez vous lancer en confiance.nnPr\u00e9-requis : avoir \u00e9bauch\u00e9 une premi\u00e8re offre de produit(s) ou de service(s) et avoir identifi\u00e9 les cibles aupr\u00e8s desquelles vous souhaitez la commercialiser. nnAttention ! Veuillez vous pr\u00e9senter \u00e0 l'heure pour que l'activit\u00e9 puisse commencer \u00e0 temps. Si vous avez du retard veuillez pr\u00e9venir l'intervenant.e. Si vous avez plus de 15 min de retard l'intervenant.e se r\u00e9serve le droit de ne plus vous accepter pour le coaching ou l'atelier.n&quot;}\" data-sheets-userformat=\"{&quot;2&quot;:4995,&quot;3&quot;:{&quot;1&quot;:0},&quot;4&quot;:{&quot;1&quot;:2,&quot;2&quot;:16773836},&quot;10&quot;:1,&quot;11&quot;:4,&quot;12&quot;:0,&quot;15&quot;:&quot;Hind&quot;}\"><strong>Description <\/strong>: Le d\u00e9veloppement durable devient de plus en plus important pour les entreprises de tous les secteurs d&#8217;activit\u00e9. Les gouvernements et les consommateurs exercent une pression croissante sur les entreprises pour qu&#8217;elles deviennent plus durables et plus respectueuses de l&#8217;environnement dans leurs activit\u00e9s. Des \u00e9tudes sugg\u00e8rent que les pratiques commerciales durables sont non seulement b\u00e9n\u00e9fiques pour les personnes et la plan\u00e8te, mais qu&#8217;elles cr\u00e9ent \u00e9galement une valeur \u00e0 long terme pour les entreprises.\u00a0<\/span><\/p>\n<p>Cet atelier a \u00e9t\u00e9 con\u00e7u par l&#8217;\u00e9quipe d&#8217;Empow&#8217;Her, gr\u00e2ce au soutien du r\u00e9seau\u00a0<a class=\"c-link\" href=\"https:\/\/youthbusiness.org\/\" target=\"_blank\" rel=\"noopener noreferrer\" data-stringify-link=\"https:\/\/youthbusiness.org\/\" data-sk=\"tooltip_parent\">Youth Business International<\/a>, afin de venir vous donner des outils pratiques et des m\u00e9thodologies d&#8217;intelligence collective pour introduire la notion de d\u00e9veloppement durable dans la structuration de vos projets.<\/p>\n<p><strong>D\u00e9roule:<\/strong><\/p>\n<ul class=\"p-rich_text_list p-rich_text_list__bullet\" data-stringify-type=\"unordered-list\" data-indent=\"0\" data-border=\"0\">\n<li data-stringify-indent=\"0\" data-stringify-border=\"0\">Comprendre pourquoi le d\u00e9veloppement durable dans la structuration de projet c\u2019est important<\/li>\n<li data-stringify-indent=\"0\" data-stringify-border=\"0\">Appr\u00e9hender les diff\u00e9rents mod\u00e8les d\u2019entreprise durable<\/li>\n<li data-stringify-indent=\"0\" data-stringify-border=\"0\">Identifier votre vision d\u2019un monde durable<\/li>\n<li data-stringify-indent=\"0\" data-stringify-border=\"0\">D\u00e9couvrir la bo\u00eete \u00e0 outils du d\u00e9veloppement durable<\/li>\n<\/ul>\n<p><strong>Pr\u00e9-requis<\/strong> : Aucun<\/p>\n<p><strong>Intervenante : Fiore Poidevin<\/strong><\/p>\n<p>Je pilote le programme Women Dare depuis 1 an et demi, et navigue dans le milieu de l&#8217;Economie Sociale et et Solidaire depuis plus de 5 ans.<\/p>\n<p><strong>Son super pouvoir: <\/strong>Faciliter l&#8217;intelligence collective !<\/p>\n<p><strong>Leur petit mot: <\/strong>Vous \u00eates votre meilleure ressource, ne vous d\u00e9nigrez pas !<\/p>\n<p><strong>Attention !<\/strong> Veuillez vous pr\u00e9senter \u00e0 l&#8217;heure pour que l&#8217;activit\u00e9 puisse commencer \u00e0 temps. Si vous avez plus de 15 min de retard l&#8217;intervenant.e se r\u00e9serve le droit de ne plus vous accepter pour l&#8217;atelier.<\/p>\n","protected":false},"excerpt":{"rendered":"<p><span data-sheets-value=\"{&quot;1&quot;:2,&quot;2&quot;:&quot;Besoins : Vous avez imagin\u00e9 une premi\u00e8re offre et identifi\u00e9 vos premier\u00b7es client\u00b7es et b\u00e9n\u00e9ficiaires mais vous ne savez pas par o\u00f9 commencer pour la commercialiser ? Quels sont les canaux \u00e0 utiliser ? Comment pr\u00e9senter son offre ? Quels objectifs commerciaux se fixer et comment les atteindre ?nnPendant cet atelier, nous parcourerons ensemble plusieurs th\u00e9matiques :n- Savoir pr\u00e9senter son offre de fa\u00e7on rapide et percutanten- Identifier ses principaux canaux de prospection en fonction de ses ciblesn- Ma\u00eetriser des bonnes pratiques commercialesn- Planifier sa prospection et sa vente pour avoir de la visibilit\u00e9.nnA la fin de l'atelier, vous aurez \u00e9labor\u00e9 un pitch commercial impactant, vous saurez adopter une posture empathique vis-\u00e0-vis de vos client\u00b7es et b\u00e9n\u00e9ficiaires cibles et sur quels canaux vous appuyer. Vous aurez aussi une vision plus claire de vos prochaines actions commerciales et vous pourrez vous lancer en confiance.nnPr\u00e9-requis : avoir \u00e9bauch\u00e9 une premi\u00e8re offre de produit(s) ou de service(s) et avoir identifi\u00e9 les cibles aupr\u00e8s desquelles vous souhaitez la commercialiser. nnAttention ! Veuillez vous pr\u00e9senter \u00e0 l'heure pour que l'activit\u00e9 puisse commencer \u00e0 temps. Si vous avez du retard veuillez pr\u00e9venir l'intervenant.e. Si vous avez plus de 15 min de retard l'intervenant.e se r\u00e9serve le droit de ne plus vous accepter pour le coaching ou l'atelier.n&quot;}\" data-sheets-userformat=\"{&quot;2&quot;:4995,&quot;3&quot;:{&quot;1&quot;:0},&quot;4&quot;:{&quot;1&quot;:2,&quot;2&quot;:16773836},&quot;10&quot;:1,&quot;11&quot;:4,&quot;12&quot;:0,&quot;15&quot;:&quot;Hind&quot;}\"><strong>Description <\/strong>: Le d\u00e9veloppement durable devient de plus en plus important pour les entreprises de tous les secteurs d&#8217;activit\u00e9. Les gouvernements et les consommateurs exercent une pression croissante sur les entreprises pour qu&#8217;elles deviennent plus durables et plus respectueuses de l&#8217;environnement dans leurs activit\u00e9s. Des \u00e9tudes sugg\u00e8rent que les pratiques commerciales durables sont non seulement b\u00e9n\u00e9fiques pour les personnes et la plan\u00e8te, mais qu&#8217;elles cr\u00e9ent \u00e9galement une valeur \u00e0 long terme pour les entreprises.\u00a0<\/span><\/p>\n<p>Cet atelier a \u00e9t\u00e9 con\u00e7u par l&#8217;\u00e9quipe d&#8217;Empow&#8217;Her, gr\u00e2ce au soutien du r\u00e9seau\u00a0<a class=\"c-link\" href=\"https:\/\/youthbusiness.org\/\" target=\"_blank\" rel=\"noopener noreferrer\" data-stringify-link=\"https:\/\/youthbusiness.org\/\" data-sk=\"tooltip_parent\">Youth Business International<\/a>, afin de venir vous donner des outils pratiques et des m\u00e9thodologies d&#8217;intelligence collective pour introduire la notion de d\u00e9veloppement durable dans la structuration de vos projets.<\/p>\n<p><strong>D\u00e9roule:<\/strong><\/p>\n<ul class=\"p-rich_text_list p-rich_text_list__bullet\" data-stringify-type=\"unordered-list\" data-indent=\"0\" data-border=\"0\">\n<li data-stringify-indent=\"0\" data-stringify-border=\"0\">Comprendre pourquoi le d\u00e9veloppement durable dans la structuration de projet c\u2019est important<\/li>\n<li data-stringify-indent=\"0\" data-stringify-border=\"0\">Appr\u00e9hender les diff\u00e9rents mod\u00e8les d\u2019entreprise durable<\/li>\n<li data-stringify-indent=\"0\" data-stringify-border=\"0\">Identifier votre vision d\u2019un monde durable<\/li>\n<li data-stringify-indent=\"0\" data-stringify-border=\"0\">D\u00e9couvrir la bo\u00eete \u00e0 outils du d\u00e9veloppement durable<\/li>\n<\/ul>\n<p><strong>Pr\u00e9-requis<\/strong> : Aucun<\/p>\n<p><strong>Intervenante : Fiore Poidevin<\/strong><\/p>\n<p>Je pilote le programme Women Dare depuis 1 an et demi, et navigue dans le milieu de l&#8217;Economie Sociale et et Solidaire depuis plus de 5 ans.<\/p>\n<p><strong>Son super pouvoir: <\/strong>Faciliter l&#8217;intelligence collective !<\/p>\n<p><strong>Leur petit mot: <\/strong>Vous \u00eates votre meilleure ressource, ne vous d\u00e9nigrez pas !<\/p>\n<p><strong>Attention !<\/strong> Veuillez vous pr\u00e9senter \u00e0 l&#8217;heure pour que l&#8217;activit\u00e9 puisse commencer \u00e0 temps. Si vous avez plus de 15 min de retard l&#8217;intervenant.e se r\u00e9serve le droit de ne plus vous accepter pour l&#8217;atelier.<\/p>\n","protected":false},"featured_media":250558,"template":"","format":"standard","meta":{"_acf_changed":false,"om_disable_all_campaigns":false,"_uf_show_specific_survey":0,"_uf_disable_surveys":false},"product_brand":[],"product_cat":[118],"product_tag":[],"lieu":[127],"thematiques":[],"class_list":{"0":"post-250557","1":"product","2":"type-product","3":"status-publish","4":"format-standard","5":"has-post-thumbnail","7":"product_cat-atelier-collectif","8":"lieu-hub-empowher","10":"first","11":"instock","12":"virtual","13":"purchasable","14":"product-type-appointment"},"exclude_global_add_ons":[],"addons":[],"acf":[],"yoast_head":"<!-- This site is optimized with the Yoast SEO plugin v24.8 - https:\/\/yoast.com\/wordpress\/plugins\/seo\/ -->\n<title>Atelier D\u00e9veloppement Durable : Les Cl\u00e9s pour un Projet Respectueux de l&#039;Environnement - Empow&#039;Her<\/title>\n<meta name=\"robots\" content=\"index, follow, max-snippet:-1, max-image-preview:large, max-video-preview:-1\" \/>\n<link rel=\"canonical\" href=\"https:\/\/empow-her.com\/en\/produit\/atelier-developpement-durable-les-cles-pour-un-projet-respectueux-de-lenvironnement\/\" \/>\n<meta property=\"og:locale\" content=\"en_US\" \/>\n<meta property=\"og:type\" content=\"article\" \/>\n<meta property=\"og:title\" content=\"Atelier D\u00e9veloppement Durable : Les Cl\u00e9s pour un Projet Respectueux de l&#039;Environnement - Empow&#039;Her\" \/>\n<meta property=\"og:description\" content=\"Description : Le d\u00e9veloppement durable devient de plus en plus important pour les entreprises de tous les secteurs d&#039;activit\u00e9. Les gouvernements et les consommateurs exercent une pression croissante sur les entreprises pour qu&#039;elles deviennent plus durables et plus respectueuses de l&#039;environnement dans leurs activit\u00e9s. Des \u00e9tudes sugg\u00e8rent que les pratiques commerciales durables sont non seulement b\u00e9n\u00e9fiques pour les personnes et la plan\u00e8te, mais qu&#039;elles cr\u00e9ent \u00e9galement une valeur \u00e0 long terme pour les entreprises.\u00a0  Cet atelier a \u00e9t\u00e9 con\u00e7u par l&#039;\u00e9quipe d&#039;Empow&#039;Her, gr\u00e2ce au soutien du r\u00e9seau\u00a0Youth Business International, afin de venir vous donner des outils pratiques et des m\u00e9thodologies d&#039;intelligence collective pour introduire la notion de d\u00e9veloppement durable dans la structuration de vos projets.  D\u00e9roule:   Comprendre pourquoi le d\u00e9veloppement durable dans la structuration de projet c\u2019est important  Appr\u00e9hender les diff\u00e9rents mod\u00e8les d\u2019entreprise durable  Identifier votre vision d\u2019un monde durable  D\u00e9couvrir la bo\u00eete \u00e0 outils du d\u00e9veloppement durable  Pr\u00e9-requis : Aucun  Intervenante : Fiore Poidevin  Je pilote le programme Women Dare depuis 1 an et demi, et navigue dans le milieu de l&#039;Economie Sociale et et Solidaire depuis plus de 5 ans.  Son super pouvoir: Faciliter l&#039;intelligence collective !  Leur petit mot: Vous \u00eates votre meilleure ressource, ne vous d\u00e9nigrez pas !  Attention ! Veuillez vous pr\u00e9senter \u00e0 l&#039;heure pour que l&#039;activit\u00e9 puisse commencer \u00e0 temps. Si vous avez plus de 15 min de retard l&#039;intervenant.e se r\u00e9serve le droit de ne plus vous accepter pour l&#039;atelier.\" \/>\n<meta property=\"og:url\" content=\"https:\/\/empow-her.com\/en\/produit\/atelier-developpement-durable-les-cles-pour-un-projet-respectueux-de-lenvironnement\/\" \/>\n<meta property=\"og:site_name\" content=\"Empow&#039;Her\" \/>\n<meta property=\"article:modified_time\" content=\"2024-06-11T13:27:36+00:00\" \/>\n<meta property=\"og:image\" content=\"https:\/\/empow-her.com\/wp-content\/uploads\/2024\/05\/Women-Dare-templates-events-16.png\" \/>\n\t<meta property=\"og:image:width\" content=\"1080\" \/>\n\t<meta property=\"og:image:height\" content=\"1080\" \/>\n\t<meta property=\"og:image:type\" content=\"image\/png\" \/>\n<meta name=\"twitter:card\" content=\"summary_large_image\" \/>\n<meta name=\"twitter:label1\" content=\"Est. reading time\" \/>\n\t<meta name=\"twitter:data1\" content=\"2 minutes\" \/>\n<script type=\"application\/ld+json\" class=\"yoast-schema-graph\">{\"@context\":\"https:\/\/schema.org\",\"@graph\":[{\"@type\":\"WebPage\",\"@id\":\"https:\/\/empow-her.com\/en\/produit\/atelier-developpement-durable-les-cles-pour-un-projet-respectueux-de-lenvironnement\/\",\"url\":\"https:\/\/empow-her.com\/en\/produit\/atelier-developpement-durable-les-cles-pour-un-projet-respectueux-de-lenvironnement\/\",\"name\":\"Atelier D\u00e9veloppement Durable : Les Cl\u00e9s pour un Projet Respectueux de l'Environnement - Empow&#039;Her\",\"isPartOf\":{\"@id\":\"https:\/\/empow-her.com\/#website\"},\"primaryImageOfPage\":{\"@id\":\"https:\/\/empow-her.com\/en\/produit\/atelier-developpement-durable-les-cles-pour-un-projet-respectueux-de-lenvironnement\/#primaryimage\"},\"image\":{\"@id\":\"https:\/\/empow-her.com\/en\/produit\/atelier-developpement-durable-les-cles-pour-un-projet-respectueux-de-lenvironnement\/#primaryimage\"},\"thumbnailUrl\":\"https:\/\/empow-her.com\/wp-content\/uploads\/2024\/05\/Women-Dare-templates-events-16.png\",\"datePublished\":\"2024-05-24T14:49:41+00:00\",\"dateModified\":\"2024-06-11T13:27:36+00:00\",\"breadcrumb\":{\"@id\":\"https:\/\/empow-her.com\/en\/produit\/atelier-developpement-durable-les-cles-pour-un-projet-respectueux-de-lenvironnement\/#breadcrumb\"},\"inLanguage\":\"en-US\",\"potentialAction\":[{\"@type\":\"ReadAction\",\"target\":[\"https:\/\/empow-her.com\/en\/produit\/atelier-developpement-durable-les-cles-pour-un-projet-respectueux-de-lenvironnement\/\"]}]},{\"@type\":\"ImageObject\",\"inLanguage\":\"en-US\",\"@id\":\"https:\/\/empow-her.com\/en\/produit\/atelier-developpement-durable-les-cles-pour-un-projet-respectueux-de-lenvironnement\/#primaryimage\",\"url\":\"https:\/\/empow-her.com\/wp-content\/uploads\/2024\/05\/Women-Dare-templates-events-16.png\",\"contentUrl\":\"https:\/\/empow-her.com\/wp-content\/uploads\/2024\/05\/Women-Dare-templates-events-16.png\",\"width\":1080,\"height\":1080},{\"@type\":\"BreadcrumbList\",\"@id\":\"https:\/\/empow-her.com\/en\/produit\/atelier-developpement-durable-les-cles-pour-un-projet-respectueux-de-lenvironnement\/#breadcrumb\",\"itemListElement\":[{\"@type\":\"ListItem\",\"position\":1,\"name\":\"Accueil\",\"item\":\"https:\/\/empow-her.com\/en\/landing-page\/\"},{\"@type\":\"ListItem\",\"position\":2,\"name\":\"LA BOUTIQUE\",\"item\":\"https:\/\/empow-her.com\/boutique\/\"},{\"@type\":\"ListItem\",\"position\":3,\"name\":\"Atelier D\u00e9veloppement Durable : Les Cl\u00e9s pour un Projet Respectueux de l&#8217;Environnement\"}]},{\"@type\":\"WebSite\",\"@id\":\"https:\/\/empow-her.com\/#website\",\"url\":\"https:\/\/empow-her.com\/\",\"name\":\"Empow&#039;Her\",\"description\":\"Women Development\",\"potentialAction\":[{\"@type\":\"SearchAction\",\"target\":{\"@type\":\"EntryPoint\",\"urlTemplate\":\"https:\/\/empow-her.com\/?s={search_term_string}\"},\"query-input\":{\"@type\":\"PropertyValueSpecification\",\"valueRequired\":true,\"valueName\":\"search_term_string\"}}],\"inLanguage\":\"en-US\"}]}<\/script>\n<!-- \/ Yoast SEO plugin. -->","yoast_head_json":{"title":"Atelier D\u00e9veloppement Durable : Les Cl\u00e9s pour un Projet Respectueux de l'Environnement - Empow&#039;Her","robots":{"index":"index","follow":"follow","max-snippet":"max-snippet:-1","max-image-preview":"max-image-preview:large","max-video-preview":"max-video-preview:-1"},"canonical":"https:\/\/empow-her.com\/en\/produit\/atelier-developpement-durable-les-cles-pour-un-projet-respectueux-de-lenvironnement\/","og_locale":"en_US","og_type":"article","og_title":"Atelier D\u00e9veloppement Durable : Les Cl\u00e9s pour un Projet Respectueux de l'Environnement - Empow&#039;Her","og_description":"Description : Le d\u00e9veloppement durable devient de plus en plus important pour les entreprises de tous les secteurs d'activit\u00e9. Les gouvernements et les consommateurs exercent une pression croissante sur les entreprises pour qu'elles deviennent plus durables et plus respectueuses de l'environnement dans leurs activit\u00e9s. Des \u00e9tudes sugg\u00e8rent que les pratiques commerciales durables sont non seulement b\u00e9n\u00e9fiques pour les personnes et la plan\u00e8te, mais qu'elles cr\u00e9ent \u00e9galement une valeur \u00e0 long terme pour les entreprises.\u00a0  Cet atelier a \u00e9t\u00e9 con\u00e7u par l'\u00e9quipe d'Empow'Her, gr\u00e2ce au soutien du r\u00e9seau\u00a0Youth Business International, afin de venir vous donner des outils pratiques et des m\u00e9thodologies d'intelligence collective pour introduire la notion de d\u00e9veloppement durable dans la structuration de vos projets.  D\u00e9roule:   Comprendre pourquoi le d\u00e9veloppement durable dans la structuration de projet c\u2019est important  Appr\u00e9hender les diff\u00e9rents mod\u00e8les d\u2019entreprise durable  Identifier votre vision d\u2019un monde durable  D\u00e9couvrir la bo\u00eete \u00e0 outils du d\u00e9veloppement durable  Pr\u00e9-requis : Aucun  Intervenante : Fiore Poidevin  Je pilote le programme Women Dare depuis 1 an et demi, et navigue dans le milieu de l'Economie Sociale et et Solidaire depuis plus de 5 ans.  Son super pouvoir: Faciliter l'intelligence collective !  Leur petit mot: Vous \u00eates votre meilleure ressource, ne vous d\u00e9nigrez pas !  Attention ! Veuillez vous pr\u00e9senter \u00e0 l'heure pour que l'activit\u00e9 puisse commencer \u00e0 temps. Si vous avez plus de 15 min de retard l'intervenant.e se r\u00e9serve le droit de ne plus vous accepter pour l'atelier.","og_url":"https:\/\/empow-her.com\/en\/produit\/atelier-developpement-durable-les-cles-pour-un-projet-respectueux-de-lenvironnement\/","og_site_name":"Empow&#039;Her","article_modified_time":"2024-06-11T13:27:36+00:00","og_image":[{"width":1080,"height":1080,"url":"https:\/\/empow-her.com\/wp-content\/uploads\/2024\/05\/Women-Dare-templates-events-16.png","type":"image\/png"}],"twitter_card":"summary_large_image","twitter_misc":{"Est. reading time":"2 minutes"},"schema":{"@context":"https:\/\/schema.org","@graph":[{"@type":"WebPage","@id":"https:\/\/empow-her.com\/en\/produit\/atelier-developpement-durable-les-cles-pour-un-projet-respectueux-de-lenvironnement\/","url":"https:\/\/empow-her.com\/en\/produit\/atelier-developpement-durable-les-cles-pour-un-projet-respectueux-de-lenvironnement\/","name":"Atelier D\u00e9veloppement Durable : Les Cl\u00e9s pour un Projet Respectueux de l'Environnement - Empow&#039;Her","isPartOf":{"@id":"https:\/\/empow-her.com\/#website"},"primaryImageOfPage":{"@id":"https:\/\/empow-her.com\/en\/produit\/atelier-developpement-durable-les-cles-pour-un-projet-respectueux-de-lenvironnement\/#primaryimage"},"image":{"@id":"https:\/\/empow-her.com\/en\/produit\/atelier-developpement-durable-les-cles-pour-un-projet-respectueux-de-lenvironnement\/#primaryimage"},"thumbnailUrl":"https:\/\/empow-her.com\/wp-content\/uploads\/2024\/05\/Women-Dare-templates-events-16.png","datePublished":"2024-05-24T14:49:41+00:00","dateModified":"2024-06-11T13:27:36+00:00","breadcrumb":{"@id":"https:\/\/empow-her.com\/en\/produit\/atelier-developpement-durable-les-cles-pour-un-projet-respectueux-de-lenvironnement\/#breadcrumb"},"inLanguage":"en-US","potentialAction":[{"@type":"ReadAction","target":["https:\/\/empow-her.com\/en\/produit\/atelier-developpement-durable-les-cles-pour-un-projet-respectueux-de-lenvironnement\/"]}]},{"@type":"ImageObject","inLanguage":"en-US","@id":"https:\/\/empow-her.com\/en\/produit\/atelier-developpement-durable-les-cles-pour-un-projet-respectueux-de-lenvironnement\/#primaryimage","url":"https:\/\/empow-her.com\/wp-content\/uploads\/2024\/05\/Women-Dare-templates-events-16.png","contentUrl":"https:\/\/empow-her.com\/wp-content\/uploads\/2024\/05\/Women-Dare-templates-events-16.png","width":1080,"height":1080},{"@type":"BreadcrumbList","@id":"https:\/\/empow-her.com\/en\/produit\/atelier-developpement-durable-les-cles-pour-un-projet-respectueux-de-lenvironnement\/#breadcrumb","itemListElement":[{"@type":"ListItem","position":1,"name":"Accueil","item":"https:\/\/empow-her.com\/en\/landing-page\/"},{"@type":"ListItem","position":2,"name":"LA BOUTIQUE","item":"https:\/\/empow-her.com\/boutique\/"},{"@type":"ListItem","position":3,"name":"Atelier D\u00e9veloppement Durable : Les Cl\u00e9s pour un Projet Respectueux de l&#8217;Environnement"}]},{"@type":"WebSite","@id":"https:\/\/empow-her.com\/#website","url":"https:\/\/empow-her.com\/","name":"Empow&#039;Her","description":"Women Development","potentialAction":[{"@type":"SearchAction","target":{"@type":"EntryPoint","urlTemplate":"https:\/\/empow-her.com\/?s={search_term_string}"},"query-input":{"@type":"PropertyValueSpecification","valueRequired":true,"valueName":"search_term_string"}}],"inLanguage":"en-US"}]}},"_links":{"self":[{"href":"https:\/\/empow-her.com\/en\/wp-json\/wp\/v2\/product\/250557","targetHints":{"allow":["GET"]}}],"collection":[{"href":"https:\/\/empow-her.com\/en\/wp-json\/wp\/v2\/product"}],"about":[{"href":"https:\/\/empow-her.com\/en\/wp-json\/wp\/v2\/types\/product"}],"wp:featuredmedia":[{"embeddable":true,"href":"https:\/\/empow-her.com\/en\/wp-json\/wp\/v2\/media\/250558"}],"wp:attachment":[{"href":"https:\/\/empow-her.com\/en\/wp-json\/wp\/v2\/media?parent=250557"}],"wp:term":[{"taxonomy":"product_brand","embeddable":true,"href":"https:\/\/empow-her.com\/en\/wp-json\/wp\/v2\/product_brand?post=250557"},{"taxonomy":"product_cat","embeddable":true,"href":"https:\/\/empow-her.com\/en\/wp-json\/wp\/v2\/product_cat?post=250557"},{"taxonomy":"product_tag","embeddable":true,"href":"https:\/\/empow-her.com\/en\/wp-json\/wp\/v2\/product_tag?post=250557"},{"taxonomy":"lieu","embeddable":true,"href":"https:\/\/empow-her.com\/en\/wp-json\/wp\/v2\/lieu?post=250557"},{"taxonomy":"thematiques","embeddable":true,"href":"https:\/\/empow-her.com\/en\/wp-json\/wp\/v2\/thematiques?post=250557"}],"curies":[{"name":"wp","href":"https:\/\/api.w.org\/{rel}","templated":true}]}}