{"id":250364,"date":"2024-05-22T17:14:03","date_gmt":"2024-05-22T15:14:03","guid":{"rendered":"https:\/\/empow-her.com\/?post_type=product&#038;p=250364"},"modified":"2024-05-22T18:04:46","modified_gmt":"2024-05-22T16:04:46","slug":"atelier-speed-meeting-avec-kpmg","status":"publish","type":"product","link":"https:\/\/empow-her.com\/en\/produit\/atelier-speed-meeting-avec-kpmg\/","title":{"rendered":"Atelier &#8211; Speed meeting avec KPMG"},"content":{"rendered":"<p>Venez rencontrer les collaborateur.ices du cabinet de conseil KPMG. Dans le cadre de notre partenariat, KPMG vous invite \u00e0 venir chez Sist&#8217;her pour \u00e9changer avec eux.elles sur vos projets pour qu&#8217;iels puissent vous donner des conseils et des pistes d&#8217;actions !<br \/>\nDans un cadre convivial, vous pourrez d\u00e9couvrir les expertises de\u00a0chacun.es\u00a0et b\u00e9n\u00e9ficier de leur soutien pendant une matin\u00e9e \u00e0 travers 2 cycles de speed-meeting.<\/p>\n<p><strong>D\u00e9roul\u00e9 :<\/strong><\/p>\n<p>9:30-10:00 : Rencontre caf\u00e9 avec les collaborateurs<br \/>\n10:00 -10:30 :\u00a0 Ice breakers<br \/>\n10:30 &#8211; 11:50 : 2 cycles <strong>d&#8217;atelier\u00a0<\/strong><b>speed-meeting<br \/>\n<\/b>11:50 &#8211; 12:00 D\u00e9brief et conclusion<\/p>\n<p><strong>Pr\u00e9-requis : <\/strong>Aucun<\/p>\n<p><strong>Attention, seulement 7 places sont disponibles !<\/strong><\/p>\n","protected":false},"excerpt":{"rendered":"<p>Venez rencontrer les collaborateur.ices du cabinet de conseil KPMG. Dans le cadre de notre partenariat, KPMG vous invite \u00e0 venir chez Sist&#8217;her pour \u00e9changer avec eux.elles sur vos projets pour qu&#8217;iels puissent vous donner des conseils et des pistes d&#8217;actions !<br \/>\nDans un cadre convivial, vous pourrez d\u00e9couvrir les expertises de\u00a0chacun.es\u00a0et b\u00e9n\u00e9ficier de leur soutien pendant une matin\u00e9e \u00e0 travers 2 cycles de speed-meeting.<\/p>\n<p><strong>D\u00e9roul\u00e9 :<\/strong><\/p>\n<p>9:30-10:00 : Rencontre caf\u00e9 avec les collaborateurs<br \/>\n10:00 -10:30 :\u00a0 Ice breakers<br \/>\n10:30 &#8211; 11:50 : 2 cycles <strong>d&#8217;atelier\u00a0<\/strong><b>speed-meeting<br \/>\n<\/b>11:50 &#8211; 12:00 D\u00e9brief et conclusion<\/p>\n<p><strong>Pr\u00e9-requis : <\/strong>Aucun<\/p>\n<p><strong>Attention, seulement 7 places sont disponibles !<\/strong><\/p>\n","protected":false},"featured_media":250365,"template":"","format":"standard","meta":{"_acf_changed":false,"om_disable_all_campaigns":false,"_uf_show_specific_survey":0,"_uf_disable_surveys":false},"product_brand":[],"product_cat":[118],"product_tag":[],"lieu":[127],"thematiques":[],"class_list":{"0":"post-250364","1":"product","2":"type-product","3":"status-publish","4":"format-standard","5":"has-post-thumbnail","7":"product_cat-atelier-collectif","8":"lieu-hub-empowher","10":"first","11":"instock","12":"virtual","13":"purchasable","14":"product-type-appointment"},"exclude_global_add_ons":[],"addons":[],"acf":[],"yoast_head":"<!-- This site is optimized with the Yoast SEO plugin v24.8 - https:\/\/yoast.com\/wordpress\/plugins\/seo\/ -->\n<title>Atelier - Speed meeting avec KPMG - Empow&#039;Her<\/title>\n<meta name=\"robots\" content=\"index, follow, max-snippet:-1, max-image-preview:large, max-video-preview:-1\" \/>\n<link rel=\"canonical\" href=\"https:\/\/empow-her.com\/en\/produit\/atelier-speed-meeting-avec-kpmg\/\" \/>\n<meta property=\"og:locale\" content=\"en_US\" \/>\n<meta property=\"og:type\" content=\"article\" \/>\n<meta property=\"og:title\" content=\"Atelier - Speed meeting avec KPMG - Empow&#039;Her\" \/>\n<meta property=\"og:description\" content=\"Venez rencontrer les collaborateur.ices du cabinet de conseil KPMG. Dans le cadre de notre partenariat, KPMG vous invite \u00e0 venir chez Sist&#039;her pour \u00e9changer avec eux.elles sur vos projets pour qu&#039;iels puissent vous donner des conseils et des pistes d&#039;actions ! Dans un cadre convivial, vous pourrez d\u00e9couvrir les expertises de\u00a0chacun.es\u00a0et b\u00e9n\u00e9ficier de leur soutien pendant une matin\u00e9e \u00e0 travers 2 cycles de speed-meeting.  D\u00e9roul\u00e9 :  9:30-10:00 : Rencontre caf\u00e9 avec les collaborateurs 10:00 -10:30 :\u00a0 Ice breakers 10:30 - 11:50 : 2 cycles d&#039;atelier\u00a0speed-meeting 11:50 - 12:00 D\u00e9brief et conclusion  Pr\u00e9-requis : Aucun  Attention, seulement 7 places sont disponibles !\" \/>\n<meta property=\"og:url\" content=\"https:\/\/empow-her.com\/en\/produit\/atelier-speed-meeting-avec-kpmg\/\" \/>\n<meta property=\"og:site_name\" content=\"Empow&#039;Her\" \/>\n<meta property=\"article:modified_time\" content=\"2024-05-22T16:04:46+00:00\" \/>\n<meta property=\"og:image\" content=\"https:\/\/empow-her.com\/wp-content\/uploads\/2024\/05\/Women-Dare-templates-events-13.png\" \/>\n\t<meta property=\"og:image:width\" content=\"1080\" \/>\n\t<meta property=\"og:image:height\" content=\"1080\" \/>\n\t<meta property=\"og:image:type\" content=\"image\/png\" \/>\n<meta name=\"twitter:card\" content=\"summary_large_image\" \/>\n<meta name=\"twitter:label1\" content=\"Est. reading time\" \/>\n\t<meta name=\"twitter:data1\" content=\"1 minute\" \/>\n<script type=\"application\/ld+json\" class=\"yoast-schema-graph\">{\"@context\":\"https:\/\/schema.org\",\"@graph\":[{\"@type\":\"WebPage\",\"@id\":\"https:\/\/empow-her.com\/en\/produit\/atelier-speed-meeting-avec-kpmg\/\",\"url\":\"https:\/\/empow-her.com\/en\/produit\/atelier-speed-meeting-avec-kpmg\/\",\"name\":\"Atelier - Speed meeting avec KPMG - Empow&#039;Her\",\"isPartOf\":{\"@id\":\"https:\/\/empow-her.com\/#website\"},\"primaryImageOfPage\":{\"@id\":\"https:\/\/empow-her.com\/en\/produit\/atelier-speed-meeting-avec-kpmg\/#primaryimage\"},\"image\":{\"@id\":\"https:\/\/empow-her.com\/en\/produit\/atelier-speed-meeting-avec-kpmg\/#primaryimage\"},\"thumbnailUrl\":\"https:\/\/empow-her.com\/wp-content\/uploads\/2024\/05\/Women-Dare-templates-events-13.png\",\"datePublished\":\"2024-05-22T15:14:03+00:00\",\"dateModified\":\"2024-05-22T16:04:46+00:00\",\"breadcrumb\":{\"@id\":\"https:\/\/empow-her.com\/en\/produit\/atelier-speed-meeting-avec-kpmg\/#breadcrumb\"},\"inLanguage\":\"en-US\",\"potentialAction\":[{\"@type\":\"ReadAction\",\"target\":[\"https:\/\/empow-her.com\/en\/produit\/atelier-speed-meeting-avec-kpmg\/\"]}]},{\"@type\":\"ImageObject\",\"inLanguage\":\"en-US\",\"@id\":\"https:\/\/empow-her.com\/en\/produit\/atelier-speed-meeting-avec-kpmg\/#primaryimage\",\"url\":\"https:\/\/empow-her.com\/wp-content\/uploads\/2024\/05\/Women-Dare-templates-events-13.png\",\"contentUrl\":\"https:\/\/empow-her.com\/wp-content\/uploads\/2024\/05\/Women-Dare-templates-events-13.png\",\"width\":1080,\"height\":1080},{\"@type\":\"BreadcrumbList\",\"@id\":\"https:\/\/empow-her.com\/en\/produit\/atelier-speed-meeting-avec-kpmg\/#breadcrumb\",\"itemListElement\":[{\"@type\":\"ListItem\",\"position\":1,\"name\":\"Accueil\",\"item\":\"https:\/\/empow-her.com\/en\/landing-page\/\"},{\"@type\":\"ListItem\",\"position\":2,\"name\":\"LA BOUTIQUE\",\"item\":\"https:\/\/empow-her.com\/boutique\/\"},{\"@type\":\"ListItem\",\"position\":3,\"name\":\"Atelier &#8211; Speed meeting avec KPMG\"}]},{\"@type\":\"WebSite\",\"@id\":\"https:\/\/empow-her.com\/#website\",\"url\":\"https:\/\/empow-her.com\/\",\"name\":\"Empow&#039;Her\",\"description\":\"Women Development\",\"potentialAction\":[{\"@type\":\"SearchAction\",\"target\":{\"@type\":\"EntryPoint\",\"urlTemplate\":\"https:\/\/empow-her.com\/?s={search_term_string}\"},\"query-input\":{\"@type\":\"PropertyValueSpecification\",\"valueRequired\":true,\"valueName\":\"search_term_string\"}}],\"inLanguage\":\"en-US\"}]}<\/script>\n<!-- \/ Yoast SEO plugin. -->","yoast_head_json":{"title":"Atelier - Speed meeting avec KPMG - Empow&#039;Her","robots":{"index":"index","follow":"follow","max-snippet":"max-snippet:-1","max-image-preview":"max-image-preview:large","max-video-preview":"max-video-preview:-1"},"canonical":"https:\/\/empow-her.com\/en\/produit\/atelier-speed-meeting-avec-kpmg\/","og_locale":"en_US","og_type":"article","og_title":"Atelier - Speed meeting avec KPMG - Empow&#039;Her","og_description":"Venez rencontrer les collaborateur.ices du cabinet de conseil KPMG. Dans le cadre de notre partenariat, KPMG vous invite \u00e0 venir chez Sist'her pour \u00e9changer avec eux.elles sur vos projets pour qu'iels puissent vous donner des conseils et des pistes d'actions ! Dans un cadre convivial, vous pourrez d\u00e9couvrir les expertises de\u00a0chacun.es\u00a0et b\u00e9n\u00e9ficier de leur soutien pendant une matin\u00e9e \u00e0 travers 2 cycles de speed-meeting.  D\u00e9roul\u00e9 :  9:30-10:00 : Rencontre caf\u00e9 avec les collaborateurs 10:00 -10:30 :\u00a0 Ice breakers 10:30 - 11:50 : 2 cycles d'atelier\u00a0speed-meeting 11:50 - 12:00 D\u00e9brief et conclusion  Pr\u00e9-requis : Aucun  Attention, seulement 7 places sont disponibles !","og_url":"https:\/\/empow-her.com\/en\/produit\/atelier-speed-meeting-avec-kpmg\/","og_site_name":"Empow&#039;Her","article_modified_time":"2024-05-22T16:04:46+00:00","og_image":[{"width":1080,"height":1080,"url":"https:\/\/empow-her.com\/wp-content\/uploads\/2024\/05\/Women-Dare-templates-events-13.png","type":"image\/png"}],"twitter_card":"summary_large_image","twitter_misc":{"Est. reading time":"1 minute"},"schema":{"@context":"https:\/\/schema.org","@graph":[{"@type":"WebPage","@id":"https:\/\/empow-her.com\/en\/produit\/atelier-speed-meeting-avec-kpmg\/","url":"https:\/\/empow-her.com\/en\/produit\/atelier-speed-meeting-avec-kpmg\/","name":"Atelier - Speed meeting avec KPMG - Empow&#039;Her","isPartOf":{"@id":"https:\/\/empow-her.com\/#website"},"primaryImageOfPage":{"@id":"https:\/\/empow-her.com\/en\/produit\/atelier-speed-meeting-avec-kpmg\/#primaryimage"},"image":{"@id":"https:\/\/empow-her.com\/en\/produit\/atelier-speed-meeting-avec-kpmg\/#primaryimage"},"thumbnailUrl":"https:\/\/empow-her.com\/wp-content\/uploads\/2024\/05\/Women-Dare-templates-events-13.png","datePublished":"2024-05-22T15:14:03+00:00","dateModified":"2024-05-22T16:04:46+00:00","breadcrumb":{"@id":"https:\/\/empow-her.com\/en\/produit\/atelier-speed-meeting-avec-kpmg\/#breadcrumb"},"inLanguage":"en-US","potentialAction":[{"@type":"ReadAction","target":["https:\/\/empow-her.com\/en\/produit\/atelier-speed-meeting-avec-kpmg\/"]}]},{"@type":"ImageObject","inLanguage":"en-US","@id":"https:\/\/empow-her.com\/en\/produit\/atelier-speed-meeting-avec-kpmg\/#primaryimage","url":"https:\/\/empow-her.com\/wp-content\/uploads\/2024\/05\/Women-Dare-templates-events-13.png","contentUrl":"https:\/\/empow-her.com\/wp-content\/uploads\/2024\/05\/Women-Dare-templates-events-13.png","width":1080,"height":1080},{"@type":"BreadcrumbList","@id":"https:\/\/empow-her.com\/en\/produit\/atelier-speed-meeting-avec-kpmg\/#breadcrumb","itemListElement":[{"@type":"ListItem","position":1,"name":"Accueil","item":"https:\/\/empow-her.com\/en\/landing-page\/"},{"@type":"ListItem","position":2,"name":"LA BOUTIQUE","item":"https:\/\/empow-her.com\/boutique\/"},{"@type":"ListItem","position":3,"name":"Atelier &#8211; Speed meeting avec KPMG"}]},{"@type":"WebSite","@id":"https:\/\/empow-her.com\/#website","url":"https:\/\/empow-her.com\/","name":"Empow&#039;Her","description":"Women Development","potentialAction":[{"@type":"SearchAction","target":{"@type":"EntryPoint","urlTemplate":"https:\/\/empow-her.com\/?s={search_term_string}"},"query-input":{"@type":"PropertyValueSpecification","valueRequired":true,"valueName":"search_term_string"}}],"inLanguage":"en-US"}]}},"_links":{"self":[{"href":"https:\/\/empow-her.com\/en\/wp-json\/wp\/v2\/product\/250364","targetHints":{"allow":["GET"]}}],"collection":[{"href":"https:\/\/empow-her.com\/en\/wp-json\/wp\/v2\/product"}],"about":[{"href":"https:\/\/empow-her.com\/en\/wp-json\/wp\/v2\/types\/product"}],"wp:featuredmedia":[{"embeddable":true,"href":"https:\/\/empow-her.com\/en\/wp-json\/wp\/v2\/media\/250365"}],"wp:attachment":[{"href":"https:\/\/empow-her.com\/en\/wp-json\/wp\/v2\/media?parent=250364"}],"wp:term":[{"taxonomy":"product_brand","embeddable":true,"href":"https:\/\/empow-her.com\/en\/wp-json\/wp\/v2\/product_brand?post=250364"},{"taxonomy":"product_cat","embeddable":true,"href":"https:\/\/empow-her.com\/en\/wp-json\/wp\/v2\/product_cat?post=250364"},{"taxonomy":"product_tag","embeddable":true,"href":"https:\/\/empow-her.com\/en\/wp-json\/wp\/v2\/product_tag?post=250364"},{"taxonomy":"lieu","embeddable":true,"href":"https:\/\/empow-her.com\/en\/wp-json\/wp\/v2\/lieu?post=250364"},{"taxonomy":"thematiques","embeddable":true,"href":"https:\/\/empow-her.com\/en\/wp-json\/wp\/v2\/thematiques?post=250364"}],"curies":[{"name":"wp","href":"https:\/\/api.w.org\/{rel}","templated":true}]}}