{"id":250105,"date":"2024-05-21T10:26:28","date_gmt":"2024-05-21T08:26:28","guid":{"rendered":"https:\/\/empow-her.com\/?post_type=product&#038;p=250105"},"modified":"2024-06-12T11:20:48","modified_gmt":"2024-06-12T09:20:48","slug":"atelier-dexpression-corporelle-les-oiseaux-migrateurs","status":"publish","type":"product","link":"https:\/\/empow-her.com\/en\/produit\/atelier-dexpression-corporelle-les-oiseaux-migrateurs\/","title":{"rendered":"Atelier d&#8217;expression corporelle &#8220;Les oiseaux migrateurs&#8221;"},"content":{"rendered":"<div id=\":1by\" class=\"Ar Au Ao\">\n<div id=\":19r\" class=\"Am aiL Al editable LW-avf tS-tW tS-tY\" tabindex=\"1\" role=\"textbox\" contenteditable=\"true\" spellcheck=\"false\" aria-label=\"Corps du message\" aria-multiline=\"true\" aria-owns=\":1hf\" aria-controls=\":1hf\" aria-expanded=\"false\">\n<p>\u00c0 l&#8217;occasion de la Journ\u00e9e internationale des r\u00e9fugi\u00e9.es, l&#8217;<a href=\"https:\/\/www.instagram.com\/diademuertas_\/\">association Magnitude Z\u00e9ro<\/a> vous propose de participer \u00e0 <strong>l&#8217;atelier d&#8217;expression corporelle &#8220;Les oiseaux migrateurs&#8221;.<\/strong><\/p>\n<p>Anim\u00e9 par les danse-th\u00e9rapeutes <strong>Ingrid G\u00f3ngora et Cyriane Jacquemin<\/strong>, l&#8217;atelier consistera \u00e0 explorer l&#8217;exp\u00e9rience individuelle et collective de la migration \u00e0 travers une s\u00e9rie d&#8217;exercices accessibles \u00e0 tous niveaux.<br \/>\nEn vous inspirant des <strong>oiseaux migrateurs, symboles de voyage, de libert\u00e9 et de courage<\/strong>, venez partager vos \u00e9motions, vos espoirs et vos r\u00eaves \u00e0 travers le langage universel du corps, LA DANSE ! &#x1f483;<\/p>\n<p>&nbsp;<\/p>\n<h3>Qui est Magnitude Z\u00e9ro ?<\/h3>\n<p>L&#8217;association Magnitude Z\u00e9ro, fond\u00e9e en 2021 \u00e0 Paris, a pour objectif de sensibiliser un large public \u00e0 des sujets de soci\u00e9t\u00e9 tels que les violences de genre, la migration, l&#8217;\u00e9galit\u00e9, \u00e0 travers des actions culturelles et artistiques. Nous mettons en place des projets pluridisciplinaires m\u00ealant recherche et cr\u00e9ation artistique en collaboration avec des artistes de tous horizons.<\/p>\n<p>&nbsp;<\/p>\n<p><strong>Infos pratiques<\/strong><\/p>\n<p>&#x1f4c5; Vendredi 14 juin<br \/>\n&#x231a;De 18h \u00e0 20h<br \/>\n&#x1f9d8;&#x1f3fd;&#x200d;&#x2640;&#xfe0f; Merci de ramener un tapis de yoga<br \/>\n&#x1f39f;&#xfe0f; Inscription gratuite obligatoire<br \/>\n&#x1f4cd;Chez <a href=\"https:\/\/www.instagram.com\/sisther.paris\/\" target=\"_blank\" rel=\"noopener\" data-saferedirecturl=\"https:\/\/www.google.com\/url?q=https:\/\/www.instagram.com\/sisther.paris\/&amp;source=gmail&amp;ust=1714034233887000&amp;usg=AOvVaw08ahvkETuiWXqpA19bbf36\">Sist\u2019Her<\/a>, 82 rue du Faubourg St-Martin, 75010 Paris<br \/>\n<em>&#8211; Un \u00e9v\u00e8nement en non-mixit\u00e9 &#8211;<\/em><\/p>\n<p>On vous attend avec impatience &#x1f49b;<\/p>\n<\/div>\n<\/div>\n","protected":false},"excerpt":{"rendered":"<p>\u00c0 l&#8217;occasion de la Journ\u00e9e internationale des r\u00e9fugi\u00e9.es, l&#8217;<a href=\"https:\/\/www.instagram.com\/diademuertas_\/\">association Magnitude Z\u00e9ro<\/a> vous propose de participer \u00e0 <strong>l&#8217;atelier d&#8217;expression corporelle &#8220;Les oiseaux migrateurs&#8221;.<\/strong><\/p>\n<p>Anim\u00e9 par les danse-th\u00e9rapeutes <strong>Ingrid G\u00f3ngora et Cyriane Jacquemin<\/strong>, l&#8217;atelier consistera \u00e0 explorer l&#8217;exp\u00e9rience individuelle et collective de la migration \u00e0 travers une s\u00e9rie d&#8217;exercices accessibles \u00e0 tous niveaux.<br \/>\nEn vous inspirant des <strong>oiseaux migrateurs, symboles de voyage, de libert\u00e9 et de courage<\/strong>, venez partager vos \u00e9motions, vos espoirs et vos r\u00eaves \u00e0 travers le langage universel du corps, LA DANSE ! &#x1f483;<\/p>\n<p>&nbsp;<\/p>\n<h3>Qui est Magnitude Z\u00e9ro ?<\/h3>\n<p>L&#8217;association Magnitude Z\u00e9ro, fond\u00e9e en 2021 \u00e0 Paris, a pour objectif de sensibiliser un large public \u00e0 des sujets de soci\u00e9t\u00e9 tels que les violences de genre, la migration, l&#8217;\u00e9galit\u00e9, \u00e0 travers des actions culturelles et artistiques. Nous mettons en place des projets pluridisciplinaires m\u00ealant recherche et cr\u00e9ation artistique en collaboration avec des artistes de tous horizons.<\/p>\n<p>&nbsp;<\/p>\n<p><strong>Infos pratiques<\/strong><\/p>\n<p>&#x1f4c5; Vendredi 14 juin<br \/>\n&#x231a;De 18h \u00e0 20h<br \/>\n&#x1f9d8;&#x1f3fd;&#x200d;&#x2640;&#xfe0f; Merci de ramener un tapis de yoga<br \/>\n&#x1f39f;&#xfe0f; Inscription gratuite obligatoire<br \/>\n&#x1f4cd;Chez <a href=\"https:\/\/www.instagram.com\/sisther.paris\/\" target=\"_blank\" rel=\"noopener\" data-saferedirecturl=\"https:\/\/www.google.com\/url?q=https:\/\/www.instagram.com\/sisther.paris\/&amp;source=gmail&amp;ust=1714034233887000&amp;usg=AOvVaw08ahvkETuiWXqpA19bbf36\">Sist\u2019Her<\/a>, 82 rue du Faubourg St-Martin, 75010 Paris<br \/>\n<em>&#8211; Un \u00e9v\u00e8nement en non-mixit\u00e9 &#8211;<\/em><\/p>\n<p>On vous attend avec impatience &#x1f49b;<\/p>\n","protected":false},"featured_media":250106,"template":"","format":"standard","meta":{"_acf_changed":false,"om_disable_all_campaigns":false,"_uf_show_specific_survey":0,"_uf_disable_surveys":false},"product_brand":[],"product_cat":[119],"product_tag":[],"lieu":[127],"thematiques":[],"class_list":{"0":"post-250105","1":"product","2":"type-product","3":"status-publish","4":"format-standard","5":"has-post-thumbnail","7":"product_cat-evenement-sisther","8":"lieu-hub-empowher","10":"first","11":"instock","12":"virtual","13":"purchasable","14":"product-type-appointment"},"exclude_global_add_ons":[],"addons":[],"acf":[],"yoast_head":"<!-- This site is optimized with the Yoast SEO plugin v24.8 - https:\/\/yoast.com\/wordpress\/plugins\/seo\/ -->\n<title>Atelier d&#039;expression corporelle &quot;Les oiseaux migrateurs&quot;<\/title>\n<meta name=\"description\" content=\"Venez explorer l\u2019exp\u00e9rience individuelle et collective de la migration gr\u00e2ce \u00e0 l\u2019atelier \u201cLes oiseaux migrateurs\u201d le vendredi 14 juin chez Sist&#039;Her !\" \/>\n<meta name=\"robots\" content=\"index, follow, max-snippet:-1, max-image-preview:large, max-video-preview:-1\" \/>\n<link rel=\"canonical\" href=\"https:\/\/empow-her.com\/produit\/atelier-dexpression-corporelle-les-oiseaux-migrateurs\/\" \/>\n<meta property=\"og:locale\" content=\"en_US\" \/>\n<meta property=\"og:type\" content=\"article\" \/>\n<meta property=\"og:title\" content=\"Atelier d&#039;expression corporelle &quot;Les oiseaux migrateurs&quot;\" \/>\n<meta property=\"og:description\" content=\"Venez explorer l\u2019exp\u00e9rience individuelle et collective de la migration gr\u00e2ce \u00e0 l\u2019atelier \u201cLes oiseaux migrateurs\u201d le vendredi 14 juin chez Sist&#039;Her !\" \/>\n<meta property=\"og:url\" content=\"https:\/\/empow-her.com\/produit\/atelier-dexpression-corporelle-les-oiseaux-migrateurs\/\" \/>\n<meta property=\"og:site_name\" content=\"Empow&#039;Her\" \/>\n<meta property=\"article:modified_time\" content=\"2024-06-12T09:20:48+00:00\" \/>\n<meta property=\"og:image\" content=\"https:\/\/empow-her.com\/wp-content\/uploads\/2024\/05\/shetalks-economie-circulaire-2.png\" \/>\n\t<meta property=\"og:image:width\" content=\"1080\" \/>\n\t<meta property=\"og:image:height\" content=\"1080\" \/>\n\t<meta property=\"og:image:type\" content=\"image\/png\" \/>\n<meta name=\"twitter:card\" content=\"summary_large_image\" \/>\n<meta name=\"twitter:label1\" content=\"Est. reading time\" \/>\n\t<meta name=\"twitter:data1\" content=\"2 minutes\" \/>\n<script type=\"application\/ld+json\" class=\"yoast-schema-graph\">{\"@context\":\"https:\/\/schema.org\",\"@graph\":[{\"@type\":\"WebPage\",\"@id\":\"https:\/\/empow-her.com\/produit\/atelier-dexpression-corporelle-les-oiseaux-migrateurs\/\",\"url\":\"https:\/\/empow-her.com\/produit\/atelier-dexpression-corporelle-les-oiseaux-migrateurs\/\",\"name\":\"Atelier d'expression corporelle \\\"Les oiseaux migrateurs\\\"\",\"isPartOf\":{\"@id\":\"https:\/\/empow-her.com\/#website\"},\"primaryImageOfPage\":{\"@id\":\"https:\/\/empow-her.com\/produit\/atelier-dexpression-corporelle-les-oiseaux-migrateurs\/#primaryimage\"},\"image\":{\"@id\":\"https:\/\/empow-her.com\/produit\/atelier-dexpression-corporelle-les-oiseaux-migrateurs\/#primaryimage\"},\"thumbnailUrl\":\"https:\/\/empow-her.com\/wp-content\/uploads\/2024\/05\/shetalks-economie-circulaire-2.png\",\"datePublished\":\"2024-05-21T08:26:28+00:00\",\"dateModified\":\"2024-06-12T09:20:48+00:00\",\"description\":\"Venez explorer l\u2019exp\u00e9rience individuelle et collective de la migration gr\u00e2ce \u00e0 l\u2019atelier \u201cLes oiseaux migrateurs\u201d le vendredi 14 juin chez Sist'Her !\",\"breadcrumb\":{\"@id\":\"https:\/\/empow-her.com\/produit\/atelier-dexpression-corporelle-les-oiseaux-migrateurs\/#breadcrumb\"},\"inLanguage\":\"en-US\",\"potentialAction\":[{\"@type\":\"ReadAction\",\"target\":[\"https:\/\/empow-her.com\/produit\/atelier-dexpression-corporelle-les-oiseaux-migrateurs\/\"]}]},{\"@type\":\"ImageObject\",\"inLanguage\":\"en-US\",\"@id\":\"https:\/\/empow-her.com\/produit\/atelier-dexpression-corporelle-les-oiseaux-migrateurs\/#primaryimage\",\"url\":\"https:\/\/empow-her.com\/wp-content\/uploads\/2024\/05\/shetalks-economie-circulaire-2.png\",\"contentUrl\":\"https:\/\/empow-her.com\/wp-content\/uploads\/2024\/05\/shetalks-economie-circulaire-2.png\",\"width\":1080,\"height\":1080},{\"@type\":\"BreadcrumbList\",\"@id\":\"https:\/\/empow-her.com\/produit\/atelier-dexpression-corporelle-les-oiseaux-migrateurs\/#breadcrumb\",\"itemListElement\":[{\"@type\":\"ListItem\",\"position\":1,\"name\":\"Accueil\",\"item\":\"https:\/\/empow-her.com\/en\/landing-page\/\"},{\"@type\":\"ListItem\",\"position\":2,\"name\":\"LA BOUTIQUE\",\"item\":\"https:\/\/empow-her.com\/boutique\/\"},{\"@type\":\"ListItem\",\"position\":3,\"name\":\"Atelier d&#8217;expression corporelle &#8220;Les oiseaux migrateurs&#8221;\"}]},{\"@type\":\"WebSite\",\"@id\":\"https:\/\/empow-her.com\/#website\",\"url\":\"https:\/\/empow-her.com\/\",\"name\":\"Empow&#039;Her\",\"description\":\"Women Development\",\"potentialAction\":[{\"@type\":\"SearchAction\",\"target\":{\"@type\":\"EntryPoint\",\"urlTemplate\":\"https:\/\/empow-her.com\/?s={search_term_string}\"},\"query-input\":{\"@type\":\"PropertyValueSpecification\",\"valueRequired\":true,\"valueName\":\"search_term_string\"}}],\"inLanguage\":\"en-US\"}]}<\/script>\n<!-- \/ Yoast SEO plugin. -->","yoast_head_json":{"title":"Atelier d'expression corporelle \"Les oiseaux migrateurs\"","description":"Venez explorer l\u2019exp\u00e9rience individuelle et collective de la migration gr\u00e2ce \u00e0 l\u2019atelier \u201cLes oiseaux migrateurs\u201d le vendredi 14 juin chez Sist'Her !","robots":{"index":"index","follow":"follow","max-snippet":"max-snippet:-1","max-image-preview":"max-image-preview:large","max-video-preview":"max-video-preview:-1"},"canonical":"https:\/\/empow-her.com\/produit\/atelier-dexpression-corporelle-les-oiseaux-migrateurs\/","og_locale":"en_US","og_type":"article","og_title":"Atelier d'expression corporelle \"Les oiseaux migrateurs\"","og_description":"Venez explorer l\u2019exp\u00e9rience individuelle et collective de la migration gr\u00e2ce \u00e0 l\u2019atelier \u201cLes oiseaux migrateurs\u201d le vendredi 14 juin chez Sist'Her !","og_url":"https:\/\/empow-her.com\/produit\/atelier-dexpression-corporelle-les-oiseaux-migrateurs\/","og_site_name":"Empow&#039;Her","article_modified_time":"2024-06-12T09:20:48+00:00","og_image":[{"width":1080,"height":1080,"url":"https:\/\/empow-her.com\/wp-content\/uploads\/2024\/05\/shetalks-economie-circulaire-2.png","type":"image\/png"}],"twitter_card":"summary_large_image","twitter_misc":{"Est. reading time":"2 minutes"},"schema":{"@context":"https:\/\/schema.org","@graph":[{"@type":"WebPage","@id":"https:\/\/empow-her.com\/produit\/atelier-dexpression-corporelle-les-oiseaux-migrateurs\/","url":"https:\/\/empow-her.com\/produit\/atelier-dexpression-corporelle-les-oiseaux-migrateurs\/","name":"Atelier d'expression corporelle \"Les oiseaux migrateurs\"","isPartOf":{"@id":"https:\/\/empow-her.com\/#website"},"primaryImageOfPage":{"@id":"https:\/\/empow-her.com\/produit\/atelier-dexpression-corporelle-les-oiseaux-migrateurs\/#primaryimage"},"image":{"@id":"https:\/\/empow-her.com\/produit\/atelier-dexpression-corporelle-les-oiseaux-migrateurs\/#primaryimage"},"thumbnailUrl":"https:\/\/empow-her.com\/wp-content\/uploads\/2024\/05\/shetalks-economie-circulaire-2.png","datePublished":"2024-05-21T08:26:28+00:00","dateModified":"2024-06-12T09:20:48+00:00","description":"Venez explorer l\u2019exp\u00e9rience individuelle et collective de la migration gr\u00e2ce \u00e0 l\u2019atelier \u201cLes oiseaux migrateurs\u201d le vendredi 14 juin chez Sist'Her !","breadcrumb":{"@id":"https:\/\/empow-her.com\/produit\/atelier-dexpression-corporelle-les-oiseaux-migrateurs\/#breadcrumb"},"inLanguage":"en-US","potentialAction":[{"@type":"ReadAction","target":["https:\/\/empow-her.com\/produit\/atelier-dexpression-corporelle-les-oiseaux-migrateurs\/"]}]},{"@type":"ImageObject","inLanguage":"en-US","@id":"https:\/\/empow-her.com\/produit\/atelier-dexpression-corporelle-les-oiseaux-migrateurs\/#primaryimage","url":"https:\/\/empow-her.com\/wp-content\/uploads\/2024\/05\/shetalks-economie-circulaire-2.png","contentUrl":"https:\/\/empow-her.com\/wp-content\/uploads\/2024\/05\/shetalks-economie-circulaire-2.png","width":1080,"height":1080},{"@type":"BreadcrumbList","@id":"https:\/\/empow-her.com\/produit\/atelier-dexpression-corporelle-les-oiseaux-migrateurs\/#breadcrumb","itemListElement":[{"@type":"ListItem","position":1,"name":"Accueil","item":"https:\/\/empow-her.com\/en\/landing-page\/"},{"@type":"ListItem","position":2,"name":"LA BOUTIQUE","item":"https:\/\/empow-her.com\/boutique\/"},{"@type":"ListItem","position":3,"name":"Atelier d&#8217;expression corporelle &#8220;Les oiseaux migrateurs&#8221;"}]},{"@type":"WebSite","@id":"https:\/\/empow-her.com\/#website","url":"https:\/\/empow-her.com\/","name":"Empow&#039;Her","description":"Women Development","potentialAction":[{"@type":"SearchAction","target":{"@type":"EntryPoint","urlTemplate":"https:\/\/empow-her.com\/?s={search_term_string}"},"query-input":{"@type":"PropertyValueSpecification","valueRequired":true,"valueName":"search_term_string"}}],"inLanguage":"en-US"}]}},"_links":{"self":[{"href":"https:\/\/empow-her.com\/en\/wp-json\/wp\/v2\/product\/250105","targetHints":{"allow":["GET"]}}],"collection":[{"href":"https:\/\/empow-her.com\/en\/wp-json\/wp\/v2\/product"}],"about":[{"href":"https:\/\/empow-her.com\/en\/wp-json\/wp\/v2\/types\/product"}],"wp:featuredmedia":[{"embeddable":true,"href":"https:\/\/empow-her.com\/en\/wp-json\/wp\/v2\/media\/250106"}],"wp:attachment":[{"href":"https:\/\/empow-her.com\/en\/wp-json\/wp\/v2\/media?parent=250105"}],"wp:term":[{"taxonomy":"product_brand","embeddable":true,"href":"https:\/\/empow-her.com\/en\/wp-json\/wp\/v2\/product_brand?post=250105"},{"taxonomy":"product_cat","embeddable":true,"href":"https:\/\/empow-her.com\/en\/wp-json\/wp\/v2\/product_cat?post=250105"},{"taxonomy":"product_tag","embeddable":true,"href":"https:\/\/empow-her.com\/en\/wp-json\/wp\/v2\/product_tag?post=250105"},{"taxonomy":"lieu","embeddable":true,"href":"https:\/\/empow-her.com\/en\/wp-json\/wp\/v2\/lieu?post=250105"},{"taxonomy":"thematiques","embeddable":true,"href":"https:\/\/empow-her.com\/en\/wp-json\/wp\/v2\/thematiques?post=250105"}],"curies":[{"name":"wp","href":"https:\/\/api.w.org\/{rel}","templated":true}]}}