{"id":249001,"date":"2024-05-08T19:29:56","date_gmt":"2024-05-08T17:29:56","guid":{"rendered":"https:\/\/empow-her.com\/?post_type=product&#038;p=249001"},"modified":"2024-05-08T19:45:06","modified_gmt":"2024-05-08T17:45:06","slug":"shetalks-empowher-kodiko","status":"publish","type":"product","link":"https:\/\/empow-her.com\/en\/produit\/shetalks-empowher-kodiko\/","title":{"rendered":"SheTalks Sp\u00e9cial &#8211; Kodiko x Empow&#8217;Her"},"content":{"rendered":"<div id=\":1by\" class=\"Ar Au Ao\">\n<div id=\":19r\" class=\"Am aiL Al editable LW-avf tS-tW tS-tY\" tabindex=\"1\" role=\"textbox\" contenteditable=\"true\" spellcheck=\"false\" aria-label=\"Corps du message\" aria-multiline=\"true\" aria-owns=\":1hf\" aria-controls=\":1hf\" aria-expanded=\"false\">\n<p>Chez Sist&#8217;Her, nous organisons chaque mois un SheTalks. Le concept ? Pendant 2h, une femme porteuse de projet vous pr\u00e9sente son parcours, ses difficult\u00e9s, ses victoires et \u00e9change avec vous ses meilleurs conseils. Un moment de sororit\u00e9 100% inspirant.<\/p>\n<p>Au mois de juin aura lieu la journ\u00e9e mondiale des r\u00e9fugi\u00e9.e.s. A cette occasion, en collaboration avec l&#8217;association <a href=\"https:\/\/www.kodiko.fr\/\">Kodiko<\/a>, nous avons souhait\u00e9 vous offrir un SheTalks sp\u00e9cial.<\/p>\n<p>Le<strong> 3 juin<\/strong>, on vous invite donc \u00e0 rencontrer non pas une mais <strong>quatre femmes exceptionnelles<\/strong> !<\/p>\n<p>4 pays,<\/p>\n<p>4 destins,<\/p>\n<p>4 histoires diff\u00e9rentes<\/p>\n<p>mais avec toutes en commun une chose : <strong>l&#8217;exil et aujourd&#8217;hui la reconstruction d&#8217;une vie en France<\/strong>.<\/p>\n<p>Chacune disposera d&#8217;une quinzaine de minutes de tribune pour vous partager leur parcours, les obstacles qu&#8217;elles rencontrent, leurs r\u00e9ussites et leurs espoirs pour l&#8217;avenir. Elles r\u00e9pondront \u00e9galement \u00e0 vos questions tout au long de l&#8217;\u00e9v\u00e9nement.<\/p>\n<p><strong>Performance artistique, discours, jeu collaboratif&#8230;chaque prise de parole promet une nouvelle d\u00e9couverte<\/strong> avec pour objectifs : le partage, l&#8217;inspiration, la cr\u00e9ation de liens et la construction, par les principales concern\u00e9es, d&#8217;un narratif autour de l&#8217;exil m\u00ealant puissance et humanit\u00e9 &#x1f49c;<\/p>\n<p><strong>Infos pratiques<\/strong><\/p>\n<p>&#x1f4c5;Lundi 3 juin<br \/>\n&#x231a;De 18h45 \u00e0 20h45<br \/>\n&#x1f39f;&#xfe0f;Inscription gratuite obligatoire. Nombre de places limit\u00e9.<br \/>\n&#x1f4cd;Chez <a href=\"https:\/\/www.instagram.com\/sisther.paris\/\" target=\"_blank\" rel=\"noopener\" data-saferedirecturl=\"https:\/\/www.google.com\/url?q=https:\/\/www.instagram.com\/sisther.paris\/&amp;source=gmail&amp;ust=1714034233887000&amp;usg=AOvVaw08ahvkETuiWXqpA19bbf36\">Sist\u2019Her<\/a>, 82 rue du Faubourg St-Martin, 75010 Paris<\/p>\n<p>Ouvert en mars 2021 par l\u2019ONG\u00a0<a href=\"https:\/\/empow-her.com\/\" target=\"_blank\" rel=\"noopener\" data-saferedirecturl=\"https:\/\/www.google.com\/url?q=https:\/\/empow-her.com\/&amp;source=gmail&amp;ust=1714034233887000&amp;usg=AOvVaw1LHBXoB0Xn5KEfgA0b3_JW\">Empow\u2019Her<\/a>, Sist\u2019Her Paris est un espace de partage et de cr\u00e9ation f\u00e9ministe, accessible \u00e0 tous.tes, d\u00e9di\u00e9 \u00e0 l\u2019\u00e9criture collective d\u2019un nouveau narratif entrepreneurial et \u00e0 l\u2019outillage des combats pour des soci\u00e9t\u00e9s plus justes, durables et \u00e9galitaires.<\/p>\n<\/div>\n<\/div>\n","protected":false},"excerpt":{"rendered":"<p>Chez Sist&#8217;Her, nous organisons chaque mois un SheTalks. Le concept ? Pendant 2h, une femme porteuse de projet vous pr\u00e9sente son parcours, ses difficult\u00e9s, ses victoires et \u00e9change avec vous ses meilleurs conseils. Un moment de sororit\u00e9 100% inspirant.<\/p>\n<p>Au mois de juin aura lieu la journ\u00e9e mondiale des r\u00e9fugi\u00e9.e.s. A cette occasion, en collaboration avec l&#8217;association <a href=\"https:\/\/www.kodiko.fr\/\">Kodiko<\/a>, nous avons souhait\u00e9 vous offrir un SheTalks sp\u00e9cial. &#x1f30d;<\/p>\n<p>Le<strong> 3 juin<\/strong>, on vous invite donc \u00e0 rencontrer non pas une mais <strong>quatre femmes exceptionnelles<\/strong> !<\/p>\n<p>4 pays,<\/p>\n<p>4 destins,<\/p>\n<p>4 histoires diff\u00e9rentes<\/p>\n<p>mais avec toutes en commun une chose : <strong>l&#8217;exil et aujourd&#8217;hui la reconstruction d&#8217;une vie en France<\/strong>.<\/p>\n<p>Chacune disposera d&#8217;une <strong>quinzaine de minutes de tribune pour vous partager leur parcours, les obstacles qu&#8217;elles rencontrent, leurs r\u00e9ussites et leurs espoirs pour l&#8217;avenir<\/strong>. Elles r\u00e9pondront \u00e9galement \u00e0 vos questions tout au long de l&#8217;\u00e9v\u00e9nement. &#x1f3a4;<\/p>\n<p><strong>Performance artistique, discours, jeu collaboratif&#8230;chaque prise de parole promet une nouvelle d\u00e9couverte<\/strong> avec pour objectifs : le partage, l&#8217;inspiration, la cr\u00e9ation de liens et la construction, par les principales concern\u00e9es, d&#8217;un narratif autour de l&#8217;exil m\u00ealant puissance et humanit\u00e9 &#x1f49c;<\/p>\n<p><strong>Infos pratiques<\/strong><\/p>\n<p>&#x1f4c5;Lundi 3 juin<br \/>\n&#x231a;De 18h45 \u00e0 20h45<br \/>\n&#x1f39f;&#xfe0f;Inscription gratuite obligatoire. Nombre de places limit\u00e9.<br \/>\n&#x1f4cd;Chez <a href=\"https:\/\/www.instagram.com\/sisther.paris\/\" target=\"_blank\" rel=\"noopener\" data-saferedirecturl=\"https:\/\/www.google.com\/url?q=https:\/\/www.instagram.com\/sisther.paris\/&amp;source=gmail&amp;ust=1714034233887000&amp;usg=AOvVaw08ahvkETuiWXqpA19bbf36\">Sist\u2019Her<\/a>, 82 rue du Faubourg St-Martin, 75010 Paris<\/p>\n<p>Ouvert en mars 2021 par l\u2019ONG\u00a0<a href=\"https:\/\/empow-her.com\/\" target=\"_blank\" rel=\"noopener\" data-saferedirecturl=\"https:\/\/www.google.com\/url?q=https:\/\/empow-her.com\/&amp;source=gmail&amp;ust=1714034233887000&amp;usg=AOvVaw1LHBXoB0Xn5KEfgA0b3_JW\">Empow\u2019Her<\/a>, Sist\u2019Her Paris est un espace de partage et de cr\u00e9ation f\u00e9ministe, accessible \u00e0 tous.tes, d\u00e9di\u00e9 \u00e0 l\u2019\u00e9criture collective d\u2019un nouveau narratif entrepreneurial et \u00e0 l\u2019outillage des combats pour des soci\u00e9t\u00e9s plus justes, durables et \u00e9galitaires.<\/p>\n","protected":false},"featured_media":249005,"template":"","format":"standard","meta":{"_acf_changed":false,"om_disable_all_campaigns":false,"_uf_show_specific_survey":0,"_uf_disable_surveys":false},"product_brand":[],"product_cat":[119],"product_tag":[],"lieu":[127],"thematiques":[],"class_list":{"0":"post-249001","1":"product","2":"type-product","3":"status-publish","4":"format-standard","5":"has-post-thumbnail","7":"product_cat-evenement-sisther","8":"lieu-hub-empowher","10":"first","11":"instock","12":"virtual","13":"purchasable","14":"product-type-appointment"},"exclude_global_add_ons":[],"addons":[],"acf":[],"yoast_head":"<!-- This site is optimized with the Yoast SEO plugin v24.8 - https:\/\/yoast.com\/wordpress\/plugins\/seo\/ -->\n<title>SheTalks sp\u00e9cial journ\u00e9e mondiale des r\u00e9fugi\u00e9es : 4 destins exceptionnels<\/title>\n<meta name=\"description\" content=\"D\u00e9couvrez les parcours de 4 femmes inspirantes \u00e0 l&#039;occasion d&#039;un SheTalks sp\u00e9cial organis\u00e9 par Kodiko et Empow&#039;Her au sein du tiers-lieu Sist&#039;Her Paris.\" \/>\n<meta name=\"robots\" content=\"index, follow, max-snippet:-1, max-image-preview:large, max-video-preview:-1\" \/>\n<link rel=\"canonical\" href=\"https:\/\/empow-her.com\/en\/produit\/shetalks-empowher-kodiko\/\" \/>\n<meta property=\"og:locale\" content=\"en_US\" \/>\n<meta property=\"og:type\" content=\"article\" \/>\n<meta property=\"og:title\" content=\"SheTalks sp\u00e9cial journ\u00e9e mondiale des r\u00e9fugi\u00e9es : 4 destins exceptionnels\" \/>\n<meta property=\"og:description\" content=\"D\u00e9couvrez les parcours de 4 femmes inspirantes \u00e0 l&#039;occasion d&#039;un SheTalks sp\u00e9cial organis\u00e9 par Kodiko et Empow&#039;Her au sein du tiers-lieu Sist&#039;Her Paris.\" \/>\n<meta property=\"og:url\" content=\"https:\/\/empow-her.com\/en\/produit\/shetalks-empowher-kodiko\/\" \/>\n<meta property=\"og:site_name\" content=\"Empow&#039;Her\" \/>\n<meta property=\"article:modified_time\" content=\"2024-05-08T17:45:06+00:00\" \/>\n<meta property=\"og:image\" content=\"https:\/\/empow-her.com\/wp-content\/uploads\/2024\/05\/shetalks-economie-circulaire-10-2.png\" \/>\n\t<meta property=\"og:image:width\" content=\"1080\" \/>\n\t<meta property=\"og:image:height\" content=\"1080\" \/>\n\t<meta property=\"og:image:type\" content=\"image\/png\" \/>\n<meta name=\"twitter:card\" content=\"summary_large_image\" \/>\n<meta name=\"twitter:label1\" content=\"Est. reading time\" \/>\n\t<meta name=\"twitter:data1\" content=\"2 minutes\" \/>\n<script type=\"application\/ld+json\" class=\"yoast-schema-graph\">{\"@context\":\"https:\/\/schema.org\",\"@graph\":[{\"@type\":\"WebPage\",\"@id\":\"https:\/\/empow-her.com\/en\/produit\/shetalks-empowher-kodiko\/\",\"url\":\"https:\/\/empow-her.com\/en\/produit\/shetalks-empowher-kodiko\/\",\"name\":\"SheTalks sp\u00e9cial journ\u00e9e mondiale des r\u00e9fugi\u00e9es : 4 destins exceptionnels\",\"isPartOf\":{\"@id\":\"https:\/\/empow-her.com\/#website\"},\"primaryImageOfPage\":{\"@id\":\"https:\/\/empow-her.com\/en\/produit\/shetalks-empowher-kodiko\/#primaryimage\"},\"image\":{\"@id\":\"https:\/\/empow-her.com\/en\/produit\/shetalks-empowher-kodiko\/#primaryimage\"},\"thumbnailUrl\":\"https:\/\/empow-her.com\/wp-content\/uploads\/2024\/05\/shetalks-economie-circulaire-10-2.png\",\"datePublished\":\"2024-05-08T17:29:56+00:00\",\"dateModified\":\"2024-05-08T17:45:06+00:00\",\"description\":\"D\u00e9couvrez les parcours de 4 femmes inspirantes \u00e0 l'occasion d'un SheTalks sp\u00e9cial organis\u00e9 par Kodiko et Empow'Her au sein du tiers-lieu Sist'Her Paris.\",\"breadcrumb\":{\"@id\":\"https:\/\/empow-her.com\/en\/produit\/shetalks-empowher-kodiko\/#breadcrumb\"},\"inLanguage\":\"en-US\",\"potentialAction\":[{\"@type\":\"ReadAction\",\"target\":[\"https:\/\/empow-her.com\/en\/produit\/shetalks-empowher-kodiko\/\"]}]},{\"@type\":\"ImageObject\",\"inLanguage\":\"en-US\",\"@id\":\"https:\/\/empow-her.com\/en\/produit\/shetalks-empowher-kodiko\/#primaryimage\",\"url\":\"https:\/\/empow-her.com\/wp-content\/uploads\/2024\/05\/shetalks-economie-circulaire-10-2.png\",\"contentUrl\":\"https:\/\/empow-her.com\/wp-content\/uploads\/2024\/05\/shetalks-economie-circulaire-10-2.png\",\"width\":1080,\"height\":1080},{\"@type\":\"BreadcrumbList\",\"@id\":\"https:\/\/empow-her.com\/en\/produit\/shetalks-empowher-kodiko\/#breadcrumb\",\"itemListElement\":[{\"@type\":\"ListItem\",\"position\":1,\"name\":\"Accueil\",\"item\":\"https:\/\/empow-her.com\/en\/landing-page\/\"},{\"@type\":\"ListItem\",\"position\":2,\"name\":\"LA BOUTIQUE\",\"item\":\"https:\/\/empow-her.com\/boutique\/\"},{\"@type\":\"ListItem\",\"position\":3,\"name\":\"SheTalks Sp\u00e9cial &#8211; Kodiko x Empow&#8217;Her\"}]},{\"@type\":\"WebSite\",\"@id\":\"https:\/\/empow-her.com\/#website\",\"url\":\"https:\/\/empow-her.com\/\",\"name\":\"Empow&#039;Her\",\"description\":\"Women Development\",\"potentialAction\":[{\"@type\":\"SearchAction\",\"target\":{\"@type\":\"EntryPoint\",\"urlTemplate\":\"https:\/\/empow-her.com\/?s={search_term_string}\"},\"query-input\":{\"@type\":\"PropertyValueSpecification\",\"valueRequired\":true,\"valueName\":\"search_term_string\"}}],\"inLanguage\":\"en-US\"}]}<\/script>\n<!-- \/ Yoast SEO plugin. -->","yoast_head_json":{"title":"SheTalks sp\u00e9cial journ\u00e9e mondiale des r\u00e9fugi\u00e9es : 4 destins exceptionnels","description":"D\u00e9couvrez les parcours de 4 femmes inspirantes \u00e0 l'occasion d'un SheTalks sp\u00e9cial organis\u00e9 par Kodiko et Empow'Her au sein du tiers-lieu Sist'Her Paris.","robots":{"index":"index","follow":"follow","max-snippet":"max-snippet:-1","max-image-preview":"max-image-preview:large","max-video-preview":"max-video-preview:-1"},"canonical":"https:\/\/empow-her.com\/en\/produit\/shetalks-empowher-kodiko\/","og_locale":"en_US","og_type":"article","og_title":"SheTalks sp\u00e9cial journ\u00e9e mondiale des r\u00e9fugi\u00e9es : 4 destins exceptionnels","og_description":"D\u00e9couvrez les parcours de 4 femmes inspirantes \u00e0 l'occasion d'un SheTalks sp\u00e9cial organis\u00e9 par Kodiko et Empow'Her au sein du tiers-lieu Sist'Her Paris.","og_url":"https:\/\/empow-her.com\/en\/produit\/shetalks-empowher-kodiko\/","og_site_name":"Empow&#039;Her","article_modified_time":"2024-05-08T17:45:06+00:00","og_image":[{"width":1080,"height":1080,"url":"https:\/\/empow-her.com\/wp-content\/uploads\/2024\/05\/shetalks-economie-circulaire-10-2.png","type":"image\/png"}],"twitter_card":"summary_large_image","twitter_misc":{"Est. reading time":"2 minutes"},"schema":{"@context":"https:\/\/schema.org","@graph":[{"@type":"WebPage","@id":"https:\/\/empow-her.com\/en\/produit\/shetalks-empowher-kodiko\/","url":"https:\/\/empow-her.com\/en\/produit\/shetalks-empowher-kodiko\/","name":"SheTalks sp\u00e9cial journ\u00e9e mondiale des r\u00e9fugi\u00e9es : 4 destins exceptionnels","isPartOf":{"@id":"https:\/\/empow-her.com\/#website"},"primaryImageOfPage":{"@id":"https:\/\/empow-her.com\/en\/produit\/shetalks-empowher-kodiko\/#primaryimage"},"image":{"@id":"https:\/\/empow-her.com\/en\/produit\/shetalks-empowher-kodiko\/#primaryimage"},"thumbnailUrl":"https:\/\/empow-her.com\/wp-content\/uploads\/2024\/05\/shetalks-economie-circulaire-10-2.png","datePublished":"2024-05-08T17:29:56+00:00","dateModified":"2024-05-08T17:45:06+00:00","description":"D\u00e9couvrez les parcours de 4 femmes inspirantes \u00e0 l'occasion d'un SheTalks sp\u00e9cial organis\u00e9 par Kodiko et Empow'Her au sein du tiers-lieu Sist'Her Paris.","breadcrumb":{"@id":"https:\/\/empow-her.com\/en\/produit\/shetalks-empowher-kodiko\/#breadcrumb"},"inLanguage":"en-US","potentialAction":[{"@type":"ReadAction","target":["https:\/\/empow-her.com\/en\/produit\/shetalks-empowher-kodiko\/"]}]},{"@type":"ImageObject","inLanguage":"en-US","@id":"https:\/\/empow-her.com\/en\/produit\/shetalks-empowher-kodiko\/#primaryimage","url":"https:\/\/empow-her.com\/wp-content\/uploads\/2024\/05\/shetalks-economie-circulaire-10-2.png","contentUrl":"https:\/\/empow-her.com\/wp-content\/uploads\/2024\/05\/shetalks-economie-circulaire-10-2.png","width":1080,"height":1080},{"@type":"BreadcrumbList","@id":"https:\/\/empow-her.com\/en\/produit\/shetalks-empowher-kodiko\/#breadcrumb","itemListElement":[{"@type":"ListItem","position":1,"name":"Accueil","item":"https:\/\/empow-her.com\/en\/landing-page\/"},{"@type":"ListItem","position":2,"name":"LA BOUTIQUE","item":"https:\/\/empow-her.com\/boutique\/"},{"@type":"ListItem","position":3,"name":"SheTalks Sp\u00e9cial &#8211; Kodiko x Empow&#8217;Her"}]},{"@type":"WebSite","@id":"https:\/\/empow-her.com\/#website","url":"https:\/\/empow-her.com\/","name":"Empow&#039;Her","description":"Women Development","potentialAction":[{"@type":"SearchAction","target":{"@type":"EntryPoint","urlTemplate":"https:\/\/empow-her.com\/?s={search_term_string}"},"query-input":{"@type":"PropertyValueSpecification","valueRequired":true,"valueName":"search_term_string"}}],"inLanguage":"en-US"}]}},"_links":{"self":[{"href":"https:\/\/empow-her.com\/en\/wp-json\/wp\/v2\/product\/249001","targetHints":{"allow":["GET"]}}],"collection":[{"href":"https:\/\/empow-her.com\/en\/wp-json\/wp\/v2\/product"}],"about":[{"href":"https:\/\/empow-her.com\/en\/wp-json\/wp\/v2\/types\/product"}],"wp:featuredmedia":[{"embeddable":true,"href":"https:\/\/empow-her.com\/en\/wp-json\/wp\/v2\/media\/249005"}],"wp:attachment":[{"href":"https:\/\/empow-her.com\/en\/wp-json\/wp\/v2\/media?parent=249001"}],"wp:term":[{"taxonomy":"product_brand","embeddable":true,"href":"https:\/\/empow-her.com\/en\/wp-json\/wp\/v2\/product_brand?post=249001"},{"taxonomy":"product_cat","embeddable":true,"href":"https:\/\/empow-her.com\/en\/wp-json\/wp\/v2\/product_cat?post=249001"},{"taxonomy":"product_tag","embeddable":true,"href":"https:\/\/empow-her.com\/en\/wp-json\/wp\/v2\/product_tag?post=249001"},{"taxonomy":"lieu","embeddable":true,"href":"https:\/\/empow-her.com\/en\/wp-json\/wp\/v2\/lieu?post=249001"},{"taxonomy":"thematiques","embeddable":true,"href":"https:\/\/empow-her.com\/en\/wp-json\/wp\/v2\/thematiques?post=249001"}],"curies":[{"name":"wp","href":"https:\/\/api.w.org\/{rel}","templated":true}]}}