{"id":248972,"date":"2024-05-07T16:40:17","date_gmt":"2024-05-07T14:40:17","guid":{"rendered":"https:\/\/empow-her.com\/?post_type=product&#038;p=248972"},"modified":"2024-05-15T15:08:56","modified_gmt":"2024-05-15T13:08:56","slug":"digital-reseaux-sociaux","status":"publish","type":"product","link":"https:\/\/empow-her.com\/en\/produit\/digital-reseaux-sociaux\/","title":{"rendered":"Digital &#038; R\u00e9seaux sociaux"},"content":{"rendered":"<p><strong>Objectifs : <\/strong>&#8220;J&#8217;ai besoin de d\u00e9velopper ma communaut\u00e9 sur les r\u00e9seaux sociaux et d&#8217;accroitre l&#8217;influence de ma marque&#8221;<br \/>\n&#8220;j&#8217;ai besoin de structurer ma prospection en ligne&#8221;<\/p>\n<p><strong>Description :<\/strong> Dans cet atelier, nous ferons un tour d&#8217;horizon des grands principes de la strat\u00e9gie digitale avant d&#8217;exp\u00e9rimenter des outils permettant de concevoir une strat\u00e9gie de contenus et un calendrier \u00e9ditorial au service de vos objectifs.<\/p>\n<p>Nous verrons comment :<br \/>\n\u2022 \u00eatre visible et toucher son audience,<br \/>\n\u2022 animer et d\u00e9velopper une communaut\u00e9 cibl\u00e9e,<br \/>\n\u2022 d\u00e9velopper l&#8217;influence de sa marque,<br \/>\n\u2022 gagner du temps avec de la m\u00e9thode et les bons outils.<\/p>\n<p><strong>Pr\u00e9-requis :<\/strong> Aucun<\/p>\n<p><strong>N.b :<\/strong> Si vous avez d\u00e9j\u00e0 travaill\u00e9 le persona, penser \u00e0 venir avec les travaux d\u00e9j\u00e0 r\u00e9alis\u00e9s sur l&#8217;id\u00e9ation de projet<\/p>\n<p><strong>Intervenant.e :<\/strong> <strong>Alexandra Robert<\/strong> de l&#8217;agence LesLieuxDits<\/p>\n<p>&#8220;Je suis designer de formation et experte en \u00e9tudes s\u00e9miotique appliqu\u00e9es au marketing et \u00e0 la marque. Pendant plus de 18 ans, j&#8217;ai \u00e9t\u00e9 directrice artistique et responsable communication pour des marques grand public. Je suis la fondatrice de l&#8217;agence LesLieuxDits, un r\u00e9seau de consultants pluridisciplinaires qui accompagne les dirigeant.e.s de tout type de structures dans le d\u00e9veloppement et la transformation de leurs activit\u00e9s.<br \/>\nNotre principale force : une envie collective de partager nos savoirs et de faciliter l\u2019\u00e9mergence de projets qui fa\u00e7onnent une \u00e9conomie plus durable.<br \/>\nDomaines d&#8217;expertise :<br \/>\n&gt; la relation entre le projet, l&#8217;offre et son &#8220;public&#8221;, autrement dit : le sens et la valorisation<br \/>\n&gt; la collaboration, le collectif, les contributions, la cr\u00e9ativit\u00e9 pour trouver des solutions qui collent aux sujets et aux moyens, autrement dit : le design de solutions et la facilitation.<\/p>\n<p><strong>Son super pouvoir :<\/strong> Facilitatrice de d\u00e9veloppement cr\u00e9atif et signifiant<\/p>\n<p><strong>Son petit mot :<\/strong> Osez bricoler, exp\u00e9rimenter, tester les possibilit\u00e9s. &#8221;<\/p>\n<p><strong>Lieu :<\/strong> Sist\u2019Her Paris, 82 rue du Faubourg Saint-Martin<\/p>\n<p><strong>Attention !<\/strong> Veuillez vous pr\u00e9senter \u00e0 l\u2019heure pour que l\u2019activit\u00e9 puisse commencer \u00e0 temps. Si vous avez du retard veuillez pr\u00e9venir l\u2019intervenant.e. Si vous avez plus de 15 min de retard l\u2019intervenant.e se r\u00e9serve le droit de ne plus vous accepter pour le coaching ou l\u2019atelier.<\/p>\n","protected":false},"excerpt":{"rendered":"<div>\n<p><strong>Besoin: <\/strong>&#8220;J&#8217;ai besoin de d\u00e9velopper ma communaut\u00e9 sur les r\u00e9seaux sociaux et d&#8217;accroitre l&#8217;influence de ma marque&#8221; ; &#8220;j&#8217;ai besoin de structurer ma prospection en ligne&#8221;<\/p>\n<p><span data-sheets-value=\"{&quot;1&quot;:2,&quot;2&quot;:&quot;Description : nnPr\u00e9-requis : nnIntervenant.e : nnSon super pouvoir : nnSon petit mot : &quot;}\" data-sheets-userformat=\"{&quot;2&quot;:641,&quot;3&quot;:{&quot;1&quot;:0},&quot;10&quot;:1,&quot;12&quot;:0}\"><strong>Description : <\/strong>Dans cet atelier, nous ferons un tour d&#8217;horizon des grands principes de la strat\u00e9gie digitale avant d&#8217;exp\u00e9rimenter des outils permettant de concevoir une strat\u00e9gie de contenus et un calendrier \u00e9ditorial au service de vos objectifs.\u00a0 <\/span><\/p>\n<p>\u2022 \u00eatre visible et toucher son audience<\/p>\n<p>\u2022 animer et d\u00e9velopper une communaut\u00e9 cibl\u00e9e<\/p>\n<p>\u2022 d\u00e9velopper l&#8217;influence de sa marque<\/p>\n<p>\u2022 gagner du temps avec de la m\u00e9thode et les bons outils<\/p>\n<p><strong>Pr\u00e9-requis<\/strong> : Aucun<\/p>\n<p><strong>Intervenant.e : Alexandra Robert des LesLieuxDits<\/strong><\/p>\n<\/div>\n<div>\n<p>Designer de formation, experte en \u00e9tudes s\u00e9miotique appliqu\u00e9es au marketing, \u00e0 la marque et au business apr\u00e8s avoir \u00e9t\u00e9 directrice artistique et responsable communication pour des marques grand public durant plus de 18 ans. Je suis la fondatrice de l&#8217;agence LesLieuxDits qui accompagne les dirigeants dans le d\u00e9veloppement d&#8217;activit\u00e9s \u00e9conomiques plus responsables et cheffe d&#8217;une famille de 3 enfants.<br \/>\nDomaines d&#8217;expertise :<br \/>\n&gt; la relation entre le projet, l&#8217;offre et son &#8220;public&#8221;, autrement dit : le sens et la valorisation<br \/>\n&gt; la collaboration, le collectif, les contributions, la cr\u00e9ativit\u00e9 pour trouver des solutions qui collent aux sujets et aux moyens, autrement dit : le design de solutions et la facilitation.&#8221;<\/p>\n<p><span data-sheets-value=\"{&quot;1&quot;:2,&quot;2&quot;:&quot;Description : nnPr\u00e9-requis : nnIntervenant.e : nnSon super pouvoir : nnSon petit mot : &quot;}\" data-sheets-userformat=\"{&quot;2&quot;:641,&quot;3&quot;:{&quot;1&quot;:0},&quot;10&quot;:1,&quot;12&quot;:0}\"><br \/>\n<strong>Son super pouvoir :<\/strong> Facilitatrice de d\u00e9veloppement cr\u00e9atif et signifiant <\/span><\/p>\n<p><strong>Son petit mot :<\/strong> Osez bricoler, exp\u00e9rimenter, tester les possibilit\u00e9s.<\/p>\n<\/div>\n<div><\/div>\n<div><b>Lieu : <\/b>Sist&#8217;Her Paris, 82 rue du Faubourg Saint-Martin<\/div>\n<div><\/div>\n<div><span data-sheets-value=\"{&quot;1&quot;:2,&quot;2&quot;:&quot;Attention ! \u00a0Veuillez vous pr\u00e9sentez \u00e0 l'heure pour que l'activit\u00e9 puisse commencer \u00e0 temps. Si vous avez du retard veuillez pr\u00e9venir l'intervenant.e. Si vous avez plus de 15 min de retard l'intervenant.e se r\u00e9serve le droit de plus vous accepter pour le coaching ou l'atelier.\u00a0&quot;}\" data-sheets-userformat=\"{&quot;2&quot;:641,&quot;3&quot;:{&quot;1&quot;:0},&quot;10&quot;:1,&quot;12&quot;:0}\"><strong>Attention !<\/strong> \u00a0Veuillez vous pr\u00e9senter \u00e0 l&#8217;heure pour que l&#8217;activit\u00e9 puisse commencer \u00e0 temps. Si vous avez du retard veuillez pr\u00e9venir l&#8217;intervenant.e. Si vous avez plus de 15 min de retard l&#8217;intervenant.e se r\u00e9serve le droit de ne plus vous accepter pour le coaching ou l&#8217;atelier.\u00a0<\/span><\/div>\n","protected":false},"featured_media":249216,"template":"","format":"standard","meta":{"_acf_changed":false,"om_disable_all_campaigns":false,"_uf_show_specific_survey":0,"_uf_disable_surveys":false},"product_brand":[],"product_cat":[118],"product_tag":[],"lieu":[127],"thematiques":[],"class_list":{"0":"post-248972","1":"product","2":"type-product","3":"status-publish","4":"format-standard","5":"has-post-thumbnail","7":"product_cat-atelier-collectif","8":"lieu-hub-empowher","10":"first","11":"instock","12":"virtual","13":"purchasable","14":"product-type-appointment"},"exclude_global_add_ons":[],"addons":[],"acf":[],"yoast_head":"<!-- This site is optimized with the Yoast SEO plugin v24.8 - https:\/\/yoast.com\/wordpress\/plugins\/seo\/ -->\n<title>Digital &amp; R\u00e9seaux sociaux - Empow&#039;Her<\/title>\n<meta name=\"robots\" content=\"index, follow, max-snippet:-1, max-image-preview:large, max-video-preview:-1\" \/>\n<link rel=\"canonical\" href=\"https:\/\/empow-her.com\/en\/produit\/digital-reseaux-sociaux\/\" \/>\n<meta property=\"og:locale\" content=\"en_US\" \/>\n<meta property=\"og:type\" content=\"article\" \/>\n<meta property=\"og:title\" content=\"Digital &amp; R\u00e9seaux sociaux - Empow&#039;Her\" \/>\n<meta property=\"og:description\" content=\"Besoin: &quot;J&#039;ai besoin de d\u00e9velopper ma communaut\u00e9 sur les r\u00e9seaux sociaux et d&#039;accroitre l&#039;influence de ma marque&quot; ; &quot;j&#039;ai besoin de structurer ma prospection en ligne&quot;  Description : Dans cet atelier, nous ferons un tour d&#039;horizon des grands principes de la strat\u00e9gie digitale avant d&#039;exp\u00e9rimenter des outils permettant de concevoir une strat\u00e9gie de contenus et un calendrier \u00e9ditorial au service de vos objectifs.\u00a0   \u2022 \u00eatre visible et toucher son audience  \u2022 animer et d\u00e9velopper une communaut\u00e9 cibl\u00e9e  \u2022 d\u00e9velopper l&#039;influence de sa marque  \u2022 gagner du temps avec de la m\u00e9thode et les bons outils  Pr\u00e9-requis : Aucun  Intervenant.e : Alexandra Robert des LesLieuxDits     Designer de formation, experte en \u00e9tudes s\u00e9miotique appliqu\u00e9es au marketing, \u00e0 la marque et au business apr\u00e8s avoir \u00e9t\u00e9 directrice artistique et responsable communication pour des marques grand public durant plus de 18 ans. Je suis la fondatrice de l&#039;agence LesLieuxDits qui accompagne les dirigeants dans le d\u00e9veloppement d&#039;activit\u00e9s \u00e9conomiques plus responsables et cheffe d&#039;une famille de 3 enfants. Domaines d&#039;expertise : &gt; la relation entre le projet, l&#039;offre et son &quot;public&quot;, autrement dit : le sens et la valorisation &gt; la collaboration, le collectif, les contributions, la cr\u00e9ativit\u00e9 pour trouver des solutions qui collent aux sujets et aux moyens, autrement dit : le design de solutions et la facilitation.&quot;   Son super pouvoir : Facilitatrice de d\u00e9veloppement cr\u00e9atif et signifiant   Son petit mot : Osez bricoler, exp\u00e9rimenter, tester les possibilit\u00e9s.    Lieu : Sist&#039;Her Paris, 82 rue du Faubourg Saint-Martin  Attention ! \u00a0Veuillez vous pr\u00e9senter \u00e0 l&#039;heure pour que l&#039;activit\u00e9 puisse commencer \u00e0 temps. Si vous avez du retard veuillez pr\u00e9venir l&#039;intervenant.e. Si vous avez plus de 15 min de retard l&#039;intervenant.e se r\u00e9serve le droit de ne plus vous accepter pour le coaching ou l&#039;atelier.\u00a0\" \/>\n<meta property=\"og:url\" content=\"https:\/\/empow-her.com\/en\/produit\/digital-reseaux-sociaux\/\" \/>\n<meta property=\"og:site_name\" content=\"Empow&#039;Her\" \/>\n<meta property=\"article:modified_time\" content=\"2024-05-15T13:08:56+00:00\" \/>\n<meta property=\"og:image\" content=\"https:\/\/empow-her.com\/wp-content\/uploads\/2024\/05\/Women-Dare-templates-events21.png\" \/>\n\t<meta property=\"og:image:width\" content=\"1080\" \/>\n\t<meta property=\"og:image:height\" content=\"1080\" \/>\n\t<meta property=\"og:image:type\" content=\"image\/png\" \/>\n<meta name=\"twitter:card\" content=\"summary_large_image\" \/>\n<meta name=\"twitter:label1\" content=\"Est. reading time\" \/>\n\t<meta name=\"twitter:data1\" content=\"2 minutes\" \/>\n<script type=\"application\/ld+json\" class=\"yoast-schema-graph\">{\"@context\":\"https:\/\/schema.org\",\"@graph\":[{\"@type\":\"WebPage\",\"@id\":\"https:\/\/empow-her.com\/en\/produit\/digital-reseaux-sociaux\/\",\"url\":\"https:\/\/empow-her.com\/en\/produit\/digital-reseaux-sociaux\/\",\"name\":\"Digital & R\u00e9seaux sociaux - Empow&#039;Her\",\"isPartOf\":{\"@id\":\"https:\/\/empow-her.com\/#website\"},\"primaryImageOfPage\":{\"@id\":\"https:\/\/empow-her.com\/en\/produit\/digital-reseaux-sociaux\/#primaryimage\"},\"image\":{\"@id\":\"https:\/\/empow-her.com\/en\/produit\/digital-reseaux-sociaux\/#primaryimage\"},\"thumbnailUrl\":\"https:\/\/empow-her.com\/wp-content\/uploads\/2024\/05\/Women-Dare-templates-events21.png\",\"datePublished\":\"2024-05-07T14:40:17+00:00\",\"dateModified\":\"2024-05-15T13:08:56+00:00\",\"breadcrumb\":{\"@id\":\"https:\/\/empow-her.com\/en\/produit\/digital-reseaux-sociaux\/#breadcrumb\"},\"inLanguage\":\"en-US\",\"potentialAction\":[{\"@type\":\"ReadAction\",\"target\":[\"https:\/\/empow-her.com\/en\/produit\/digital-reseaux-sociaux\/\"]}]},{\"@type\":\"ImageObject\",\"inLanguage\":\"en-US\",\"@id\":\"https:\/\/empow-her.com\/en\/produit\/digital-reseaux-sociaux\/#primaryimage\",\"url\":\"https:\/\/empow-her.com\/wp-content\/uploads\/2024\/05\/Women-Dare-templates-events21.png\",\"contentUrl\":\"https:\/\/empow-her.com\/wp-content\/uploads\/2024\/05\/Women-Dare-templates-events21.png\",\"width\":1080,\"height\":1080},{\"@type\":\"BreadcrumbList\",\"@id\":\"https:\/\/empow-her.com\/en\/produit\/digital-reseaux-sociaux\/#breadcrumb\",\"itemListElement\":[{\"@type\":\"ListItem\",\"position\":1,\"name\":\"Accueil\",\"item\":\"https:\/\/empow-her.com\/en\/landing-page\/\"},{\"@type\":\"ListItem\",\"position\":2,\"name\":\"LA BOUTIQUE\",\"item\":\"https:\/\/empow-her.com\/boutique\/\"},{\"@type\":\"ListItem\",\"position\":3,\"name\":\"Digital &#038; R\u00e9seaux sociaux\"}]},{\"@type\":\"WebSite\",\"@id\":\"https:\/\/empow-her.com\/#website\",\"url\":\"https:\/\/empow-her.com\/\",\"name\":\"Empow&#039;Her\",\"description\":\"Women Development\",\"potentialAction\":[{\"@type\":\"SearchAction\",\"target\":{\"@type\":\"EntryPoint\",\"urlTemplate\":\"https:\/\/empow-her.com\/?s={search_term_string}\"},\"query-input\":{\"@type\":\"PropertyValueSpecification\",\"valueRequired\":true,\"valueName\":\"search_term_string\"}}],\"inLanguage\":\"en-US\"}]}<\/script>\n<!-- \/ Yoast SEO plugin. -->","yoast_head_json":{"title":"Digital & R\u00e9seaux sociaux - Empow&#039;Her","robots":{"index":"index","follow":"follow","max-snippet":"max-snippet:-1","max-image-preview":"max-image-preview:large","max-video-preview":"max-video-preview:-1"},"canonical":"https:\/\/empow-her.com\/en\/produit\/digital-reseaux-sociaux\/","og_locale":"en_US","og_type":"article","og_title":"Digital & R\u00e9seaux sociaux - Empow&#039;Her","og_description":"Besoin: \"J'ai besoin de d\u00e9velopper ma communaut\u00e9 sur les r\u00e9seaux sociaux et d'accroitre l'influence de ma marque\" ; \"j'ai besoin de structurer ma prospection en ligne\"  Description : Dans cet atelier, nous ferons un tour d'horizon des grands principes de la strat\u00e9gie digitale avant d'exp\u00e9rimenter des outils permettant de concevoir une strat\u00e9gie de contenus et un calendrier \u00e9ditorial au service de vos objectifs.\u00a0   \u2022 \u00eatre visible et toucher son audience  \u2022 animer et d\u00e9velopper une communaut\u00e9 cibl\u00e9e  \u2022 d\u00e9velopper l'influence de sa marque  \u2022 gagner du temps avec de la m\u00e9thode et les bons outils  Pr\u00e9-requis : Aucun  Intervenant.e : Alexandra Robert des LesLieuxDits     Designer de formation, experte en \u00e9tudes s\u00e9miotique appliqu\u00e9es au marketing, \u00e0 la marque et au business apr\u00e8s avoir \u00e9t\u00e9 directrice artistique et responsable communication pour des marques grand public durant plus de 18 ans. Je suis la fondatrice de l'agence LesLieuxDits qui accompagne les dirigeants dans le d\u00e9veloppement d'activit\u00e9s \u00e9conomiques plus responsables et cheffe d'une famille de 3 enfants. Domaines d'expertise : &gt; la relation entre le projet, l'offre et son \"public\", autrement dit : le sens et la valorisation &gt; la collaboration, le collectif, les contributions, la cr\u00e9ativit\u00e9 pour trouver des solutions qui collent aux sujets et aux moyens, autrement dit : le design de solutions et la facilitation.\"   Son super pouvoir : Facilitatrice de d\u00e9veloppement cr\u00e9atif et signifiant   Son petit mot : Osez bricoler, exp\u00e9rimenter, tester les possibilit\u00e9s.    Lieu : Sist'Her Paris, 82 rue du Faubourg Saint-Martin  Attention ! \u00a0Veuillez vous pr\u00e9senter \u00e0 l'heure pour que l'activit\u00e9 puisse commencer \u00e0 temps. Si vous avez du retard veuillez pr\u00e9venir l'intervenant.e. Si vous avez plus de 15 min de retard l'intervenant.e se r\u00e9serve le droit de ne plus vous accepter pour le coaching ou l'atelier.\u00a0","og_url":"https:\/\/empow-her.com\/en\/produit\/digital-reseaux-sociaux\/","og_site_name":"Empow&#039;Her","article_modified_time":"2024-05-15T13:08:56+00:00","og_image":[{"width":1080,"height":1080,"url":"https:\/\/empow-her.com\/wp-content\/uploads\/2024\/05\/Women-Dare-templates-events21.png","type":"image\/png"}],"twitter_card":"summary_large_image","twitter_misc":{"Est. reading time":"2 minutes"},"schema":{"@context":"https:\/\/schema.org","@graph":[{"@type":"WebPage","@id":"https:\/\/empow-her.com\/en\/produit\/digital-reseaux-sociaux\/","url":"https:\/\/empow-her.com\/en\/produit\/digital-reseaux-sociaux\/","name":"Digital & R\u00e9seaux sociaux - Empow&#039;Her","isPartOf":{"@id":"https:\/\/empow-her.com\/#website"},"primaryImageOfPage":{"@id":"https:\/\/empow-her.com\/en\/produit\/digital-reseaux-sociaux\/#primaryimage"},"image":{"@id":"https:\/\/empow-her.com\/en\/produit\/digital-reseaux-sociaux\/#primaryimage"},"thumbnailUrl":"https:\/\/empow-her.com\/wp-content\/uploads\/2024\/05\/Women-Dare-templates-events21.png","datePublished":"2024-05-07T14:40:17+00:00","dateModified":"2024-05-15T13:08:56+00:00","breadcrumb":{"@id":"https:\/\/empow-her.com\/en\/produit\/digital-reseaux-sociaux\/#breadcrumb"},"inLanguage":"en-US","potentialAction":[{"@type":"ReadAction","target":["https:\/\/empow-her.com\/en\/produit\/digital-reseaux-sociaux\/"]}]},{"@type":"ImageObject","inLanguage":"en-US","@id":"https:\/\/empow-her.com\/en\/produit\/digital-reseaux-sociaux\/#primaryimage","url":"https:\/\/empow-her.com\/wp-content\/uploads\/2024\/05\/Women-Dare-templates-events21.png","contentUrl":"https:\/\/empow-her.com\/wp-content\/uploads\/2024\/05\/Women-Dare-templates-events21.png","width":1080,"height":1080},{"@type":"BreadcrumbList","@id":"https:\/\/empow-her.com\/en\/produit\/digital-reseaux-sociaux\/#breadcrumb","itemListElement":[{"@type":"ListItem","position":1,"name":"Accueil","item":"https:\/\/empow-her.com\/en\/landing-page\/"},{"@type":"ListItem","position":2,"name":"LA BOUTIQUE","item":"https:\/\/empow-her.com\/boutique\/"},{"@type":"ListItem","position":3,"name":"Digital &#038; R\u00e9seaux sociaux"}]},{"@type":"WebSite","@id":"https:\/\/empow-her.com\/#website","url":"https:\/\/empow-her.com\/","name":"Empow&#039;Her","description":"Women Development","potentialAction":[{"@type":"SearchAction","target":{"@type":"EntryPoint","urlTemplate":"https:\/\/empow-her.com\/?s={search_term_string}"},"query-input":{"@type":"PropertyValueSpecification","valueRequired":true,"valueName":"search_term_string"}}],"inLanguage":"en-US"}]}},"_links":{"self":[{"href":"https:\/\/empow-her.com\/en\/wp-json\/wp\/v2\/product\/248972","targetHints":{"allow":["GET"]}}],"collection":[{"href":"https:\/\/empow-her.com\/en\/wp-json\/wp\/v2\/product"}],"about":[{"href":"https:\/\/empow-her.com\/en\/wp-json\/wp\/v2\/types\/product"}],"wp:featuredmedia":[{"embeddable":true,"href":"https:\/\/empow-her.com\/en\/wp-json\/wp\/v2\/media\/249216"}],"wp:attachment":[{"href":"https:\/\/empow-her.com\/en\/wp-json\/wp\/v2\/media?parent=248972"}],"wp:term":[{"taxonomy":"product_brand","embeddable":true,"href":"https:\/\/empow-her.com\/en\/wp-json\/wp\/v2\/product_brand?post=248972"},{"taxonomy":"product_cat","embeddable":true,"href":"https:\/\/empow-her.com\/en\/wp-json\/wp\/v2\/product_cat?post=248972"},{"taxonomy":"product_tag","embeddable":true,"href":"https:\/\/empow-her.com\/en\/wp-json\/wp\/v2\/product_tag?post=248972"},{"taxonomy":"lieu","embeddable":true,"href":"https:\/\/empow-her.com\/en\/wp-json\/wp\/v2\/lieu?post=248972"},{"taxonomy":"thematiques","embeddable":true,"href":"https:\/\/empow-her.com\/en\/wp-json\/wp\/v2\/thematiques?post=248972"}],"curies":[{"name":"wp","href":"https:\/\/api.w.org\/{rel}","templated":true}]}}