{"id":248738,"date":"2024-04-30T16:43:36","date_gmt":"2024-04-30T14:43:36","guid":{"rendered":"https:\/\/empow-her.com\/?post_type=product&#038;p=248738"},"modified":"2024-05-13T16:07:25","modified_gmt":"2024-05-13T14:07:25","slug":"bas-les-masques-passing","status":"publish","type":"product","link":"https:\/\/empow-her.com\/en\/produit\/bas-les-masques-passing\/","title":{"rendered":"BAS LES MASQUES ! Comment naviguer entre identit\u00e9s v\u00e9cues et identit\u00e9s per\u00e7ues"},"content":{"rendered":"<div id=\":1by\" class=\"Ar Au Ao\">\n<div id=\":19r\" class=\"Am aiL Al editable LW-avf tS-tW tS-tY\" tabindex=\"1\" role=\"textbox\" contenteditable=\"true\" spellcheck=\"false\" aria-label=\"Corps du message\" aria-multiline=\"true\" aria-owns=\":1hf\" aria-controls=\":1hf\" aria-expanded=\"false\">\n<p>Passer pour ce qu\u2019on n\u2019est pas, \u00eatre per\u00e7u-e diff\u00e9remment de ses semblables, adopter les codes dominants pour \u00eatre accept\u00e9-e\u2026 Le passing, qu\u2019il soit involontaire ou qu\u2019il r\u00e9sulte d\u2019une strat\u00e9gie de survie, offre des avantages sociaux ind\u00e9niables. Mais il peut \u00e9galement affecter la sant\u00e9 mentale et questionner fortement son identit\u00e9, cela parfois sur des g\u00e9n\u00e9rations. Comment se r\u00e9approprier les mascarades sociales et raciales ? Peut-on en faire un outil au service du collectif ?<\/p>\n<p>Le m\u00e9dia <a href=\"https:\/\/joyeuxbazarpodcast.com\/\">Joyeux Bazar<\/a> (d\u00e9di\u00e9 aux questions de double culture) et l\u2019association <a href=\"https:\/\/espaceawal.fr\/\">Espace Awal<\/a> (qui cr\u00e9e des espaces de partage et d&#8217;action sur les sujets de justice sociale) vous proposent un \u00e9v\u00e9nement au croisement entre table-ronde, r\u00e9flexion intime et exp\u00e9rience collective, pour parler masques, adaptation, identit\u00e9s fluides, exclusion\u2026 et pour reprendre collectivement le pouvoir sur l\u2019assignation !<\/p>\n<p>Nous aurons la chance d\u2019avoir parmi nous :<\/p>\n<p>&#8211; <strong>Thu-An Duong et Chiguecky Ndengila<\/strong>, confondatrices de <a href=\"https:\/\/www.bissai.com\/\">Bissai Media<\/a>, m\u00e9dia associatif qui documente et amplifie les r\u00e9cits des personnes immigr\u00e9es et \/ ou concern\u00e9es par le racisme<br \/>\n&#8211; <strong>Walid Hajar Rachedi<\/strong>, auteur de &#8220;Qu\u2019est-ce que j\u2019irais faire au paradis ?&#8221; et &#8220;Nos destins sont li\u00e9s&#8221;, cofondateur du m\u00e9dia <a href=\"https:\/\/frictions.co\/\">Frictions<\/a> dont l&#8217;ambition est de raconter le monde \u00e0 travers l&#8217;intime et les histoires singuli\u00e8res<br \/>\n&#8211; <strong>Apolline<\/strong>, cr\u00e9atrice du m\u00e9dia &#8220;<a href=\"https:\/\/lapiscine.site\/\">La piscine<\/a>&#8221; qui traite de sens, d&#8217;impact et d&#8217;inclusion<\/p>\n<p><strong>Infos pratiques<\/strong><\/p>\n<p>&#x1f4c5;Jeudi 16 mai<br \/>\n&#x231a;De 18h30 \u00e0 20h30<br \/>\n&#x1f39f;&#xfe0f;Inscription gratuite obligatoire. Nombre de places limit\u00e9.<br \/>\n&#x1f4cd;Chez <a href=\"https:\/\/www.instagram.com\/sisther.paris\/\" target=\"_blank\" rel=\"noopener\" data-saferedirecturl=\"https:\/\/www.google.com\/url?q=https:\/\/www.instagram.com\/sisther.paris\/&amp;source=gmail&amp;ust=1714034233887000&amp;usg=AOvVaw08ahvkETuiWXqpA19bbf36\">Sist\u2019Her<\/a>, 82 rue du Faubourg St-Martin, 75010 Paris<\/p>\n<p>Ouvert en mars 2021 par l\u2019ONG\u00a0<a href=\"https:\/\/empow-her.com\/\" target=\"_blank\" rel=\"noopener\" data-saferedirecturl=\"https:\/\/www.google.com\/url?q=https:\/\/empow-her.com\/&amp;source=gmail&amp;ust=1714034233887000&amp;usg=AOvVaw1LHBXoB0Xn5KEfgA0b3_JW\">Empow\u2019Her<\/a>, Sist\u2019Her Paris est un espace de partage et de cr\u00e9ation f\u00e9ministe, accessible \u00e0 tous.tes, d\u00e9di\u00e9 \u00e0 l\u2019\u00e9criture collective d\u2019un nouveau narratif entrepreneurial et \u00e0 l\u2019outillage des combats pour des soci\u00e9t\u00e9s plus justes, durables et \u00e9galitaires.<\/p>\n<\/div>\n<\/div>\n","protected":false},"excerpt":{"rendered":"<p>Passer pour ce qu\u2019on n\u2019est pas, \u00eatre per\u00e7u-e diff\u00e9remment de ses semblables, adopter les codes dominants pour \u00eatre accept\u00e9-e\u2026 Le passing, qu\u2019il soit involontaire ou qu\u2019il r\u00e9sulte d\u2019une strat\u00e9gie de survie, offre des avantages sociaux ind\u00e9niables. Mais il peut \u00e9galement affecter la sant\u00e9 mentale et questionner fortement son identit\u00e9, cela parfois sur des g\u00e9n\u00e9rations. Comment se r\u00e9approprier les mascarades sociales et raciales ? Peut-on en faire un outil au service du collectif ?<\/p>\n<p>Le m\u00e9dia <a href=\"https:\/\/joyeuxbazarpodcast.com\/\">Joyeux Bazar<\/a> (d\u00e9di\u00e9 aux questions de double culture) et l\u2019association <a href=\"https:\/\/espaceawal.fr\/\">Espace Awal<\/a> (qui cr\u00e9e des espaces de partage et d&#8217;action sur les sujets de justice sociale) vous proposent un \u00e9v\u00e9nement au croisement entre table-ronde, r\u00e9flexion intime et exp\u00e9rience collective, pour parler masques, adaptation, identit\u00e9s fluides, exclusion\u2026 et pour reprendre collectivement le pouvoir sur l\u2019assignation !<\/p>\n<p>Nous aurons la chance d\u2019avoir parmi nous :<\/p>\n<p>&#8211; <strong>Nour Bounaidja<\/strong>, membre de <a href=\"https:\/\/www.bissai.com\/\">Bissai Media<\/a>, m\u00e9dia associatif qui documente et amplifie les r\u00e9cits des personnes immigr\u00e9es et \/ ou concern\u00e9es par le racisme<br \/>\n&#8211; <strong>Walid Hajar Rachedi<\/strong>, auteur de &#8220;Qu\u2019est-ce que j\u2019irais faire au paradis ?&#8221; et &#8220;Nos destins sont li\u00e9s&#8221;, cofondateur du m\u00e9dia <a href=\"https:\/\/frictions.co\/\">Frictions<\/a> dont l&#8217;ambition est de raconter le monde \u00e0 travers l&#8217;intime et les histoires singuli\u00e8res<br \/>\n&#8211; <strong>Apolline<\/strong>, cr\u00e9atrice du m\u00e9dia &#8220;<a href=\"https:\/\/lapiscine.site\/\">La piscine<\/a>&#8221; qui traite de sens, d&#8217;impact et d&#8217;inclusion<\/p>\n<p><strong>Infos pratiques<\/strong><\/p>\n<p>&#x1f4c5;Jeudi 16 mai<br \/>\n&#x231a;De 18h30 \u00e0 20h30<br \/>\n&#x1f39f;&#xfe0f;Inscription gratuite obligatoire. Nombre de places limit\u00e9es.<br \/>\n&#x1f4cd;Chez <a href=\"https:\/\/www.instagram.com\/sisther.paris\/\" target=\"_blank\" rel=\"noopener\" data-saferedirecturl=\"https:\/\/www.google.com\/url?q=https:\/\/www.instagram.com\/sisther.paris\/&amp;source=gmail&amp;ust=1714034233887000&amp;usg=AOvVaw08ahvkETuiWXqpA19bbf36\">Sist\u2019Her<\/a>, 82 rue du Faubourg St-Martin, 75010 Paris<\/p>\n<p>Ouvert en mars 2021 par l\u2019ONG\u00a0<a href=\"https:\/\/empow-her.com\/\" target=\"_blank\" rel=\"noopener\" data-saferedirecturl=\"https:\/\/www.google.com\/url?q=https:\/\/empow-her.com\/&amp;source=gmail&amp;ust=1714034233887000&amp;usg=AOvVaw1LHBXoB0Xn5KEfgA0b3_JW\">Empow\u2019Her<\/a>, Sist\u2019Her Paris est un espace de partage et de cr\u00e9ation f\u00e9ministe, accessible \u00e0 tous.tes, d\u00e9di\u00e9 \u00e0 l\u2019\u00e9criture collective d\u2019un nouveau narratif entrepreneurial et \u00e0 l\u2019outillage des combats pour des soci\u00e9t\u00e9s plus justes, durables et \u00e9galitaires.<\/p>\n","protected":false},"featured_media":248739,"template":"","format":"standard","meta":{"_acf_changed":false,"om_disable_all_campaigns":false,"_uf_show_specific_survey":0,"_uf_disable_surveys":false},"product_brand":[],"product_cat":[119],"product_tag":[],"lieu":[127],"thematiques":[],"class_list":{"0":"post-248738","1":"product","2":"type-product","3":"status-publish","4":"format-standard","5":"has-post-thumbnail","7":"product_cat-evenement-sisther","8":"lieu-hub-empowher","10":"first","11":"instock","12":"virtual","13":"purchasable","14":"product-type-appointment"},"exclude_global_add_ons":[],"addons":[],"acf":[],"yoast_head":"<!-- This site is optimized with the Yoast SEO plugin v24.8 - https:\/\/yoast.com\/wordpress\/plugins\/seo\/ -->\n<title>Passing : naviguer entre identit\u00e9s v\u00e9cues et identit\u00e9s per\u00e7ues<\/title>\n<meta name=\"description\" content=\"Rencontrez les fondateur.i.ces de plusieurs m\u00e9dias inclusifs pour discuter de la question du passing : Comment naviguer entre identit\u00e9 per\u00e7ue et v\u00e9cue ?\" \/>\n<meta name=\"robots\" content=\"index, follow, max-snippet:-1, max-image-preview:large, max-video-preview:-1\" \/>\n<link rel=\"canonical\" href=\"https:\/\/empow-her.com\/produit\/bas-les-masques-passing\/\" \/>\n<meta property=\"og:locale\" content=\"en_US\" \/>\n<meta property=\"og:type\" content=\"article\" \/>\n<meta property=\"og:title\" content=\"Passing : naviguer entre identit\u00e9s v\u00e9cues et identit\u00e9s per\u00e7ues\" \/>\n<meta property=\"og:description\" content=\"Rencontrez les fondateur.i.ces de plusieurs m\u00e9dias inclusifs pour discuter de la question du passing : Comment naviguer entre identit\u00e9 per\u00e7ue et v\u00e9cue ?\" \/>\n<meta property=\"og:url\" content=\"https:\/\/empow-her.com\/produit\/bas-les-masques-passing\/\" \/>\n<meta property=\"og:site_name\" content=\"Empow&#039;Her\" \/>\n<meta property=\"article:modified_time\" content=\"2024-05-13T14:07:25+00:00\" \/>\n<meta property=\"og:image\" content=\"https:\/\/empow-her.com\/wp-content\/uploads\/2024\/04\/shetalks-economie-circulaire-9.png\" \/>\n\t<meta property=\"og:image:width\" content=\"1080\" \/>\n\t<meta property=\"og:image:height\" content=\"1080\" \/>\n\t<meta property=\"og:image:type\" content=\"image\/png\" \/>\n<meta name=\"twitter:card\" content=\"summary_large_image\" \/>\n<meta name=\"twitter:label1\" content=\"Est. reading time\" \/>\n\t<meta name=\"twitter:data1\" content=\"2 minutes\" \/>\n<script type=\"application\/ld+json\" class=\"yoast-schema-graph\">{\"@context\":\"https:\/\/schema.org\",\"@graph\":[{\"@type\":\"WebPage\",\"@id\":\"https:\/\/empow-her.com\/produit\/bas-les-masques-passing\/\",\"url\":\"https:\/\/empow-her.com\/produit\/bas-les-masques-passing\/\",\"name\":\"Passing : naviguer entre identit\u00e9s v\u00e9cues et identit\u00e9s per\u00e7ues\",\"isPartOf\":{\"@id\":\"https:\/\/empow-her.com\/#website\"},\"primaryImageOfPage\":{\"@id\":\"https:\/\/empow-her.com\/produit\/bas-les-masques-passing\/#primaryimage\"},\"image\":{\"@id\":\"https:\/\/empow-her.com\/produit\/bas-les-masques-passing\/#primaryimage\"},\"thumbnailUrl\":\"https:\/\/empow-her.com\/wp-content\/uploads\/2024\/04\/shetalks-economie-circulaire-9.png\",\"datePublished\":\"2024-04-30T14:43:36+00:00\",\"dateModified\":\"2024-05-13T14:07:25+00:00\",\"description\":\"Rencontrez les fondateur.i.ces de plusieurs m\u00e9dias inclusifs pour discuter de la question du passing : Comment naviguer entre identit\u00e9 per\u00e7ue et v\u00e9cue ?\",\"breadcrumb\":{\"@id\":\"https:\/\/empow-her.com\/produit\/bas-les-masques-passing\/#breadcrumb\"},\"inLanguage\":\"en-US\",\"potentialAction\":[{\"@type\":\"ReadAction\",\"target\":[\"https:\/\/empow-her.com\/produit\/bas-les-masques-passing\/\"]}]},{\"@type\":\"ImageObject\",\"inLanguage\":\"en-US\",\"@id\":\"https:\/\/empow-her.com\/produit\/bas-les-masques-passing\/#primaryimage\",\"url\":\"https:\/\/empow-her.com\/wp-content\/uploads\/2024\/04\/shetalks-economie-circulaire-9.png\",\"contentUrl\":\"https:\/\/empow-her.com\/wp-content\/uploads\/2024\/04\/shetalks-economie-circulaire-9.png\",\"width\":1080,\"height\":1080},{\"@type\":\"BreadcrumbList\",\"@id\":\"https:\/\/empow-her.com\/produit\/bas-les-masques-passing\/#breadcrumb\",\"itemListElement\":[{\"@type\":\"ListItem\",\"position\":1,\"name\":\"Accueil\",\"item\":\"https:\/\/empow-her.com\/en\/landing-page\/\"},{\"@type\":\"ListItem\",\"position\":2,\"name\":\"LA BOUTIQUE\",\"item\":\"https:\/\/empow-her.com\/boutique\/\"},{\"@type\":\"ListItem\",\"position\":3,\"name\":\"BAS LES MASQUES ! Comment naviguer entre identit\u00e9s v\u00e9cues et identit\u00e9s per\u00e7ues\"}]},{\"@type\":\"WebSite\",\"@id\":\"https:\/\/empow-her.com\/#website\",\"url\":\"https:\/\/empow-her.com\/\",\"name\":\"Empow&#039;Her\",\"description\":\"Women Development\",\"potentialAction\":[{\"@type\":\"SearchAction\",\"target\":{\"@type\":\"EntryPoint\",\"urlTemplate\":\"https:\/\/empow-her.com\/?s={search_term_string}\"},\"query-input\":{\"@type\":\"PropertyValueSpecification\",\"valueRequired\":true,\"valueName\":\"search_term_string\"}}],\"inLanguage\":\"en-US\"}]}<\/script>\n<!-- \/ Yoast SEO plugin. -->","yoast_head_json":{"title":"Passing : naviguer entre identit\u00e9s v\u00e9cues et identit\u00e9s per\u00e7ues","description":"Rencontrez les fondateur.i.ces de plusieurs m\u00e9dias inclusifs pour discuter de la question du passing : Comment naviguer entre identit\u00e9 per\u00e7ue et v\u00e9cue ?","robots":{"index":"index","follow":"follow","max-snippet":"max-snippet:-1","max-image-preview":"max-image-preview:large","max-video-preview":"max-video-preview:-1"},"canonical":"https:\/\/empow-her.com\/produit\/bas-les-masques-passing\/","og_locale":"en_US","og_type":"article","og_title":"Passing : naviguer entre identit\u00e9s v\u00e9cues et identit\u00e9s per\u00e7ues","og_description":"Rencontrez les fondateur.i.ces de plusieurs m\u00e9dias inclusifs pour discuter de la question du passing : Comment naviguer entre identit\u00e9 per\u00e7ue et v\u00e9cue ?","og_url":"https:\/\/empow-her.com\/produit\/bas-les-masques-passing\/","og_site_name":"Empow&#039;Her","article_modified_time":"2024-05-13T14:07:25+00:00","og_image":[{"width":1080,"height":1080,"url":"https:\/\/empow-her.com\/wp-content\/uploads\/2024\/04\/shetalks-economie-circulaire-9.png","type":"image\/png"}],"twitter_card":"summary_large_image","twitter_misc":{"Est. reading time":"2 minutes"},"schema":{"@context":"https:\/\/schema.org","@graph":[{"@type":"WebPage","@id":"https:\/\/empow-her.com\/produit\/bas-les-masques-passing\/","url":"https:\/\/empow-her.com\/produit\/bas-les-masques-passing\/","name":"Passing : naviguer entre identit\u00e9s v\u00e9cues et identit\u00e9s per\u00e7ues","isPartOf":{"@id":"https:\/\/empow-her.com\/#website"},"primaryImageOfPage":{"@id":"https:\/\/empow-her.com\/produit\/bas-les-masques-passing\/#primaryimage"},"image":{"@id":"https:\/\/empow-her.com\/produit\/bas-les-masques-passing\/#primaryimage"},"thumbnailUrl":"https:\/\/empow-her.com\/wp-content\/uploads\/2024\/04\/shetalks-economie-circulaire-9.png","datePublished":"2024-04-30T14:43:36+00:00","dateModified":"2024-05-13T14:07:25+00:00","description":"Rencontrez les fondateur.i.ces de plusieurs m\u00e9dias inclusifs pour discuter de la question du passing : Comment naviguer entre identit\u00e9 per\u00e7ue et v\u00e9cue ?","breadcrumb":{"@id":"https:\/\/empow-her.com\/produit\/bas-les-masques-passing\/#breadcrumb"},"inLanguage":"en-US","potentialAction":[{"@type":"ReadAction","target":["https:\/\/empow-her.com\/produit\/bas-les-masques-passing\/"]}]},{"@type":"ImageObject","inLanguage":"en-US","@id":"https:\/\/empow-her.com\/produit\/bas-les-masques-passing\/#primaryimage","url":"https:\/\/empow-her.com\/wp-content\/uploads\/2024\/04\/shetalks-economie-circulaire-9.png","contentUrl":"https:\/\/empow-her.com\/wp-content\/uploads\/2024\/04\/shetalks-economie-circulaire-9.png","width":1080,"height":1080},{"@type":"BreadcrumbList","@id":"https:\/\/empow-her.com\/produit\/bas-les-masques-passing\/#breadcrumb","itemListElement":[{"@type":"ListItem","position":1,"name":"Accueil","item":"https:\/\/empow-her.com\/en\/landing-page\/"},{"@type":"ListItem","position":2,"name":"LA BOUTIQUE","item":"https:\/\/empow-her.com\/boutique\/"},{"@type":"ListItem","position":3,"name":"BAS LES MASQUES ! Comment naviguer entre identit\u00e9s v\u00e9cues et identit\u00e9s per\u00e7ues"}]},{"@type":"WebSite","@id":"https:\/\/empow-her.com\/#website","url":"https:\/\/empow-her.com\/","name":"Empow&#039;Her","description":"Women Development","potentialAction":[{"@type":"SearchAction","target":{"@type":"EntryPoint","urlTemplate":"https:\/\/empow-her.com\/?s={search_term_string}"},"query-input":{"@type":"PropertyValueSpecification","valueRequired":true,"valueName":"search_term_string"}}],"inLanguage":"en-US"}]}},"_links":{"self":[{"href":"https:\/\/empow-her.com\/en\/wp-json\/wp\/v2\/product\/248738","targetHints":{"allow":["GET"]}}],"collection":[{"href":"https:\/\/empow-her.com\/en\/wp-json\/wp\/v2\/product"}],"about":[{"href":"https:\/\/empow-her.com\/en\/wp-json\/wp\/v2\/types\/product"}],"wp:featuredmedia":[{"embeddable":true,"href":"https:\/\/empow-her.com\/en\/wp-json\/wp\/v2\/media\/248739"}],"wp:attachment":[{"href":"https:\/\/empow-her.com\/en\/wp-json\/wp\/v2\/media?parent=248738"}],"wp:term":[{"taxonomy":"product_brand","embeddable":true,"href":"https:\/\/empow-her.com\/en\/wp-json\/wp\/v2\/product_brand?post=248738"},{"taxonomy":"product_cat","embeddable":true,"href":"https:\/\/empow-her.com\/en\/wp-json\/wp\/v2\/product_cat?post=248738"},{"taxonomy":"product_tag","embeddable":true,"href":"https:\/\/empow-her.com\/en\/wp-json\/wp\/v2\/product_tag?post=248738"},{"taxonomy":"lieu","embeddable":true,"href":"https:\/\/empow-her.com\/en\/wp-json\/wp\/v2\/lieu?post=248738"},{"taxonomy":"thematiques","embeddable":true,"href":"https:\/\/empow-her.com\/en\/wp-json\/wp\/v2\/thematiques?post=248738"}],"curies":[{"name":"wp","href":"https:\/\/api.w.org\/{rel}","templated":true}]}}