{"id":248595,"date":"2024-04-24T11:32:35","date_gmt":"2024-04-24T09:32:35","guid":{"rendered":"https:\/\/empow-her.com\/?post_type=product&#038;p=248595"},"modified":"2024-04-24T12:21:02","modified_gmt":"2024-04-24T10:21:02","slug":"booty-therapy","status":"publish","type":"product","link":"https:\/\/empow-her.com\/en\/produit\/booty-therapy\/","title":{"rendered":"Booty Therapy !"},"content":{"rendered":"<div id=\":1by\" class=\"Ar Au Ao\">\n<div id=\":19r\" class=\"Am aiL Al editable LW-avf tS-tW tS-tY\" tabindex=\"1\" role=\"textbox\" contenteditable=\"true\" spellcheck=\"false\" aria-label=\"Corps du message\" aria-multiline=\"true\" aria-owns=\":1hf\" aria-controls=\":1hf\" aria-expanded=\"false\">\n<p><em>\u2013 Un \u00e9v\u00e9nement en accessibilit\u00e9 prioritaire aux femmes et minorit\u00e9s de genre \u2013 <\/em><\/p>\n<p>Sist&#8217;Her d\u00e9veloppe un nouveau format d&#8217;\u00e9v\u00e9nement !<br \/>\nFa\u00eetes place \u00e0 : PHYSICALIT\u00c9 &#x1f60d;<br \/>\nLa physicalit\u00e9 c&#8217;est ce que peut faire un corps, sa capacit\u00e9 \u00e0 agir. C&#8217;est aussi, pour les fans du ballon ovale, ce qui d\u00e9signe la force et la puissance des joueuses. Enfin, c&#8217;est un savoureux m\u00e9lange entre Physique et Radicalit\u00e9.<\/p>\n<p>Vous voyez o\u00f9 on veut en venir ? On va se mettre EN MOUVEMENT !<\/p>\n<p>Pourquoi ?<br \/>\nCar prendre soin de soi c&#8217;est s&#8217;aider \u00e0 avancer &#x1f49c;<br \/>\nDans son essai, A Burst of Light, Audre Lorde aborde la question du <strong>soin de soi comme \u00e9tant un acte politique radical<\/strong>. Le fait de prendre soin de soi devient alors une fa\u00e7on de<strong> pr\u00e9server son individualit\u00e9 dans un monde hostile \u00e0 la diversit\u00e9 des identit\u00e9s<\/strong>.<\/p>\n<p>Apr\u00e8s une premi\u00e8re session avec Laetitia Sangronio autour de la Soul Mediation, on se retrouve pour ce second \u00e9pisode de physicalit\u00e9 cette fois-ci avec Dominique Villedieu pour une autre forme de l\u00e2cher prise : &#x1f351;&#x1f351; LA BOOTY THERAPY &#x1f351;&#x1f351;<\/p>\n<p>La Booty Therapy c&#8217;est une <strong>bouff\u00e9e d&#8217;air frais de deux heures en musique<\/strong>, un moment suspendu o\u00f9 l&#8217;on laisse son quotidien au pas de la porte, on lib\u00e8re ses \u00e9motions et on repart avec un gain de confiance en soi !<\/p>\n<p>Pr\u00eate \u00e0 shaker votre\u00a0 booty dans <strong>une safe-place o\u00f9 la bienveillance et le non jugement<\/strong> seront \u00e0 l&#8217;honneur ? Inscrivez-vous vite ! <strong>Aucune exp\u00e9rience de danse n&#8217;est n\u00e9cessaire<\/strong>, il suffit d&#8217;\u00eatre pr\u00e9sente, pr\u00eate \u00e0 bouger et \u00e0 partager son \u00e9nergie &#x1f525;<\/p>\n<p><strong>Infos pratiques\u00a0<\/strong><\/p>\n<p>&#x1f4c5; Jeudi 6 juin 2024<br \/>\n&#x231a;De 18h45 \u00e0 20h45<br \/>\n&#x1f39f;&#xfe0f;Inscription obligatoire, <strong>prix libre \u00e0 partir de 10\u20ac<\/strong><\/p>\n<p>&#x1f4b2;Les \u00e9v\u00e9nements PHYSICALIT\u00c9 sont payants. L&#8217;int\u00e9gralit\u00e9 des sommes r\u00e9colt\u00e9es revient \u00e0 l&#8217;entrepreneuse qui vous fait vivre l&#8217;exp\u00e9rience pour laquelle vous vous inscrivez.<br \/>\n#SoutenirLeTravailDesEntrepreneuses<br \/>\n#SupportWomenOwnedBusinesses<\/p>\n<p>&#x1f4cd;Chez <a href=\"https:\/\/www.instagram.com\/sisther.paris\/\" target=\"_blank\" rel=\"noopener\" data-saferedirecturl=\"https:\/\/www.google.com\/url?q=https:\/\/www.instagram.com\/sisther.paris\/&amp;source=gmail&amp;ust=1714034233887000&amp;usg=AOvVaw08ahvkETuiWXqpA19bbf36\">Sist\u2019Her<\/a>, 82 rue du Faubourg St-Martin, 75010 Paris<\/p>\n<p>Ouvert en mars 2021 par l\u2019ONG\u00a0<a href=\"https:\/\/empow-her.com\/\" target=\"_blank\" rel=\"noopener\" data-saferedirecturl=\"https:\/\/www.google.com\/url?q=https:\/\/empow-her.com\/&amp;source=gmail&amp;ust=1714034233887000&amp;usg=AOvVaw1LHBXoB0Xn5KEfgA0b3_JW\">Empow\u2019Her<\/a>, Sist\u2019Her Paris est un espace de partage et de cr\u00e9ation f\u00e9ministe, accessible \u00e0 tous.tes, d\u00e9di\u00e9 \u00e0 l\u2019\u00e9criture collective d\u2019un nouveau narratif entrepreneurial et \u00e0 l\u2019outillage des combats pour des soci\u00e9t\u00e9s plus justes, durables et \u00e9galitaires.<\/p>\n<\/div>\n<\/div>\n","protected":false},"excerpt":{"rendered":"<p><em>\u2013 Un \u00e9v\u00e9nement en accessibilit\u00e9 prioritaire aux femmes et minorit\u00e9s de genre \u2013<\/em><\/p>\n<p>Sist&#8217;Her d\u00e9veloppe un nouveau format d&#8217;\u00e9v\u00e9nement !<br \/>\nFa\u00eetes place \u00e0 : PHYSICALIT\u00c9 &#x1f60d;<br \/>\nLa physicalit\u00e9 c&#8217;est ce que peut faire un corps, sa capacit\u00e9 \u00e0 agir. C&#8217;est aussi, pour les fans du ballon ovale, ce qui d\u00e9signe la force et la puissance des joueuses. Enfin, c&#8217;est un savoureux m\u00e9lange entre Physique et Radicalit\u00e9.<\/p>\n<p>Vous voyez o\u00f9 on veut en venir ? On va se mettre EN MOUVEMENT !<\/p>\n<p>Pourquoi ?<br \/>\nCar prendre soin de soi c&#8217;est s&#8217;aider \u00e0 avancer &#x1f49c;<br \/>\nDans son essai, A Burst of Light, Audre Lorde aborde la question du <strong>soin de soi comme \u00e9tant un acte politique radical<\/strong>. Le fait de prendre soin de soi devient alors une fa\u00e7on de<strong> pr\u00e9server son individualit\u00e9 dans un monde hostile \u00e0 la diversit\u00e9 des identit\u00e9s<\/strong>.<\/p>\n<p>Apr\u00e8s une premi\u00e8re session avec Laetitia Sangronio autour de la Soul Mediation, on se retrouve pour ce second \u00e9pisode de physicalit\u00e9 cette fois-ci avec Dominique Villedieu pour une autre forme de l\u00e2cher prise : &#x1f351;&#x1f351; LA BOOTY THERAPY &#x1f351;&#x1f351;<\/p>\n<p>La Booty Therapy c&#8217;est une <strong>bouff\u00e9e d&#8217;air frais de deux heures en musique<\/strong>, un moment suspendu o\u00f9 l&#8217;on laisse son quotidien au pas de la porte, on lib\u00e8re ses \u00e9motions et on repart avec un gain de confiance en soi !<\/p>\n<p>Pr\u00eate \u00e0 shaker votre\u00a0 booty dans <strong>une safe-place o\u00f9 la bienveillance et le non jugement<\/strong> seront \u00e0 l&#8217;honneur ? Inscrivez-vous vite ! <strong>Aucune exp\u00e9rience de danse n&#8217;est n\u00e9cessaire<\/strong>, il suffit d&#8217;\u00eatre pr\u00e9sente, pr\u00eate \u00e0 bouger et \u00e0 partager son \u00e9nergie &#x1f525;<\/p>\n<p><strong>Infos pratiques\u00a0<\/strong><\/p>\n<p>&#x1f4c5; Jeudi 6 juin 2024<br \/>\n&#x231a;De 18h45 \u00e0 20h45<br \/>\n&#x1f39f;&#xfe0f;Inscription obligatoire <strong>prix libre \u00e0 partir de 10\u20ac<\/strong><\/p>\n<p>&#x1f4b2;Les \u00e9v\u00e9nements PHYSICALIT\u00c9 sont payants. L&#8217;int\u00e9gralit\u00e9 des sommes r\u00e9colt\u00e9es revient \u00e0 l&#8217;entrepreneuse qui vous fait vivre l&#8217;exp\u00e9rience pour laquelle vous vous inscrivez.<br \/>\n#SoutenirLeTravailDesEntrepreneuses<br \/>\n#SupportWomenOwnedBusinesses<\/p>\n<p>&#x1f4cd;Chez <a href=\"https:\/\/www.instagram.com\/sisther.paris\/\" target=\"_blank\" rel=\"noopener\" data-saferedirecturl=\"https:\/\/www.google.com\/url?q=https:\/\/www.instagram.com\/sisther.paris\/&amp;source=gmail&amp;ust=1714034233887000&amp;usg=AOvVaw08ahvkETuiWXqpA19bbf36\">Sist\u2019Her<\/a>, 82 rue du Faubourg St-Martin, 75010 Paris<\/p>\n<p>Ouvert en mars 2021 par l\u2019ONG\u00a0<a href=\"https:\/\/empow-her.com\/\" target=\"_blank\" rel=\"noopener\" data-saferedirecturl=\"https:\/\/www.google.com\/url?q=https:\/\/empow-her.com\/&amp;source=gmail&amp;ust=1714034233887000&amp;usg=AOvVaw1LHBXoB0Xn5KEfgA0b3_JW\">Empow\u2019Her<\/a>, Sist\u2019Her Paris est un espace de partage et de cr\u00e9ation f\u00e9ministe, accessible \u00e0 tous.tes, d\u00e9di\u00e9 \u00e0 l\u2019\u00e9criture collective d\u2019un nouveau narratif entrepreneurial et \u00e0 l\u2019outillage des combats pour des soci\u00e9t\u00e9s plus justes, durables et \u00e9galitaires.<\/p>\n","protected":false},"featured_media":248603,"template":"","format":"standard","meta":{"_acf_changed":false,"om_disable_all_campaigns":false,"_uf_show_specific_survey":0,"_uf_disable_surveys":false},"product_brand":[],"product_cat":[119],"product_tag":[],"lieu":[127],"thematiques":[],"class_list":{"0":"post-248595","1":"product","2":"type-product","3":"status-publish","4":"format-standard","5":"has-post-thumbnail","7":"product_cat-evenement-sisther","8":"lieu-hub-empowher","10":"first","11":"instock","12":"virtual","13":"purchasable","14":"product-type-appointment"},"exclude_global_add_ons":[],"addons":[],"acf":[],"yoast_head":"<!-- This site is optimized with the Yoast SEO plugin v24.8 - https:\/\/yoast.com\/wordpress\/plugins\/seo\/ -->\n<title>Booty Therapy<\/title>\n<meta name=\"description\" content=\"L\u00e2cher prise et gagner en confiance en soi tout en soutenant une entrepreneuse ? C&#039;est possible en participant \u00e0 une session de Booty Therapy chez Sist&#039;Her!\" \/>\n<meta name=\"robots\" content=\"index, follow, max-snippet:-1, max-image-preview:large, max-video-preview:-1\" \/>\n<link rel=\"canonical\" href=\"https:\/\/empow-her.com\/en\/produit\/booty-therapy\/\" \/>\n<meta property=\"og:locale\" content=\"en_US\" \/>\n<meta property=\"og:type\" content=\"article\" \/>\n<meta property=\"og:title\" content=\"Booty Therapy\" \/>\n<meta property=\"og:description\" content=\"L\u00e2cher prise et gagner en confiance en soi tout en soutenant une entrepreneuse ? C&#039;est possible en participant \u00e0 une session de Booty Therapy chez Sist&#039;Her!\" \/>\n<meta property=\"og:url\" content=\"https:\/\/empow-her.com\/en\/produit\/booty-therapy\/\" \/>\n<meta property=\"og:site_name\" content=\"Empow&#039;Her\" \/>\n<meta property=\"article:modified_time\" content=\"2024-04-24T10:21:02+00:00\" \/>\n<meta property=\"og:image\" content=\"https:\/\/empow-her.com\/wp-content\/uploads\/2024\/04\/shetalks-economie-circulaire-7.png\" \/>\n\t<meta property=\"og:image:width\" content=\"1080\" \/>\n\t<meta property=\"og:image:height\" content=\"1080\" \/>\n\t<meta property=\"og:image:type\" content=\"image\/png\" \/>\n<meta name=\"twitter:card\" content=\"summary_large_image\" \/>\n<meta name=\"twitter:label1\" content=\"Est. reading time\" \/>\n\t<meta name=\"twitter:data1\" content=\"2 minutes\" \/>\n<script type=\"application\/ld+json\" class=\"yoast-schema-graph\">{\"@context\":\"https:\/\/schema.org\",\"@graph\":[{\"@type\":\"WebPage\",\"@id\":\"https:\/\/empow-her.com\/en\/produit\/booty-therapy\/\",\"url\":\"https:\/\/empow-her.com\/en\/produit\/booty-therapy\/\",\"name\":\"Booty Therapy\",\"isPartOf\":{\"@id\":\"https:\/\/empow-her.com\/#website\"},\"primaryImageOfPage\":{\"@id\":\"https:\/\/empow-her.com\/en\/produit\/booty-therapy\/#primaryimage\"},\"image\":{\"@id\":\"https:\/\/empow-her.com\/en\/produit\/booty-therapy\/#primaryimage\"},\"thumbnailUrl\":\"https:\/\/empow-her.com\/wp-content\/uploads\/2024\/04\/shetalks-economie-circulaire-7.png\",\"datePublished\":\"2024-04-24T09:32:35+00:00\",\"dateModified\":\"2024-04-24T10:21:02+00:00\",\"description\":\"L\u00e2cher prise et gagner en confiance en soi tout en soutenant une entrepreneuse ? C'est possible en participant \u00e0 une session de Booty Therapy chez Sist'Her!\",\"breadcrumb\":{\"@id\":\"https:\/\/empow-her.com\/en\/produit\/booty-therapy\/#breadcrumb\"},\"inLanguage\":\"en-US\",\"potentialAction\":[{\"@type\":\"ReadAction\",\"target\":[\"https:\/\/empow-her.com\/en\/produit\/booty-therapy\/\"]}]},{\"@type\":\"ImageObject\",\"inLanguage\":\"en-US\",\"@id\":\"https:\/\/empow-her.com\/en\/produit\/booty-therapy\/#primaryimage\",\"url\":\"https:\/\/empow-her.com\/wp-content\/uploads\/2024\/04\/shetalks-economie-circulaire-7.png\",\"contentUrl\":\"https:\/\/empow-her.com\/wp-content\/uploads\/2024\/04\/shetalks-economie-circulaire-7.png\",\"width\":1080,\"height\":1080},{\"@type\":\"BreadcrumbList\",\"@id\":\"https:\/\/empow-her.com\/en\/produit\/booty-therapy\/#breadcrumb\",\"itemListElement\":[{\"@type\":\"ListItem\",\"position\":1,\"name\":\"Accueil\",\"item\":\"https:\/\/empow-her.com\/en\/landing-page\/\"},{\"@type\":\"ListItem\",\"position\":2,\"name\":\"LA BOUTIQUE\",\"item\":\"https:\/\/empow-her.com\/boutique\/\"},{\"@type\":\"ListItem\",\"position\":3,\"name\":\"Booty Therapy !\"}]},{\"@type\":\"WebSite\",\"@id\":\"https:\/\/empow-her.com\/#website\",\"url\":\"https:\/\/empow-her.com\/\",\"name\":\"Empow&#039;Her\",\"description\":\"Women Development\",\"potentialAction\":[{\"@type\":\"SearchAction\",\"target\":{\"@type\":\"EntryPoint\",\"urlTemplate\":\"https:\/\/empow-her.com\/?s={search_term_string}\"},\"query-input\":{\"@type\":\"PropertyValueSpecification\",\"valueRequired\":true,\"valueName\":\"search_term_string\"}}],\"inLanguage\":\"en-US\"}]}<\/script>\n<!-- \/ Yoast SEO plugin. -->","yoast_head_json":{"title":"Booty Therapy","description":"L\u00e2cher prise et gagner en confiance en soi tout en soutenant une entrepreneuse ? C'est possible en participant \u00e0 une session de Booty Therapy chez Sist'Her!","robots":{"index":"index","follow":"follow","max-snippet":"max-snippet:-1","max-image-preview":"max-image-preview:large","max-video-preview":"max-video-preview:-1"},"canonical":"https:\/\/empow-her.com\/en\/produit\/booty-therapy\/","og_locale":"en_US","og_type":"article","og_title":"Booty Therapy","og_description":"L\u00e2cher prise et gagner en confiance en soi tout en soutenant une entrepreneuse ? C'est possible en participant \u00e0 une session de Booty Therapy chez Sist'Her!","og_url":"https:\/\/empow-her.com\/en\/produit\/booty-therapy\/","og_site_name":"Empow&#039;Her","article_modified_time":"2024-04-24T10:21:02+00:00","og_image":[{"width":1080,"height":1080,"url":"https:\/\/empow-her.com\/wp-content\/uploads\/2024\/04\/shetalks-economie-circulaire-7.png","type":"image\/png"}],"twitter_card":"summary_large_image","twitter_misc":{"Est. reading time":"2 minutes"},"schema":{"@context":"https:\/\/schema.org","@graph":[{"@type":"WebPage","@id":"https:\/\/empow-her.com\/en\/produit\/booty-therapy\/","url":"https:\/\/empow-her.com\/en\/produit\/booty-therapy\/","name":"Booty Therapy","isPartOf":{"@id":"https:\/\/empow-her.com\/#website"},"primaryImageOfPage":{"@id":"https:\/\/empow-her.com\/en\/produit\/booty-therapy\/#primaryimage"},"image":{"@id":"https:\/\/empow-her.com\/en\/produit\/booty-therapy\/#primaryimage"},"thumbnailUrl":"https:\/\/empow-her.com\/wp-content\/uploads\/2024\/04\/shetalks-economie-circulaire-7.png","datePublished":"2024-04-24T09:32:35+00:00","dateModified":"2024-04-24T10:21:02+00:00","description":"L\u00e2cher prise et gagner en confiance en soi tout en soutenant une entrepreneuse ? C'est possible en participant \u00e0 une session de Booty Therapy chez Sist'Her!","breadcrumb":{"@id":"https:\/\/empow-her.com\/en\/produit\/booty-therapy\/#breadcrumb"},"inLanguage":"en-US","potentialAction":[{"@type":"ReadAction","target":["https:\/\/empow-her.com\/en\/produit\/booty-therapy\/"]}]},{"@type":"ImageObject","inLanguage":"en-US","@id":"https:\/\/empow-her.com\/en\/produit\/booty-therapy\/#primaryimage","url":"https:\/\/empow-her.com\/wp-content\/uploads\/2024\/04\/shetalks-economie-circulaire-7.png","contentUrl":"https:\/\/empow-her.com\/wp-content\/uploads\/2024\/04\/shetalks-economie-circulaire-7.png","width":1080,"height":1080},{"@type":"BreadcrumbList","@id":"https:\/\/empow-her.com\/en\/produit\/booty-therapy\/#breadcrumb","itemListElement":[{"@type":"ListItem","position":1,"name":"Accueil","item":"https:\/\/empow-her.com\/en\/landing-page\/"},{"@type":"ListItem","position":2,"name":"LA BOUTIQUE","item":"https:\/\/empow-her.com\/boutique\/"},{"@type":"ListItem","position":3,"name":"Booty Therapy !"}]},{"@type":"WebSite","@id":"https:\/\/empow-her.com\/#website","url":"https:\/\/empow-her.com\/","name":"Empow&#039;Her","description":"Women Development","potentialAction":[{"@type":"SearchAction","target":{"@type":"EntryPoint","urlTemplate":"https:\/\/empow-her.com\/?s={search_term_string}"},"query-input":{"@type":"PropertyValueSpecification","valueRequired":true,"valueName":"search_term_string"}}],"inLanguage":"en-US"}]}},"_links":{"self":[{"href":"https:\/\/empow-her.com\/en\/wp-json\/wp\/v2\/product\/248595","targetHints":{"allow":["GET"]}}],"collection":[{"href":"https:\/\/empow-her.com\/en\/wp-json\/wp\/v2\/product"}],"about":[{"href":"https:\/\/empow-her.com\/en\/wp-json\/wp\/v2\/types\/product"}],"wp:featuredmedia":[{"embeddable":true,"href":"https:\/\/empow-her.com\/en\/wp-json\/wp\/v2\/media\/248603"}],"wp:attachment":[{"href":"https:\/\/empow-her.com\/en\/wp-json\/wp\/v2\/media?parent=248595"}],"wp:term":[{"taxonomy":"product_brand","embeddable":true,"href":"https:\/\/empow-her.com\/en\/wp-json\/wp\/v2\/product_brand?post=248595"},{"taxonomy":"product_cat","embeddable":true,"href":"https:\/\/empow-her.com\/en\/wp-json\/wp\/v2\/product_cat?post=248595"},{"taxonomy":"product_tag","embeddable":true,"href":"https:\/\/empow-her.com\/en\/wp-json\/wp\/v2\/product_tag?post=248595"},{"taxonomy":"lieu","embeddable":true,"href":"https:\/\/empow-her.com\/en\/wp-json\/wp\/v2\/lieu?post=248595"},{"taxonomy":"thematiques","embeddable":true,"href":"https:\/\/empow-her.com\/en\/wp-json\/wp\/v2\/thematiques?post=248595"}],"curies":[{"name":"wp","href":"https:\/\/api.w.org\/{rel}","templated":true}]}}