{"id":248569,"date":"2024-04-24T10:35:57","date_gmt":"2024-04-24T08:35:57","guid":{"rendered":"https:\/\/empow-her.com\/?post_type=product&#038;p=248569"},"modified":"2024-05-06T12:00:52","modified_gmt":"2024-05-06T10:00:52","slug":"table-ronde-ecofeminisme","status":"publish","type":"product","link":"https:\/\/empow-her.com\/en\/produit\/table-ronde-ecofeminisme\/","title":{"rendered":"Table ronde : L&#8217;\u00e9cof\u00e9minisme au quotidien avec Ecof\u00e9mina"},"content":{"rendered":"<div id=\":1by\" class=\"Ar Au Ao\">\n<div id=\":19r\" class=\"Am aiL Al editable LW-avf tS-tW tS-tY\" tabindex=\"1\" role=\"textbox\" contenteditable=\"true\" spellcheck=\"false\" aria-label=\"Corps du message\" aria-multiline=\"true\" aria-owns=\":1hf\" aria-controls=\":1hf\" aria-expanded=\"false\">\n<p>L&#8217;<a href=\"https:\/\/lecoconsolidaire.fr\/\" target=\"_blank\" rel=\"noopener\" data-saferedirecturl=\"https:\/\/www.google.com\/url?q=https:\/\/lecoconsolidaire.fr\/&amp;source=gmail&amp;ust=1714034233887000&amp;usg=AOvVaw1QusQ1rJKczp31bNBerCVH\">EcoF\u00e9mina<\/a>, une association \u00e9cof\u00e9ministe lyonnaise, vous convie \u00e0 une table ronde exceptionnelle sur l&#8217;\u00e9cof\u00e9minisme au quotidien chez Sist&#8217;Her Paris.<\/p>\n<p>Durant cet \u00e9v\u00e9nement, <strong>vous aurez l&#8217;opportunit\u00e9 d&#8217;\u00e9couter et d&#8217;\u00e9changer avec des femmes entrepreneures, influenceuses, politiques et artistes<\/strong> qui ont int\u00e9gr\u00e9 les valeurs de l&#8217;\u00e9cof\u00e9minisme dans leur activit\u00e9 professionnelle et artistique. Elles partageront avec vous <strong>leurs parcours, leurs astuces, leurs d\u00e9fis et les difficult\u00e9s rencontr\u00e9es en tant qu&#8217;\u00e9cof\u00e9ministes<\/strong> dans leur domaine respectif.<\/p>\n<p>Cette table ronde a pour objectif de sensibiliser et d&#8217;inspirer les participant.e.s \u00e0 adopter un mode de vie et de travail en harmonie avec les principes de l&#8217;\u00e9cof\u00e9minisme.<\/p>\n<p>L&#8217;\u00e9v\u00e9nement se d\u00e9roule en deux parties :<\/p>\n<p>&#x1f449;&#x1f3fd;La table ronde suivi d&#8217;un temps de questions\/r\u00e9ponses<\/p>\n<p>Avec <strong>L\u00e9a Letellier et Hawa Tour\u00e9<\/strong>, fondatrices de <a href=\"https:\/\/www.lescheffes.fr\/\">Cheffes<\/a><\/p>\n<p><strong>Sol\u00e8ne Ducretot<\/strong>, \u00a0journaliste et militante \u00e9cof\u00e9ministe<\/p>\n<p>&#x1f449;&#x1f3fd;Un en-cas partag\u00e9 et informel pour rencontrer les autres participant.e.s<\/p>\n<p>Nous vous donnons rendez-vous pour un apr\u00e8s-midi riche en \u00e9changes et en partage d&#8217;exp\u00e9riences, dans un cadre propice \u00e0 la r\u00e9flexion et \u00e0 l&#8217;engagement pour un monde plus respectueux de la plan\u00e8te et de ses habitant.e.s. &#x1f30d;&#x1f49c;<\/p>\n<p>Restez connect\u00e9.e.s pour plus d&#8217;informations sur les intervenantes et le d\u00e9roulement de l&#8217;apr\u00e8s-midi. Nous avons h\u00e2te de vous retrouver pour cet \u00e9v\u00e9nement engag\u00e9 et inspirant!<\/p>\n<h3>Infos pratiques :<\/h3>\n<p>&#x1f4c5;Mercredi 5 juin 2024<br \/>\n&#x231a;De 14h00 \u00e0 17h00<br \/>\n&#x1f39f;&#xfe0f;Inscription gratuite obligatoire<br \/>\n&#x1f4cd;Chez <a href=\"https:\/\/www.instagram.com\/sisther.paris\/\" target=\"_blank\" rel=\"noopener\" data-saferedirecturl=\"https:\/\/www.google.com\/url?q=https:\/\/www.instagram.com\/sisther.paris\/&amp;source=gmail&amp;ust=1714034233887000&amp;usg=AOvVaw08ahvkETuiWXqpA19bbf36\">Sist\u2019Her<\/a>, 82 rue du Faubourg St-Martin, 75010 Paris<\/p>\n<p>&nbsp;<\/p>\n<p>Ouvert en mars 2021 par l\u2019ONG\u00a0<a href=\"https:\/\/empow-her.com\/\" target=\"_blank\" rel=\"noopener\" data-saferedirecturl=\"https:\/\/www.google.com\/url?q=https:\/\/empow-her.com\/&amp;source=gmail&amp;ust=1714034233887000&amp;usg=AOvVaw1LHBXoB0Xn5KEfgA0b3_JW\">Empow\u2019Her<\/a>, Sist\u2019Her Paris est un espace de partage et de cr\u00e9ation f\u00e9ministe, accessible \u00e0 tous.tes, d\u00e9di\u00e9 \u00e0 l\u2019\u00e9criture collective d\u2019un nouveau narratif entrepreneurial et \u00e0 l\u2019outillage des combats pour des soci\u00e9t\u00e9s plus justes, durables et \u00e9galitaires.<\/p>\n<\/div>\n<\/div>\n","protected":false},"excerpt":{"rendered":"<p>L&#8217;<a href=\"https:\/\/lecoconsolidaire.fr\/\" target=\"_blank\" rel=\"noopener\" data-saferedirecturl=\"https:\/\/www.google.com\/url?q=https:\/\/lecoconsolidaire.fr\/&amp;source=gmail&amp;ust=1714034233887000&amp;usg=AOvVaw1QusQ1rJKczp31bNBerCVH\">EcoF\u00e9mina<\/a>, une association \u00e9cof\u00e9ministe lyonnaise, vous convie \u00e0 une table ronde exceptionnelle sur l&#8217;\u00e9cof\u00e9minisme au quotidien chez Sist&#8217;Her Paris.<\/p>\n<p>Durant cet \u00e9v\u00e9nement, <strong>vous aurez l&#8217;opportunit\u00e9 d&#8217;\u00e9couter et d&#8217;\u00e9changer avec des femmes entrepreneures, influenceuses, politiques et artistes<\/strong> qui ont int\u00e9gr\u00e9 les valeurs de l&#8217;\u00e9cof\u00e9minisme dans leur activit\u00e9 professionnelle et artistique. Elles partageront avec vous <strong>leurs parcours, leurs astuces, leurs d\u00e9fis et les difficult\u00e9s rencontr\u00e9es en tant qu&#8217;\u00e9cof\u00e9ministes<\/strong> dans leur domaine respectif.<\/p>\n<p>Cette table ronde a pour objectif de sensibiliser et d&#8217;inspirer les participant.e.s \u00e0 adopter un mode de vie et de travail en harmonie avec les principes de l&#8217;\u00e9cof\u00e9minisme.<\/p>\n<p>L&#8217;\u00e9v\u00e9nement se d\u00e9roule en deux parties :<\/p>\n<p>&#x1f449;&#x1f3fd;La table ronde suivi d&#8217;un temps de questions\/r\u00e9ponses<\/p>\n<p>Avec <strong>L\u00e9a Letellier et Hawa Tour\u00e9<\/strong>, fondatrices de <a href=\"https:\/\/www.lescheffes.fr\/\">Cheffes<\/a><\/p>\n<p><strong>Sol\u00e8ne Ducretot<\/strong>, \u00a0journaliste et militante \u00e9cof\u00e9ministe<\/p>\n<p><strong><a href=\"https:\/\/www.instagram.com\/melissacamara.lille\/\">M\u00e9lissa Camara<\/a>, <\/strong>Conseill\u00e8re municipale de Lille, membre du bureau ex\u00e9cutif des <a href=\"https:\/\/www.instagram.com\/eelvfr\/\">\u00c9cologistes<\/a>. Son militantisme \u00e9cologiste s&#8217;inscrit dans les luttes pour la justice environnementale.<\/p>\n<p>&#x1f449;&#x1f3fd;Un en-cas partag\u00e9 et informel pour rencontrer les autres participant.e.s<\/p>\n<p>Nous vous donnons rendez-vous pour un apr\u00e8s-midi riche en \u00e9changes et en partage d&#8217;exp\u00e9riences, dans un cadre propice \u00e0 la r\u00e9flexion et \u00e0 l&#8217;engagement pour un monde plus respectueux de la plan\u00e8te et de ses habitant.e.s. &#x1f30d;&#x1f49c;<\/p>\n<p>Restez connect\u00e9.e.s pour plus d&#8217;informations sur les intervenantes et le d\u00e9roulement de l&#8217;apr\u00e8s-midi. Nous avons h\u00e2te de vous retrouver pour cet \u00e9v\u00e9nement engag\u00e9 et inspirant!<\/p>\n<h3>Infos pratiques :<\/h3>\n<p>&#x1f4c5;Mercredi 5 juin<br \/>\n&#x231a;De 14h00 \u00e0 17h00<br \/>\n&#x1f39f;&#xfe0f;Inscription gratuite obligatoire<br \/>\n&#x1f4cd;Chez <a href=\"https:\/\/www.instagram.com\/sisther.paris\/\" target=\"_blank\" rel=\"noopener\" data-saferedirecturl=\"https:\/\/www.google.com\/url?q=https:\/\/www.instagram.com\/sisther.paris\/&amp;source=gmail&amp;ust=1714034233887000&amp;usg=AOvVaw08ahvkETuiWXqpA19bbf36\">Sist\u2019Her<\/a>, 82 rue du Faubourg St-Martin, 75010 Paris<\/p>\n<p>&nbsp;<\/p>\n<p>Ouvert en mars 2021 par l\u2019ONG\u00a0<a href=\"https:\/\/empow-her.com\/\" target=\"_blank\" rel=\"noopener\" data-saferedirecturl=\"https:\/\/www.google.com\/url?q=https:\/\/empow-her.com\/&amp;source=gmail&amp;ust=1714034233887000&amp;usg=AOvVaw1LHBXoB0Xn5KEfgA0b3_JW\">Empow\u2019Her<\/a>, Sist\u2019Her Paris est un espace de partage et de cr\u00e9ation f\u00e9ministe, accessible \u00e0 tous.tes, d\u00e9di\u00e9 \u00e0 l\u2019\u00e9criture collective d\u2019un nouveau narratif entrepreneurial et \u00e0 l\u2019outillage des combats pour des soci\u00e9t\u00e9s plus justes, durables et \u00e9galitaires.<\/p>\n","protected":false},"featured_media":248648,"template":"","format":"standard","meta":{"_acf_changed":false,"om_disable_all_campaigns":false,"_uf_show_specific_survey":0,"_uf_disable_surveys":false},"product_brand":[],"product_cat":[119],"product_tag":[],"lieu":[127],"thematiques":[],"class_list":{"0":"post-248569","1":"product","2":"type-product","3":"status-publish","4":"format-standard","5":"has-post-thumbnail","7":"product_cat-evenement-sisther","8":"lieu-hub-empowher","10":"first","11":"instock","12":"virtual","13":"purchasable","14":"product-type-appointment"},"exclude_global_add_ons":[],"addons":[],"acf":[],"yoast_head":"<!-- This site is optimized with the Yoast SEO plugin v24.8 - https:\/\/yoast.com\/wordpress\/plugins\/seo\/ -->\n<title>Table ronde sur l&#039;\u00e9cof\u00e9minisme au quotidien<\/title>\n<meta name=\"description\" content=\"Le 5 juin \u00e0 l&#039;occasion de la journ\u00e9e mondiale de l&#039;environnement assistez \u00e0 une table ronde sur l&#039;\u00e9cof\u00e9minisme avec Ecof\u00e9mina chez Sist&#039;Her Paris !\" \/>\n<meta name=\"robots\" content=\"index, follow, max-snippet:-1, max-image-preview:large, max-video-preview:-1\" \/>\n<link rel=\"canonical\" href=\"https:\/\/empow-her.com\/en\/produit\/table-ronde-ecofeminisme\/\" \/>\n<meta property=\"og:locale\" content=\"en_US\" \/>\n<meta property=\"og:type\" content=\"article\" \/>\n<meta property=\"og:title\" content=\"Table ronde sur l&#039;\u00e9cof\u00e9minisme au quotidien\" \/>\n<meta property=\"og:description\" content=\"Le 5 juin \u00e0 l&#039;occasion de la journ\u00e9e mondiale de l&#039;environnement assistez \u00e0 une table ronde sur l&#039;\u00e9cof\u00e9minisme avec Ecof\u00e9mina chez Sist&#039;Her Paris !\" \/>\n<meta property=\"og:url\" content=\"https:\/\/empow-her.com\/en\/produit\/table-ronde-ecofeminisme\/\" \/>\n<meta property=\"og:site_name\" content=\"Empow&#039;Her\" \/>\n<meta property=\"article:modified_time\" content=\"2024-05-06T10:00:52+00:00\" \/>\n<meta property=\"og:image\" content=\"https:\/\/empow-her.com\/wp-content\/uploads\/2024\/04\/shetalks-economie-circulaire-8.png\" \/>\n\t<meta property=\"og:image:width\" content=\"1080\" \/>\n\t<meta property=\"og:image:height\" content=\"1080\" \/>\n\t<meta property=\"og:image:type\" content=\"image\/png\" \/>\n<meta name=\"twitter:card\" content=\"summary_large_image\" \/>\n<meta name=\"twitter:label1\" content=\"Est. reading time\" \/>\n\t<meta name=\"twitter:data1\" content=\"2 minutes\" \/>\n<script type=\"application\/ld+json\" class=\"yoast-schema-graph\">{\"@context\":\"https:\/\/schema.org\",\"@graph\":[{\"@type\":\"WebPage\",\"@id\":\"https:\/\/empow-her.com\/en\/produit\/table-ronde-ecofeminisme\/\",\"url\":\"https:\/\/empow-her.com\/en\/produit\/table-ronde-ecofeminisme\/\",\"name\":\"Table ronde sur l'\u00e9cof\u00e9minisme au quotidien\",\"isPartOf\":{\"@id\":\"https:\/\/empow-her.com\/#website\"},\"primaryImageOfPage\":{\"@id\":\"https:\/\/empow-her.com\/en\/produit\/table-ronde-ecofeminisme\/#primaryimage\"},\"image\":{\"@id\":\"https:\/\/empow-her.com\/en\/produit\/table-ronde-ecofeminisme\/#primaryimage\"},\"thumbnailUrl\":\"https:\/\/empow-her.com\/wp-content\/uploads\/2024\/04\/shetalks-economie-circulaire-8.png\",\"datePublished\":\"2024-04-24T08:35:57+00:00\",\"dateModified\":\"2024-05-06T10:00:52+00:00\",\"description\":\"Le 5 juin \u00e0 l'occasion de la journ\u00e9e mondiale de l'environnement assistez \u00e0 une table ronde sur l'\u00e9cof\u00e9minisme avec Ecof\u00e9mina chez Sist'Her Paris !\",\"breadcrumb\":{\"@id\":\"https:\/\/empow-her.com\/en\/produit\/table-ronde-ecofeminisme\/#breadcrumb\"},\"inLanguage\":\"en-US\",\"potentialAction\":[{\"@type\":\"ReadAction\",\"target\":[\"https:\/\/empow-her.com\/en\/produit\/table-ronde-ecofeminisme\/\"]}]},{\"@type\":\"ImageObject\",\"inLanguage\":\"en-US\",\"@id\":\"https:\/\/empow-her.com\/en\/produit\/table-ronde-ecofeminisme\/#primaryimage\",\"url\":\"https:\/\/empow-her.com\/wp-content\/uploads\/2024\/04\/shetalks-economie-circulaire-8.png\",\"contentUrl\":\"https:\/\/empow-her.com\/wp-content\/uploads\/2024\/04\/shetalks-economie-circulaire-8.png\",\"width\":1080,\"height\":1080},{\"@type\":\"BreadcrumbList\",\"@id\":\"https:\/\/empow-her.com\/en\/produit\/table-ronde-ecofeminisme\/#breadcrumb\",\"itemListElement\":[{\"@type\":\"ListItem\",\"position\":1,\"name\":\"Accueil\",\"item\":\"https:\/\/empow-her.com\/en\/landing-page\/\"},{\"@type\":\"ListItem\",\"position\":2,\"name\":\"LA BOUTIQUE\",\"item\":\"https:\/\/empow-her.com\/boutique\/\"},{\"@type\":\"ListItem\",\"position\":3,\"name\":\"Table ronde : L&#8217;\u00e9cof\u00e9minisme au quotidien avec Ecof\u00e9mina\"}]},{\"@type\":\"WebSite\",\"@id\":\"https:\/\/empow-her.com\/#website\",\"url\":\"https:\/\/empow-her.com\/\",\"name\":\"Empow&#039;Her\",\"description\":\"Women Development\",\"potentialAction\":[{\"@type\":\"SearchAction\",\"target\":{\"@type\":\"EntryPoint\",\"urlTemplate\":\"https:\/\/empow-her.com\/?s={search_term_string}\"},\"query-input\":{\"@type\":\"PropertyValueSpecification\",\"valueRequired\":true,\"valueName\":\"search_term_string\"}}],\"inLanguage\":\"en-US\"}]}<\/script>\n<!-- \/ Yoast SEO plugin. -->","yoast_head_json":{"title":"Table ronde sur l'\u00e9cof\u00e9minisme au quotidien","description":"Le 5 juin \u00e0 l'occasion de la journ\u00e9e mondiale de l'environnement assistez \u00e0 une table ronde sur l'\u00e9cof\u00e9minisme avec Ecof\u00e9mina chez Sist'Her Paris !","robots":{"index":"index","follow":"follow","max-snippet":"max-snippet:-1","max-image-preview":"max-image-preview:large","max-video-preview":"max-video-preview:-1"},"canonical":"https:\/\/empow-her.com\/en\/produit\/table-ronde-ecofeminisme\/","og_locale":"en_US","og_type":"article","og_title":"Table ronde sur l'\u00e9cof\u00e9minisme au quotidien","og_description":"Le 5 juin \u00e0 l'occasion de la journ\u00e9e mondiale de l'environnement assistez \u00e0 une table ronde sur l'\u00e9cof\u00e9minisme avec Ecof\u00e9mina chez Sist'Her Paris !","og_url":"https:\/\/empow-her.com\/en\/produit\/table-ronde-ecofeminisme\/","og_site_name":"Empow&#039;Her","article_modified_time":"2024-05-06T10:00:52+00:00","og_image":[{"width":1080,"height":1080,"url":"https:\/\/empow-her.com\/wp-content\/uploads\/2024\/04\/shetalks-economie-circulaire-8.png","type":"image\/png"}],"twitter_card":"summary_large_image","twitter_misc":{"Est. reading time":"2 minutes"},"schema":{"@context":"https:\/\/schema.org","@graph":[{"@type":"WebPage","@id":"https:\/\/empow-her.com\/en\/produit\/table-ronde-ecofeminisme\/","url":"https:\/\/empow-her.com\/en\/produit\/table-ronde-ecofeminisme\/","name":"Table ronde sur l'\u00e9cof\u00e9minisme au quotidien","isPartOf":{"@id":"https:\/\/empow-her.com\/#website"},"primaryImageOfPage":{"@id":"https:\/\/empow-her.com\/en\/produit\/table-ronde-ecofeminisme\/#primaryimage"},"image":{"@id":"https:\/\/empow-her.com\/en\/produit\/table-ronde-ecofeminisme\/#primaryimage"},"thumbnailUrl":"https:\/\/empow-her.com\/wp-content\/uploads\/2024\/04\/shetalks-economie-circulaire-8.png","datePublished":"2024-04-24T08:35:57+00:00","dateModified":"2024-05-06T10:00:52+00:00","description":"Le 5 juin \u00e0 l'occasion de la journ\u00e9e mondiale de l'environnement assistez \u00e0 une table ronde sur l'\u00e9cof\u00e9minisme avec Ecof\u00e9mina chez Sist'Her Paris !","breadcrumb":{"@id":"https:\/\/empow-her.com\/en\/produit\/table-ronde-ecofeminisme\/#breadcrumb"},"inLanguage":"en-US","potentialAction":[{"@type":"ReadAction","target":["https:\/\/empow-her.com\/en\/produit\/table-ronde-ecofeminisme\/"]}]},{"@type":"ImageObject","inLanguage":"en-US","@id":"https:\/\/empow-her.com\/en\/produit\/table-ronde-ecofeminisme\/#primaryimage","url":"https:\/\/empow-her.com\/wp-content\/uploads\/2024\/04\/shetalks-economie-circulaire-8.png","contentUrl":"https:\/\/empow-her.com\/wp-content\/uploads\/2024\/04\/shetalks-economie-circulaire-8.png","width":1080,"height":1080},{"@type":"BreadcrumbList","@id":"https:\/\/empow-her.com\/en\/produit\/table-ronde-ecofeminisme\/#breadcrumb","itemListElement":[{"@type":"ListItem","position":1,"name":"Accueil","item":"https:\/\/empow-her.com\/en\/landing-page\/"},{"@type":"ListItem","position":2,"name":"LA BOUTIQUE","item":"https:\/\/empow-her.com\/boutique\/"},{"@type":"ListItem","position":3,"name":"Table ronde : L&#8217;\u00e9cof\u00e9minisme au quotidien avec Ecof\u00e9mina"}]},{"@type":"WebSite","@id":"https:\/\/empow-her.com\/#website","url":"https:\/\/empow-her.com\/","name":"Empow&#039;Her","description":"Women Development","potentialAction":[{"@type":"SearchAction","target":{"@type":"EntryPoint","urlTemplate":"https:\/\/empow-her.com\/?s={search_term_string}"},"query-input":{"@type":"PropertyValueSpecification","valueRequired":true,"valueName":"search_term_string"}}],"inLanguage":"en-US"}]}},"_links":{"self":[{"href":"https:\/\/empow-her.com\/en\/wp-json\/wp\/v2\/product\/248569","targetHints":{"allow":["GET"]}}],"collection":[{"href":"https:\/\/empow-her.com\/en\/wp-json\/wp\/v2\/product"}],"about":[{"href":"https:\/\/empow-her.com\/en\/wp-json\/wp\/v2\/types\/product"}],"wp:featuredmedia":[{"embeddable":true,"href":"https:\/\/empow-her.com\/en\/wp-json\/wp\/v2\/media\/248648"}],"wp:attachment":[{"href":"https:\/\/empow-her.com\/en\/wp-json\/wp\/v2\/media?parent=248569"}],"wp:term":[{"taxonomy":"product_brand","embeddable":true,"href":"https:\/\/empow-her.com\/en\/wp-json\/wp\/v2\/product_brand?post=248569"},{"taxonomy":"product_cat","embeddable":true,"href":"https:\/\/empow-her.com\/en\/wp-json\/wp\/v2\/product_cat?post=248569"},{"taxonomy":"product_tag","embeddable":true,"href":"https:\/\/empow-her.com\/en\/wp-json\/wp\/v2\/product_tag?post=248569"},{"taxonomy":"lieu","embeddable":true,"href":"https:\/\/empow-her.com\/en\/wp-json\/wp\/v2\/lieu?post=248569"},{"taxonomy":"thematiques","embeddable":true,"href":"https:\/\/empow-her.com\/en\/wp-json\/wp\/v2\/thematiques?post=248569"}],"curies":[{"name":"wp","href":"https:\/\/api.w.org\/{rel}","templated":true}]}}