{"id":247787,"date":"2024-03-18T16:39:23","date_gmt":"2024-03-18T15:39:23","guid":{"rendered":"https:\/\/empow-her.com\/?post_type=product&#038;p=247787"},"modified":"2024-03-18T17:04:24","modified_gmt":"2024-03-18T16:04:24","slug":"la-kermesse-des-ist-par-le-planning-familial","status":"publish","type":"product","link":"https:\/\/empow-her.com\/en\/produit\/la-kermesse-des-ist-par-le-planning-familial\/","title":{"rendered":"La Kermesse des IST par le Planning Familial"},"content":{"rendered":"<h3><strong>Une kermesse pour papoter des IST ? Le Planning Familial l&#8217;a fait !<\/strong> &#x1f389;<\/h3>\n<p>Viens d\u00e9couvrir le <a href=\"https:\/\/www.planning-familial.org\/fr\">Planning Familial<\/a> et sa derni\u00e8re campagne #D\u00e9pistez-LesToutes, port\u00e9e par et pour les jeunes, pour un meilleur acc\u00e8s \u00e0 l&#8217;information, la protection et la pr\u00e9vention des IST.<\/p>\n<p>Cette campagne, qui a v\u00e9cu plusieurs mois sur Instagram et en festivals, s&#8217;est bas\u00e9e sur le rapport du Planning familial &#8220;Jeunes expos\u00e9\u00b7es aux infections sexuellement transmissibles : s&#8217;informer et se mobiliser&#8221;. &#x270f;&#xfe0f;<\/p>\n<p>\u00c0 travers divers jeux cr\u00e9\u00e9s et anim\u00e9s par les Jeunes Militant\u00b7es du Planning Familial, <strong>viens en apprendre plus sur cette campagne tout en te challengeant pour remporter des tickets de tombola &#8211; et peut-\u00eatre m\u00eame le gros lot ?<\/strong><\/p>\n<p>&nbsp;<\/p>\n<h3>Au programme :<\/h3>\n<p>&#x1f388; Le stand de pr\u00e9vention du Planning avec entre autre stickers et mini-jeux<br \/>\n&#x1f3b2; Des jeux pour mesurer ses connaissances : quiz, chamboul&#8217;tout, bingo, time&#8217;s up et taboo, le tout autour des relations et des IST<br \/>\n&#x1f5e3;&#xfe0f; Cl\u00f4ture de la soir\u00e9e avec la pr\u00e9sentation du rapport&#8230;<br \/>\n&#x1f381; &#8230; et l&#8217;annonce des gagnant\u00b7es !<\/p>\n<p>&nbsp;<\/p>\n<h3>Un \u00e9v\u00e9nement organis\u00e9 par Le Planning Familial :<\/h3>\n<p>L&#8217;association f\u00e9ministe d\u2019\u00e9ducation populaire qui milite depuis 60 ans pour l\u2019\u00e9galit\u00e9 femmes\/hommes et le droit de vivre une sexualit\u00e9 \u00e9panouie. Le Planning Familial <strong>d\u00e9fend le droit \u00e0 l\u2019\u00e9ducation \u00e0 la sexualit\u00e9, \u00e0 la contraception, \u00e0 l\u2019IVG et lutte contre les violences et les discriminations<\/strong>. On peut retrouver dans 80 d\u00e9partements ses lieux d\u2019accueil, de r\u00e9flexion et de mobilisation en mati\u00e8re de sant\u00e9 sexuelle.<\/p>\n<p>&nbsp;<\/p>\n<p>&nbsp;<\/p>\n<h5><strong>Qui remportera le plus de tickets lors du bingo des IST ? Auras-tu toutes les r\u00e9ponses lors du Questions pour Un\u00b7e Champion\u00b7ne ? &#x1f3c6;<\/strong><\/h5>\n<p>&nbsp;<\/p>\n<h3>Infos pratiques :<\/h3>\n<p>&#x1f4c6; Jeudi 11 avril 2024<br \/>\n&#x231b;&#xfe0f; De 18h00 \u00e0 20h00<br \/>\n&#x1f516; Inscription gratuite obligatoire<br \/>\n&#x1f4cd; Chez <a href=\"https:\/\/www.instagram.com\/sisther.paris\/\">Sist\u2019Her<\/a>, 82 rue du Faubourg St-Martin, 75010 Paris<\/p>\n<p>&nbsp;<\/p>\n<p>Ouvert en mars 2021 par l\u2019ONG\u00a0<a href=\"https:\/\/empow-her.com\/\">Empow\u2019Her<\/a>, Sist\u2019Her Paris est un espace de partage et de cr\u00e9ation f\u00e9ministe, accessible \u00e0 tous.tes, d\u00e9di\u00e9 \u00e0 l\u2019\u00e9criture collective d\u2019un nouveau narratif entrepreneurial et \u00e0 l\u2019outillage des combats pour des soci\u00e9t\u00e9s plus justes, durables et \u00e9galitaires.<\/p>\n<p>&nbsp;<\/p>\n<p>On a h\u00e2te de vous retrouver ! &#x2728;<\/p>\n","protected":false},"excerpt":{"rendered":"<h3><strong>Une kermesse pour papoter des IST ? Le Planning Familial l&#8217;a fait !<\/strong> &#x1f389;<\/h3>\n<p>&nbsp;<\/p>\n<p>Viens d\u00e9couvrir le <a href=\"https:\/\/www.planning-familial.org\/fr\">Planning Familial<\/a> et sa derni\u00e8re campagne #D\u00e9pistez-LesToutes, port\u00e9e par et pour les jeunes, pour un meilleur acc\u00e8s \u00e0 l&#8217;information, la protection et la pr\u00e9vention des IST.<\/p>\n<p>Cette campagne, qui a v\u00e9cu plusieurs mois sur Instagram et en festivals, s&#8217;est bas\u00e9e sur le rapport du Planning familial &#8220;Jeunes expos\u00e9\u00b7es aux infections sexuellement transmissibles : s&#8217;informer et se mobiliser&#8221;. &#x270f;&#xfe0f;<\/p>\n<p>\u00c0 travers divers jeux cr\u00e9\u00e9s et anim\u00e9s par les Jeunes Militant\u00b7es du Planning Familial, <strong>viens en apprendre plus sur cette campagne tout en te challengeant pour remporter des tickets de tombola &#8211; et peut-\u00eatre m\u00eame le gros lot ?<\/strong><\/p>\n<p>&nbsp;<\/p>\n<h3>Au programme :<\/h3>\n<p>&#x1f388; Le stand de pr\u00e9vention du Planning avec entre autre stickers et mini-jeux<br \/>\n&#x1f3b2; Des jeux pour mesurer ses connaissances : quiz, chamboul&#8217;tout, bingo, time&#8217;s up et taboo, le tout autour des relations et des IST<br \/>\n&#x1f5e3;&#xfe0f; Cl\u00f4ture de la soir\u00e9e avec la pr\u00e9sentation du rapport&#8230;<br \/>\n&#x1f381; &#8230; et l&#8217;annonce des gagnant\u00b7es !<\/p>\n<p>&nbsp;<\/p>\n<h3>Un \u00e9v\u00e9nement organis\u00e9 par Le Planning Familial :<\/h3>\n<p>L&#8217;association f\u00e9ministe d\u2019\u00e9ducation populaire qui milite depuis 60 ans pour l\u2019\u00e9galit\u00e9 femmes\/hommes et le droit de vivre une sexualit\u00e9 \u00e9panouie. Le Planning Familial <strong>d\u00e9fend le droit \u00e0 l\u2019\u00e9ducation \u00e0 la sexualit\u00e9, \u00e0 la contraception, \u00e0 l\u2019IVG et lutte contre les violences et les discriminations<\/strong>. On peut retrouver dans 80 d\u00e9partements ses lieux d\u2019accueil, de r\u00e9flexion et de mobilisation en mati\u00e8re de sant\u00e9 sexuelle.<\/p>\n<p>&nbsp;<\/p>\n<p>&nbsp;<\/p>\n<h5><strong>Qui remportera le plus de tickets lors du bingo des IST ? Auras-tu toutes les r\u00e9ponses lors du Questions pour Un\u00b7e Champion\u00b7ne ? &#x1f3c6;<\/strong><\/h5>\n<p>&nbsp;<\/p>\n<h3>Infos pratiques :<\/h3>\n<p>&#x1f4c6; Jeudi 11 avril 2024<br \/>\n&#x231b;&#xfe0f; De 18h00 \u00e0 20h00<br \/>\n&#x1f516; Inscription gratuite obligatoire<br \/>\n&#x1f4cd; Chez <a href=\"https:\/\/www.instagram.com\/sisther.paris\/\">Sist\u2019Her<\/a>, 82 rue du Faubourg St-Martin, 75010 Paris<\/p>\n<p>&nbsp;<\/p>\n<p>Ouvert en mars 2021 par l\u2019ONG\u00a0<a href=\"https:\/\/empow-her.com\/\">Empow\u2019Her<\/a>, Sist\u2019Her Paris est un espace de partage et de cr\u00e9ation f\u00e9ministe, accessible \u00e0 tous.tes, d\u00e9di\u00e9 \u00e0 l\u2019\u00e9criture collective d\u2019un nouveau narratif entrepreneurial et \u00e0 l\u2019outillage des combats pour des soci\u00e9t\u00e9s plus justes, durables et \u00e9galitaires.<\/p>\n<p>&nbsp;<\/p>\n<p>On a h\u00e2te de vous retrouver ! &#x2728;<\/p>\n","protected":false},"featured_media":247789,"template":"","format":"standard","meta":{"_acf_changed":false,"om_disable_all_campaigns":false,"_uf_show_specific_survey":0,"_uf_disable_surveys":false},"product_brand":[],"product_cat":[119],"product_tag":[178],"lieu":[127],"thematiques":[],"class_list":{"0":"post-247787","1":"product","2":"type-product","3":"status-publish","4":"format-standard","5":"has-post-thumbnail","7":"product_cat-evenement-sisther","8":"product_tag-evenement-sisther","9":"lieu-hub-empowher","11":"first","12":"instock","13":"virtual","14":"purchasable","15":"product-type-appointment"},"exclude_global_add_ons":[],"addons":[],"acf":[],"yoast_head":"<!-- This site is optimized with the Yoast SEO plugin v24.8 - https:\/\/yoast.com\/wordpress\/plugins\/seo\/ -->\n<title>La Kermesse des IST par le Planning Familial<\/title>\n<meta name=\"description\" content=\"Jeudi 11 avril de 18h \u00e0 20h rendez-vous chez Sist&#039;Her pour d\u00e9couvrir le Planning Familial et sa derni\u00e8re campagne #D\u00e9pistez-LesToutes !\" \/>\n<meta name=\"robots\" content=\"index, follow, max-snippet:-1, max-image-preview:large, max-video-preview:-1\" \/>\n<link rel=\"canonical\" href=\"https:\/\/empow-her.com\/en\/produit\/la-kermesse-des-ist-par-le-planning-familial\/\" \/>\n<meta property=\"og:locale\" content=\"en_US\" \/>\n<meta property=\"og:type\" content=\"article\" \/>\n<meta property=\"og:title\" content=\"La Kermesse des IST par le Planning Familial\" \/>\n<meta property=\"og:description\" content=\"Jeudi 11 avril de 18h \u00e0 20h rendez-vous chez Sist&#039;Her pour d\u00e9couvrir le Planning Familial et sa derni\u00e8re campagne #D\u00e9pistez-LesToutes !\" \/>\n<meta property=\"og:url\" content=\"https:\/\/empow-her.com\/en\/produit\/la-kermesse-des-ist-par-le-planning-familial\/\" \/>\n<meta property=\"og:site_name\" content=\"Empow&#039;Her\" \/>\n<meta property=\"article:modified_time\" content=\"2024-03-18T16:04:24+00:00\" \/>\n<meta property=\"og:image\" content=\"https:\/\/empow-her.com\/wp-content\/uploads\/2024\/03\/shetalks-economie-circulaire-1.png\" \/>\n\t<meta property=\"og:image:width\" content=\"1080\" \/>\n\t<meta property=\"og:image:height\" content=\"1080\" \/>\n\t<meta property=\"og:image:type\" content=\"image\/png\" \/>\n<meta name=\"twitter:card\" content=\"summary_large_image\" \/>\n<meta name=\"twitter:label1\" content=\"Est. reading time\" \/>\n\t<meta name=\"twitter:data1\" content=\"2 minutes\" \/>\n<script type=\"application\/ld+json\" class=\"yoast-schema-graph\">{\"@context\":\"https:\/\/schema.org\",\"@graph\":[{\"@type\":\"WebPage\",\"@id\":\"https:\/\/empow-her.com\/en\/produit\/la-kermesse-des-ist-par-le-planning-familial\/\",\"url\":\"https:\/\/empow-her.com\/en\/produit\/la-kermesse-des-ist-par-le-planning-familial\/\",\"name\":\"La Kermesse des IST par le Planning Familial\",\"isPartOf\":{\"@id\":\"https:\/\/empow-her.com\/#website\"},\"primaryImageOfPage\":{\"@id\":\"https:\/\/empow-her.com\/en\/produit\/la-kermesse-des-ist-par-le-planning-familial\/#primaryimage\"},\"image\":{\"@id\":\"https:\/\/empow-her.com\/en\/produit\/la-kermesse-des-ist-par-le-planning-familial\/#primaryimage\"},\"thumbnailUrl\":\"https:\/\/empow-her.com\/wp-content\/uploads\/2024\/03\/shetalks-economie-circulaire-1.png\",\"datePublished\":\"2024-03-18T15:39:23+00:00\",\"dateModified\":\"2024-03-18T16:04:24+00:00\",\"description\":\"Jeudi 11 avril de 18h \u00e0 20h rendez-vous chez Sist'Her pour d\u00e9couvrir le Planning Familial et sa derni\u00e8re campagne #D\u00e9pistez-LesToutes !\",\"breadcrumb\":{\"@id\":\"https:\/\/empow-her.com\/en\/produit\/la-kermesse-des-ist-par-le-planning-familial\/#breadcrumb\"},\"inLanguage\":\"en-US\",\"potentialAction\":[{\"@type\":\"ReadAction\",\"target\":[\"https:\/\/empow-her.com\/en\/produit\/la-kermesse-des-ist-par-le-planning-familial\/\"]}]},{\"@type\":\"ImageObject\",\"inLanguage\":\"en-US\",\"@id\":\"https:\/\/empow-her.com\/en\/produit\/la-kermesse-des-ist-par-le-planning-familial\/#primaryimage\",\"url\":\"https:\/\/empow-her.com\/wp-content\/uploads\/2024\/03\/shetalks-economie-circulaire-1.png\",\"contentUrl\":\"https:\/\/empow-her.com\/wp-content\/uploads\/2024\/03\/shetalks-economie-circulaire-1.png\",\"width\":1080,\"height\":1080},{\"@type\":\"BreadcrumbList\",\"@id\":\"https:\/\/empow-her.com\/en\/produit\/la-kermesse-des-ist-par-le-planning-familial\/#breadcrumb\",\"itemListElement\":[{\"@type\":\"ListItem\",\"position\":1,\"name\":\"Accueil\",\"item\":\"https:\/\/empow-her.com\/en\/landing-page\/\"},{\"@type\":\"ListItem\",\"position\":2,\"name\":\"LA BOUTIQUE\",\"item\":\"https:\/\/empow-her.com\/boutique\/\"},{\"@type\":\"ListItem\",\"position\":3,\"name\":\"La Kermesse des IST par le Planning Familial\"}]},{\"@type\":\"WebSite\",\"@id\":\"https:\/\/empow-her.com\/#website\",\"url\":\"https:\/\/empow-her.com\/\",\"name\":\"Empow&#039;Her\",\"description\":\"Women Development\",\"potentialAction\":[{\"@type\":\"SearchAction\",\"target\":{\"@type\":\"EntryPoint\",\"urlTemplate\":\"https:\/\/empow-her.com\/?s={search_term_string}\"},\"query-input\":{\"@type\":\"PropertyValueSpecification\",\"valueRequired\":true,\"valueName\":\"search_term_string\"}}],\"inLanguage\":\"en-US\"}]}<\/script>\n<!-- \/ Yoast SEO plugin. -->","yoast_head_json":{"title":"La Kermesse des IST par le Planning Familial","description":"Jeudi 11 avril de 18h \u00e0 20h rendez-vous chez Sist'Her pour d\u00e9couvrir le Planning Familial et sa derni\u00e8re campagne #D\u00e9pistez-LesToutes !","robots":{"index":"index","follow":"follow","max-snippet":"max-snippet:-1","max-image-preview":"max-image-preview:large","max-video-preview":"max-video-preview:-1"},"canonical":"https:\/\/empow-her.com\/en\/produit\/la-kermesse-des-ist-par-le-planning-familial\/","og_locale":"en_US","og_type":"article","og_title":"La Kermesse des IST par le Planning Familial","og_description":"Jeudi 11 avril de 18h \u00e0 20h rendez-vous chez Sist'Her pour d\u00e9couvrir le Planning Familial et sa derni\u00e8re campagne #D\u00e9pistez-LesToutes !","og_url":"https:\/\/empow-her.com\/en\/produit\/la-kermesse-des-ist-par-le-planning-familial\/","og_site_name":"Empow&#039;Her","article_modified_time":"2024-03-18T16:04:24+00:00","og_image":[{"width":1080,"height":1080,"url":"https:\/\/empow-her.com\/wp-content\/uploads\/2024\/03\/shetalks-economie-circulaire-1.png","type":"image\/png"}],"twitter_card":"summary_large_image","twitter_misc":{"Est. reading time":"2 minutes"},"schema":{"@context":"https:\/\/schema.org","@graph":[{"@type":"WebPage","@id":"https:\/\/empow-her.com\/en\/produit\/la-kermesse-des-ist-par-le-planning-familial\/","url":"https:\/\/empow-her.com\/en\/produit\/la-kermesse-des-ist-par-le-planning-familial\/","name":"La Kermesse des IST par le Planning Familial","isPartOf":{"@id":"https:\/\/empow-her.com\/#website"},"primaryImageOfPage":{"@id":"https:\/\/empow-her.com\/en\/produit\/la-kermesse-des-ist-par-le-planning-familial\/#primaryimage"},"image":{"@id":"https:\/\/empow-her.com\/en\/produit\/la-kermesse-des-ist-par-le-planning-familial\/#primaryimage"},"thumbnailUrl":"https:\/\/empow-her.com\/wp-content\/uploads\/2024\/03\/shetalks-economie-circulaire-1.png","datePublished":"2024-03-18T15:39:23+00:00","dateModified":"2024-03-18T16:04:24+00:00","description":"Jeudi 11 avril de 18h \u00e0 20h rendez-vous chez Sist'Her pour d\u00e9couvrir le Planning Familial et sa derni\u00e8re campagne #D\u00e9pistez-LesToutes !","breadcrumb":{"@id":"https:\/\/empow-her.com\/en\/produit\/la-kermesse-des-ist-par-le-planning-familial\/#breadcrumb"},"inLanguage":"en-US","potentialAction":[{"@type":"ReadAction","target":["https:\/\/empow-her.com\/en\/produit\/la-kermesse-des-ist-par-le-planning-familial\/"]}]},{"@type":"ImageObject","inLanguage":"en-US","@id":"https:\/\/empow-her.com\/en\/produit\/la-kermesse-des-ist-par-le-planning-familial\/#primaryimage","url":"https:\/\/empow-her.com\/wp-content\/uploads\/2024\/03\/shetalks-economie-circulaire-1.png","contentUrl":"https:\/\/empow-her.com\/wp-content\/uploads\/2024\/03\/shetalks-economie-circulaire-1.png","width":1080,"height":1080},{"@type":"BreadcrumbList","@id":"https:\/\/empow-her.com\/en\/produit\/la-kermesse-des-ist-par-le-planning-familial\/#breadcrumb","itemListElement":[{"@type":"ListItem","position":1,"name":"Accueil","item":"https:\/\/empow-her.com\/en\/landing-page\/"},{"@type":"ListItem","position":2,"name":"LA BOUTIQUE","item":"https:\/\/empow-her.com\/boutique\/"},{"@type":"ListItem","position":3,"name":"La Kermesse des IST par le Planning Familial"}]},{"@type":"WebSite","@id":"https:\/\/empow-her.com\/#website","url":"https:\/\/empow-her.com\/","name":"Empow&#039;Her","description":"Women Development","potentialAction":[{"@type":"SearchAction","target":{"@type":"EntryPoint","urlTemplate":"https:\/\/empow-her.com\/?s={search_term_string}"},"query-input":{"@type":"PropertyValueSpecification","valueRequired":true,"valueName":"search_term_string"}}],"inLanguage":"en-US"}]}},"_links":{"self":[{"href":"https:\/\/empow-her.com\/en\/wp-json\/wp\/v2\/product\/247787","targetHints":{"allow":["GET"]}}],"collection":[{"href":"https:\/\/empow-her.com\/en\/wp-json\/wp\/v2\/product"}],"about":[{"href":"https:\/\/empow-her.com\/en\/wp-json\/wp\/v2\/types\/product"}],"wp:featuredmedia":[{"embeddable":true,"href":"https:\/\/empow-her.com\/en\/wp-json\/wp\/v2\/media\/247789"}],"wp:attachment":[{"href":"https:\/\/empow-her.com\/en\/wp-json\/wp\/v2\/media?parent=247787"}],"wp:term":[{"taxonomy":"product_brand","embeddable":true,"href":"https:\/\/empow-her.com\/en\/wp-json\/wp\/v2\/product_brand?post=247787"},{"taxonomy":"product_cat","embeddable":true,"href":"https:\/\/empow-her.com\/en\/wp-json\/wp\/v2\/product_cat?post=247787"},{"taxonomy":"product_tag","embeddable":true,"href":"https:\/\/empow-her.com\/en\/wp-json\/wp\/v2\/product_tag?post=247787"},{"taxonomy":"lieu","embeddable":true,"href":"https:\/\/empow-her.com\/en\/wp-json\/wp\/v2\/lieu?post=247787"},{"taxonomy":"thematiques","embeddable":true,"href":"https:\/\/empow-her.com\/en\/wp-json\/wp\/v2\/thematiques?post=247787"}],"curies":[{"name":"wp","href":"https:\/\/api.w.org\/{rel}","templated":true}]}}