{"id":247187,"date":"2024-03-05T16:40:20","date_gmt":"2024-03-05T15:40:20","guid":{"rendered":"https:\/\/empow-her.com\/?post_type=product&#038;p=247187"},"modified":"2024-03-05T16:45:16","modified_gmt":"2024-03-05T15:45:16","slug":"new-atelier-propriete-intellectuelle-2","status":"publish","type":"product","link":"https:\/\/empow-her.com\/en\/produit\/new-atelier-propriete-intellectuelle-2\/","title":{"rendered":"NEW &#8211; Atelier Propri\u00e9t\u00e9 intellectuelle"},"content":{"rendered":"<p><strong>Objectif : Clarifier les diff\u00e9rents droits de propri\u00e9t\u00e9 intellectuelle et les d\u00e9marches \u00e0 effectuer<\/p>\n<p>Description<\/strong> :<\/p>\n<p><span data-sheets-root=\"1\" data-sheets-value=\"{&quot;1&quot;:2,&quot;2&quot;:&quot;Comment prot\u00e9ger ma marque et la valoriser aupr\u00e8s de mes clients ? Mes Cr\u00e9ations ?\\nNous aborderons les sujets li\u00e9s au droits de propri\u00e9t\u00e9 intellectuelle (le droit d\u2019auteur, le brevet, le savoir-faire, les mod\u00e8les, marque... ) ainsi que les d\u00e9marches \u00e0 mettre en place afin de les pr\u00e9server. Il pr\u00e9sente \u00e9galement les outils n\u00e9cessaires afin d'identifier les droits des tiers et les risques encourus en cas d'exploitation sans droit. Comment prot\u00e9ger ma marque et la valoriser aupr\u00e8s de mes clients mes cr\u00e9ations ? .\\n&quot;}\" data-sheets-userformat=\"{&quot;2&quot;:7043,&quot;3&quot;:{&quot;1&quot;:0},&quot;4&quot;:{&quot;1&quot;:2,&quot;2&quot;:16770457},&quot;10&quot;:1,&quot;11&quot;:4,&quot;12&quot;:0,&quot;14&quot;:{&quot;1&quot;:2,&quot;2&quot;:3450963},&quot;15&quot;:&quot;Hind&quot;}\">Comment prot\u00e9ger ma marque et la valoriser aupr\u00e8s de mes clients ? Mes Cr\u00e9ations ?<br \/>\nNous aborderons les sujets li\u00e9s au droits de propri\u00e9t\u00e9 intellectuelle (le droit d\u2019auteur, le brevet, le savoir-faire, les mod\u00e8les, marque&#8230; ) ainsi que les d\u00e9marches \u00e0 mettre en place afin de les pr\u00e9server. Il pr\u00e9sente \u00e9galement les outils n\u00e9cessaires afin d&#8217;identifier les droits des tiers et les risques encourus en cas d&#8217;exploitation sans droit. Comment prot\u00e9ger ma marque et la valoriser aupr\u00e8s de mes clients mes cr\u00e9ations ?<br \/>\n<\/span><\/p>\n<p><strong>Intervenant.e : Impact Lawyers<\/strong><\/p>\n<p><strong>Pr\u00e9-requis :<\/strong>Pour cet atelier, il est recommand\u00e9 d\u2019avoir d\u00e9j\u00e0 r\u00e9fl\u00e9chi sur la propri\u00e9t\u00e9 intellectuelle du projet et comment la prot\u00e9ger.<\/p>\n<p><strong> Lieu<\/strong> : Sist&#8217;Her Paris, 82 rue du Faubourg Saint-Martin<\/p>\n<p><strong>Attention !<\/strong> Veuillez vous pr\u00e9senter \u00e0 l&#8217;heure pour que l&#8217;activit\u00e9 puisse commencer \u00e0 temps. Si vous avez du retard veuillez pr\u00e9venir l&#8217;intervenant.e. Si vous avez plus de 15 min de retard l&#8217;intervenant.e se r\u00e9serve le droit de ne plus vous accepter pour le coaching ou l&#8217;atelier.<\/p>\n","protected":false},"excerpt":{"rendered":"<p><strong>Objectif : Clarifier les diff\u00e9rents droits de propri\u00e9t\u00e9 intellectuelle et les d\u00e9marches \u00e0 effectuer<\/p>\n<p>Description<\/strong> :<\/p>\n<p><span data-sheets-root=\"1\" data-sheets-value=\"{&quot;1&quot;:2,&quot;2&quot;:&quot;Comment prot\u00e9ger ma marque et la valoriser aupr\u00e8s de mes clients ? Mes Cr\u00e9ations ?\\nNous aborderons les sujets li\u00e9s au droits de propri\u00e9t\u00e9 intellectuelle (le droit d\u2019auteur, le brevet, le savoir-faire, les mod\u00e8les, marque... ) ainsi que les d\u00e9marches \u00e0 mettre en place afin de les pr\u00e9server. Il pr\u00e9sente \u00e9galement les outils n\u00e9cessaires afin d'identifier les droits des tiers et les risques encourus en cas d'exploitation sans droit. Comment prot\u00e9ger ma marque et la valoriser aupr\u00e8s de mes clients mes cr\u00e9ations ? .\\n&quot;}\" data-sheets-userformat=\"{&quot;2&quot;:7043,&quot;3&quot;:{&quot;1&quot;:0},&quot;4&quot;:{&quot;1&quot;:2,&quot;2&quot;:16770457},&quot;10&quot;:1,&quot;11&quot;:4,&quot;12&quot;:0,&quot;14&quot;:{&quot;1&quot;:2,&quot;2&quot;:3450963},&quot;15&quot;:&quot;Hind&quot;}\">Comment prot\u00e9ger ma marque et la valoriser aupr\u00e8s de mes clients ? Mes Cr\u00e9ations ?<br \/>\nNous aborderons les sujets li\u00e9s au droits de propri\u00e9t\u00e9 intellectuelle (le droit d\u2019auteur, le brevet, le savoir-faire, les mod\u00e8les, marque&#8230; ) ainsi que les d\u00e9marches \u00e0 mettre en place afin de les pr\u00e9server. Il pr\u00e9sente \u00e9galement les outils n\u00e9cessaires afin d&#8217;identifier les droits des tiers et les risques encourus en cas d&#8217;exploitation sans droit. Comment prot\u00e9ger ma marque et la valoriser aupr\u00e8s de mes clients mes cr\u00e9ations ?<br \/>\n<\/span><\/p>\n<p><strong>Intervenant.e : Impact Lawyers<\/strong><\/p>\n<p><strong>Pr\u00e9-requis :<\/strong>Pour cet atelier, il est recommand\u00e9 d\u2019avoir d\u00e9j\u00e0 r\u00e9fl\u00e9chi sur la propri\u00e9t\u00e9 intellectuelle du projet et comment la prot\u00e9ger.<\/p>\n<p><strong> Lieu<\/strong> : Sist&#8217;Her Paris, 82 rue du Faubourg Saint-Martin<\/p>\n<p><strong>Attention !<\/strong> Veuillez vous pr\u00e9senter \u00e0 l&#8217;heure pour que l&#8217;activit\u00e9 puisse commencer \u00e0 temps. Si vous avez du retard veuillez pr\u00e9venir l&#8217;intervenant.e. Si vous avez plus de 15 min de retard l&#8217;intervenant.e se r\u00e9serve le droit de ne plus vous accepter pour le coaching ou l&#8217;atelier.<\/p>\n","protected":false},"featured_media":247188,"template":"","format":"standard","meta":{"_acf_changed":false,"om_disable_all_campaigns":false,"_uf_show_specific_survey":0,"_uf_disable_surveys":false},"product_brand":[],"product_cat":[118],"product_tag":[],"lieu":[127],"thematiques":[],"class_list":{"0":"post-247187","1":"product","2":"type-product","3":"status-publish","4":"format-standard","5":"has-post-thumbnail","7":"product_cat-atelier-collectif","8":"lieu-hub-empowher","10":"first","11":"instock","12":"virtual","13":"purchasable","14":"product-type-appointment"},"exclude_global_add_ons":[],"addons":[],"acf":[],"yoast_head":"<!-- This site is optimized with the Yoast SEO plugin v24.8 - https:\/\/yoast.com\/wordpress\/plugins\/seo\/ -->\n<title>NEW - Atelier Propri\u00e9t\u00e9 intellectuelle - Empow&#039;Her<\/title>\n<meta name=\"robots\" content=\"index, follow, max-snippet:-1, max-image-preview:large, max-video-preview:-1\" \/>\n<link rel=\"canonical\" href=\"https:\/\/empow-her.com\/en\/produit\/new-atelier-propriete-intellectuelle-2\/\" \/>\n<meta property=\"og:locale\" content=\"en_US\" \/>\n<meta property=\"og:type\" content=\"article\" \/>\n<meta property=\"og:title\" content=\"NEW - Atelier Propri\u00e9t\u00e9 intellectuelle - Empow&#039;Her\" \/>\n<meta property=\"og:description\" content=\"Objectif : Clarifier les diff\u00e9rents droits de propri\u00e9t\u00e9 intellectuelle et les d\u00e9marches \u00e0 effectuer  Description :  Comment prot\u00e9ger ma marque et la valoriser aupr\u00e8s de mes clients ? Mes Cr\u00e9ations ? Nous aborderons les sujets li\u00e9s au droits de propri\u00e9t\u00e9 intellectuelle (le droit d\u2019auteur, le brevet, le savoir-faire, les mod\u00e8les, marque... ) ainsi que les d\u00e9marches \u00e0 mettre en place afin de les pr\u00e9server. Il pr\u00e9sente \u00e9galement les outils n\u00e9cessaires afin d&#039;identifier les droits des tiers et les risques encourus en cas d&#039;exploitation sans droit. Comment prot\u00e9ger ma marque et la valoriser aupr\u00e8s de mes clients mes cr\u00e9ations ?   Intervenant.e : Impact Lawyers  Pr\u00e9-requis :Pour cet atelier, il est recommand\u00e9 d\u2019avoir d\u00e9j\u00e0 r\u00e9fl\u00e9chi sur la propri\u00e9t\u00e9 intellectuelle du projet et comment la prot\u00e9ger.   Lieu : Sist&#039;Her Paris, 82 rue du Faubourg Saint-Martin  Attention ! Veuillez vous pr\u00e9senter \u00e0 l&#039;heure pour que l&#039;activit\u00e9 puisse commencer \u00e0 temps. Si vous avez du retard veuillez pr\u00e9venir l&#039;intervenant.e. Si vous avez plus de 15 min de retard l&#039;intervenant.e se r\u00e9serve le droit de ne plus vous accepter pour le coaching ou l&#039;atelier.\" \/>\n<meta property=\"og:url\" content=\"https:\/\/empow-her.com\/en\/produit\/new-atelier-propriete-intellectuelle-2\/\" \/>\n<meta property=\"og:site_name\" content=\"Empow&#039;Her\" \/>\n<meta property=\"article:modified_time\" content=\"2024-03-05T15:45:16+00:00\" \/>\n<meta property=\"og:image\" content=\"https:\/\/empow-her.com\/wp-content\/uploads\/2024\/03\/Women-Dare-templates-events-37.png\" \/>\n\t<meta property=\"og:image:width\" content=\"1080\" \/>\n\t<meta property=\"og:image:height\" content=\"1080\" \/>\n\t<meta property=\"og:image:type\" content=\"image\/png\" \/>\n<meta name=\"twitter:card\" content=\"summary_large_image\" \/>\n<meta name=\"twitter:label1\" content=\"Est. reading time\" \/>\n\t<meta name=\"twitter:data1\" content=\"2 minutes\" \/>\n<script type=\"application\/ld+json\" class=\"yoast-schema-graph\">{\"@context\":\"https:\/\/schema.org\",\"@graph\":[{\"@type\":\"WebPage\",\"@id\":\"https:\/\/empow-her.com\/en\/produit\/new-atelier-propriete-intellectuelle-2\/\",\"url\":\"https:\/\/empow-her.com\/en\/produit\/new-atelier-propriete-intellectuelle-2\/\",\"name\":\"NEW - Atelier Propri\u00e9t\u00e9 intellectuelle - Empow&#039;Her\",\"isPartOf\":{\"@id\":\"https:\/\/empow-her.com\/#website\"},\"primaryImageOfPage\":{\"@id\":\"https:\/\/empow-her.com\/en\/produit\/new-atelier-propriete-intellectuelle-2\/#primaryimage\"},\"image\":{\"@id\":\"https:\/\/empow-her.com\/en\/produit\/new-atelier-propriete-intellectuelle-2\/#primaryimage\"},\"thumbnailUrl\":\"https:\/\/empow-her.com\/wp-content\/uploads\/2024\/03\/Women-Dare-templates-events-37.png\",\"datePublished\":\"2024-03-05T15:40:20+00:00\",\"dateModified\":\"2024-03-05T15:45:16+00:00\",\"breadcrumb\":{\"@id\":\"https:\/\/empow-her.com\/en\/produit\/new-atelier-propriete-intellectuelle-2\/#breadcrumb\"},\"inLanguage\":\"en-US\",\"potentialAction\":[{\"@type\":\"ReadAction\",\"target\":[\"https:\/\/empow-her.com\/en\/produit\/new-atelier-propriete-intellectuelle-2\/\"]}]},{\"@type\":\"ImageObject\",\"inLanguage\":\"en-US\",\"@id\":\"https:\/\/empow-her.com\/en\/produit\/new-atelier-propriete-intellectuelle-2\/#primaryimage\",\"url\":\"https:\/\/empow-her.com\/wp-content\/uploads\/2024\/03\/Women-Dare-templates-events-37.png\",\"contentUrl\":\"https:\/\/empow-her.com\/wp-content\/uploads\/2024\/03\/Women-Dare-templates-events-37.png\",\"width\":1080,\"height\":1080},{\"@type\":\"BreadcrumbList\",\"@id\":\"https:\/\/empow-her.com\/en\/produit\/new-atelier-propriete-intellectuelle-2\/#breadcrumb\",\"itemListElement\":[{\"@type\":\"ListItem\",\"position\":1,\"name\":\"Accueil\",\"item\":\"https:\/\/empow-her.com\/en\/landing-page\/\"},{\"@type\":\"ListItem\",\"position\":2,\"name\":\"LA BOUTIQUE\",\"item\":\"https:\/\/empow-her.com\/boutique\/\"},{\"@type\":\"ListItem\",\"position\":3,\"name\":\"NEW &#8211; Atelier Propri\u00e9t\u00e9 intellectuelle\"}]},{\"@type\":\"WebSite\",\"@id\":\"https:\/\/empow-her.com\/#website\",\"url\":\"https:\/\/empow-her.com\/\",\"name\":\"Empow&#039;Her\",\"description\":\"Women Development\",\"potentialAction\":[{\"@type\":\"SearchAction\",\"target\":{\"@type\":\"EntryPoint\",\"urlTemplate\":\"https:\/\/empow-her.com\/?s={search_term_string}\"},\"query-input\":{\"@type\":\"PropertyValueSpecification\",\"valueRequired\":true,\"valueName\":\"search_term_string\"}}],\"inLanguage\":\"en-US\"}]}<\/script>\n<!-- \/ Yoast SEO plugin. -->","yoast_head_json":{"title":"NEW - Atelier Propri\u00e9t\u00e9 intellectuelle - Empow&#039;Her","robots":{"index":"index","follow":"follow","max-snippet":"max-snippet:-1","max-image-preview":"max-image-preview:large","max-video-preview":"max-video-preview:-1"},"canonical":"https:\/\/empow-her.com\/en\/produit\/new-atelier-propriete-intellectuelle-2\/","og_locale":"en_US","og_type":"article","og_title":"NEW - Atelier Propri\u00e9t\u00e9 intellectuelle - Empow&#039;Her","og_description":"Objectif : Clarifier les diff\u00e9rents droits de propri\u00e9t\u00e9 intellectuelle et les d\u00e9marches \u00e0 effectuer  Description :  Comment prot\u00e9ger ma marque et la valoriser aupr\u00e8s de mes clients ? Mes Cr\u00e9ations ? Nous aborderons les sujets li\u00e9s au droits de propri\u00e9t\u00e9 intellectuelle (le droit d\u2019auteur, le brevet, le savoir-faire, les mod\u00e8les, marque... ) ainsi que les d\u00e9marches \u00e0 mettre en place afin de les pr\u00e9server. Il pr\u00e9sente \u00e9galement les outils n\u00e9cessaires afin d'identifier les droits des tiers et les risques encourus en cas d'exploitation sans droit. Comment prot\u00e9ger ma marque et la valoriser aupr\u00e8s de mes clients mes cr\u00e9ations ?   Intervenant.e : Impact Lawyers  Pr\u00e9-requis :Pour cet atelier, il est recommand\u00e9 d\u2019avoir d\u00e9j\u00e0 r\u00e9fl\u00e9chi sur la propri\u00e9t\u00e9 intellectuelle du projet et comment la prot\u00e9ger.   Lieu : Sist'Her Paris, 82 rue du Faubourg Saint-Martin  Attention ! Veuillez vous pr\u00e9senter \u00e0 l'heure pour que l'activit\u00e9 puisse commencer \u00e0 temps. Si vous avez du retard veuillez pr\u00e9venir l'intervenant.e. Si vous avez plus de 15 min de retard l'intervenant.e se r\u00e9serve le droit de ne plus vous accepter pour le coaching ou l'atelier.","og_url":"https:\/\/empow-her.com\/en\/produit\/new-atelier-propriete-intellectuelle-2\/","og_site_name":"Empow&#039;Her","article_modified_time":"2024-03-05T15:45:16+00:00","og_image":[{"width":1080,"height":1080,"url":"https:\/\/empow-her.com\/wp-content\/uploads\/2024\/03\/Women-Dare-templates-events-37.png","type":"image\/png"}],"twitter_card":"summary_large_image","twitter_misc":{"Est. reading time":"2 minutes"},"schema":{"@context":"https:\/\/schema.org","@graph":[{"@type":"WebPage","@id":"https:\/\/empow-her.com\/en\/produit\/new-atelier-propriete-intellectuelle-2\/","url":"https:\/\/empow-her.com\/en\/produit\/new-atelier-propriete-intellectuelle-2\/","name":"NEW - Atelier Propri\u00e9t\u00e9 intellectuelle - Empow&#039;Her","isPartOf":{"@id":"https:\/\/empow-her.com\/#website"},"primaryImageOfPage":{"@id":"https:\/\/empow-her.com\/en\/produit\/new-atelier-propriete-intellectuelle-2\/#primaryimage"},"image":{"@id":"https:\/\/empow-her.com\/en\/produit\/new-atelier-propriete-intellectuelle-2\/#primaryimage"},"thumbnailUrl":"https:\/\/empow-her.com\/wp-content\/uploads\/2024\/03\/Women-Dare-templates-events-37.png","datePublished":"2024-03-05T15:40:20+00:00","dateModified":"2024-03-05T15:45:16+00:00","breadcrumb":{"@id":"https:\/\/empow-her.com\/en\/produit\/new-atelier-propriete-intellectuelle-2\/#breadcrumb"},"inLanguage":"en-US","potentialAction":[{"@type":"ReadAction","target":["https:\/\/empow-her.com\/en\/produit\/new-atelier-propriete-intellectuelle-2\/"]}]},{"@type":"ImageObject","inLanguage":"en-US","@id":"https:\/\/empow-her.com\/en\/produit\/new-atelier-propriete-intellectuelle-2\/#primaryimage","url":"https:\/\/empow-her.com\/wp-content\/uploads\/2024\/03\/Women-Dare-templates-events-37.png","contentUrl":"https:\/\/empow-her.com\/wp-content\/uploads\/2024\/03\/Women-Dare-templates-events-37.png","width":1080,"height":1080},{"@type":"BreadcrumbList","@id":"https:\/\/empow-her.com\/en\/produit\/new-atelier-propriete-intellectuelle-2\/#breadcrumb","itemListElement":[{"@type":"ListItem","position":1,"name":"Accueil","item":"https:\/\/empow-her.com\/en\/landing-page\/"},{"@type":"ListItem","position":2,"name":"LA BOUTIQUE","item":"https:\/\/empow-her.com\/boutique\/"},{"@type":"ListItem","position":3,"name":"NEW &#8211; Atelier Propri\u00e9t\u00e9 intellectuelle"}]},{"@type":"WebSite","@id":"https:\/\/empow-her.com\/#website","url":"https:\/\/empow-her.com\/","name":"Empow&#039;Her","description":"Women Development","potentialAction":[{"@type":"SearchAction","target":{"@type":"EntryPoint","urlTemplate":"https:\/\/empow-her.com\/?s={search_term_string}"},"query-input":{"@type":"PropertyValueSpecification","valueRequired":true,"valueName":"search_term_string"}}],"inLanguage":"en-US"}]}},"_links":{"self":[{"href":"https:\/\/empow-her.com\/en\/wp-json\/wp\/v2\/product\/247187","targetHints":{"allow":["GET"]}}],"collection":[{"href":"https:\/\/empow-her.com\/en\/wp-json\/wp\/v2\/product"}],"about":[{"href":"https:\/\/empow-her.com\/en\/wp-json\/wp\/v2\/types\/product"}],"wp:featuredmedia":[{"embeddable":true,"href":"https:\/\/empow-her.com\/en\/wp-json\/wp\/v2\/media\/247188"}],"wp:attachment":[{"href":"https:\/\/empow-her.com\/en\/wp-json\/wp\/v2\/media?parent=247187"}],"wp:term":[{"taxonomy":"product_brand","embeddable":true,"href":"https:\/\/empow-her.com\/en\/wp-json\/wp\/v2\/product_brand?post=247187"},{"taxonomy":"product_cat","embeddable":true,"href":"https:\/\/empow-her.com\/en\/wp-json\/wp\/v2\/product_cat?post=247187"},{"taxonomy":"product_tag","embeddable":true,"href":"https:\/\/empow-her.com\/en\/wp-json\/wp\/v2\/product_tag?post=247187"},{"taxonomy":"lieu","embeddable":true,"href":"https:\/\/empow-her.com\/en\/wp-json\/wp\/v2\/lieu?post=247187"},{"taxonomy":"thematiques","embeddable":true,"href":"https:\/\/empow-her.com\/en\/wp-json\/wp\/v2\/thematiques?post=247187"}],"curies":[{"name":"wp","href":"https:\/\/api.w.org\/{rel}","templated":true}]}}