{"id":245606,"date":"2024-02-19T16:28:30","date_gmt":"2024-02-19T15:28:30","guid":{"rendered":"https:\/\/empow-her.com\/?post_type=product&#038;p=245606"},"modified":"2024-02-28T12:29:05","modified_gmt":"2024-02-28T11:29:05","slug":"femmes-en-exil-quelle-prise-en-charge-en-sante-mentale","status":"publish","type":"product","link":"https:\/\/empow-her.com\/en\/produit\/femmes-en-exil-quelle-prise-en-charge-en-sante-mentale\/","title":{"rendered":"Femmes en exil : quelle prise en charge en sant\u00e9 mentale ?"},"content":{"rendered":"<p>&#x1f449; Inscription obligatoire : <a class=\"text-blue underline focus-visible\" contenteditable=\"plaintext-only\" href=\"https:\/\/bit.ly\/RencontresTh%C3%A9matiquesUniR\" target=\"_blank\" rel=\"noreferrer noopener\">https:\/\/bit.ly\/RencontresTh\u00e9matiquesUniR<\/a><\/p>\n<p>Dans les 12 premiers mois de leur arriv\u00e9e en France, 26% des femmes sont confront\u00e9es \u00e0 des violences, tandis que 75% d\u2019entre elles ont d\u00e9j\u00e0 subi des violences li\u00e9es au genre avant leur arriv\u00e9e dans le pays. \u00c0 la lumi\u00e8re de ces constats alarmants, il est crucial de mettre en lumi\u00e8re et en commun les initiatives des associations et structures qui soutiennent les femmes en situation d&#8217;exil, en particulier dans le domaine de la sant\u00e9 mentale.<\/p>\n<p>\u00c0 l&#8217;occasion de la Journ\u00e9e internationale des droits des femmes, nous vous invitons \u00e0 venir partager vos exp\u00e9riences et \u00e9changer sur le th\u00e8me &#8220;Femmes en exil : quelle prise en charge en sant\u00e9 mentale ?&#8221; avec Maud Fouchard, psychologue clinicienne et fondatrice de l&#8217;association Etape, et St\u00e9phanie Larchanch\u00e9, anthropologue m\u00e9dicale, th\u00e9rapeute et responsable de la SFU solidaire.<\/p>\n<p><strong>Cette rencontre s&#8217;adresse principalement aux personnes ayant elles-m\u00eames v\u00e9cu un parcours migratoire, ainsi qu&#8217;aux professionnel\u00b7le\u00b7s et partenaires impliqu\u00e9\u00b7e\u00b7s dans l&#8217;accompagnement des personnes exil\u00e9es<\/strong>, afin d\u2019\u00e9changer en toute bienveillance et de nourrir nos r\u00e9flexions collectives.<\/p>\n<p>Informations pratiques<br \/>\n&#x1f449; Inscription obligatoire : <a class=\"text-blue underline focus-visible\" contenteditable=\"plaintext-only\" href=\"https:\/\/bit.ly\/RencontresTh%C3%A9matiquesUniR\" target=\"_blank\" rel=\"noreferrer noopener\">https:\/\/bit.ly\/RencontresTh\u00e9matiquesUniR<\/a><br \/>\n&#x1f4c5; Vendredi 8 mars 2024<br \/>\n&#x23f0; De 10h-12h<br \/>\n&#x1f4cd;Chez Sist\u2019Her, 82 rue du Faubourg Saint Martin 75010 Paris<\/p>\n","protected":false},"excerpt":{"rendered":"<p>&#x1f449; Inscription obligatoire : <a class=\"text-blue underline focus-visible\" contenteditable=\"plaintext-only\" href=\"https:\/\/bit.ly\/RencontresTh%C3%A9matiquesUniR\" target=\"_blank\" rel=\"noreferrer noopener\">https:\/\/bit.ly\/RencontresTh\u00e9matiquesUniR<\/a><\/p>\n<p>Dans les 12 premiers mois de leur arriv\u00e9e en France, 26% des femmes sont confront\u00e9es \u00e0 des violences, tandis que 75% d\u2019entre elles ont d\u00e9j\u00e0 subi des violences li\u00e9es au genre avant leur arriv\u00e9e dans le pays. \u00c0 la lumi\u00e8re de ces constats alarmants, il est crucial de mettre en lumi\u00e8re et en commun les initiatives des associations et structures qui soutiennent les femmes en situation d&#8217;exil, en particulier dans le domaine de la sant\u00e9 mentale.<\/p>\n<p>\u00c0 l&#8217;occasion de la Journ\u00e9e internationale des droits des femmes, nous vous invitons \u00e0 venir partager vos exp\u00e9riences et \u00e9changer sur le th\u00e8me &#8220;Femmes en exil : quelle prise en charge en sant\u00e9 mentale ?&#8221; avec Maud Fouchard, psychologue clinicienne et fondatrice de l&#8217;association Etape, et St\u00e9phanie Larchanch\u00e9, anthropologue m\u00e9dicale, th\u00e9rapeute et responsable de la SFU solidaire.<\/p>\n<p><strong>Cette rencontre s&#8217;adresse principalement aux personnes ayant elles-m\u00eames v\u00e9cu un parcours migratoire, ainsi qu&#8217;aux professionnel\u00b7le\u00b7s et partenaires impliqu\u00e9\u00b7e\u00b7s dans l&#8217;accompagnement des personnes exil\u00e9es<\/strong>, afin d\u2019\u00e9changer en toute bienveillance et de nourrir nos r\u00e9flexions collectives.<\/p>\n<p>Informations pratiques<br \/>\n&#x1f449; Inscription obligatoire : <a class=\"text-blue underline focus-visible\" contenteditable=\"plaintext-only\" href=\"https:\/\/bit.ly\/RencontresTh%C3%A9matiquesUniR\" target=\"_blank\" rel=\"noreferrer noopener\">https:\/\/bit.ly\/RencontresTh\u00e9matiquesUniR<\/a><br \/>\n&#x1f4c5; Vendredi 8 mars 2024<br \/>\n&#x23f0; De 10h-12h<br \/>\n&#x1f4cd; Chez Sist\u2019Her, 82 rue du Faubourg Saint Martin 75010 Paris<\/p>\n","protected":false},"featured_media":245580,"template":"","format":"standard","meta":{"_acf_changed":false,"om_disable_all_campaigns":false,"_uf_show_specific_survey":0,"_uf_disable_surveys":false},"product_brand":[],"product_cat":[119],"product_tag":[178],"lieu":[127],"thematiques":[],"class_list":{"0":"post-245606","1":"product","2":"type-product","3":"status-publish","4":"format-standard","5":"has-post-thumbnail","7":"product_cat-evenement-sisther","8":"product_tag-evenement-sisther","9":"lieu-hub-empowher","11":"first","12":"instock","13":"virtual","14":"purchasable","15":"product-type-appointment"},"exclude_global_add_ons":[],"addons":[],"acf":[],"yoast_head":"<!-- This site is optimized with the Yoast SEO plugin v24.8 - https:\/\/yoast.com\/wordpress\/plugins\/seo\/ -->\n<title>Femmes en exil : quelle prise en charge en sant\u00e9 mentale ?<\/title>\n<meta name=\"description\" content=\"\u00c0 l&#039;occasion du 8 mars, venez partager vos exp\u00e9riences et \u00e9changer sur le th\u00e8me &quot;Femmes en exil : quelle prise en charge en sant\u00e9 mentale ?&quot;\" \/>\n<meta name=\"robots\" content=\"index, follow, max-snippet:-1, max-image-preview:large, max-video-preview:-1\" \/>\n<link rel=\"canonical\" href=\"https:\/\/empow-her.com\/en\/produit\/femmes-en-exil-quelle-prise-en-charge-en-sante-mentale\/\" \/>\n<meta property=\"og:locale\" content=\"en_US\" \/>\n<meta property=\"og:type\" content=\"article\" \/>\n<meta property=\"og:title\" content=\"Femmes en exil : quelle prise en charge en sant\u00e9 mentale ?\" \/>\n<meta property=\"og:description\" content=\"\u00c0 l&#039;occasion du 8 mars, venez partager vos exp\u00e9riences et \u00e9changer sur le th\u00e8me &quot;Femmes en exil : quelle prise en charge en sant\u00e9 mentale ?&quot;\" \/>\n<meta property=\"og:url\" content=\"https:\/\/empow-her.com\/en\/produit\/femmes-en-exil-quelle-prise-en-charge-en-sante-mentale\/\" \/>\n<meta property=\"og:site_name\" content=\"Empow&#039;Her\" \/>\n<meta property=\"article:modified_time\" content=\"2024-02-28T11:29:05+00:00\" \/>\n<meta property=\"og:image\" content=\"https:\/\/empow-her.com\/wp-content\/uploads\/2024\/02\/shetalks-economie-circulaire.png\" \/>\n\t<meta property=\"og:image:width\" content=\"1080\" \/>\n\t<meta property=\"og:image:height\" content=\"1080\" \/>\n\t<meta property=\"og:image:type\" content=\"image\/png\" \/>\n<meta name=\"twitter:card\" content=\"summary_large_image\" \/>\n<meta name=\"twitter:label1\" content=\"Est. reading time\" \/>\n\t<meta name=\"twitter:data1\" content=\"2 minutes\" \/>\n<script type=\"application\/ld+json\" class=\"yoast-schema-graph\">{\"@context\":\"https:\/\/schema.org\",\"@graph\":[{\"@type\":\"WebPage\",\"@id\":\"https:\/\/empow-her.com\/en\/produit\/femmes-en-exil-quelle-prise-en-charge-en-sante-mentale\/\",\"url\":\"https:\/\/empow-her.com\/en\/produit\/femmes-en-exil-quelle-prise-en-charge-en-sante-mentale\/\",\"name\":\"Femmes en exil : quelle prise en charge en sant\u00e9 mentale ?\",\"isPartOf\":{\"@id\":\"https:\/\/empow-her.com\/#website\"},\"primaryImageOfPage\":{\"@id\":\"https:\/\/empow-her.com\/en\/produit\/femmes-en-exil-quelle-prise-en-charge-en-sante-mentale\/#primaryimage\"},\"image\":{\"@id\":\"https:\/\/empow-her.com\/en\/produit\/femmes-en-exil-quelle-prise-en-charge-en-sante-mentale\/#primaryimage\"},\"thumbnailUrl\":\"https:\/\/empow-her.com\/wp-content\/uploads\/2024\/02\/shetalks-economie-circulaire.png\",\"datePublished\":\"2024-02-19T15:28:30+00:00\",\"dateModified\":\"2024-02-28T11:29:05+00:00\",\"description\":\"\u00c0 l'occasion du 8 mars, venez partager vos exp\u00e9riences et \u00e9changer sur le th\u00e8me \\\"Femmes en exil : quelle prise en charge en sant\u00e9 mentale ?\\\"\",\"breadcrumb\":{\"@id\":\"https:\/\/empow-her.com\/en\/produit\/femmes-en-exil-quelle-prise-en-charge-en-sante-mentale\/#breadcrumb\"},\"inLanguage\":\"en-US\",\"potentialAction\":[{\"@type\":\"ReadAction\",\"target\":[\"https:\/\/empow-her.com\/en\/produit\/femmes-en-exil-quelle-prise-en-charge-en-sante-mentale\/\"]}]},{\"@type\":\"ImageObject\",\"inLanguage\":\"en-US\",\"@id\":\"https:\/\/empow-her.com\/en\/produit\/femmes-en-exil-quelle-prise-en-charge-en-sante-mentale\/#primaryimage\",\"url\":\"https:\/\/empow-her.com\/wp-content\/uploads\/2024\/02\/shetalks-economie-circulaire.png\",\"contentUrl\":\"https:\/\/empow-her.com\/wp-content\/uploads\/2024\/02\/shetalks-economie-circulaire.png\",\"width\":1080,\"height\":1080},{\"@type\":\"BreadcrumbList\",\"@id\":\"https:\/\/empow-her.com\/en\/produit\/femmes-en-exil-quelle-prise-en-charge-en-sante-mentale\/#breadcrumb\",\"itemListElement\":[{\"@type\":\"ListItem\",\"position\":1,\"name\":\"Accueil\",\"item\":\"https:\/\/empow-her.com\/en\/landing-page\/\"},{\"@type\":\"ListItem\",\"position\":2,\"name\":\"LA BOUTIQUE\",\"item\":\"https:\/\/empow-her.com\/boutique\/\"},{\"@type\":\"ListItem\",\"position\":3,\"name\":\"Femmes en exil : quelle prise en charge en sant\u00e9 mentale ?\"}]},{\"@type\":\"WebSite\",\"@id\":\"https:\/\/empow-her.com\/#website\",\"url\":\"https:\/\/empow-her.com\/\",\"name\":\"Empow&#039;Her\",\"description\":\"Women Development\",\"potentialAction\":[{\"@type\":\"SearchAction\",\"target\":{\"@type\":\"EntryPoint\",\"urlTemplate\":\"https:\/\/empow-her.com\/?s={search_term_string}\"},\"query-input\":{\"@type\":\"PropertyValueSpecification\",\"valueRequired\":true,\"valueName\":\"search_term_string\"}}],\"inLanguage\":\"en-US\"}]}<\/script>\n<!-- \/ Yoast SEO plugin. -->","yoast_head_json":{"title":"Femmes en exil : quelle prise en charge en sant\u00e9 mentale ?","description":"\u00c0 l'occasion du 8 mars, venez partager vos exp\u00e9riences et \u00e9changer sur le th\u00e8me \"Femmes en exil : quelle prise en charge en sant\u00e9 mentale ?\"","robots":{"index":"index","follow":"follow","max-snippet":"max-snippet:-1","max-image-preview":"max-image-preview:large","max-video-preview":"max-video-preview:-1"},"canonical":"https:\/\/empow-her.com\/en\/produit\/femmes-en-exil-quelle-prise-en-charge-en-sante-mentale\/","og_locale":"en_US","og_type":"article","og_title":"Femmes en exil : quelle prise en charge en sant\u00e9 mentale ?","og_description":"\u00c0 l'occasion du 8 mars, venez partager vos exp\u00e9riences et \u00e9changer sur le th\u00e8me \"Femmes en exil : quelle prise en charge en sant\u00e9 mentale ?\"","og_url":"https:\/\/empow-her.com\/en\/produit\/femmes-en-exil-quelle-prise-en-charge-en-sante-mentale\/","og_site_name":"Empow&#039;Her","article_modified_time":"2024-02-28T11:29:05+00:00","og_image":[{"width":1080,"height":1080,"url":"https:\/\/empow-her.com\/wp-content\/uploads\/2024\/02\/shetalks-economie-circulaire.png","type":"image\/png"}],"twitter_card":"summary_large_image","twitter_misc":{"Est. reading time":"2 minutes"},"schema":{"@context":"https:\/\/schema.org","@graph":[{"@type":"WebPage","@id":"https:\/\/empow-her.com\/en\/produit\/femmes-en-exil-quelle-prise-en-charge-en-sante-mentale\/","url":"https:\/\/empow-her.com\/en\/produit\/femmes-en-exil-quelle-prise-en-charge-en-sante-mentale\/","name":"Femmes en exil : quelle prise en charge en sant\u00e9 mentale ?","isPartOf":{"@id":"https:\/\/empow-her.com\/#website"},"primaryImageOfPage":{"@id":"https:\/\/empow-her.com\/en\/produit\/femmes-en-exil-quelle-prise-en-charge-en-sante-mentale\/#primaryimage"},"image":{"@id":"https:\/\/empow-her.com\/en\/produit\/femmes-en-exil-quelle-prise-en-charge-en-sante-mentale\/#primaryimage"},"thumbnailUrl":"https:\/\/empow-her.com\/wp-content\/uploads\/2024\/02\/shetalks-economie-circulaire.png","datePublished":"2024-02-19T15:28:30+00:00","dateModified":"2024-02-28T11:29:05+00:00","description":"\u00c0 l'occasion du 8 mars, venez partager vos exp\u00e9riences et \u00e9changer sur le th\u00e8me \"Femmes en exil : quelle prise en charge en sant\u00e9 mentale ?\"","breadcrumb":{"@id":"https:\/\/empow-her.com\/en\/produit\/femmes-en-exil-quelle-prise-en-charge-en-sante-mentale\/#breadcrumb"},"inLanguage":"en-US","potentialAction":[{"@type":"ReadAction","target":["https:\/\/empow-her.com\/en\/produit\/femmes-en-exil-quelle-prise-en-charge-en-sante-mentale\/"]}]},{"@type":"ImageObject","inLanguage":"en-US","@id":"https:\/\/empow-her.com\/en\/produit\/femmes-en-exil-quelle-prise-en-charge-en-sante-mentale\/#primaryimage","url":"https:\/\/empow-her.com\/wp-content\/uploads\/2024\/02\/shetalks-economie-circulaire.png","contentUrl":"https:\/\/empow-her.com\/wp-content\/uploads\/2024\/02\/shetalks-economie-circulaire.png","width":1080,"height":1080},{"@type":"BreadcrumbList","@id":"https:\/\/empow-her.com\/en\/produit\/femmes-en-exil-quelle-prise-en-charge-en-sante-mentale\/#breadcrumb","itemListElement":[{"@type":"ListItem","position":1,"name":"Accueil","item":"https:\/\/empow-her.com\/en\/landing-page\/"},{"@type":"ListItem","position":2,"name":"LA BOUTIQUE","item":"https:\/\/empow-her.com\/boutique\/"},{"@type":"ListItem","position":3,"name":"Femmes en exil : quelle prise en charge en sant\u00e9 mentale ?"}]},{"@type":"WebSite","@id":"https:\/\/empow-her.com\/#website","url":"https:\/\/empow-her.com\/","name":"Empow&#039;Her","description":"Women Development","potentialAction":[{"@type":"SearchAction","target":{"@type":"EntryPoint","urlTemplate":"https:\/\/empow-her.com\/?s={search_term_string}"},"query-input":{"@type":"PropertyValueSpecification","valueRequired":true,"valueName":"search_term_string"}}],"inLanguage":"en-US"}]}},"_links":{"self":[{"href":"https:\/\/empow-her.com\/en\/wp-json\/wp\/v2\/product\/245606","targetHints":{"allow":["GET"]}}],"collection":[{"href":"https:\/\/empow-her.com\/en\/wp-json\/wp\/v2\/product"}],"about":[{"href":"https:\/\/empow-her.com\/en\/wp-json\/wp\/v2\/types\/product"}],"wp:featuredmedia":[{"embeddable":true,"href":"https:\/\/empow-her.com\/en\/wp-json\/wp\/v2\/media\/245580"}],"wp:attachment":[{"href":"https:\/\/empow-her.com\/en\/wp-json\/wp\/v2\/media?parent=245606"}],"wp:term":[{"taxonomy":"product_brand","embeddable":true,"href":"https:\/\/empow-her.com\/en\/wp-json\/wp\/v2\/product_brand?post=245606"},{"taxonomy":"product_cat","embeddable":true,"href":"https:\/\/empow-her.com\/en\/wp-json\/wp\/v2\/product_cat?post=245606"},{"taxonomy":"product_tag","embeddable":true,"href":"https:\/\/empow-her.com\/en\/wp-json\/wp\/v2\/product_tag?post=245606"},{"taxonomy":"lieu","embeddable":true,"href":"https:\/\/empow-her.com\/en\/wp-json\/wp\/v2\/lieu?post=245606"},{"taxonomy":"thematiques","embeddable":true,"href":"https:\/\/empow-her.com\/en\/wp-json\/wp\/v2\/thematiques?post=245606"}],"curies":[{"name":"wp","href":"https:\/\/api.w.org\/{rel}","templated":true}]}}