{"id":243285,"date":"2024-02-08T16:40:49","date_gmt":"2024-02-08T15:40:49","guid":{"rendered":"https:\/\/empow-her.com\/?post_type=product&#038;p=243285"},"modified":"2024-02-08T16:48:02","modified_gmt":"2024-02-08T15:48:02","slug":"atelier-new-faire-emerger-une-idee-dentreprise","status":"publish","type":"product","link":"https:\/\/empow-her.com\/en\/produit\/atelier-new-faire-emerger-une-idee-dentreprise\/","title":{"rendered":"Atelier &#8211; NEW &#8211; Faire \u00e9merger une id\u00e9e d\u2019entreprise"},"content":{"rendered":"<p><strong>Description<\/strong> :<\/p>\n<p><strong>Besoins :<\/strong> Vous cherchez une ou des pistes d&#8217;id\u00e9es qui vous correspondent, vous avez identifi\u00e9 un probl\u00e8me que vous souhaiteriez r\u00e9soudre mais vous avez besoin de savoir s&#8217;il est pertinent ? Vous avez envisag\u00e9 un projet mais est-ce que ce sujet vous motive ? Vous souhaitez vous lancer sur un secteur en particulier mais vous vous demandez par o\u00f9 commencer ?<\/p>\n<p><strong>Objectifs :<\/strong> Faire \u00e9merger une id\u00e9e de projet entrepreneurial ; identifier un probl\u00e8me \u00e0 r\u00e9soudre et une mani\u00e8re claire d\u2019y r\u00e9pondre ; qualifier la mission-vision-ambition de son projet.<\/p>\n<p>Pendant cet atelier, nous parcourrons ensemble plusieurs notions, ainsi que des outils sp\u00e9cifiques, pour aligner votre envie d&#8217;entreprendre avec une id\u00e9e de projet \u00e0 d\u00e9velopper : &#8211; L&#8217;int\u00e9r\u00eat de bien d\u00e9finir le probl\u00e8me que vous souhaitez r\u00e9soudre, &#8211; Comment s&#8217;assurer que votre projet r\u00e9pond \u00e0 vrai besoin, le v\u00f4tre et celui de vos futurs utilisateurs.rices et\/ou client.e.s &#8211; Comment d\u00e9finir une mission, une vision et une ambition pour votre future entreprise? &#8211; Comment avoir des id\u00e9es et sortir des sentiers battus ?<\/p>\n<p><strong>Intervenant.e : Milan Kieffer<\/strong><\/p>\n<p>Passionn\u00e9 par le design et l\u2019\u00e9tude des comportements humains, j&#8217;ai travaill\u00e9 pendant 4 ans sur des projets vari\u00e9s d\u2019innovation \u00e0 impact social et environnemental au service de grands groupes, PME et associations issus de secteurs diff\u00e9rents au sein d\u2019une agence pluridisciplinaire. Je souhaite dor\u00e9navant partager mes exp\u00e9riences au travers de projets en faveur de l&#8217;innovation sociale.<br \/>\nEn parall\u00e8le, je suis enseignant en design \u00e0 Strate, \u00e9cole de design et actuellement designer \u00e0 la Croix-Rouge fran\u00e7aise o\u00f9 je travaille sur des sujets d&#8217;inclusion, d&#8217;anticipation des crises et de r\u00e9duction des vuln\u00e9rabilit\u00e9s au sein de la population fran\u00e7aise.<\/p>\n<p><strong>Son super pouvoir :<\/strong> La cr\u00e9ativit\u00e9 collaborative<\/p>\n<p><strong>Son petit mot :<\/strong> Keep it simple !<\/p>\n<p><strong>Pr\u00e9-requis<\/strong> : Aucun<\/p>\n<p><strong> Lieu<\/strong> : Sist&#8217;Her Paris, 82 rue du Faubourg Saint-Martin<\/p>\n<p><strong>Attention !<\/strong> Veuillez vous pr\u00e9senter \u00e0 l&#8217;heure pour que l&#8217;activit\u00e9 puisse commencer \u00e0 temps. Si vous avez du retard veuillez pr\u00e9venir l&#8217;intervenant.e. Si vous avez plus de 15 min de retard l&#8217;intervenant.e se r\u00e9serve le droit de ne plus vous accepter pour le coaching ou l&#8217;atelier.<\/p>\n","protected":false},"excerpt":{"rendered":"<p><strong>Description<\/strong> :<\/p>\n<p><strong>Besoins :<\/strong> Vous cherchez une ou des pistes d&#8217;id\u00e9es qui vous correspondent, vous avez identifi\u00e9 un probl\u00e8me que vous souhaiteriez r\u00e9soudre mais vous avez besoin de savoir s&#8217;il est pertinent ? Vous avez envisag\u00e9 un projet mais est-ce que ce sujet vous motive ? Vous souhaitez vous lancer sur un secteur en particulier mais vous vous demandez par o\u00f9 commencer ?<\/p>\n<p><strong>Objectifs :<\/strong> Faire \u00e9merger une id\u00e9e de projet entrepreneurial ; identifier un probl\u00e8me \u00e0 r\u00e9soudre et une mani\u00e8re claire d\u2019y r\u00e9pondre ; qualifier la mission-vision-ambition de son projet.<\/p>\n<p>Pendant cet atelier, nous parcourrons ensemble plusieurs notions, ainsi que des outils sp\u00e9cifiques, pour aligner votre envie d&#8217;entreprendre avec une id\u00e9e de projet \u00e0 d\u00e9velopper : &#8211; L&#8217;int\u00e9r\u00eat de bien d\u00e9finir le probl\u00e8me que vous souhaitez r\u00e9soudre, &#8211; Comment s&#8217;assurer que votre projet r\u00e9pond \u00e0 vrai besoin, le v\u00f4tre et celui de vos futurs utilisateurs.rices et\/ou client.e.s &#8211; Comment d\u00e9finir une mission, une vision et une ambition pour votre future entreprise? &#8211; Comment avoir des id\u00e9es et sortir des sentiers battus ?<\/p>\n<p><strong>Intervenant.e : Milan Kieffer<\/strong><\/p>\n<p>Passionn\u00e9 par le design et l\u2019\u00e9tude des comportements humains, j&#8217;ai travaill\u00e9 pendant 4 ans sur des projets vari\u00e9s d\u2019innovation \u00e0 impact social et environnemental au service de grands groupes, PME et associations issus de secteurs diff\u00e9rents au sein d\u2019une agence pluridisciplinaire. Je souhaite dor\u00e9navant partager mes exp\u00e9riences au travers de projets en faveur de l&#8217;innovation sociale.<br \/>\nEn parall\u00e8le, je suis enseignant en design \u00e0 Strate, \u00e9cole de design et actuellement designer \u00e0 la Croix-Rouge fran\u00e7aise o\u00f9 je travaille sur des sujets d&#8217;inclusion, d&#8217;anticipation des crises et de r\u00e9duction des vuln\u00e9rabilit\u00e9s au sein de la population fran\u00e7aise.<\/p>\n<p><strong>Son super pouvoir :<\/strong> La cr\u00e9ativit\u00e9 collaborative<\/p>\n<p><strong>Son petit mot :<\/strong> Keep it simple !<\/p>\n<p><strong>Pr\u00e9-requis<\/strong> : Aucun<\/p>\n<p><strong> Lieu<\/strong> : Sist&#8217;Her Paris, 82 rue du Faubourg Saint-Martin<\/p>\n<p><strong>Attention !<\/strong> Veuillez vous pr\u00e9senter \u00e0 l&#8217;heure pour que l&#8217;activit\u00e9 puisse commencer \u00e0 temps. Si vous avez du retard veuillez pr\u00e9venir l&#8217;intervenant.e. Si vous avez plus de 15 min de retard l&#8217;intervenant.e se r\u00e9serve le droit de ne plus vous accepter pour le coaching ou l&#8217;atelier.<\/p>\n","protected":false},"featured_media":243286,"template":"","format":"standard","meta":{"_acf_changed":false,"om_disable_all_campaigns":false,"_uf_show_specific_survey":0,"_uf_disable_surveys":false},"product_brand":[],"product_cat":[118],"product_tag":[],"lieu":[127],"thematiques":[],"class_list":{"0":"post-243285","1":"product","2":"type-product","3":"status-publish","4":"format-standard","5":"has-post-thumbnail","7":"product_cat-atelier-collectif","8":"lieu-hub-empowher","10":"first","11":"instock","12":"virtual","13":"purchasable","14":"product-type-appointment"},"exclude_global_add_ons":[],"addons":[],"acf":[],"yoast_head":"<!-- This site is optimized with the Yoast SEO plugin v24.8 - https:\/\/yoast.com\/wordpress\/plugins\/seo\/ -->\n<title>Atelier - NEW - Faire \u00e9merger une id\u00e9e d\u2019entreprise - Empow&#039;Her<\/title>\n<meta name=\"robots\" content=\"index, follow, max-snippet:-1, max-image-preview:large, max-video-preview:-1\" \/>\n<link rel=\"canonical\" href=\"https:\/\/empow-her.com\/en\/produit\/atelier-new-faire-emerger-une-idee-dentreprise\/\" \/>\n<meta property=\"og:locale\" content=\"en_US\" \/>\n<meta property=\"og:type\" content=\"article\" \/>\n<meta property=\"og:title\" content=\"Atelier - NEW - Faire \u00e9merger une id\u00e9e d\u2019entreprise - Empow&#039;Her\" \/>\n<meta property=\"og:description\" content=\"Description :  Besoins : Vous cherchez une ou des pistes d&#039;id\u00e9es qui vous correspondent, vous avez identifi\u00e9 un probl\u00e8me que vous souhaiteriez r\u00e9soudre mais vous avez besoin de savoir s&#039;il est pertinent ? Vous avez envisag\u00e9 un projet mais est-ce que ce sujet vous motive ? Vous souhaitez vous lancer sur un secteur en particulier mais vous vous demandez par o\u00f9 commencer ?  Objectifs : Faire \u00e9merger une id\u00e9e de projet entrepreneurial ; identifier un probl\u00e8me \u00e0 r\u00e9soudre et une mani\u00e8re claire d\u2019y r\u00e9pondre ; qualifier la mission-vision-ambition de son projet.  Pendant cet atelier, nous parcourrons ensemble plusieurs notions, ainsi que des outils sp\u00e9cifiques, pour aligner votre envie d&#039;entreprendre avec une id\u00e9e de projet \u00e0 d\u00e9velopper : - L&#039;int\u00e9r\u00eat de bien d\u00e9finir le probl\u00e8me que vous souhaitez r\u00e9soudre, - Comment s&#039;assurer que votre projet r\u00e9pond \u00e0 vrai besoin, le v\u00f4tre et celui de vos futurs utilisateurs.rices et\/ou client.e.s - Comment d\u00e9finir une mission, une vision et une ambition pour votre future entreprise? - Comment avoir des id\u00e9es et sortir des sentiers battus ?  Intervenant.e : Milan Kieffer  Passionn\u00e9 par le design et l\u2019\u00e9tude des comportements humains, j&#039;ai travaill\u00e9 pendant 4 ans sur des projets vari\u00e9s d\u2019innovation \u00e0 impact social et environnemental au service de grands groupes, PME et associations issus de secteurs diff\u00e9rents au sein d\u2019une agence pluridisciplinaire. Je souhaite dor\u00e9navant partager mes exp\u00e9riences au travers de projets en faveur de l&#039;innovation sociale. En parall\u00e8le, je suis enseignant en design \u00e0 Strate, \u00e9cole de design et actuellement designer \u00e0 la Croix-Rouge fran\u00e7aise o\u00f9 je travaille sur des sujets d&#039;inclusion, d&#039;anticipation des crises et de r\u00e9duction des vuln\u00e9rabilit\u00e9s au sein de la population fran\u00e7aise.  Son super pouvoir : La cr\u00e9ativit\u00e9 collaborative  Son petit mot : Keep it simple !  Pr\u00e9-requis : Aucun   Lieu : Sist&#039;Her Paris, 82 rue du Faubourg Saint-Martin  Attention ! Veuillez vous pr\u00e9senter \u00e0 l&#039;heure pour que l&#039;activit\u00e9 puisse commencer \u00e0 temps. Si vous avez du retard veuillez pr\u00e9venir l&#039;intervenant.e. Si vous avez plus de 15 min de retard l&#039;intervenant.e se r\u00e9serve le droit de ne plus vous accepter pour le coaching ou l&#039;atelier.\" \/>\n<meta property=\"og:url\" content=\"https:\/\/empow-her.com\/en\/produit\/atelier-new-faire-emerger-une-idee-dentreprise\/\" \/>\n<meta property=\"og:site_name\" content=\"Empow&#039;Her\" \/>\n<meta property=\"article:modified_time\" content=\"2024-02-08T15:48:02+00:00\" \/>\n<meta property=\"og:image\" content=\"https:\/\/empow-her.com\/wp-content\/uploads\/2024\/02\/Women-Dare-templates-events-7.png\" \/>\n\t<meta property=\"og:image:width\" content=\"1080\" \/>\n\t<meta property=\"og:image:height\" content=\"1080\" \/>\n\t<meta property=\"og:image:type\" content=\"image\/png\" \/>\n<meta name=\"twitter:card\" content=\"summary_large_image\" \/>\n<meta name=\"twitter:label1\" content=\"Est. reading time\" \/>\n\t<meta name=\"twitter:data1\" content=\"2 minutes\" \/>\n<script type=\"application\/ld+json\" class=\"yoast-schema-graph\">{\"@context\":\"https:\/\/schema.org\",\"@graph\":[{\"@type\":\"WebPage\",\"@id\":\"https:\/\/empow-her.com\/en\/produit\/atelier-new-faire-emerger-une-idee-dentreprise\/\",\"url\":\"https:\/\/empow-her.com\/en\/produit\/atelier-new-faire-emerger-une-idee-dentreprise\/\",\"name\":\"Atelier - NEW - Faire \u00e9merger une id\u00e9e d\u2019entreprise - Empow&#039;Her\",\"isPartOf\":{\"@id\":\"https:\/\/empow-her.com\/#website\"},\"primaryImageOfPage\":{\"@id\":\"https:\/\/empow-her.com\/en\/produit\/atelier-new-faire-emerger-une-idee-dentreprise\/#primaryimage\"},\"image\":{\"@id\":\"https:\/\/empow-her.com\/en\/produit\/atelier-new-faire-emerger-une-idee-dentreprise\/#primaryimage\"},\"thumbnailUrl\":\"https:\/\/empow-her.com\/wp-content\/uploads\/2024\/02\/Women-Dare-templates-events-7.png\",\"datePublished\":\"2024-02-08T15:40:49+00:00\",\"dateModified\":\"2024-02-08T15:48:02+00:00\",\"breadcrumb\":{\"@id\":\"https:\/\/empow-her.com\/en\/produit\/atelier-new-faire-emerger-une-idee-dentreprise\/#breadcrumb\"},\"inLanguage\":\"en-US\",\"potentialAction\":[{\"@type\":\"ReadAction\",\"target\":[\"https:\/\/empow-her.com\/en\/produit\/atelier-new-faire-emerger-une-idee-dentreprise\/\"]}]},{\"@type\":\"ImageObject\",\"inLanguage\":\"en-US\",\"@id\":\"https:\/\/empow-her.com\/en\/produit\/atelier-new-faire-emerger-une-idee-dentreprise\/#primaryimage\",\"url\":\"https:\/\/empow-her.com\/wp-content\/uploads\/2024\/02\/Women-Dare-templates-events-7.png\",\"contentUrl\":\"https:\/\/empow-her.com\/wp-content\/uploads\/2024\/02\/Women-Dare-templates-events-7.png\",\"width\":1080,\"height\":1080},{\"@type\":\"BreadcrumbList\",\"@id\":\"https:\/\/empow-her.com\/en\/produit\/atelier-new-faire-emerger-une-idee-dentreprise\/#breadcrumb\",\"itemListElement\":[{\"@type\":\"ListItem\",\"position\":1,\"name\":\"Accueil\",\"item\":\"https:\/\/empow-her.com\/en\/landing-page\/\"},{\"@type\":\"ListItem\",\"position\":2,\"name\":\"LA BOUTIQUE\",\"item\":\"https:\/\/empow-her.com\/boutique\/\"},{\"@type\":\"ListItem\",\"position\":3,\"name\":\"Atelier &#8211; NEW &#8211; Faire \u00e9merger une id\u00e9e d\u2019entreprise\"}]},{\"@type\":\"WebSite\",\"@id\":\"https:\/\/empow-her.com\/#website\",\"url\":\"https:\/\/empow-her.com\/\",\"name\":\"Empow&#039;Her\",\"description\":\"Women Development\",\"potentialAction\":[{\"@type\":\"SearchAction\",\"target\":{\"@type\":\"EntryPoint\",\"urlTemplate\":\"https:\/\/empow-her.com\/?s={search_term_string}\"},\"query-input\":{\"@type\":\"PropertyValueSpecification\",\"valueRequired\":true,\"valueName\":\"search_term_string\"}}],\"inLanguage\":\"en-US\"}]}<\/script>\n<!-- \/ Yoast SEO plugin. -->","yoast_head_json":{"title":"Atelier - NEW - Faire \u00e9merger une id\u00e9e d\u2019entreprise - Empow&#039;Her","robots":{"index":"index","follow":"follow","max-snippet":"max-snippet:-1","max-image-preview":"max-image-preview:large","max-video-preview":"max-video-preview:-1"},"canonical":"https:\/\/empow-her.com\/en\/produit\/atelier-new-faire-emerger-une-idee-dentreprise\/","og_locale":"en_US","og_type":"article","og_title":"Atelier - NEW - Faire \u00e9merger une id\u00e9e d\u2019entreprise - Empow&#039;Her","og_description":"Description :  Besoins : Vous cherchez une ou des pistes d'id\u00e9es qui vous correspondent, vous avez identifi\u00e9 un probl\u00e8me que vous souhaiteriez r\u00e9soudre mais vous avez besoin de savoir s'il est pertinent ? Vous avez envisag\u00e9 un projet mais est-ce que ce sujet vous motive ? Vous souhaitez vous lancer sur un secteur en particulier mais vous vous demandez par o\u00f9 commencer ?  Objectifs : Faire \u00e9merger une id\u00e9e de projet entrepreneurial ; identifier un probl\u00e8me \u00e0 r\u00e9soudre et une mani\u00e8re claire d\u2019y r\u00e9pondre ; qualifier la mission-vision-ambition de son projet.  Pendant cet atelier, nous parcourrons ensemble plusieurs notions, ainsi que des outils sp\u00e9cifiques, pour aligner votre envie d'entreprendre avec une id\u00e9e de projet \u00e0 d\u00e9velopper : - L'int\u00e9r\u00eat de bien d\u00e9finir le probl\u00e8me que vous souhaitez r\u00e9soudre, - Comment s'assurer que votre projet r\u00e9pond \u00e0 vrai besoin, le v\u00f4tre et celui de vos futurs utilisateurs.rices et\/ou client.e.s - Comment d\u00e9finir une mission, une vision et une ambition pour votre future entreprise? - Comment avoir des id\u00e9es et sortir des sentiers battus ?  Intervenant.e : Milan Kieffer  Passionn\u00e9 par le design et l\u2019\u00e9tude des comportements humains, j'ai travaill\u00e9 pendant 4 ans sur des projets vari\u00e9s d\u2019innovation \u00e0 impact social et environnemental au service de grands groupes, PME et associations issus de secteurs diff\u00e9rents au sein d\u2019une agence pluridisciplinaire. Je souhaite dor\u00e9navant partager mes exp\u00e9riences au travers de projets en faveur de l'innovation sociale. En parall\u00e8le, je suis enseignant en design \u00e0 Strate, \u00e9cole de design et actuellement designer \u00e0 la Croix-Rouge fran\u00e7aise o\u00f9 je travaille sur des sujets d'inclusion, d'anticipation des crises et de r\u00e9duction des vuln\u00e9rabilit\u00e9s au sein de la population fran\u00e7aise.  Son super pouvoir : La cr\u00e9ativit\u00e9 collaborative  Son petit mot : Keep it simple !  Pr\u00e9-requis : Aucun   Lieu : Sist'Her Paris, 82 rue du Faubourg Saint-Martin  Attention ! Veuillez vous pr\u00e9senter \u00e0 l'heure pour que l'activit\u00e9 puisse commencer \u00e0 temps. Si vous avez du retard veuillez pr\u00e9venir l'intervenant.e. Si vous avez plus de 15 min de retard l'intervenant.e se r\u00e9serve le droit de ne plus vous accepter pour le coaching ou l'atelier.","og_url":"https:\/\/empow-her.com\/en\/produit\/atelier-new-faire-emerger-une-idee-dentreprise\/","og_site_name":"Empow&#039;Her","article_modified_time":"2024-02-08T15:48:02+00:00","og_image":[{"width":1080,"height":1080,"url":"https:\/\/empow-her.com\/wp-content\/uploads\/2024\/02\/Women-Dare-templates-events-7.png","type":"image\/png"}],"twitter_card":"summary_large_image","twitter_misc":{"Est. reading time":"2 minutes"},"schema":{"@context":"https:\/\/schema.org","@graph":[{"@type":"WebPage","@id":"https:\/\/empow-her.com\/en\/produit\/atelier-new-faire-emerger-une-idee-dentreprise\/","url":"https:\/\/empow-her.com\/en\/produit\/atelier-new-faire-emerger-une-idee-dentreprise\/","name":"Atelier - NEW - Faire \u00e9merger une id\u00e9e d\u2019entreprise - Empow&#039;Her","isPartOf":{"@id":"https:\/\/empow-her.com\/#website"},"primaryImageOfPage":{"@id":"https:\/\/empow-her.com\/en\/produit\/atelier-new-faire-emerger-une-idee-dentreprise\/#primaryimage"},"image":{"@id":"https:\/\/empow-her.com\/en\/produit\/atelier-new-faire-emerger-une-idee-dentreprise\/#primaryimage"},"thumbnailUrl":"https:\/\/empow-her.com\/wp-content\/uploads\/2024\/02\/Women-Dare-templates-events-7.png","datePublished":"2024-02-08T15:40:49+00:00","dateModified":"2024-02-08T15:48:02+00:00","breadcrumb":{"@id":"https:\/\/empow-her.com\/en\/produit\/atelier-new-faire-emerger-une-idee-dentreprise\/#breadcrumb"},"inLanguage":"en-US","potentialAction":[{"@type":"ReadAction","target":["https:\/\/empow-her.com\/en\/produit\/atelier-new-faire-emerger-une-idee-dentreprise\/"]}]},{"@type":"ImageObject","inLanguage":"en-US","@id":"https:\/\/empow-her.com\/en\/produit\/atelier-new-faire-emerger-une-idee-dentreprise\/#primaryimage","url":"https:\/\/empow-her.com\/wp-content\/uploads\/2024\/02\/Women-Dare-templates-events-7.png","contentUrl":"https:\/\/empow-her.com\/wp-content\/uploads\/2024\/02\/Women-Dare-templates-events-7.png","width":1080,"height":1080},{"@type":"BreadcrumbList","@id":"https:\/\/empow-her.com\/en\/produit\/atelier-new-faire-emerger-une-idee-dentreprise\/#breadcrumb","itemListElement":[{"@type":"ListItem","position":1,"name":"Accueil","item":"https:\/\/empow-her.com\/en\/landing-page\/"},{"@type":"ListItem","position":2,"name":"LA BOUTIQUE","item":"https:\/\/empow-her.com\/boutique\/"},{"@type":"ListItem","position":3,"name":"Atelier &#8211; NEW &#8211; Faire \u00e9merger une id\u00e9e d\u2019entreprise"}]},{"@type":"WebSite","@id":"https:\/\/empow-her.com\/#website","url":"https:\/\/empow-her.com\/","name":"Empow&#039;Her","description":"Women Development","potentialAction":[{"@type":"SearchAction","target":{"@type":"EntryPoint","urlTemplate":"https:\/\/empow-her.com\/?s={search_term_string}"},"query-input":{"@type":"PropertyValueSpecification","valueRequired":true,"valueName":"search_term_string"}}],"inLanguage":"en-US"}]}},"_links":{"self":[{"href":"https:\/\/empow-her.com\/en\/wp-json\/wp\/v2\/product\/243285","targetHints":{"allow":["GET"]}}],"collection":[{"href":"https:\/\/empow-her.com\/en\/wp-json\/wp\/v2\/product"}],"about":[{"href":"https:\/\/empow-her.com\/en\/wp-json\/wp\/v2\/types\/product"}],"wp:featuredmedia":[{"embeddable":true,"href":"https:\/\/empow-her.com\/en\/wp-json\/wp\/v2\/media\/243286"}],"wp:attachment":[{"href":"https:\/\/empow-her.com\/en\/wp-json\/wp\/v2\/media?parent=243285"}],"wp:term":[{"taxonomy":"product_brand","embeddable":true,"href":"https:\/\/empow-her.com\/en\/wp-json\/wp\/v2\/product_brand?post=243285"},{"taxonomy":"product_cat","embeddable":true,"href":"https:\/\/empow-her.com\/en\/wp-json\/wp\/v2\/product_cat?post=243285"},{"taxonomy":"product_tag","embeddable":true,"href":"https:\/\/empow-her.com\/en\/wp-json\/wp\/v2\/product_tag?post=243285"},{"taxonomy":"lieu","embeddable":true,"href":"https:\/\/empow-her.com\/en\/wp-json\/wp\/v2\/lieu?post=243285"},{"taxonomy":"thematiques","embeddable":true,"href":"https:\/\/empow-her.com\/en\/wp-json\/wp\/v2\/thematiques?post=243285"}],"curies":[{"name":"wp","href":"https:\/\/api.w.org\/{rel}","templated":true}]}}