{"id":243237,"date":"2024-02-07T12:02:59","date_gmt":"2024-02-07T11:02:59","guid":{"rendered":"https:\/\/empow-her.com\/?post_type=product&#038;p=243237"},"modified":"2024-02-07T12:30:34","modified_gmt":"2024-02-07T11:30:34","slug":"coaching-prendre-confiance-en-son-potentiel-affirmer-sa-legitimite-valoriser-son-offre","status":"publish","type":"product","link":"https:\/\/empow-her.com\/en\/produit\/coaching-prendre-confiance-en-son-potentiel-affirmer-sa-legitimite-valoriser-son-offre\/","title":{"rendered":"Coaching &#8211; Prendre confiance en son potentiel, affirmer sa l\u00e9gitimit\u00e9 &#038; valoriser son offre"},"content":{"rendered":"<p><strong>Description:<\/strong><\/p>\n<p><strong>Besoin :<\/strong> &#8220;J&#8217;ai besoin d&#8217;avoir confiance en mes talents et de me sentir l\u00e9gitime en tant qu&#8217;entrepreneuse. J&#8217;ai besoin de me sentir au clair avec l&#8217;utilit\u00e9 de mon offre et de ma proposition de valeur. J&#8217;ai besoin de d\u00e9passer mon syndrome de l&#8217;imposteur pour sentir que je suis \u00e0 la bonne place.&#8221;<\/p>\n<p><strong>Objectif :<\/strong> si ces phrases r\u00e9sonnent alors cette permanence pourra vous donner des cl\u00e9s pour prendre confiance en votre potentiel.<\/p>\n<p><strong>Intervenant.e<\/strong>\u00a0<strong>: Iris Panissier<\/strong><\/p>\n<p>Je suis co-fondatrice de SHAKER, coach certifi\u00e9e et professionnelle des dynamiques collectives.<br \/>\nEn coaching individuel, j&#8217;accompagne les entrepreneurs.ses et dirigeant.es dans leur croissance personnelle pour d\u00e9velopper un business et des strat\u00e9gies align\u00e9s, porteurs de sens et performants.<br \/>\nJ&#8217;interviens aupr\u00e8s de grands groupes, start-up et associations pour engager le collectif dans des projets de transformations positives et d\u00e9ployer le potentiel des individus qui les composent.<\/p>\n<p>Je me forme en permanence \u00e0 de nombreuses approches de d\u00e9veloppement professionnel et personnel (psychologie, connaissance de soi, entrepreneuriat), parce que cela me passionne et que j&#8217;ai \u00e0 coeur d&#8217;apporter toujours plus de qualit\u00e9 et d&#8217;expertises dans mes accompagnements. Ravie de vous rencontrer !<\/p>\n<p><span data-sheets-value=\"{&quot;1&quot;:2,&quot;2&quot;:&quot;Description : nnPr\u00e9-requis : nnIntervenant.e : nnSon super pouvoir : nnSon petit mot : &quot;}\" data-sheets-userformat=\"{&quot;2&quot;:641,&quot;3&quot;:{&quot;1&quot;:0},&quot;10&quot;:1,&quot;12&quot;:0}\"><strong>Son super pouvoir :<\/strong> Le mouvement vers l&#8217;\u00e9volution et la bienveillance.<\/span><\/p>\n<p><strong>Son petit mot :<\/strong> Bravo d&#8217;oser vivre la grande aventure de l&#8217;entrepreneuriat ! C&#8217;est une des plus belles exp\u00e9riences de d\u00e9veloppement de soi et d&#8217;impact sur le monde.<\/p>\n<p><strong>Dur\u00e9e<\/strong>\u00a0: U<span data-sheets-value=\"{&quot;1&quot;:2,&quot;2&quot;:&quot;Permanence de 4h avec un cr\u00e9neau de 1h par participante (+ 15 minutes entre chaque)&quot;}\" data-sheets-userformat=\"{&quot;2&quot;:7167,&quot;3&quot;:{&quot;1&quot;:0},&quot;4&quot;:{&quot;1&quot;:2,&quot;2&quot;:16777215},&quot;5&quot;:{&quot;1&quot;:[{&quot;1&quot;:2,&quot;2&quot;:0,&quot;5&quot;:{&quot;1&quot;:2,&quot;2&quot;:0}},{&quot;1&quot;:0,&quot;2&quot;:0,&quot;3&quot;:3},{&quot;1&quot;:1,&quot;2&quot;:0,&quot;4&quot;:1}]},&quot;6&quot;:{&quot;1&quot;:[{&quot;1&quot;:2,&quot;2&quot;:0,&quot;5&quot;:{&quot;1&quot;:2,&quot;2&quot;:0}},{&quot;1&quot;:0,&quot;2&quot;:0,&quot;3&quot;:3},{&quot;1&quot;:1,&quot;2&quot;:0,&quot;4&quot;:1}]},&quot;7&quot;:{&quot;1&quot;:[{&quot;1&quot;:2,&quot;2&quot;:0,&quot;5&quot;:{&quot;1&quot;:2,&quot;2&quot;:0}},{&quot;1&quot;:0,&quot;2&quot;:0,&quot;3&quot;:3},{&quot;1&quot;:1,&quot;2&quot;:0,&quot;4&quot;:1}]},&quot;8&quot;:{&quot;1&quot;:[{&quot;1&quot;:2,&quot;2&quot;:0,&quot;5&quot;:{&quot;1&quot;:2,&quot;2&quot;:0}},{&quot;1&quot;:0,&quot;2&quot;:0,&quot;3&quot;:3},{&quot;1&quot;:1,&quot;2&quot;:0,&quot;4&quot;:1}]},&quot;9&quot;:0,&quot;10&quot;:1,&quot;11&quot;:4,&quot;12&quot;:0,&quot;14&quot;:{&quot;1&quot;:2,&quot;2&quot;:0},&quot;15&quot;:&quot;Calibri&quot;}\">n cr\u00e9neau de 1h en individuel<\/span><\/p>\n<p><span data-sheets-value=\"{&quot;1&quot;:2,&quot;2&quot;:&quot;Attention ! \u00a0Veuillez vous pr\u00e9sentez \u00e0 l'heure pour que l'activit\u00e9 puisse commencer \u00e0 temps. Si vous avez du retard veuillez pr\u00e9venir l'intervenant.e. Si vous avez plus de 15 min de retard l'intervenant.e se r\u00e9serve le droit de plus vous accepter pour le coaching ou l'atelier.\u00a0&quot;}\" data-sheets-userformat=\"{&quot;2&quot;:641,&quot;3&quot;:{&quot;1&quot;:0},&quot;10&quot;:1,&quot;12&quot;:0}\"><strong>Attention !<\/strong> \u00a0Veuillez vous pr\u00e9senter \u00e0 l\u2019heure pour que l\u2019activit\u00e9 puisse commencer \u00e0 temps. Si vous avez du retard veuillez pr\u00e9venir l\u2019intervenant.e. Si vous avez plus de 15 min de retard l\u2019intervenant.e se r\u00e9serve le droit de ne plus vous accepter pour le coaching ou l\u2019atelier.\u00a0<\/span><\/p>\n","protected":false},"excerpt":{"rendered":"<p><strong>Description:<\/strong><\/p>\n<p><strong>Besoin :<\/strong> &#8220;J&#8217;ai besoin d&#8217;avoir confiance en mes talents et de me sentir l\u00e9gitime en tant qu&#8217;entrepreneuse. J&#8217;ai besoin de me sentir au clair avec l&#8217;utilit\u00e9 de mon offre et de ma proposition de valeur. J&#8217;ai besoin de d\u00e9passer mon syndrome de l&#8217;imposteur pour sentir que je suis \u00e0 la bonne place.&#8221;<\/p>\n<p><strong>Objectif :<\/strong> si ces phrases r\u00e9sonnent alors cette permanence pourra vous donner des cl\u00e9s pour prendre confiance en votre potentiel.<\/p>\n<p><strong>Intervenant.e<\/strong>\u00a0<strong>: Iris Panissier<\/strong><\/p>\n<p>Je suis co-fondatrice de SHAKER, coach certifi\u00e9e et professionnelle des dynamiques collectives.<br \/>\nEn coaching individuel, j&#8217;accompagne les entrepreneurs.ses et dirigeant.es dans leur croissance personnelle pour d\u00e9velopper un business et des strat\u00e9gies align\u00e9s, porteurs de sens et performants.<br \/>\nJ&#8217;interviens aupr\u00e8s de grands groupes, start-up et associations pour engager le collectif dans des projets de transformations positives et d\u00e9ployer le potentiel des individus qui les composent.<\/p>\n<p>Je me forme en permanence \u00e0 de nombreuses approches de d\u00e9veloppement professionnel et personnel (psychologie, connaissance de soi, entrepreneuriat), parce que cela me passionne et que j&#8217;ai \u00e0 coeur d&#8217;apporter toujours plus de qualit\u00e9 et d&#8217;expertises dans mes accompagnements. Ravie de vous rencontrer !<\/p>\n<p><span data-sheets-value=\"{&quot;1&quot;:2,&quot;2&quot;:&quot;Description : nnPr\u00e9-requis : nnIntervenant.e : nnSon super pouvoir : nnSon petit mot : &quot;}\" data-sheets-userformat=\"{&quot;2&quot;:641,&quot;3&quot;:{&quot;1&quot;:0},&quot;10&quot;:1,&quot;12&quot;:0}\"><strong>Son super pouvoir :<\/strong> Le mouvement vers l&#8217;\u00e9volution et la bienveillance.<\/span><\/p>\n<p><strong>Son petit mot :<\/strong> Bravo d&#8217;oser vivre la grande aventure de l&#8217;entrepreneuriat ! C&#8217;est une des plus belles exp\u00e9riences de d\u00e9veloppement de soi et d&#8217;impact sur le monde.<\/p>\n<p><strong>Dur\u00e9e<\/strong>\u00a0: U<span data-sheets-value=\"{&quot;1&quot;:2,&quot;2&quot;:&quot;Permanence de 4h avec un cr\u00e9neau de 1h par participante (+ 15 minutes entre chaque)&quot;}\" data-sheets-userformat=\"{&quot;2&quot;:7167,&quot;3&quot;:{&quot;1&quot;:0},&quot;4&quot;:{&quot;1&quot;:2,&quot;2&quot;:16777215},&quot;5&quot;:{&quot;1&quot;:[{&quot;1&quot;:2,&quot;2&quot;:0,&quot;5&quot;:{&quot;1&quot;:2,&quot;2&quot;:0}},{&quot;1&quot;:0,&quot;2&quot;:0,&quot;3&quot;:3},{&quot;1&quot;:1,&quot;2&quot;:0,&quot;4&quot;:1}]},&quot;6&quot;:{&quot;1&quot;:[{&quot;1&quot;:2,&quot;2&quot;:0,&quot;5&quot;:{&quot;1&quot;:2,&quot;2&quot;:0}},{&quot;1&quot;:0,&quot;2&quot;:0,&quot;3&quot;:3},{&quot;1&quot;:1,&quot;2&quot;:0,&quot;4&quot;:1}]},&quot;7&quot;:{&quot;1&quot;:[{&quot;1&quot;:2,&quot;2&quot;:0,&quot;5&quot;:{&quot;1&quot;:2,&quot;2&quot;:0}},{&quot;1&quot;:0,&quot;2&quot;:0,&quot;3&quot;:3},{&quot;1&quot;:1,&quot;2&quot;:0,&quot;4&quot;:1}]},&quot;8&quot;:{&quot;1&quot;:[{&quot;1&quot;:2,&quot;2&quot;:0,&quot;5&quot;:{&quot;1&quot;:2,&quot;2&quot;:0}},{&quot;1&quot;:0,&quot;2&quot;:0,&quot;3&quot;:3},{&quot;1&quot;:1,&quot;2&quot;:0,&quot;4&quot;:1}]},&quot;9&quot;:0,&quot;10&quot;:1,&quot;11&quot;:4,&quot;12&quot;:0,&quot;14&quot;:{&quot;1&quot;:2,&quot;2&quot;:0},&quot;15&quot;:&quot;Calibri&quot;}\">n cr\u00e9neau de 1h en individuel<\/span><\/p>\n<p><span data-sheets-value=\"{&quot;1&quot;:2,&quot;2&quot;:&quot;Attention ! \u00a0Veuillez vous pr\u00e9sentez \u00e0 l'heure pour que l'activit\u00e9 puisse commencer \u00e0 temps. Si vous avez du retard veuillez pr\u00e9venir l'intervenant.e. Si vous avez plus de 15 min de retard l'intervenant.e se r\u00e9serve le droit de plus vous accepter pour le coaching ou l'atelier.\u00a0&quot;}\" data-sheets-userformat=\"{&quot;2&quot;:641,&quot;3&quot;:{&quot;1&quot;:0},&quot;10&quot;:1,&quot;12&quot;:0}\"><strong>Attention !<\/strong> \u00a0Veuillez vous pr\u00e9senter \u00e0 l\u2019heure pour que l\u2019activit\u00e9 puisse commencer \u00e0 temps. Si vous avez du retard veuillez pr\u00e9venir l\u2019intervenant.e. Si vous avez plus de 15 min de retard l\u2019intervenant.e se r\u00e9serve le droit de ne plus vous accepter pour le coaching ou l\u2019atelier.\u00a0<\/span><\/p>\n","protected":false},"featured_media":243238,"template":"","format":"standard","meta":{"_acf_changed":false,"om_disable_all_campaigns":false,"_uf_show_specific_survey":0,"_uf_disable_surveys":false},"product_brand":[],"product_cat":[121],"product_tag":[],"lieu":[125],"thematiques":[],"class_list":{"0":"post-243237","1":"product","2":"type-product","3":"status-publish","4":"format-standard","5":"has-post-thumbnail","7":"product_cat-coaching","8":"lieu-en-ligne","10":"first","11":"instock","12":"virtual","13":"purchasable","14":"product-type-appointment"},"exclude_global_add_ons":[],"addons":[],"acf":[],"yoast_head":"<!-- This site is optimized with the Yoast SEO plugin v24.8 - https:\/\/yoast.com\/wordpress\/plugins\/seo\/ -->\n<title>Coaching - Prendre confiance en son potentiel, affirmer sa l\u00e9gitimit\u00e9 &amp; valoriser son offre - Empow&#039;Her<\/title>\n<meta name=\"robots\" content=\"index, follow, max-snippet:-1, max-image-preview:large, max-video-preview:-1\" \/>\n<link rel=\"canonical\" href=\"https:\/\/empow-her.com\/en\/produit\/coaching-prendre-confiance-en-son-potentiel-affirmer-sa-legitimite-valoriser-son-offre\/\" \/>\n<meta property=\"og:locale\" content=\"en_US\" \/>\n<meta property=\"og:type\" content=\"article\" \/>\n<meta property=\"og:title\" content=\"Coaching - Prendre confiance en son potentiel, affirmer sa l\u00e9gitimit\u00e9 &amp; valoriser son offre - Empow&#039;Her\" \/>\n<meta property=\"og:description\" content=\"Description:  Besoin : &quot;J&#039;ai besoin d&#039;avoir confiance en mes talents et de me sentir l\u00e9gitime en tant qu&#039;entrepreneuse. J&#039;ai besoin de me sentir au clair avec l&#039;utilit\u00e9 de mon offre et de ma proposition de valeur. J&#039;ai besoin de d\u00e9passer mon syndrome de l&#039;imposteur pour sentir que je suis \u00e0 la bonne place.&quot;  Objectif : si ces phrases r\u00e9sonnent alors cette permanence pourra vous donner des cl\u00e9s pour prendre confiance en votre potentiel.  Intervenant.e\u00a0: Iris Panissier  Je suis co-fondatrice de SHAKER, coach certifi\u00e9e et professionnelle des dynamiques collectives. En coaching individuel, j&#039;accompagne les entrepreneurs.ses et dirigeant.es dans leur croissance personnelle pour d\u00e9velopper un business et des strat\u00e9gies align\u00e9s, porteurs de sens et performants. J&#039;interviens aupr\u00e8s de grands groupes, start-up et associations pour engager le collectif dans des projets de transformations positives et d\u00e9ployer le potentiel des individus qui les composent.  Je me forme en permanence \u00e0 de nombreuses approches de d\u00e9veloppement professionnel et personnel (psychologie, connaissance de soi, entrepreneuriat), parce que cela me passionne et que j&#039;ai \u00e0 coeur d&#039;apporter toujours plus de qualit\u00e9 et d&#039;expertises dans mes accompagnements. Ravie de vous rencontrer !  Son super pouvoir : Le mouvement vers l&#039;\u00e9volution et la bienveillance.  Son petit mot : Bravo d&#039;oser vivre la grande aventure de l&#039;entrepreneuriat ! C&#039;est une des plus belles exp\u00e9riences de d\u00e9veloppement de soi et d&#039;impact sur le monde.  Dur\u00e9e\u00a0: Un cr\u00e9neau de 1h en individuel  Attention ! \u00a0Veuillez vous pr\u00e9senter \u00e0 l\u2019heure pour que l\u2019activit\u00e9 puisse commencer \u00e0 temps. Si vous avez du retard veuillez pr\u00e9venir l\u2019intervenant.e. Si vous avez plus de 15 min de retard l\u2019intervenant.e se r\u00e9serve le droit de ne plus vous accepter pour le coaching ou l\u2019atelier.\u00a0\" \/>\n<meta property=\"og:url\" content=\"https:\/\/empow-her.com\/en\/produit\/coaching-prendre-confiance-en-son-potentiel-affirmer-sa-legitimite-valoriser-son-offre\/\" \/>\n<meta property=\"og:site_name\" content=\"Empow&#039;Her\" \/>\n<meta property=\"article:modified_time\" content=\"2024-02-07T11:30:34+00:00\" \/>\n<meta property=\"og:image\" content=\"https:\/\/empow-her.com\/wp-content\/uploads\/2024\/02\/Women-Dare-templates-events-1.png\" \/>\n\t<meta property=\"og:image:width\" content=\"1080\" \/>\n\t<meta property=\"og:image:height\" content=\"1080\" \/>\n\t<meta property=\"og:image:type\" content=\"image\/png\" \/>\n<meta name=\"twitter:card\" content=\"summary_large_image\" \/>\n<meta name=\"twitter:label1\" content=\"Est. reading time\" \/>\n\t<meta name=\"twitter:data1\" content=\"2 minutes\" \/>\n<script type=\"application\/ld+json\" class=\"yoast-schema-graph\">{\"@context\":\"https:\/\/schema.org\",\"@graph\":[{\"@type\":\"WebPage\",\"@id\":\"https:\/\/empow-her.com\/en\/produit\/coaching-prendre-confiance-en-son-potentiel-affirmer-sa-legitimite-valoriser-son-offre\/\",\"url\":\"https:\/\/empow-her.com\/en\/produit\/coaching-prendre-confiance-en-son-potentiel-affirmer-sa-legitimite-valoriser-son-offre\/\",\"name\":\"Coaching - Prendre confiance en son potentiel, affirmer sa l\u00e9gitimit\u00e9 & valoriser son offre - Empow&#039;Her\",\"isPartOf\":{\"@id\":\"https:\/\/empow-her.com\/#website\"},\"primaryImageOfPage\":{\"@id\":\"https:\/\/empow-her.com\/en\/produit\/coaching-prendre-confiance-en-son-potentiel-affirmer-sa-legitimite-valoriser-son-offre\/#primaryimage\"},\"image\":{\"@id\":\"https:\/\/empow-her.com\/en\/produit\/coaching-prendre-confiance-en-son-potentiel-affirmer-sa-legitimite-valoriser-son-offre\/#primaryimage\"},\"thumbnailUrl\":\"https:\/\/empow-her.com\/wp-content\/uploads\/2024\/02\/Women-Dare-templates-events-1.png\",\"datePublished\":\"2024-02-07T11:02:59+00:00\",\"dateModified\":\"2024-02-07T11:30:34+00:00\",\"breadcrumb\":{\"@id\":\"https:\/\/empow-her.com\/en\/produit\/coaching-prendre-confiance-en-son-potentiel-affirmer-sa-legitimite-valoriser-son-offre\/#breadcrumb\"},\"inLanguage\":\"en-US\",\"potentialAction\":[{\"@type\":\"ReadAction\",\"target\":[\"https:\/\/empow-her.com\/en\/produit\/coaching-prendre-confiance-en-son-potentiel-affirmer-sa-legitimite-valoriser-son-offre\/\"]}]},{\"@type\":\"ImageObject\",\"inLanguage\":\"en-US\",\"@id\":\"https:\/\/empow-her.com\/en\/produit\/coaching-prendre-confiance-en-son-potentiel-affirmer-sa-legitimite-valoriser-son-offre\/#primaryimage\",\"url\":\"https:\/\/empow-her.com\/wp-content\/uploads\/2024\/02\/Women-Dare-templates-events-1.png\",\"contentUrl\":\"https:\/\/empow-her.com\/wp-content\/uploads\/2024\/02\/Women-Dare-templates-events-1.png\",\"width\":1080,\"height\":1080},{\"@type\":\"BreadcrumbList\",\"@id\":\"https:\/\/empow-her.com\/en\/produit\/coaching-prendre-confiance-en-son-potentiel-affirmer-sa-legitimite-valoriser-son-offre\/#breadcrumb\",\"itemListElement\":[{\"@type\":\"ListItem\",\"position\":1,\"name\":\"Accueil\",\"item\":\"https:\/\/empow-her.com\/en\/landing-page\/\"},{\"@type\":\"ListItem\",\"position\":2,\"name\":\"LA BOUTIQUE\",\"item\":\"https:\/\/empow-her.com\/boutique\/\"},{\"@type\":\"ListItem\",\"position\":3,\"name\":\"Coaching &#8211; Prendre confiance en son potentiel, affirmer sa l\u00e9gitimit\u00e9 &#038; valoriser son offre\"}]},{\"@type\":\"WebSite\",\"@id\":\"https:\/\/empow-her.com\/#website\",\"url\":\"https:\/\/empow-her.com\/\",\"name\":\"Empow&#039;Her\",\"description\":\"Women Development\",\"potentialAction\":[{\"@type\":\"SearchAction\",\"target\":{\"@type\":\"EntryPoint\",\"urlTemplate\":\"https:\/\/empow-her.com\/?s={search_term_string}\"},\"query-input\":{\"@type\":\"PropertyValueSpecification\",\"valueRequired\":true,\"valueName\":\"search_term_string\"}}],\"inLanguage\":\"en-US\"}]}<\/script>\n<!-- \/ Yoast SEO plugin. -->","yoast_head_json":{"title":"Coaching - Prendre confiance en son potentiel, affirmer sa l\u00e9gitimit\u00e9 & valoriser son offre - Empow&#039;Her","robots":{"index":"index","follow":"follow","max-snippet":"max-snippet:-1","max-image-preview":"max-image-preview:large","max-video-preview":"max-video-preview:-1"},"canonical":"https:\/\/empow-her.com\/en\/produit\/coaching-prendre-confiance-en-son-potentiel-affirmer-sa-legitimite-valoriser-son-offre\/","og_locale":"en_US","og_type":"article","og_title":"Coaching - Prendre confiance en son potentiel, affirmer sa l\u00e9gitimit\u00e9 & valoriser son offre - Empow&#039;Her","og_description":"Description:  Besoin : \"J'ai besoin d'avoir confiance en mes talents et de me sentir l\u00e9gitime en tant qu'entrepreneuse. J'ai besoin de me sentir au clair avec l'utilit\u00e9 de mon offre et de ma proposition de valeur. J'ai besoin de d\u00e9passer mon syndrome de l'imposteur pour sentir que je suis \u00e0 la bonne place.\"  Objectif : si ces phrases r\u00e9sonnent alors cette permanence pourra vous donner des cl\u00e9s pour prendre confiance en votre potentiel.  Intervenant.e\u00a0: Iris Panissier  Je suis co-fondatrice de SHAKER, coach certifi\u00e9e et professionnelle des dynamiques collectives. En coaching individuel, j'accompagne les entrepreneurs.ses et dirigeant.es dans leur croissance personnelle pour d\u00e9velopper un business et des strat\u00e9gies align\u00e9s, porteurs de sens et performants. J'interviens aupr\u00e8s de grands groupes, start-up et associations pour engager le collectif dans des projets de transformations positives et d\u00e9ployer le potentiel des individus qui les composent.  Je me forme en permanence \u00e0 de nombreuses approches de d\u00e9veloppement professionnel et personnel (psychologie, connaissance de soi, entrepreneuriat), parce que cela me passionne et que j'ai \u00e0 coeur d'apporter toujours plus de qualit\u00e9 et d'expertises dans mes accompagnements. Ravie de vous rencontrer !  Son super pouvoir : Le mouvement vers l'\u00e9volution et la bienveillance.  Son petit mot : Bravo d'oser vivre la grande aventure de l'entrepreneuriat ! C'est une des plus belles exp\u00e9riences de d\u00e9veloppement de soi et d'impact sur le monde.  Dur\u00e9e\u00a0: Un cr\u00e9neau de 1h en individuel  Attention ! \u00a0Veuillez vous pr\u00e9senter \u00e0 l\u2019heure pour que l\u2019activit\u00e9 puisse commencer \u00e0 temps. Si vous avez du retard veuillez pr\u00e9venir l\u2019intervenant.e. Si vous avez plus de 15 min de retard l\u2019intervenant.e se r\u00e9serve le droit de ne plus vous accepter pour le coaching ou l\u2019atelier.\u00a0","og_url":"https:\/\/empow-her.com\/en\/produit\/coaching-prendre-confiance-en-son-potentiel-affirmer-sa-legitimite-valoriser-son-offre\/","og_site_name":"Empow&#039;Her","article_modified_time":"2024-02-07T11:30:34+00:00","og_image":[{"width":1080,"height":1080,"url":"https:\/\/empow-her.com\/wp-content\/uploads\/2024\/02\/Women-Dare-templates-events-1.png","type":"image\/png"}],"twitter_card":"summary_large_image","twitter_misc":{"Est. reading time":"2 minutes"},"schema":{"@context":"https:\/\/schema.org","@graph":[{"@type":"WebPage","@id":"https:\/\/empow-her.com\/en\/produit\/coaching-prendre-confiance-en-son-potentiel-affirmer-sa-legitimite-valoriser-son-offre\/","url":"https:\/\/empow-her.com\/en\/produit\/coaching-prendre-confiance-en-son-potentiel-affirmer-sa-legitimite-valoriser-son-offre\/","name":"Coaching - Prendre confiance en son potentiel, affirmer sa l\u00e9gitimit\u00e9 & valoriser son offre - Empow&#039;Her","isPartOf":{"@id":"https:\/\/empow-her.com\/#website"},"primaryImageOfPage":{"@id":"https:\/\/empow-her.com\/en\/produit\/coaching-prendre-confiance-en-son-potentiel-affirmer-sa-legitimite-valoriser-son-offre\/#primaryimage"},"image":{"@id":"https:\/\/empow-her.com\/en\/produit\/coaching-prendre-confiance-en-son-potentiel-affirmer-sa-legitimite-valoriser-son-offre\/#primaryimage"},"thumbnailUrl":"https:\/\/empow-her.com\/wp-content\/uploads\/2024\/02\/Women-Dare-templates-events-1.png","datePublished":"2024-02-07T11:02:59+00:00","dateModified":"2024-02-07T11:30:34+00:00","breadcrumb":{"@id":"https:\/\/empow-her.com\/en\/produit\/coaching-prendre-confiance-en-son-potentiel-affirmer-sa-legitimite-valoriser-son-offre\/#breadcrumb"},"inLanguage":"en-US","potentialAction":[{"@type":"ReadAction","target":["https:\/\/empow-her.com\/en\/produit\/coaching-prendre-confiance-en-son-potentiel-affirmer-sa-legitimite-valoriser-son-offre\/"]}]},{"@type":"ImageObject","inLanguage":"en-US","@id":"https:\/\/empow-her.com\/en\/produit\/coaching-prendre-confiance-en-son-potentiel-affirmer-sa-legitimite-valoriser-son-offre\/#primaryimage","url":"https:\/\/empow-her.com\/wp-content\/uploads\/2024\/02\/Women-Dare-templates-events-1.png","contentUrl":"https:\/\/empow-her.com\/wp-content\/uploads\/2024\/02\/Women-Dare-templates-events-1.png","width":1080,"height":1080},{"@type":"BreadcrumbList","@id":"https:\/\/empow-her.com\/en\/produit\/coaching-prendre-confiance-en-son-potentiel-affirmer-sa-legitimite-valoriser-son-offre\/#breadcrumb","itemListElement":[{"@type":"ListItem","position":1,"name":"Accueil","item":"https:\/\/empow-her.com\/en\/landing-page\/"},{"@type":"ListItem","position":2,"name":"LA BOUTIQUE","item":"https:\/\/empow-her.com\/boutique\/"},{"@type":"ListItem","position":3,"name":"Coaching &#8211; Prendre confiance en son potentiel, affirmer sa l\u00e9gitimit\u00e9 &#038; valoriser son offre"}]},{"@type":"WebSite","@id":"https:\/\/empow-her.com\/#website","url":"https:\/\/empow-her.com\/","name":"Empow&#039;Her","description":"Women Development","potentialAction":[{"@type":"SearchAction","target":{"@type":"EntryPoint","urlTemplate":"https:\/\/empow-her.com\/?s={search_term_string}"},"query-input":{"@type":"PropertyValueSpecification","valueRequired":true,"valueName":"search_term_string"}}],"inLanguage":"en-US"}]}},"_links":{"self":[{"href":"https:\/\/empow-her.com\/en\/wp-json\/wp\/v2\/product\/243237","targetHints":{"allow":["GET"]}}],"collection":[{"href":"https:\/\/empow-her.com\/en\/wp-json\/wp\/v2\/product"}],"about":[{"href":"https:\/\/empow-her.com\/en\/wp-json\/wp\/v2\/types\/product"}],"wp:featuredmedia":[{"embeddable":true,"href":"https:\/\/empow-her.com\/en\/wp-json\/wp\/v2\/media\/243238"}],"wp:attachment":[{"href":"https:\/\/empow-her.com\/en\/wp-json\/wp\/v2\/media?parent=243237"}],"wp:term":[{"taxonomy":"product_brand","embeddable":true,"href":"https:\/\/empow-her.com\/en\/wp-json\/wp\/v2\/product_brand?post=243237"},{"taxonomy":"product_cat","embeddable":true,"href":"https:\/\/empow-her.com\/en\/wp-json\/wp\/v2\/product_cat?post=243237"},{"taxonomy":"product_tag","embeddable":true,"href":"https:\/\/empow-her.com\/en\/wp-json\/wp\/v2\/product_tag?post=243237"},{"taxonomy":"lieu","embeddable":true,"href":"https:\/\/empow-her.com\/en\/wp-json\/wp\/v2\/lieu?post=243237"},{"taxonomy":"thematiques","embeddable":true,"href":"https:\/\/empow-her.com\/en\/wp-json\/wp\/v2\/thematiques?post=243237"}],"curies":[{"name":"wp","href":"https:\/\/api.w.org\/{rel}","templated":true}]}}