{"id":240914,"date":"2024-01-29T14:44:57","date_gmt":"2024-01-29T13:44:57","guid":{"rendered":"https:\/\/empow-her.com\/?post_type=product&#038;p=240914"},"modified":"2024-01-29T15:16:56","modified_gmt":"2024-01-29T14:16:56","slug":"atelier-storytelling-la-marque","status":"publish","type":"product","link":"https:\/\/empow-her.com\/en\/produit\/atelier-storytelling-la-marque\/","title":{"rendered":"Atelier &#8211; Positionnement &#038; Storytelling"},"content":{"rendered":"<p><strong>Description<\/strong> :Dans cet atelier, nous r\u00e9fl\u00e9chirons ensemble sur ce qu&#8217;est une marque pour en comprendre les diff\u00e9rentes dimensions et nous verrons ce qu\u2019est un positionnement et comment celui-ci s\u2019exprime dans le <span class=\"il\">storytelling<\/span> de la marque.<\/p>\n<p>Durant cet atelier, vous exp\u00e9rimenterez des outils qui vous permettront de travailler sur votre positionnement de marque et je vous proposerai quelques exercices pour construire votre <span class=\"il\">storytelling<\/span>.<\/p>\n<ul>\n<li>Qu&#8217;est-ce qu\u2019une marque ?<\/li>\n<li>Comment et pourquoi se positionner ?<\/li>\n<li>Mise en pratique \u00e0 travers l&#8217;analyse des discours de la concurrence<\/li>\n<li>Comment d\u00e9finir l&#8217;identit\u00e9 de ma marque et mon territoire d&#8217;expression<\/li>\n<\/ul>\n<p>&nbsp;<\/p>\n<p><strong>Intervenant.e : Alexandra Robert<\/strong> de l&#8217;agence LesLieuxDits<\/p>\n<p>Je suis designer de formation et experte en \u00e9tudes s\u00e9miotique appliqu\u00e9es au marketing et \u00e0 la marque. Pendant plus de 18 ans, j&#8217;ai \u00e9t\u00e9 directrice artistique et responsable communication pour des marques grand public. Je suis la fondatrice de l&#8217;agence LesLieuxDits, un r\u00e9seau de consultants pluri-disciplinaires qui accompagne les dirigeant.e.s de tout type de structures dans le d\u00e9veloppement et la transformation de leurs activit\u00e9s.<\/p>\n<p>Notre principale force : une envie collective de partager nos savoirs et de faciliter l\u2019\u00e9mergence de projets qui fa\u00e7onnent une \u00e9conomie plus durable.<\/p>\n<p>Domaines d&#8217;expertise : &gt; la relation entre le projet, l&#8217;offre et son &#8220;&#8221;public&#8221;&#8221;, autrement dit : le sens et la valorisation &gt; la collaboration, le collectif, les contributions, la cr\u00e9ativit\u00e9 pour trouver des solutions qui collent aux sujets et aux moyens, autrement dit : le design de solutions et la facilitation.<\/p>\n<p><strong>Pr\u00e9-requis<\/strong> : Aucun<\/p>\n<p><strong>Son super pouvoir<\/strong> : La p\u00e9dagogie cr\u00e9ative<\/p>\n<p><strong>Son petit mot<\/strong> : Osez bricoler, exp\u00e9rimenter, tester les possibilit\u00e9s.<\/p>\n<p><strong> Lieu<\/strong> : Sist&#8217;Her Paris, 82 rue du Faubourg Saint-Martin<\/p>\n<p><strong>Attention !<\/strong> Veuillez vous pr\u00e9senter \u00e0 l&#8217;heure pour que l&#8217;activit\u00e9 puisse commencer \u00e0 temps. Si vous avez du retard veuillez pr\u00e9venir l&#8217;intervenant.e. Si vous avez plus de 15 min de retard l&#8217;intervenant.e se r\u00e9serve le droit de ne plus vous accepter pour le coaching ou l&#8217;atelier.<\/p>\n","protected":false},"excerpt":{"rendered":"<p><strong>Description :\u00a0<\/strong><\/p>\n<p>Dans cet atelier, nous r\u00e9fl\u00e9chirons ensemble sur ce qu&#8217;est une marque pour en comprendre les diff\u00e9rentes dimensions et nous verrons ce qu\u2019est un positionnement et comment celui-ci s\u2019exprime dans le storytelling de la marque.<\/p>\n<p>Durant cet atelier, vous exp\u00e9rimenterez des outils qui vous permettront de travailler sur votre positionnement de marque et je vous proposerai quelques exercices pour construire votre storytelling.<\/p>\n<p>\u2022 Qu\u2019est-ce qu\u2019une marque ?<br \/>\n\u2022 Comment et pourquoi se positionner ?<br \/>\n\u2022 Mise en pratique \u00e0 travers l&#8217;analyse des discours de la concurrence<br \/>\n\u2022 Comment structurer une bonne histoire de marque ?<br \/>\n\u2022 Mise en pratique \u00e0 travers quelques exercices r\u00e9dactionnels.<\/p>\n<p><strong>Intervenant.e : Alexandra Robert<\/strong> <strong>de l&#8217;agence LesLieuxDits<\/strong><\/p>\n<p>Designer de formation, experte en \u00e9tudes s\u00e9miotique appliqu\u00e9es au marketing, \u00e0 la marque et au business apr\u00e8s avoir \u00e9t\u00e9 directrice artistique et responsable communication pour des marques grand public durant plus de 18 ans. Je suis la fondatrice de l&#8217;agence LesLieuxDits qui accompagne les dirigeants dans le d\u00e9veloppement d&#8217;activit\u00e9s \u00e9conomiques plus responsables et cheffe d&#8217;une famille de 3 enfants.<\/p>\n<p>Domaines d&#8217;expertise :<br \/>\n&gt; la relation entre le projet, l&#8217;offre et son &#8220;public&#8221;, autrement dit : le sens et la valorisation<br \/>\n&gt; la collaboration, le collectif, les contributions, la cr\u00e9ativit\u00e9 pour trouver des solutions qui collent aux sujets et aux moyens, autrement dit : le design de solutions et la facilitation.<\/p>\n<p><strong>Pr\u00e9-requis<\/strong> : Aucun<\/p>\n<p><strong>Son super pouvoir<\/strong> : La p\u00e9dagogie cr\u00e9ative<\/p>\n<p><strong>Son petit mot<\/strong> : Osez bricoler, exp\u00e9rimenter, tester les possibilit\u00e9s.<\/p>\n<p><strong> Lieu<\/strong> : Sist&#8217;Her Paris, 82 rue du Faubourg Saint-Martin<\/p>\n<p><strong>Attention !<\/strong> Veuillez vous pr\u00e9senter \u00e0 l&#8217;heure pour que l&#8217;activit\u00e9 puisse commencer \u00e0 temps. Si vous avez du retard veuillez pr\u00e9venir l&#8217;intervenant.e. Si vous avez plus de 15 min de retard l&#8217;intervenant.e se r\u00e9serve le droit de ne plus vous accepter pour le coaching ou l&#8217;atelier.<\/p>\n","protected":false},"featured_media":240917,"template":"","format":"standard","meta":{"_acf_changed":false,"om_disable_all_campaigns":false,"_uf_show_specific_survey":0,"_uf_disable_surveys":false},"product_brand":[],"product_cat":[118],"product_tag":[],"lieu":[127],"thematiques":[],"class_list":{"0":"post-240914","1":"product","2":"type-product","3":"status-publish","4":"format-standard","5":"has-post-thumbnail","7":"product_cat-atelier-collectif","8":"lieu-hub-empowher","10":"first","11":"instock","12":"virtual","13":"purchasable","14":"product-type-appointment"},"exclude_global_add_ons":[],"addons":[],"acf":[],"yoast_head":"<!-- This site is optimized with the Yoast SEO plugin v24.8 - https:\/\/yoast.com\/wordpress\/plugins\/seo\/ -->\n<title>Atelier - Positionnement &amp; Storytelling - Empow&#039;Her<\/title>\n<meta name=\"robots\" content=\"index, follow, max-snippet:-1, max-image-preview:large, max-video-preview:-1\" \/>\n<link rel=\"canonical\" href=\"https:\/\/empow-her.com\/en\/produit\/atelier-storytelling-la-marque\/\" \/>\n<meta property=\"og:locale\" content=\"en_US\" \/>\n<meta property=\"og:type\" content=\"article\" \/>\n<meta property=\"og:title\" content=\"Atelier - Positionnement &amp; Storytelling - Empow&#039;Her\" \/>\n<meta property=\"og:description\" content=\"Description :\u00a0  Dans cet atelier, nous r\u00e9fl\u00e9chirons ensemble sur ce qu&#039;est une marque pour en comprendre les diff\u00e9rentes dimensions et nous verrons ce qu\u2019est un positionnement et comment celui-ci s\u2019exprime dans le storytelling de la marque.  Durant cet atelier, vous exp\u00e9rimenterez des outils qui vous permettront de travailler sur votre positionnement de marque et je vous proposerai quelques exercices pour construire votre storytelling.  \u2022 Qu\u2019est-ce qu\u2019une marque ? \u2022 Comment et pourquoi se positionner ? \u2022 Mise en pratique \u00e0 travers l&#039;analyse des discours de la concurrence \u2022 Comment structurer une bonne histoire de marque ? \u2022 Mise en pratique \u00e0 travers quelques exercices r\u00e9dactionnels.  Intervenant.e : Alexandra Robert de l&#039;agence LesLieuxDits  Designer de formation, experte en \u00e9tudes s\u00e9miotique appliqu\u00e9es au marketing, \u00e0 la marque et au business apr\u00e8s avoir \u00e9t\u00e9 directrice artistique et responsable communication pour des marques grand public durant plus de 18 ans. Je suis la fondatrice de l&#039;agence LesLieuxDits qui accompagne les dirigeants dans le d\u00e9veloppement d&#039;activit\u00e9s \u00e9conomiques plus responsables et cheffe d&#039;une famille de 3 enfants.  Domaines d&#039;expertise : &gt; la relation entre le projet, l&#039;offre et son &quot;public&quot;, autrement dit : le sens et la valorisation &gt; la collaboration, le collectif, les contributions, la cr\u00e9ativit\u00e9 pour trouver des solutions qui collent aux sujets et aux moyens, autrement dit : le design de solutions et la facilitation.  Pr\u00e9-requis : Aucun  Son super pouvoir : La p\u00e9dagogie cr\u00e9ative  Son petit mot : Osez bricoler, exp\u00e9rimenter, tester les possibilit\u00e9s.   Lieu : Sist&#039;Her Paris, 82 rue du Faubourg Saint-Martin  Attention ! Veuillez vous pr\u00e9senter \u00e0 l&#039;heure pour que l&#039;activit\u00e9 puisse commencer \u00e0 temps. Si vous avez du retard veuillez pr\u00e9venir l&#039;intervenant.e. Si vous avez plus de 15 min de retard l&#039;intervenant.e se r\u00e9serve le droit de ne plus vous accepter pour le coaching ou l&#039;atelier.\" \/>\n<meta property=\"og:url\" content=\"https:\/\/empow-her.com\/en\/produit\/atelier-storytelling-la-marque\/\" \/>\n<meta property=\"og:site_name\" content=\"Empow&#039;Her\" \/>\n<meta property=\"article:modified_time\" content=\"2024-01-29T14:16:56+00:00\" \/>\n<meta property=\"og:image\" content=\"https:\/\/empow-her.com\/wp-content\/uploads\/2024\/01\/Women-Dare-templates-events-42.png\" \/>\n\t<meta property=\"og:image:width\" content=\"1080\" \/>\n\t<meta property=\"og:image:height\" content=\"1080\" \/>\n\t<meta property=\"og:image:type\" content=\"image\/png\" \/>\n<meta name=\"twitter:card\" content=\"summary_large_image\" \/>\n<meta name=\"twitter:label1\" content=\"Est. reading time\" \/>\n\t<meta name=\"twitter:data1\" content=\"2 minutes\" \/>\n<script type=\"application\/ld+json\" class=\"yoast-schema-graph\">{\"@context\":\"https:\/\/schema.org\",\"@graph\":[{\"@type\":\"WebPage\",\"@id\":\"https:\/\/empow-her.com\/en\/produit\/atelier-storytelling-la-marque\/\",\"url\":\"https:\/\/empow-her.com\/en\/produit\/atelier-storytelling-la-marque\/\",\"name\":\"Atelier - Positionnement & Storytelling - Empow&#039;Her\",\"isPartOf\":{\"@id\":\"https:\/\/empow-her.com\/#website\"},\"primaryImageOfPage\":{\"@id\":\"https:\/\/empow-her.com\/en\/produit\/atelier-storytelling-la-marque\/#primaryimage\"},\"image\":{\"@id\":\"https:\/\/empow-her.com\/en\/produit\/atelier-storytelling-la-marque\/#primaryimage\"},\"thumbnailUrl\":\"https:\/\/empow-her.com\/wp-content\/uploads\/2024\/01\/Women-Dare-templates-events-42.png\",\"datePublished\":\"2024-01-29T13:44:57+00:00\",\"dateModified\":\"2024-01-29T14:16:56+00:00\",\"breadcrumb\":{\"@id\":\"https:\/\/empow-her.com\/en\/produit\/atelier-storytelling-la-marque\/#breadcrumb\"},\"inLanguage\":\"en-US\",\"potentialAction\":[{\"@type\":\"ReadAction\",\"target\":[\"https:\/\/empow-her.com\/en\/produit\/atelier-storytelling-la-marque\/\"]}]},{\"@type\":\"ImageObject\",\"inLanguage\":\"en-US\",\"@id\":\"https:\/\/empow-her.com\/en\/produit\/atelier-storytelling-la-marque\/#primaryimage\",\"url\":\"https:\/\/empow-her.com\/wp-content\/uploads\/2024\/01\/Women-Dare-templates-events-42.png\",\"contentUrl\":\"https:\/\/empow-her.com\/wp-content\/uploads\/2024\/01\/Women-Dare-templates-events-42.png\",\"width\":1080,\"height\":1080},{\"@type\":\"BreadcrumbList\",\"@id\":\"https:\/\/empow-her.com\/en\/produit\/atelier-storytelling-la-marque\/#breadcrumb\",\"itemListElement\":[{\"@type\":\"ListItem\",\"position\":1,\"name\":\"Accueil\",\"item\":\"https:\/\/empow-her.com\/en\/landing-page\/\"},{\"@type\":\"ListItem\",\"position\":2,\"name\":\"LA BOUTIQUE\",\"item\":\"https:\/\/empow-her.com\/boutique\/\"},{\"@type\":\"ListItem\",\"position\":3,\"name\":\"Atelier &#8211; Positionnement &#038; Storytelling\"}]},{\"@type\":\"WebSite\",\"@id\":\"https:\/\/empow-her.com\/#website\",\"url\":\"https:\/\/empow-her.com\/\",\"name\":\"Empow&#039;Her\",\"description\":\"Women Development\",\"potentialAction\":[{\"@type\":\"SearchAction\",\"target\":{\"@type\":\"EntryPoint\",\"urlTemplate\":\"https:\/\/empow-her.com\/?s={search_term_string}\"},\"query-input\":{\"@type\":\"PropertyValueSpecification\",\"valueRequired\":true,\"valueName\":\"search_term_string\"}}],\"inLanguage\":\"en-US\"}]}<\/script>\n<!-- \/ Yoast SEO plugin. -->","yoast_head_json":{"title":"Atelier - Positionnement & Storytelling - Empow&#039;Her","robots":{"index":"index","follow":"follow","max-snippet":"max-snippet:-1","max-image-preview":"max-image-preview:large","max-video-preview":"max-video-preview:-1"},"canonical":"https:\/\/empow-her.com\/en\/produit\/atelier-storytelling-la-marque\/","og_locale":"en_US","og_type":"article","og_title":"Atelier - Positionnement & Storytelling - Empow&#039;Her","og_description":"Description :\u00a0  Dans cet atelier, nous r\u00e9fl\u00e9chirons ensemble sur ce qu'est une marque pour en comprendre les diff\u00e9rentes dimensions et nous verrons ce qu\u2019est un positionnement et comment celui-ci s\u2019exprime dans le storytelling de la marque.  Durant cet atelier, vous exp\u00e9rimenterez des outils qui vous permettront de travailler sur votre positionnement de marque et je vous proposerai quelques exercices pour construire votre storytelling.  \u2022 Qu\u2019est-ce qu\u2019une marque ? \u2022 Comment et pourquoi se positionner ? \u2022 Mise en pratique \u00e0 travers l'analyse des discours de la concurrence \u2022 Comment structurer une bonne histoire de marque ? \u2022 Mise en pratique \u00e0 travers quelques exercices r\u00e9dactionnels.  Intervenant.e : Alexandra Robert de l'agence LesLieuxDits  Designer de formation, experte en \u00e9tudes s\u00e9miotique appliqu\u00e9es au marketing, \u00e0 la marque et au business apr\u00e8s avoir \u00e9t\u00e9 directrice artistique et responsable communication pour des marques grand public durant plus de 18 ans. Je suis la fondatrice de l'agence LesLieuxDits qui accompagne les dirigeants dans le d\u00e9veloppement d'activit\u00e9s \u00e9conomiques plus responsables et cheffe d'une famille de 3 enfants.  Domaines d'expertise : &gt; la relation entre le projet, l'offre et son \"public\", autrement dit : le sens et la valorisation &gt; la collaboration, le collectif, les contributions, la cr\u00e9ativit\u00e9 pour trouver des solutions qui collent aux sujets et aux moyens, autrement dit : le design de solutions et la facilitation.  Pr\u00e9-requis : Aucun  Son super pouvoir : La p\u00e9dagogie cr\u00e9ative  Son petit mot : Osez bricoler, exp\u00e9rimenter, tester les possibilit\u00e9s.   Lieu : Sist'Her Paris, 82 rue du Faubourg Saint-Martin  Attention ! Veuillez vous pr\u00e9senter \u00e0 l'heure pour que l'activit\u00e9 puisse commencer \u00e0 temps. Si vous avez du retard veuillez pr\u00e9venir l'intervenant.e. Si vous avez plus de 15 min de retard l'intervenant.e se r\u00e9serve le droit de ne plus vous accepter pour le coaching ou l'atelier.","og_url":"https:\/\/empow-her.com\/en\/produit\/atelier-storytelling-la-marque\/","og_site_name":"Empow&#039;Her","article_modified_time":"2024-01-29T14:16:56+00:00","og_image":[{"width":1080,"height":1080,"url":"https:\/\/empow-her.com\/wp-content\/uploads\/2024\/01\/Women-Dare-templates-events-42.png","type":"image\/png"}],"twitter_card":"summary_large_image","twitter_misc":{"Est. reading time":"2 minutes"},"schema":{"@context":"https:\/\/schema.org","@graph":[{"@type":"WebPage","@id":"https:\/\/empow-her.com\/en\/produit\/atelier-storytelling-la-marque\/","url":"https:\/\/empow-her.com\/en\/produit\/atelier-storytelling-la-marque\/","name":"Atelier - Positionnement & Storytelling - Empow&#039;Her","isPartOf":{"@id":"https:\/\/empow-her.com\/#website"},"primaryImageOfPage":{"@id":"https:\/\/empow-her.com\/en\/produit\/atelier-storytelling-la-marque\/#primaryimage"},"image":{"@id":"https:\/\/empow-her.com\/en\/produit\/atelier-storytelling-la-marque\/#primaryimage"},"thumbnailUrl":"https:\/\/empow-her.com\/wp-content\/uploads\/2024\/01\/Women-Dare-templates-events-42.png","datePublished":"2024-01-29T13:44:57+00:00","dateModified":"2024-01-29T14:16:56+00:00","breadcrumb":{"@id":"https:\/\/empow-her.com\/en\/produit\/atelier-storytelling-la-marque\/#breadcrumb"},"inLanguage":"en-US","potentialAction":[{"@type":"ReadAction","target":["https:\/\/empow-her.com\/en\/produit\/atelier-storytelling-la-marque\/"]}]},{"@type":"ImageObject","inLanguage":"en-US","@id":"https:\/\/empow-her.com\/en\/produit\/atelier-storytelling-la-marque\/#primaryimage","url":"https:\/\/empow-her.com\/wp-content\/uploads\/2024\/01\/Women-Dare-templates-events-42.png","contentUrl":"https:\/\/empow-her.com\/wp-content\/uploads\/2024\/01\/Women-Dare-templates-events-42.png","width":1080,"height":1080},{"@type":"BreadcrumbList","@id":"https:\/\/empow-her.com\/en\/produit\/atelier-storytelling-la-marque\/#breadcrumb","itemListElement":[{"@type":"ListItem","position":1,"name":"Accueil","item":"https:\/\/empow-her.com\/en\/landing-page\/"},{"@type":"ListItem","position":2,"name":"LA BOUTIQUE","item":"https:\/\/empow-her.com\/boutique\/"},{"@type":"ListItem","position":3,"name":"Atelier &#8211; Positionnement &#038; Storytelling"}]},{"@type":"WebSite","@id":"https:\/\/empow-her.com\/#website","url":"https:\/\/empow-her.com\/","name":"Empow&#039;Her","description":"Women Development","potentialAction":[{"@type":"SearchAction","target":{"@type":"EntryPoint","urlTemplate":"https:\/\/empow-her.com\/?s={search_term_string}"},"query-input":{"@type":"PropertyValueSpecification","valueRequired":true,"valueName":"search_term_string"}}],"inLanguage":"en-US"}]}},"_links":{"self":[{"href":"https:\/\/empow-her.com\/en\/wp-json\/wp\/v2\/product\/240914","targetHints":{"allow":["GET"]}}],"collection":[{"href":"https:\/\/empow-her.com\/en\/wp-json\/wp\/v2\/product"}],"about":[{"href":"https:\/\/empow-her.com\/en\/wp-json\/wp\/v2\/types\/product"}],"wp:featuredmedia":[{"embeddable":true,"href":"https:\/\/empow-her.com\/en\/wp-json\/wp\/v2\/media\/240917"}],"wp:attachment":[{"href":"https:\/\/empow-her.com\/en\/wp-json\/wp\/v2\/media?parent=240914"}],"wp:term":[{"taxonomy":"product_brand","embeddable":true,"href":"https:\/\/empow-her.com\/en\/wp-json\/wp\/v2\/product_brand?post=240914"},{"taxonomy":"product_cat","embeddable":true,"href":"https:\/\/empow-her.com\/en\/wp-json\/wp\/v2\/product_cat?post=240914"},{"taxonomy":"product_tag","embeddable":true,"href":"https:\/\/empow-her.com\/en\/wp-json\/wp\/v2\/product_tag?post=240914"},{"taxonomy":"lieu","embeddable":true,"href":"https:\/\/empow-her.com\/en\/wp-json\/wp\/v2\/lieu?post=240914"},{"taxonomy":"thematiques","embeddable":true,"href":"https:\/\/empow-her.com\/en\/wp-json\/wp\/v2\/thematiques?post=240914"}],"curies":[{"name":"wp","href":"https:\/\/api.w.org\/{rel}","templated":true}]}}