{"id":239031,"date":"2024-01-22T16:35:16","date_gmt":"2024-01-22T15:35:16","guid":{"rendered":"https:\/\/empow-her.com\/?post_type=product&#038;p=239031"},"modified":"2024-02-07T17:52:27","modified_gmt":"2024-02-07T16:52:27","slug":"banlieusardes-lexposition","status":"publish","type":"product","link":"https:\/\/empow-her.com\/en\/produit\/banlieusardes-lexposition\/","title":{"rendered":"\u00c9v\u00e9nement sp\u00e9cial &#8211; Banlieusardes, l&#8217;exposition"},"content":{"rendered":"<h4>Banlieusardes, l&#8217;exposition pour comprendre comment repr\u00e9senter les habitantes de quartiers populaires de banlieue<\/h4>\n<p>&nbsp;<\/p>\n<p>Jeudi 22 f\u00e9vrier de 18h30 \u00e0 21h00 chez Sist&#8217;Her, <strong>Krissima Poba<\/strong> organise le temps d&#8217;une soir\u00e9e l&#8217;exposition &#8220;Banlieusardes&#8221; pour mettre en avant des artistes f\u00e9minines venant de banlieue parisienne.<\/p>\n<p>\u00c0 travers les oeuvres d&#8217;artistes banlieusardes et leurs r\u00e9flexions sur la repr\u00e9sentation des quartiers populaires de banlieue parisienne et de ses habitantes, nous nous questionnerons sur la place des banlieusardes dans les arts et dans les m\u00e9dias.<\/p>\n<p><strong>Au programme : <\/strong><\/p>\n<ul>\n<li>Expositions d&#8217;artistes<\/li>\n<li>Discussions<\/li>\n<li>Projection de film<\/li>\n<\/ul>\n<p>&nbsp;<\/p>\n<p><strong>Qui est Krissima Poba ?<\/strong><\/p>\n<p><a href=\"https:\/\/www.krissimapoba.com\/\">Krissima Poba<\/a> est une artiste photographe franco-congolaise.<br \/>\nElle se sert de ses autoportraits comme critique des st\u00e9r\u00e9otypes et des clich\u00e9s qu&#8217;elle peut repr\u00e9senter. \u00c0 travers ses oeuvres elle exerce son m\u00e9tier de m\u00e9diatrice scientifique en cr\u00e9ant des m\u00e9diums qui allient arts et sciences. Le projet Banlieusarde a d\u00e9but\u00e9 en 2020 avec ses autoportraits. Aujourd&#8217;hui Banlieusarde c&#8217;est : des ateliers en \u00e9cole, des expositions dans des centres sociaux, des atelier en centre socio-culturels et une future r\u00e9sidence pour artiste de banlieue.<\/p>\n<p><strong>Ensemble nous tenterons de cr\u00e9er des repr\u00e9sentations plurielles avec des artistes de banlieue<\/strong>.<\/p>\n<p>&nbsp;<\/p>\n<p><strong>Infos pratiques :\u00a0<\/strong><\/p>\n<p>&#x1f4c6; Jeudi 22 f\u00e9vrier<br \/>\n&#x231b;&#xfe0f; De 18h30 \u00e0 21h00<br \/>\n&#x1f516; Inscription gratuite obligatoire<br \/>\n&#x1f467; Un espace enfant est pr\u00e9vu lors de cet \u00e9v\u00e9nement<br \/>\n&#x1f4cd; Chez Sist&#8217;Her, 82 rue du Faubourg St-Martin, 75010 Paris<\/p>\n<p>Ouvert en mars 2021 par l&#8217;ONG <a href=\"https:\/\/empow-her.com\/\">Empow&#8217;Her<\/a>, Sist\u2019Her Paris est un espace de partage et de cr\u00e9ation f\u00e9ministe, accessible \u00e0 tous.tes, d\u00e9di\u00e9 \u00e0 l\u2019\u00e9criture collective d\u2019un nouveau narratif entrepreneurial et \u00e0 l\u2019outillage des combats pour des soci\u00e9t\u00e9s plus justes, durables et \u00e9galitaires.<\/p>\n<p>&nbsp;<\/p>\n<p>On esp\u00e8re vous voir nombreux\u00b7ses ! &#x2728;<\/p>\n","protected":false},"excerpt":{"rendered":"<h4>Banlieusardes, l&#8217;exposition pour comprendre comment repr\u00e9senter les habitantes de quartiers populaires de banlieue<\/h4>\n<p>&nbsp;<\/p>\n<p>Jeudi 22 f\u00e9vrier de 18h30 \u00e0 21h00 chez Sist&#8217;Her, <strong>Krissima Poba<\/strong> organise le temps d&#8217;une soir\u00e9e l&#8217;exposition &#8220;Banlieusardes&#8221; pour mettre en avant des artistes f\u00e9minines venant de banlieue parisienne.<\/p>\n<p>\u00c0 travers les oeuvres d&#8217;artistes banlieusardes et leurs r\u00e9flexions sur la repr\u00e9sentation des quartiers populaires de banlieue parisienne et de ses habitantes, nous nous questionnerons sur la place des banlieusardes dans les arts et dans les m\u00e9dias.<\/p>\n<p><strong>Au programme : <\/strong><\/p>\n<ul>\n<li>Expositions d&#8217;artistes<\/li>\n<li>Discussions<\/li>\n<li>Projection de film<\/li>\n<\/ul>\n<p>&nbsp;<\/p>\n<p><strong>Qui est Krissima Poba ?<\/strong><\/p>\n<p><a href=\"https:\/\/www.krissimapoba.com\/\">Krissima Poba<\/a> est une artiste photographe franco-congolaise.<br \/>\nElle se sert de ses autoportraits comme critique des st\u00e9r\u00e9otypes et des clich\u00e9s qu&#8217;elle peut repr\u00e9senter. \u00c0 travers ses oeuvres elle exerce son m\u00e9tier de m\u00e9diatrice scientifique en cr\u00e9ant des m\u00e9diums qui allient arts et sciences. Le projet Banlieusarde a d\u00e9but\u00e9 en 2020 avec ses autoportraits. Aujourd&#8217;hui Banlieusarde c&#8217;est : des ateliers en \u00e9cole, des expositions dans des centres sociaux, des atelier en centre socio-culturels et une future r\u00e9sidence pour artiste de banlieue.<\/p>\n<p><strong>Ensemble nous tenterons de cr\u00e9er des repr\u00e9sentations plurielles avec des artistes de banlieue<\/strong>.<\/p>\n<p>&nbsp;<\/p>\n<p><strong>Infos pratiques :\u00a0<\/strong><\/p>\n<p>&#x1f4c6; Jeudi 22 f\u00e9vrier<br \/>\n&#x231b;&#xfe0f; De 18h30 \u00e0 21h00<br \/>\n&#x1f516; Inscription gratuite obligatoire<br \/>\n&#x1f467; Un espace enfant est pr\u00e9vu lors de cet \u00e9v\u00e9nement<br \/>\n&#x1f4cd; Chez Sist&#8217;Her, 82 rue du Faubourg St-Martin, 75010 Paris<\/p>\n<p>Ouvert en mars 2021 par l&#8217;ONG <a href=\"https:\/\/empow-her.com\/\">Empow&#8217;Her<\/a>, Sist\u2019Her Paris est un espace de partage et de cr\u00e9ation f\u00e9ministe, accessible \u00e0 tous.tes, d\u00e9di\u00e9 \u00e0 l\u2019\u00e9criture collective d\u2019un nouveau narratif entrepreneurial et \u00e0 l\u2019outillage des combats pour des soci\u00e9t\u00e9s plus justes, durables et \u00e9galitaires.<\/p>\n<p>&nbsp;<\/p>\n<p>On esp\u00e8re vous voir nombreux\u00b7ses ! &#x2728;<\/p>\n","protected":false},"featured_media":239032,"template":"","format":"standard","meta":{"_acf_changed":false,"om_disable_all_campaigns":false,"_uf_show_specific_survey":0,"_uf_disable_surveys":false},"product_brand":[],"product_cat":[119],"product_tag":[132],"lieu":[127],"thematiques":[],"class_list":{"0":"post-239031","1":"product","2":"type-product","3":"status-publish","4":"format-standard","5":"has-post-thumbnail","7":"product_cat-evenement-sisther","8":"product_tag-sisther","9":"lieu-hub-empowher","11":"first","12":"instock","13":"virtual","14":"purchasable","15":"product-type-appointment"},"exclude_global_add_ons":[],"addons":[],"acf":[],"yoast_head":"<!-- This site is optimized with the Yoast SEO plugin v24.8 - https:\/\/yoast.com\/wordpress\/plugins\/seo\/ -->\n<title>\u00c9v\u00e9nement sp\u00e9cial - Banlieusardes, l&#039;exposition - Empow&#039;Her Banlieusardes, l&#039;exposition !<\/title>\n<meta name=\"description\" content=\"Banlieusardes, l&#039;exposition pour comprendre comment repr\u00e9senter les habitantes de quartiers populaires de banlieue ? Rendez-vous jeudi 22 f\u00e9vrier \u00e0 18h30 !\" \/>\n<meta name=\"robots\" content=\"index, follow, max-snippet:-1, max-image-preview:large, max-video-preview:-1\" \/>\n<link rel=\"canonical\" href=\"https:\/\/empow-her.com\/en\/produit\/banlieusardes-lexposition\/\" \/>\n<meta property=\"og:locale\" content=\"en_US\" \/>\n<meta property=\"og:type\" content=\"article\" \/>\n<meta property=\"og:title\" content=\"\u00c9v\u00e9nement sp\u00e9cial - Banlieusardes, l&#039;exposition - Empow&#039;Her Banlieusardes, l&#039;exposition !\" \/>\n<meta property=\"og:description\" content=\"Banlieusardes, l&#039;exposition pour comprendre comment repr\u00e9senter les habitantes de quartiers populaires de banlieue ? Rendez-vous jeudi 22 f\u00e9vrier \u00e0 18h30 !\" \/>\n<meta property=\"og:url\" content=\"https:\/\/empow-her.com\/en\/produit\/banlieusardes-lexposition\/\" \/>\n<meta property=\"og:site_name\" content=\"Empow&#039;Her\" \/>\n<meta property=\"article:modified_time\" content=\"2024-02-07T16:52:27+00:00\" \/>\n<meta property=\"og:image\" content=\"https:\/\/empow-her.com\/wp-content\/uploads\/2024\/01\/shetalks-economie-circulaire-21.png\" \/>\n\t<meta property=\"og:image:width\" content=\"1080\" \/>\n\t<meta property=\"og:image:height\" content=\"1080\" \/>\n\t<meta property=\"og:image:type\" content=\"image\/png\" \/>\n<meta name=\"twitter:card\" content=\"summary_large_image\" \/>\n<meta name=\"twitter:label1\" content=\"Est. reading time\" \/>\n\t<meta name=\"twitter:data1\" content=\"2 minutes\" \/>\n<script type=\"application\/ld+json\" class=\"yoast-schema-graph\">{\"@context\":\"https:\/\/schema.org\",\"@graph\":[{\"@type\":\"WebPage\",\"@id\":\"https:\/\/empow-her.com\/en\/produit\/banlieusardes-lexposition\/\",\"url\":\"https:\/\/empow-her.com\/en\/produit\/banlieusardes-lexposition\/\",\"name\":\"\u00c9v\u00e9nement sp\u00e9cial - Banlieusardes, l'exposition - Empow&#039;Her Banlieusardes, l'exposition !\",\"isPartOf\":{\"@id\":\"https:\/\/empow-her.com\/#website\"},\"primaryImageOfPage\":{\"@id\":\"https:\/\/empow-her.com\/en\/produit\/banlieusardes-lexposition\/#primaryimage\"},\"image\":{\"@id\":\"https:\/\/empow-her.com\/en\/produit\/banlieusardes-lexposition\/#primaryimage\"},\"thumbnailUrl\":\"https:\/\/empow-her.com\/wp-content\/uploads\/2024\/01\/shetalks-economie-circulaire-21.png\",\"datePublished\":\"2024-01-22T15:35:16+00:00\",\"dateModified\":\"2024-02-07T16:52:27+00:00\",\"description\":\"Banlieusardes, l'exposition pour comprendre comment repr\u00e9senter les habitantes de quartiers populaires de banlieue ? Rendez-vous jeudi 22 f\u00e9vrier \u00e0 18h30 !\",\"breadcrumb\":{\"@id\":\"https:\/\/empow-her.com\/en\/produit\/banlieusardes-lexposition\/#breadcrumb\"},\"inLanguage\":\"en-US\",\"potentialAction\":[{\"@type\":\"ReadAction\",\"target\":[\"https:\/\/empow-her.com\/en\/produit\/banlieusardes-lexposition\/\"]}]},{\"@type\":\"ImageObject\",\"inLanguage\":\"en-US\",\"@id\":\"https:\/\/empow-her.com\/en\/produit\/banlieusardes-lexposition\/#primaryimage\",\"url\":\"https:\/\/empow-her.com\/wp-content\/uploads\/2024\/01\/shetalks-economie-circulaire-21.png\",\"contentUrl\":\"https:\/\/empow-her.com\/wp-content\/uploads\/2024\/01\/shetalks-economie-circulaire-21.png\",\"width\":1080,\"height\":1080},{\"@type\":\"BreadcrumbList\",\"@id\":\"https:\/\/empow-her.com\/en\/produit\/banlieusardes-lexposition\/#breadcrumb\",\"itemListElement\":[{\"@type\":\"ListItem\",\"position\":1,\"name\":\"Accueil\",\"item\":\"https:\/\/empow-her.com\/en\/landing-page\/\"},{\"@type\":\"ListItem\",\"position\":2,\"name\":\"LA BOUTIQUE\",\"item\":\"https:\/\/empow-her.com\/boutique\/\"},{\"@type\":\"ListItem\",\"position\":3,\"name\":\"\u00c9v\u00e9nement sp\u00e9cial &#8211; Banlieusardes, l&#8217;exposition\"}]},{\"@type\":\"WebSite\",\"@id\":\"https:\/\/empow-her.com\/#website\",\"url\":\"https:\/\/empow-her.com\/\",\"name\":\"Empow&#039;Her\",\"description\":\"Women Development\",\"potentialAction\":[{\"@type\":\"SearchAction\",\"target\":{\"@type\":\"EntryPoint\",\"urlTemplate\":\"https:\/\/empow-her.com\/?s={search_term_string}\"},\"query-input\":{\"@type\":\"PropertyValueSpecification\",\"valueRequired\":true,\"valueName\":\"search_term_string\"}}],\"inLanguage\":\"en-US\"}]}<\/script>\n<!-- \/ Yoast SEO plugin. -->","yoast_head_json":{"title":"\u00c9v\u00e9nement sp\u00e9cial - Banlieusardes, l'exposition - Empow&#039;Her Banlieusardes, l'exposition !","description":"Banlieusardes, l'exposition pour comprendre comment repr\u00e9senter les habitantes de quartiers populaires de banlieue ? Rendez-vous jeudi 22 f\u00e9vrier \u00e0 18h30 !","robots":{"index":"index","follow":"follow","max-snippet":"max-snippet:-1","max-image-preview":"max-image-preview:large","max-video-preview":"max-video-preview:-1"},"canonical":"https:\/\/empow-her.com\/en\/produit\/banlieusardes-lexposition\/","og_locale":"en_US","og_type":"article","og_title":"\u00c9v\u00e9nement sp\u00e9cial - Banlieusardes, l'exposition - Empow&#039;Her Banlieusardes, l'exposition !","og_description":"Banlieusardes, l'exposition pour comprendre comment repr\u00e9senter les habitantes de quartiers populaires de banlieue ? Rendez-vous jeudi 22 f\u00e9vrier \u00e0 18h30 !","og_url":"https:\/\/empow-her.com\/en\/produit\/banlieusardes-lexposition\/","og_site_name":"Empow&#039;Her","article_modified_time":"2024-02-07T16:52:27+00:00","og_image":[{"width":1080,"height":1080,"url":"https:\/\/empow-her.com\/wp-content\/uploads\/2024\/01\/shetalks-economie-circulaire-21.png","type":"image\/png"}],"twitter_card":"summary_large_image","twitter_misc":{"Est. reading time":"2 minutes"},"schema":{"@context":"https:\/\/schema.org","@graph":[{"@type":"WebPage","@id":"https:\/\/empow-her.com\/en\/produit\/banlieusardes-lexposition\/","url":"https:\/\/empow-her.com\/en\/produit\/banlieusardes-lexposition\/","name":"\u00c9v\u00e9nement sp\u00e9cial - Banlieusardes, l'exposition - Empow&#039;Her Banlieusardes, l'exposition !","isPartOf":{"@id":"https:\/\/empow-her.com\/#website"},"primaryImageOfPage":{"@id":"https:\/\/empow-her.com\/en\/produit\/banlieusardes-lexposition\/#primaryimage"},"image":{"@id":"https:\/\/empow-her.com\/en\/produit\/banlieusardes-lexposition\/#primaryimage"},"thumbnailUrl":"https:\/\/empow-her.com\/wp-content\/uploads\/2024\/01\/shetalks-economie-circulaire-21.png","datePublished":"2024-01-22T15:35:16+00:00","dateModified":"2024-02-07T16:52:27+00:00","description":"Banlieusardes, l'exposition pour comprendre comment repr\u00e9senter les habitantes de quartiers populaires de banlieue ? Rendez-vous jeudi 22 f\u00e9vrier \u00e0 18h30 !","breadcrumb":{"@id":"https:\/\/empow-her.com\/en\/produit\/banlieusardes-lexposition\/#breadcrumb"},"inLanguage":"en-US","potentialAction":[{"@type":"ReadAction","target":["https:\/\/empow-her.com\/en\/produit\/banlieusardes-lexposition\/"]}]},{"@type":"ImageObject","inLanguage":"en-US","@id":"https:\/\/empow-her.com\/en\/produit\/banlieusardes-lexposition\/#primaryimage","url":"https:\/\/empow-her.com\/wp-content\/uploads\/2024\/01\/shetalks-economie-circulaire-21.png","contentUrl":"https:\/\/empow-her.com\/wp-content\/uploads\/2024\/01\/shetalks-economie-circulaire-21.png","width":1080,"height":1080},{"@type":"BreadcrumbList","@id":"https:\/\/empow-her.com\/en\/produit\/banlieusardes-lexposition\/#breadcrumb","itemListElement":[{"@type":"ListItem","position":1,"name":"Accueil","item":"https:\/\/empow-her.com\/en\/landing-page\/"},{"@type":"ListItem","position":2,"name":"LA BOUTIQUE","item":"https:\/\/empow-her.com\/boutique\/"},{"@type":"ListItem","position":3,"name":"\u00c9v\u00e9nement sp\u00e9cial &#8211; Banlieusardes, l&#8217;exposition"}]},{"@type":"WebSite","@id":"https:\/\/empow-her.com\/#website","url":"https:\/\/empow-her.com\/","name":"Empow&#039;Her","description":"Women Development","potentialAction":[{"@type":"SearchAction","target":{"@type":"EntryPoint","urlTemplate":"https:\/\/empow-her.com\/?s={search_term_string}"},"query-input":{"@type":"PropertyValueSpecification","valueRequired":true,"valueName":"search_term_string"}}],"inLanguage":"en-US"}]}},"_links":{"self":[{"href":"https:\/\/empow-her.com\/en\/wp-json\/wp\/v2\/product\/239031","targetHints":{"allow":["GET"]}}],"collection":[{"href":"https:\/\/empow-her.com\/en\/wp-json\/wp\/v2\/product"}],"about":[{"href":"https:\/\/empow-her.com\/en\/wp-json\/wp\/v2\/types\/product"}],"wp:featuredmedia":[{"embeddable":true,"href":"https:\/\/empow-her.com\/en\/wp-json\/wp\/v2\/media\/239032"}],"wp:attachment":[{"href":"https:\/\/empow-her.com\/en\/wp-json\/wp\/v2\/media?parent=239031"}],"wp:term":[{"taxonomy":"product_brand","embeddable":true,"href":"https:\/\/empow-her.com\/en\/wp-json\/wp\/v2\/product_brand?post=239031"},{"taxonomy":"product_cat","embeddable":true,"href":"https:\/\/empow-her.com\/en\/wp-json\/wp\/v2\/product_cat?post=239031"},{"taxonomy":"product_tag","embeddable":true,"href":"https:\/\/empow-her.com\/en\/wp-json\/wp\/v2\/product_tag?post=239031"},{"taxonomy":"lieu","embeddable":true,"href":"https:\/\/empow-her.com\/en\/wp-json\/wp\/v2\/lieu?post=239031"},{"taxonomy":"thematiques","embeddable":true,"href":"https:\/\/empow-her.com\/en\/wp-json\/wp\/v2\/thematiques?post=239031"}],"curies":[{"name":"wp","href":"https:\/\/api.w.org\/{rel}","templated":true}]}}