{"id":237143,"date":"2024-01-15T10:36:13","date_gmt":"2024-01-15T09:36:13","guid":{"rendered":"https:\/\/empow-her.com\/?post_type=product&#038;p=237143"},"modified":"2024-01-23T17:08:22","modified_gmt":"2024-01-23T16:08:22","slug":"happyher","status":"publish","type":"product","link":"https:\/\/empow-her.com\/en\/produit\/happyher\/","title":{"rendered":"Happy&#8217;Her"},"content":{"rendered":"<div>\n<div>\n<h4><b>Le Happy&#8217;Her, votre rendez vous mensuel pour d\u00e9velopper votre r\u00e9seau revient ! &#x1f31f;<\/b><\/h4>\n<\/div>\n<div><strong>&#x1f942; <\/strong>Fini les networking barbants o\u00f9 personne ne sait o\u00f9 se mettre, le Happy Her est un moment convivial pour vous faire rencontrer un maximum d&#8217;entrepreneuses et s&#8217;entraider.<br \/>\nComment ? Nous vous concoctons des petites animations sympas pour briser la glace et se connecter. En 2 heures, vous vous sentirez moins seules et d\u00e9couvrirez d&#8217;autres femmes qui partagent les m\u00eames gal\u00e8res et victoires !<\/div>\n<div><\/div>\n<div>&#x26a1;&#xfe0f;<\/div>\n<\/div>\n<div><\/div>\n<div><\/div>\n<div>\n<div><strong>Infos pratiques :<\/strong><\/div>\n<\/div>\n<p class=\"l7ghb35v kjdc1dyq kmwttqpk gh25dzvf jikcssrz\"><span class=\"fxk3tzhb b2rh1bv3 gh55jysx m8h3af8h ewco64xe kjdc1dyq ms56khn7 bq6c9xl4 eohcrkr5 akh3l2rg\"><img decoding=\"async\" src=\"https:\/\/static.xx.fbcdn.net\/images\/emoji.php\/v9\/td7\/1.5\/16\/1f4c5.png\" alt=\"&#x1f4c5;\" width=\"16\" height=\"16\" \/><\/span> Le mercredi 7 f\u00e9vrier<br \/>\n&#x231b;&#xfe0f; De 18h30 \u00e0 20h30<br \/>\n<span class=\"fxk3tzhb b2rh1bv3 gh55jysx m8h3af8h ewco64xe kjdc1dyq ms56khn7 bq6c9xl4 eohcrkr5 akh3l2rg\"><img decoding=\"async\" src=\"https:\/\/static.xx.fbcdn.net\/images\/emoji.php\/v9\/t8b\/1.5\/16\/1f516.png\" alt=\"&#x1f516;\" width=\"16\" height=\"16\" \/><\/span> R\u00e9servation gratuite obligatoire<\/p>\n<p><span class=\"fxk3tzhb b2rh1bv3 gh55jysx m8h3af8h ewco64xe kjdc1dyq ms56khn7 bq6c9xl4 eohcrkr5 akh3l2rg\"><img decoding=\"async\" src=\"https:\/\/static.xx.fbcdn.net\/images\/emoji.php\/v9\/t86\/1.5\/16\/1f4cd.png\" alt=\"&#x1f4cd;\" width=\"16\" height=\"16\" \/><\/span> Sist\u2019Her : 82 rue du Faubourg Saint-Martin 75010 Paris<\/p>\n<div class=\"l7ghb35v kjdc1dyq kmwttqpk gh25dzvf jikcssrz\">Ouvert en mars 2021, <a href=\"https:\/\/www.instagram.com\/sisther.paris\/\">Sist\u2019Her<\/a> est le premier tiers-lieu sorore, d\u00e9di\u00e9 aux entrepreneuses et \u00e0 l&#8217;impact en \u00cele-de-France. Port\u00e9 par l\u2019association <a href=\"https:\/\/empow-her.com\/\">Empow\u2019Her<\/a>, c\u2019est un lieu de formations et de rencontres inclusif et collaboratif. Ouvert \u00e0 tou\u00b7te\u00b7s o\u00f9 il est possible de se former, s\u2019inspirer, s\u2019engager et se rencontrer.<\/div>\n<div><\/div>\n<div><\/div>\n<div>Retrouvez tous les \u00e9v\u00e9nements des prochains mois chez Sist&#8217;Her dans notre <a href=\"https:\/\/empow-her.com\/agenda-empowher\/\">agenda<\/a> !<\/div>\n<div><\/div>\n<div><\/div>\n<div class=\"l7ghb35v kjdc1dyq kmwttqpk gh25dzvf jikcssrz\">A tr\u00e8s vite ! <span class=\"fxk3tzhb b2rh1bv3 gh55jysx m8h3af8h ewco64xe kjdc1dyq ms56khn7 bq6c9xl4 eohcrkr5 akh3l2rg\"><img loading=\"lazy\" decoding=\"async\" src=\"https:\/\/static.xx.fbcdn.net\/images\/emoji.php\/v9\/t56\/1.5\/16\/1f64c.png\" alt=\"&#x1f64c;\" width=\"16\" height=\"16\" \/><\/span><\/div>\n<div><\/div>\n<div><\/div>\n","protected":false},"excerpt":{"rendered":"<div class=\"x11i5rnm xat24cr x1mh8g0r x1vvkbs xtlvy1s\">\n<div>\n<div>\n<h4><b>Le Happy&#8217;Her, votre rendez vous mensuel pour d\u00e9velopper votre r\u00e9seau revient ! &#x1f31f;<\/b><\/h4>\n<\/div>\n<div><strong>&#x1f942; <\/strong>Fini les networking barbants o\u00f9 personne ne sait o\u00f9 se mettre, le Happy Her est un moment convivial pour vous faire rencontrer un maximum d&#8217;entrepreneuses et s&#8217;entraider.<br \/>\nComment ? Nous vous concoctons des petites animations sympas pour briser la glace et se connecter. En 2 heures, vous vous sentirez moins seules et d\u00e9couvrirez d&#8217;autres femmes qui partagent les m\u00eames gal\u00e8res et victoires !<\/div>\n<div><\/div>\n<div>&#x26a1;&#xfe0f;<\/div>\n<\/div>\n<div><\/div>\n<div>\n<h4><strong>Infos pratiques<\/strong><\/h4>\n<\/div>\n<p class=\"l7ghb35v kjdc1dyq kmwttqpk gh25dzvf jikcssrz\"><span class=\"fxk3tzhb b2rh1bv3 gh55jysx m8h3af8h ewco64xe kjdc1dyq ms56khn7 bq6c9xl4 eohcrkr5 akh3l2rg\"><img decoding=\"async\" src=\"https:\/\/static.xx.fbcdn.net\/images\/emoji.php\/v9\/td7\/1.5\/16\/1f4c5.png\" alt=\"&#x1f4c5;\" width=\"16\" height=\"16\" \/><\/span> Le mercredi 7 f\u00e9vrier<br \/>\n&#x231b;&#xfe0f; De 18h30 \u00e0 20h30<br \/>\n<span class=\"fxk3tzhb b2rh1bv3 gh55jysx m8h3af8h ewco64xe kjdc1dyq ms56khn7 bq6c9xl4 eohcrkr5 akh3l2rg\"><img decoding=\"async\" src=\"https:\/\/static.xx.fbcdn.net\/images\/emoji.php\/v9\/t8b\/1.5\/16\/1f516.png\" alt=\"&#x1f516;\" width=\"16\" height=\"16\" \/><\/span> R\u00e9servation gratuite obligatoire<\/p>\n<p><span class=\"fxk3tzhb b2rh1bv3 gh55jysx m8h3af8h ewco64xe kjdc1dyq ms56khn7 bq6c9xl4 eohcrkr5 akh3l2rg\"><img decoding=\"async\" src=\"https:\/\/static.xx.fbcdn.net\/images\/emoji.php\/v9\/t86\/1.5\/16\/1f4cd.png\" alt=\"&#x1f4cd;\" width=\"16\" height=\"16\" \/><\/span> Sist\u2019Her : 82 rue du Faubourg Saint-Martin 75010 Paris<\/p>\n<div class=\"l7ghb35v kjdc1dyq kmwttqpk gh25dzvf jikcssrz\">Ouvert en mars 2021, <a href=\"https:\/\/www.instagram.com\/sisther.paris\/\">Sist\u2019Her<\/a> est le premier tiers-lieu sorore, d\u00e9di\u00e9 aux entrepreneuses et \u00e0 l&#8217;impact en \u00cele-de-France. Port\u00e9 par l\u2019association <a href=\"https:\/\/empow-her.com\/\">Empow\u2019Her<\/a>, c\u2019est un lieu de formations et de rencontres inclusif et collaboratif. Ouvert \u00e0 tou\u00b7te\u00b7s o\u00f9 il est possible de se former, s\u2019inspirer, s\u2019engager et se rencontrer.<\/div>\n<div><\/div>\n<div><\/div>\n<div>Retrouvez tous les \u00e9v\u00e9nements des prochains mois chez Sist&#8217;Her dans notre <a href=\"https:\/\/empow-her.com\/agenda-empowher\/\">agenda<\/a> !<\/div>\n<div><\/div>\n<div><\/div>\n<div class=\"l7ghb35v kjdc1dyq kmwttqpk gh25dzvf jikcssrz\">A tr\u00e8s vite ! <span class=\"fxk3tzhb b2rh1bv3 gh55jysx m8h3af8h ewco64xe kjdc1dyq ms56khn7 bq6c9xl4 eohcrkr5 akh3l2rg\"><img loading=\"lazy\" decoding=\"async\" src=\"https:\/\/static.xx.fbcdn.net\/images\/emoji.php\/v9\/t56\/1.5\/16\/1f64c.png\" alt=\"&#x1f64c;\" width=\"16\" height=\"16\" \/><\/span><\/div>\n<\/div>\n<div><\/div>\n<div><\/div>\n<div><\/div>\n","protected":false},"featured_media":237148,"template":"","format":"standard","meta":{"_acf_changed":false,"om_disable_all_campaigns":false,"_uf_show_specific_survey":0,"_uf_disable_surveys":false},"product_brand":[],"product_cat":[119],"product_tag":[],"lieu":[127],"thematiques":[],"class_list":{"0":"post-237143","1":"product","2":"type-product","3":"status-publish","4":"format-standard","5":"has-post-thumbnail","7":"product_cat-evenement-sisther","8":"lieu-hub-empowher","10":"first","11":"instock","12":"virtual","13":"purchasable","14":"product-type-appointment"},"exclude_global_add_ons":[],"addons":[],"acf":[],"yoast_head":"<!-- This site is optimized with the Yoast SEO plugin v24.8 - https:\/\/yoast.com\/wordpress\/plugins\/seo\/ -->\n<title>Happy&#039;Her, l&#039;\u00e9v\u00e9nement pour d\u00e9velopper son r\u00e9seau !<\/title>\n<meta name=\"description\" content=\"Le Happy&#039;Her l&#039;\u00e9v\u00e9nement pour d\u00e9velopper son r\u00e9seau : un moment convivial pour vous connecter avec des entrepreneuses ! Rdv le 7 f\u00e9vrier de 18H30 \u00e0 20h30 !\" \/>\n<meta name=\"robots\" content=\"index, follow, max-snippet:-1, max-image-preview:large, max-video-preview:-1\" \/>\n<link rel=\"canonical\" href=\"https:\/\/empow-her.com\/produit\/happyher\/\" \/>\n<meta property=\"og:locale\" content=\"en_US\" \/>\n<meta property=\"og:type\" content=\"article\" \/>\n<meta property=\"og:title\" content=\"Happy&#039;Her, l&#039;\u00e9v\u00e9nement pour d\u00e9velopper son r\u00e9seau !\" \/>\n<meta property=\"og:description\" content=\"Le Happy&#039;Her l&#039;\u00e9v\u00e9nement pour d\u00e9velopper son r\u00e9seau : un moment convivial pour vous connecter avec des entrepreneuses ! Rdv le 7 f\u00e9vrier de 18H30 \u00e0 20h30 !\" \/>\n<meta property=\"og:url\" content=\"https:\/\/empow-her.com\/produit\/happyher\/\" \/>\n<meta property=\"og:site_name\" content=\"Empow&#039;Her\" \/>\n<meta property=\"article:modified_time\" content=\"2024-01-23T16:08:22+00:00\" \/>\n<meta property=\"og:image\" content=\"https:\/\/empow-her.com\/wp-content\/uploads\/2024\/01\/bookclub-decembre-6.png\" \/>\n\t<meta property=\"og:image:width\" content=\"1080\" \/>\n\t<meta property=\"og:image:height\" content=\"1080\" \/>\n\t<meta property=\"og:image:type\" content=\"image\/png\" \/>\n<meta name=\"twitter:card\" content=\"summary_large_image\" \/>\n<meta name=\"twitter:label1\" content=\"Est. reading time\" \/>\n\t<meta name=\"twitter:data1\" content=\"2 minutes\" \/>\n<script type=\"application\/ld+json\" class=\"yoast-schema-graph\">{\"@context\":\"https:\/\/schema.org\",\"@graph\":[{\"@type\":\"WebPage\",\"@id\":\"https:\/\/empow-her.com\/produit\/happyher\/\",\"url\":\"https:\/\/empow-her.com\/produit\/happyher\/\",\"name\":\"Happy'Her, l'\u00e9v\u00e9nement pour d\u00e9velopper son r\u00e9seau !\",\"isPartOf\":{\"@id\":\"https:\/\/empow-her.com\/#website\"},\"primaryImageOfPage\":{\"@id\":\"https:\/\/empow-her.com\/produit\/happyher\/#primaryimage\"},\"image\":{\"@id\":\"https:\/\/empow-her.com\/produit\/happyher\/#primaryimage\"},\"thumbnailUrl\":\"https:\/\/empow-her.com\/wp-content\/uploads\/2024\/01\/bookclub-decembre-6.png\",\"datePublished\":\"2024-01-15T09:36:13+00:00\",\"dateModified\":\"2024-01-23T16:08:22+00:00\",\"description\":\"Le Happy'Her l'\u00e9v\u00e9nement pour d\u00e9velopper son r\u00e9seau : un moment convivial pour vous connecter avec des entrepreneuses ! Rdv le 7 f\u00e9vrier de 18H30 \u00e0 20h30 !\",\"breadcrumb\":{\"@id\":\"https:\/\/empow-her.com\/produit\/happyher\/#breadcrumb\"},\"inLanguage\":\"en-US\",\"potentialAction\":[{\"@type\":\"ReadAction\",\"target\":[\"https:\/\/empow-her.com\/produit\/happyher\/\"]}]},{\"@type\":\"ImageObject\",\"inLanguage\":\"en-US\",\"@id\":\"https:\/\/empow-her.com\/produit\/happyher\/#primaryimage\",\"url\":\"https:\/\/empow-her.com\/wp-content\/uploads\/2024\/01\/bookclub-decembre-6.png\",\"contentUrl\":\"https:\/\/empow-her.com\/wp-content\/uploads\/2024\/01\/bookclub-decembre-6.png\",\"width\":1080,\"height\":1080},{\"@type\":\"BreadcrumbList\",\"@id\":\"https:\/\/empow-her.com\/produit\/happyher\/#breadcrumb\",\"itemListElement\":[{\"@type\":\"ListItem\",\"position\":1,\"name\":\"Accueil\",\"item\":\"https:\/\/empow-her.com\/en\/landing-page\/\"},{\"@type\":\"ListItem\",\"position\":2,\"name\":\"LA BOUTIQUE\",\"item\":\"https:\/\/empow-her.com\/boutique\/\"},{\"@type\":\"ListItem\",\"position\":3,\"name\":\"Happy&#8217;Her\"}]},{\"@type\":\"WebSite\",\"@id\":\"https:\/\/empow-her.com\/#website\",\"url\":\"https:\/\/empow-her.com\/\",\"name\":\"Empow&#039;Her\",\"description\":\"Women Development\",\"potentialAction\":[{\"@type\":\"SearchAction\",\"target\":{\"@type\":\"EntryPoint\",\"urlTemplate\":\"https:\/\/empow-her.com\/?s={search_term_string}\"},\"query-input\":{\"@type\":\"PropertyValueSpecification\",\"valueRequired\":true,\"valueName\":\"search_term_string\"}}],\"inLanguage\":\"en-US\"}]}<\/script>\n<!-- \/ Yoast SEO plugin. -->","yoast_head_json":{"title":"Happy'Her, l'\u00e9v\u00e9nement pour d\u00e9velopper son r\u00e9seau !","description":"Le Happy'Her l'\u00e9v\u00e9nement pour d\u00e9velopper son r\u00e9seau : un moment convivial pour vous connecter avec des entrepreneuses ! Rdv le 7 f\u00e9vrier de 18H30 \u00e0 20h30 !","robots":{"index":"index","follow":"follow","max-snippet":"max-snippet:-1","max-image-preview":"max-image-preview:large","max-video-preview":"max-video-preview:-1"},"canonical":"https:\/\/empow-her.com\/produit\/happyher\/","og_locale":"en_US","og_type":"article","og_title":"Happy'Her, l'\u00e9v\u00e9nement pour d\u00e9velopper son r\u00e9seau !","og_description":"Le Happy'Her l'\u00e9v\u00e9nement pour d\u00e9velopper son r\u00e9seau : un moment convivial pour vous connecter avec des entrepreneuses ! Rdv le 7 f\u00e9vrier de 18H30 \u00e0 20h30 !","og_url":"https:\/\/empow-her.com\/produit\/happyher\/","og_site_name":"Empow&#039;Her","article_modified_time":"2024-01-23T16:08:22+00:00","og_image":[{"width":1080,"height":1080,"url":"https:\/\/empow-her.com\/wp-content\/uploads\/2024\/01\/bookclub-decembre-6.png","type":"image\/png"}],"twitter_card":"summary_large_image","twitter_misc":{"Est. reading time":"2 minutes"},"schema":{"@context":"https:\/\/schema.org","@graph":[{"@type":"WebPage","@id":"https:\/\/empow-her.com\/produit\/happyher\/","url":"https:\/\/empow-her.com\/produit\/happyher\/","name":"Happy'Her, l'\u00e9v\u00e9nement pour d\u00e9velopper son r\u00e9seau !","isPartOf":{"@id":"https:\/\/empow-her.com\/#website"},"primaryImageOfPage":{"@id":"https:\/\/empow-her.com\/produit\/happyher\/#primaryimage"},"image":{"@id":"https:\/\/empow-her.com\/produit\/happyher\/#primaryimage"},"thumbnailUrl":"https:\/\/empow-her.com\/wp-content\/uploads\/2024\/01\/bookclub-decembre-6.png","datePublished":"2024-01-15T09:36:13+00:00","dateModified":"2024-01-23T16:08:22+00:00","description":"Le Happy'Her l'\u00e9v\u00e9nement pour d\u00e9velopper son r\u00e9seau : un moment convivial pour vous connecter avec des entrepreneuses ! Rdv le 7 f\u00e9vrier de 18H30 \u00e0 20h30 !","breadcrumb":{"@id":"https:\/\/empow-her.com\/produit\/happyher\/#breadcrumb"},"inLanguage":"en-US","potentialAction":[{"@type":"ReadAction","target":["https:\/\/empow-her.com\/produit\/happyher\/"]}]},{"@type":"ImageObject","inLanguage":"en-US","@id":"https:\/\/empow-her.com\/produit\/happyher\/#primaryimage","url":"https:\/\/empow-her.com\/wp-content\/uploads\/2024\/01\/bookclub-decembre-6.png","contentUrl":"https:\/\/empow-her.com\/wp-content\/uploads\/2024\/01\/bookclub-decembre-6.png","width":1080,"height":1080},{"@type":"BreadcrumbList","@id":"https:\/\/empow-her.com\/produit\/happyher\/#breadcrumb","itemListElement":[{"@type":"ListItem","position":1,"name":"Accueil","item":"https:\/\/empow-her.com\/en\/landing-page\/"},{"@type":"ListItem","position":2,"name":"LA BOUTIQUE","item":"https:\/\/empow-her.com\/boutique\/"},{"@type":"ListItem","position":3,"name":"Happy&#8217;Her"}]},{"@type":"WebSite","@id":"https:\/\/empow-her.com\/#website","url":"https:\/\/empow-her.com\/","name":"Empow&#039;Her","description":"Women Development","potentialAction":[{"@type":"SearchAction","target":{"@type":"EntryPoint","urlTemplate":"https:\/\/empow-her.com\/?s={search_term_string}"},"query-input":{"@type":"PropertyValueSpecification","valueRequired":true,"valueName":"search_term_string"}}],"inLanguage":"en-US"}]}},"_links":{"self":[{"href":"https:\/\/empow-her.com\/en\/wp-json\/wp\/v2\/product\/237143","targetHints":{"allow":["GET"]}}],"collection":[{"href":"https:\/\/empow-her.com\/en\/wp-json\/wp\/v2\/product"}],"about":[{"href":"https:\/\/empow-her.com\/en\/wp-json\/wp\/v2\/types\/product"}],"wp:featuredmedia":[{"embeddable":true,"href":"https:\/\/empow-her.com\/en\/wp-json\/wp\/v2\/media\/237148"}],"wp:attachment":[{"href":"https:\/\/empow-her.com\/en\/wp-json\/wp\/v2\/media?parent=237143"}],"wp:term":[{"taxonomy":"product_brand","embeddable":true,"href":"https:\/\/empow-her.com\/en\/wp-json\/wp\/v2\/product_brand?post=237143"},{"taxonomy":"product_cat","embeddable":true,"href":"https:\/\/empow-her.com\/en\/wp-json\/wp\/v2\/product_cat?post=237143"},{"taxonomy":"product_tag","embeddable":true,"href":"https:\/\/empow-her.com\/en\/wp-json\/wp\/v2\/product_tag?post=237143"},{"taxonomy":"lieu","embeddable":true,"href":"https:\/\/empow-her.com\/en\/wp-json\/wp\/v2\/lieu?post=237143"},{"taxonomy":"thematiques","embeddable":true,"href":"https:\/\/empow-her.com\/en\/wp-json\/wp\/v2\/thematiques?post=237143"}],"curies":[{"name":"wp","href":"https:\/\/api.w.org\/{rel}","templated":true}]}}