{"id":237140,"date":"2024-01-15T10:26:14","date_gmt":"2024-01-15T09:26:14","guid":{"rendered":"https:\/\/empow-her.com\/?post_type=product&#038;p=237140"},"modified":"2024-01-17T10:08:52","modified_gmt":"2024-01-17T09:08:52","slug":"atelier-modeliser-prototyper-et-tester-loffre-2","status":"publish","type":"product","link":"https:\/\/empow-her.com\/en\/produit\/atelier-modeliser-prototyper-et-tester-loffre-2\/","title":{"rendered":"Atelier &#8211; Mod\u00e9liser, prototyper et tester l&#8217;offre"},"content":{"rendered":"<p><strong>Description<\/strong> :<\/p>\n<p><strong>Besoins :<\/strong><\/p>\n<p>Vous avez formul\u00e9 votre vision, \u00e9bauch\u00e9 un premier produit ou service et commenc\u00e9 \u00e0 imaginer votre mod\u00e8le \u00e9conomique ? Vous souhaitez concr\u00e9tiser vos offres pour tester et affiner vos hypoth\u00e8ses \u00e9conomiques et op\u00e9rationnelles ? Ou encore tout savoir pour construire un MVP ? Dans cet atelier, nous vous donnons les cl\u00e9s et les outils pour r\u00e9pondre \u00e0 ces questions et vous apprendre \u00e0 mod\u00e9liser et tester votre offre aupr\u00e8s de vos futurs b\u00e9n\u00e9ficiaires !<\/p>\n<p><strong>Objectifs :<\/strong><\/p>\n<p>L\u2019enjeu de ce deuxi\u00e8me atelier est d\u2019aider les entrepreneures \u00e0 pr\u00e9ciser leur activit\u00e9 concr\u00e8te en travaillant sur leur offre. Pour cela, il est indispensable pour elle de construire rapidement un premier MVP, qu\u2019elles pourront tester aupr\u00e8s de leurs cibles pour impulser un cycle de d\u00e9veloppement it\u00e9ratif.<\/p>\n<p>Les objectifs p\u00e9dagogiques sont les suivants :<\/p>\n<ul>\n<li>Savoir mod\u00e9liser une offre avec son d\u00e9roulement et ses livrables ;<\/li>\n<li>Comprendre l\u2019int\u00e9r\u00eat du parcours utilisateur pour optimiser l\u2019offre ;<\/li>\n<li>V\u00e9rifier la coh\u00e9rence de l\u2019offre avec les briques de valeur diff\u00e9renciantes et les attentes des b\u00e9n\u00e9ficiaires ;<\/li>\n<li>Construire une offre minimale viable \u00e0 tester dans les prochains mois.<\/li>\n<\/ul>\n<p>&nbsp;<\/p>\n<p><strong>Pr\u00e9-requis<\/strong> : Avoir d\u00e9fini sa vision et identifi\u00e9 ses b\u00e9n\u00e9ficiaires et\/ou client\u00b7es. Avoir \u00e9bauch\u00e9 un premier produit ou service<\/p>\n<p><strong>Intervenant.e.s : Sophie Pottier <\/strong>de <strong>Plus 1<\/strong><\/p>\n<p>Consultante en transition \u00e9cologique, avec un accent particulier sur les mod\u00e8les \u00e9conomiques (nouveaux \/ alternatifs), l&#8217;\u00e9conomie circulaire et la d\u00e9finition de la raison d&#8217;\u00eatre \/ vision \/ mission des projets<\/p>\n<p><strong>Son super pouvoir<\/strong> : Capacit\u00e9 d&#8217;\u00e9coute hors pair \/ Materner ver la sobri\u00e9t\u00e9<\/p>\n<p><strong>Son petit mot<\/strong> : Dare to dare ! Les femmes sont le futur de l&#8217;\u00e9cologie &#x1f4aa;<\/p>\n<p><strong> Lieu<\/strong> : Sist&#8217;Her Paris, 82 rue du Faubourg Saint-Martin<\/p>\n<p><strong>Attention !<\/strong> Veuillez vous pr\u00e9senter \u00e0 l&#8217;heure pour que l&#8217;activit\u00e9 puisse commencer \u00e0 temps. Si vous avez du retard veuillez pr\u00e9venir l&#8217;intervenant.e. Si vous avez plus de 15 min de retard l&#8217;intervenant.e se r\u00e9serve le droit de ne plus vous accepter pour le coaching ou l&#8217;atelier.<\/p>\n","protected":false},"excerpt":{"rendered":"<p><strong>Description<\/strong> <strong>:<\/strong><\/p>\n<p><strong>Besoins :<\/strong><\/p>\n<p>Vous avez formul\u00e9 votre vision, \u00e9bauch\u00e9 un premier produit ou service et commenc\u00e9 \u00e0 imaginer votre mod\u00e8le \u00e9conomique ? Vous souhaitez concr\u00e9tiser vos offres pour tester et affiner vos hypoth\u00e8ses \u00e9conomiques et op\u00e9rationnelles ? Ou encore tout savoir pour construire un MVP ? Dans cet atelier, nous vous donnons les cl\u00e9s et les outils pour r\u00e9pondre \u00e0 ces questions et vous apprendre \u00e0 mod\u00e9liser et tester votre offre aupr\u00e8s de vos futurs b\u00e9n\u00e9ficiaires !<\/p>\n<p><strong>Objectifs :<\/strong><\/p>\n<p>L\u2019enjeu de ce deuxi\u00e8me atelier est d\u2019aider les entrepreneures \u00e0 pr\u00e9ciser leur activit\u00e9 concr\u00e8te en travaillant sur leur offre. Pour cela, il est indispensable pour elle de construire rapidement un premier MVP, qu\u2019elles pourront tester aupr\u00e8s de leurs cibles pour impulser un cycle de d\u00e9veloppement it\u00e9ratif.<\/p>\n<p>Les objectifs p\u00e9dagogiques sont les suivants :<\/p>\n<ul>\n<li>Savoir mod\u00e9liser une offre avec son d\u00e9roulement et ses livrables ;<\/li>\n<li>Comprendre l\u2019int\u00e9r\u00eat du parcours utilisateur pour optimiser l\u2019offre ;<\/li>\n<li>V\u00e9rifier la coh\u00e9rence de l\u2019offre avec les briques de valeur diff\u00e9renciantes et les attentes des b\u00e9n\u00e9ficiaires ;<\/li>\n<li>Construire une offre minimale viable \u00e0 tester dans les prochains mois.<\/li>\n<\/ul>\n<p>&nbsp;<\/p>\n<p><strong>Pr\u00e9-requis<\/strong> <strong>:<\/strong> Avoir d\u00e9fini sa vision et identifi\u00e9 ses b\u00e9n\u00e9ficiaires et\/ou client\u00b7es. Avoir \u00e9bauch\u00e9 un premier produit ou service<\/p>\n<p><strong>Intervenant.e.s : Sophie Pottier <\/strong>de <strong>Plus 1<\/strong><\/p>\n<p>Consultante en transition \u00e9cologique, avec un accent particulier sur les mod\u00e8les \u00e9conomiques (nouveaux \/ alternatifs), l&#8217;\u00e9conomie circulaire et la d\u00e9finition de la raison d&#8217;\u00eatre \/ vision \/ mission des projets<\/p>\n<p><strong>Son super pouvoir<\/strong> <strong>:<\/strong> Capacit\u00e9 d&#8217;\u00e9coute hors pair \/ Materner vers la sobri\u00e9t\u00e9<\/p>\n<p><strong>Son petit mot<\/strong> <strong>:<\/strong> Dare to dare ! Les femmes sont le futur de l&#8217;\u00e9cologie &#x1f4aa;<\/p>\n<p><strong> Lieu<\/strong> <strong>:<\/strong> Sist&#8217;Her Paris, 82 rue du Faubourg Saint-Martin<\/p>\n<p><strong>Attention !<\/strong> Veuillez vous pr\u00e9senter \u00e0 l&#8217;heure pour que l&#8217;activit\u00e9 puisse commencer \u00e0 temps. Si vous avez du retard veuillez pr\u00e9venir l&#8217;intervenant.e. Si vous avez plus de 15 min de retard l&#8217;intervenant.e se r\u00e9serve le droit de ne plus vous accepter pour le coaching ou l&#8217;atelier.<\/p>\n","protected":false},"featured_media":237734,"template":"","format":"standard","meta":{"_acf_changed":false,"om_disable_all_campaigns":false,"_uf_show_specific_survey":0,"_uf_disable_surveys":false},"product_brand":[],"product_cat":[118],"product_tag":[],"lieu":[127],"thematiques":[],"class_list":{"0":"post-237140","1":"product","2":"type-product","3":"status-publish","4":"format-standard","5":"has-post-thumbnail","7":"product_cat-atelier-collectif","8":"lieu-hub-empowher","10":"first","11":"instock","12":"virtual","13":"purchasable","14":"product-type-appointment"},"exclude_global_add_ons":[],"addons":[],"acf":[],"yoast_head":"<!-- This site is optimized with the Yoast SEO plugin v24.8 - https:\/\/yoast.com\/wordpress\/plugins\/seo\/ -->\n<title>Atelier - Mod\u00e9liser, prototyper et tester l&#039;offre - Empow&#039;Her<\/title>\n<meta name=\"robots\" content=\"index, follow, max-snippet:-1, max-image-preview:large, max-video-preview:-1\" \/>\n<link rel=\"canonical\" href=\"https:\/\/empow-her.com\/en\/produit\/atelier-modeliser-prototyper-et-tester-loffre-2\/\" \/>\n<meta property=\"og:locale\" content=\"en_US\" \/>\n<meta property=\"og:type\" content=\"article\" \/>\n<meta property=\"og:title\" content=\"Atelier - Mod\u00e9liser, prototyper et tester l&#039;offre - Empow&#039;Her\" \/>\n<meta property=\"og:description\" content=\"Description :  Besoins :  Vous avez formul\u00e9 votre vision, \u00e9bauch\u00e9 un premier produit ou service et commenc\u00e9 \u00e0 imaginer votre mod\u00e8le \u00e9conomique ? Vous souhaitez concr\u00e9tiser vos offres pour tester et affiner vos hypoth\u00e8ses \u00e9conomiques et op\u00e9rationnelles ? Ou encore tout savoir pour construire un MVP ? Dans cet atelier, nous vous donnons les cl\u00e9s et les outils pour r\u00e9pondre \u00e0 ces questions et vous apprendre \u00e0 mod\u00e9liser et tester votre offre aupr\u00e8s de vos futurs b\u00e9n\u00e9ficiaires !  Objectifs :  L\u2019enjeu de ce deuxi\u00e8me atelier est d\u2019aider les entrepreneures \u00e0 pr\u00e9ciser leur activit\u00e9 concr\u00e8te en travaillant sur leur offre. Pour cela, il est indispensable pour elle de construire rapidement un premier MVP, qu\u2019elles pourront tester aupr\u00e8s de leurs cibles pour impulser un cycle de d\u00e9veloppement it\u00e9ratif.  Les objectifs p\u00e9dagogiques sont les suivants :   Savoir mod\u00e9liser une offre avec son d\u00e9roulement et ses livrables ;  Comprendre l\u2019int\u00e9r\u00eat du parcours utilisateur pour optimiser l\u2019offre ;  V\u00e9rifier la coh\u00e9rence de l\u2019offre avec les briques de valeur diff\u00e9renciantes et les attentes des b\u00e9n\u00e9ficiaires ;  Construire une offre minimale viable \u00e0 tester dans les prochains mois.  &nbsp;  Pr\u00e9-requis : Avoir d\u00e9fini sa vision et identifi\u00e9 ses b\u00e9n\u00e9ficiaires et\/ou client\u00b7es. Avoir \u00e9bauch\u00e9 un premier produit ou service  Intervenant.e.s : Sophie Pottier de Plus 1  Consultante en transition \u00e9cologique, avec un accent particulier sur les mod\u00e8les \u00e9conomiques (nouveaux \/ alternatifs), l&#039;\u00e9conomie circulaire et la d\u00e9finition de la raison d&#039;\u00eatre \/ vision \/ mission des projets  Son super pouvoir : Capacit\u00e9 d&#039;\u00e9coute hors pair \/ Materner vers la sobri\u00e9t\u00e9  Son petit mot : Dare to dare ! Les femmes sont le futur de l&#039;\u00e9cologie &#x1f4aa;   Lieu : Sist&#039;Her Paris, 82 rue du Faubourg Saint-Martin  Attention ! Veuillez vous pr\u00e9senter \u00e0 l&#039;heure pour que l&#039;activit\u00e9 puisse commencer \u00e0 temps. Si vous avez du retard veuillez pr\u00e9venir l&#039;intervenant.e. Si vous avez plus de 15 min de retard l&#039;intervenant.e se r\u00e9serve le droit de ne plus vous accepter pour le coaching ou l&#039;atelier.\" \/>\n<meta property=\"og:url\" content=\"https:\/\/empow-her.com\/en\/produit\/atelier-modeliser-prototyper-et-tester-loffre-2\/\" \/>\n<meta property=\"og:site_name\" content=\"Empow&#039;Her\" \/>\n<meta property=\"article:modified_time\" content=\"2024-01-17T09:08:52+00:00\" \/>\n<meta property=\"og:image\" content=\"https:\/\/empow-her.com\/wp-content\/uploads\/2024\/01\/Women-Dare-templates-events-30.png\" \/>\n\t<meta property=\"og:image:width\" content=\"1080\" \/>\n\t<meta property=\"og:image:height\" content=\"1080\" \/>\n\t<meta property=\"og:image:type\" content=\"image\/png\" \/>\n<meta name=\"twitter:card\" content=\"summary_large_image\" \/>\n<meta name=\"twitter:label1\" content=\"Est. reading time\" \/>\n\t<meta name=\"twitter:data1\" content=\"2 minutes\" \/>\n<script type=\"application\/ld+json\" class=\"yoast-schema-graph\">{\"@context\":\"https:\/\/schema.org\",\"@graph\":[{\"@type\":\"WebPage\",\"@id\":\"https:\/\/empow-her.com\/en\/produit\/atelier-modeliser-prototyper-et-tester-loffre-2\/\",\"url\":\"https:\/\/empow-her.com\/en\/produit\/atelier-modeliser-prototyper-et-tester-loffre-2\/\",\"name\":\"Atelier - Mod\u00e9liser, prototyper et tester l'offre - Empow&#039;Her\",\"isPartOf\":{\"@id\":\"https:\/\/empow-her.com\/#website\"},\"primaryImageOfPage\":{\"@id\":\"https:\/\/empow-her.com\/en\/produit\/atelier-modeliser-prototyper-et-tester-loffre-2\/#primaryimage\"},\"image\":{\"@id\":\"https:\/\/empow-her.com\/en\/produit\/atelier-modeliser-prototyper-et-tester-loffre-2\/#primaryimage\"},\"thumbnailUrl\":\"https:\/\/empow-her.com\/wp-content\/uploads\/2024\/01\/Women-Dare-templates-events-30.png\",\"datePublished\":\"2024-01-15T09:26:14+00:00\",\"dateModified\":\"2024-01-17T09:08:52+00:00\",\"breadcrumb\":{\"@id\":\"https:\/\/empow-her.com\/en\/produit\/atelier-modeliser-prototyper-et-tester-loffre-2\/#breadcrumb\"},\"inLanguage\":\"en-US\",\"potentialAction\":[{\"@type\":\"ReadAction\",\"target\":[\"https:\/\/empow-her.com\/en\/produit\/atelier-modeliser-prototyper-et-tester-loffre-2\/\"]}]},{\"@type\":\"ImageObject\",\"inLanguage\":\"en-US\",\"@id\":\"https:\/\/empow-her.com\/en\/produit\/atelier-modeliser-prototyper-et-tester-loffre-2\/#primaryimage\",\"url\":\"https:\/\/empow-her.com\/wp-content\/uploads\/2024\/01\/Women-Dare-templates-events-30.png\",\"contentUrl\":\"https:\/\/empow-her.com\/wp-content\/uploads\/2024\/01\/Women-Dare-templates-events-30.png\",\"width\":1080,\"height\":1080},{\"@type\":\"BreadcrumbList\",\"@id\":\"https:\/\/empow-her.com\/en\/produit\/atelier-modeliser-prototyper-et-tester-loffre-2\/#breadcrumb\",\"itemListElement\":[{\"@type\":\"ListItem\",\"position\":1,\"name\":\"Accueil\",\"item\":\"https:\/\/empow-her.com\/en\/landing-page\/\"},{\"@type\":\"ListItem\",\"position\":2,\"name\":\"LA BOUTIQUE\",\"item\":\"https:\/\/empow-her.com\/boutique\/\"},{\"@type\":\"ListItem\",\"position\":3,\"name\":\"Atelier &#8211; Mod\u00e9liser, prototyper et tester l&#8217;offre\"}]},{\"@type\":\"WebSite\",\"@id\":\"https:\/\/empow-her.com\/#website\",\"url\":\"https:\/\/empow-her.com\/\",\"name\":\"Empow&#039;Her\",\"description\":\"Women Development\",\"potentialAction\":[{\"@type\":\"SearchAction\",\"target\":{\"@type\":\"EntryPoint\",\"urlTemplate\":\"https:\/\/empow-her.com\/?s={search_term_string}\"},\"query-input\":{\"@type\":\"PropertyValueSpecification\",\"valueRequired\":true,\"valueName\":\"search_term_string\"}}],\"inLanguage\":\"en-US\"}]}<\/script>\n<!-- \/ Yoast SEO plugin. -->","yoast_head_json":{"title":"Atelier - Mod\u00e9liser, prototyper et tester l'offre - Empow&#039;Her","robots":{"index":"index","follow":"follow","max-snippet":"max-snippet:-1","max-image-preview":"max-image-preview:large","max-video-preview":"max-video-preview:-1"},"canonical":"https:\/\/empow-her.com\/en\/produit\/atelier-modeliser-prototyper-et-tester-loffre-2\/","og_locale":"en_US","og_type":"article","og_title":"Atelier - Mod\u00e9liser, prototyper et tester l'offre - Empow&#039;Her","og_description":"Description :  Besoins :  Vous avez formul\u00e9 votre vision, \u00e9bauch\u00e9 un premier produit ou service et commenc\u00e9 \u00e0 imaginer votre mod\u00e8le \u00e9conomique ? Vous souhaitez concr\u00e9tiser vos offres pour tester et affiner vos hypoth\u00e8ses \u00e9conomiques et op\u00e9rationnelles ? Ou encore tout savoir pour construire un MVP ? Dans cet atelier, nous vous donnons les cl\u00e9s et les outils pour r\u00e9pondre \u00e0 ces questions et vous apprendre \u00e0 mod\u00e9liser et tester votre offre aupr\u00e8s de vos futurs b\u00e9n\u00e9ficiaires !  Objectifs :  L\u2019enjeu de ce deuxi\u00e8me atelier est d\u2019aider les entrepreneures \u00e0 pr\u00e9ciser leur activit\u00e9 concr\u00e8te en travaillant sur leur offre. Pour cela, il est indispensable pour elle de construire rapidement un premier MVP, qu\u2019elles pourront tester aupr\u00e8s de leurs cibles pour impulser un cycle de d\u00e9veloppement it\u00e9ratif.  Les objectifs p\u00e9dagogiques sont les suivants :   Savoir mod\u00e9liser une offre avec son d\u00e9roulement et ses livrables ;  Comprendre l\u2019int\u00e9r\u00eat du parcours utilisateur pour optimiser l\u2019offre ;  V\u00e9rifier la coh\u00e9rence de l\u2019offre avec les briques de valeur diff\u00e9renciantes et les attentes des b\u00e9n\u00e9ficiaires ;  Construire une offre minimale viable \u00e0 tester dans les prochains mois.  &nbsp;  Pr\u00e9-requis : Avoir d\u00e9fini sa vision et identifi\u00e9 ses b\u00e9n\u00e9ficiaires et\/ou client\u00b7es. Avoir \u00e9bauch\u00e9 un premier produit ou service  Intervenant.e.s : Sophie Pottier de Plus 1  Consultante en transition \u00e9cologique, avec un accent particulier sur les mod\u00e8les \u00e9conomiques (nouveaux \/ alternatifs), l'\u00e9conomie circulaire et la d\u00e9finition de la raison d'\u00eatre \/ vision \/ mission des projets  Son super pouvoir : Capacit\u00e9 d'\u00e9coute hors pair \/ Materner vers la sobri\u00e9t\u00e9  Son petit mot : Dare to dare ! Les femmes sont le futur de l'\u00e9cologie &#x1f4aa;   Lieu : Sist'Her Paris, 82 rue du Faubourg Saint-Martin  Attention ! Veuillez vous pr\u00e9senter \u00e0 l'heure pour que l'activit\u00e9 puisse commencer \u00e0 temps. Si vous avez du retard veuillez pr\u00e9venir l'intervenant.e. Si vous avez plus de 15 min de retard l'intervenant.e se r\u00e9serve le droit de ne plus vous accepter pour le coaching ou l'atelier.","og_url":"https:\/\/empow-her.com\/en\/produit\/atelier-modeliser-prototyper-et-tester-loffre-2\/","og_site_name":"Empow&#039;Her","article_modified_time":"2024-01-17T09:08:52+00:00","og_image":[{"width":1080,"height":1080,"url":"https:\/\/empow-her.com\/wp-content\/uploads\/2024\/01\/Women-Dare-templates-events-30.png","type":"image\/png"}],"twitter_card":"summary_large_image","twitter_misc":{"Est. reading time":"2 minutes"},"schema":{"@context":"https:\/\/schema.org","@graph":[{"@type":"WebPage","@id":"https:\/\/empow-her.com\/en\/produit\/atelier-modeliser-prototyper-et-tester-loffre-2\/","url":"https:\/\/empow-her.com\/en\/produit\/atelier-modeliser-prototyper-et-tester-loffre-2\/","name":"Atelier - Mod\u00e9liser, prototyper et tester l'offre - Empow&#039;Her","isPartOf":{"@id":"https:\/\/empow-her.com\/#website"},"primaryImageOfPage":{"@id":"https:\/\/empow-her.com\/en\/produit\/atelier-modeliser-prototyper-et-tester-loffre-2\/#primaryimage"},"image":{"@id":"https:\/\/empow-her.com\/en\/produit\/atelier-modeliser-prototyper-et-tester-loffre-2\/#primaryimage"},"thumbnailUrl":"https:\/\/empow-her.com\/wp-content\/uploads\/2024\/01\/Women-Dare-templates-events-30.png","datePublished":"2024-01-15T09:26:14+00:00","dateModified":"2024-01-17T09:08:52+00:00","breadcrumb":{"@id":"https:\/\/empow-her.com\/en\/produit\/atelier-modeliser-prototyper-et-tester-loffre-2\/#breadcrumb"},"inLanguage":"en-US","potentialAction":[{"@type":"ReadAction","target":["https:\/\/empow-her.com\/en\/produit\/atelier-modeliser-prototyper-et-tester-loffre-2\/"]}]},{"@type":"ImageObject","inLanguage":"en-US","@id":"https:\/\/empow-her.com\/en\/produit\/atelier-modeliser-prototyper-et-tester-loffre-2\/#primaryimage","url":"https:\/\/empow-her.com\/wp-content\/uploads\/2024\/01\/Women-Dare-templates-events-30.png","contentUrl":"https:\/\/empow-her.com\/wp-content\/uploads\/2024\/01\/Women-Dare-templates-events-30.png","width":1080,"height":1080},{"@type":"BreadcrumbList","@id":"https:\/\/empow-her.com\/en\/produit\/atelier-modeliser-prototyper-et-tester-loffre-2\/#breadcrumb","itemListElement":[{"@type":"ListItem","position":1,"name":"Accueil","item":"https:\/\/empow-her.com\/en\/landing-page\/"},{"@type":"ListItem","position":2,"name":"LA BOUTIQUE","item":"https:\/\/empow-her.com\/boutique\/"},{"@type":"ListItem","position":3,"name":"Atelier &#8211; Mod\u00e9liser, prototyper et tester l&#8217;offre"}]},{"@type":"WebSite","@id":"https:\/\/empow-her.com\/#website","url":"https:\/\/empow-her.com\/","name":"Empow&#039;Her","description":"Women Development","potentialAction":[{"@type":"SearchAction","target":{"@type":"EntryPoint","urlTemplate":"https:\/\/empow-her.com\/?s={search_term_string}"},"query-input":{"@type":"PropertyValueSpecification","valueRequired":true,"valueName":"search_term_string"}}],"inLanguage":"en-US"}]}},"_links":{"self":[{"href":"https:\/\/empow-her.com\/en\/wp-json\/wp\/v2\/product\/237140","targetHints":{"allow":["GET"]}}],"collection":[{"href":"https:\/\/empow-her.com\/en\/wp-json\/wp\/v2\/product"}],"about":[{"href":"https:\/\/empow-her.com\/en\/wp-json\/wp\/v2\/types\/product"}],"wp:featuredmedia":[{"embeddable":true,"href":"https:\/\/empow-her.com\/en\/wp-json\/wp\/v2\/media\/237734"}],"wp:attachment":[{"href":"https:\/\/empow-her.com\/en\/wp-json\/wp\/v2\/media?parent=237140"}],"wp:term":[{"taxonomy":"product_brand","embeddable":true,"href":"https:\/\/empow-her.com\/en\/wp-json\/wp\/v2\/product_brand?post=237140"},{"taxonomy":"product_cat","embeddable":true,"href":"https:\/\/empow-her.com\/en\/wp-json\/wp\/v2\/product_cat?post=237140"},{"taxonomy":"product_tag","embeddable":true,"href":"https:\/\/empow-her.com\/en\/wp-json\/wp\/v2\/product_tag?post=237140"},{"taxonomy":"lieu","embeddable":true,"href":"https:\/\/empow-her.com\/en\/wp-json\/wp\/v2\/lieu?post=237140"},{"taxonomy":"thematiques","embeddable":true,"href":"https:\/\/empow-her.com\/en\/wp-json\/wp\/v2\/thematiques?post=237140"}],"curies":[{"name":"wp","href":"https:\/\/api.w.org\/{rel}","templated":true}]}}