{"id":230119,"date":"2023-12-19T17:00:05","date_gmt":"2023-12-19T16:00:05","guid":{"rendered":"https:\/\/empow-her.com\/?post_type=product&#038;p=230119"},"modified":"2024-01-05T14:30:48","modified_gmt":"2024-01-05T13:30:48","slug":"sante-mentale-et-entrepreneuriat","status":"publish","type":"product","link":"https:\/\/empow-her.com\/en\/produit\/sante-mentale-et-entrepreneuriat\/","title":{"rendered":"She Talks &#8211; Sant\u00e9 mentale et entrepreneuriat : d\u00e9dramatiser le sujet pour avancer"},"content":{"rendered":"<p><strong><span class=\"OYPEnA text-decoration-none text-strikethrough-none\">Sant\u00e9 mentale et entrepreneuriat : d\u00e9dramatiser le sujet pour avancer <\/span>Rencontre avec Christelle Tissot fondatrice de Musae<\/strong><\/p>\n<p>Comment \u00e7a va&#8230;vraiment ?<br \/>\nLa sant\u00e9 mentale est encore un sujet tabou dans le monde de l&#8217;entrepreneuriat o\u00f9 seuls les succ\u00e8s sont glorifi\u00e9s et les fragilit\u00e9s mises sous le tapis. Pourtant, prioriser sa sant\u00e9 mentale et s&#8217;autoriser \u00e0 en parler c&#8217;est rendre service \u00e0 son projet, son \u00e9quipe et \u00e0 soi m\u00eame.<\/p>\n<p>Chez Sist&#8217;Her on vous fait de la place pour \u00e9voquer ce sujet le temps d&#8217;une soir\u00e9e avec Christelle Tissot, fondatrice du m\u00e9dia Musae.<\/p>\n<p><strong><a href=\"https:\/\/musae-tomorrow.com\/\">Musae<\/a> c&#8217;est quoi ? &#x1f4a1;<\/strong><br \/>\nC&#8217;est un m\u00e9dia soci\u00e9tal qui d\u00e9dramatise et d\u00e9mocratise la sant\u00e9 mentale \u00e0 travers une newsletter, des podcasts, du contenu \u00e9ducatif sur les r\u00e9seaux sociaux, des \u00e9v\u00e9nements d\u00e9di\u00e9s, des ateliers et bien plus encore.<\/p>\n<p>Depuis 3 ans, avec son \u00e9quipe, Christelle se donne pour d\u00e9fi de lever les tabous sur ce sujet, de d\u00e9construire nos peurs et nos biais pour transformer durablement notre rapport \u00e0 soi, \u00e0 l\u2019autre et au monde.<br \/>\nOn \u00e9voquera avec elle son parcours, son travail, ses combats et ses conseils pour prendre soin de sa sant\u00e9 mentale en tant qu&#8217;entrepreneuse &#x1f49c;<\/p>\n<p>Un \u00e9v\u00e9nement organis\u00e9 par Empow&#8217;Her en collaboration avec l&#8217;<a href=\"https:\/\/www.adie.org\/\">ADIE<\/a>, l&#8217;Association pour le droit \u00e0 l&#8217;initiative \u00e9conomique.<\/p>\n<p>&nbsp;<\/p>\n<div class=\"l7ghb35v kjdc1dyq kmwttqpk gh25dzvf jikcssrz\"><strong>Infos pratiques<\/strong><br \/>\n<span class=\"fxk3tzhb b2rh1bv3 gh55jysx m8h3af8h ewco64xe kjdc1dyq ms56khn7 bq6c9xl4 eohcrkr5 akh3l2rg\"><img decoding=\"async\" src=\"https:\/\/static.xx.fbcdn.net\/images\/emoji.php\/v9\/td7\/1.5\/16\/1f4c5.png\" alt=\"&#x1f4c5;\" width=\"16\" height=\"16\" \/><\/span> L\u2019\u00e9v\u00e9nement se d\u00e9roulera le mardi 16 janvier de 19h30 \u00e0 21h<br \/>\n<span class=\"fxk3tzhb b2rh1bv3 gh55jysx m8h3af8h ewco64xe kjdc1dyq ms56khn7 bq6c9xl4 eohcrkr5 akh3l2rg\"><img decoding=\"async\" src=\"https:\/\/static.xx.fbcdn.net\/images\/emoji.php\/v9\/t8b\/1.5\/16\/1f516.png\" alt=\"&#x1f516;\" width=\"16\" height=\"16\" \/><\/span>\u00a0R\u00e9servation gratuite obligatoire<br \/>\n<span class=\"fxk3tzhb b2rh1bv3 gh55jysx m8h3af8h ewco64xe kjdc1dyq ms56khn7 bq6c9xl4 eohcrkr5 akh3l2rg\"><img decoding=\"async\" src=\"https:\/\/static.xx.fbcdn.net\/images\/emoji.php\/v9\/t86\/1.5\/16\/1f4cd.png\" alt=\"&#x1f4cd;\" width=\"16\" height=\"16\" \/><\/span>\u00a0Sist\u2019Her : 82 rue du Faubourg Saint-Martin 75010 Paris<\/div>\n<div><\/div>\n<div class=\"l7ghb35v kjdc1dyq kmwttqpk gh25dzvf jikcssrz\">Ouvert en mars 2021, Sist\u2019Her est le premier tiers-lieu sorore, d\u00e9di\u00e9 aux entrepreneuses et \u00e0 l\u2019impact en \u00cele-de-France. Port\u00e9 par l\u2019association <a href=\"https:\/\/empow-her.com\/qui-sommes-nous\/\">Empow\u2019Her<\/a>, c\u2019est un lieu de formations et de rencontres inclusif et collaboratif. Ouvert \u00e0 tou\u00b7te\u00b7s o\u00f9 il est possible de se former, s\u2019inspirer, s\u2019engager et se rencontrer.<\/div>\n<div><\/div>\n<div><\/div>\n<div class=\"l7ghb35v kjdc1dyq kmwttqpk gh25dzvf jikcssrz\">\u00c0 tr\u00e8s vite chez Sist&#8217;Her ! <span class=\"fxk3tzhb b2rh1bv3 gh55jysx m8h3af8h ewco64xe kjdc1dyq ms56khn7 bq6c9xl4 eohcrkr5 akh3l2rg\"><img loading=\"lazy\" decoding=\"async\" src=\"https:\/\/static.xx.fbcdn.net\/images\/emoji.php\/v9\/t56\/1.5\/16\/1f64c.png\" alt=\"&#x1f64c;\" width=\"16\" height=\"16\" \/><\/span><\/div>\n<div><\/div>\n","protected":false},"excerpt":{"rendered":"<p><strong><span class=\"OYPEnA text-decoration-none text-strikethrough-none\">Sant\u00e9 mentale et entrepreneuriat : d\u00e9dramatiser le sujet pour avancer <\/span>Rencontre avec Christelle Tissot fondatrice de Musae<\/strong><\/p>\n<p>Comment \u00e7a va&#8230;vraiment ?<br \/>\nLa sant\u00e9 mentale est encore un sujet tabou dans le monde de l&#8217;entrepreneuriat o\u00f9 seuls les succ\u00e8s sont glorifi\u00e9s et les fragilit\u00e9s mises sous le tapis. Pourtant, prioriser sa sant\u00e9 mentale et s&#8217;autoriser \u00e0 en parler c&#8217;est rendre service \u00e0 son projet, son \u00e9quipe et \u00e0 soi m\u00eame.<\/p>\n<p>Chez Sist&#8217;Her on vous fait de la place pour \u00e9voquer ce sujet le temps d&#8217;une soir\u00e9e avec Christelle Tissot, fondatrice du m\u00e9dia Musae.<\/p>\n<p><strong><a href=\"https:\/\/musae-tomorrow.com\/\">Musae<\/a> c&#8217;est quoi ? &#x1f4a1;<\/strong><br \/>\nC&#8217;est un m\u00e9dia soci\u00e9tal qui d\u00e9dramatise et d\u00e9mocratise la sant\u00e9 mentale \u00e0 travers une newsletter, des podcasts, du contenu \u00e9ducatif sur les r\u00e9seaux sociaux, des \u00e9v\u00e9nements d\u00e9di\u00e9s, des ateliers et bien plus encore.<\/p>\n<p>Depuis 3 ans, avec son \u00e9quipe, Christelle se donne pour d\u00e9fi de lever les tabous sur ce sujet, de d\u00e9construire nos peurs et nos biais pour transformer durablement notre rapport \u00e0 soi, \u00e0 l\u2019autre et au monde.<br \/>\nOn \u00e9voquera avec elle son parcours, son travail, ses combats et ses conseils pour prendre soin de sa sant\u00e9 mentale en tant qu&#8217;entrepreneuse &#x1f49c;<\/p>\n<p>Un \u00e9v\u00e9nement organis\u00e9 par Empow&#8217;Her en collaboration avec l&#8217;<a href=\"https:\/\/www.adie.org\/\">ADIE<\/a>, l&#8217;Association pour le droit \u00e0 l&#8217;initiative \u00e9conomique.<\/p>\n<p>&nbsp;<\/p>\n<div class=\"l7ghb35v kjdc1dyq kmwttqpk gh25dzvf jikcssrz\"><strong>Infos pratiques<\/strong><br \/>\n<span class=\"fxk3tzhb b2rh1bv3 gh55jysx m8h3af8h ewco64xe kjdc1dyq ms56khn7 bq6c9xl4 eohcrkr5 akh3l2rg\"><img decoding=\"async\" src=\"https:\/\/static.xx.fbcdn.net\/images\/emoji.php\/v9\/td7\/1.5\/16\/1f4c5.png\" alt=\"&#x1f4c5;\" width=\"16\" height=\"16\" \/><\/span> L\u2019\u00e9v\u00e9nement se d\u00e9roulera le mardi 16 janvier de 19h30 \u00e0 21h<br \/>\n<span class=\"fxk3tzhb b2rh1bv3 gh55jysx m8h3af8h ewco64xe kjdc1dyq ms56khn7 bq6c9xl4 eohcrkr5 akh3l2rg\"><img decoding=\"async\" src=\"https:\/\/static.xx.fbcdn.net\/images\/emoji.php\/v9\/t8b\/1.5\/16\/1f516.png\" alt=\"&#x1f516;\" width=\"16\" height=\"16\" \/><\/span>\u00a0R\u00e9servation gratuite obligatoire<br \/>\n<span class=\"fxk3tzhb b2rh1bv3 gh55jysx m8h3af8h ewco64xe kjdc1dyq ms56khn7 bq6c9xl4 eohcrkr5 akh3l2rg\"><img decoding=\"async\" src=\"https:\/\/static.xx.fbcdn.net\/images\/emoji.php\/v9\/t86\/1.5\/16\/1f4cd.png\" alt=\"&#x1f4cd;\" width=\"16\" height=\"16\" \/><\/span>\u00a0Sist\u2019Her : 82 rue du Faubourg Saint-Martin 75010 Paris<\/div>\n<div><\/div>\n<div class=\"l7ghb35v kjdc1dyq kmwttqpk gh25dzvf jikcssrz\">Ouvert en mars 2021, Sist\u2019Her est le premier tiers-lieu sorore, d\u00e9di\u00e9 aux entrepreneuses et \u00e0 l\u2019impact en \u00cele-de-France. Port\u00e9 par l\u2019association <a href=\"https:\/\/empow-her.com\/qui-sommes-nous\/\">Empow\u2019Her<\/a>, c\u2019est un lieu de formations et de rencontres inclusif et collaboratif. Ouvert \u00e0 tou\u00b7te\u00b7s o\u00f9 il est possible de se former, s\u2019inspirer, s\u2019engager et se rencontrer.<\/div>\n<div><\/div>\n<div><\/div>\n<div class=\"l7ghb35v kjdc1dyq kmwttqpk gh25dzvf jikcssrz\">\u00c0 tr\u00e8s vite chez Sist&#8217;Her ! <span class=\"fxk3tzhb b2rh1bv3 gh55jysx m8h3af8h ewco64xe kjdc1dyq ms56khn7 bq6c9xl4 eohcrkr5 akh3l2rg\"><img loading=\"lazy\" decoding=\"async\" src=\"https:\/\/static.xx.fbcdn.net\/images\/emoji.php\/v9\/t56\/1.5\/16\/1f64c.png\" alt=\"&#x1f64c;\" width=\"16\" height=\"16\" \/><\/span><\/div>\n","protected":false},"featured_media":230439,"template":"","format":"standard","meta":{"_acf_changed":false,"om_disable_all_campaigns":false,"_uf_show_specific_survey":0,"_uf_disable_surveys":false},"product_brand":[],"product_cat":[119],"product_tag":[132],"lieu":[127],"thematiques":[],"class_list":{"0":"post-230119","1":"product","2":"type-product","3":"status-publish","4":"format-standard","5":"has-post-thumbnail","7":"product_cat-evenement-sisther","8":"product_tag-sisther","9":"lieu-hub-empowher","11":"first","12":"instock","13":"virtual","14":"purchasable","15":"product-type-appointment"},"exclude_global_add_ons":[],"addons":[],"acf":[],"yoast_head":"<!-- This site is optimized with the Yoast SEO plugin v24.8 - https:\/\/yoast.com\/wordpress\/plugins\/seo\/ -->\n<title>She Talks - Sant\u00e9 mentale et entrepreneuriat : d\u00e9dramatiser le sujet pour avancer - Empow&#039;Her Sant\u00e9 mentale et entrepreneuriat<\/title>\n<meta name=\"description\" content=\"Rencontrez Christelle Tissot, entrepreneuse et fondatrice de Musae, le m\u00e9dia soci\u00e9tal qui d\u00e9dramatise et d\u00e9mocratise la sant\u00e9 mentale !\" \/>\n<meta name=\"robots\" content=\"index, follow, max-snippet:-1, max-image-preview:large, max-video-preview:-1\" \/>\n<link rel=\"canonical\" href=\"https:\/\/empow-her.com\/en\/produit\/sante-mentale-et-entrepreneuriat\/\" \/>\n<meta property=\"og:locale\" content=\"en_US\" \/>\n<meta property=\"og:type\" content=\"article\" \/>\n<meta property=\"og:title\" content=\"She Talks - Sant\u00e9 mentale et entrepreneuriat : d\u00e9dramatiser le sujet pour avancer - Empow&#039;Her Sant\u00e9 mentale et entrepreneuriat\" \/>\n<meta property=\"og:description\" content=\"Rencontrez Christelle Tissot, entrepreneuse et fondatrice de Musae, le m\u00e9dia soci\u00e9tal qui d\u00e9dramatise et d\u00e9mocratise la sant\u00e9 mentale !\" \/>\n<meta property=\"og:url\" content=\"https:\/\/empow-her.com\/en\/produit\/sante-mentale-et-entrepreneuriat\/\" \/>\n<meta property=\"og:site_name\" content=\"Empow&#039;Her\" \/>\n<meta property=\"article:modified_time\" content=\"2024-01-05T13:30:48+00:00\" \/>\n<meta property=\"og:image\" content=\"https:\/\/empow-her.com\/wp-content\/uploads\/2023\/12\/shetalks-economie-circulaire-17.png\" \/>\n\t<meta property=\"og:image:width\" content=\"1080\" \/>\n\t<meta property=\"og:image:height\" content=\"1080\" \/>\n\t<meta property=\"og:image:type\" content=\"image\/png\" \/>\n<meta name=\"twitter:card\" content=\"summary_large_image\" \/>\n<meta name=\"twitter:label1\" content=\"Est. reading time\" \/>\n\t<meta name=\"twitter:data1\" content=\"3 minutes\" \/>\n<script type=\"application\/ld+json\" class=\"yoast-schema-graph\">{\"@context\":\"https:\/\/schema.org\",\"@graph\":[{\"@type\":\"WebPage\",\"@id\":\"https:\/\/empow-her.com\/en\/produit\/sante-mentale-et-entrepreneuriat\/\",\"url\":\"https:\/\/empow-her.com\/en\/produit\/sante-mentale-et-entrepreneuriat\/\",\"name\":\"She Talks - Sant\u00e9 mentale et entrepreneuriat : d\u00e9dramatiser le sujet pour avancer - Empow&#039;Her Sant\u00e9 mentale et entrepreneuriat\",\"isPartOf\":{\"@id\":\"https:\/\/empow-her.com\/#website\"},\"primaryImageOfPage\":{\"@id\":\"https:\/\/empow-her.com\/en\/produit\/sante-mentale-et-entrepreneuriat\/#primaryimage\"},\"image\":{\"@id\":\"https:\/\/empow-her.com\/en\/produit\/sante-mentale-et-entrepreneuriat\/#primaryimage\"},\"thumbnailUrl\":\"https:\/\/empow-her.com\/wp-content\/uploads\/2023\/12\/shetalks-economie-circulaire-17.png\",\"datePublished\":\"2023-12-19T16:00:05+00:00\",\"dateModified\":\"2024-01-05T13:30:48+00:00\",\"description\":\"Rencontrez Christelle Tissot, entrepreneuse et fondatrice de Musae, le m\u00e9dia soci\u00e9tal qui d\u00e9dramatise et d\u00e9mocratise la sant\u00e9 mentale !\",\"breadcrumb\":{\"@id\":\"https:\/\/empow-her.com\/en\/produit\/sante-mentale-et-entrepreneuriat\/#breadcrumb\"},\"inLanguage\":\"en-US\",\"potentialAction\":[{\"@type\":\"ReadAction\",\"target\":[\"https:\/\/empow-her.com\/en\/produit\/sante-mentale-et-entrepreneuriat\/\"]}]},{\"@type\":\"ImageObject\",\"inLanguage\":\"en-US\",\"@id\":\"https:\/\/empow-her.com\/en\/produit\/sante-mentale-et-entrepreneuriat\/#primaryimage\",\"url\":\"https:\/\/empow-her.com\/wp-content\/uploads\/2023\/12\/shetalks-economie-circulaire-17.png\",\"contentUrl\":\"https:\/\/empow-her.com\/wp-content\/uploads\/2023\/12\/shetalks-economie-circulaire-17.png\",\"width\":1080,\"height\":1080},{\"@type\":\"BreadcrumbList\",\"@id\":\"https:\/\/empow-her.com\/en\/produit\/sante-mentale-et-entrepreneuriat\/#breadcrumb\",\"itemListElement\":[{\"@type\":\"ListItem\",\"position\":1,\"name\":\"Accueil\",\"item\":\"https:\/\/empow-her.com\/en\/landing-page\/\"},{\"@type\":\"ListItem\",\"position\":2,\"name\":\"LA BOUTIQUE\",\"item\":\"https:\/\/empow-her.com\/boutique\/\"},{\"@type\":\"ListItem\",\"position\":3,\"name\":\"She Talks &#8211; Sant\u00e9 mentale et entrepreneuriat : d\u00e9dramatiser le sujet pour avancer\"}]},{\"@type\":\"WebSite\",\"@id\":\"https:\/\/empow-her.com\/#website\",\"url\":\"https:\/\/empow-her.com\/\",\"name\":\"Empow&#039;Her\",\"description\":\"Women Development\",\"potentialAction\":[{\"@type\":\"SearchAction\",\"target\":{\"@type\":\"EntryPoint\",\"urlTemplate\":\"https:\/\/empow-her.com\/?s={search_term_string}\"},\"query-input\":{\"@type\":\"PropertyValueSpecification\",\"valueRequired\":true,\"valueName\":\"search_term_string\"}}],\"inLanguage\":\"en-US\"}]}<\/script>\n<!-- \/ Yoast SEO plugin. -->","yoast_head_json":{"title":"She Talks - Sant\u00e9 mentale et entrepreneuriat : d\u00e9dramatiser le sujet pour avancer - Empow&#039;Her Sant\u00e9 mentale et entrepreneuriat","description":"Rencontrez Christelle Tissot, entrepreneuse et fondatrice de Musae, le m\u00e9dia soci\u00e9tal qui d\u00e9dramatise et d\u00e9mocratise la sant\u00e9 mentale !","robots":{"index":"index","follow":"follow","max-snippet":"max-snippet:-1","max-image-preview":"max-image-preview:large","max-video-preview":"max-video-preview:-1"},"canonical":"https:\/\/empow-her.com\/en\/produit\/sante-mentale-et-entrepreneuriat\/","og_locale":"en_US","og_type":"article","og_title":"She Talks - Sant\u00e9 mentale et entrepreneuriat : d\u00e9dramatiser le sujet pour avancer - Empow&#039;Her Sant\u00e9 mentale et entrepreneuriat","og_description":"Rencontrez Christelle Tissot, entrepreneuse et fondatrice de Musae, le m\u00e9dia soci\u00e9tal qui d\u00e9dramatise et d\u00e9mocratise la sant\u00e9 mentale !","og_url":"https:\/\/empow-her.com\/en\/produit\/sante-mentale-et-entrepreneuriat\/","og_site_name":"Empow&#039;Her","article_modified_time":"2024-01-05T13:30:48+00:00","og_image":[{"width":1080,"height":1080,"url":"https:\/\/empow-her.com\/wp-content\/uploads\/2023\/12\/shetalks-economie-circulaire-17.png","type":"image\/png"}],"twitter_card":"summary_large_image","twitter_misc":{"Est. reading time":"3 minutes"},"schema":{"@context":"https:\/\/schema.org","@graph":[{"@type":"WebPage","@id":"https:\/\/empow-her.com\/en\/produit\/sante-mentale-et-entrepreneuriat\/","url":"https:\/\/empow-her.com\/en\/produit\/sante-mentale-et-entrepreneuriat\/","name":"She Talks - Sant\u00e9 mentale et entrepreneuriat : d\u00e9dramatiser le sujet pour avancer - Empow&#039;Her Sant\u00e9 mentale et entrepreneuriat","isPartOf":{"@id":"https:\/\/empow-her.com\/#website"},"primaryImageOfPage":{"@id":"https:\/\/empow-her.com\/en\/produit\/sante-mentale-et-entrepreneuriat\/#primaryimage"},"image":{"@id":"https:\/\/empow-her.com\/en\/produit\/sante-mentale-et-entrepreneuriat\/#primaryimage"},"thumbnailUrl":"https:\/\/empow-her.com\/wp-content\/uploads\/2023\/12\/shetalks-economie-circulaire-17.png","datePublished":"2023-12-19T16:00:05+00:00","dateModified":"2024-01-05T13:30:48+00:00","description":"Rencontrez Christelle Tissot, entrepreneuse et fondatrice de Musae, le m\u00e9dia soci\u00e9tal qui d\u00e9dramatise et d\u00e9mocratise la sant\u00e9 mentale !","breadcrumb":{"@id":"https:\/\/empow-her.com\/en\/produit\/sante-mentale-et-entrepreneuriat\/#breadcrumb"},"inLanguage":"en-US","potentialAction":[{"@type":"ReadAction","target":["https:\/\/empow-her.com\/en\/produit\/sante-mentale-et-entrepreneuriat\/"]}]},{"@type":"ImageObject","inLanguage":"en-US","@id":"https:\/\/empow-her.com\/en\/produit\/sante-mentale-et-entrepreneuriat\/#primaryimage","url":"https:\/\/empow-her.com\/wp-content\/uploads\/2023\/12\/shetalks-economie-circulaire-17.png","contentUrl":"https:\/\/empow-her.com\/wp-content\/uploads\/2023\/12\/shetalks-economie-circulaire-17.png","width":1080,"height":1080},{"@type":"BreadcrumbList","@id":"https:\/\/empow-her.com\/en\/produit\/sante-mentale-et-entrepreneuriat\/#breadcrumb","itemListElement":[{"@type":"ListItem","position":1,"name":"Accueil","item":"https:\/\/empow-her.com\/en\/landing-page\/"},{"@type":"ListItem","position":2,"name":"LA BOUTIQUE","item":"https:\/\/empow-her.com\/boutique\/"},{"@type":"ListItem","position":3,"name":"She Talks &#8211; Sant\u00e9 mentale et entrepreneuriat : d\u00e9dramatiser le sujet pour avancer"}]},{"@type":"WebSite","@id":"https:\/\/empow-her.com\/#website","url":"https:\/\/empow-her.com\/","name":"Empow&#039;Her","description":"Women Development","potentialAction":[{"@type":"SearchAction","target":{"@type":"EntryPoint","urlTemplate":"https:\/\/empow-her.com\/?s={search_term_string}"},"query-input":{"@type":"PropertyValueSpecification","valueRequired":true,"valueName":"search_term_string"}}],"inLanguage":"en-US"}]}},"_links":{"self":[{"href":"https:\/\/empow-her.com\/en\/wp-json\/wp\/v2\/product\/230119","targetHints":{"allow":["GET"]}}],"collection":[{"href":"https:\/\/empow-her.com\/en\/wp-json\/wp\/v2\/product"}],"about":[{"href":"https:\/\/empow-her.com\/en\/wp-json\/wp\/v2\/types\/product"}],"wp:featuredmedia":[{"embeddable":true,"href":"https:\/\/empow-her.com\/en\/wp-json\/wp\/v2\/media\/230439"}],"wp:attachment":[{"href":"https:\/\/empow-her.com\/en\/wp-json\/wp\/v2\/media?parent=230119"}],"wp:term":[{"taxonomy":"product_brand","embeddable":true,"href":"https:\/\/empow-her.com\/en\/wp-json\/wp\/v2\/product_brand?post=230119"},{"taxonomy":"product_cat","embeddable":true,"href":"https:\/\/empow-her.com\/en\/wp-json\/wp\/v2\/product_cat?post=230119"},{"taxonomy":"product_tag","embeddable":true,"href":"https:\/\/empow-her.com\/en\/wp-json\/wp\/v2\/product_tag?post=230119"},{"taxonomy":"lieu","embeddable":true,"href":"https:\/\/empow-her.com\/en\/wp-json\/wp\/v2\/lieu?post=230119"},{"taxonomy":"thematiques","embeddable":true,"href":"https:\/\/empow-her.com\/en\/wp-json\/wp\/v2\/thematiques?post=230119"}],"curies":[{"name":"wp","href":"https:\/\/api.w.org\/{rel}","templated":true}]}}