{"id":230042,"date":"2023-12-19T10:41:32","date_gmt":"2023-12-19T09:41:32","guid":{"rendered":"https:\/\/empow-her.com\/?post_type=product&#038;p=230042"},"modified":"2023-12-27T17:50:26","modified_gmt":"2023-12-27T16:50:26","slug":"she-talks-linnovation-au-service-des-personnes-precarisees","status":"publish","type":"product","link":"https:\/\/empow-her.com\/en\/produit\/she-talks-linnovation-au-service-des-personnes-precarisees\/","title":{"rendered":"She Talks Empow&#8217;Her x Pulse &#8211; L&#8217;innovation au service des personnes pr\u00e9caris\u00e9es"},"content":{"rendered":"<p><strong>She Talks Empow&#8217;Her x Pulse : L&#8217;innovation au service des personnes pr\u00e9caris\u00e9es<\/strong><\/p>\n<p><em>Rencontrez Victoria Mandefield, la fondatrice et directrice g\u00e9n\u00e9rale de Solinum : l&#8217;association qui met le num\u00e9rique au service des personnes les plus pr\u00e9caires.<\/em><\/p>\n<p><strong>Qui est Victoria ?<\/strong><br \/>\nEn 2017, \u00e0 22 ans, Victoria d\u00e9cide de lancer un site et une application permettant de r\u00e9unir toutes les informations essentielles pour les personnes sans abri ou subissant la pr\u00e9carit\u00e9. 3ans plus tard, elle figure au palmar\u00e8s des trente espoirs fran\u00e7ais de moins de 30 ans du magazine Vanity Fair.<\/p>\n<p>Depuis, l&#8217;association Solinum est devenue une r\u00e9f\u00e9rence en mati\u00e8re de SocialTech. Son outil Soliguide, le guide de la solidarit\u00e9 en ligne, a \u00e9t\u00e9 adapt\u00e9 aux sp\u00e9cificit\u00e9s locales de 30 d\u00e9partements et a \u00e9t\u00e9 visit\u00e9 1,8 million de fois.<\/p>\n<p>D\u00e9butez l&#8217;ann\u00e9e en beaut\u00e9 <strong>jeudi 4 janvier de 9h00 \u00e0 11h00<\/strong> <strong>chez Sist&#8217;Her<\/strong> en d\u00e9couvrant le parcours de cette entrepreneuse engag\u00e9e et d\u00e9termin\u00e9e. Venez explorer les dessous de la construction d\u2019un projet \u00e0 fort impact social dans le secteur de la tech et de l\u2019innovation ! &#x1f4aa;<\/p>\n<p>&nbsp;<\/p>\n<p>Un \u00e9v\u00e9nement organis\u00e9 par <strong>Empow&#8217;Her<\/strong> en partenariat avec\u00a0<strong><a class=\"c-link\" href=\"https:\/\/www.france.pulse-group.org\/\" target=\"_blank\" rel=\"noopener noreferrer\" data-stringify-link=\"https:\/\/www.france.pulse-group.org\/\" data-sk=\"tooltip_parent\">Pulse<\/a><\/strong>\u00a0dans le cadre de son programme\u00a0<strong><a class=\"c-link\" href=\"https:\/\/www.france.pulse-group.org\/ellesensemble\/\" target=\"_blank\" rel=\"noopener noreferrer\" data-stringify-link=\"https:\/\/www.france.pulse-group.org\/ellesensemble\/\" data-sk=\"tooltip_parent\" aria-describedby=\"sk-tooltip-4640\">#EllesEnsemble.\u00a0<\/a><\/strong><\/p>\n<p><strong><br \/>\nInfos pratiques :<\/strong><\/p>\n<p>&#x1f4c6; Jeudi 4 janvier<br \/>\n&#x23f3; De 9h00 \u00e0 11h00<br \/>\n&#x1f516; R\u00e9servation gratuite obligatoire<\/p>\n<p>&#x1f4cd; <strong>Sist\u2019Her : 82 rue du Faubourg Saint-Martin 75010 Paris<\/strong><br \/>\nOuvert en mars 2021, Sist\u2019Her est le premier tiers-lieu sorore, d\u00e9di\u00e9 aux entrepreneuses et \u00e0 l\u2019impact en \u00cele-de-France. Port\u00e9 par l\u2019association <a href=\"https:\/\/empow-her.com\/nos-actions\/\">Empow\u2019Her<\/a>, c\u2019est un lieu de formations et de rencontres inclusif et collaboratif, ouvert \u00e0 tou\u00b7te\u00b7s o\u00f9 il est possible de se former, s\u2019inspirer, s\u2019engager et se rencontrer.<\/p>\n<p>&nbsp;<\/p>\n<p>On vous attends nombreux.ses pour ce premier \u00e9v\u00e9nement de l&#8217;ann\u00e9e 2024 chez Sist&#8217;Her !<\/p>\n<p>\u00c0 tr\u00e8s vite ! &#x2600;&#xfe0f;<\/p>\n","protected":false},"excerpt":{"rendered":"<p><strong>She Talks Empow&#8217;Her x Pulse : L&#8217;innovation au service des personnes pr\u00e9caris\u00e9es<\/strong><\/p>\n<p><em>Rencontrez Victoria Mandefield, la fondatrice et directrice g\u00e9n\u00e9rale de Solinum : l&#8217;association qui met le num\u00e9rique au service des personnes les plus pr\u00e9caires.<\/em><\/p>\n<p><strong>Qui est Victoria ?<\/strong><br \/>\nEn 2017, \u00e0 22 ans, Victoria d\u00e9cide de lancer un site et une application permettant de r\u00e9unir toutes les informations essentielles pour les personnes sans abri ou subissant la pr\u00e9carit\u00e9. 3ans plus tard, elle figure au palmar\u00e8s des trente espoirs fran\u00e7ais de moins de 30 ans du magazine Vanity Fair.<\/p>\n<p>Depuis, l&#8217;association Solinum est devenue une r\u00e9f\u00e9rence en mati\u00e8re de SocialTech. Son outil Soliguide, le guide de la solidarit\u00e9 en ligne, a \u00e9t\u00e9 adapt\u00e9 aux sp\u00e9cificit\u00e9s locales de 30 d\u00e9partements et a \u00e9t\u00e9 visit\u00e9 1,8 million de fois.<\/p>\n<p>D\u00e9butez l&#8217;ann\u00e9e en beaut\u00e9 <strong>jeudi 4 janvier de 9h00 \u00e0 11h00<\/strong> <strong>chez Sist&#8217;Her<\/strong> en d\u00e9couvrant le parcours de cette entrepreneuse engag\u00e9e et d\u00e9termin\u00e9e. Venez explorer les dessous de la construction d\u2019un projet \u00e0 fort impact social dans le secteur de la tech et de l\u2019innovation ! &#x1f4aa;<\/p>\n<p>&nbsp;<\/p>\n<p>Un \u00e9v\u00e9nement organis\u00e9 par <strong>Empow&#8217;Her<\/strong> en partenariat avec\u00a0<strong><a class=\"c-link\" href=\"https:\/\/www.france.pulse-group.org\/\" target=\"_blank\" rel=\"noopener noreferrer\" data-stringify-link=\"https:\/\/www.france.pulse-group.org\/\" data-sk=\"tooltip_parent\">Pulse<\/a><\/strong>\u00a0dans le cadre de son programme\u00a0<strong><a class=\"c-link\" href=\"https:\/\/www.france.pulse-group.org\/ellesensemble\/\" target=\"_blank\" rel=\"noopener noreferrer\" data-stringify-link=\"https:\/\/www.france.pulse-group.org\/ellesensemble\/\" data-sk=\"tooltip_parent\" aria-describedby=\"sk-tooltip-4640\">#EllesEnsemble.\u00a0<\/a><\/strong><\/p>\n<p><strong><br \/>\nInfos pratiques :<\/strong><\/p>\n<p>&#x1f4c6; Jeudi 4 janvier<br \/>\n&#x23f3; De 9h00 \u00e0 11h00<br \/>\n&#x1f516; R\u00e9servation gratuite obligatoire<\/p>\n<p>&#x1f4cd; <strong>Sist\u2019Her : 82 rue du Faubourg Saint-Martin 75010 Paris<\/strong><br \/>\nOuvert en mars 2021, Sist\u2019Her est le premier tiers-lieu sorore, d\u00e9di\u00e9 aux entrepreneuses et \u00e0 l\u2019impact en \u00cele-de-France. Port\u00e9 par l\u2019association <a href=\"https:\/\/empow-her.com\/nos-actions\/\">Empow\u2019Her<\/a>, c\u2019est un lieu de formations et de rencontres inclusif et collaboratif, ouvert \u00e0 tou\u00b7te\u00b7s o\u00f9 il est possible de se former, s\u2019inspirer, s\u2019engager et se rencontrer.<\/p>\n<p>&nbsp;<\/p>\n<p>On vous attends nombreux.ses pour ce premier \u00e9v\u00e9nement de l&#8217;ann\u00e9e 2024 chez Sist&#8217;Her !<\/p>\n<p>\u00c0 tr\u00e8s vite ! &#x2600;&#xfe0f;<\/p>\n","protected":false},"featured_media":232126,"template":"","format":"standard","meta":{"_acf_changed":false,"om_disable_all_campaigns":false,"_uf_show_specific_survey":0,"_uf_disable_surveys":false},"product_brand":[],"product_cat":[119],"product_tag":[132],"lieu":[127],"thematiques":[],"class_list":{"0":"post-230042","1":"product","2":"type-product","3":"status-publish","4":"format-standard","5":"has-post-thumbnail","7":"product_cat-evenement-sisther","8":"product_tag-sisther","9":"lieu-hub-empowher","11":"first","12":"instock","13":"virtual","14":"purchasable","15":"product-type-appointment"},"exclude_global_add_ons":[],"addons":[],"acf":[],"yoast_head":"<!-- This site is optimized with the Yoast SEO plugin v24.8 - https:\/\/yoast.com\/wordpress\/plugins\/seo\/ -->\n<title>She Talks Empow&#039;Her x Pulse - L&#039;innovation au service des personnes pr\u00e9caris\u00e9es - Empow&#039;Her She Talks - L&#039;innovation au service des personnes pr\u00e9caris\u00e9es<\/title>\n<meta name=\"description\" content=\"L&#039;innovation au service des personnes pr\u00e9caris\u00e9es : rencontre avec Victoria Mandefield, fondatrice de Solinum.\" \/>\n<meta name=\"robots\" content=\"index, follow, max-snippet:-1, max-image-preview:large, max-video-preview:-1\" \/>\n<link rel=\"canonical\" href=\"https:\/\/empow-her.com\/en\/produit\/she-talks-linnovation-au-service-des-personnes-precarisees\/\" \/>\n<meta property=\"og:locale\" content=\"en_US\" \/>\n<meta property=\"og:type\" content=\"article\" \/>\n<meta property=\"og:title\" content=\"She Talks Empow&#039;Her x Pulse - L&#039;innovation au service des personnes pr\u00e9caris\u00e9es - Empow&#039;Her She Talks - L&#039;innovation au service des personnes pr\u00e9caris\u00e9es\" \/>\n<meta property=\"og:description\" content=\"L&#039;innovation au service des personnes pr\u00e9caris\u00e9es : rencontre avec Victoria Mandefield, fondatrice de Solinum.\" \/>\n<meta property=\"og:url\" content=\"https:\/\/empow-her.com\/en\/produit\/she-talks-linnovation-au-service-des-personnes-precarisees\/\" \/>\n<meta property=\"og:site_name\" content=\"Empow&#039;Her\" \/>\n<meta property=\"article:modified_time\" content=\"2023-12-27T16:50:26+00:00\" \/>\n<meta property=\"og:image\" content=\"https:\/\/empow-her.com\/wp-content\/uploads\/2023\/12\/shetalks-economie-circulaire-18.png\" \/>\n\t<meta property=\"og:image:width\" content=\"1080\" \/>\n\t<meta property=\"og:image:height\" content=\"1080\" \/>\n\t<meta property=\"og:image:type\" content=\"image\/png\" \/>\n<meta name=\"twitter:card\" content=\"summary_large_image\" \/>\n<meta name=\"twitter:label1\" content=\"Est. reading time\" \/>\n\t<meta name=\"twitter:data1\" content=\"2 minutes\" \/>\n<script type=\"application\/ld+json\" class=\"yoast-schema-graph\">{\"@context\":\"https:\/\/schema.org\",\"@graph\":[{\"@type\":\"WebPage\",\"@id\":\"https:\/\/empow-her.com\/en\/produit\/she-talks-linnovation-au-service-des-personnes-precarisees\/\",\"url\":\"https:\/\/empow-her.com\/en\/produit\/she-talks-linnovation-au-service-des-personnes-precarisees\/\",\"name\":\"She Talks Empow'Her x Pulse - L'innovation au service des personnes pr\u00e9caris\u00e9es - Empow&#039;Her She Talks - L'innovation au service des personnes pr\u00e9caris\u00e9es\",\"isPartOf\":{\"@id\":\"https:\/\/empow-her.com\/#website\"},\"primaryImageOfPage\":{\"@id\":\"https:\/\/empow-her.com\/en\/produit\/she-talks-linnovation-au-service-des-personnes-precarisees\/#primaryimage\"},\"image\":{\"@id\":\"https:\/\/empow-her.com\/en\/produit\/she-talks-linnovation-au-service-des-personnes-precarisees\/#primaryimage\"},\"thumbnailUrl\":\"https:\/\/empow-her.com\/wp-content\/uploads\/2023\/12\/shetalks-economie-circulaire-18.png\",\"datePublished\":\"2023-12-19T09:41:32+00:00\",\"dateModified\":\"2023-12-27T16:50:26+00:00\",\"description\":\"L'innovation au service des personnes pr\u00e9caris\u00e9es : rencontre avec Victoria Mandefield, fondatrice de Solinum.\",\"breadcrumb\":{\"@id\":\"https:\/\/empow-her.com\/en\/produit\/she-talks-linnovation-au-service-des-personnes-precarisees\/#breadcrumb\"},\"inLanguage\":\"en-US\",\"potentialAction\":[{\"@type\":\"ReadAction\",\"target\":[\"https:\/\/empow-her.com\/en\/produit\/she-talks-linnovation-au-service-des-personnes-precarisees\/\"]}]},{\"@type\":\"ImageObject\",\"inLanguage\":\"en-US\",\"@id\":\"https:\/\/empow-her.com\/en\/produit\/she-talks-linnovation-au-service-des-personnes-precarisees\/#primaryimage\",\"url\":\"https:\/\/empow-her.com\/wp-content\/uploads\/2023\/12\/shetalks-economie-circulaire-18.png\",\"contentUrl\":\"https:\/\/empow-her.com\/wp-content\/uploads\/2023\/12\/shetalks-economie-circulaire-18.png\",\"width\":1080,\"height\":1080},{\"@type\":\"BreadcrumbList\",\"@id\":\"https:\/\/empow-her.com\/en\/produit\/she-talks-linnovation-au-service-des-personnes-precarisees\/#breadcrumb\",\"itemListElement\":[{\"@type\":\"ListItem\",\"position\":1,\"name\":\"Accueil\",\"item\":\"https:\/\/empow-her.com\/en\/landing-page\/\"},{\"@type\":\"ListItem\",\"position\":2,\"name\":\"LA BOUTIQUE\",\"item\":\"https:\/\/empow-her.com\/boutique\/\"},{\"@type\":\"ListItem\",\"position\":3,\"name\":\"She Talks Empow&#8217;Her x Pulse &#8211; L&#8217;innovation au service des personnes pr\u00e9caris\u00e9es\"}]},{\"@type\":\"WebSite\",\"@id\":\"https:\/\/empow-her.com\/#website\",\"url\":\"https:\/\/empow-her.com\/\",\"name\":\"Empow&#039;Her\",\"description\":\"Women Development\",\"potentialAction\":[{\"@type\":\"SearchAction\",\"target\":{\"@type\":\"EntryPoint\",\"urlTemplate\":\"https:\/\/empow-her.com\/?s={search_term_string}\"},\"query-input\":{\"@type\":\"PropertyValueSpecification\",\"valueRequired\":true,\"valueName\":\"search_term_string\"}}],\"inLanguage\":\"en-US\"}]}<\/script>\n<!-- \/ Yoast SEO plugin. -->","yoast_head_json":{"title":"She Talks Empow'Her x Pulse - L'innovation au service des personnes pr\u00e9caris\u00e9es - Empow&#039;Her She Talks - L'innovation au service des personnes pr\u00e9caris\u00e9es","description":"L'innovation au service des personnes pr\u00e9caris\u00e9es : rencontre avec Victoria Mandefield, fondatrice de Solinum.","robots":{"index":"index","follow":"follow","max-snippet":"max-snippet:-1","max-image-preview":"max-image-preview:large","max-video-preview":"max-video-preview:-1"},"canonical":"https:\/\/empow-her.com\/en\/produit\/she-talks-linnovation-au-service-des-personnes-precarisees\/","og_locale":"en_US","og_type":"article","og_title":"She Talks Empow'Her x Pulse - L'innovation au service des personnes pr\u00e9caris\u00e9es - Empow&#039;Her She Talks - L'innovation au service des personnes pr\u00e9caris\u00e9es","og_description":"L'innovation au service des personnes pr\u00e9caris\u00e9es : rencontre avec Victoria Mandefield, fondatrice de Solinum.","og_url":"https:\/\/empow-her.com\/en\/produit\/she-talks-linnovation-au-service-des-personnes-precarisees\/","og_site_name":"Empow&#039;Her","article_modified_time":"2023-12-27T16:50:26+00:00","og_image":[{"width":1080,"height":1080,"url":"https:\/\/empow-her.com\/wp-content\/uploads\/2023\/12\/shetalks-economie-circulaire-18.png","type":"image\/png"}],"twitter_card":"summary_large_image","twitter_misc":{"Est. reading time":"2 minutes"},"schema":{"@context":"https:\/\/schema.org","@graph":[{"@type":"WebPage","@id":"https:\/\/empow-her.com\/en\/produit\/she-talks-linnovation-au-service-des-personnes-precarisees\/","url":"https:\/\/empow-her.com\/en\/produit\/she-talks-linnovation-au-service-des-personnes-precarisees\/","name":"She Talks Empow'Her x Pulse - L'innovation au service des personnes pr\u00e9caris\u00e9es - Empow&#039;Her She Talks - L'innovation au service des personnes pr\u00e9caris\u00e9es","isPartOf":{"@id":"https:\/\/empow-her.com\/#website"},"primaryImageOfPage":{"@id":"https:\/\/empow-her.com\/en\/produit\/she-talks-linnovation-au-service-des-personnes-precarisees\/#primaryimage"},"image":{"@id":"https:\/\/empow-her.com\/en\/produit\/she-talks-linnovation-au-service-des-personnes-precarisees\/#primaryimage"},"thumbnailUrl":"https:\/\/empow-her.com\/wp-content\/uploads\/2023\/12\/shetalks-economie-circulaire-18.png","datePublished":"2023-12-19T09:41:32+00:00","dateModified":"2023-12-27T16:50:26+00:00","description":"L'innovation au service des personnes pr\u00e9caris\u00e9es : rencontre avec Victoria Mandefield, fondatrice de Solinum.","breadcrumb":{"@id":"https:\/\/empow-her.com\/en\/produit\/she-talks-linnovation-au-service-des-personnes-precarisees\/#breadcrumb"},"inLanguage":"en-US","potentialAction":[{"@type":"ReadAction","target":["https:\/\/empow-her.com\/en\/produit\/she-talks-linnovation-au-service-des-personnes-precarisees\/"]}]},{"@type":"ImageObject","inLanguage":"en-US","@id":"https:\/\/empow-her.com\/en\/produit\/she-talks-linnovation-au-service-des-personnes-precarisees\/#primaryimage","url":"https:\/\/empow-her.com\/wp-content\/uploads\/2023\/12\/shetalks-economie-circulaire-18.png","contentUrl":"https:\/\/empow-her.com\/wp-content\/uploads\/2023\/12\/shetalks-economie-circulaire-18.png","width":1080,"height":1080},{"@type":"BreadcrumbList","@id":"https:\/\/empow-her.com\/en\/produit\/she-talks-linnovation-au-service-des-personnes-precarisees\/#breadcrumb","itemListElement":[{"@type":"ListItem","position":1,"name":"Accueil","item":"https:\/\/empow-her.com\/en\/landing-page\/"},{"@type":"ListItem","position":2,"name":"LA BOUTIQUE","item":"https:\/\/empow-her.com\/boutique\/"},{"@type":"ListItem","position":3,"name":"She Talks Empow&#8217;Her x Pulse &#8211; L&#8217;innovation au service des personnes pr\u00e9caris\u00e9es"}]},{"@type":"WebSite","@id":"https:\/\/empow-her.com\/#website","url":"https:\/\/empow-her.com\/","name":"Empow&#039;Her","description":"Women Development","potentialAction":[{"@type":"SearchAction","target":{"@type":"EntryPoint","urlTemplate":"https:\/\/empow-her.com\/?s={search_term_string}"},"query-input":{"@type":"PropertyValueSpecification","valueRequired":true,"valueName":"search_term_string"}}],"inLanguage":"en-US"}]}},"_links":{"self":[{"href":"https:\/\/empow-her.com\/en\/wp-json\/wp\/v2\/product\/230042","targetHints":{"allow":["GET"]}}],"collection":[{"href":"https:\/\/empow-her.com\/en\/wp-json\/wp\/v2\/product"}],"about":[{"href":"https:\/\/empow-her.com\/en\/wp-json\/wp\/v2\/types\/product"}],"wp:featuredmedia":[{"embeddable":true,"href":"https:\/\/empow-her.com\/en\/wp-json\/wp\/v2\/media\/232126"}],"wp:attachment":[{"href":"https:\/\/empow-her.com\/en\/wp-json\/wp\/v2\/media?parent=230042"}],"wp:term":[{"taxonomy":"product_brand","embeddable":true,"href":"https:\/\/empow-her.com\/en\/wp-json\/wp\/v2\/product_brand?post=230042"},{"taxonomy":"product_cat","embeddable":true,"href":"https:\/\/empow-her.com\/en\/wp-json\/wp\/v2\/product_cat?post=230042"},{"taxonomy":"product_tag","embeddable":true,"href":"https:\/\/empow-her.com\/en\/wp-json\/wp\/v2\/product_tag?post=230042"},{"taxonomy":"lieu","embeddable":true,"href":"https:\/\/empow-her.com\/en\/wp-json\/wp\/v2\/lieu?post=230042"},{"taxonomy":"thematiques","embeddable":true,"href":"https:\/\/empow-her.com\/en\/wp-json\/wp\/v2\/thematiques?post=230042"}],"curies":[{"name":"wp","href":"https:\/\/api.w.org\/{rel}","templated":true}]}}