{"id":221331,"date":"2023-11-21T11:08:58","date_gmt":"2023-11-21T10:08:58","guid":{"rendered":"https:\/\/empow-her.com\/?post_type=product&#038;p=221331"},"modified":"2023-11-21T17:00:43","modified_gmt":"2023-11-21T16:00:43","slug":"le-marche-de-noel-empowher","status":"publish","type":"product","link":"https:\/\/empow-her.com\/en\/produit\/le-marche-de-noel-empowher\/","title":{"rendered":"Le march\u00e9 de No\u00ebl Empow&#8217;Her revient !"},"content":{"rendered":"<p>A VOS AGENDAS &#x1f381;<\/p>\n<p>Cette ann\u00e9e, pour faire tes cadeaux, tu es \u00e0 la recherche de p\u00e9pites innovantes, tendances, cr\u00e9atives, utiles ? Tout \u00e7a \u00e0 la fois ? Passe <strong>Samedi 9 d\u00e9cembre au March\u00e9 de No\u00ebl Empow\u2019Her<\/strong> et d\u00e9couvre les produits d\u2019entrepreneuses accompagn\u00e9es par notre ONG &#x2728;<\/p>\n<p>Plus qu\u2019un march\u00e9 de No\u00ebl, c\u2019est un r\u00e9el moment de pause, de partage et de d\u00e9couverte&#8230;. En plus de 11 stands, venez profiter de nombreuses surprises : une initiation \u00e0 l\u2019hypnoth\u00e9rapie, des sessions de tirage de carte, un atelier DIY pour cr\u00e9er vos propres cadeaux d\u00e9co, un espace d\u00e9di\u00e9 \u00e0 la sant\u00e9 des femmes, une offre de boissons chaudes et douceurs &#x1f60d;<\/p>\n<p>Les ateliers sont payants et les inscriptions sont limit\u00e9es ! &#x2b50;<br \/>\nSi tu souhaites t&#8217;inscrire \u00e0 l&#8217;un des ateliers, merci de cliquer sur ce <a href=\"https:\/\/airtable.com\/appkZp4V5YvlIqfeb\/shrbfMp6AyeYwXjnU\">lien<\/a> <strong>&#x1f448;<br \/>\n<\/strong><br \/>\nParticiper au March\u00e9 de No\u00ebl Empow\u2019Her c\u2019est :<br \/>\n&#x1f4ab; L\u2019assurance de fait le plein de cadeaux originaux et responsables<br \/>\n&#x1f4ab; Une mani\u00e8re concr\u00e8te de soutenir les business des entrepreneures que nous accompagnons<br \/>\n&#x1f4ab; D\u00e9couvrir notre tiers-lieu f\u00e9ministe et rencontrer nos \u00e9quipes<br \/>\n&#x1f4ab; Tenter des exp\u00e9riences in\u00e9dites en s\u2019inscrivant aux ateliers de la journ\u00e9e<br \/>\n&#x1f4ab; Se r\u00e9galer et s\u2019inspirer<\/p>\n<p>Infos pratiques :<br \/>\n&#x1f4c5; L&#8217;\u00e9v\u00e9nement se d\u00e9roulera samedi 9 d\u00e9cembre<br \/>\n&#x23f3; De 14h \u00e0 19h<br \/>\n&#x1f4cd; Chez <a href=\"https:\/\/empow-her.com\/agenda-empowher\/\">Sist&#8217;Her<\/a> au 82 rue du Faubourg Saint-Martin 75010 Paris<br \/>\n&#x1f516; <strong>Entr\u00e9e libre ! <\/strong>(pas besoin de s&#8217;inscrire ou de r\u00e9server, l&#8217;\u00e9v\u00e9nement est ouvert \u00e0 toutes et tous)<\/p>\n<p>A bient\u00f4t chez Sist\u2019Her &#x1f384;<\/p>\n","protected":false},"excerpt":{"rendered":"<p>A VOS AGENDAS &#x1f381;<\/p>\n<p>Cette ann\u00e9e, pour faire tes cadeaux, tu es \u00e0 la recherche de p\u00e9pites innovantes, tendances, cr\u00e9atives, utiles ? Tout \u00e7a \u00e0 la fois ? Passe <strong>Samedi 9 d\u00e9cembre au March\u00e9 de No\u00ebl Empow\u2019Her<\/strong> et d\u00e9couvre les produits d\u2019entrepreneuses accompagn\u00e9es par notre ONG &#x2728;<\/p>\n<p>Plus qu\u2019un march\u00e9 de No\u00ebl, c\u2019est un r\u00e9el moment de pause, de partage et de d\u00e9couverte&#8230;. En plus de 11 stands, venez profiter de nombreuses surprises : une initiation \u00e0 l\u2019hypnoth\u00e9rapie, des sessions de tirage de carte, un atelier DIY pour cr\u00e9er vos propres cadeaux d\u00e9co, un espace d\u00e9di\u00e9 \u00e0 la sant\u00e9 des femmes, une offre de boissons chaudes et douceurs &#x1f60d;<\/p>\n<p>Les ateliers sont payants et les inscriptions sont limit\u00e9es ! &#x2b50;<br \/>\nSi tu souhaites t&#8217;inscrire \u00e0 l&#8217;un des ateliers, merci de cliquer sur ce <a href=\"https:\/\/airtable.com\/appkZp4V5YvlIqfeb\/shrbfMp6AyeYwXjnU\">lien<\/a> <strong>&#x1f448;<br \/>\n<\/strong><br \/>\nParticiper au March\u00e9 de No\u00ebl Empow\u2019Her c\u2019est :<br \/>\n&#x1f4ab; L\u2019assurance de fait le plein de cadeaux originaux et responsables<br \/>\n&#x1f4ab; Une mani\u00e8re concr\u00e8te de soutenir les business des entrepreneures que nous accompagnons<br \/>\n&#x1f4ab; D\u00e9couvrir notre tiers-lieu f\u00e9ministe et rencontrer nos \u00e9quipes<br \/>\n&#x1f4ab; Tenter des exp\u00e9riences in\u00e9dites en s\u2019inscrivant aux ateliers de la journ\u00e9e<br \/>\n&#x1f4ab; Se r\u00e9galer et s\u2019inspirer<\/p>\n<p>Infos pratiques :<br \/>\n&#x1f4c5; L&#8217;\u00e9v\u00e9nement se d\u00e9roulera samedi 9 d\u00e9cembre<br \/>\n&#x23f3; De 14h \u00e0 19h<br \/>\n&#x1f4cd; Chez <a href=\"https:\/\/empow-her.com\/agenda-empowher\/\">Sist&#8217;Her<\/a> au 82 rue du Faubourg Saint-Martin 75010 Paris<br \/>\n&#x1f516; Pas besoin de s&#8217;inscrire ou de r\u00e9server, l&#8217;\u00e9v\u00e9nement est ouvert \u00e0 toutes et tous<\/p>\n<p>A bient\u00f4t chez Sist\u2019Her &#x1f384;<\/p>\n","protected":false},"featured_media":221345,"template":"","format":"standard","meta":{"_acf_changed":false,"om_disable_all_campaigns":false,"_uf_show_specific_survey":0,"_uf_disable_surveys":false},"product_brand":[],"product_cat":[119],"product_tag":[],"lieu":[127],"thematiques":[],"class_list":{"0":"post-221331","1":"product","2":"type-product","3":"status-publish","4":"format-standard","5":"has-post-thumbnail","7":"product_cat-evenement-sisther","8":"lieu-hub-empowher","10":"first","11":"instock","12":"virtual","13":"purchasable","14":"product-type-appointment"},"exclude_global_add_ons":[],"addons":[],"acf":[],"yoast_head":"<!-- This site is optimized with the Yoast SEO plugin v24.8 - https:\/\/yoast.com\/wordpress\/plugins\/seo\/ -->\n<title>Le march\u00e9 de No\u00ebl Empow&#039;Her revient ! - Empow&#039;Her<\/title>\n<meta name=\"robots\" content=\"index, follow, max-snippet:-1, max-image-preview:large, max-video-preview:-1\" \/>\n<link rel=\"canonical\" href=\"https:\/\/empow-her.com\/en\/produit\/le-marche-de-noel-empowher\/\" \/>\n<meta property=\"og:locale\" content=\"en_US\" \/>\n<meta property=\"og:type\" content=\"article\" \/>\n<meta property=\"og:title\" content=\"Le march\u00e9 de No\u00ebl Empow&#039;Her revient ! - Empow&#039;Her\" \/>\n<meta property=\"og:description\" content=\"A VOS AGENDAS &#x1f381;  Cette ann\u00e9e, pour faire tes cadeaux, tu es \u00e0 la recherche de p\u00e9pites innovantes, tendances, cr\u00e9atives, utiles ? Tout \u00e7a \u00e0 la fois ? Passe Samedi 9 d\u00e9cembre au March\u00e9 de No\u00ebl Empow\u2019Her et d\u00e9couvre les produits d\u2019entrepreneuses accompagn\u00e9es par notre ONG &#x2728;  Plus qu\u2019un march\u00e9 de No\u00ebl, c\u2019est un r\u00e9el moment de pause, de partage et de d\u00e9couverte.... En plus de 11 stands, venez profiter de nombreuses surprises : une initiation \u00e0 l\u2019hypnoth\u00e9rapie, des sessions de tirage de carte, un atelier DIY pour cr\u00e9er vos propres cadeaux d\u00e9co, un espace d\u00e9di\u00e9 \u00e0 la sant\u00e9 des femmes, une offre de boissons chaudes et douceurs &#x1f60d;  Les ateliers sont payants et les inscriptions sont limit\u00e9es ! &#x2b50; Si tu souhaites t&#039;inscrire \u00e0 l&#039;un des ateliers, merci de cliquer sur ce lien &#x1f448;  Participer au March\u00e9 de No\u00ebl Empow\u2019Her c\u2019est : &#x1f4ab; L\u2019assurance de fait le plein de cadeaux originaux et responsables &#x1f4ab; Une mani\u00e8re concr\u00e8te de soutenir les business des entrepreneures que nous accompagnons &#x1f4ab; D\u00e9couvrir notre tiers-lieu f\u00e9ministe et rencontrer nos \u00e9quipes &#x1f4ab; Tenter des exp\u00e9riences in\u00e9dites en s\u2019inscrivant aux ateliers de la journ\u00e9e &#x1f4ab; Se r\u00e9galer et s\u2019inspirer  Infos pratiques : &#x1f4c5; L&#039;\u00e9v\u00e9nement se d\u00e9roulera samedi 9 d\u00e9cembre &#x23f3; De 14h \u00e0 19h &#x1f4cd; Chez Sist&#039;Her au 82 rue du Faubourg Saint-Martin 75010 Paris &#x1f516; Pas besoin de s&#039;inscrire ou de r\u00e9server, l&#039;\u00e9v\u00e9nement est ouvert \u00e0 toutes et tous  A bient\u00f4t chez Sist\u2019Her &#x1f384;\" \/>\n<meta property=\"og:url\" content=\"https:\/\/empow-her.com\/en\/produit\/le-marche-de-noel-empowher\/\" \/>\n<meta property=\"og:site_name\" content=\"Empow&#039;Her\" \/>\n<meta property=\"article:modified_time\" content=\"2023-11-21T16:00:43+00:00\" \/>\n<meta property=\"og:image\" content=\"https:\/\/empow-her.com\/wp-content\/uploads\/2023\/11\/marche-1.png\" \/>\n\t<meta property=\"og:image:width\" content=\"1080\" \/>\n\t<meta property=\"og:image:height\" content=\"1080\" \/>\n\t<meta property=\"og:image:type\" content=\"image\/png\" \/>\n<meta name=\"twitter:card\" content=\"summary_large_image\" \/>\n<meta name=\"twitter:label1\" content=\"Est. reading time\" \/>\n\t<meta name=\"twitter:data1\" content=\"2 minutes\" \/>\n<script type=\"application\/ld+json\" class=\"yoast-schema-graph\">{\"@context\":\"https:\/\/schema.org\",\"@graph\":[{\"@type\":\"WebPage\",\"@id\":\"https:\/\/empow-her.com\/en\/produit\/le-marche-de-noel-empowher\/\",\"url\":\"https:\/\/empow-her.com\/en\/produit\/le-marche-de-noel-empowher\/\",\"name\":\"Le march\u00e9 de No\u00ebl Empow'Her revient ! - Empow&#039;Her\",\"isPartOf\":{\"@id\":\"https:\/\/empow-her.com\/#website\"},\"primaryImageOfPage\":{\"@id\":\"https:\/\/empow-her.com\/en\/produit\/le-marche-de-noel-empowher\/#primaryimage\"},\"image\":{\"@id\":\"https:\/\/empow-her.com\/en\/produit\/le-marche-de-noel-empowher\/#primaryimage\"},\"thumbnailUrl\":\"https:\/\/empow-her.com\/wp-content\/uploads\/2023\/11\/marche-1.png\",\"datePublished\":\"2023-11-21T10:08:58+00:00\",\"dateModified\":\"2023-11-21T16:00:43+00:00\",\"breadcrumb\":{\"@id\":\"https:\/\/empow-her.com\/en\/produit\/le-marche-de-noel-empowher\/#breadcrumb\"},\"inLanguage\":\"en-US\",\"potentialAction\":[{\"@type\":\"ReadAction\",\"target\":[\"https:\/\/empow-her.com\/en\/produit\/le-marche-de-noel-empowher\/\"]}]},{\"@type\":\"ImageObject\",\"inLanguage\":\"en-US\",\"@id\":\"https:\/\/empow-her.com\/en\/produit\/le-marche-de-noel-empowher\/#primaryimage\",\"url\":\"https:\/\/empow-her.com\/wp-content\/uploads\/2023\/11\/marche-1.png\",\"contentUrl\":\"https:\/\/empow-her.com\/wp-content\/uploads\/2023\/11\/marche-1.png\",\"width\":1080,\"height\":1080},{\"@type\":\"BreadcrumbList\",\"@id\":\"https:\/\/empow-her.com\/en\/produit\/le-marche-de-noel-empowher\/#breadcrumb\",\"itemListElement\":[{\"@type\":\"ListItem\",\"position\":1,\"name\":\"Accueil\",\"item\":\"https:\/\/empow-her.com\/en\/landing-page\/\"},{\"@type\":\"ListItem\",\"position\":2,\"name\":\"LA BOUTIQUE\",\"item\":\"https:\/\/empow-her.com\/boutique\/\"},{\"@type\":\"ListItem\",\"position\":3,\"name\":\"Le march\u00e9 de No\u00ebl Empow&#8217;Her revient !\"}]},{\"@type\":\"WebSite\",\"@id\":\"https:\/\/empow-her.com\/#website\",\"url\":\"https:\/\/empow-her.com\/\",\"name\":\"Empow&#039;Her\",\"description\":\"Women Development\",\"potentialAction\":[{\"@type\":\"SearchAction\",\"target\":{\"@type\":\"EntryPoint\",\"urlTemplate\":\"https:\/\/empow-her.com\/?s={search_term_string}\"},\"query-input\":{\"@type\":\"PropertyValueSpecification\",\"valueRequired\":true,\"valueName\":\"search_term_string\"}}],\"inLanguage\":\"en-US\"}]}<\/script>\n<!-- \/ Yoast SEO plugin. -->","yoast_head_json":{"title":"Le march\u00e9 de No\u00ebl Empow'Her revient ! - Empow&#039;Her","robots":{"index":"index","follow":"follow","max-snippet":"max-snippet:-1","max-image-preview":"max-image-preview:large","max-video-preview":"max-video-preview:-1"},"canonical":"https:\/\/empow-her.com\/en\/produit\/le-marche-de-noel-empowher\/","og_locale":"en_US","og_type":"article","og_title":"Le march\u00e9 de No\u00ebl Empow'Her revient ! - Empow&#039;Her","og_description":"A VOS AGENDAS &#x1f381;  Cette ann\u00e9e, pour faire tes cadeaux, tu es \u00e0 la recherche de p\u00e9pites innovantes, tendances, cr\u00e9atives, utiles ? Tout \u00e7a \u00e0 la fois ? Passe Samedi 9 d\u00e9cembre au March\u00e9 de No\u00ebl Empow\u2019Her et d\u00e9couvre les produits d\u2019entrepreneuses accompagn\u00e9es par notre ONG &#x2728;  Plus qu\u2019un march\u00e9 de No\u00ebl, c\u2019est un r\u00e9el moment de pause, de partage et de d\u00e9couverte.... En plus de 11 stands, venez profiter de nombreuses surprises : une initiation \u00e0 l\u2019hypnoth\u00e9rapie, des sessions de tirage de carte, un atelier DIY pour cr\u00e9er vos propres cadeaux d\u00e9co, un espace d\u00e9di\u00e9 \u00e0 la sant\u00e9 des femmes, une offre de boissons chaudes et douceurs &#x1f60d;  Les ateliers sont payants et les inscriptions sont limit\u00e9es ! &#x2b50; Si tu souhaites t'inscrire \u00e0 l'un des ateliers, merci de cliquer sur ce lien &#x1f448;  Participer au March\u00e9 de No\u00ebl Empow\u2019Her c\u2019est : &#x1f4ab; L\u2019assurance de fait le plein de cadeaux originaux et responsables &#x1f4ab; Une mani\u00e8re concr\u00e8te de soutenir les business des entrepreneures que nous accompagnons &#x1f4ab; D\u00e9couvrir notre tiers-lieu f\u00e9ministe et rencontrer nos \u00e9quipes &#x1f4ab; Tenter des exp\u00e9riences in\u00e9dites en s\u2019inscrivant aux ateliers de la journ\u00e9e &#x1f4ab; Se r\u00e9galer et s\u2019inspirer  Infos pratiques : &#x1f4c5; L'\u00e9v\u00e9nement se d\u00e9roulera samedi 9 d\u00e9cembre &#x23f3; De 14h \u00e0 19h &#x1f4cd; Chez Sist'Her au 82 rue du Faubourg Saint-Martin 75010 Paris &#x1f516; Pas besoin de s'inscrire ou de r\u00e9server, l'\u00e9v\u00e9nement est ouvert \u00e0 toutes et tous  A bient\u00f4t chez Sist\u2019Her &#x1f384;","og_url":"https:\/\/empow-her.com\/en\/produit\/le-marche-de-noel-empowher\/","og_site_name":"Empow&#039;Her","article_modified_time":"2023-11-21T16:00:43+00:00","og_image":[{"width":1080,"height":1080,"url":"https:\/\/empow-her.com\/wp-content\/uploads\/2023\/11\/marche-1.png","type":"image\/png"}],"twitter_card":"summary_large_image","twitter_misc":{"Est. reading time":"2 minutes"},"schema":{"@context":"https:\/\/schema.org","@graph":[{"@type":"WebPage","@id":"https:\/\/empow-her.com\/en\/produit\/le-marche-de-noel-empowher\/","url":"https:\/\/empow-her.com\/en\/produit\/le-marche-de-noel-empowher\/","name":"Le march\u00e9 de No\u00ebl Empow'Her revient ! - Empow&#039;Her","isPartOf":{"@id":"https:\/\/empow-her.com\/#website"},"primaryImageOfPage":{"@id":"https:\/\/empow-her.com\/en\/produit\/le-marche-de-noel-empowher\/#primaryimage"},"image":{"@id":"https:\/\/empow-her.com\/en\/produit\/le-marche-de-noel-empowher\/#primaryimage"},"thumbnailUrl":"https:\/\/empow-her.com\/wp-content\/uploads\/2023\/11\/marche-1.png","datePublished":"2023-11-21T10:08:58+00:00","dateModified":"2023-11-21T16:00:43+00:00","breadcrumb":{"@id":"https:\/\/empow-her.com\/en\/produit\/le-marche-de-noel-empowher\/#breadcrumb"},"inLanguage":"en-US","potentialAction":[{"@type":"ReadAction","target":["https:\/\/empow-her.com\/en\/produit\/le-marche-de-noel-empowher\/"]}]},{"@type":"ImageObject","inLanguage":"en-US","@id":"https:\/\/empow-her.com\/en\/produit\/le-marche-de-noel-empowher\/#primaryimage","url":"https:\/\/empow-her.com\/wp-content\/uploads\/2023\/11\/marche-1.png","contentUrl":"https:\/\/empow-her.com\/wp-content\/uploads\/2023\/11\/marche-1.png","width":1080,"height":1080},{"@type":"BreadcrumbList","@id":"https:\/\/empow-her.com\/en\/produit\/le-marche-de-noel-empowher\/#breadcrumb","itemListElement":[{"@type":"ListItem","position":1,"name":"Accueil","item":"https:\/\/empow-her.com\/en\/landing-page\/"},{"@type":"ListItem","position":2,"name":"LA BOUTIQUE","item":"https:\/\/empow-her.com\/boutique\/"},{"@type":"ListItem","position":3,"name":"Le march\u00e9 de No\u00ebl Empow&#8217;Her revient !"}]},{"@type":"WebSite","@id":"https:\/\/empow-her.com\/#website","url":"https:\/\/empow-her.com\/","name":"Empow&#039;Her","description":"Women Development","potentialAction":[{"@type":"SearchAction","target":{"@type":"EntryPoint","urlTemplate":"https:\/\/empow-her.com\/?s={search_term_string}"},"query-input":{"@type":"PropertyValueSpecification","valueRequired":true,"valueName":"search_term_string"}}],"inLanguage":"en-US"}]}},"_links":{"self":[{"href":"https:\/\/empow-her.com\/en\/wp-json\/wp\/v2\/product\/221331","targetHints":{"allow":["GET"]}}],"collection":[{"href":"https:\/\/empow-her.com\/en\/wp-json\/wp\/v2\/product"}],"about":[{"href":"https:\/\/empow-her.com\/en\/wp-json\/wp\/v2\/types\/product"}],"wp:featuredmedia":[{"embeddable":true,"href":"https:\/\/empow-her.com\/en\/wp-json\/wp\/v2\/media\/221345"}],"wp:attachment":[{"href":"https:\/\/empow-her.com\/en\/wp-json\/wp\/v2\/media?parent=221331"}],"wp:term":[{"taxonomy":"product_brand","embeddable":true,"href":"https:\/\/empow-her.com\/en\/wp-json\/wp\/v2\/product_brand?post=221331"},{"taxonomy":"product_cat","embeddable":true,"href":"https:\/\/empow-her.com\/en\/wp-json\/wp\/v2\/product_cat?post=221331"},{"taxonomy":"product_tag","embeddable":true,"href":"https:\/\/empow-her.com\/en\/wp-json\/wp\/v2\/product_tag?post=221331"},{"taxonomy":"lieu","embeddable":true,"href":"https:\/\/empow-her.com\/en\/wp-json\/wp\/v2\/lieu?post=221331"},{"taxonomy":"thematiques","embeddable":true,"href":"https:\/\/empow-her.com\/en\/wp-json\/wp\/v2\/thematiques?post=221331"}],"curies":[{"name":"wp","href":"https:\/\/api.w.org\/{rel}","templated":true}]}}