{"id":219360,"date":"2023-11-14T12:13:18","date_gmt":"2023-11-14T11:13:18","guid":{"rendered":"https:\/\/empow-her.com\/?post_type=product&#038;p=219360"},"modified":"2023-11-14T15:47:45","modified_gmt":"2023-11-14T14:47:45","slug":"new-atelier-introduction-de-la-fiscalite-dentreprise-et-dune-association","status":"publish","type":"product","link":"https:\/\/empow-her.com\/en\/produit\/new-atelier-introduction-de-la-fiscalite-dentreprise-et-dune-association\/","title":{"rendered":"NEW-Atelier &#8211; Introduction de la fiscalit\u00e9 d\u2019entreprise et d\u2019une association"},"content":{"rendered":"<p><span data-sheets-value=\"{&quot;1&quot;:2,&quot;2&quot;:&quot;Besoins : Vous avez imagin\u00e9 une premi\u00e8re offre et identifi\u00e9 vos premier\u00b7es client\u00b7es et b\u00e9n\u00e9ficiaires mais vous ne savez pas par o\u00f9 commencer pour la commercialiser ? Quels sont les canaux \u00e0 utiliser ? Comment pr\u00e9senter son offre ? Quels objectifs commerciaux se fixer et comment les atteindre ?nnPendant cet atelier, nous parcourerons ensemble plusieurs th\u00e9matiques :n- Savoir pr\u00e9senter son offre de fa\u00e7on rapide et percutanten- Identifier ses principaux canaux de prospection en fonction de ses ciblesn- Ma\u00eetriser des bonnes pratiques commercialesn- Planifier sa prospection et sa vente pour avoir de la visibilit\u00e9.nnA la fin de l'atelier, vous aurez \u00e9labor\u00e9 un pitch commercial impactant, vous saurez adopter une posture empathique vis-\u00e0-vis de vos client\u00b7es et b\u00e9n\u00e9ficiaires cibles et sur quels canaux vous appuyer. Vous aurez aussi une vision plus claire de vos prochaines actions commerciales et vous pourrez vous lancer en confiance.nnPr\u00e9-requis : avoir \u00e9bauch\u00e9 une premi\u00e8re offre de produit(s) ou de service(s) et avoir identifi\u00e9 les cibles aupr\u00e8s desquelles vous souhaitez la commercialiser. nnAttention ! Veuillez vous pr\u00e9senter \u00e0 l'heure pour que l'activit\u00e9 puisse commencer \u00e0 temps. Si vous avez du retard veuillez pr\u00e9venir l'intervenant.e. Si vous avez plus de 15 min de retard l'intervenant.e se r\u00e9serve le droit de ne plus vous accepter pour le coaching ou l'atelier.n&quot;}\" data-sheets-userformat=\"{&quot;2&quot;:4995,&quot;3&quot;:{&quot;1&quot;:0},&quot;4&quot;:{&quot;1&quot;:2,&quot;2&quot;:16773836},&quot;10&quot;:1,&quot;11&quot;:4,&quot;12&quot;:0,&quot;15&quot;:&quot;Hind&quot;}\"><strong>Description <\/strong>:\u00a0<\/span><\/p>\n<p><strong>Besoins :<\/strong> &#8220;J&#8217;aimerais comprendre le r\u00e9gime fiscal qui s&#8217;appliquera \u00e0 mon activit\u00e9 et \u00eatre orient\u00e9e sur les diff\u00e9rentes options afin de confirmer mon choix de structuration de projet. &#8221;<\/p>\n<p><strong>Objectifs :\u00a0<\/strong>Cet atelier a pour vocation de pr\u00e9senter le cadre fiscal d&#8217;une entreprise, ainsi que les bonnes pratiques de gestion en fonction du choix de la structure.<\/p>\n<p>Nous r\u00e9pondons aux questions suivantes :<br \/>\n&#8211; quelles sont les conditions \u00e0 respecter pour ne pas payer de la TVA ? Quels avantages entre une entreprise et une association au niveau fiscal ?<br \/>\n&#8211; Quels imp\u00f4ts \u00e0 payer en autoentrepreneur et en entreprise ? Quelle est la diff\u00e9rence entre une association et une entreprise (au niveau fiscal) ?<\/p>\n<p><strong>Pr\u00e9-requis<\/strong> : Pour cet atelier, il est recommand\u00e9 d\u2019avoir d\u00e9j\u00e0 r\u00e9fl\u00e9chi sur la structuration juridique.<\/p>\n<p><strong>Intervenant.e : Avocat d&#8217;Impact Lawyers.<\/strong><\/p>\n<p><strong>Attention !<\/strong> Veuillez vous pr\u00e9senter \u00e0 l&#8217;heure pour que l&#8217;activit\u00e9 puisse commencer \u00e0 temps. Si vous avez du retard veuillez pr\u00e9venir l&#8217;\u00e9quipe d&#8217;Empow&#8217;Her : <a href=\"mailto:contact.france@empow-her.com\">contact.france@empow-her.com<\/a>. Si vous avez plus de 15 min de retard l&#8217;intervenant.e se r\u00e9serve le droit de ne plus vous accepter pour le coaching ou l&#8217;atelier.<\/p>\n","protected":false},"excerpt":{"rendered":"<p><span data-sheets-value=\"{&quot;1&quot;:2,&quot;2&quot;:&quot;Besoins : Vous avez imagin\u00e9 une premi\u00e8re offre et identifi\u00e9 vos premier\u00b7es client\u00b7es et b\u00e9n\u00e9ficiaires mais vous ne savez pas par o\u00f9 commencer pour la commercialiser ? Quels sont les canaux \u00e0 utiliser ? Comment pr\u00e9senter son offre ? Quels objectifs commerciaux se fixer et comment les atteindre ?nnPendant cet atelier, nous parcourerons ensemble plusieurs th\u00e9matiques :n- Savoir pr\u00e9senter son offre de fa\u00e7on rapide et percutanten- Identifier ses principaux canaux de prospection en fonction de ses ciblesn- Ma\u00eetriser des bonnes pratiques commercialesn- Planifier sa prospection et sa vente pour avoir de la visibilit\u00e9.nnA la fin de l'atelier, vous aurez \u00e9labor\u00e9 un pitch commercial impactant, vous saurez adopter une posture empathique vis-\u00e0-vis de vos client\u00b7es et b\u00e9n\u00e9ficiaires cibles et sur quels canaux vous appuyer. Vous aurez aussi une vision plus claire de vos prochaines actions commerciales et vous pourrez vous lancer en confiance.nnPr\u00e9-requis : avoir \u00e9bauch\u00e9 une premi\u00e8re offre de produit(s) ou de service(s) et avoir identifi\u00e9 les cibles aupr\u00e8s desquelles vous souhaitez la commercialiser. nnAttention ! Veuillez vous pr\u00e9senter \u00e0 l'heure pour que l'activit\u00e9 puisse commencer \u00e0 temps. Si vous avez du retard veuillez pr\u00e9venir l'intervenant.e. Si vous avez plus de 15 min de retard l'intervenant.e se r\u00e9serve le droit de ne plus vous accepter pour le coaching ou l'atelier.n&quot;}\" data-sheets-userformat=\"{&quot;2&quot;:4995,&quot;3&quot;:{&quot;1&quot;:0},&quot;4&quot;:{&quot;1&quot;:2,&quot;2&quot;:16773836},&quot;10&quot;:1,&quot;11&quot;:4,&quot;12&quot;:0,&quot;15&quot;:&quot;Hind&quot;}\"><strong>Description <\/strong>:\u00a0<\/span><\/p>\n<p><strong>Besoins :<\/strong> &#8220;J&#8217;aimerais comprendre le r\u00e9gime fiscal qui s&#8217;appliquera \u00e0 mon activit\u00e9 et \u00eatre orient\u00e9e sur les diff\u00e9rentes options afin de confirmer mon choix de structuration de projet&#8221;.<\/p>\n<p><strong>Objectifs :\u00a0<\/strong>Cet atelier a pour vocation de pr\u00e9senter le cadre fiscal d&#8217;une entreprise, ainsi que les bonnes pratiques de gestion en fonction du choix de la structure.<\/p>\n<p>Nous r\u00e9pondons aux questions suivantes :<br \/>\n&#8211; Quelles sont les conditions \u00e0 respecter pour ne pas payer de la TVA ? Quels avantages entre une entreprise et une association au niveau fiscal ?<br \/>\n&#8211; Quels imp\u00f4ts \u00e0 payer en autoentrepreneur et en entreprise ? Quelle est la diff\u00e9rence entre une association et une entreprise (au niveau fiscal) ?<\/p>\n<p><strong>Pr\u00e9-requis<\/strong> : Pour cet atelier, il est recommand\u00e9 d\u2019avoir d\u00e9j\u00e0 r\u00e9fl\u00e9chi sur la structuration juridique.<\/p>\n<p><strong>Intervenant.e : Julien Steinberg, avocat d&#8217;Impact Lawyers.<\/strong><\/p>\n<p><strong>Attention !<\/strong> Veuillez vous pr\u00e9senter \u00e0 l&#8217;heure pour que l&#8217;activit\u00e9 puisse commencer \u00e0 temps. Si vous avez du retard veuillez pr\u00e9venir l&#8217;\u00e9quipe d&#8217;Empow&#8217;Her : <a href=\"mailto:contact.france@empow-her.com\">contact.france@empow-her.com<\/a>\u00a0. Si vous avez plus de 15 min de retard l&#8217;intervenant.e se r\u00e9serve le droit de ne plus vous accepter pour le coaching ou l&#8217;atelier.<\/p>\n","protected":false},"featured_media":219374,"template":"","format":"standard","meta":{"_acf_changed":false,"om_disable_all_campaigns":false,"_uf_show_specific_survey":0,"_uf_disable_surveys":false},"product_brand":[],"product_cat":[118],"product_tag":[],"lieu":[127],"thematiques":[],"class_list":{"0":"post-219360","1":"product","2":"type-product","3":"status-publish","4":"format-standard","5":"has-post-thumbnail","7":"product_cat-atelier-collectif","8":"lieu-hub-empowher","10":"first","11":"instock","12":"virtual","13":"purchasable","14":"product-type-appointment"},"exclude_global_add_ons":[],"addons":[],"acf":[],"yoast_head":"<!-- This site is optimized with the Yoast SEO plugin v24.8 - https:\/\/yoast.com\/wordpress\/plugins\/seo\/ -->\n<title>NEW-Atelier - Introduction de la fiscalit\u00e9 d\u2019entreprise et d\u2019une association - Empow&#039;Her<\/title>\n<meta name=\"robots\" content=\"index, follow, max-snippet:-1, max-image-preview:large, max-video-preview:-1\" \/>\n<link rel=\"canonical\" href=\"https:\/\/empow-her.com\/en\/produit\/new-atelier-introduction-de-la-fiscalite-dentreprise-et-dune-association\/\" \/>\n<meta property=\"og:locale\" content=\"en_US\" \/>\n<meta property=\"og:type\" content=\"article\" \/>\n<meta property=\"og:title\" content=\"NEW-Atelier - Introduction de la fiscalit\u00e9 d\u2019entreprise et d\u2019une association - Empow&#039;Her\" \/>\n<meta property=\"og:description\" content=\"Description :\u00a0  Besoins : &quot;J&#039;aimerais comprendre le r\u00e9gime fiscal qui s&#039;appliquera \u00e0 mon activit\u00e9 et \u00eatre orient\u00e9e sur les diff\u00e9rentes options afin de confirmer mon choix de structuration de projet&quot;.  Objectifs :\u00a0Cet atelier a pour vocation de pr\u00e9senter le cadre fiscal d&#039;une entreprise, ainsi que les bonnes pratiques de gestion en fonction du choix de la structure.  Nous r\u00e9pondons aux questions suivantes : - Quelles sont les conditions \u00e0 respecter pour ne pas payer de la TVA ? Quels avantages entre une entreprise et une association au niveau fiscal ? - Quels imp\u00f4ts \u00e0 payer en autoentrepreneur et en entreprise ? Quelle est la diff\u00e9rence entre une association et une entreprise (au niveau fiscal) ?  Pr\u00e9-requis : Pour cet atelier, il est recommand\u00e9 d\u2019avoir d\u00e9j\u00e0 r\u00e9fl\u00e9chi sur la structuration juridique.  Intervenant.e : Julien Steinberg, avocat d&#039;Impact Lawyers.  Attention ! Veuillez vous pr\u00e9senter \u00e0 l&#039;heure pour que l&#039;activit\u00e9 puisse commencer \u00e0 temps. Si vous avez du retard veuillez pr\u00e9venir l&#039;\u00e9quipe d&#039;Empow&#039;Her : contact.france@empow-her.com\u00a0. Si vous avez plus de 15 min de retard l&#039;intervenant.e se r\u00e9serve le droit de ne plus vous accepter pour le coaching ou l&#039;atelier.\" \/>\n<meta property=\"og:url\" content=\"https:\/\/empow-her.com\/en\/produit\/new-atelier-introduction-de-la-fiscalite-dentreprise-et-dune-association\/\" \/>\n<meta property=\"og:site_name\" content=\"Empow&#039;Her\" \/>\n<meta property=\"article:modified_time\" content=\"2023-11-14T14:47:45+00:00\" \/>\n<meta property=\"og:image\" content=\"https:\/\/empow-her.com\/wp-content\/uploads\/2023\/11\/Women-Dare-templates-events-23.png\" \/>\n\t<meta property=\"og:image:width\" content=\"1080\" \/>\n\t<meta property=\"og:image:height\" content=\"1080\" \/>\n\t<meta property=\"og:image:type\" content=\"image\/png\" \/>\n<meta name=\"twitter:card\" content=\"summary_large_image\" \/>\n<meta name=\"twitter:label1\" content=\"Est. reading time\" \/>\n\t<meta name=\"twitter:data1\" content=\"1 minute\" \/>\n<script type=\"application\/ld+json\" class=\"yoast-schema-graph\">{\"@context\":\"https:\/\/schema.org\",\"@graph\":[{\"@type\":\"WebPage\",\"@id\":\"https:\/\/empow-her.com\/en\/produit\/new-atelier-introduction-de-la-fiscalite-dentreprise-et-dune-association\/\",\"url\":\"https:\/\/empow-her.com\/en\/produit\/new-atelier-introduction-de-la-fiscalite-dentreprise-et-dune-association\/\",\"name\":\"NEW-Atelier - Introduction de la fiscalit\u00e9 d\u2019entreprise et d\u2019une association - Empow&#039;Her\",\"isPartOf\":{\"@id\":\"https:\/\/empow-her.com\/#website\"},\"primaryImageOfPage\":{\"@id\":\"https:\/\/empow-her.com\/en\/produit\/new-atelier-introduction-de-la-fiscalite-dentreprise-et-dune-association\/#primaryimage\"},\"image\":{\"@id\":\"https:\/\/empow-her.com\/en\/produit\/new-atelier-introduction-de-la-fiscalite-dentreprise-et-dune-association\/#primaryimage\"},\"thumbnailUrl\":\"https:\/\/empow-her.com\/wp-content\/uploads\/2023\/11\/Women-Dare-templates-events-23.png\",\"datePublished\":\"2023-11-14T11:13:18+00:00\",\"dateModified\":\"2023-11-14T14:47:45+00:00\",\"breadcrumb\":{\"@id\":\"https:\/\/empow-her.com\/en\/produit\/new-atelier-introduction-de-la-fiscalite-dentreprise-et-dune-association\/#breadcrumb\"},\"inLanguage\":\"en-US\",\"potentialAction\":[{\"@type\":\"ReadAction\",\"target\":[\"https:\/\/empow-her.com\/en\/produit\/new-atelier-introduction-de-la-fiscalite-dentreprise-et-dune-association\/\"]}]},{\"@type\":\"ImageObject\",\"inLanguage\":\"en-US\",\"@id\":\"https:\/\/empow-her.com\/en\/produit\/new-atelier-introduction-de-la-fiscalite-dentreprise-et-dune-association\/#primaryimage\",\"url\":\"https:\/\/empow-her.com\/wp-content\/uploads\/2023\/11\/Women-Dare-templates-events-23.png\",\"contentUrl\":\"https:\/\/empow-her.com\/wp-content\/uploads\/2023\/11\/Women-Dare-templates-events-23.png\",\"width\":1080,\"height\":1080},{\"@type\":\"BreadcrumbList\",\"@id\":\"https:\/\/empow-her.com\/en\/produit\/new-atelier-introduction-de-la-fiscalite-dentreprise-et-dune-association\/#breadcrumb\",\"itemListElement\":[{\"@type\":\"ListItem\",\"position\":1,\"name\":\"Accueil\",\"item\":\"https:\/\/empow-her.com\/en\/landing-page\/\"},{\"@type\":\"ListItem\",\"position\":2,\"name\":\"LA BOUTIQUE\",\"item\":\"https:\/\/empow-her.com\/boutique\/\"},{\"@type\":\"ListItem\",\"position\":3,\"name\":\"NEW-Atelier &#8211; Introduction de la fiscalit\u00e9 d\u2019entreprise et d\u2019une association\"}]},{\"@type\":\"WebSite\",\"@id\":\"https:\/\/empow-her.com\/#website\",\"url\":\"https:\/\/empow-her.com\/\",\"name\":\"Empow&#039;Her\",\"description\":\"Women Development\",\"potentialAction\":[{\"@type\":\"SearchAction\",\"target\":{\"@type\":\"EntryPoint\",\"urlTemplate\":\"https:\/\/empow-her.com\/?s={search_term_string}\"},\"query-input\":{\"@type\":\"PropertyValueSpecification\",\"valueRequired\":true,\"valueName\":\"search_term_string\"}}],\"inLanguage\":\"en-US\"}]}<\/script>\n<!-- \/ Yoast SEO plugin. -->","yoast_head_json":{"title":"NEW-Atelier - Introduction de la fiscalit\u00e9 d\u2019entreprise et d\u2019une association - Empow&#039;Her","robots":{"index":"index","follow":"follow","max-snippet":"max-snippet:-1","max-image-preview":"max-image-preview:large","max-video-preview":"max-video-preview:-1"},"canonical":"https:\/\/empow-her.com\/en\/produit\/new-atelier-introduction-de-la-fiscalite-dentreprise-et-dune-association\/","og_locale":"en_US","og_type":"article","og_title":"NEW-Atelier - Introduction de la fiscalit\u00e9 d\u2019entreprise et d\u2019une association - Empow&#039;Her","og_description":"Description :\u00a0  Besoins : \"J'aimerais comprendre le r\u00e9gime fiscal qui s'appliquera \u00e0 mon activit\u00e9 et \u00eatre orient\u00e9e sur les diff\u00e9rentes options afin de confirmer mon choix de structuration de projet\".  Objectifs :\u00a0Cet atelier a pour vocation de pr\u00e9senter le cadre fiscal d'une entreprise, ainsi que les bonnes pratiques de gestion en fonction du choix de la structure.  Nous r\u00e9pondons aux questions suivantes : - Quelles sont les conditions \u00e0 respecter pour ne pas payer de la TVA ? Quels avantages entre une entreprise et une association au niveau fiscal ? - Quels imp\u00f4ts \u00e0 payer en autoentrepreneur et en entreprise ? Quelle est la diff\u00e9rence entre une association et une entreprise (au niveau fiscal) ?  Pr\u00e9-requis : Pour cet atelier, il est recommand\u00e9 d\u2019avoir d\u00e9j\u00e0 r\u00e9fl\u00e9chi sur la structuration juridique.  Intervenant.e : Julien Steinberg, avocat d'Impact Lawyers.  Attention ! Veuillez vous pr\u00e9senter \u00e0 l'heure pour que l'activit\u00e9 puisse commencer \u00e0 temps. Si vous avez du retard veuillez pr\u00e9venir l'\u00e9quipe d'Empow'Her : contact.france@empow-her.com\u00a0. Si vous avez plus de 15 min de retard l'intervenant.e se r\u00e9serve le droit de ne plus vous accepter pour le coaching ou l'atelier.","og_url":"https:\/\/empow-her.com\/en\/produit\/new-atelier-introduction-de-la-fiscalite-dentreprise-et-dune-association\/","og_site_name":"Empow&#039;Her","article_modified_time":"2023-11-14T14:47:45+00:00","og_image":[{"width":1080,"height":1080,"url":"https:\/\/empow-her.com\/wp-content\/uploads\/2023\/11\/Women-Dare-templates-events-23.png","type":"image\/png"}],"twitter_card":"summary_large_image","twitter_misc":{"Est. reading time":"1 minute"},"schema":{"@context":"https:\/\/schema.org","@graph":[{"@type":"WebPage","@id":"https:\/\/empow-her.com\/en\/produit\/new-atelier-introduction-de-la-fiscalite-dentreprise-et-dune-association\/","url":"https:\/\/empow-her.com\/en\/produit\/new-atelier-introduction-de-la-fiscalite-dentreprise-et-dune-association\/","name":"NEW-Atelier - Introduction de la fiscalit\u00e9 d\u2019entreprise et d\u2019une association - Empow&#039;Her","isPartOf":{"@id":"https:\/\/empow-her.com\/#website"},"primaryImageOfPage":{"@id":"https:\/\/empow-her.com\/en\/produit\/new-atelier-introduction-de-la-fiscalite-dentreprise-et-dune-association\/#primaryimage"},"image":{"@id":"https:\/\/empow-her.com\/en\/produit\/new-atelier-introduction-de-la-fiscalite-dentreprise-et-dune-association\/#primaryimage"},"thumbnailUrl":"https:\/\/empow-her.com\/wp-content\/uploads\/2023\/11\/Women-Dare-templates-events-23.png","datePublished":"2023-11-14T11:13:18+00:00","dateModified":"2023-11-14T14:47:45+00:00","breadcrumb":{"@id":"https:\/\/empow-her.com\/en\/produit\/new-atelier-introduction-de-la-fiscalite-dentreprise-et-dune-association\/#breadcrumb"},"inLanguage":"en-US","potentialAction":[{"@type":"ReadAction","target":["https:\/\/empow-her.com\/en\/produit\/new-atelier-introduction-de-la-fiscalite-dentreprise-et-dune-association\/"]}]},{"@type":"ImageObject","inLanguage":"en-US","@id":"https:\/\/empow-her.com\/en\/produit\/new-atelier-introduction-de-la-fiscalite-dentreprise-et-dune-association\/#primaryimage","url":"https:\/\/empow-her.com\/wp-content\/uploads\/2023\/11\/Women-Dare-templates-events-23.png","contentUrl":"https:\/\/empow-her.com\/wp-content\/uploads\/2023\/11\/Women-Dare-templates-events-23.png","width":1080,"height":1080},{"@type":"BreadcrumbList","@id":"https:\/\/empow-her.com\/en\/produit\/new-atelier-introduction-de-la-fiscalite-dentreprise-et-dune-association\/#breadcrumb","itemListElement":[{"@type":"ListItem","position":1,"name":"Accueil","item":"https:\/\/empow-her.com\/en\/landing-page\/"},{"@type":"ListItem","position":2,"name":"LA BOUTIQUE","item":"https:\/\/empow-her.com\/boutique\/"},{"@type":"ListItem","position":3,"name":"NEW-Atelier &#8211; Introduction de la fiscalit\u00e9 d\u2019entreprise et d\u2019une association"}]},{"@type":"WebSite","@id":"https:\/\/empow-her.com\/#website","url":"https:\/\/empow-her.com\/","name":"Empow&#039;Her","description":"Women Development","potentialAction":[{"@type":"SearchAction","target":{"@type":"EntryPoint","urlTemplate":"https:\/\/empow-her.com\/?s={search_term_string}"},"query-input":{"@type":"PropertyValueSpecification","valueRequired":true,"valueName":"search_term_string"}}],"inLanguage":"en-US"}]}},"_links":{"self":[{"href":"https:\/\/empow-her.com\/en\/wp-json\/wp\/v2\/product\/219360","targetHints":{"allow":["GET"]}}],"collection":[{"href":"https:\/\/empow-her.com\/en\/wp-json\/wp\/v2\/product"}],"about":[{"href":"https:\/\/empow-her.com\/en\/wp-json\/wp\/v2\/types\/product"}],"wp:featuredmedia":[{"embeddable":true,"href":"https:\/\/empow-her.com\/en\/wp-json\/wp\/v2\/media\/219374"}],"wp:attachment":[{"href":"https:\/\/empow-her.com\/en\/wp-json\/wp\/v2\/media?parent=219360"}],"wp:term":[{"taxonomy":"product_brand","embeddable":true,"href":"https:\/\/empow-her.com\/en\/wp-json\/wp\/v2\/product_brand?post=219360"},{"taxonomy":"product_cat","embeddable":true,"href":"https:\/\/empow-her.com\/en\/wp-json\/wp\/v2\/product_cat?post=219360"},{"taxonomy":"product_tag","embeddable":true,"href":"https:\/\/empow-her.com\/en\/wp-json\/wp\/v2\/product_tag?post=219360"},{"taxonomy":"lieu","embeddable":true,"href":"https:\/\/empow-her.com\/en\/wp-json\/wp\/v2\/lieu?post=219360"},{"taxonomy":"thematiques","embeddable":true,"href":"https:\/\/empow-her.com\/en\/wp-json\/wp\/v2\/thematiques?post=219360"}],"curies":[{"name":"wp","href":"https:\/\/api.w.org\/{rel}","templated":true}]}}