{"id":218217,"date":"2023-11-10T15:24:26","date_gmt":"2023-11-10T14:24:26","guid":{"rendered":"https:\/\/empow-her.com\/?post_type=product&#038;p=218217"},"modified":"2023-11-10T16:01:35","modified_gmt":"2023-11-10T15:01:35","slug":"coaching-propriete-intellectuelle-6","status":"publish","type":"product","link":"https:\/\/empow-her.com\/en\/produit\/coaching-propriete-intellectuelle-6\/","title":{"rendered":"Coaching &#8211; Propri\u00e9t\u00e9 intellectuelle"},"content":{"rendered":"<p><b data-stringify-type=\"bold\">Propri\u00e9t\u00e9 intellectuelle :<\/b><br \/>\n<b data-stringify-type=\"bold\"><\/b><\/p>\n<p><b data-stringify-type=\"bold\">Description<\/b> : Un coaching individuel avec un.e avocat.e pour poser vos questions de propri\u00e9t\u00e9 intellectuelle :<br \/>\n&#8211; Introduction \u00e0 la propri\u00e9t\u00e9 intellectuelle<br \/>\n&#8211; Construction d\u2019une strat\u00e9gie de d\u00e9p\u00f4t de marque<br \/>\n&#8211; Protection des donn\u00e9es personnelles (RGPD)<\/p>\n<p><b data-stringify-type=\"bold\">Pr\u00e9-requis<\/b>\u00a0:<br \/>\n<span data-sheets-value=\"{&quot;1&quot;:2,&quot;2&quot;:&quot;nVous souhaitez vous inscrire \u00e0 cette session ? Merci d'indiquer votre besoin principal en remplissant ce questionnaire avant la session : https:\/\/airtable.com\/shrbpqpYDX8WKP0gJ nou communiquez-le par mail \u00e0 votre r\u00e9f\u00e9rente Empow'Her : nadege.serrero@empow-her.com&quot;}\" data-sheets-userformat=\"{&quot;2&quot;:4993,&quot;3&quot;:{&quot;1&quot;:0},&quot;10&quot;:1,&quot;11&quot;:4,&quot;12&quot;:0,&quot;15&quot;:&quot;Hind&quot;}\">Vous souhaitez vous inscrire \u00e0 cette session ? <strong>Merci d&#8217;indiquer votre besoin principal en remplissant le questionnaire ci-dessous avant la session,<\/strong> ou communiquez-le par mail \u00e0 votre r\u00e9f\u00e9rente Empow&#8217;Her : margaux.aubry@empow-her.com<\/span><\/p>\n<p><b data-stringify-type=\"bold\">Intervenant.e : Avocat.e du Barreau de Paris\u00a0<\/b><\/p>\n<p><b data-stringify-type=\"bold\">Dur\u00e9e<\/b>\u00a0: Un cr\u00e9neau de\u00a0<b data-stringify-type=\"bold\">1h en individuel en ligne<\/b><\/p>\n<p><b data-stringify-type=\"bold\">Attention !<\/b>\u00a0Veuillez vous pr\u00e9senter \u00e0 l\u2019heure pour que l\u2019activit\u00e9 puisse commencer \u00e0 temps. Si vous avez du retard veuillez pr\u00e9venir l\u2019intervenant.e. Si vous avez plus de 15 min de retard l\u2019intervenant.e se r\u00e9serve le droit de ne plus vous accepter pour le coaching ou l\u2019atelier.<\/p>\n<p><strong><div class=\"wpforms-container wpforms-container-full\" id=\"wpforms-177860\"><form id=\"wpforms-form-177860\" class=\"wpforms-validate wpforms-form wpforms-ajax-form\" data-formid=\"177860\" method=\"post\" enctype=\"multipart\/form-data\" action=\"\/en\/wp-json\/wp\/v2\/product\/218217\" data-token=\"619068b6940496737e67b5c7cbf51f04\" data-token-time=\"1776222288\"><noscript class=\"wpforms-error-noscript\">Please enable JavaScript in your browser to complete this form.<\/noscript><div class=\"wpforms-field-container\"><div id=\"wpforms-177860-field_1-container\" class=\"wpforms-field wpforms-field-text\" data-field-id=\"1\"><label class=\"wpforms-field-label\" for=\"wpforms-177860-field_1\">Votre pr\u00e9nom et nom <span class=\"wpforms-required-label\">*<\/span><\/label><input type=\"text\" id=\"wpforms-177860-field_1\" class=\"wpforms-field-medium wpforms-field-required\" name=\"wpforms[fields][1]\" required><\/div><div id=\"wpforms-177860-field_2-container\" class=\"wpforms-field wpforms-field-date-time\" data-field-id=\"2\"><label class=\"wpforms-field-label\" for=\"wpforms-177860-field_2\">\u00c0 quelle date est la permanence juridique pr\u00e9vue ? <span class=\"wpforms-required-label\">*<\/span><\/label><div class=\"wpforms-datepicker-wrap\"><input type=\"text\" id=\"wpforms-177860-field_2\" class=\"wpforms-field-date-time-date wpforms-datepicker wpforms-field-required wpforms-field-medium\" data-date-format=\"m\/d\/Y\" data-disable-past-dates=\"0\" data-input=\"true\" name=\"wpforms[fields][2][date]\" required><a title=\"Clear Date\" data-clear class=\"wpforms-datepicker-clear\" style=\"display:none;\"><\/a><\/div><\/div><div id=\"wpforms-177860-field_3-container\" class=\"wpforms-field wpforms-field-textarea\" data-field-id=\"3\"><label class=\"wpforms-field-label\" for=\"wpforms-177860-field_3\">Pr\u00e9sentez votre projet en quelques mots <span class=\"wpforms-required-label\">*<\/span><\/label><textarea id=\"wpforms-177860-field_3\" class=\"wpforms-field-medium wpforms-field-required\" name=\"wpforms[fields][3]\" required><\/textarea><\/div><div id=\"wpforms-177860-field_4-container\" class=\"wpforms-field wpforms-field-radio\" data-field-id=\"4\"><label class=\"wpforms-field-label\">Souhaitez-vous inscrire votre projet dans l&#039;Economie Sociale et Solidaire ?<\/label><ul id=\"wpforms-177860-field_4\"><li class=\"choice-1 depth-1\"><input type=\"radio\" id=\"wpforms-177860-field_4_1\" name=\"wpforms[fields][4]\" value=\"Oui\"  ><label class=\"wpforms-field-label-inline\" for=\"wpforms-177860-field_4_1\">Oui<\/label><\/li><li class=\"choice-2 depth-1\"><input type=\"radio\" id=\"wpforms-177860-field_4_2\" name=\"wpforms[fields][4]\" value=\"Non\"  ><label class=\"wpforms-field-label-inline\" for=\"wpforms-177860-field_4_2\">Non<\/label><\/li><\/ul><\/div><div id=\"wpforms-177860-field_5-container\" class=\"wpforms-field wpforms-field-text\" data-field-id=\"5\"><label class=\"wpforms-field-label\" for=\"wpforms-177860-field_5\">Avez-vous cr\u00e9\u00e9 votre structure juridique ?  Si oui, quelle forme ?<\/label><input type=\"text\" id=\"wpforms-177860-field_5\" class=\"wpforms-field-medium\" name=\"wpforms[fields][5]\" ><\/div><div id=\"wpforms-177860-field_6-container\" class=\"wpforms-field wpforms-field-textarea\" data-field-id=\"6\"><label class=\"wpforms-field-label\" for=\"wpforms-177860-field_6\">Quelles sont vos questions, vos besoins sur la th\u00e9matique juridique ? <span class=\"wpforms-required-label\">*<\/span><\/label><textarea id=\"wpforms-177860-field_6\" class=\"wpforms-field-medium wpforms-field-required\" name=\"wpforms[fields][6]\" required><\/textarea><div class=\"wpforms-field-description\">Exemples : statuts juridiques, r\u00e9daction des premiers contrats (CGV\/CGU), propri\u00e9t\u00e9 intellectuelle, d\u00e9p\u00f4t de marque, protection des donn\u00e9es personnelles (RGPD)...\r\n<\/div><\/div><\/div><!-- .wpforms-field-container --><div class=\"wpforms-submit-container\" ><input type=\"hidden\" name=\"wpforms[id]\" value=\"177860\"><input type=\"hidden\" name=\"page_title\" value=\"\"><input type=\"hidden\" name=\"page_url\" value=\"https:\/\/empow-her.com\/en\/wp-json\/wp\/v2\/product\/218217\"><button type=\"submit\" name=\"wpforms[submit]\" id=\"wpforms-submit-177860\" class=\"wpforms-submit\" data-alt-text=\"Envoi...\" data-submit-text=\"Envoyer\" aria-live=\"assertive\" value=\"wpforms-submit\">Envoyer<\/button><img decoding=\"async\" src=\"https:\/\/empow-her.com\/wp-content\/plugins\/wpforms\/assets\/images\/submit-spin.svg\" class=\"wpforms-submit-spinner\" style=\"display: none;\" width=\"26\" height=\"26\" alt=\"Loading\"><\/div><\/form><\/div>  <!-- .wpforms-container --><\/strong><\/p>\n","protected":false},"excerpt":{"rendered":"<p><b data-stringify-type=\"bold\">Propri\u00e9t\u00e9 intellectuelle :<\/b><br \/>\n<b data-stringify-type=\"bold\"><\/b><\/p>\n<p><b data-stringify-type=\"bold\">Description<\/b> <strong>:<\/strong> Un coaching individuel avec un.e avocat.e pour poser vos questions de propri\u00e9t\u00e9 intellectuelle :<br \/>\n&#8211; Introduction \u00e0 la propri\u00e9t\u00e9 intellectuelle<br \/>\n&#8211; Construction d\u2019une strat\u00e9gie de d\u00e9p\u00f4t de marque<br \/>\n&#8211; Protection des donn\u00e9es personnelles (RGPD)<\/p>\n<p><b data-stringify-type=\"bold\">Pr\u00e9-requis<\/b>\u00a0<strong>:<\/strong><br \/>\n<span data-sheets-value=\"{&quot;1&quot;:2,&quot;2&quot;:&quot;nVous souhaitez vous inscrire \u00e0 cette session ? Merci d'indiquer votre besoin principal en remplissant ce questionnaire avant la session : https:\/\/airtable.com\/shrbpqpYDX8WKP0gJ nou communiquez-le par mail \u00e0 votre r\u00e9f\u00e9rente Empow'Her : nadege.serrero@empow-her.com&quot;}\" data-sheets-userformat=\"{&quot;2&quot;:4993,&quot;3&quot;:{&quot;1&quot;:0},&quot;10&quot;:1,&quot;11&quot;:4,&quot;12&quot;:0,&quot;15&quot;:&quot;Hind&quot;}\">Vous souhaitez vous inscrire \u00e0 cette session ? <strong>Merci d&#8217;indiquer votre besoin principal en remplissant le questionnaire ci-dessous avant la session,<\/strong> ou communiquez-le par mail \u00e0 votre r\u00e9f\u00e9rente Empow&#8217;Her : fiore.poidevin@empow-her.com<\/span><\/p>\n<p><b data-stringify-type=\"bold\">Intervenant.e : Avocat.e du Barreau de Paris<\/b><\/p>\n<p><b data-stringify-type=\"bold\">Dur\u00e9e<\/b>\u00a0<strong>:<\/strong> Un cr\u00e9neau de\u00a0<b data-stringify-type=\"bold\">1h en individuel en ligne<\/b><\/p>\n<p><b data-stringify-type=\"bold\">Attention !<\/b>\u00a0Veuillez vous pr\u00e9senter \u00e0 l\u2019heure pour que l\u2019activit\u00e9 puisse commencer \u00e0 temps. Si vous avez du retard veuillez pr\u00e9venir l\u2019intervenant.e. Si vous avez plus de 15 min de retard l\u2019intervenant.e se r\u00e9serve le droit de ne plus vous accepter pour le coaching ou l\u2019atelier.<\/p>\n<p><strong>[wpforms id=\"177860\"]<\/strong><\/p>\n","protected":false},"featured_media":218240,"template":"","format":"standard","meta":{"_acf_changed":false,"om_disable_all_campaigns":false,"_uf_show_specific_survey":0,"_uf_disable_surveys":false},"product_brand":[],"product_cat":[121],"product_tag":[],"lieu":[125],"thematiques":[],"class_list":{"0":"post-218217","1":"product","2":"type-product","3":"status-publish","4":"format-standard","5":"has-post-thumbnail","7":"product_cat-coaching","8":"lieu-en-ligne","10":"first","11":"instock","12":"virtual","13":"purchasable","14":"product-type-appointment"},"exclude_global_add_ons":[],"addons":[],"acf":[],"yoast_head":"<!-- This site is optimized with the Yoast SEO plugin v24.8 - https:\/\/yoast.com\/wordpress\/plugins\/seo\/ -->\n<title>Coaching - Propri\u00e9t\u00e9 intellectuelle - Empow&#039;Her<\/title>\n<meta name=\"robots\" content=\"index, follow, max-snippet:-1, max-image-preview:large, max-video-preview:-1\" \/>\n<link rel=\"canonical\" href=\"https:\/\/empow-her.com\/en\/produit\/coaching-propriete-intellectuelle-6\/\" \/>\n<meta property=\"og:locale\" content=\"en_US\" \/>\n<meta property=\"og:type\" content=\"article\" \/>\n<meta property=\"og:title\" content=\"Coaching - Propri\u00e9t\u00e9 intellectuelle - Empow&#039;Her\" \/>\n<meta property=\"og:description\" content=\"Propri\u00e9t\u00e9 intellectuelle :   Description : Un coaching individuel avec un.e avocat.e pour poser vos questions de propri\u00e9t\u00e9 intellectuelle : - Introduction \u00e0 la propri\u00e9t\u00e9 intellectuelle - Construction d\u2019une strat\u00e9gie de d\u00e9p\u00f4t de marque - Protection des donn\u00e9es personnelles (RGPD)  Pr\u00e9-requis\u00a0: Vous souhaitez vous inscrire \u00e0 cette session ? Merci d&#039;indiquer votre besoin principal en remplissant le questionnaire ci-dessous avant la session, ou communiquez-le par mail \u00e0 votre r\u00e9f\u00e9rente Empow&#039;Her : fiore.poidevin@empow-her.com  Intervenant.e : Avocat.e du Barreau de Paris  Dur\u00e9e\u00a0: Un cr\u00e9neau de\u00a01h en individuel en ligne  Attention !\u00a0Veuillez vous pr\u00e9senter \u00e0 l\u2019heure pour que l\u2019activit\u00e9 puisse commencer \u00e0 temps. Si vous avez du retard veuillez pr\u00e9venir l\u2019intervenant.e. Si vous avez plus de 15 min de retard l\u2019intervenant.e se r\u00e9serve le droit de ne plus vous accepter pour le coaching ou l\u2019atelier.\" \/>\n<meta property=\"og:url\" content=\"https:\/\/empow-her.com\/en\/produit\/coaching-propriete-intellectuelle-6\/\" \/>\n<meta property=\"og:site_name\" content=\"Empow&#039;Her\" \/>\n<meta property=\"article:modified_time\" content=\"2023-11-10T15:01:35+00:00\" \/>\n<meta property=\"og:image\" content=\"https:\/\/empow-her.com\/wp-content\/uploads\/2023\/11\/Women-Dare-templates-events-21.png\" \/>\n\t<meta property=\"og:image:width\" content=\"1080\" \/>\n\t<meta property=\"og:image:height\" content=\"1080\" \/>\n\t<meta property=\"og:image:type\" content=\"image\/png\" \/>\n<meta name=\"twitter:card\" content=\"summary_large_image\" \/>\n<meta name=\"twitter:label1\" content=\"Est. reading time\" \/>\n\t<meta name=\"twitter:data1\" content=\"1 minute\" \/>\n<script type=\"application\/ld+json\" class=\"yoast-schema-graph\">{\"@context\":\"https:\/\/schema.org\",\"@graph\":[{\"@type\":\"WebPage\",\"@id\":\"https:\/\/empow-her.com\/en\/produit\/coaching-propriete-intellectuelle-6\/\",\"url\":\"https:\/\/empow-her.com\/en\/produit\/coaching-propriete-intellectuelle-6\/\",\"name\":\"Coaching - Propri\u00e9t\u00e9 intellectuelle - Empow&#039;Her\",\"isPartOf\":{\"@id\":\"https:\/\/empow-her.com\/#website\"},\"primaryImageOfPage\":{\"@id\":\"https:\/\/empow-her.com\/en\/produit\/coaching-propriete-intellectuelle-6\/#primaryimage\"},\"image\":{\"@id\":\"https:\/\/empow-her.com\/en\/produit\/coaching-propriete-intellectuelle-6\/#primaryimage\"},\"thumbnailUrl\":\"https:\/\/empow-her.com\/wp-content\/uploads\/2023\/11\/Women-Dare-templates-events-21.png\",\"datePublished\":\"2023-11-10T14:24:26+00:00\",\"dateModified\":\"2023-11-10T15:01:35+00:00\",\"breadcrumb\":{\"@id\":\"https:\/\/empow-her.com\/en\/produit\/coaching-propriete-intellectuelle-6\/#breadcrumb\"},\"inLanguage\":\"en-US\",\"potentialAction\":[{\"@type\":\"ReadAction\",\"target\":[\"https:\/\/empow-her.com\/en\/produit\/coaching-propriete-intellectuelle-6\/\"]}]},{\"@type\":\"ImageObject\",\"inLanguage\":\"en-US\",\"@id\":\"https:\/\/empow-her.com\/en\/produit\/coaching-propriete-intellectuelle-6\/#primaryimage\",\"url\":\"https:\/\/empow-her.com\/wp-content\/uploads\/2023\/11\/Women-Dare-templates-events-21.png\",\"contentUrl\":\"https:\/\/empow-her.com\/wp-content\/uploads\/2023\/11\/Women-Dare-templates-events-21.png\",\"width\":1080,\"height\":1080},{\"@type\":\"BreadcrumbList\",\"@id\":\"https:\/\/empow-her.com\/en\/produit\/coaching-propriete-intellectuelle-6\/#breadcrumb\",\"itemListElement\":[{\"@type\":\"ListItem\",\"position\":1,\"name\":\"Accueil\",\"item\":\"https:\/\/empow-her.com\/en\/landing-page\/\"},{\"@type\":\"ListItem\",\"position\":2,\"name\":\"LA BOUTIQUE\",\"item\":\"https:\/\/empow-her.com\/boutique\/\"},{\"@type\":\"ListItem\",\"position\":3,\"name\":\"Coaching &#8211; Propri\u00e9t\u00e9 intellectuelle\"}]},{\"@type\":\"WebSite\",\"@id\":\"https:\/\/empow-her.com\/#website\",\"url\":\"https:\/\/empow-her.com\/\",\"name\":\"Empow&#039;Her\",\"description\":\"Women Development\",\"potentialAction\":[{\"@type\":\"SearchAction\",\"target\":{\"@type\":\"EntryPoint\",\"urlTemplate\":\"https:\/\/empow-her.com\/?s={search_term_string}\"},\"query-input\":{\"@type\":\"PropertyValueSpecification\",\"valueRequired\":true,\"valueName\":\"search_term_string\"}}],\"inLanguage\":\"en-US\"}]}<\/script>\n<!-- \/ Yoast SEO plugin. -->","yoast_head_json":{"title":"Coaching - Propri\u00e9t\u00e9 intellectuelle - Empow&#039;Her","robots":{"index":"index","follow":"follow","max-snippet":"max-snippet:-1","max-image-preview":"max-image-preview:large","max-video-preview":"max-video-preview:-1"},"canonical":"https:\/\/empow-her.com\/en\/produit\/coaching-propriete-intellectuelle-6\/","og_locale":"en_US","og_type":"article","og_title":"Coaching - Propri\u00e9t\u00e9 intellectuelle - Empow&#039;Her","og_description":"Propri\u00e9t\u00e9 intellectuelle :   Description : Un coaching individuel avec un.e avocat.e pour poser vos questions de propri\u00e9t\u00e9 intellectuelle : - Introduction \u00e0 la propri\u00e9t\u00e9 intellectuelle - Construction d\u2019une strat\u00e9gie de d\u00e9p\u00f4t de marque - Protection des donn\u00e9es personnelles (RGPD)  Pr\u00e9-requis\u00a0: Vous souhaitez vous inscrire \u00e0 cette session ? Merci d'indiquer votre besoin principal en remplissant le questionnaire ci-dessous avant la session, ou communiquez-le par mail \u00e0 votre r\u00e9f\u00e9rente Empow'Her : fiore.poidevin@empow-her.com  Intervenant.e : Avocat.e du Barreau de Paris  Dur\u00e9e\u00a0: Un cr\u00e9neau de\u00a01h en individuel en ligne  Attention !\u00a0Veuillez vous pr\u00e9senter \u00e0 l\u2019heure pour que l\u2019activit\u00e9 puisse commencer \u00e0 temps. Si vous avez du retard veuillez pr\u00e9venir l\u2019intervenant.e. Si vous avez plus de 15 min de retard l\u2019intervenant.e se r\u00e9serve le droit de ne plus vous accepter pour le coaching ou l\u2019atelier.","og_url":"https:\/\/empow-her.com\/en\/produit\/coaching-propriete-intellectuelle-6\/","og_site_name":"Empow&#039;Her","article_modified_time":"2023-11-10T15:01:35+00:00","og_image":[{"width":1080,"height":1080,"url":"https:\/\/empow-her.com\/wp-content\/uploads\/2023\/11\/Women-Dare-templates-events-21.png","type":"image\/png"}],"twitter_card":"summary_large_image","twitter_misc":{"Est. reading time":"1 minute"},"schema":{"@context":"https:\/\/schema.org","@graph":[{"@type":"WebPage","@id":"https:\/\/empow-her.com\/en\/produit\/coaching-propriete-intellectuelle-6\/","url":"https:\/\/empow-her.com\/en\/produit\/coaching-propriete-intellectuelle-6\/","name":"Coaching - Propri\u00e9t\u00e9 intellectuelle - Empow&#039;Her","isPartOf":{"@id":"https:\/\/empow-her.com\/#website"},"primaryImageOfPage":{"@id":"https:\/\/empow-her.com\/en\/produit\/coaching-propriete-intellectuelle-6\/#primaryimage"},"image":{"@id":"https:\/\/empow-her.com\/en\/produit\/coaching-propriete-intellectuelle-6\/#primaryimage"},"thumbnailUrl":"https:\/\/empow-her.com\/wp-content\/uploads\/2023\/11\/Women-Dare-templates-events-21.png","datePublished":"2023-11-10T14:24:26+00:00","dateModified":"2023-11-10T15:01:35+00:00","breadcrumb":{"@id":"https:\/\/empow-her.com\/en\/produit\/coaching-propriete-intellectuelle-6\/#breadcrumb"},"inLanguage":"en-US","potentialAction":[{"@type":"ReadAction","target":["https:\/\/empow-her.com\/en\/produit\/coaching-propriete-intellectuelle-6\/"]}]},{"@type":"ImageObject","inLanguage":"en-US","@id":"https:\/\/empow-her.com\/en\/produit\/coaching-propriete-intellectuelle-6\/#primaryimage","url":"https:\/\/empow-her.com\/wp-content\/uploads\/2023\/11\/Women-Dare-templates-events-21.png","contentUrl":"https:\/\/empow-her.com\/wp-content\/uploads\/2023\/11\/Women-Dare-templates-events-21.png","width":1080,"height":1080},{"@type":"BreadcrumbList","@id":"https:\/\/empow-her.com\/en\/produit\/coaching-propriete-intellectuelle-6\/#breadcrumb","itemListElement":[{"@type":"ListItem","position":1,"name":"Accueil","item":"https:\/\/empow-her.com\/en\/landing-page\/"},{"@type":"ListItem","position":2,"name":"LA BOUTIQUE","item":"https:\/\/empow-her.com\/boutique\/"},{"@type":"ListItem","position":3,"name":"Coaching &#8211; Propri\u00e9t\u00e9 intellectuelle"}]},{"@type":"WebSite","@id":"https:\/\/empow-her.com\/#website","url":"https:\/\/empow-her.com\/","name":"Empow&#039;Her","description":"Women Development","potentialAction":[{"@type":"SearchAction","target":{"@type":"EntryPoint","urlTemplate":"https:\/\/empow-her.com\/?s={search_term_string}"},"query-input":{"@type":"PropertyValueSpecification","valueRequired":true,"valueName":"search_term_string"}}],"inLanguage":"en-US"}]}},"_links":{"self":[{"href":"https:\/\/empow-her.com\/en\/wp-json\/wp\/v2\/product\/218217","targetHints":{"allow":["GET"]}}],"collection":[{"href":"https:\/\/empow-her.com\/en\/wp-json\/wp\/v2\/product"}],"about":[{"href":"https:\/\/empow-her.com\/en\/wp-json\/wp\/v2\/types\/product"}],"wp:featuredmedia":[{"embeddable":true,"href":"https:\/\/empow-her.com\/en\/wp-json\/wp\/v2\/media\/218240"}],"wp:attachment":[{"href":"https:\/\/empow-her.com\/en\/wp-json\/wp\/v2\/media?parent=218217"}],"wp:term":[{"taxonomy":"product_brand","embeddable":true,"href":"https:\/\/empow-her.com\/en\/wp-json\/wp\/v2\/product_brand?post=218217"},{"taxonomy":"product_cat","embeddable":true,"href":"https:\/\/empow-her.com\/en\/wp-json\/wp\/v2\/product_cat?post=218217"},{"taxonomy":"product_tag","embeddable":true,"href":"https:\/\/empow-her.com\/en\/wp-json\/wp\/v2\/product_tag?post=218217"},{"taxonomy":"lieu","embeddable":true,"href":"https:\/\/empow-her.com\/en\/wp-json\/wp\/v2\/lieu?post=218217"},{"taxonomy":"thematiques","embeddable":true,"href":"https:\/\/empow-her.com\/en\/wp-json\/wp\/v2\/thematiques?post=218217"}],"curies":[{"name":"wp","href":"https:\/\/api.w.org\/{rel}","templated":true}]}}