{"id":211974,"date":"2023-10-24T18:43:14","date_gmt":"2023-10-24T16:43:14","guid":{"rendered":"https:\/\/empow-her.com\/?post_type=product&#038;p=211974"},"modified":"2023-11-06T11:35:51","modified_gmt":"2023-11-06T10:35:51","slug":"prendre-en-compte-les-violences-basees-sur-le-genre","status":"publish","type":"product","link":"https:\/\/empow-her.com\/en\/produit\/prendre-en-compte-les-violences-basees-sur-le-genre\/","title":{"rendered":"She Talks &#8211; Transformer l\u2019entrepreneuriat pour mieux lutter contre la pr\u00e9carit\u00e9 et les violences"},"content":{"rendered":"<p><b data-stringify-type=\"bold\">She Talks sp\u00e9cial Journ\u00e9e Internationale Pour L\u2019\u00e9limination de la Violence \u00e0 l\u2019\u00e9gard des femmes. Transformer l\u2019entrepreneuriat pour mieux lutter contre la pr\u00e9carit\u00e9 et les violences<\/b><\/p>\n<p>&#x1f913; <i data-stringify-type=\"italic\">D\u00e9couvrez les r\u00e9sultats de l\u2019\u00e9tude exploratoire de Empow\u2019Her sur les caract\u00e9ristiques et l\u2019impact des violences de genre (VBG) sur l\u2019activit\u00e9 entrepreneuriale des femmes.<\/i><\/p>\n<p>Apr\u00e8s avoir pr\u00e9sent\u00e9 ses r\u00e9sultats lors de la conf\u00e9rence <em>Women Deliver \u00e0 Kigali<\/em> (Rwanda), l\u2019\u00e9quipe d&#8217;Empow\u2019Her pose ses valises <strong>mardi 21 novembre de 18h30 \u00e0 20h30 chez Sist&#8217;Her Paris !<\/strong><br \/>\nL&#8217;occasion de partager avec vous ses constats et les pistes d\u2019actions pour faire \u00e9voluer le monde de l\u2019entrepreneuriat sur ces questions fondamentales.<\/p>\n<p><i data-stringify-type=\"italic\">&#x1f3a4; Rencontrez Alexane Heredia, directrice Du Pain et Des Roses, l&#8217;association qui permet \u00e0 des femmes de se r\u00e9ins\u00e9rer gr\u00e2ce au m\u00e9tier de fleuriste.<\/i><br \/>\nVenez d\u00e9couvrir le parcours de l\u2019intervenante et les dessous de la construction d\u2019un projet s\u2019adressant \u00e0 des femmes \u00e9loign\u00e9es de l\u2019emploi et souvent en rupture sociale.<\/p>\n<p>&#x270a; <em>Et<\/em><i data-stringify-type=\"italic\">\u2026action !<\/i><br \/>\nSur la base des \u00e9l\u00e9ments \u00e9chang\u00e9s, construisons ensemble un accompagnement \u00e0 l\u2019entrepreneuriat capable de r\u00e9ellement lever les freins se dressant sur le parcours de femmes survivantes.<\/p>\n<p>&nbsp;<\/p>\n<p><strong>Infos pratiques :<\/strong><\/p>\n<p>&#x1f4c6; Mardi 21 novembre<br \/>\n&#x23f3; De 18h30 \u00e0 20h30<br \/>\n&#x1f516; R\u00e9servation gratuite obligatoire<\/p>\n<p>&#x1f4cd; Sist\u2019Her : 82 rue du Faubourg Saint-Martin 75010 Paris<br \/>\nOuvert en mars 2021, Sist\u2019Her est le premier tiers-lieu sorore, d\u00e9di\u00e9 aux entrepreneuses et \u00e0 l\u2019impact en \u00cele-de-France. Port\u00e9 par l\u2019association <a href=\"https:\/\/empow-her.com\/nos-actions\/\">Empow\u2019Her<\/a>, c\u2019est un lieu de formations et de rencontres inclusif et collaboratif, ouvert \u00e0 tou\u00b7te\u00b7s o\u00f9 il est possible de se former, s\u2019inspirer, s\u2019engager et se rencontrer.\u201d<\/p>\n<p>&nbsp;<\/p>\n<p>\u00c0 tr\u00e8s vite ! &#x2600;&#xfe0f;<\/p>\n<p>&nbsp;<\/p>\n","protected":false},"excerpt":{"rendered":"<p><b data-stringify-type=\"bold\">She Talks sp\u00e9cial Journ\u00e9e Internationale Pour L\u2019\u00e9limination de la Violence \u00e0 l\u2019\u00e9gard des femmes. Transformer l\u2019entrepreneuriat pour mieux lutter contre la pr\u00e9carit\u00e9 et les violences<\/b><\/p>\n<p>&#x1f913; <i data-stringify-type=\"italic\">D\u00e9couvrez les r\u00e9sultats de l\u2019\u00e9tude exploratoire de Empow\u2019Her sur les caract\u00e9ristiques et l\u2019impact des violences de genre (VBG) sur l\u2019activit\u00e9 entrepreneuriale des femmes.<\/i><\/p>\n<p>Apr\u00e8s avoir pr\u00e9sent\u00e9 ses r\u00e9sultats lors de la conf\u00e9rence <em>Women Deliver \u00e0 Kigali<\/em> (Rwanda), l\u2019\u00e9quipe d&#8217;Empow\u2019Her pose ses valises <strong>mardi 21 novembre de 18h30 \u00e0 20h30 chez Sist&#8217;Her Paris !<\/strong><br \/>\nL&#8217;occasion de partager avec vous ses constats et les pistes d\u2019actions pour faire \u00e9voluer le monde de l\u2019entrepreneuriat sur ces questions fondamentales.<\/p>\n<p><i data-stringify-type=\"italic\">&#x1f3a4; Rencontrez Alexane Heredia, directrice Du Pain et Des Roses, l&#8217;association qui permet \u00e0 des femmes de se r\u00e9ins\u00e9rer gr\u00e2ce au m\u00e9tier de fleuriste.<\/i><br \/>\nVenez d\u00e9couvrir le parcours de l\u2019intervenante et les dessous de la construction d\u2019un projet s\u2019adressant \u00e0 des femmes \u00e9loign\u00e9es de l\u2019emploi et souvent en rupture sociale.<\/p>\n<p>&#x270a; <em>Et<\/em><i data-stringify-type=\"italic\">\u2026action !<\/i><br \/>\nSur la base des \u00e9l\u00e9ments \u00e9chang\u00e9s, construisons ensemble un accompagnement \u00e0 l\u2019entrepreneuriat capable de r\u00e9ellement lever les freins se dressant sur le parcours de femmes survivantes.<\/p>\n<p>&nbsp;<\/p>\n<p><strong>Infos pratiques :<\/strong><\/p>\n<p>&#x1f4c6; Mardi 21 novembre<br \/>\n&#x23f3; De 18h30 \u00e0 20h30<br \/>\n&#x1f516; R\u00e9servation gratuite obligatoire<\/p>\n<p>&#x1f4cd; Sist\u2019Her : 82 rue du Faubourg Saint-Martin 75010 Paris<br \/>\nOuvert en mars 2021, Sist\u2019Her est le premier tiers-lieu sorore, d\u00e9di\u00e9 aux entrepreneuses et \u00e0 l\u2019impact en \u00cele-de-France. Port\u00e9 par l\u2019association Empow\u2019Her, c\u2019est un lieu de formations et de rencontres inclusif et collaboratif, ouvert \u00e0 tou\u00b7te\u00b7s o\u00f9 il est possible de se former, s\u2019inspirer, s\u2019engager et se rencontrer.\u201d<\/p>\n<p>\u00c0 tr\u00e8s vite ! &#x2600;&#xfe0f;<\/p>\n<p>&nbsp;<\/p>\n<p>&nbsp;<\/p>\n","protected":false},"featured_media":216628,"template":"","format":"standard","meta":{"_acf_changed":false,"om_disable_all_campaigns":false,"_uf_show_specific_survey":0,"_uf_disable_surveys":false},"product_brand":[],"product_cat":[119],"product_tag":[132],"lieu":[127],"thematiques":[],"class_list":{"0":"post-211974","1":"product","2":"type-product","3":"status-publish","4":"format-standard","5":"has-post-thumbnail","7":"product_cat-evenement-sisther","8":"product_tag-sisther","9":"lieu-hub-empowher","11":"first","12":"instock","13":"virtual","14":"purchasable","15":"product-type-appointment"},"exclude_global_add_ons":[],"addons":[],"acf":[],"yoast_head":"<!-- This site is optimized with the Yoast SEO plugin v24.8 - https:\/\/yoast.com\/wordpress\/plugins\/seo\/ -->\n<title>She Talks - Transformer l\u2019entrepreneuriat pour mieux lutter contre la pr\u00e9carit\u00e9 et les violences - Empow&#039;Her<\/title>\n<meta name=\"description\" content=\"She Talks sp\u00e9cial - Journ\u00e9e Internationale Pour L\u2019\u00e9limination de la Violence \u00e0 l\u2019\u00e9gard des femmes \/ Transformer l\u2019entrepreneuriat pour mieux lutter contre la pr\u00e9carit\u00e9 et les violences D\u00e9couvrez les r\u00e9sultats de l\u2019\u00e9tude exploratoire de Empow\u2019Her sur les caract\u00e9ristiques et l\u2019impact des violences de genre (VBG) sur l\u2019activit\u00e9 entrepreneuriale des femmes.Apr\u00e8s avoir pr\u00e9sent\u00e9 ses r\u00e9sultats lors de la conf\u00e9rence Women Deliver \u00e0 Kigali (Rwanda), l\u2019\u00e9quipe Empow\u2019Her pose ses valises mardi 21 novembre de 18h30 \u00e0 20h30 chez Sist&#039;Her Paris pour partager avec vous ses constats et les pistes d\u2019actions pour faire \u00e9voluer le monde de l\u2019entrepreneuriat sur ces questions fondamentales.\" \/>\n<meta name=\"robots\" content=\"index, follow, max-snippet:-1, max-image-preview:large, max-video-preview:-1\" \/>\n<link rel=\"canonical\" href=\"https:\/\/empow-her.com\/produit\/prendre-en-compte-les-violences-basees-sur-le-genre\/\" \/>\n<meta property=\"og:locale\" content=\"en_US\" \/>\n<meta property=\"og:type\" content=\"article\" \/>\n<meta property=\"og:title\" content=\"She Talks - Transformer l\u2019entrepreneuriat pour mieux lutter contre la pr\u00e9carit\u00e9 et les violences - Empow&#039;Her\" \/>\n<meta property=\"og:description\" content=\"She Talks sp\u00e9cial - Journ\u00e9e Internationale Pour L\u2019\u00e9limination de la Violence \u00e0 l\u2019\u00e9gard des femmes \/ Transformer l\u2019entrepreneuriat pour mieux lutter contre la pr\u00e9carit\u00e9 et les violences D\u00e9couvrez les r\u00e9sultats de l\u2019\u00e9tude exploratoire de Empow\u2019Her sur les caract\u00e9ristiques et l\u2019impact des violences de genre (VBG) sur l\u2019activit\u00e9 entrepreneuriale des femmes.Apr\u00e8s avoir pr\u00e9sent\u00e9 ses r\u00e9sultats lors de la conf\u00e9rence Women Deliver \u00e0 Kigali (Rwanda), l\u2019\u00e9quipe Empow\u2019Her pose ses valises mardi 21 novembre de 18h30 \u00e0 20h30 chez Sist&#039;Her Paris pour partager avec vous ses constats et les pistes d\u2019actions pour faire \u00e9voluer le monde de l\u2019entrepreneuriat sur ces questions fondamentales.\" \/>\n<meta property=\"og:url\" content=\"https:\/\/empow-her.com\/produit\/prendre-en-compte-les-violences-basees-sur-le-genre\/\" \/>\n<meta property=\"og:site_name\" content=\"Empow&#039;Her\" \/>\n<meta property=\"article:modified_time\" content=\"2023-11-06T10:35:51+00:00\" \/>\n<meta property=\"og:image\" content=\"https:\/\/empow-her.com\/wp-content\/uploads\/2023\/10\/shetalks-economie-circulaire-10.png\" \/>\n\t<meta property=\"og:image:width\" content=\"1080\" \/>\n\t<meta property=\"og:image:height\" content=\"1080\" \/>\n\t<meta property=\"og:image:type\" content=\"image\/png\" \/>\n<meta name=\"twitter:card\" content=\"summary_large_image\" \/>\n<meta name=\"twitter:label1\" content=\"Est. reading time\" \/>\n\t<meta name=\"twitter:data1\" content=\"2 minutes\" \/>\n<script type=\"application\/ld+json\" class=\"yoast-schema-graph\">{\"@context\":\"https:\/\/schema.org\",\"@graph\":[{\"@type\":\"WebPage\",\"@id\":\"https:\/\/empow-her.com\/produit\/prendre-en-compte-les-violences-basees-sur-le-genre\/\",\"url\":\"https:\/\/empow-her.com\/produit\/prendre-en-compte-les-violences-basees-sur-le-genre\/\",\"name\":\"She Talks - Transformer l\u2019entrepreneuriat pour mieux lutter contre la pr\u00e9carit\u00e9 et les violences - Empow&#039;Her\",\"isPartOf\":{\"@id\":\"https:\/\/empow-her.com\/#website\"},\"primaryImageOfPage\":{\"@id\":\"https:\/\/empow-her.com\/produit\/prendre-en-compte-les-violences-basees-sur-le-genre\/#primaryimage\"},\"image\":{\"@id\":\"https:\/\/empow-her.com\/produit\/prendre-en-compte-les-violences-basees-sur-le-genre\/#primaryimage\"},\"thumbnailUrl\":\"https:\/\/empow-her.com\/wp-content\/uploads\/2023\/10\/shetalks-economie-circulaire-10.png\",\"datePublished\":\"2023-10-24T16:43:14+00:00\",\"dateModified\":\"2023-11-06T10:35:51+00:00\",\"description\":\"She Talks sp\u00e9cial - Journ\u00e9e Internationale Pour L\u2019\u00e9limination de la Violence \u00e0 l\u2019\u00e9gard des femmes \/ Transformer l\u2019entrepreneuriat pour mieux lutter contre la pr\u00e9carit\u00e9 et les violences D\u00e9couvrez les r\u00e9sultats de l\u2019\u00e9tude exploratoire de Empow\u2019Her sur les caract\u00e9ristiques et l\u2019impact des violences de genre (VBG) sur l\u2019activit\u00e9 entrepreneuriale des femmes.Apr\u00e8s avoir pr\u00e9sent\u00e9 ses r\u00e9sultats lors de la conf\u00e9rence Women Deliver \u00e0 Kigali (Rwanda), l\u2019\u00e9quipe Empow\u2019Her pose ses valises mardi 21 novembre de 18h30 \u00e0 20h30 chez Sist'Her Paris pour partager avec vous ses constats et les pistes d\u2019actions pour faire \u00e9voluer le monde de l\u2019entrepreneuriat sur ces questions fondamentales.\",\"breadcrumb\":{\"@id\":\"https:\/\/empow-her.com\/produit\/prendre-en-compte-les-violences-basees-sur-le-genre\/#breadcrumb\"},\"inLanguage\":\"en-US\",\"potentialAction\":[{\"@type\":\"ReadAction\",\"target\":[\"https:\/\/empow-her.com\/produit\/prendre-en-compte-les-violences-basees-sur-le-genre\/\"]}]},{\"@type\":\"ImageObject\",\"inLanguage\":\"en-US\",\"@id\":\"https:\/\/empow-her.com\/produit\/prendre-en-compte-les-violences-basees-sur-le-genre\/#primaryimage\",\"url\":\"https:\/\/empow-her.com\/wp-content\/uploads\/2023\/10\/shetalks-economie-circulaire-10.png\",\"contentUrl\":\"https:\/\/empow-her.com\/wp-content\/uploads\/2023\/10\/shetalks-economie-circulaire-10.png\",\"width\":1080,\"height\":1080},{\"@type\":\"BreadcrumbList\",\"@id\":\"https:\/\/empow-her.com\/produit\/prendre-en-compte-les-violences-basees-sur-le-genre\/#breadcrumb\",\"itemListElement\":[{\"@type\":\"ListItem\",\"position\":1,\"name\":\"Accueil\",\"item\":\"https:\/\/empow-her.com\/en\/landing-page\/\"},{\"@type\":\"ListItem\",\"position\":2,\"name\":\"LA BOUTIQUE\",\"item\":\"https:\/\/empow-her.com\/boutique\/\"},{\"@type\":\"ListItem\",\"position\":3,\"name\":\"She Talks &#8211; Transformer l\u2019entrepreneuriat pour mieux lutter contre la pr\u00e9carit\u00e9 et les violences\"}]},{\"@type\":\"WebSite\",\"@id\":\"https:\/\/empow-her.com\/#website\",\"url\":\"https:\/\/empow-her.com\/\",\"name\":\"Empow&#039;Her\",\"description\":\"Women Development\",\"potentialAction\":[{\"@type\":\"SearchAction\",\"target\":{\"@type\":\"EntryPoint\",\"urlTemplate\":\"https:\/\/empow-her.com\/?s={search_term_string}\"},\"query-input\":{\"@type\":\"PropertyValueSpecification\",\"valueRequired\":true,\"valueName\":\"search_term_string\"}}],\"inLanguage\":\"en-US\"}]}<\/script>\n<!-- \/ Yoast SEO plugin. -->","yoast_head_json":{"title":"She Talks - Transformer l\u2019entrepreneuriat pour mieux lutter contre la pr\u00e9carit\u00e9 et les violences - Empow&#039;Her","description":"She Talks sp\u00e9cial - Journ\u00e9e Internationale Pour L\u2019\u00e9limination de la Violence \u00e0 l\u2019\u00e9gard des femmes \/ Transformer l\u2019entrepreneuriat pour mieux lutter contre la pr\u00e9carit\u00e9 et les violences D\u00e9couvrez les r\u00e9sultats de l\u2019\u00e9tude exploratoire de Empow\u2019Her sur les caract\u00e9ristiques et l\u2019impact des violences de genre (VBG) sur l\u2019activit\u00e9 entrepreneuriale des femmes.Apr\u00e8s avoir pr\u00e9sent\u00e9 ses r\u00e9sultats lors de la conf\u00e9rence Women Deliver \u00e0 Kigali (Rwanda), l\u2019\u00e9quipe Empow\u2019Her pose ses valises mardi 21 novembre de 18h30 \u00e0 20h30 chez Sist'Her Paris pour partager avec vous ses constats et les pistes d\u2019actions pour faire \u00e9voluer le monde de l\u2019entrepreneuriat sur ces questions fondamentales.","robots":{"index":"index","follow":"follow","max-snippet":"max-snippet:-1","max-image-preview":"max-image-preview:large","max-video-preview":"max-video-preview:-1"},"canonical":"https:\/\/empow-her.com\/produit\/prendre-en-compte-les-violences-basees-sur-le-genre\/","og_locale":"en_US","og_type":"article","og_title":"She Talks - Transformer l\u2019entrepreneuriat pour mieux lutter contre la pr\u00e9carit\u00e9 et les violences - Empow&#039;Her","og_description":"She Talks sp\u00e9cial - Journ\u00e9e Internationale Pour L\u2019\u00e9limination de la Violence \u00e0 l\u2019\u00e9gard des femmes \/ Transformer l\u2019entrepreneuriat pour mieux lutter contre la pr\u00e9carit\u00e9 et les violences D\u00e9couvrez les r\u00e9sultats de l\u2019\u00e9tude exploratoire de Empow\u2019Her sur les caract\u00e9ristiques et l\u2019impact des violences de genre (VBG) sur l\u2019activit\u00e9 entrepreneuriale des femmes.Apr\u00e8s avoir pr\u00e9sent\u00e9 ses r\u00e9sultats lors de la conf\u00e9rence Women Deliver \u00e0 Kigali (Rwanda), l\u2019\u00e9quipe Empow\u2019Her pose ses valises mardi 21 novembre de 18h30 \u00e0 20h30 chez Sist'Her Paris pour partager avec vous ses constats et les pistes d\u2019actions pour faire \u00e9voluer le monde de l\u2019entrepreneuriat sur ces questions fondamentales.","og_url":"https:\/\/empow-her.com\/produit\/prendre-en-compte-les-violences-basees-sur-le-genre\/","og_site_name":"Empow&#039;Her","article_modified_time":"2023-11-06T10:35:51+00:00","og_image":[{"width":1080,"height":1080,"url":"https:\/\/empow-her.com\/wp-content\/uploads\/2023\/10\/shetalks-economie-circulaire-10.png","type":"image\/png"}],"twitter_card":"summary_large_image","twitter_misc":{"Est. reading time":"2 minutes"},"schema":{"@context":"https:\/\/schema.org","@graph":[{"@type":"WebPage","@id":"https:\/\/empow-her.com\/produit\/prendre-en-compte-les-violences-basees-sur-le-genre\/","url":"https:\/\/empow-her.com\/produit\/prendre-en-compte-les-violences-basees-sur-le-genre\/","name":"She Talks - Transformer l\u2019entrepreneuriat pour mieux lutter contre la pr\u00e9carit\u00e9 et les violences - Empow&#039;Her","isPartOf":{"@id":"https:\/\/empow-her.com\/#website"},"primaryImageOfPage":{"@id":"https:\/\/empow-her.com\/produit\/prendre-en-compte-les-violences-basees-sur-le-genre\/#primaryimage"},"image":{"@id":"https:\/\/empow-her.com\/produit\/prendre-en-compte-les-violences-basees-sur-le-genre\/#primaryimage"},"thumbnailUrl":"https:\/\/empow-her.com\/wp-content\/uploads\/2023\/10\/shetalks-economie-circulaire-10.png","datePublished":"2023-10-24T16:43:14+00:00","dateModified":"2023-11-06T10:35:51+00:00","description":"She Talks sp\u00e9cial - Journ\u00e9e Internationale Pour L\u2019\u00e9limination de la Violence \u00e0 l\u2019\u00e9gard des femmes \/ Transformer l\u2019entrepreneuriat pour mieux lutter contre la pr\u00e9carit\u00e9 et les violences D\u00e9couvrez les r\u00e9sultats de l\u2019\u00e9tude exploratoire de Empow\u2019Her sur les caract\u00e9ristiques et l\u2019impact des violences de genre (VBG) sur l\u2019activit\u00e9 entrepreneuriale des femmes.Apr\u00e8s avoir pr\u00e9sent\u00e9 ses r\u00e9sultats lors de la conf\u00e9rence Women Deliver \u00e0 Kigali (Rwanda), l\u2019\u00e9quipe Empow\u2019Her pose ses valises mardi 21 novembre de 18h30 \u00e0 20h30 chez Sist'Her Paris pour partager avec vous ses constats et les pistes d\u2019actions pour faire \u00e9voluer le monde de l\u2019entrepreneuriat sur ces questions fondamentales.","breadcrumb":{"@id":"https:\/\/empow-her.com\/produit\/prendre-en-compte-les-violences-basees-sur-le-genre\/#breadcrumb"},"inLanguage":"en-US","potentialAction":[{"@type":"ReadAction","target":["https:\/\/empow-her.com\/produit\/prendre-en-compte-les-violences-basees-sur-le-genre\/"]}]},{"@type":"ImageObject","inLanguage":"en-US","@id":"https:\/\/empow-her.com\/produit\/prendre-en-compte-les-violences-basees-sur-le-genre\/#primaryimage","url":"https:\/\/empow-her.com\/wp-content\/uploads\/2023\/10\/shetalks-economie-circulaire-10.png","contentUrl":"https:\/\/empow-her.com\/wp-content\/uploads\/2023\/10\/shetalks-economie-circulaire-10.png","width":1080,"height":1080},{"@type":"BreadcrumbList","@id":"https:\/\/empow-her.com\/produit\/prendre-en-compte-les-violences-basees-sur-le-genre\/#breadcrumb","itemListElement":[{"@type":"ListItem","position":1,"name":"Accueil","item":"https:\/\/empow-her.com\/en\/landing-page\/"},{"@type":"ListItem","position":2,"name":"LA BOUTIQUE","item":"https:\/\/empow-her.com\/boutique\/"},{"@type":"ListItem","position":3,"name":"She Talks &#8211; Transformer l\u2019entrepreneuriat pour mieux lutter contre la pr\u00e9carit\u00e9 et les violences"}]},{"@type":"WebSite","@id":"https:\/\/empow-her.com\/#website","url":"https:\/\/empow-her.com\/","name":"Empow&#039;Her","description":"Women Development","potentialAction":[{"@type":"SearchAction","target":{"@type":"EntryPoint","urlTemplate":"https:\/\/empow-her.com\/?s={search_term_string}"},"query-input":{"@type":"PropertyValueSpecification","valueRequired":true,"valueName":"search_term_string"}}],"inLanguage":"en-US"}]}},"_links":{"self":[{"href":"https:\/\/empow-her.com\/en\/wp-json\/wp\/v2\/product\/211974","targetHints":{"allow":["GET"]}}],"collection":[{"href":"https:\/\/empow-her.com\/en\/wp-json\/wp\/v2\/product"}],"about":[{"href":"https:\/\/empow-her.com\/en\/wp-json\/wp\/v2\/types\/product"}],"wp:featuredmedia":[{"embeddable":true,"href":"https:\/\/empow-her.com\/en\/wp-json\/wp\/v2\/media\/216628"}],"wp:attachment":[{"href":"https:\/\/empow-her.com\/en\/wp-json\/wp\/v2\/media?parent=211974"}],"wp:term":[{"taxonomy":"product_brand","embeddable":true,"href":"https:\/\/empow-her.com\/en\/wp-json\/wp\/v2\/product_brand?post=211974"},{"taxonomy":"product_cat","embeddable":true,"href":"https:\/\/empow-her.com\/en\/wp-json\/wp\/v2\/product_cat?post=211974"},{"taxonomy":"product_tag","embeddable":true,"href":"https:\/\/empow-her.com\/en\/wp-json\/wp\/v2\/product_tag?post=211974"},{"taxonomy":"lieu","embeddable":true,"href":"https:\/\/empow-her.com\/en\/wp-json\/wp\/v2\/lieu?post=211974"},{"taxonomy":"thematiques","embeddable":true,"href":"https:\/\/empow-her.com\/en\/wp-json\/wp\/v2\/thematiques?post=211974"}],"curies":[{"name":"wp","href":"https:\/\/api.w.org\/{rel}","templated":true}]}}