{"id":209337,"date":"2023-10-16T15:58:09","date_gmt":"2023-10-16T13:58:09","guid":{"rendered":"https:\/\/empow-her.com\/?post_type=product&#038;p=209337"},"modified":"2023-11-21T17:03:15","modified_gmt":"2023-11-21T16:03:15","slug":"comprendre-les-lgbtphobies-et-trouver-des-solutions-collectives","status":"publish","type":"product","link":"https:\/\/empow-her.com\/en\/produit\/comprendre-les-lgbtphobies-et-trouver-des-solutions-collectives\/","title":{"rendered":"Comprendre les LGBTphobies et trouver des solutions collectives"},"content":{"rendered":"<p><strong>Venez participer \u00e0 l&#8217;atelier th\u00e9\u00e2tre-forum : 2h pour comprendre les LGBTphobies et trouver des solutions collectives !<\/strong><\/p>\n<p>En quoi consiste cet atelier th\u00e9\u00e2tre-forum ?<br \/>\n&#x1f449; <strong>Offrir un espace interactif et engag\u00e9<\/strong> pour explorer les diff\u00e9rentes formes de LGBT+phobies et trouver des solutions d&#8217;action collective !<\/p>\n<p>&#x1f449; L&#8217;objectif ? <strong>Sensibiliser le public<\/strong> (directement concern\u00e9 ou pas) aux d\u00e9fis auxquels sont confront\u00e9es les personnes LGBT+ et d&#8217;encourager la participation active dans la lutte contre ces discriminations.<\/p>\n<p>&#x1f4aa; <strong>Marie Jaudoin sera votre animateur.ice :<\/strong>coach de vie queer et cr\u00e9ateur.ice de contenus engag\u00e9.e sur la cause LGBT+*. Iel accompagne les personnes LGBT+ \u00e0 oser accomplir leurs projets personnels et professionnels avec s\u00e9r\u00e9nit\u00e9 et fiert\u00e9.<\/p>\n<p>*LGBT+ (ou queer) d\u00e9signe les personnes Lesbiennes, Gays, Bisexuelles, Trans, Intersexes, Asexuelles, Pansexuelles ainsi que toutes les orientations sexuelles ou identit\u00e9s de genre qui sortent du sch\u00e9ma h\u00e9t\u00e9rosexuel\/cisgenre).<\/p>\n<p>Tu es le\/la bienvenu.e \u00e0 participer, que tu sois LGBT+, ou pas &#x1f609;<\/p>\n<p>&#x1f31f; Nous vous attendons nombreux.ses ! &#x1f308;<\/p>\n<p><strong><br \/>\nInfos pratiques :\u00a0<\/strong><\/p>\n<p>&#x1f4c6; Mercredi 22 novembre<br \/>\n&#x23f3; De 18h30 \u00e0 20h30<br \/>\n&#x1f516; R\u00e9servation gratuite obligatoire<br \/>\n&#x1f4cd; Chez <a href=\"https:\/\/www.instagram.com\/sisther.paris\/\">Sist&#8217;Her<\/a> : 82, rue du Faubourg St-Martin, Paris 10\u00e8me<\/p>\n<p>\u00c0 tr\u00e8s vite chez Sist&#8217;Her ! &#x2728;<\/p>\n","protected":false},"excerpt":{"rendered":"<p><strong>Venez participer \u00e0 l&#8217;atelier th\u00e9\u00e2tre-forum : 2h pour comprendre les LGBTphobies et trouver des solutions collectives !<\/strong><\/p>\n<p>En quoi consiste cet atelier th\u00e9\u00e2tre-forum ?<br \/>\n&#x1f449; <strong>Offrir un espace interactif et engag\u00e9<\/strong> pour explorer les diff\u00e9rentes formes de LGBT+phobies et trouver des solutions d&#8217;action collective !<\/p>\n<p>&#x1f449; L&#8217;objectif ? <strong>Sensibiliser le public<\/strong> (directement concern\u00e9 ou pas) aux d\u00e9fis auxquels sont confront\u00e9es les personnes LGBT+ et d&#8217;encourager la participation active dans la lutte contre ces discriminations.<\/p>\n<p>&#x1f4aa; <strong>Marie Jaudoin sera votre animatrice<\/strong> : coach de vie queer et cr\u00e9atrice de contenus engag\u00e9s sur la cause LGBT+*. Elle accompagne les personnes LGBT+ \u00e0 oser accomplir leurs projets personnels et professionnels avec s\u00e9r\u00e9nit\u00e9 et fiert\u00e9.<\/p>\n<p>*LGBT+ (ou queer) d\u00e9signe les personnes Lesbiennes, Gays, Bisexuelles, Trans, Intersexes, Asexuelles, Pansexuelles ainsi que toutes les orientations sexuelles ou identit\u00e9s de genre qui sortent du sch\u00e9ma h\u00e9t\u00e9rosexuel\/cisgenre).<\/p>\n<p>Tu es le\/la bienvenu.e \u00e0 participer, que tu sois LGBT+, ou pas &#x1f609;<\/p>\n<p>&#x1f31f; Nous vous attendons nombreux.ses ! &#x1f308;<\/p>\n<p><strong><br \/>\nInfos pratiques :\u00a0<\/strong><\/p>\n<p>&#x1f4c6; Mercredi 22 novembre<br \/>\n&#x23f3; De 18h30 \u00e0 20h30<br \/>\n&#x1f516; R\u00e9servation gratuite obligatoire<br \/>\n&#x1f4cd; Chez <a href=\"https:\/\/www.instagram.com\/sisther.paris\/\">Sist&#8217;Her<\/a> : 82, rue du Faubourg St-Martin, Paris 10\u00e8me<\/p>\n<p>\u00c0 tr\u00e8s vite chez Sist&#8217;Her ! &#x2728;<\/p>\n","protected":false},"featured_media":209340,"template":"","format":"standard","meta":{"_acf_changed":false,"om_disable_all_campaigns":false,"_uf_show_specific_survey":0,"_uf_disable_surveys":false},"product_brand":[],"product_cat":[119],"product_tag":[132],"lieu":[127],"thematiques":[],"class_list":{"0":"post-209337","1":"product","2":"type-product","3":"status-publish","4":"format-standard","5":"has-post-thumbnail","7":"product_cat-evenement-sisther","8":"product_tag-sisther","9":"lieu-hub-empowher","11":"first","12":"instock","13":"virtual","14":"purchasable","15":"product-type-appointment"},"exclude_global_add_ons":[],"addons":[],"acf":[],"yoast_head":"<!-- This site is optimized with the Yoast SEO plugin v24.8 - https:\/\/yoast.com\/wordpress\/plugins\/seo\/ -->\n<title>Comprendre les LGBTphobies et trouver des solutions collectives - Empow&#039;Her<\/title>\n<meta name=\"description\" content=\"En quoi consiste cet atelier th\u00e9\u00e2tre-forum ? Offrir un espace interactif et engag\u00e9 pour explorer les diff\u00e9rentes formes de LGBT+phobies et trouver des solutions d&#039;action collective ! L&#039;objectif ? Sensibiliser le public (directement concern\u00e9 ou pas) aux d\u00e9fis auxquels sont confront\u00e9es les personnes LGBT+ et d&#039;encourager la participation active dans la lutte contre ces discriminations. Marie Jaudoin sera votre animatrice : coach de vie queer et cr\u00e9atrice de contenus engag\u00e9s sur la cause LGBT+*. Elle accompagne les personnes LGBT+ \u00e0 oser accomplir leurs projets personnels et professionnels avec s\u00e9r\u00e9nit\u00e9 et fiert\u00e9.*LGBT+ (ou queer) d\u00e9signe les personnes Lesbiennes, Gays, Bisexuelles, Trans, Intersexes, Asexuelles, Pansexuelles ainsi que toutes les orientations sexuelles ou identit\u00e9s de genre qui sortent du sch\u00e9ma h\u00e9t\u00e9rosexuel\/cisgenre). Tu es le\/la bienvenu.e \u00e0 participer, que tu sois LGBT+, ou pas Nous vous attendons nombreux.ses !\" \/>\n<meta name=\"robots\" content=\"index, follow, max-snippet:-1, max-image-preview:large, max-video-preview:-1\" \/>\n<link rel=\"canonical\" href=\"https:\/\/empow-her.com\/en\/produit\/comprendre-les-lgbtphobies-et-trouver-des-solutions-collectives\/\" \/>\n<meta property=\"og:locale\" content=\"en_US\" \/>\n<meta property=\"og:type\" content=\"article\" \/>\n<meta property=\"og:title\" content=\"Comprendre les LGBTphobies et trouver des solutions collectives - Empow&#039;Her\" \/>\n<meta property=\"og:description\" content=\"En quoi consiste cet atelier th\u00e9\u00e2tre-forum ? Offrir un espace interactif et engag\u00e9 pour explorer les diff\u00e9rentes formes de LGBT+phobies et trouver des solutions d&#039;action collective ! L&#039;objectif ? Sensibiliser le public (directement concern\u00e9 ou pas) aux d\u00e9fis auxquels sont confront\u00e9es les personnes LGBT+ et d&#039;encourager la participation active dans la lutte contre ces discriminations. Marie Jaudoin sera votre animatrice : coach de vie queer et cr\u00e9atrice de contenus engag\u00e9s sur la cause LGBT+*. Elle accompagne les personnes LGBT+ \u00e0 oser accomplir leurs projets personnels et professionnels avec s\u00e9r\u00e9nit\u00e9 et fiert\u00e9.*LGBT+ (ou queer) d\u00e9signe les personnes Lesbiennes, Gays, Bisexuelles, Trans, Intersexes, Asexuelles, Pansexuelles ainsi que toutes les orientations sexuelles ou identit\u00e9s de genre qui sortent du sch\u00e9ma h\u00e9t\u00e9rosexuel\/cisgenre). Tu es le\/la bienvenu.e \u00e0 participer, que tu sois LGBT+, ou pas Nous vous attendons nombreux.ses !\" \/>\n<meta property=\"og:url\" content=\"https:\/\/empow-her.com\/en\/produit\/comprendre-les-lgbtphobies-et-trouver-des-solutions-collectives\/\" \/>\n<meta property=\"og:site_name\" content=\"Empow&#039;Her\" \/>\n<meta property=\"article:modified_time\" content=\"2023-11-21T16:03:15+00:00\" \/>\n<meta property=\"og:image\" content=\"https:\/\/empow-her.com\/wp-content\/uploads\/2023\/10\/shetalks-economie-circulaire-8.png\" \/>\n\t<meta property=\"og:image:width\" content=\"1080\" \/>\n\t<meta property=\"og:image:height\" content=\"1080\" \/>\n\t<meta property=\"og:image:type\" content=\"image\/png\" \/>\n<meta name=\"twitter:card\" content=\"summary_large_image\" \/>\n<meta name=\"twitter:label1\" content=\"Est. reading time\" \/>\n\t<meta name=\"twitter:data1\" content=\"1 minute\" \/>\n<script type=\"application\/ld+json\" class=\"yoast-schema-graph\">{\"@context\":\"https:\/\/schema.org\",\"@graph\":[{\"@type\":\"WebPage\",\"@id\":\"https:\/\/empow-her.com\/en\/produit\/comprendre-les-lgbtphobies-et-trouver-des-solutions-collectives\/\",\"url\":\"https:\/\/empow-her.com\/en\/produit\/comprendre-les-lgbtphobies-et-trouver-des-solutions-collectives\/\",\"name\":\"Comprendre les LGBTphobies et trouver des solutions collectives - Empow&#039;Her\",\"isPartOf\":{\"@id\":\"https:\/\/empow-her.com\/#website\"},\"primaryImageOfPage\":{\"@id\":\"https:\/\/empow-her.com\/en\/produit\/comprendre-les-lgbtphobies-et-trouver-des-solutions-collectives\/#primaryimage\"},\"image\":{\"@id\":\"https:\/\/empow-her.com\/en\/produit\/comprendre-les-lgbtphobies-et-trouver-des-solutions-collectives\/#primaryimage\"},\"thumbnailUrl\":\"https:\/\/empow-her.com\/wp-content\/uploads\/2023\/10\/shetalks-economie-circulaire-8.png\",\"datePublished\":\"2023-10-16T13:58:09+00:00\",\"dateModified\":\"2023-11-21T16:03:15+00:00\",\"description\":\"En quoi consiste cet atelier th\u00e9\u00e2tre-forum ? Offrir un espace interactif et engag\u00e9 pour explorer les diff\u00e9rentes formes de LGBT+phobies et trouver des solutions d'action collective ! L'objectif ? Sensibiliser le public (directement concern\u00e9 ou pas) aux d\u00e9fis auxquels sont confront\u00e9es les personnes LGBT+ et d'encourager la participation active dans la lutte contre ces discriminations. Marie Jaudoin sera votre animatrice : coach de vie queer et cr\u00e9atrice de contenus engag\u00e9s sur la cause LGBT+*. Elle accompagne les personnes LGBT+ \u00e0 oser accomplir leurs projets personnels et professionnels avec s\u00e9r\u00e9nit\u00e9 et fiert\u00e9.*LGBT+ (ou queer) d\u00e9signe les personnes Lesbiennes, Gays, Bisexuelles, Trans, Intersexes, Asexuelles, Pansexuelles ainsi que toutes les orientations sexuelles ou identit\u00e9s de genre qui sortent du sch\u00e9ma h\u00e9t\u00e9rosexuel\/cisgenre). Tu es le\/la bienvenu.e \u00e0 participer, que tu sois LGBT+, ou pas Nous vous attendons nombreux.ses !\",\"breadcrumb\":{\"@id\":\"https:\/\/empow-her.com\/en\/produit\/comprendre-les-lgbtphobies-et-trouver-des-solutions-collectives\/#breadcrumb\"},\"inLanguage\":\"en-US\",\"potentialAction\":[{\"@type\":\"ReadAction\",\"target\":[\"https:\/\/empow-her.com\/en\/produit\/comprendre-les-lgbtphobies-et-trouver-des-solutions-collectives\/\"]}]},{\"@type\":\"ImageObject\",\"inLanguage\":\"en-US\",\"@id\":\"https:\/\/empow-her.com\/en\/produit\/comprendre-les-lgbtphobies-et-trouver-des-solutions-collectives\/#primaryimage\",\"url\":\"https:\/\/empow-her.com\/wp-content\/uploads\/2023\/10\/shetalks-economie-circulaire-8.png\",\"contentUrl\":\"https:\/\/empow-her.com\/wp-content\/uploads\/2023\/10\/shetalks-economie-circulaire-8.png\",\"width\":1080,\"height\":1080},{\"@type\":\"BreadcrumbList\",\"@id\":\"https:\/\/empow-her.com\/en\/produit\/comprendre-les-lgbtphobies-et-trouver-des-solutions-collectives\/#breadcrumb\",\"itemListElement\":[{\"@type\":\"ListItem\",\"position\":1,\"name\":\"Accueil\",\"item\":\"https:\/\/empow-her.com\/en\/landing-page\/\"},{\"@type\":\"ListItem\",\"position\":2,\"name\":\"LA BOUTIQUE\",\"item\":\"https:\/\/empow-her.com\/boutique\/\"},{\"@type\":\"ListItem\",\"position\":3,\"name\":\"Comprendre les LGBTphobies et trouver des solutions collectives\"}]},{\"@type\":\"WebSite\",\"@id\":\"https:\/\/empow-her.com\/#website\",\"url\":\"https:\/\/empow-her.com\/\",\"name\":\"Empow&#039;Her\",\"description\":\"Women Development\",\"potentialAction\":[{\"@type\":\"SearchAction\",\"target\":{\"@type\":\"EntryPoint\",\"urlTemplate\":\"https:\/\/empow-her.com\/?s={search_term_string}\"},\"query-input\":{\"@type\":\"PropertyValueSpecification\",\"valueRequired\":true,\"valueName\":\"search_term_string\"}}],\"inLanguage\":\"en-US\"}]}<\/script>\n<!-- \/ Yoast SEO plugin. -->","yoast_head_json":{"title":"Comprendre les LGBTphobies et trouver des solutions collectives - Empow&#039;Her","description":"En quoi consiste cet atelier th\u00e9\u00e2tre-forum ? Offrir un espace interactif et engag\u00e9 pour explorer les diff\u00e9rentes formes de LGBT+phobies et trouver des solutions d'action collective ! L'objectif ? Sensibiliser le public (directement concern\u00e9 ou pas) aux d\u00e9fis auxquels sont confront\u00e9es les personnes LGBT+ et d'encourager la participation active dans la lutte contre ces discriminations. Marie Jaudoin sera votre animatrice : coach de vie queer et cr\u00e9atrice de contenus engag\u00e9s sur la cause LGBT+*. Elle accompagne les personnes LGBT+ \u00e0 oser accomplir leurs projets personnels et professionnels avec s\u00e9r\u00e9nit\u00e9 et fiert\u00e9.*LGBT+ (ou queer) d\u00e9signe les personnes Lesbiennes, Gays, Bisexuelles, Trans, Intersexes, Asexuelles, Pansexuelles ainsi que toutes les orientations sexuelles ou identit\u00e9s de genre qui sortent du sch\u00e9ma h\u00e9t\u00e9rosexuel\/cisgenre). Tu es le\/la bienvenu.e \u00e0 participer, que tu sois LGBT+, ou pas Nous vous attendons nombreux.ses !","robots":{"index":"index","follow":"follow","max-snippet":"max-snippet:-1","max-image-preview":"max-image-preview:large","max-video-preview":"max-video-preview:-1"},"canonical":"https:\/\/empow-her.com\/en\/produit\/comprendre-les-lgbtphobies-et-trouver-des-solutions-collectives\/","og_locale":"en_US","og_type":"article","og_title":"Comprendre les LGBTphobies et trouver des solutions collectives - Empow&#039;Her","og_description":"En quoi consiste cet atelier th\u00e9\u00e2tre-forum ? Offrir un espace interactif et engag\u00e9 pour explorer les diff\u00e9rentes formes de LGBT+phobies et trouver des solutions d'action collective ! L'objectif ? Sensibiliser le public (directement concern\u00e9 ou pas) aux d\u00e9fis auxquels sont confront\u00e9es les personnes LGBT+ et d'encourager la participation active dans la lutte contre ces discriminations. Marie Jaudoin sera votre animatrice : coach de vie queer et cr\u00e9atrice de contenus engag\u00e9s sur la cause LGBT+*. Elle accompagne les personnes LGBT+ \u00e0 oser accomplir leurs projets personnels et professionnels avec s\u00e9r\u00e9nit\u00e9 et fiert\u00e9.*LGBT+ (ou queer) d\u00e9signe les personnes Lesbiennes, Gays, Bisexuelles, Trans, Intersexes, Asexuelles, Pansexuelles ainsi que toutes les orientations sexuelles ou identit\u00e9s de genre qui sortent du sch\u00e9ma h\u00e9t\u00e9rosexuel\/cisgenre). Tu es le\/la bienvenu.e \u00e0 participer, que tu sois LGBT+, ou pas Nous vous attendons nombreux.ses !","og_url":"https:\/\/empow-her.com\/en\/produit\/comprendre-les-lgbtphobies-et-trouver-des-solutions-collectives\/","og_site_name":"Empow&#039;Her","article_modified_time":"2023-11-21T16:03:15+00:00","og_image":[{"width":1080,"height":1080,"url":"https:\/\/empow-her.com\/wp-content\/uploads\/2023\/10\/shetalks-economie-circulaire-8.png","type":"image\/png"}],"twitter_card":"summary_large_image","twitter_misc":{"Est. reading time":"1 minute"},"schema":{"@context":"https:\/\/schema.org","@graph":[{"@type":"WebPage","@id":"https:\/\/empow-her.com\/en\/produit\/comprendre-les-lgbtphobies-et-trouver-des-solutions-collectives\/","url":"https:\/\/empow-her.com\/en\/produit\/comprendre-les-lgbtphobies-et-trouver-des-solutions-collectives\/","name":"Comprendre les LGBTphobies et trouver des solutions collectives - Empow&#039;Her","isPartOf":{"@id":"https:\/\/empow-her.com\/#website"},"primaryImageOfPage":{"@id":"https:\/\/empow-her.com\/en\/produit\/comprendre-les-lgbtphobies-et-trouver-des-solutions-collectives\/#primaryimage"},"image":{"@id":"https:\/\/empow-her.com\/en\/produit\/comprendre-les-lgbtphobies-et-trouver-des-solutions-collectives\/#primaryimage"},"thumbnailUrl":"https:\/\/empow-her.com\/wp-content\/uploads\/2023\/10\/shetalks-economie-circulaire-8.png","datePublished":"2023-10-16T13:58:09+00:00","dateModified":"2023-11-21T16:03:15+00:00","description":"En quoi consiste cet atelier th\u00e9\u00e2tre-forum ? Offrir un espace interactif et engag\u00e9 pour explorer les diff\u00e9rentes formes de LGBT+phobies et trouver des solutions d'action collective ! L'objectif ? Sensibiliser le public (directement concern\u00e9 ou pas) aux d\u00e9fis auxquels sont confront\u00e9es les personnes LGBT+ et d'encourager la participation active dans la lutte contre ces discriminations. Marie Jaudoin sera votre animatrice : coach de vie queer et cr\u00e9atrice de contenus engag\u00e9s sur la cause LGBT+*. Elle accompagne les personnes LGBT+ \u00e0 oser accomplir leurs projets personnels et professionnels avec s\u00e9r\u00e9nit\u00e9 et fiert\u00e9.*LGBT+ (ou queer) d\u00e9signe les personnes Lesbiennes, Gays, Bisexuelles, Trans, Intersexes, Asexuelles, Pansexuelles ainsi que toutes les orientations sexuelles ou identit\u00e9s de genre qui sortent du sch\u00e9ma h\u00e9t\u00e9rosexuel\/cisgenre). Tu es le\/la bienvenu.e \u00e0 participer, que tu sois LGBT+, ou pas Nous vous attendons nombreux.ses !","breadcrumb":{"@id":"https:\/\/empow-her.com\/en\/produit\/comprendre-les-lgbtphobies-et-trouver-des-solutions-collectives\/#breadcrumb"},"inLanguage":"en-US","potentialAction":[{"@type":"ReadAction","target":["https:\/\/empow-her.com\/en\/produit\/comprendre-les-lgbtphobies-et-trouver-des-solutions-collectives\/"]}]},{"@type":"ImageObject","inLanguage":"en-US","@id":"https:\/\/empow-her.com\/en\/produit\/comprendre-les-lgbtphobies-et-trouver-des-solutions-collectives\/#primaryimage","url":"https:\/\/empow-her.com\/wp-content\/uploads\/2023\/10\/shetalks-economie-circulaire-8.png","contentUrl":"https:\/\/empow-her.com\/wp-content\/uploads\/2023\/10\/shetalks-economie-circulaire-8.png","width":1080,"height":1080},{"@type":"BreadcrumbList","@id":"https:\/\/empow-her.com\/en\/produit\/comprendre-les-lgbtphobies-et-trouver-des-solutions-collectives\/#breadcrumb","itemListElement":[{"@type":"ListItem","position":1,"name":"Accueil","item":"https:\/\/empow-her.com\/en\/landing-page\/"},{"@type":"ListItem","position":2,"name":"LA BOUTIQUE","item":"https:\/\/empow-her.com\/boutique\/"},{"@type":"ListItem","position":3,"name":"Comprendre les LGBTphobies et trouver des solutions collectives"}]},{"@type":"WebSite","@id":"https:\/\/empow-her.com\/#website","url":"https:\/\/empow-her.com\/","name":"Empow&#039;Her","description":"Women Development","potentialAction":[{"@type":"SearchAction","target":{"@type":"EntryPoint","urlTemplate":"https:\/\/empow-her.com\/?s={search_term_string}"},"query-input":{"@type":"PropertyValueSpecification","valueRequired":true,"valueName":"search_term_string"}}],"inLanguage":"en-US"}]}},"_links":{"self":[{"href":"https:\/\/empow-her.com\/en\/wp-json\/wp\/v2\/product\/209337","targetHints":{"allow":["GET"]}}],"collection":[{"href":"https:\/\/empow-her.com\/en\/wp-json\/wp\/v2\/product"}],"about":[{"href":"https:\/\/empow-her.com\/en\/wp-json\/wp\/v2\/types\/product"}],"wp:featuredmedia":[{"embeddable":true,"href":"https:\/\/empow-her.com\/en\/wp-json\/wp\/v2\/media\/209340"}],"wp:attachment":[{"href":"https:\/\/empow-her.com\/en\/wp-json\/wp\/v2\/media?parent=209337"}],"wp:term":[{"taxonomy":"product_brand","embeddable":true,"href":"https:\/\/empow-her.com\/en\/wp-json\/wp\/v2\/product_brand?post=209337"},{"taxonomy":"product_cat","embeddable":true,"href":"https:\/\/empow-her.com\/en\/wp-json\/wp\/v2\/product_cat?post=209337"},{"taxonomy":"product_tag","embeddable":true,"href":"https:\/\/empow-her.com\/en\/wp-json\/wp\/v2\/product_tag?post=209337"},{"taxonomy":"lieu","embeddable":true,"href":"https:\/\/empow-her.com\/en\/wp-json\/wp\/v2\/lieu?post=209337"},{"taxonomy":"thematiques","embeddable":true,"href":"https:\/\/empow-her.com\/en\/wp-json\/wp\/v2\/thematiques?post=209337"}],"curies":[{"name":"wp","href":"https:\/\/api.w.org\/{rel}","templated":true}]}}