{"id":197161,"date":"2023-09-07T15:58:00","date_gmt":"2023-09-07T13:58:00","guid":{"rendered":"https:\/\/empow-her.com\/?post_type=product&#038;p=197161"},"modified":"2023-09-07T16:42:29","modified_gmt":"2023-09-07T14:42:29","slug":"new-atelier-serious-game-structuration-de-projet-via-la-methode-agile","status":"publish","type":"product","link":"https:\/\/empow-her.com\/en\/produit\/new-atelier-serious-game-structuration-de-projet-via-la-methode-agile\/","title":{"rendered":"NEW &#8211; Atelier- Structurer votre projet avec la m\u00e9thode agile"},"content":{"rendered":"<p><b>Description :<\/b><\/p>\n<p>Par essence, Agile est un \u00e9tat d&#8217;esprit.<\/p>\n<p>Il s&#8217;agit d&#8217;une perspective selon laquelle les \u00e9quipes logicielles doivent s&#8217;efforcer d&#8217;\u00eatre agiles et adaptables, d&#8217;accepter le changement et d&#8217;apprendre \u00e0 en tirer parti pour am\u00e9liorer la qualit\u00e9 de leur travail, s\u2019adapter au changement et apprendre \u00e0 l&#8217;exploiter \u00e0 leur avantage.<\/p>\n<p>Mais pour faire de l&#8217;agile, il faut d&#8217;abord \u00eatre agile..<\/p>\n<p><b>Objectifs:\u00a0<\/b><span style=\"font-weight: 400;\">Les objectifs p\u00e9dagogiques sont les suivants :<\/span><\/p>\n<p>\u2022 Comprendre les valeurs et les principes de la m\u00e9thode agile<br \/>\n\u2022 Assimiler ce que signifie un \u00e9tat d&#8217;esprit agile<br \/>\n\u2022 Comprendre le lien entre l&#8217;agilit\u00e9 et le d\u00e9veloppement logiciel<\/p>\n<p><b>Pr\u00e9-requis :<\/b>\u00a0<i>Aucun<\/i><\/p>\n<p>Amaris Consulting est une soci\u00e9t\u00e9 de conseil technologique ind\u00e9pendante qui fournit des conseils et des solutions aux entreprises. Elle rassemble plus de 7 500 collaborateurs sur les cinq continents et dans plus de 60 pays. Avec plus de 1 000 clients \u00e0 travers le monde.<br \/>\nAmaris Consulting met en place des solutions dans le cadre de projets majeurs depuis plus de 10 ans. Nos experts interviennent dans tous les secteurs, des services financiers aux transports, en passant par les soins de sant\u00e9 et la technologie.<\/p>\n<p><b>Intervenant: Alex <\/b><span style=\"font-weight: 400;\">de Amaris Consulting<\/span><\/p>\n<p>Axel, Coach Agile et Offer Manager, plus de 15 ans d\u2019exp\u00e9rience, Formateur chez nous sur les sujets li\u00e9s \u00e0 la gestion de projet Agile, il est certifi\u00e9 SAFe 6.0 Program Consultant. Il a accompagn\u00e9 plusieurs de nos grands clients sur des programmes strat\u00e9giques de transformation d&#8217;organisation, d\u2019impl\u00e9mentations, d\u2019audit et de coaching agile.<\/p>\n<p><b>Lieu <\/b><span style=\"font-weight: 400;\">: <strong><u>Bureaux Amaris Consulting, 24 rue Jacques Ibert<\/u><\/strong><\/span><\/p>\n<p><span style=\"font-weight: 400;\">Attention ! Veuillez vous pr\u00e9senter \u00e0 l\u2019heure pour que l\u2019activit\u00e9 puisse commencer \u00e0 temps. Si vous avez du retard, veuillez pr\u00e9venir l\u2019intervenant.e. Si vous avez plus de 15 min de retard, l&#8217;intervenant.e se r\u00e9serve le droit de ne plus vous accepter pour le coaching ou l\u2019atelier.<\/span><\/p>\n<p><br style=\"font-weight: 400;\" \/><br style=\"font-weight: 400;\" \/><\/p>\n","protected":false},"excerpt":{"rendered":"<p><b>Description :<\/b><\/p>\n<p>Par essence, Agile est un \u00e9tat d&#8217;esprit.<\/p>\n<p>Il s&#8217;agit d&#8217;une perspective selon laquelle les \u00e9quipes logicielles doivent s&#8217;efforcer d&#8217;\u00eatre agiles et adaptables, d&#8217;accepter le changement et d&#8217;apprendre \u00e0 en tirer parti pour am\u00e9liorer la qualit\u00e9 de leur travail, s\u2019adapter au changement et apprendre \u00e0 l&#8217;exploiter \u00e0 leur avantage.<\/p>\n<p>Mais pour faire de l&#8217;agile, il faut d&#8217;abord \u00eatre agile..<\/p>\n<p><b>Objectifs:\u00a0<\/b><span style=\"font-weight: 400;\">Les objectifs p\u00e9dagogiques sont les suivants :<\/span><\/p>\n<p>\u2022 Comprendre les valeurs et les principes de la m\u00e9thode agile<br \/>\n\u2022 Assimiler ce que signifie un \u00e9tat d&#8217;esprit agile<br \/>\n\u2022 Comprendre le lien entre l&#8217;agilit\u00e9 et le d\u00e9veloppement logiciel<\/p>\n<p><b>Pr\u00e9-requis :<\/b>\u00a0<i>Aucun<\/i><\/p>\n<p>Amaris Consulting est une soci\u00e9t\u00e9 de conseil technologique ind\u00e9pendante qui fournit des conseils et des solutions aux entreprises. Elle rassemble plus de 7 500 collaborateurs sur les cinq continents et dans plus de 60 pays. Avec plus de 1 000 clients \u00e0 travers le monde.<br \/>\nAmaris Consulting met en place des solutions dans le cadre de projets majeurs depuis plus de 10 ans. Nos experts interviennent dans tous les secteurs, des services financiers aux transports, en passant par les soins de sant\u00e9 et la technologie.<\/p>\n<p><b>Intervenant: Alex <\/b><span style=\"font-weight: 400;\">de Amaris Consulting<\/span><\/p>\n<p>Axel, Coach Agile et Offer Manager, plus de 15 ans d\u2019exp\u00e9rience, Formateur chez nous sur les sujets li\u00e9s \u00e0 la gestion de projet Agile, il est certifi\u00e9 SAFe 6.0 Program Consultant. Il a accompagn\u00e9 plusieurs de nos grands clients sur des programmes strat\u00e9giques de transformation d&#8217;organisation, d\u2019impl\u00e9mentations, d\u2019audit et de coaching agile.<\/p>\n<p><b>Lieu <\/b><span style=\"font-weight: 400;\">: <strong><u>Bureaux Amaris Consulting <\/u><u>,<\/u><\/strong><\/span><strong>24 rue Jacques Ibert<\/strong><\/p>\n<p><span style=\"font-weight: 400;\">Attention ! Veuillez vous pr\u00e9senter \u00e0 l\u2019heure pour que l\u2019activit\u00e9 puisse commencer \u00e0 temps. Si vous avez du retard, veuillez pr\u00e9venir l\u2019intervenant.e. Si vous avez plus de 15 min de retard, l&#8217;intervenant.e se r\u00e9serve le droit de ne plus vous accepter pour le coaching ou l\u2019atelier.<\/span><\/p>\n<p>&nbsp;<\/p>\n","protected":false},"featured_media":197165,"template":"","format":"standard","meta":{"_acf_changed":false,"om_disable_all_campaigns":false,"_uf_show_specific_survey":0,"_uf_disable_surveys":false},"product_brand":[],"product_cat":[118],"product_tag":[],"lieu":[],"thematiques":[],"class_list":{"0":"post-197161","1":"product","2":"type-product","3":"status-publish","4":"format-standard","5":"has-post-thumbnail","7":"product_cat-atelier-collectif","9":"first","10":"instock","11":"virtual","12":"purchasable","13":"product-type-appointment"},"exclude_global_add_ons":[],"addons":[],"acf":[],"yoast_head":"<!-- This site is optimized with the Yoast SEO plugin v24.8 - https:\/\/yoast.com\/wordpress\/plugins\/seo\/ -->\n<title>NEW - Atelier- Structurer votre projet avec la m\u00e9thode agile - Empow&#039;Her<\/title>\n<meta name=\"robots\" content=\"index, follow, max-snippet:-1, max-image-preview:large, max-video-preview:-1\" \/>\n<link rel=\"canonical\" href=\"https:\/\/empow-her.com\/produit\/new-atelier-serious-game-structuration-de-projet-via-la-methode-agile\/\" \/>\n<meta property=\"og:locale\" content=\"en_US\" \/>\n<meta property=\"og:type\" content=\"article\" \/>\n<meta property=\"og:title\" content=\"NEW - Atelier- Structurer votre projet avec la m\u00e9thode agile - Empow&#039;Her\" \/>\n<meta property=\"og:description\" content=\"Description :  Par essence, Agile est un \u00e9tat d&#039;esprit.  Il s&#039;agit d&#039;une perspective selon laquelle les \u00e9quipes logicielles doivent s&#039;efforcer d&#039;\u00eatre agiles et adaptables, d&#039;accepter le changement et d&#039;apprendre \u00e0 en tirer parti pour am\u00e9liorer la qualit\u00e9 de leur travail, s\u2019adapter au changement et apprendre \u00e0 l&#039;exploiter \u00e0 leur avantage.  Mais pour faire de l&#039;agile, il faut d&#039;abord \u00eatre agile..  Objectifs:\u00a0Les objectifs p\u00e9dagogiques sont les suivants :  \u2022 Comprendre les valeurs et les principes de la m\u00e9thode agile \u2022 Assimiler ce que signifie un \u00e9tat d&#039;esprit agile \u2022 Comprendre le lien entre l&#039;agilit\u00e9 et le d\u00e9veloppement logiciel  Pr\u00e9-requis :\u00a0Aucun  Amaris Consulting est une soci\u00e9t\u00e9 de conseil technologique ind\u00e9pendante qui fournit des conseils et des solutions aux entreprises. Elle rassemble plus de 7 500 collaborateurs sur les cinq continents et dans plus de 60 pays. Avec plus de 1 000 clients \u00e0 travers le monde. Amaris Consulting met en place des solutions dans le cadre de projets majeurs depuis plus de 10 ans. Nos experts interviennent dans tous les secteurs, des services financiers aux transports, en passant par les soins de sant\u00e9 et la technologie.  Intervenant: Alex de Amaris Consulting  Axel, Coach Agile et Offer Manager, plus de 15 ans d\u2019exp\u00e9rience, Formateur chez nous sur les sujets li\u00e9s \u00e0 la gestion de projet Agile, il est certifi\u00e9 SAFe 6.0 Program Consultant. Il a accompagn\u00e9 plusieurs de nos grands clients sur des programmes strat\u00e9giques de transformation d&#039;organisation, d\u2019impl\u00e9mentations, d\u2019audit et de coaching agile.  Lieu : Bureaux Amaris Consulting ,24 rue Jacques Ibert  Attention ! Veuillez vous pr\u00e9senter \u00e0 l\u2019heure pour que l\u2019activit\u00e9 puisse commencer \u00e0 temps. Si vous avez du retard, veuillez pr\u00e9venir l\u2019intervenant.e. Si vous avez plus de 15 min de retard, l&#039;intervenant.e se r\u00e9serve le droit de ne plus vous accepter pour le coaching ou l\u2019atelier.  &nbsp;\" \/>\n<meta property=\"og:url\" content=\"https:\/\/empow-her.com\/produit\/new-atelier-serious-game-structuration-de-projet-via-la-methode-agile\/\" \/>\n<meta property=\"og:site_name\" content=\"Empow&#039;Her\" \/>\n<meta property=\"article:modified_time\" content=\"2023-09-07T14:42:29+00:00\" \/>\n<meta property=\"og:image\" content=\"https:\/\/empow-her.com\/wp-content\/uploads\/2023\/09\/lalala.png\" \/>\n\t<meta property=\"og:image:width\" content=\"1080\" \/>\n\t<meta property=\"og:image:height\" content=\"1080\" \/>\n\t<meta property=\"og:image:type\" content=\"image\/png\" \/>\n<meta name=\"twitter:card\" content=\"summary_large_image\" \/>\n<meta name=\"twitter:label1\" content=\"Est. reading time\" \/>\n\t<meta name=\"twitter:data1\" content=\"2 minutes\" \/>\n<script type=\"application\/ld+json\" class=\"yoast-schema-graph\">{\"@context\":\"https:\/\/schema.org\",\"@graph\":[{\"@type\":\"WebPage\",\"@id\":\"https:\/\/empow-her.com\/produit\/new-atelier-serious-game-structuration-de-projet-via-la-methode-agile\/\",\"url\":\"https:\/\/empow-her.com\/produit\/new-atelier-serious-game-structuration-de-projet-via-la-methode-agile\/\",\"name\":\"NEW - Atelier- Structurer votre projet avec la m\u00e9thode agile - Empow&#039;Her\",\"isPartOf\":{\"@id\":\"https:\/\/empow-her.com\/#website\"},\"primaryImageOfPage\":{\"@id\":\"https:\/\/empow-her.com\/produit\/new-atelier-serious-game-structuration-de-projet-via-la-methode-agile\/#primaryimage\"},\"image\":{\"@id\":\"https:\/\/empow-her.com\/produit\/new-atelier-serious-game-structuration-de-projet-via-la-methode-agile\/#primaryimage\"},\"thumbnailUrl\":\"https:\/\/empow-her.com\/wp-content\/uploads\/2023\/09\/lalala.png\",\"datePublished\":\"2023-09-07T13:58:00+00:00\",\"dateModified\":\"2023-09-07T14:42:29+00:00\",\"breadcrumb\":{\"@id\":\"https:\/\/empow-her.com\/produit\/new-atelier-serious-game-structuration-de-projet-via-la-methode-agile\/#breadcrumb\"},\"inLanguage\":\"en-US\",\"potentialAction\":[{\"@type\":\"ReadAction\",\"target\":[\"https:\/\/empow-her.com\/produit\/new-atelier-serious-game-structuration-de-projet-via-la-methode-agile\/\"]}]},{\"@type\":\"ImageObject\",\"inLanguage\":\"en-US\",\"@id\":\"https:\/\/empow-her.com\/produit\/new-atelier-serious-game-structuration-de-projet-via-la-methode-agile\/#primaryimage\",\"url\":\"https:\/\/empow-her.com\/wp-content\/uploads\/2023\/09\/lalala.png\",\"contentUrl\":\"https:\/\/empow-her.com\/wp-content\/uploads\/2023\/09\/lalala.png\",\"width\":1080,\"height\":1080},{\"@type\":\"BreadcrumbList\",\"@id\":\"https:\/\/empow-her.com\/produit\/new-atelier-serious-game-structuration-de-projet-via-la-methode-agile\/#breadcrumb\",\"itemListElement\":[{\"@type\":\"ListItem\",\"position\":1,\"name\":\"Accueil\",\"item\":\"https:\/\/empow-her.com\/en\/landing-page\/\"},{\"@type\":\"ListItem\",\"position\":2,\"name\":\"LA BOUTIQUE\",\"item\":\"https:\/\/empow-her.com\/boutique\/\"},{\"@type\":\"ListItem\",\"position\":3,\"name\":\"NEW &#8211; Atelier- Structurer votre projet avec la m\u00e9thode agile\"}]},{\"@type\":\"WebSite\",\"@id\":\"https:\/\/empow-her.com\/#website\",\"url\":\"https:\/\/empow-her.com\/\",\"name\":\"Empow&#039;Her\",\"description\":\"Women Development\",\"potentialAction\":[{\"@type\":\"SearchAction\",\"target\":{\"@type\":\"EntryPoint\",\"urlTemplate\":\"https:\/\/empow-her.com\/?s={search_term_string}\"},\"query-input\":{\"@type\":\"PropertyValueSpecification\",\"valueRequired\":true,\"valueName\":\"search_term_string\"}}],\"inLanguage\":\"en-US\"}]}<\/script>\n<!-- \/ Yoast SEO plugin. -->","yoast_head_json":{"title":"NEW - Atelier- Structurer votre projet avec la m\u00e9thode agile - Empow&#039;Her","robots":{"index":"index","follow":"follow","max-snippet":"max-snippet:-1","max-image-preview":"max-image-preview:large","max-video-preview":"max-video-preview:-1"},"canonical":"https:\/\/empow-her.com\/produit\/new-atelier-serious-game-structuration-de-projet-via-la-methode-agile\/","og_locale":"en_US","og_type":"article","og_title":"NEW - Atelier- Structurer votre projet avec la m\u00e9thode agile - Empow&#039;Her","og_description":"Description :  Par essence, Agile est un \u00e9tat d'esprit.  Il s'agit d'une perspective selon laquelle les \u00e9quipes logicielles doivent s'efforcer d'\u00eatre agiles et adaptables, d'accepter le changement et d'apprendre \u00e0 en tirer parti pour am\u00e9liorer la qualit\u00e9 de leur travail, s\u2019adapter au changement et apprendre \u00e0 l'exploiter \u00e0 leur avantage.  Mais pour faire de l'agile, il faut d'abord \u00eatre agile..  Objectifs:\u00a0Les objectifs p\u00e9dagogiques sont les suivants :  \u2022 Comprendre les valeurs et les principes de la m\u00e9thode agile \u2022 Assimiler ce que signifie un \u00e9tat d'esprit agile \u2022 Comprendre le lien entre l'agilit\u00e9 et le d\u00e9veloppement logiciel  Pr\u00e9-requis :\u00a0Aucun  Amaris Consulting est une soci\u00e9t\u00e9 de conseil technologique ind\u00e9pendante qui fournit des conseils et des solutions aux entreprises. Elle rassemble plus de 7 500 collaborateurs sur les cinq continents et dans plus de 60 pays. Avec plus de 1 000 clients \u00e0 travers le monde. Amaris Consulting met en place des solutions dans le cadre de projets majeurs depuis plus de 10 ans. Nos experts interviennent dans tous les secteurs, des services financiers aux transports, en passant par les soins de sant\u00e9 et la technologie.  Intervenant: Alex de Amaris Consulting  Axel, Coach Agile et Offer Manager, plus de 15 ans d\u2019exp\u00e9rience, Formateur chez nous sur les sujets li\u00e9s \u00e0 la gestion de projet Agile, il est certifi\u00e9 SAFe 6.0 Program Consultant. Il a accompagn\u00e9 plusieurs de nos grands clients sur des programmes strat\u00e9giques de transformation d'organisation, d\u2019impl\u00e9mentations, d\u2019audit et de coaching agile.  Lieu : Bureaux Amaris Consulting ,24 rue Jacques Ibert  Attention ! Veuillez vous pr\u00e9senter \u00e0 l\u2019heure pour que l\u2019activit\u00e9 puisse commencer \u00e0 temps. Si vous avez du retard, veuillez pr\u00e9venir l\u2019intervenant.e. Si vous avez plus de 15 min de retard, l'intervenant.e se r\u00e9serve le droit de ne plus vous accepter pour le coaching ou l\u2019atelier.  &nbsp;","og_url":"https:\/\/empow-her.com\/produit\/new-atelier-serious-game-structuration-de-projet-via-la-methode-agile\/","og_site_name":"Empow&#039;Her","article_modified_time":"2023-09-07T14:42:29+00:00","og_image":[{"width":1080,"height":1080,"url":"https:\/\/empow-her.com\/wp-content\/uploads\/2023\/09\/lalala.png","type":"image\/png"}],"twitter_card":"summary_large_image","twitter_misc":{"Est. reading time":"2 minutes"},"schema":{"@context":"https:\/\/schema.org","@graph":[{"@type":"WebPage","@id":"https:\/\/empow-her.com\/produit\/new-atelier-serious-game-structuration-de-projet-via-la-methode-agile\/","url":"https:\/\/empow-her.com\/produit\/new-atelier-serious-game-structuration-de-projet-via-la-methode-agile\/","name":"NEW - Atelier- Structurer votre projet avec la m\u00e9thode agile - Empow&#039;Her","isPartOf":{"@id":"https:\/\/empow-her.com\/#website"},"primaryImageOfPage":{"@id":"https:\/\/empow-her.com\/produit\/new-atelier-serious-game-structuration-de-projet-via-la-methode-agile\/#primaryimage"},"image":{"@id":"https:\/\/empow-her.com\/produit\/new-atelier-serious-game-structuration-de-projet-via-la-methode-agile\/#primaryimage"},"thumbnailUrl":"https:\/\/empow-her.com\/wp-content\/uploads\/2023\/09\/lalala.png","datePublished":"2023-09-07T13:58:00+00:00","dateModified":"2023-09-07T14:42:29+00:00","breadcrumb":{"@id":"https:\/\/empow-her.com\/produit\/new-atelier-serious-game-structuration-de-projet-via-la-methode-agile\/#breadcrumb"},"inLanguage":"en-US","potentialAction":[{"@type":"ReadAction","target":["https:\/\/empow-her.com\/produit\/new-atelier-serious-game-structuration-de-projet-via-la-methode-agile\/"]}]},{"@type":"ImageObject","inLanguage":"en-US","@id":"https:\/\/empow-her.com\/produit\/new-atelier-serious-game-structuration-de-projet-via-la-methode-agile\/#primaryimage","url":"https:\/\/empow-her.com\/wp-content\/uploads\/2023\/09\/lalala.png","contentUrl":"https:\/\/empow-her.com\/wp-content\/uploads\/2023\/09\/lalala.png","width":1080,"height":1080},{"@type":"BreadcrumbList","@id":"https:\/\/empow-her.com\/produit\/new-atelier-serious-game-structuration-de-projet-via-la-methode-agile\/#breadcrumb","itemListElement":[{"@type":"ListItem","position":1,"name":"Accueil","item":"https:\/\/empow-her.com\/en\/landing-page\/"},{"@type":"ListItem","position":2,"name":"LA BOUTIQUE","item":"https:\/\/empow-her.com\/boutique\/"},{"@type":"ListItem","position":3,"name":"NEW &#8211; Atelier- Structurer votre projet avec la m\u00e9thode agile"}]},{"@type":"WebSite","@id":"https:\/\/empow-her.com\/#website","url":"https:\/\/empow-her.com\/","name":"Empow&#039;Her","description":"Women Development","potentialAction":[{"@type":"SearchAction","target":{"@type":"EntryPoint","urlTemplate":"https:\/\/empow-her.com\/?s={search_term_string}"},"query-input":{"@type":"PropertyValueSpecification","valueRequired":true,"valueName":"search_term_string"}}],"inLanguage":"en-US"}]}},"_links":{"self":[{"href":"https:\/\/empow-her.com\/en\/wp-json\/wp\/v2\/product\/197161","targetHints":{"allow":["GET"]}}],"collection":[{"href":"https:\/\/empow-her.com\/en\/wp-json\/wp\/v2\/product"}],"about":[{"href":"https:\/\/empow-her.com\/en\/wp-json\/wp\/v2\/types\/product"}],"wp:featuredmedia":[{"embeddable":true,"href":"https:\/\/empow-her.com\/en\/wp-json\/wp\/v2\/media\/197165"}],"wp:attachment":[{"href":"https:\/\/empow-her.com\/en\/wp-json\/wp\/v2\/media?parent=197161"}],"wp:term":[{"taxonomy":"product_brand","embeddable":true,"href":"https:\/\/empow-her.com\/en\/wp-json\/wp\/v2\/product_brand?post=197161"},{"taxonomy":"product_cat","embeddable":true,"href":"https:\/\/empow-her.com\/en\/wp-json\/wp\/v2\/product_cat?post=197161"},{"taxonomy":"product_tag","embeddable":true,"href":"https:\/\/empow-her.com\/en\/wp-json\/wp\/v2\/product_tag?post=197161"},{"taxonomy":"lieu","embeddable":true,"href":"https:\/\/empow-her.com\/en\/wp-json\/wp\/v2\/lieu?post=197161"},{"taxonomy":"thematiques","embeddable":true,"href":"https:\/\/empow-her.com\/en\/wp-json\/wp\/v2\/thematiques?post=197161"}],"curies":[{"name":"wp","href":"https:\/\/api.w.org\/{rel}","templated":true}]}}