{"id":189316,"date":"2023-08-09T16:18:35","date_gmt":"2023-08-09T14:18:35","guid":{"rendered":"https:\/\/empow-her.com\/?post_type=product&#038;p=189316"},"modified":"2023-08-09T17:02:26","modified_gmt":"2023-08-09T15:02:26","slug":"no-code","status":"publish","type":"product","link":"https:\/\/empow-her.com\/en\/produit\/no-code\/","title":{"rendered":"NEW &#8211; Atelier &#8211;  D\u00e9couvrir le No-code"},"content":{"rendered":"<p><b>Description :<\/b><\/p>\n<p><b>Besoins: <\/b><span style=\"font-weight: 400;\">Vous avez besoin de concevoir et g\u00e9rer une plateforme num\u00e9rique, ses utilisateurs, mais ne savez pas comment vous y prendre? Vous souhaitez en savoir plus sur les outils digitaux de No-code ?\u00a0<\/span><\/p>\n<p><span style=\"font-weight: 400;\">Dans cet atelier, d\u00e9couvrez comment cr\u00e9er vous-m\u00eame, sans coder, votre projet de site web, d\u2019application, ou d\u2019outil num\u00e9rique.<\/span><\/p>\n<p><b>Objectifs: <\/b><span style=\"font-weight: 400;\">L\u2019enjeu de cet atelier est d\u2019aider les entrepreneures \u00e0 produire, et\u00a0 \u00e0 renforcer leur activit\u00e9 gr\u00e2ce aux outils de production et d\u2019automatisation du No-code.<\/span><\/p>\n<p><span style=\"font-weight: 400;\">Les objectifs p\u00e9dagogiques sont les suivants :<\/span><\/p>\n<ul>\n<li style=\"font-weight: 400;\" aria-level=\"1\"><span style=\"font-weight: 400;\">Comprendre le ph\u00e9nom\u00e8ne du No-code;<\/span><\/li>\n<li style=\"font-weight: 400;\" aria-level=\"1\"><span style=\"font-weight: 400;\">S\u2019inspirer de cas r\u00e9els pour s\u2019approprier les moyens digitaux;<\/span><\/li>\n<li style=\"font-weight: 400;\" aria-level=\"1\"><span style=\"font-weight: 400;\">Savoir identifier le No-code, et \u00eatre sensibiliser \u00e0 son impact positif;<\/span><\/li>\n<li style=\"font-weight: 400;\" aria-level=\"1\"><span style=\"font-weight: 400;\">S\u2019approprier la m\u00e9thodologie pour se lancer;<\/span><\/li>\n<li style=\"font-weight: 400;\" aria-level=\"1\"><span style=\"font-weight: 400;\">Se saisir des outils du No-code;<\/span><\/li>\n<\/ul>\n<p>&nbsp;<\/p>\n<p><b>Pr\u00e9-requis :<\/b> <i><span style=\"font-weight: 400;\">Vous souhaitez vous inscrire \u00e0 cet atelier ? Merci d\u2019indiquer votre besoin principal en remplissant ce questionnaire avant la session : <\/span><\/i><a href=\"https:\/\/airtable.com\/appB3uvkYuO3KGkV5\/shrLRWQFXMoKOAFcY\"><b>https:\/\/airtable.com\/appB3uvkYuO3KGkV5\/shrLRWQFXMoKOAFcY<\/b><\/a><i><span style=\"font-weight: 400;\">\u00a0<\/span><\/i><\/p>\n<p><b>Intervenant: Alexandre Talon<\/b><span style=\"font-weight: 400;\"> de No-code for Good<\/span><\/p>\n<p><span style=\"font-weight: 400;\">Co-fondateur de l&#8217;association NoCode for Good, et de Labastide.io, je suis convaincu que les structures de l&#8217;ESS (associations, fondations et entreprises sociales) doivent \u00eatre aussi bien outill\u00e9es que les entreprises &#8220;classiques&#8221; afin de solidifier et multiplier leur impact.<\/span><\/p>\n<p><span style=\"font-weight: 400;\">Ainsi, je les aide \u00e0 se r\u00e9approprier les moyens digitaux de production via le no-code et les outils d&#8217;automatisation.<\/span><\/p>\n<p><b>Lieu <\/b><span style=\"font-weight: 400;\">: Sist\u2019Her Paris, 82 rue du Faubourg Saint-Martin<\/span><\/p>\n<p><span style=\"font-weight: 400;\">Attention ! Veuillez vous pr\u00e9senter \u00e0 l\u2019heure pour que l\u2019activit\u00e9 puisse commencer \u00e0 temps. Si vous avez du retard, veuillez pr\u00e9venir l\u2019intervenant.e. Si vous avez plus de 15 min de retard, l&#8217;intervenant.e se r\u00e9serve le droit de ne plus vous accepter pour le coaching ou l\u2019atelier.<\/span><\/p>\n<p><br style=\"font-weight: 400;\" \/><br style=\"font-weight: 400;\" \/><\/p>\n","protected":false},"excerpt":{"rendered":"<p><b>Description :<\/b><\/p>\n<p><b>Besoins: <\/b><span style=\"font-weight: 400;\">Vous avez besoin de concevoir et g\u00e9rer une plateforme num\u00e9rique, ses utilisateurs, mais ne savez pas comment vous y prendre? Vous souhaitez en savoir plus sur les outils digitaux de No-code ?\u00a0<\/span><\/p>\n<p><span style=\"font-weight: 400;\">Dans cet atelier, d\u00e9couvrez comment cr\u00e9er vous-m\u00eame, sans coder, votre projet de site web, d\u2019application, ou d\u2019outil num\u00e9rique.<\/span><\/p>\n<p><b>Objectifs: <\/b><span style=\"font-weight: 400;\">L\u2019enjeu de cet atelier est d\u2019aider les entrepreneures \u00e0 produire, et\u00a0 \u00e0 renforcer leur activit\u00e9 gr\u00e2ce aux outils de production et d\u2019automatisation du No-code.<\/span><\/p>\n<p><span style=\"font-weight: 400;\">Les objectifs p\u00e9dagogiques sont les suivants :<\/span><\/p>\n<ul>\n<li style=\"font-weight: 400;\" aria-level=\"1\"><span style=\"font-weight: 400;\">Comprendre le ph\u00e9nom\u00e8ne du No-code;<\/span><\/li>\n<li style=\"font-weight: 400;\" aria-level=\"1\"><span style=\"font-weight: 400;\">S\u2019inspirer de cas r\u00e9els pour s\u2019approprier les moyens digitaux;<\/span><\/li>\n<li style=\"font-weight: 400;\" aria-level=\"1\"><span style=\"font-weight: 400;\">Savoir identifier le No-code, et \u00eatre sensibiliser \u00e0 son impact positif;<\/span><\/li>\n<li style=\"font-weight: 400;\" aria-level=\"1\"><span style=\"font-weight: 400;\">S\u2019approprier la m\u00e9thodologie pour se lancer;<\/span><\/li>\n<li style=\"font-weight: 400;\" aria-level=\"1\"><span style=\"font-weight: 400;\">Se saisir des outils du No-code;<\/span><\/li>\n<\/ul>\n<p>&nbsp;<\/p>\n<p><b>Pr\u00e9-requis :<\/b> <i><span style=\"font-weight: 400;\">Vous souhaitez vous inscrire \u00e0 cet atelier ? Merci d\u2019indiquer votre besoin principal en remplissant ce questionnaire avant la session : <\/span><\/i><a href=\"https:\/\/airtable.com\/appB3uvkYuO3KGkV5\/shrLRWQFXMoKOAFcY\"><b>https:\/\/airtable.com\/appB3uvkYuO3KGkV5\/shrLRWQFXMoKOAFcY<\/b><\/a><i><span style=\"font-weight: 400;\">\u00a0<\/span><\/i><\/p>\n<p><b>Intervenant: Alexandre Talon<\/b><span style=\"font-weight: 400;\"> de No-code for Good<\/span><\/p>\n<p><span style=\"font-weight: 400;\">Co-fondateur de l&#8217;association NoCode for Good, et de Labastide.io, je suis convaincu que les structures de l&#8217;ESS (associations, fondations et entreprises sociales) doivent \u00eatre aussi bien outill\u00e9es que les entreprises &#8220;classiques&#8221; afin de solidifier et multiplier leur impact.<\/span><\/p>\n<p><span style=\"font-weight: 400;\">Ainsi, je les aide \u00e0 se r\u00e9approprier les moyens digitaux de production via le no-code et les outils d&#8217;automatisation.<\/span><\/p>\n<p><b>Lieu <\/b><span style=\"font-weight: 400;\">: Sist\u2019Her Paris, 82 rue du Faubourg Saint-Martin<\/span><\/p>\n<p><span style=\"font-weight: 400;\">Attention ! Veuillez vous pr\u00e9senter \u00e0 l\u2019heure pour que l\u2019activit\u00e9 puisse commencer \u00e0 temps. Si vous avez du retard, veuillez pr\u00e9venir l\u2019intervenant.e. Si vous avez plus de 15 min de retard, l&#8217;intervenant.e se r\u00e9serve le droit de ne plus vous accepter pour le coaching ou l\u2019atelier.<\/span><\/p>\n<p>&nbsp;<\/p>\n","protected":false},"featured_media":189322,"template":"","format":"standard","meta":{"_acf_changed":false,"om_disable_all_campaigns":false,"_uf_show_specific_survey":0,"_uf_disable_surveys":false},"product_brand":[],"product_cat":[118],"product_tag":[],"lieu":[127],"thematiques":[],"class_list":{"0":"post-189316","1":"product","2":"type-product","3":"status-publish","4":"format-standard","5":"has-post-thumbnail","7":"product_cat-atelier-collectif","8":"lieu-hub-empowher","10":"first","11":"instock","12":"virtual","13":"purchasable","14":"product-type-appointment"},"exclude_global_add_ons":[],"addons":[],"acf":[],"yoast_head":"<!-- This site is optimized with the Yoast SEO plugin v24.8 - https:\/\/yoast.com\/wordpress\/plugins\/seo\/ -->\n<title>NEW - Atelier - D\u00e9couvrir le No-code - Empow&#039;Her<\/title>\n<meta name=\"robots\" content=\"index, follow, max-snippet:-1, max-image-preview:large, max-video-preview:-1\" \/>\n<link rel=\"canonical\" href=\"https:\/\/empow-her.com\/produit\/no-code\/\" \/>\n<meta property=\"og:locale\" content=\"en_US\" \/>\n<meta property=\"og:type\" content=\"article\" \/>\n<meta property=\"og:title\" content=\"NEW - Atelier - D\u00e9couvrir le No-code - Empow&#039;Her\" \/>\n<meta property=\"og:description\" content=\"Description :  Besoins: Vous avez besoin de concevoir et g\u00e9rer une plateforme num\u00e9rique, ses utilisateurs, mais ne savez pas comment vous y prendre? Vous souhaitez en savoir plus sur les outils digitaux de No-code ?\u00a0  Dans cet atelier, d\u00e9couvrez comment cr\u00e9er vous-m\u00eame, sans coder, votre projet de site web, d\u2019application, ou d\u2019outil num\u00e9rique.  Objectifs: L\u2019enjeu de cet atelier est d\u2019aider les entrepreneures \u00e0 produire, et\u00a0 \u00e0 renforcer leur activit\u00e9 gr\u00e2ce aux outils de production et d\u2019automatisation du No-code.  Les objectifs p\u00e9dagogiques sont les suivants :   Comprendre le ph\u00e9nom\u00e8ne du No-code;  S\u2019inspirer de cas r\u00e9els pour s\u2019approprier les moyens digitaux;  Savoir identifier le No-code, et \u00eatre sensibiliser \u00e0 son impact positif;  S\u2019approprier la m\u00e9thodologie pour se lancer;  Se saisir des outils du No-code;  &nbsp;  Pr\u00e9-requis : Vous souhaitez vous inscrire \u00e0 cet atelier ? Merci d\u2019indiquer votre besoin principal en remplissant ce questionnaire avant la session : https:\/\/airtable.com\/appB3uvkYuO3KGkV5\/shrLRWQFXMoKOAFcY\u00a0  Intervenant: Alexandre Talon de No-code for Good  Co-fondateur de l&#039;association NoCode for Good, et de Labastide.io, je suis convaincu que les structures de l&#039;ESS (associations, fondations et entreprises sociales) doivent \u00eatre aussi bien outill\u00e9es que les entreprises &quot;classiques&quot; afin de solidifier et multiplier leur impact.  Ainsi, je les aide \u00e0 se r\u00e9approprier les moyens digitaux de production via le no-code et les outils d&#039;automatisation.  Lieu : Sist\u2019Her Paris, 82 rue du Faubourg Saint-Martin  Attention ! Veuillez vous pr\u00e9senter \u00e0 l\u2019heure pour que l\u2019activit\u00e9 puisse commencer \u00e0 temps. Si vous avez du retard, veuillez pr\u00e9venir l\u2019intervenant.e. Si vous avez plus de 15 min de retard, l&#039;intervenant.e se r\u00e9serve le droit de ne plus vous accepter pour le coaching ou l\u2019atelier.  &nbsp;\" \/>\n<meta property=\"og:url\" content=\"https:\/\/empow-her.com\/produit\/no-code\/\" \/>\n<meta property=\"og:site_name\" content=\"Empow&#039;Her\" \/>\n<meta property=\"article:modified_time\" content=\"2023-08-09T15:02:26+00:00\" \/>\n<meta property=\"og:image\" content=\"https:\/\/empow-her.com\/wp-content\/uploads\/2023\/08\/NOOO.png\" \/>\n\t<meta property=\"og:image:width\" content=\"1080\" \/>\n\t<meta property=\"og:image:height\" content=\"1080\" \/>\n\t<meta property=\"og:image:type\" content=\"image\/png\" \/>\n<meta name=\"twitter:card\" content=\"summary_large_image\" \/>\n<meta name=\"twitter:label1\" content=\"Est. reading time\" \/>\n\t<meta name=\"twitter:data1\" content=\"2 minutes\" \/>\n<script type=\"application\/ld+json\" class=\"yoast-schema-graph\">{\"@context\":\"https:\/\/schema.org\",\"@graph\":[{\"@type\":\"WebPage\",\"@id\":\"https:\/\/empow-her.com\/produit\/no-code\/\",\"url\":\"https:\/\/empow-her.com\/produit\/no-code\/\",\"name\":\"NEW - Atelier - D\u00e9couvrir le No-code - Empow&#039;Her\",\"isPartOf\":{\"@id\":\"https:\/\/empow-her.com\/#website\"},\"primaryImageOfPage\":{\"@id\":\"https:\/\/empow-her.com\/produit\/no-code\/#primaryimage\"},\"image\":{\"@id\":\"https:\/\/empow-her.com\/produit\/no-code\/#primaryimage\"},\"thumbnailUrl\":\"https:\/\/empow-her.com\/wp-content\/uploads\/2023\/08\/NOOO.png\",\"datePublished\":\"2023-08-09T14:18:35+00:00\",\"dateModified\":\"2023-08-09T15:02:26+00:00\",\"breadcrumb\":{\"@id\":\"https:\/\/empow-her.com\/produit\/no-code\/#breadcrumb\"},\"inLanguage\":\"en-US\",\"potentialAction\":[{\"@type\":\"ReadAction\",\"target\":[\"https:\/\/empow-her.com\/produit\/no-code\/\"]}]},{\"@type\":\"ImageObject\",\"inLanguage\":\"en-US\",\"@id\":\"https:\/\/empow-her.com\/produit\/no-code\/#primaryimage\",\"url\":\"https:\/\/empow-her.com\/wp-content\/uploads\/2023\/08\/NOOO.png\",\"contentUrl\":\"https:\/\/empow-her.com\/wp-content\/uploads\/2023\/08\/NOOO.png\",\"width\":1080,\"height\":1080},{\"@type\":\"BreadcrumbList\",\"@id\":\"https:\/\/empow-her.com\/produit\/no-code\/#breadcrumb\",\"itemListElement\":[{\"@type\":\"ListItem\",\"position\":1,\"name\":\"Accueil\",\"item\":\"https:\/\/empow-her.com\/en\/landing-page\/\"},{\"@type\":\"ListItem\",\"position\":2,\"name\":\"LA BOUTIQUE\",\"item\":\"https:\/\/empow-her.com\/boutique\/\"},{\"@type\":\"ListItem\",\"position\":3,\"name\":\"NEW &#8211; Atelier &#8211; D\u00e9couvrir le No-code\"}]},{\"@type\":\"WebSite\",\"@id\":\"https:\/\/empow-her.com\/#website\",\"url\":\"https:\/\/empow-her.com\/\",\"name\":\"Empow&#039;Her\",\"description\":\"Women Development\",\"potentialAction\":[{\"@type\":\"SearchAction\",\"target\":{\"@type\":\"EntryPoint\",\"urlTemplate\":\"https:\/\/empow-her.com\/?s={search_term_string}\"},\"query-input\":{\"@type\":\"PropertyValueSpecification\",\"valueRequired\":true,\"valueName\":\"search_term_string\"}}],\"inLanguage\":\"en-US\"}]}<\/script>\n<!-- \/ Yoast SEO plugin. -->","yoast_head_json":{"title":"NEW - Atelier - D\u00e9couvrir le No-code - Empow&#039;Her","robots":{"index":"index","follow":"follow","max-snippet":"max-snippet:-1","max-image-preview":"max-image-preview:large","max-video-preview":"max-video-preview:-1"},"canonical":"https:\/\/empow-her.com\/produit\/no-code\/","og_locale":"en_US","og_type":"article","og_title":"NEW - Atelier - D\u00e9couvrir le No-code - Empow&#039;Her","og_description":"Description :  Besoins: Vous avez besoin de concevoir et g\u00e9rer une plateforme num\u00e9rique, ses utilisateurs, mais ne savez pas comment vous y prendre? Vous souhaitez en savoir plus sur les outils digitaux de No-code ?\u00a0  Dans cet atelier, d\u00e9couvrez comment cr\u00e9er vous-m\u00eame, sans coder, votre projet de site web, d\u2019application, ou d\u2019outil num\u00e9rique.  Objectifs: L\u2019enjeu de cet atelier est d\u2019aider les entrepreneures \u00e0 produire, et\u00a0 \u00e0 renforcer leur activit\u00e9 gr\u00e2ce aux outils de production et d\u2019automatisation du No-code.  Les objectifs p\u00e9dagogiques sont les suivants :   Comprendre le ph\u00e9nom\u00e8ne du No-code;  S\u2019inspirer de cas r\u00e9els pour s\u2019approprier les moyens digitaux;  Savoir identifier le No-code, et \u00eatre sensibiliser \u00e0 son impact positif;  S\u2019approprier la m\u00e9thodologie pour se lancer;  Se saisir des outils du No-code;  &nbsp;  Pr\u00e9-requis : Vous souhaitez vous inscrire \u00e0 cet atelier ? Merci d\u2019indiquer votre besoin principal en remplissant ce questionnaire avant la session : https:\/\/airtable.com\/appB3uvkYuO3KGkV5\/shrLRWQFXMoKOAFcY\u00a0  Intervenant: Alexandre Talon de No-code for Good  Co-fondateur de l'association NoCode for Good, et de Labastide.io, je suis convaincu que les structures de l'ESS (associations, fondations et entreprises sociales) doivent \u00eatre aussi bien outill\u00e9es que les entreprises \"classiques\" afin de solidifier et multiplier leur impact.  Ainsi, je les aide \u00e0 se r\u00e9approprier les moyens digitaux de production via le no-code et les outils d'automatisation.  Lieu : Sist\u2019Her Paris, 82 rue du Faubourg Saint-Martin  Attention ! Veuillez vous pr\u00e9senter \u00e0 l\u2019heure pour que l\u2019activit\u00e9 puisse commencer \u00e0 temps. Si vous avez du retard, veuillez pr\u00e9venir l\u2019intervenant.e. Si vous avez plus de 15 min de retard, l'intervenant.e se r\u00e9serve le droit de ne plus vous accepter pour le coaching ou l\u2019atelier.  &nbsp;","og_url":"https:\/\/empow-her.com\/produit\/no-code\/","og_site_name":"Empow&#039;Her","article_modified_time":"2023-08-09T15:02:26+00:00","og_image":[{"width":1080,"height":1080,"url":"https:\/\/empow-her.com\/wp-content\/uploads\/2023\/08\/NOOO.png","type":"image\/png"}],"twitter_card":"summary_large_image","twitter_misc":{"Est. reading time":"2 minutes"},"schema":{"@context":"https:\/\/schema.org","@graph":[{"@type":"WebPage","@id":"https:\/\/empow-her.com\/produit\/no-code\/","url":"https:\/\/empow-her.com\/produit\/no-code\/","name":"NEW - Atelier - D\u00e9couvrir le No-code - Empow&#039;Her","isPartOf":{"@id":"https:\/\/empow-her.com\/#website"},"primaryImageOfPage":{"@id":"https:\/\/empow-her.com\/produit\/no-code\/#primaryimage"},"image":{"@id":"https:\/\/empow-her.com\/produit\/no-code\/#primaryimage"},"thumbnailUrl":"https:\/\/empow-her.com\/wp-content\/uploads\/2023\/08\/NOOO.png","datePublished":"2023-08-09T14:18:35+00:00","dateModified":"2023-08-09T15:02:26+00:00","breadcrumb":{"@id":"https:\/\/empow-her.com\/produit\/no-code\/#breadcrumb"},"inLanguage":"en-US","potentialAction":[{"@type":"ReadAction","target":["https:\/\/empow-her.com\/produit\/no-code\/"]}]},{"@type":"ImageObject","inLanguage":"en-US","@id":"https:\/\/empow-her.com\/produit\/no-code\/#primaryimage","url":"https:\/\/empow-her.com\/wp-content\/uploads\/2023\/08\/NOOO.png","contentUrl":"https:\/\/empow-her.com\/wp-content\/uploads\/2023\/08\/NOOO.png","width":1080,"height":1080},{"@type":"BreadcrumbList","@id":"https:\/\/empow-her.com\/produit\/no-code\/#breadcrumb","itemListElement":[{"@type":"ListItem","position":1,"name":"Accueil","item":"https:\/\/empow-her.com\/en\/landing-page\/"},{"@type":"ListItem","position":2,"name":"LA BOUTIQUE","item":"https:\/\/empow-her.com\/boutique\/"},{"@type":"ListItem","position":3,"name":"NEW &#8211; Atelier &#8211; D\u00e9couvrir le No-code"}]},{"@type":"WebSite","@id":"https:\/\/empow-her.com\/#website","url":"https:\/\/empow-her.com\/","name":"Empow&#039;Her","description":"Women Development","potentialAction":[{"@type":"SearchAction","target":{"@type":"EntryPoint","urlTemplate":"https:\/\/empow-her.com\/?s={search_term_string}"},"query-input":{"@type":"PropertyValueSpecification","valueRequired":true,"valueName":"search_term_string"}}],"inLanguage":"en-US"}]}},"_links":{"self":[{"href":"https:\/\/empow-her.com\/en\/wp-json\/wp\/v2\/product\/189316","targetHints":{"allow":["GET"]}}],"collection":[{"href":"https:\/\/empow-her.com\/en\/wp-json\/wp\/v2\/product"}],"about":[{"href":"https:\/\/empow-her.com\/en\/wp-json\/wp\/v2\/types\/product"}],"wp:featuredmedia":[{"embeddable":true,"href":"https:\/\/empow-her.com\/en\/wp-json\/wp\/v2\/media\/189322"}],"wp:attachment":[{"href":"https:\/\/empow-her.com\/en\/wp-json\/wp\/v2\/media?parent=189316"}],"wp:term":[{"taxonomy":"product_brand","embeddable":true,"href":"https:\/\/empow-her.com\/en\/wp-json\/wp\/v2\/product_brand?post=189316"},{"taxonomy":"product_cat","embeddable":true,"href":"https:\/\/empow-her.com\/en\/wp-json\/wp\/v2\/product_cat?post=189316"},{"taxonomy":"product_tag","embeddable":true,"href":"https:\/\/empow-her.com\/en\/wp-json\/wp\/v2\/product_tag?post=189316"},{"taxonomy":"lieu","embeddable":true,"href":"https:\/\/empow-her.com\/en\/wp-json\/wp\/v2\/lieu?post=189316"},{"taxonomy":"thematiques","embeddable":true,"href":"https:\/\/empow-her.com\/en\/wp-json\/wp\/v2\/thematiques?post=189316"}],"curies":[{"name":"wp","href":"https:\/\/api.w.org\/{rel}","templated":true}]}}