{"id":189297,"date":"2023-08-09T12:31:04","date_gmt":"2023-08-09T10:31:04","guid":{"rendered":"https:\/\/empow-her.com\/?post_type=product&#038;p=189297"},"modified":"2023-09-25T14:02:49","modified_gmt":"2023-09-25T12:02:49","slug":"shetalks-les-cles-pour-developper-et-animer-sa-communaute","status":"publish","type":"product","link":"https:\/\/empow-her.com\/en\/produit\/shetalks-les-cles-pour-developper-et-animer-sa-communaute\/","title":{"rendered":"SheTalks : comment cr\u00e9er des communaut\u00e9s entrepreneuriales plus inclusives"},"content":{"rendered":"<p>Cr\u00e9er et animer sa communaut\u00e9 permet de la f\u00e9d\u00e9rer et d\u00e9velopper un sentiment d\u2019appartenance \u00e0 sa marque ou son entreprise. Levier essentiel en marketing mais aussi vecteur de culture d\u2019entreprise forte. Quelles sont les cl\u00e9s pour r\u00e9ussir l\u2019animation de sa communaut\u00e9 et la rendre inclusive? Par o\u00f9 commencer et comment la f\u00e9d\u00e9rer sur le long terme?<\/p>\n<p>Marine du compte @martineveutpecho et fondatrice du projet @lesmartines ainsi que Cl\u00e9mence Boxberger, Directrice G\u00e9n\u00e9rale de la Boussole seront pr\u00e9sentes pour transmettre leur bonnes pratiques.<br \/>\nUne derni\u00e8re invit\u00e9e viendra compl\u00e9ter cette rencontre.<\/p>\n<p>&#x1f4e3;&#x1f4e3;&#x1f4e3;<br \/>\nDans le cadre du projet europ\u00e9en FOWOSE en consortium avec des acteurs de l&#8217;accompagnement en Europe, Empow&#8217;her organise \u00e9galement un deuxi\u00e8me atelier \u00e0 la suite du Shetalks \u00e0 destination des acteurs.rices de l&#8217;accompagnement \u00e0 l&#8217;entrepreneuriat. A travers des outils concrets cr\u00e9\u00e9s dans le cadre du projet, l&#8217;\u00e9quipe d&#8217;Empow&#8217;her vous invite \u00e0 d\u00e9couvrir comment mieux insuffler les notions de genre au sein de vos structures et comment mieux r\u00e9pondre aux besoins des femmes entrepreneures.<\/p>\n<p>L&#8217;\u00e9v\u00e9nement se d\u00e9roule \u00e0 la suite du SheTalks de 10h30 \u00e0 12h00 chez Sist&#8217;her.<\/p>\n<p>Si vous faites partie d&#8217;une organisation de l&#8217;\u00e9cosyst\u00e8me de l&#8217;entrepreneuriat et souhaitez en savoir plus sur cette rencontre, vous pouvez contacter Fiore Poidevin, fiore.poidevin@empow-her.com<\/p>\n<p>Infos pratiques<br \/>\n&#x1f4c5; L\u2019\u00e9v\u00e9nement se d\u00e9roulera le mercredi 27 septembre de 8h30 \u00e0 10h00<br \/>\n&#x1f516; R\u00e9servation gratuite obligatoire<br \/>\n&#x1f4cd; Sist\u2019Her : 82 rue du Faubourg Saint-Martin 75010 Paris<\/p>\n<p>Ouvert en mars 2021, Sist\u2019Her est le premier tiers-lieu sorore, d\u00e9di\u00e9 aux entrepreneuses et \u00e0 l\u2019impact en \u00cele-de-France. Port\u00e9 par l\u2019association Empow\u2019Her, c\u2019est un lieu de formations et de rencontres inclusif et collaboratif. Ouvert \u00e0 tou\u00b7te\u00b7s o\u00f9 il est possible de se former, s\u2019inspirer, s\u2019engager et se rencontrer.<br \/>\nA tr\u00e8s vite !<\/p>\n","protected":false},"excerpt":{"rendered":"<p>Cr\u00e9er et animer sa communaut\u00e9 permet de la f\u00e9d\u00e9rer et d\u00e9velopper un sentiment d\u2019appartenance \u00e0 sa marque ou son entreprise. Levier essentiel en marketing mais aussi vecteur de culture d\u2019entreprise forte. Quelles sont les cl\u00e9s pour r\u00e9ussir l\u2019animation de sa communaut\u00e9 et la rendre inclusive? Par o\u00f9 commencer et comment la f\u00e9d\u00e9rer sur le long terme?<\/p>\n<p>Marine du compte @martineveutpecho et fondatrice du projet @lesmartines ainsi que Cl\u00e9mence Boxberger, Directrice G\u00e9n\u00e9rale de la Boussole seront pr\u00e9sentes pour transmettre leur bonnes pratiques.<br \/>\nUne derni\u00e8re invit\u00e9e viendra compl\u00e9ter cette rencontre.<\/p>\n<p>&#x1f4e3;&#x1f4e3;&#x1f4e3;<br \/>\nDans le cadre du projet europ\u00e9en FOWOSE en consortium avec des acteurs de l&#8217;accompagnement en Europe, Empow&#8217;her organise \u00e9galement un deuxi\u00e8me atelier \u00e0 la suite du Shetalks \u00e0 destination des acteurs.rices de l&#8217;accompagnement \u00e0 l&#8217;entrepreneuriat. A travers des outils concrets cr\u00e9\u00e9s dans le cadre du projet, l&#8217;\u00e9quipe d&#8217;Empow&#8217;her vous invite \u00e0 d\u00e9couvrir comment mieux insuffler les notions de genre au sein de vos structures et comment mieux r\u00e9pondre aux besoins des femmes entrepreneures.<\/p>\n<p>L&#8217;\u00e9v\u00e9nement se d\u00e9roule \u00e0 la suite du SheTalks de 10h30 \u00e0 12h00 chez Sist&#8217;her.<\/p>\n<p>Si vous faites partie d&#8217;une organisation de l&#8217;\u00e9cosyst\u00e8me de l&#8217;entrepreneuriat et souhaitez en savoir plus sur cette rencontre, vous pouvez contacter Fiore Poidevin, fiore.poidevin@empow-her.com<\/p>\n<p>Infos pratiques<br \/>\n&#x1f4c5; L\u2019\u00e9v\u00e9nement se d\u00e9roulera le mercredi 27 septembre de 8h30 \u00e0 10h00<br \/>\n&#x1f516; R\u00e9servation gratuite obligatoire<br \/>\n&#x1f4cd; Sist\u2019Her : 82 rue du Faubourg Saint-Martin 75010 Paris<\/p>\n<p>Ouvert en mars 2021, Sist\u2019Her est le premier tiers-lieu sorore, d\u00e9di\u00e9 aux entrepreneuses et \u00e0 l\u2019impact en \u00cele-de-France. Port\u00e9 par l\u2019association Empow\u2019Her, c\u2019est un lieu de formations et de rencontres inclusif et collaboratif. Ouvert \u00e0 tou\u00b7te\u00b7s o\u00f9 il est possible de se former, s\u2019inspirer, s\u2019engager et se rencontrer.<br \/>\nA tr\u00e8s vite !<\/p>\n","protected":false},"featured_media":191130,"template":"","format":"standard","meta":{"_acf_changed":false,"om_disable_all_campaigns":false,"_uf_show_specific_survey":0,"_uf_disable_surveys":false},"product_brand":[],"product_cat":[119],"product_tag":[],"lieu":[127],"thematiques":[],"class_list":{"0":"post-189297","1":"product","2":"type-product","3":"status-publish","4":"format-standard","5":"has-post-thumbnail","7":"product_cat-evenement-sisther","8":"lieu-hub-empowher","10":"first","11":"instock","12":"virtual","13":"purchasable","14":"product-type-appointment"},"exclude_global_add_ons":[],"addons":[],"acf":[],"yoast_head":"<!-- This site is optimized with the Yoast SEO plugin v24.8 - https:\/\/yoast.com\/wordpress\/plugins\/seo\/ -->\n<title>SheTalks Les cl\u00e9s pour d\u00e9velopper et animer sa communaut\u00e9<\/title>\n<meta name=\"description\" content=\"SheTalks : Cr\u00e9er et animer sa communaut\u00e9 permet de la f\u00e9d\u00e9rer et d\u00e9velopper un sentiment d\u2019appartenance \u00e0 sa marque ou son entreprise?\" \/>\n<meta name=\"robots\" content=\"index, follow, max-snippet:-1, max-image-preview:large, max-video-preview:-1\" \/>\n<link rel=\"canonical\" href=\"https:\/\/empow-her.com\/produit\/shetalks-les-cles-pour-developper-et-animer-sa-communaute\/\" \/>\n<meta property=\"og:locale\" content=\"en_US\" \/>\n<meta property=\"og:type\" content=\"article\" \/>\n<meta property=\"og:title\" content=\"SheTalks Les cl\u00e9s pour d\u00e9velopper et animer sa communaut\u00e9\" \/>\n<meta property=\"og:description\" content=\"SheTalks : Cr\u00e9er et animer sa communaut\u00e9 permet de la f\u00e9d\u00e9rer et d\u00e9velopper un sentiment d\u2019appartenance \u00e0 sa marque ou son entreprise?\" \/>\n<meta property=\"og:url\" content=\"https:\/\/empow-her.com\/produit\/shetalks-les-cles-pour-developper-et-animer-sa-communaute\/\" \/>\n<meta property=\"og:site_name\" content=\"Empow&#039;Her\" \/>\n<meta property=\"article:modified_time\" content=\"2023-09-25T12:02:49+00:00\" \/>\n<meta property=\"og:image\" content=\"https:\/\/empow-her.com\/wp-content\/uploads\/2023\/08\/shetalks-economie-circulaire-2.png\" \/>\n\t<meta property=\"og:image:width\" content=\"1080\" \/>\n\t<meta property=\"og:image:height\" content=\"1080\" \/>\n\t<meta property=\"og:image:type\" content=\"image\/png\" \/>\n<meta name=\"twitter:card\" content=\"summary_large_image\" \/>\n<meta name=\"twitter:label1\" content=\"Est. reading time\" \/>\n\t<meta name=\"twitter:data1\" content=\"2 minutes\" \/>\n<script type=\"application\/ld+json\" class=\"yoast-schema-graph\">{\"@context\":\"https:\/\/schema.org\",\"@graph\":[{\"@type\":\"WebPage\",\"@id\":\"https:\/\/empow-her.com\/produit\/shetalks-les-cles-pour-developper-et-animer-sa-communaute\/\",\"url\":\"https:\/\/empow-her.com\/produit\/shetalks-les-cles-pour-developper-et-animer-sa-communaute\/\",\"name\":\"SheTalks Les cl\u00e9s pour d\u00e9velopper et animer sa communaut\u00e9\",\"isPartOf\":{\"@id\":\"https:\/\/empow-her.com\/#website\"},\"primaryImageOfPage\":{\"@id\":\"https:\/\/empow-her.com\/produit\/shetalks-les-cles-pour-developper-et-animer-sa-communaute\/#primaryimage\"},\"image\":{\"@id\":\"https:\/\/empow-her.com\/produit\/shetalks-les-cles-pour-developper-et-animer-sa-communaute\/#primaryimage\"},\"thumbnailUrl\":\"https:\/\/empow-her.com\/wp-content\/uploads\/2023\/08\/shetalks-economie-circulaire-2.png\",\"datePublished\":\"2023-08-09T10:31:04+00:00\",\"dateModified\":\"2023-09-25T12:02:49+00:00\",\"description\":\"SheTalks : Cr\u00e9er et animer sa communaut\u00e9 permet de la f\u00e9d\u00e9rer et d\u00e9velopper un sentiment d\u2019appartenance \u00e0 sa marque ou son entreprise?\",\"breadcrumb\":{\"@id\":\"https:\/\/empow-her.com\/produit\/shetalks-les-cles-pour-developper-et-animer-sa-communaute\/#breadcrumb\"},\"inLanguage\":\"en-US\",\"potentialAction\":[{\"@type\":\"ReadAction\",\"target\":[\"https:\/\/empow-her.com\/produit\/shetalks-les-cles-pour-developper-et-animer-sa-communaute\/\"]}]},{\"@type\":\"ImageObject\",\"inLanguage\":\"en-US\",\"@id\":\"https:\/\/empow-her.com\/produit\/shetalks-les-cles-pour-developper-et-animer-sa-communaute\/#primaryimage\",\"url\":\"https:\/\/empow-her.com\/wp-content\/uploads\/2023\/08\/shetalks-economie-circulaire-2.png\",\"contentUrl\":\"https:\/\/empow-her.com\/wp-content\/uploads\/2023\/08\/shetalks-economie-circulaire-2.png\",\"width\":1080,\"height\":1080},{\"@type\":\"BreadcrumbList\",\"@id\":\"https:\/\/empow-her.com\/produit\/shetalks-les-cles-pour-developper-et-animer-sa-communaute\/#breadcrumb\",\"itemListElement\":[{\"@type\":\"ListItem\",\"position\":1,\"name\":\"Accueil\",\"item\":\"https:\/\/empow-her.com\/en\/landing-page\/\"},{\"@type\":\"ListItem\",\"position\":2,\"name\":\"LA BOUTIQUE\",\"item\":\"https:\/\/empow-her.com\/boutique\/\"},{\"@type\":\"ListItem\",\"position\":3,\"name\":\"SheTalks : comment cr\u00e9er des communaut\u00e9s entrepreneuriales plus inclusives\"}]},{\"@type\":\"WebSite\",\"@id\":\"https:\/\/empow-her.com\/#website\",\"url\":\"https:\/\/empow-her.com\/\",\"name\":\"Empow&#039;Her\",\"description\":\"Women Development\",\"potentialAction\":[{\"@type\":\"SearchAction\",\"target\":{\"@type\":\"EntryPoint\",\"urlTemplate\":\"https:\/\/empow-her.com\/?s={search_term_string}\"},\"query-input\":{\"@type\":\"PropertyValueSpecification\",\"valueRequired\":true,\"valueName\":\"search_term_string\"}}],\"inLanguage\":\"en-US\"}]}<\/script>\n<!-- \/ Yoast SEO plugin. -->","yoast_head_json":{"title":"SheTalks Les cl\u00e9s pour d\u00e9velopper et animer sa communaut\u00e9","description":"SheTalks : Cr\u00e9er et animer sa communaut\u00e9 permet de la f\u00e9d\u00e9rer et d\u00e9velopper un sentiment d\u2019appartenance \u00e0 sa marque ou son entreprise?","robots":{"index":"index","follow":"follow","max-snippet":"max-snippet:-1","max-image-preview":"max-image-preview:large","max-video-preview":"max-video-preview:-1"},"canonical":"https:\/\/empow-her.com\/produit\/shetalks-les-cles-pour-developper-et-animer-sa-communaute\/","og_locale":"en_US","og_type":"article","og_title":"SheTalks Les cl\u00e9s pour d\u00e9velopper et animer sa communaut\u00e9","og_description":"SheTalks : Cr\u00e9er et animer sa communaut\u00e9 permet de la f\u00e9d\u00e9rer et d\u00e9velopper un sentiment d\u2019appartenance \u00e0 sa marque ou son entreprise?","og_url":"https:\/\/empow-her.com\/produit\/shetalks-les-cles-pour-developper-et-animer-sa-communaute\/","og_site_name":"Empow&#039;Her","article_modified_time":"2023-09-25T12:02:49+00:00","og_image":[{"width":1080,"height":1080,"url":"https:\/\/empow-her.com\/wp-content\/uploads\/2023\/08\/shetalks-economie-circulaire-2.png","type":"image\/png"}],"twitter_card":"summary_large_image","twitter_misc":{"Est. reading time":"2 minutes"},"schema":{"@context":"https:\/\/schema.org","@graph":[{"@type":"WebPage","@id":"https:\/\/empow-her.com\/produit\/shetalks-les-cles-pour-developper-et-animer-sa-communaute\/","url":"https:\/\/empow-her.com\/produit\/shetalks-les-cles-pour-developper-et-animer-sa-communaute\/","name":"SheTalks Les cl\u00e9s pour d\u00e9velopper et animer sa communaut\u00e9","isPartOf":{"@id":"https:\/\/empow-her.com\/#website"},"primaryImageOfPage":{"@id":"https:\/\/empow-her.com\/produit\/shetalks-les-cles-pour-developper-et-animer-sa-communaute\/#primaryimage"},"image":{"@id":"https:\/\/empow-her.com\/produit\/shetalks-les-cles-pour-developper-et-animer-sa-communaute\/#primaryimage"},"thumbnailUrl":"https:\/\/empow-her.com\/wp-content\/uploads\/2023\/08\/shetalks-economie-circulaire-2.png","datePublished":"2023-08-09T10:31:04+00:00","dateModified":"2023-09-25T12:02:49+00:00","description":"SheTalks : Cr\u00e9er et animer sa communaut\u00e9 permet de la f\u00e9d\u00e9rer et d\u00e9velopper un sentiment d\u2019appartenance \u00e0 sa marque ou son entreprise?","breadcrumb":{"@id":"https:\/\/empow-her.com\/produit\/shetalks-les-cles-pour-developper-et-animer-sa-communaute\/#breadcrumb"},"inLanguage":"en-US","potentialAction":[{"@type":"ReadAction","target":["https:\/\/empow-her.com\/produit\/shetalks-les-cles-pour-developper-et-animer-sa-communaute\/"]}]},{"@type":"ImageObject","inLanguage":"en-US","@id":"https:\/\/empow-her.com\/produit\/shetalks-les-cles-pour-developper-et-animer-sa-communaute\/#primaryimage","url":"https:\/\/empow-her.com\/wp-content\/uploads\/2023\/08\/shetalks-economie-circulaire-2.png","contentUrl":"https:\/\/empow-her.com\/wp-content\/uploads\/2023\/08\/shetalks-economie-circulaire-2.png","width":1080,"height":1080},{"@type":"BreadcrumbList","@id":"https:\/\/empow-her.com\/produit\/shetalks-les-cles-pour-developper-et-animer-sa-communaute\/#breadcrumb","itemListElement":[{"@type":"ListItem","position":1,"name":"Accueil","item":"https:\/\/empow-her.com\/en\/landing-page\/"},{"@type":"ListItem","position":2,"name":"LA BOUTIQUE","item":"https:\/\/empow-her.com\/boutique\/"},{"@type":"ListItem","position":3,"name":"SheTalks : comment cr\u00e9er des communaut\u00e9s entrepreneuriales plus inclusives"}]},{"@type":"WebSite","@id":"https:\/\/empow-her.com\/#website","url":"https:\/\/empow-her.com\/","name":"Empow&#039;Her","description":"Women Development","potentialAction":[{"@type":"SearchAction","target":{"@type":"EntryPoint","urlTemplate":"https:\/\/empow-her.com\/?s={search_term_string}"},"query-input":{"@type":"PropertyValueSpecification","valueRequired":true,"valueName":"search_term_string"}}],"inLanguage":"en-US"}]}},"_links":{"self":[{"href":"https:\/\/empow-her.com\/en\/wp-json\/wp\/v2\/product\/189297","targetHints":{"allow":["GET"]}}],"collection":[{"href":"https:\/\/empow-her.com\/en\/wp-json\/wp\/v2\/product"}],"about":[{"href":"https:\/\/empow-her.com\/en\/wp-json\/wp\/v2\/types\/product"}],"wp:featuredmedia":[{"embeddable":true,"href":"https:\/\/empow-her.com\/en\/wp-json\/wp\/v2\/media\/191130"}],"wp:attachment":[{"href":"https:\/\/empow-her.com\/en\/wp-json\/wp\/v2\/media?parent=189297"}],"wp:term":[{"taxonomy":"product_brand","embeddable":true,"href":"https:\/\/empow-her.com\/en\/wp-json\/wp\/v2\/product_brand?post=189297"},{"taxonomy":"product_cat","embeddable":true,"href":"https:\/\/empow-her.com\/en\/wp-json\/wp\/v2\/product_cat?post=189297"},{"taxonomy":"product_tag","embeddable":true,"href":"https:\/\/empow-her.com\/en\/wp-json\/wp\/v2\/product_tag?post=189297"},{"taxonomy":"lieu","embeddable":true,"href":"https:\/\/empow-her.com\/en\/wp-json\/wp\/v2\/lieu?post=189297"},{"taxonomy":"thematiques","embeddable":true,"href":"https:\/\/empow-her.com\/en\/wp-json\/wp\/v2\/thematiques?post=189297"}],"curies":[{"name":"wp","href":"https:\/\/api.w.org\/{rel}","templated":true}]}}