{"id":185090,"date":"2023-07-27T10:43:26","date_gmt":"2023-07-27T08:43:26","guid":{"rendered":"https:\/\/empow-her.com\/?post_type=product&#038;p=185090"},"modified":"2023-09-01T16:04:32","modified_gmt":"2023-09-01T14:04:32","slug":"shetalks-comment-changer-le-monde-grace-aux-livres-jeunesse-constituer-des-la-naissance-une-bibliotheque-positive-inclusive-et-engagee-pour-bien-grandir","status":"publish","type":"product","link":"https:\/\/empow-her.com\/en\/produit\/shetalks-comment-changer-le-monde-grace-aux-livres-jeunesse-constituer-des-la-naissance-une-bibliotheque-positive-inclusive-et-engagee-pour-bien-grandir\/","title":{"rendered":"Special event : Comment changer le monde gr\u00e2ce aux livres jeunesse ?  Constituer d\u00e8s la naissance, une biblioth\u00e8que positive, inclusive et engag\u00e9e pour bien grandir"},"content":{"rendered":"<p>Posons-nous une minute devant les albums qui composent les \u00e9tag\u00e8res de nos enfants : Refl\u00e8tent-ils justement la diversit\u00e9 du monde ? Ou ne participent-ils pas, au contraire, \u00e0 perp\u00e9tuer les normes dont on aimerait s\u2019affranchir ? Et si la litt\u00e9rature \u00e9tait un puissant levier pour donner confiance aux enfants, sans exception, et ce, d\u00e8s la naissance !<\/p>\n<p>Dans cette conf\u00e9rence anim\u00e9e par St\u00e9phanie et Camille, fondatrices de deux projets visionnaires autour de la litt\u00e9rature jeunesse, nous questionnerons le pouvoir des livres sur l\u2019\u00e9panouissement des plus jeunes.<\/p>\n<p>L&#8217;Objectif ? Constater, interpeller, sensibiliser mais aussi transmettre des outils facilement actionnables pour bien choisir ses livres.<\/p>\n<p>Camille a fond\u00e9 Bam-Badam en 2022, le premier livre de naissance personnalis\u00e9 qui raconte l\u2019histoire unique de chaque enfant. PMA, deux mamans, pr\u00e9maturit\u00e9&#8230; Un album inclusif pour illustrer fi\u00e8rement tous les parcours de naissance et visibiliser toutes les familles.<\/p>\n<p>En 2021, St\u00e9phanie lance Les livres qui s\u00e8ment, une librairie jeunesse 0-12 ans, ind\u00e9pendante et engag\u00e9e pour la diversit\u00e9, l\u2019\u00e9galit\u00e9 et l\u2019\u00e9cologie. Sa mission est de porter avec les enfants, un monde plus juste, durable et inclusif.<\/p>\n<p>Infos pratiques :<br \/>\n&#x1f4c5; Mercredi 13 septembre de 18h30 \u00e0 20h30<br \/>\n<img decoding=\"async\" src=\"https:\/\/static.xx.fbcdn.net\/images\/emoji.php\/v9\/t8b\/1.5\/16\/1f516.png\" alt=\"&#x1f516;\" width=\"16\" height=\"16\" \/>\u00a0R\u00e9servation gratuite obligatoire<\/p>\n<p>&#x1f4cd; Sist\u2019Her : 82 rue du Faubourg Saint-Martin 75010 Paris<br \/>\nOuvert en mars 2021, Sist\u2019Her est le premier tiers-lieu sorore, d\u00e9di\u00e9 aux entrepreneuses et \u00e0 l\u2019impact en \u00cele-de-France. Port\u00e9 par l\u2019association Empow\u2019Her, c\u2019est un lieu de formations et de rencontres inclusif et collaboratif, ouvert \u00e0 tou\u00b7te\u00b7s o\u00f9 il est possible de se former, s\u2019inspirer, s\u2019engager et se rencontrer.\u201d<\/p>\n<p>A tr\u00e8s vite !<\/p>\n","protected":false},"excerpt":{"rendered":"<p>Posons-nous une minute devant les albums qui composent les \u00e9tag\u00e8res de nos enfants : Refl\u00e8tent-ils justement la diversit\u00e9 du monde ? Ou ne participent-ils pas, au contraire, \u00e0 perp\u00e9tuer les normes dont on aimerait s\u2019affranchir ? Et si la litt\u00e9rature \u00e9tait un puissant levier pour donner confiance aux enfants, sans exception, et ce, d\u00e8s la naissance !<\/p>\n<p>Dans cette conf\u00e9rence anim\u00e9e par St\u00e9phanie et Camille, fondatrices de deux projets visionnaires autour de la litt\u00e9rature jeunesse, nous questionnerons le pouvoir des livres sur l\u2019\u00e9panouissement des plus jeunes.<\/p>\n<p>L&#8217;Objectif ? Constater, interpeller, sensibiliser mais aussi transmettre des outils facilement actionnables pour bien choisir ses livres.<\/p>\n<p>Camille a fond\u00e9 Bam-Badam en 2022, le premier livre de naissance personnalis\u00e9 qui raconte l\u2019histoire unique de chaque enfant. PMA, deux mamans, pr\u00e9maturit\u00e9&#8230; Un album inclusif pour illustrer fi\u00e8rement tous les parcours de naissance et visibiliser toutes les familles.<\/p>\n<p>En 2021, St\u00e9phanie lance Les livres qui s\u00e8ment, une librairie jeunesse 0-12 ans, ind\u00e9pendante et engag\u00e9e pour la diversit\u00e9, l\u2019\u00e9galit\u00e9 et l\u2019\u00e9cologie. Sa mission est de porter avec les enfants, un monde plus juste, durable et inclusif.<\/p>\n<p>Infos pratiques :<br \/>\n&#x1f4c5; Mercredi 13 septembre de 18h30 \u00e0 20h30<br \/>\n<img decoding=\"async\" src=\"https:\/\/static.xx.fbcdn.net\/images\/emoji.php\/v9\/t8b\/1.5\/16\/1f516.png\" alt=\"&#x1f516;\" width=\"16\" height=\"16\" \/>\u00a0R\u00e9servation gratuite obligatoire<\/p>\n<p>&#x1f4cd; Sist\u2019Her : 82 rue du Faubourg Saint-Martin 75010 Paris<br \/>\nOuvert en mars 2021, Sist\u2019Her est le premier tiers-lieu sorore, d\u00e9di\u00e9 aux entrepreneuses et \u00e0 l\u2019impact en \u00cele-de-France. Port\u00e9 par l\u2019association Empow\u2019Her, c\u2019est un lieu de formations et de rencontres inclusif et collaboratif, ouvert \u00e0 tou\u00b7te\u00b7s o\u00f9 il est possible de se former, s\u2019inspirer, s\u2019engager et se rencontrer.\u201d<\/p>\n<p>A tr\u00e8s vite !<\/p>\n","protected":false},"featured_media":186073,"template":"","format":"standard","meta":{"_acf_changed":false,"om_disable_all_campaigns":false,"_uf_show_specific_survey":0,"_uf_disable_surveys":false},"product_brand":[],"product_cat":[119],"product_tag":[],"lieu":[127],"thematiques":[],"class_list":{"0":"post-185090","1":"product","2":"type-product","3":"status-publish","4":"format-standard","5":"has-post-thumbnail","7":"product_cat-evenement-sisther","8":"lieu-hub-empowher","10":"first","11":"instock","12":"virtual","13":"purchasable","14":"product-type-appointment"},"exclude_global_add_ons":[],"addons":[],"acf":[],"yoast_head":"<!-- This site is optimized with the Yoast SEO plugin v24.8 - https:\/\/yoast.com\/wordpress\/plugins\/seo\/ -->\n<title>SheTalks : Comment changer le monde gr\u00e2ce aux livres jeunesse ?<\/title>\n<meta name=\"description\" content=\"Bam-Badam et Les livres qui s\u00e8ment organisent un shetalks sur les livres jeunesses ! Rendez vous chez Sist&#039;Her le 13 septembre de 18h30 \u00e0 20h30 !\" \/>\n<meta name=\"robots\" content=\"index, follow, max-snippet:-1, max-image-preview:large, max-video-preview:-1\" \/>\n<link rel=\"canonical\" href=\"https:\/\/empow-her.com\/produit\/shetalks-comment-changer-le-monde-grace-aux-livres-jeunesse-constituer-des-la-naissance-une-bibliotheque-positive-inclusive-et-engagee-pour-bien-grandir\/\" \/>\n<meta property=\"og:locale\" content=\"en_US\" \/>\n<meta property=\"og:type\" content=\"article\" \/>\n<meta property=\"og:title\" content=\"SheTalks : Comment changer le monde gr\u00e2ce aux livres jeunesse ?\" \/>\n<meta property=\"og:description\" content=\"Bam-Badam et Les livres qui s\u00e8ment organisent un shetalks sur les livres jeunesses ! Rendez vous chez Sist&#039;Her le 13 septembre de 18h30 \u00e0 20h30 !\" \/>\n<meta property=\"og:url\" content=\"https:\/\/empow-her.com\/produit\/shetalks-comment-changer-le-monde-grace-aux-livres-jeunesse-constituer-des-la-naissance-une-bibliotheque-positive-inclusive-et-engagee-pour-bien-grandir\/\" \/>\n<meta property=\"og:site_name\" content=\"Empow&#039;Her\" \/>\n<meta property=\"article:modified_time\" content=\"2023-09-01T14:04:32+00:00\" \/>\n<meta property=\"og:image\" content=\"https:\/\/empow-her.com\/wp-content\/uploads\/2023\/07\/shetalks-economie-circulaire-1.png\" \/>\n\t<meta property=\"og:image:width\" content=\"1080\" \/>\n\t<meta property=\"og:image:height\" content=\"1080\" \/>\n\t<meta property=\"og:image:type\" content=\"image\/png\" \/>\n<meta name=\"twitter:card\" content=\"summary_large_image\" \/>\n<meta name=\"twitter:label1\" content=\"Est. reading time\" \/>\n\t<meta name=\"twitter:data1\" content=\"2 minutes\" \/>\n<script type=\"application\/ld+json\" class=\"yoast-schema-graph\">{\"@context\":\"https:\/\/schema.org\",\"@graph\":[{\"@type\":\"WebPage\",\"@id\":\"https:\/\/empow-her.com\/produit\/shetalks-comment-changer-le-monde-grace-aux-livres-jeunesse-constituer-des-la-naissance-une-bibliotheque-positive-inclusive-et-engagee-pour-bien-grandir\/\",\"url\":\"https:\/\/empow-her.com\/produit\/shetalks-comment-changer-le-monde-grace-aux-livres-jeunesse-constituer-des-la-naissance-une-bibliotheque-positive-inclusive-et-engagee-pour-bien-grandir\/\",\"name\":\"SheTalks : Comment changer le monde gr\u00e2ce aux livres jeunesse ?\",\"isPartOf\":{\"@id\":\"https:\/\/empow-her.com\/#website\"},\"primaryImageOfPage\":{\"@id\":\"https:\/\/empow-her.com\/produit\/shetalks-comment-changer-le-monde-grace-aux-livres-jeunesse-constituer-des-la-naissance-une-bibliotheque-positive-inclusive-et-engagee-pour-bien-grandir\/#primaryimage\"},\"image\":{\"@id\":\"https:\/\/empow-her.com\/produit\/shetalks-comment-changer-le-monde-grace-aux-livres-jeunesse-constituer-des-la-naissance-une-bibliotheque-positive-inclusive-et-engagee-pour-bien-grandir\/#primaryimage\"},\"thumbnailUrl\":\"https:\/\/empow-her.com\/wp-content\/uploads\/2023\/07\/shetalks-economie-circulaire-1.png\",\"datePublished\":\"2023-07-27T08:43:26+00:00\",\"dateModified\":\"2023-09-01T14:04:32+00:00\",\"description\":\"Bam-Badam et Les livres qui s\u00e8ment organisent un shetalks sur les livres jeunesses ! Rendez vous chez Sist'Her le 13 septembre de 18h30 \u00e0 20h30 !\",\"breadcrumb\":{\"@id\":\"https:\/\/empow-her.com\/produit\/shetalks-comment-changer-le-monde-grace-aux-livres-jeunesse-constituer-des-la-naissance-une-bibliotheque-positive-inclusive-et-engagee-pour-bien-grandir\/#breadcrumb\"},\"inLanguage\":\"en-US\",\"potentialAction\":[{\"@type\":\"ReadAction\",\"target\":[\"https:\/\/empow-her.com\/produit\/shetalks-comment-changer-le-monde-grace-aux-livres-jeunesse-constituer-des-la-naissance-une-bibliotheque-positive-inclusive-et-engagee-pour-bien-grandir\/\"]}]},{\"@type\":\"ImageObject\",\"inLanguage\":\"en-US\",\"@id\":\"https:\/\/empow-her.com\/produit\/shetalks-comment-changer-le-monde-grace-aux-livres-jeunesse-constituer-des-la-naissance-une-bibliotheque-positive-inclusive-et-engagee-pour-bien-grandir\/#primaryimage\",\"url\":\"https:\/\/empow-her.com\/wp-content\/uploads\/2023\/07\/shetalks-economie-circulaire-1.png\",\"contentUrl\":\"https:\/\/empow-her.com\/wp-content\/uploads\/2023\/07\/shetalks-economie-circulaire-1.png\",\"width\":1080,\"height\":1080},{\"@type\":\"BreadcrumbList\",\"@id\":\"https:\/\/empow-her.com\/produit\/shetalks-comment-changer-le-monde-grace-aux-livres-jeunesse-constituer-des-la-naissance-une-bibliotheque-positive-inclusive-et-engagee-pour-bien-grandir\/#breadcrumb\",\"itemListElement\":[{\"@type\":\"ListItem\",\"position\":1,\"name\":\"Accueil\",\"item\":\"https:\/\/empow-her.com\/en\/landing-page\/\"},{\"@type\":\"ListItem\",\"position\":2,\"name\":\"LA BOUTIQUE\",\"item\":\"https:\/\/empow-her.com\/boutique\/\"},{\"@type\":\"ListItem\",\"position\":3,\"name\":\"Special event : Comment changer le monde gr\u00e2ce aux livres jeunesse ? Constituer d\u00e8s la naissance, une biblioth\u00e8que positive, inclusive et engag\u00e9e pour bien grandir\"}]},{\"@type\":\"WebSite\",\"@id\":\"https:\/\/empow-her.com\/#website\",\"url\":\"https:\/\/empow-her.com\/\",\"name\":\"Empow&#039;Her\",\"description\":\"Women Development\",\"potentialAction\":[{\"@type\":\"SearchAction\",\"target\":{\"@type\":\"EntryPoint\",\"urlTemplate\":\"https:\/\/empow-her.com\/?s={search_term_string}\"},\"query-input\":{\"@type\":\"PropertyValueSpecification\",\"valueRequired\":true,\"valueName\":\"search_term_string\"}}],\"inLanguage\":\"en-US\"}]}<\/script>\n<!-- \/ Yoast SEO plugin. -->","yoast_head_json":{"title":"SheTalks : Comment changer le monde gr\u00e2ce aux livres jeunesse ?","description":"Bam-Badam et Les livres qui s\u00e8ment organisent un shetalks sur les livres jeunesses ! Rendez vous chez Sist'Her le 13 septembre de 18h30 \u00e0 20h30 !","robots":{"index":"index","follow":"follow","max-snippet":"max-snippet:-1","max-image-preview":"max-image-preview:large","max-video-preview":"max-video-preview:-1"},"canonical":"https:\/\/empow-her.com\/produit\/shetalks-comment-changer-le-monde-grace-aux-livres-jeunesse-constituer-des-la-naissance-une-bibliotheque-positive-inclusive-et-engagee-pour-bien-grandir\/","og_locale":"en_US","og_type":"article","og_title":"SheTalks : Comment changer le monde gr\u00e2ce aux livres jeunesse ?","og_description":"Bam-Badam et Les livres qui s\u00e8ment organisent un shetalks sur les livres jeunesses ! Rendez vous chez Sist'Her le 13 septembre de 18h30 \u00e0 20h30 !","og_url":"https:\/\/empow-her.com\/produit\/shetalks-comment-changer-le-monde-grace-aux-livres-jeunesse-constituer-des-la-naissance-une-bibliotheque-positive-inclusive-et-engagee-pour-bien-grandir\/","og_site_name":"Empow&#039;Her","article_modified_time":"2023-09-01T14:04:32+00:00","og_image":[{"width":1080,"height":1080,"url":"https:\/\/empow-her.com\/wp-content\/uploads\/2023\/07\/shetalks-economie-circulaire-1.png","type":"image\/png"}],"twitter_card":"summary_large_image","twitter_misc":{"Est. reading time":"2 minutes"},"schema":{"@context":"https:\/\/schema.org","@graph":[{"@type":"WebPage","@id":"https:\/\/empow-her.com\/produit\/shetalks-comment-changer-le-monde-grace-aux-livres-jeunesse-constituer-des-la-naissance-une-bibliotheque-positive-inclusive-et-engagee-pour-bien-grandir\/","url":"https:\/\/empow-her.com\/produit\/shetalks-comment-changer-le-monde-grace-aux-livres-jeunesse-constituer-des-la-naissance-une-bibliotheque-positive-inclusive-et-engagee-pour-bien-grandir\/","name":"SheTalks : Comment changer le monde gr\u00e2ce aux livres jeunesse ?","isPartOf":{"@id":"https:\/\/empow-her.com\/#website"},"primaryImageOfPage":{"@id":"https:\/\/empow-her.com\/produit\/shetalks-comment-changer-le-monde-grace-aux-livres-jeunesse-constituer-des-la-naissance-une-bibliotheque-positive-inclusive-et-engagee-pour-bien-grandir\/#primaryimage"},"image":{"@id":"https:\/\/empow-her.com\/produit\/shetalks-comment-changer-le-monde-grace-aux-livres-jeunesse-constituer-des-la-naissance-une-bibliotheque-positive-inclusive-et-engagee-pour-bien-grandir\/#primaryimage"},"thumbnailUrl":"https:\/\/empow-her.com\/wp-content\/uploads\/2023\/07\/shetalks-economie-circulaire-1.png","datePublished":"2023-07-27T08:43:26+00:00","dateModified":"2023-09-01T14:04:32+00:00","description":"Bam-Badam et Les livres qui s\u00e8ment organisent un shetalks sur les livres jeunesses ! Rendez vous chez Sist'Her le 13 septembre de 18h30 \u00e0 20h30 !","breadcrumb":{"@id":"https:\/\/empow-her.com\/produit\/shetalks-comment-changer-le-monde-grace-aux-livres-jeunesse-constituer-des-la-naissance-une-bibliotheque-positive-inclusive-et-engagee-pour-bien-grandir\/#breadcrumb"},"inLanguage":"en-US","potentialAction":[{"@type":"ReadAction","target":["https:\/\/empow-her.com\/produit\/shetalks-comment-changer-le-monde-grace-aux-livres-jeunesse-constituer-des-la-naissance-une-bibliotheque-positive-inclusive-et-engagee-pour-bien-grandir\/"]}]},{"@type":"ImageObject","inLanguage":"en-US","@id":"https:\/\/empow-her.com\/produit\/shetalks-comment-changer-le-monde-grace-aux-livres-jeunesse-constituer-des-la-naissance-une-bibliotheque-positive-inclusive-et-engagee-pour-bien-grandir\/#primaryimage","url":"https:\/\/empow-her.com\/wp-content\/uploads\/2023\/07\/shetalks-economie-circulaire-1.png","contentUrl":"https:\/\/empow-her.com\/wp-content\/uploads\/2023\/07\/shetalks-economie-circulaire-1.png","width":1080,"height":1080},{"@type":"BreadcrumbList","@id":"https:\/\/empow-her.com\/produit\/shetalks-comment-changer-le-monde-grace-aux-livres-jeunesse-constituer-des-la-naissance-une-bibliotheque-positive-inclusive-et-engagee-pour-bien-grandir\/#breadcrumb","itemListElement":[{"@type":"ListItem","position":1,"name":"Accueil","item":"https:\/\/empow-her.com\/en\/landing-page\/"},{"@type":"ListItem","position":2,"name":"LA BOUTIQUE","item":"https:\/\/empow-her.com\/boutique\/"},{"@type":"ListItem","position":3,"name":"Special event : Comment changer le monde gr\u00e2ce aux livres jeunesse ? Constituer d\u00e8s la naissance, une biblioth\u00e8que positive, inclusive et engag\u00e9e pour bien grandir"}]},{"@type":"WebSite","@id":"https:\/\/empow-her.com\/#website","url":"https:\/\/empow-her.com\/","name":"Empow&#039;Her","description":"Women Development","potentialAction":[{"@type":"SearchAction","target":{"@type":"EntryPoint","urlTemplate":"https:\/\/empow-her.com\/?s={search_term_string}"},"query-input":{"@type":"PropertyValueSpecification","valueRequired":true,"valueName":"search_term_string"}}],"inLanguage":"en-US"}]}},"_links":{"self":[{"href":"https:\/\/empow-her.com\/en\/wp-json\/wp\/v2\/product\/185090","targetHints":{"allow":["GET"]}}],"collection":[{"href":"https:\/\/empow-her.com\/en\/wp-json\/wp\/v2\/product"}],"about":[{"href":"https:\/\/empow-her.com\/en\/wp-json\/wp\/v2\/types\/product"}],"wp:featuredmedia":[{"embeddable":true,"href":"https:\/\/empow-her.com\/en\/wp-json\/wp\/v2\/media\/186073"}],"wp:attachment":[{"href":"https:\/\/empow-her.com\/en\/wp-json\/wp\/v2\/media?parent=185090"}],"wp:term":[{"taxonomy":"product_brand","embeddable":true,"href":"https:\/\/empow-her.com\/en\/wp-json\/wp\/v2\/product_brand?post=185090"},{"taxonomy":"product_cat","embeddable":true,"href":"https:\/\/empow-her.com\/en\/wp-json\/wp\/v2\/product_cat?post=185090"},{"taxonomy":"product_tag","embeddable":true,"href":"https:\/\/empow-her.com\/en\/wp-json\/wp\/v2\/product_tag?post=185090"},{"taxonomy":"lieu","embeddable":true,"href":"https:\/\/empow-her.com\/en\/wp-json\/wp\/v2\/lieu?post=185090"},{"taxonomy":"thematiques","embeddable":true,"href":"https:\/\/empow-her.com\/en\/wp-json\/wp\/v2\/thematiques?post=185090"}],"curies":[{"name":"wp","href":"https:\/\/api.w.org\/{rel}","templated":true}]}}