{"id":178118,"date":"2023-06-28T16:30:12","date_gmt":"2023-06-28T14:30:12","guid":{"rendered":"https:\/\/empow-her.com\/?post_type=product&#038;p=178118"},"modified":"2023-10-18T16:01:08","modified_gmt":"2023-10-18T14:01:08","slug":"atelier-inspirations-creatives-%c2%b7-reveille-ton-pouvoir-createur","status":"publish","type":"product","link":"https:\/\/empow-her.com\/en\/produit\/atelier-inspirations-creatives-%c2%b7-reveille-ton-pouvoir-createur\/","title":{"rendered":"Atelier INSPIRATIONS CR\u00c9ATIVES \u00b7 R\u00e9veille ton pouvoir cr\u00e9ateur !"},"content":{"rendered":"<p>R\u00e9veille ton pouvoir cr\u00e9ateur avec R\u00eave Coquelicot ! &#x2728;&#x2764;&#xfe0f;<\/p>\n<p>Gr\u00e2ce \u00e0 sa bo\u00eete \u00e0 outils sensoriels et ludiques, Charlotte t&#8217;invite \u00e0 explorer les diff\u00e9rentes facettes de ta personnalit\u00e9, ce qui t&#8217;anime, ce qui t&#8217;\u00e9meut, ce qui te fait vibrer..<\/p>\n<p>Comment ? Par la re-connexion \u00e0 tes sens, ton corps et ton c\u0153ur. Par l&#8217;\u00e9veil de ta sensibilit\u00e9, de ton intuition, de ton audace !<\/p>\n<p>Au fil de l&#8217;exp\u00e9rience de co-cr\u00e9ation, tu seras amen\u00e9e \u00e0 te r\u00eav\u00e9-ler \u00e0 toi-m\u00eame et aux autres par diff\u00e9rents moyens d&#8217;expression : la parole, l&#8217;\u00e9criture, le collage, les couleurs&#8230;<\/p>\n<p>Au programme :<br \/>\n\u00b7 M\u00e9t\u00e9o des humeurs<br \/>\n\u00b7 Portrait Sensoriel<br \/>\n\u00b7 Porte haut tes couleurs<br \/>\n\u00b7 Mandala de R\u00eav\u2019isualisation<br \/>\n\u00b7 Tirage d\u2019Oracle<\/p>\n<p>&#x1f308; Tu repartiras avec une joyeuse impulsion cr\u00e9ative et le c\u0153ur arc-en-ciel !<\/p>\n<p>Cet \u00e9v\u00e9nement est organis\u00e9 par Charlotte Farkas, cr\u00e9atrice d&#8217;univers sensibles et tisseuse de liens \u00e9motionnels. Elle aide les entrepreneuses audacieuses \u00e0 faire rayonner leur entreprise de c\u0153ur en co-cr\u00e9ant avec elles un univers inspirant, empreint de sens et d&#8217;\u00e9motions avec R\u00eave Coquelicot.<\/p>\n<p>Infos pratiques :<br \/>\n&#x1f4c5; Mardi 24 octobre de 14h30 \u00e0 17h30<br \/>\n<img decoding=\"async\" src=\"https:\/\/static.xx.fbcdn.net\/images\/emoji.php\/v9\/t8b\/1.5\/16\/1f516.png\" alt=\"&#x1f516;\" width=\"16\" height=\"16\" \/>\u00a0R\u00e9servation gratuite obligatoire<\/p>\n<p>&#x1f4cd; Sist\u2019Her : 82 rue du Faubourg Saint-Martin 75010 Paris<br \/>\nOuvert en mars 2021, Sist\u2019Her est le premier tiers-lieu sorore, d\u00e9di\u00e9 aux entrepreneuses et \u00e0 l\u2019impact en \u00cele-de-France. Port\u00e9 par l\u2019association Empow\u2019Her, c\u2019est un lieu de formations et de rencontres inclusif et collaboratif, ouvert \u00e0 tou\u00b7te\u00b7s o\u00f9 il est possible de se former, s\u2019inspirer, s\u2019engager et se rencontrer.\u201d<\/p>\n<p>A tr\u00e8s vite !<\/p>\n","protected":false},"excerpt":{"rendered":"<p>R\u00e9veille ton pouvoir cr\u00e9ateur avec R\u00eave Coquelicot ! &#x2728;&#x2764;&#xfe0f;<\/p>\n<p>Gr\u00e2ce \u00e0 sa bo\u00eete \u00e0 outils sensoriels et ludiques, Charlotte t&#8217;invite \u00e0 explorer les diff\u00e9rentes facettes de ta personnalit\u00e9, ce qui t&#8217;anime, ce qui t&#8217;\u00e9meut, ce qui te fait vibrer..<\/p>\n<p>Comment ? Par la re-connexion \u00e0 tes sens, ton corps et ton c\u0153ur. Par l&#8217;\u00e9veil de ta sensibilit\u00e9, de ton intuition, de ton audace !<\/p>\n<p>Au fil de l&#8217;exp\u00e9rience de co-cr\u00e9ation, tu seras amen\u00e9e \u00e0 te r\u00eav\u00e9-ler \u00e0 toi-m\u00eame et aux autres par diff\u00e9rents moyens d&#8217;expression : la parole, l&#8217;\u00e9criture, le collage, les couleurs&#8230;<\/p>\n<p>Au programme :<br \/>\n\u00b7 M\u00e9t\u00e9o des humeurs<br \/>\n\u00b7 Portrait Sensoriel<br \/>\n\u00b7 Porte haut tes couleurs<br \/>\n\u00b7 Mandala de R\u00eav\u2019isualisation<br \/>\n\u00b7 Tirage d\u2019Oracle<\/p>\n<p>&#x1f308; Tu repartiras avec une joyeuse impulsion cr\u00e9ative et le c\u0153ur arc-en-ciel !<\/p>\n<p>Cet \u00e9v\u00e9nement est organis\u00e9 par Charlotte Farkas, cr\u00e9atrice d&#8217;univers sensibles et tisseuse de liens \u00e9motionnels. Elle aide les entrepreneuses audacieuses \u00e0 faire rayonner leur entreprise de c\u0153ur en co-cr\u00e9ant avec elles un univers inspirant, empreint de sens et d&#8217;\u00e9motions avec R\u00eave Coquelicot.<\/p>\n<p>Infos pratiques :<br \/>\n&#x1f4c5; Mardi 24 octobre de 14h30 \u00e0 17h30<br \/>\n<img decoding=\"async\" src=\"https:\/\/static.xx.fbcdn.net\/images\/emoji.php\/v9\/t8b\/1.5\/16\/1f516.png\" alt=\"&#x1f516;\" width=\"16\" height=\"16\" \/>\u00a0R\u00e9servation gratuite obligatoire<\/p>\n<p>&#x1f4cd; Sist\u2019Her : 82 rue du Faubourg Saint-Martin 75010 Paris<br \/>\nOuvert en mars 2021, Sist\u2019Her est le premier tiers-lieu sorore, d\u00e9di\u00e9 aux entrepreneuses et \u00e0 l\u2019impact en \u00cele-de-France. Port\u00e9 par l\u2019association Empow\u2019Her, c\u2019est un lieu de formations et de rencontres inclusif et collaboratif, ouvert \u00e0 tou\u00b7te\u00b7s o\u00f9 il est possible de se former, s\u2019inspirer, s\u2019engager et se rencontrer.\u201d<\/p>\n<p>A tr\u00e8s vite !<\/p>\n","protected":false},"featured_media":178119,"template":"","format":"standard","meta":{"_acf_changed":false,"om_disable_all_campaigns":false,"_uf_show_specific_survey":0,"_uf_disable_surveys":false},"product_brand":[],"product_cat":[119],"product_tag":[],"lieu":[127],"thematiques":[],"class_list":{"0":"post-178118","1":"product","2":"type-product","3":"status-publish","4":"format-standard","5":"has-post-thumbnail","7":"product_cat-evenement-sisther","8":"lieu-hub-empowher","10":"first","11":"instock","12":"virtual","13":"purchasable","14":"product-type-appointment"},"exclude_global_add_ons":[],"addons":[],"acf":[],"yoast_head":"<!-- This site is optimized with the Yoast SEO plugin v24.8 - https:\/\/yoast.com\/wordpress\/plugins\/seo\/ -->\n<title>Atelier Inspirations cr\u00e9atives, R\u00e9veille ton pouvoir cr\u00e9ateur !<\/title>\n<meta name=\"description\" content=\"R\u00eave Coquelicot organise un atelier pour r\u00e9veiller tes sens et ta cr\u00e9ativit\u00e9. Rendez vous chez Sist&#039;Her le 24 octobre de 14h30 \u00e0 17h30 !\" \/>\n<meta name=\"robots\" content=\"index, follow, max-snippet:-1, max-image-preview:large, max-video-preview:-1\" \/>\n<link rel=\"canonical\" href=\"https:\/\/empow-her.com\/produit\/atelier-inspirations-creatives-\u00b7-reveille-ton-pouvoir-createur\/\" \/>\n<meta property=\"og:locale\" content=\"en_US\" \/>\n<meta property=\"og:type\" content=\"article\" \/>\n<meta property=\"og:title\" content=\"Atelier Inspirations cr\u00e9atives, R\u00e9veille ton pouvoir cr\u00e9ateur !\" \/>\n<meta property=\"og:description\" content=\"R\u00eave Coquelicot organise un atelier pour r\u00e9veiller tes sens et ta cr\u00e9ativit\u00e9. Rendez vous chez Sist&#039;Her le 24 octobre de 14h30 \u00e0 17h30 !\" \/>\n<meta property=\"og:url\" content=\"https:\/\/empow-her.com\/produit\/atelier-inspirations-creatives-\u00b7-reveille-ton-pouvoir-createur\/\" \/>\n<meta property=\"og:site_name\" content=\"Empow&#039;Her\" \/>\n<meta property=\"article:modified_time\" content=\"2023-10-18T14:01:08+00:00\" \/>\n<meta property=\"og:image\" content=\"https:\/\/empow-her.com\/wp-content\/uploads\/2023\/06\/13-juindu-siecle-2.png\" \/>\n\t<meta property=\"og:image:width\" content=\"1080\" \/>\n\t<meta property=\"og:image:height\" content=\"1080\" \/>\n\t<meta property=\"og:image:type\" content=\"image\/png\" \/>\n<meta name=\"twitter:card\" content=\"summary_large_image\" \/>\n<meta name=\"twitter:label1\" content=\"Est. reading time\" \/>\n\t<meta name=\"twitter:data1\" content=\"2 minutes\" \/>\n<script type=\"application\/ld+json\" class=\"yoast-schema-graph\">{\"@context\":\"https:\/\/schema.org\",\"@graph\":[{\"@type\":\"WebPage\",\"@id\":\"https:\/\/empow-her.com\/produit\/atelier-inspirations-creatives-%c2%b7-reveille-ton-pouvoir-createur\/\",\"url\":\"https:\/\/empow-her.com\/produit\/atelier-inspirations-creatives-%c2%b7-reveille-ton-pouvoir-createur\/\",\"name\":\"Atelier Inspirations cr\u00e9atives, R\u00e9veille ton pouvoir cr\u00e9ateur !\",\"isPartOf\":{\"@id\":\"https:\/\/empow-her.com\/#website\"},\"primaryImageOfPage\":{\"@id\":\"https:\/\/empow-her.com\/produit\/atelier-inspirations-creatives-%c2%b7-reveille-ton-pouvoir-createur\/#primaryimage\"},\"image\":{\"@id\":\"https:\/\/empow-her.com\/produit\/atelier-inspirations-creatives-%c2%b7-reveille-ton-pouvoir-createur\/#primaryimage\"},\"thumbnailUrl\":\"https:\/\/empow-her.com\/wp-content\/uploads\/2023\/06\/13-juindu-siecle-2.png\",\"datePublished\":\"2023-06-28T14:30:12+00:00\",\"dateModified\":\"2023-10-18T14:01:08+00:00\",\"description\":\"R\u00eave Coquelicot organise un atelier pour r\u00e9veiller tes sens et ta cr\u00e9ativit\u00e9. Rendez vous chez Sist'Her le 24 octobre de 14h30 \u00e0 17h30 !\",\"breadcrumb\":{\"@id\":\"https:\/\/empow-her.com\/produit\/atelier-inspirations-creatives-%c2%b7-reveille-ton-pouvoir-createur\/#breadcrumb\"},\"inLanguage\":\"en-US\",\"potentialAction\":[{\"@type\":\"ReadAction\",\"target\":[\"https:\/\/empow-her.com\/produit\/atelier-inspirations-creatives-%c2%b7-reveille-ton-pouvoir-createur\/\"]}]},{\"@type\":\"ImageObject\",\"inLanguage\":\"en-US\",\"@id\":\"https:\/\/empow-her.com\/produit\/atelier-inspirations-creatives-%c2%b7-reveille-ton-pouvoir-createur\/#primaryimage\",\"url\":\"https:\/\/empow-her.com\/wp-content\/uploads\/2023\/06\/13-juindu-siecle-2.png\",\"contentUrl\":\"https:\/\/empow-her.com\/wp-content\/uploads\/2023\/06\/13-juindu-siecle-2.png\",\"width\":1080,\"height\":1080},{\"@type\":\"BreadcrumbList\",\"@id\":\"https:\/\/empow-her.com\/produit\/atelier-inspirations-creatives-%c2%b7-reveille-ton-pouvoir-createur\/#breadcrumb\",\"itemListElement\":[{\"@type\":\"ListItem\",\"position\":1,\"name\":\"Accueil\",\"item\":\"https:\/\/empow-her.com\/en\/landing-page\/\"},{\"@type\":\"ListItem\",\"position\":2,\"name\":\"LA BOUTIQUE\",\"item\":\"https:\/\/empow-her.com\/boutique\/\"},{\"@type\":\"ListItem\",\"position\":3,\"name\":\"Atelier INSPIRATIONS CR\u00c9ATIVES \u00b7 R\u00e9veille ton pouvoir cr\u00e9ateur !\"}]},{\"@type\":\"WebSite\",\"@id\":\"https:\/\/empow-her.com\/#website\",\"url\":\"https:\/\/empow-her.com\/\",\"name\":\"Empow&#039;Her\",\"description\":\"Women Development\",\"potentialAction\":[{\"@type\":\"SearchAction\",\"target\":{\"@type\":\"EntryPoint\",\"urlTemplate\":\"https:\/\/empow-her.com\/?s={search_term_string}\"},\"query-input\":{\"@type\":\"PropertyValueSpecification\",\"valueRequired\":true,\"valueName\":\"search_term_string\"}}],\"inLanguage\":\"en-US\"}]}<\/script>\n<!-- \/ Yoast SEO plugin. -->","yoast_head_json":{"title":"Atelier Inspirations cr\u00e9atives, R\u00e9veille ton pouvoir cr\u00e9ateur !","description":"R\u00eave Coquelicot organise un atelier pour r\u00e9veiller tes sens et ta cr\u00e9ativit\u00e9. Rendez vous chez Sist'Her le 24 octobre de 14h30 \u00e0 17h30 !","robots":{"index":"index","follow":"follow","max-snippet":"max-snippet:-1","max-image-preview":"max-image-preview:large","max-video-preview":"max-video-preview:-1"},"canonical":"https:\/\/empow-her.com\/produit\/atelier-inspirations-creatives-\u00b7-reveille-ton-pouvoir-createur\/","og_locale":"en_US","og_type":"article","og_title":"Atelier Inspirations cr\u00e9atives, R\u00e9veille ton pouvoir cr\u00e9ateur !","og_description":"R\u00eave Coquelicot organise un atelier pour r\u00e9veiller tes sens et ta cr\u00e9ativit\u00e9. Rendez vous chez Sist'Her le 24 octobre de 14h30 \u00e0 17h30 !","og_url":"https:\/\/empow-her.com\/produit\/atelier-inspirations-creatives-\u00b7-reveille-ton-pouvoir-createur\/","og_site_name":"Empow&#039;Her","article_modified_time":"2023-10-18T14:01:08+00:00","og_image":[{"width":1080,"height":1080,"url":"https:\/\/empow-her.com\/wp-content\/uploads\/2023\/06\/13-juindu-siecle-2.png","type":"image\/png"}],"twitter_card":"summary_large_image","twitter_misc":{"Est. reading time":"2 minutes"},"schema":{"@context":"https:\/\/schema.org","@graph":[{"@type":"WebPage","@id":"https:\/\/empow-her.com\/produit\/atelier-inspirations-creatives-%c2%b7-reveille-ton-pouvoir-createur\/","url":"https:\/\/empow-her.com\/produit\/atelier-inspirations-creatives-%c2%b7-reveille-ton-pouvoir-createur\/","name":"Atelier Inspirations cr\u00e9atives, R\u00e9veille ton pouvoir cr\u00e9ateur !","isPartOf":{"@id":"https:\/\/empow-her.com\/#website"},"primaryImageOfPage":{"@id":"https:\/\/empow-her.com\/produit\/atelier-inspirations-creatives-%c2%b7-reveille-ton-pouvoir-createur\/#primaryimage"},"image":{"@id":"https:\/\/empow-her.com\/produit\/atelier-inspirations-creatives-%c2%b7-reveille-ton-pouvoir-createur\/#primaryimage"},"thumbnailUrl":"https:\/\/empow-her.com\/wp-content\/uploads\/2023\/06\/13-juindu-siecle-2.png","datePublished":"2023-06-28T14:30:12+00:00","dateModified":"2023-10-18T14:01:08+00:00","description":"R\u00eave Coquelicot organise un atelier pour r\u00e9veiller tes sens et ta cr\u00e9ativit\u00e9. Rendez vous chez Sist'Her le 24 octobre de 14h30 \u00e0 17h30 !","breadcrumb":{"@id":"https:\/\/empow-her.com\/produit\/atelier-inspirations-creatives-%c2%b7-reveille-ton-pouvoir-createur\/#breadcrumb"},"inLanguage":"en-US","potentialAction":[{"@type":"ReadAction","target":["https:\/\/empow-her.com\/produit\/atelier-inspirations-creatives-%c2%b7-reveille-ton-pouvoir-createur\/"]}]},{"@type":"ImageObject","inLanguage":"en-US","@id":"https:\/\/empow-her.com\/produit\/atelier-inspirations-creatives-%c2%b7-reveille-ton-pouvoir-createur\/#primaryimage","url":"https:\/\/empow-her.com\/wp-content\/uploads\/2023\/06\/13-juindu-siecle-2.png","contentUrl":"https:\/\/empow-her.com\/wp-content\/uploads\/2023\/06\/13-juindu-siecle-2.png","width":1080,"height":1080},{"@type":"BreadcrumbList","@id":"https:\/\/empow-her.com\/produit\/atelier-inspirations-creatives-%c2%b7-reveille-ton-pouvoir-createur\/#breadcrumb","itemListElement":[{"@type":"ListItem","position":1,"name":"Accueil","item":"https:\/\/empow-her.com\/en\/landing-page\/"},{"@type":"ListItem","position":2,"name":"LA BOUTIQUE","item":"https:\/\/empow-her.com\/boutique\/"},{"@type":"ListItem","position":3,"name":"Atelier INSPIRATIONS CR\u00c9ATIVES \u00b7 R\u00e9veille ton pouvoir cr\u00e9ateur !"}]},{"@type":"WebSite","@id":"https:\/\/empow-her.com\/#website","url":"https:\/\/empow-her.com\/","name":"Empow&#039;Her","description":"Women Development","potentialAction":[{"@type":"SearchAction","target":{"@type":"EntryPoint","urlTemplate":"https:\/\/empow-her.com\/?s={search_term_string}"},"query-input":{"@type":"PropertyValueSpecification","valueRequired":true,"valueName":"search_term_string"}}],"inLanguage":"en-US"}]}},"_links":{"self":[{"href":"https:\/\/empow-her.com\/en\/wp-json\/wp\/v2\/product\/178118","targetHints":{"allow":["GET"]}}],"collection":[{"href":"https:\/\/empow-her.com\/en\/wp-json\/wp\/v2\/product"}],"about":[{"href":"https:\/\/empow-her.com\/en\/wp-json\/wp\/v2\/types\/product"}],"wp:featuredmedia":[{"embeddable":true,"href":"https:\/\/empow-her.com\/en\/wp-json\/wp\/v2\/media\/178119"}],"wp:attachment":[{"href":"https:\/\/empow-her.com\/en\/wp-json\/wp\/v2\/media?parent=178118"}],"wp:term":[{"taxonomy":"product_brand","embeddable":true,"href":"https:\/\/empow-her.com\/en\/wp-json\/wp\/v2\/product_brand?post=178118"},{"taxonomy":"product_cat","embeddable":true,"href":"https:\/\/empow-her.com\/en\/wp-json\/wp\/v2\/product_cat?post=178118"},{"taxonomy":"product_tag","embeddable":true,"href":"https:\/\/empow-her.com\/en\/wp-json\/wp\/v2\/product_tag?post=178118"},{"taxonomy":"lieu","embeddable":true,"href":"https:\/\/empow-her.com\/en\/wp-json\/wp\/v2\/lieu?post=178118"},{"taxonomy":"thematiques","embeddable":true,"href":"https:\/\/empow-her.com\/en\/wp-json\/wp\/v2\/thematiques?post=178118"}],"curies":[{"name":"wp","href":"https:\/\/api.w.org\/{rel}","templated":true}]}}