{"id":178115,"date":"2023-06-28T16:12:45","date_gmt":"2023-06-28T14:12:45","guid":{"rendered":"https:\/\/empow-her.com\/?post_type=product&#038;p=178115"},"modified":"2023-09-01T16:12:20","modified_gmt":"2023-09-01T14:12:20","slug":"open-talk-la-communication-est-elle-enfin-inclusive-en-2023","status":"publish","type":"product","link":"https:\/\/empow-her.com\/en\/produit\/open-talk-la-communication-est-elle-enfin-inclusive-en-2023\/","title":{"rendered":"Open Talk : la communication est-elle enfin inclusive en 2023 ?"},"content":{"rendered":"<p><span style=\"font-weight: 400;\">&#x1f5bc;&#xfe0f; <\/span>Quelle image votre marque v\u00e9hicule-t-elle ? Touche-t-elle sa cible ?<br \/>\nCet Open-talk vous propose de mieux comprendre les attentes de vos clients en mati\u00e8re d&#8217;inclusion et de diversit\u00e9, la mani\u00e8re dont cela impacte votre business, et surtout vous indiquera comment trouver des contenus visuels repr\u00e9sentatifs.<br \/>\nUn temps d&#8217;\u00e9change convivial autour des bonnes pratiques aura lieu \u00e0 l&#8217;issue du Talk.<\/p>\n<p>Cet \u00e9v\u00e9nement est organis\u00e9 par Laure Dubuet-Routier, cr\u00e9atrice de la BIOM. La BIOM est la banque d&#8217;images Made in France qui aide les marques \u00e0 mieux communiquer aupr\u00e8s de leurs client.e.s gr\u00e2ce \u00e0 son offre de photographies repr\u00e9sentatives, inclusives et non-st\u00e9r\u00e9otyp\u00e9es.<\/p>\n<p>Infos pratiques :<br \/>\n&#x1f4c5; Mardi 19 septembre de 18h30 \u00e0 20h30<br \/>\n<img decoding=\"async\" src=\"https:\/\/static.xx.fbcdn.net\/images\/emoji.php\/v9\/t8b\/1.5\/16\/1f516.png\" alt=\"&#x1f516;\" width=\"16\" height=\"16\" \/>\u00a0R\u00e9servation gratuite obligatoire<\/p>\n<p>&#x1f4cd; Sist\u2019Her : 82 rue du Faubourg Saint-Martin 75010 Paris<br \/>\nOuvert en mars 2021, Sist\u2019Her est le premier tiers-lieu sorore, d\u00e9di\u00e9 aux entrepreneuses et \u00e0 l\u2019impact en \u00cele-de-France. Port\u00e9 par l\u2019association Empow\u2019Her, c\u2019est un lieu de formations et de rencontres inclusif et collaboratif, ouvert \u00e0 tou\u00b7te\u00b7s o\u00f9 il est possible de se former, s\u2019inspirer, s\u2019engager et se rencontrer.\u201d<\/p>\n<p>A tr\u00e8s vite !<\/p>\n","protected":false},"excerpt":{"rendered":"<p><span style=\"font-weight: 400;\">&#x1f5bc;&#xfe0f; <\/span>Quelle image votre marque v\u00e9hicule-t-elle ? Touche-t-elle sa cible ?<br \/>\nCet Open-talk vous propose de mieux comprendre les attentes de vos clients en mati\u00e8re d&#8217;inclusion et de diversit\u00e9, la mani\u00e8re dont cela impacte votre business, et surtout vous indiquera comment trouver des contenus visuels repr\u00e9sentatifs.<br \/>\nUn temps d&#8217;\u00e9change convivial autour des bonnes pratiques aura lieu \u00e0 l&#8217;issue du Talk.<\/p>\n<p>Cet \u00e9v\u00e9nement est organis\u00e9 par Laure Dubuet-Routier, cr\u00e9atrice de la BIOM. La BIOM est la banque d&#8217;images Made in France qui aide les marques \u00e0 mieux communiquer aupr\u00e8s de leurs client.e.s gr\u00e2ce \u00e0 son offre de photographies repr\u00e9sentatives, inclusives et non-st\u00e9r\u00e9otyp\u00e9es.<\/p>\n<p>Infos pratiques :<br \/>\n&#x1f4c5; Mardi 19 septembre de 18h30 \u00e0 20h30<br \/>\n<img decoding=\"async\" src=\"https:\/\/static.xx.fbcdn.net\/images\/emoji.php\/v9\/t8b\/1.5\/16\/1f516.png\" alt=\"&#x1f516;\" width=\"16\" height=\"16\" \/>\u00a0R\u00e9servation gratuite obligatoire<\/p>\n<p>&#x1f4cd; Sist\u2019Her : 82 rue du Faubourg Saint-Martin 75010 Paris<br \/>\nOuvert en mars 2021, Sist\u2019Her est le premier tiers-lieu sorore, d\u00e9di\u00e9 aux entrepreneuses et \u00e0 l\u2019impact en \u00cele-de-France. Port\u00e9 par l\u2019association Empow\u2019Her, c\u2019est un lieu de formations et de rencontres inclusif et collaboratif, ouvert \u00e0 tou\u00b7te\u00b7s o\u00f9 il est possible de se former, s\u2019inspirer, s\u2019engager et se rencontrer.\u201d<\/p>\n<p>A tr\u00e8s vite !<\/p>\n","protected":false},"featured_media":178116,"template":"","format":"standard","meta":{"_acf_changed":false,"om_disable_all_campaigns":false,"_uf_show_specific_survey":0,"_uf_disable_surveys":false},"product_brand":[],"product_cat":[119],"product_tag":[],"lieu":[127],"thematiques":[],"class_list":{"0":"post-178115","1":"product","2":"type-product","3":"status-publish","4":"format-standard","5":"has-post-thumbnail","7":"product_cat-evenement-sisther","8":"lieu-hub-empowher","10":"first","11":"instock","12":"virtual","13":"purchasable","14":"product-type-appointment"},"exclude_global_add_ons":[],"addons":[],"acf":[],"yoast_head":"<!-- This site is optimized with the Yoast SEO plugin v24.8 - https:\/\/yoast.com\/wordpress\/plugins\/seo\/ -->\n<title>Open Talk : la communication est-elle enfin inclusive en 2023 ?<\/title>\n<meta name=\"description\" content=\"La BIOM organise un open talk sur l&#039;inclusion et la diversit\u00e9 dans la communication. Rendez vous chez Sist&#039;Her le 19 septembre de 18h30 \u00e0 20h30 !\" \/>\n<meta name=\"robots\" content=\"index, follow, max-snippet:-1, max-image-preview:large, max-video-preview:-1\" \/>\n<link rel=\"canonical\" href=\"https:\/\/empow-her.com\/produit\/open-talk-la-communication-est-elle-enfin-inclusive-en-2023\/\" \/>\n<meta property=\"og:locale\" content=\"en_US\" \/>\n<meta property=\"og:type\" content=\"article\" \/>\n<meta property=\"og:title\" content=\"Open Talk : la communication est-elle enfin inclusive en 2023 ?\" \/>\n<meta property=\"og:description\" content=\"La BIOM organise un open talk sur l&#039;inclusion et la diversit\u00e9 dans la communication. Rendez vous chez Sist&#039;Her le 19 septembre de 18h30 \u00e0 20h30 !\" \/>\n<meta property=\"og:url\" content=\"https:\/\/empow-her.com\/produit\/open-talk-la-communication-est-elle-enfin-inclusive-en-2023\/\" \/>\n<meta property=\"og:site_name\" content=\"Empow&#039;Her\" \/>\n<meta property=\"article:modified_time\" content=\"2023-09-01T14:12:20+00:00\" \/>\n<meta property=\"og:image\" content=\"https:\/\/empow-her.com\/wp-content\/uploads\/2023\/06\/13-juindu-siecle-1.png\" \/>\n\t<meta property=\"og:image:width\" content=\"1080\" \/>\n\t<meta property=\"og:image:height\" content=\"1080\" \/>\n\t<meta property=\"og:image:type\" content=\"image\/png\" \/>\n<meta name=\"twitter:card\" content=\"summary_large_image\" \/>\n<meta name=\"twitter:label1\" content=\"Est. reading time\" \/>\n\t<meta name=\"twitter:data1\" content=\"2 minutes\" \/>\n<script type=\"application\/ld+json\" class=\"yoast-schema-graph\">{\"@context\":\"https:\/\/schema.org\",\"@graph\":[{\"@type\":\"WebPage\",\"@id\":\"https:\/\/empow-her.com\/produit\/open-talk-la-communication-est-elle-enfin-inclusive-en-2023\/\",\"url\":\"https:\/\/empow-her.com\/produit\/open-talk-la-communication-est-elle-enfin-inclusive-en-2023\/\",\"name\":\"Open Talk : la communication est-elle enfin inclusive en 2023 ?\",\"isPartOf\":{\"@id\":\"https:\/\/empow-her.com\/#website\"},\"primaryImageOfPage\":{\"@id\":\"https:\/\/empow-her.com\/produit\/open-talk-la-communication-est-elle-enfin-inclusive-en-2023\/#primaryimage\"},\"image\":{\"@id\":\"https:\/\/empow-her.com\/produit\/open-talk-la-communication-est-elle-enfin-inclusive-en-2023\/#primaryimage\"},\"thumbnailUrl\":\"https:\/\/empow-her.com\/wp-content\/uploads\/2023\/06\/13-juindu-siecle-1.png\",\"datePublished\":\"2023-06-28T14:12:45+00:00\",\"dateModified\":\"2023-09-01T14:12:20+00:00\",\"description\":\"La BIOM organise un open talk sur l'inclusion et la diversit\u00e9 dans la communication. Rendez vous chez Sist'Her le 19 septembre de 18h30 \u00e0 20h30 !\",\"breadcrumb\":{\"@id\":\"https:\/\/empow-her.com\/produit\/open-talk-la-communication-est-elle-enfin-inclusive-en-2023\/#breadcrumb\"},\"inLanguage\":\"en-US\",\"potentialAction\":[{\"@type\":\"ReadAction\",\"target\":[\"https:\/\/empow-her.com\/produit\/open-talk-la-communication-est-elle-enfin-inclusive-en-2023\/\"]}]},{\"@type\":\"ImageObject\",\"inLanguage\":\"en-US\",\"@id\":\"https:\/\/empow-her.com\/produit\/open-talk-la-communication-est-elle-enfin-inclusive-en-2023\/#primaryimage\",\"url\":\"https:\/\/empow-her.com\/wp-content\/uploads\/2023\/06\/13-juindu-siecle-1.png\",\"contentUrl\":\"https:\/\/empow-her.com\/wp-content\/uploads\/2023\/06\/13-juindu-siecle-1.png\",\"width\":1080,\"height\":1080},{\"@type\":\"BreadcrumbList\",\"@id\":\"https:\/\/empow-her.com\/produit\/open-talk-la-communication-est-elle-enfin-inclusive-en-2023\/#breadcrumb\",\"itemListElement\":[{\"@type\":\"ListItem\",\"position\":1,\"name\":\"Accueil\",\"item\":\"https:\/\/empow-her.com\/en\/landing-page\/\"},{\"@type\":\"ListItem\",\"position\":2,\"name\":\"LA BOUTIQUE\",\"item\":\"https:\/\/empow-her.com\/boutique\/\"},{\"@type\":\"ListItem\",\"position\":3,\"name\":\"Open Talk : la communication est-elle enfin inclusive en 2023 ?\"}]},{\"@type\":\"WebSite\",\"@id\":\"https:\/\/empow-her.com\/#website\",\"url\":\"https:\/\/empow-her.com\/\",\"name\":\"Empow&#039;Her\",\"description\":\"Women Development\",\"potentialAction\":[{\"@type\":\"SearchAction\",\"target\":{\"@type\":\"EntryPoint\",\"urlTemplate\":\"https:\/\/empow-her.com\/?s={search_term_string}\"},\"query-input\":{\"@type\":\"PropertyValueSpecification\",\"valueRequired\":true,\"valueName\":\"search_term_string\"}}],\"inLanguage\":\"en-US\"}]}<\/script>\n<!-- \/ Yoast SEO plugin. -->","yoast_head_json":{"title":"Open Talk : la communication est-elle enfin inclusive en 2023 ?","description":"La BIOM organise un open talk sur l'inclusion et la diversit\u00e9 dans la communication. Rendez vous chez Sist'Her le 19 septembre de 18h30 \u00e0 20h30 !","robots":{"index":"index","follow":"follow","max-snippet":"max-snippet:-1","max-image-preview":"max-image-preview:large","max-video-preview":"max-video-preview:-1"},"canonical":"https:\/\/empow-her.com\/produit\/open-talk-la-communication-est-elle-enfin-inclusive-en-2023\/","og_locale":"en_US","og_type":"article","og_title":"Open Talk : la communication est-elle enfin inclusive en 2023 ?","og_description":"La BIOM organise un open talk sur l'inclusion et la diversit\u00e9 dans la communication. Rendez vous chez Sist'Her le 19 septembre de 18h30 \u00e0 20h30 !","og_url":"https:\/\/empow-her.com\/produit\/open-talk-la-communication-est-elle-enfin-inclusive-en-2023\/","og_site_name":"Empow&#039;Her","article_modified_time":"2023-09-01T14:12:20+00:00","og_image":[{"width":1080,"height":1080,"url":"https:\/\/empow-her.com\/wp-content\/uploads\/2023\/06\/13-juindu-siecle-1.png","type":"image\/png"}],"twitter_card":"summary_large_image","twitter_misc":{"Est. reading time":"2 minutes"},"schema":{"@context":"https:\/\/schema.org","@graph":[{"@type":"WebPage","@id":"https:\/\/empow-her.com\/produit\/open-talk-la-communication-est-elle-enfin-inclusive-en-2023\/","url":"https:\/\/empow-her.com\/produit\/open-talk-la-communication-est-elle-enfin-inclusive-en-2023\/","name":"Open Talk : la communication est-elle enfin inclusive en 2023 ?","isPartOf":{"@id":"https:\/\/empow-her.com\/#website"},"primaryImageOfPage":{"@id":"https:\/\/empow-her.com\/produit\/open-talk-la-communication-est-elle-enfin-inclusive-en-2023\/#primaryimage"},"image":{"@id":"https:\/\/empow-her.com\/produit\/open-talk-la-communication-est-elle-enfin-inclusive-en-2023\/#primaryimage"},"thumbnailUrl":"https:\/\/empow-her.com\/wp-content\/uploads\/2023\/06\/13-juindu-siecle-1.png","datePublished":"2023-06-28T14:12:45+00:00","dateModified":"2023-09-01T14:12:20+00:00","description":"La BIOM organise un open talk sur l'inclusion et la diversit\u00e9 dans la communication. Rendez vous chez Sist'Her le 19 septembre de 18h30 \u00e0 20h30 !","breadcrumb":{"@id":"https:\/\/empow-her.com\/produit\/open-talk-la-communication-est-elle-enfin-inclusive-en-2023\/#breadcrumb"},"inLanguage":"en-US","potentialAction":[{"@type":"ReadAction","target":["https:\/\/empow-her.com\/produit\/open-talk-la-communication-est-elle-enfin-inclusive-en-2023\/"]}]},{"@type":"ImageObject","inLanguage":"en-US","@id":"https:\/\/empow-her.com\/produit\/open-talk-la-communication-est-elle-enfin-inclusive-en-2023\/#primaryimage","url":"https:\/\/empow-her.com\/wp-content\/uploads\/2023\/06\/13-juindu-siecle-1.png","contentUrl":"https:\/\/empow-her.com\/wp-content\/uploads\/2023\/06\/13-juindu-siecle-1.png","width":1080,"height":1080},{"@type":"BreadcrumbList","@id":"https:\/\/empow-her.com\/produit\/open-talk-la-communication-est-elle-enfin-inclusive-en-2023\/#breadcrumb","itemListElement":[{"@type":"ListItem","position":1,"name":"Accueil","item":"https:\/\/empow-her.com\/en\/landing-page\/"},{"@type":"ListItem","position":2,"name":"LA BOUTIQUE","item":"https:\/\/empow-her.com\/boutique\/"},{"@type":"ListItem","position":3,"name":"Open Talk : la communication est-elle enfin inclusive en 2023 ?"}]},{"@type":"WebSite","@id":"https:\/\/empow-her.com\/#website","url":"https:\/\/empow-her.com\/","name":"Empow&#039;Her","description":"Women Development","potentialAction":[{"@type":"SearchAction","target":{"@type":"EntryPoint","urlTemplate":"https:\/\/empow-her.com\/?s={search_term_string}"},"query-input":{"@type":"PropertyValueSpecification","valueRequired":true,"valueName":"search_term_string"}}],"inLanguage":"en-US"}]}},"_links":{"self":[{"href":"https:\/\/empow-her.com\/en\/wp-json\/wp\/v2\/product\/178115","targetHints":{"allow":["GET"]}}],"collection":[{"href":"https:\/\/empow-her.com\/en\/wp-json\/wp\/v2\/product"}],"about":[{"href":"https:\/\/empow-her.com\/en\/wp-json\/wp\/v2\/types\/product"}],"wp:featuredmedia":[{"embeddable":true,"href":"https:\/\/empow-her.com\/en\/wp-json\/wp\/v2\/media\/178116"}],"wp:attachment":[{"href":"https:\/\/empow-her.com\/en\/wp-json\/wp\/v2\/media?parent=178115"}],"wp:term":[{"taxonomy":"product_brand","embeddable":true,"href":"https:\/\/empow-her.com\/en\/wp-json\/wp\/v2\/product_brand?post=178115"},{"taxonomy":"product_cat","embeddable":true,"href":"https:\/\/empow-her.com\/en\/wp-json\/wp\/v2\/product_cat?post=178115"},{"taxonomy":"product_tag","embeddable":true,"href":"https:\/\/empow-her.com\/en\/wp-json\/wp\/v2\/product_tag?post=178115"},{"taxonomy":"lieu","embeddable":true,"href":"https:\/\/empow-her.com\/en\/wp-json\/wp\/v2\/lieu?post=178115"},{"taxonomy":"thematiques","embeddable":true,"href":"https:\/\/empow-her.com\/en\/wp-json\/wp\/v2\/thematiques?post=178115"}],"curies":[{"name":"wp","href":"https:\/\/api.w.org\/{rel}","templated":true}]}}