{"id":17627,"date":"2021-09-27T11:22:06","date_gmt":"2021-09-27T09:22:06","guid":{"rendered":"https:\/\/empow-her.com\/?post_type=product&#038;p=17627"},"modified":"2021-09-27T11:32:43","modified_gmt":"2021-09-27T09:32:43","slug":"mini-atelier-focus-gerer-et-piloter","status":"publish","type":"product","link":"https:\/\/empow-her.com\/en\/produit\/mini-atelier-focus-gerer-et-piloter\/","title":{"rendered":"Mini Atelier Focus : G\u00e9rer et piloter son entreprise (2 heures)"},"content":{"rendered":"","protected":false},"excerpt":{"rendered":"<p style=\"text-align: left;\">Rendez-vous pour un format in\u00e9dit : b\u00e9n\u00e9ficiez de deux heures en petits groupes de 3 entrepreneures pour revenir en profondeur sur une notion cl\u00e9 avec nos expertes. Cette session est comptabilis\u00e9e comme 1h de coaching individuel (sur vos 10h disponibles) \u2013 deux fois plus de temps pour vous permettre de faire d\u00e9coller vos projets !<\/p>\n<p>Retrouvez un petit groupe de porteuses projet, et b\u00e9n\u00e9ficiez d&#8217;un atelier &#8220;acc\u00e9l\u00e9r\u00e9&#8221; anim\u00e9 par une experte en financement et gestion d&#8217;entreprise et apprenez \u00e0 devenir \u00ab gestionnaire \u00bb, g\u00e9rer votre entreprise au quotidien et mettre en place des processus efficaces pour gagner du temps. D\u00e9couvrez les incontournables de la gestion, et les tips pour vous aider \u00e0 g\u00e9rer vos premiers mois d&#8217;une main de fer !<\/p>\n<p><span data-sheets-value=\"{&quot;1&quot;:2,&quot;2&quot;:&quot;Alexandre Sourzac-Lami est co-fondateur de Comit, une structure sp\u00e9cialis\u00e9e qui con\u00e7oit et adapte des outils et m\u00e9thodes pour donner aux entrepreneur.e.s la capacit\u00e9 de d\u00e9velopper des mod\u00e8les \u00e9conomiques p\u00e9rennes.&quot;}\" data-sheets-userformat=\"{&quot;2&quot;:1055743,&quot;3&quot;:{&quot;1&quot;:0},&quot;4&quot;:{&quot;1&quot;:2,&quot;2&quot;:16777215},&quot;5&quot;:{&quot;1&quot;:[{&quot;1&quot;:2,&quot;2&quot;:0,&quot;5&quot;:{&quot;1&quot;:2,&quot;2&quot;:0}},{&quot;1&quot;:0,&quot;2&quot;:0,&quot;3&quot;:3},{&quot;1&quot;:1,&quot;2&quot;:0,&quot;4&quot;:1}]},&quot;6&quot;:{&quot;1&quot;:[{&quot;1&quot;:2,&quot;2&quot;:0,&quot;5&quot;:{&quot;1&quot;:2,&quot;2&quot;:0}},{&quot;1&quot;:0,&quot;2&quot;:0,&quot;3&quot;:3},{&quot;1&quot;:1,&quot;2&quot;:0,&quot;4&quot;:1}]},&quot;7&quot;:{&quot;1&quot;:[{&quot;1&quot;:2,&quot;2&quot;:0,&quot;5&quot;:{&quot;1&quot;:2,&quot;2&quot;:0}},{&quot;1&quot;:0,&quot;2&quot;:0,&quot;3&quot;:3},{&quot;1&quot;:1,&quot;2&quot;:0,&quot;4&quot;:1}]},&quot;8&quot;:{&quot;1&quot;:[{&quot;1&quot;:2,&quot;2&quot;:0,&quot;5&quot;:{&quot;1&quot;:2,&quot;2&quot;:0}},{&quot;1&quot;:0,&quot;2&quot;:0,&quot;3&quot;:3},{&quot;1&quot;:1,&quot;2&quot;:0,&quot;4&quot;:1}]},&quot;9&quot;:0,&quot;10&quot;:1,&quot;11&quot;:4,&quot;12&quot;:0,&quot;14&quot;:{&quot;1&quot;:2,&quot;2&quot;:0},&quot;15&quot;:&quot;Calibri&quot;,&quot;23&quot;:1}\" data-sheets-textstyleruns=\"{&quot;1&quot;:0}\uee10{&quot;1&quot;:43,&quot;2&quot;:{&quot;2&quot;:{&quot;1&quot;:2,&quot;2&quot;:1136076},&quot;9&quot;:1}}\uee10{&quot;1&quot;:48}\" data-sheets-hyperlinkruns=\"{&quot;1&quot;:43,&quot;2&quot;:&quot;https:\/\/www.comit.berlin\/&quot;}\uee10{&quot;1&quot;:48}\"><strong>Intervenante : Anne-Laure Juliot<\/strong><\/span><\/p>\n<p>Directrice financi\u00e8re externalis\u00e9e, Anne-Laure aide des TPE \/PME \u00e0 structurer leur suivi financier (organisation comptable, contr\u00f4le de gestion&#8230;).<\/p>\n<p><strong>Dur\u00e9e<\/strong> : 2h<\/p>\n<p>&nbsp;<\/p>\n<p>Ce projet est co-financ\u00e9 par le Fonds Social Europ\u00e9en.<\/p>\n<p><img decoding=\"async\" class=\"\" src=\"https:\/\/www.sep-asso.fr\/wp-content\/uploads\/2018\/02\/logo-union-europeenne.png\" alt=\"logo union europeenne \u2013 SEP\" width=\"87\" height=\"72\" \/> <img decoding=\"async\" class=\"alignnone wp-image-15218\" src=\"https:\/\/empow-her.com\/wp-content\/uploads\/2021\/06\/logo_fonds_social_europeen-300x187.png\" alt=\"\" width=\"104\" height=\"65\" srcset=\"https:\/\/empow-her.com\/wp-content\/uploads\/2021\/06\/logo_fonds_social_europeen-300x187.png 300w, https:\/\/empow-her.com\/wp-content\/uploads\/2021\/06\/logo_fonds_social_europeen-600x375.png 600w, https:\/\/empow-her.com\/wp-content\/uploads\/2021\/06\/logo_fonds_social_europeen-24x15.png 24w, https:\/\/empow-her.com\/wp-content\/uploads\/2021\/06\/logo_fonds_social_europeen-36x22.png 36w, https:\/\/empow-her.com\/wp-content\/uploads\/2021\/06\/logo_fonds_social_europeen-48x30.png 48w, https:\/\/empow-her.com\/wp-content\/uploads\/2021\/06\/logo_fonds_social_europeen.png 666w\" sizes=\"(max-width: 104px) 100vw, 104px\" \/>\u00a0 <img decoding=\"async\" class=\"\" src=\"https:\/\/franceactive-idf.org\/wp-content\/uploads\/2020\/02\/logo-region-ile-de-france.png\" alt=\"Logo Region Ile De France - France Active \u00cele-de-France\" width=\"126\" height=\"29\" \/><\/p>\n","protected":false},"featured_media":17630,"template":"","format":"standard","meta":{"_acf_changed":false,"om_disable_all_campaigns":false,"_uf_show_specific_survey":0,"_uf_disable_surveys":false},"product_brand":[],"product_cat":[121],"product_tag":[],"lieu":[125],"thematiques":[],"class_list":{"0":"post-17627","1":"product","2":"type-product","3":"status-publish","4":"format-standard","5":"has-post-thumbnail","7":"product_cat-coaching","8":"lieu-en-ligne","10":"first","11":"instock","12":"virtual","13":"purchasable","14":"product-type-appointment"},"exclude_global_add_ons":[],"addons":[],"acf":[],"yoast_head":"<!-- This site is optimized with the Yoast SEO plugin v24.8 - https:\/\/yoast.com\/wordpress\/plugins\/seo\/ -->\n<title>Mini Atelier Focus : G\u00e9rer et piloter son entreprise (2 heures) - Empow&#039;Her<\/title>\n<meta name=\"robots\" content=\"index, follow, max-snippet:-1, max-image-preview:large, max-video-preview:-1\" \/>\n<link rel=\"canonical\" href=\"https:\/\/empow-her.com\/es\/produit\/mini-atelier-focus-gerer-et-piloter\/\" \/>\n<meta property=\"og:locale\" content=\"en_US\" \/>\n<meta property=\"og:type\" content=\"article\" \/>\n<meta property=\"og:title\" content=\"Mini Atelier Focus : G\u00e9rer et piloter son entreprise (2 heures) - Empow&#039;Her\" \/>\n<meta property=\"og:description\" content=\"Rendez-vous pour un format in\u00e9dit : b\u00e9n\u00e9ficiez de deux heures en petits groupes de 3 entrepreneures pour revenir en profondeur sur une notion cl\u00e9 avec nos expertes. Cette session est comptabilis\u00e9e comme 1h de coaching individuel (sur vos 10h disponibles) \u2013 deux fois plus de temps pour vous permettre de faire d\u00e9coller vos projets !  Retrouvez un petit groupe de porteuses projet, et b\u00e9n\u00e9ficiez d&#039;un atelier &quot;acc\u00e9l\u00e9r\u00e9&quot; anim\u00e9 par une experte en financement et gestion d&#039;entreprise et apprenez \u00e0 devenir \u00ab gestionnaire \u00bb, g\u00e9rer votre entreprise au quotidien et mettre en place des processus efficaces pour gagner du temps. D\u00e9couvrez les incontournables de la gestion, et les tips pour vous aider \u00e0 g\u00e9rer vos premiers mois d&#039;une main de fer ! Intervenante : Anne-Laure Juliot  Directrice financi\u00e8re externalis\u00e9e, Anne-Laure aide des TPE \/PME \u00e0 structurer leur suivi financier (organisation comptable, contr\u00f4le de gestion...).  Dur\u00e9e : 2h  &nbsp;  Ce projet est co-financ\u00e9 par le Fonds Social Europ\u00e9en.   \u00a0\" \/>\n<meta property=\"og:url\" content=\"https:\/\/empow-her.com\/es\/produit\/mini-atelier-focus-gerer-et-piloter\/\" \/>\n<meta property=\"og:site_name\" content=\"Empow&#039;Her\" \/>\n<meta property=\"article:modified_time\" content=\"2021-09-27T09:32:43+00:00\" \/>\n<meta property=\"og:image\" content=\"https:\/\/empow-her.com\/wp-content\/uploads\/2021\/09\/TEMPLATE-EVENTS-WOMEN-DARE-20.png\" \/>\n\t<meta property=\"og:image:width\" content=\"1080\" \/>\n\t<meta property=\"og:image:height\" content=\"1080\" \/>\n\t<meta property=\"og:image:type\" content=\"image\/png\" \/>\n<meta name=\"twitter:card\" content=\"summary_large_image\" \/>\n<script type=\"application\/ld+json\" class=\"yoast-schema-graph\">{\"@context\":\"https:\/\/schema.org\",\"@graph\":[{\"@type\":\"WebPage\",\"@id\":\"https:\/\/empow-her.com\/es\/produit\/mini-atelier-focus-gerer-et-piloter\/\",\"url\":\"https:\/\/empow-her.com\/es\/produit\/mini-atelier-focus-gerer-et-piloter\/\",\"name\":\"Mini Atelier Focus : G\u00e9rer et piloter son entreprise (2 heures) - Empow&#039;Her\",\"isPartOf\":{\"@id\":\"https:\/\/empow-her.com\/#website\"},\"primaryImageOfPage\":{\"@id\":\"https:\/\/empow-her.com\/es\/produit\/mini-atelier-focus-gerer-et-piloter\/#primaryimage\"},\"image\":{\"@id\":\"https:\/\/empow-her.com\/es\/produit\/mini-atelier-focus-gerer-et-piloter\/#primaryimage\"},\"thumbnailUrl\":\"https:\/\/empow-her.com\/wp-content\/uploads\/2021\/09\/TEMPLATE-EVENTS-WOMEN-DARE-20.png\",\"datePublished\":\"2021-09-27T09:22:06+00:00\",\"dateModified\":\"2021-09-27T09:32:43+00:00\",\"breadcrumb\":{\"@id\":\"https:\/\/empow-her.com\/es\/produit\/mini-atelier-focus-gerer-et-piloter\/#breadcrumb\"},\"inLanguage\":\"en-US\",\"potentialAction\":[{\"@type\":\"ReadAction\",\"target\":[\"https:\/\/empow-her.com\/es\/produit\/mini-atelier-focus-gerer-et-piloter\/\"]}]},{\"@type\":\"ImageObject\",\"inLanguage\":\"en-US\",\"@id\":\"https:\/\/empow-her.com\/es\/produit\/mini-atelier-focus-gerer-et-piloter\/#primaryimage\",\"url\":\"https:\/\/empow-her.com\/wp-content\/uploads\/2021\/09\/TEMPLATE-EVENTS-WOMEN-DARE-20.png\",\"contentUrl\":\"https:\/\/empow-her.com\/wp-content\/uploads\/2021\/09\/TEMPLATE-EVENTS-WOMEN-DARE-20.png\",\"width\":1080,\"height\":1080},{\"@type\":\"BreadcrumbList\",\"@id\":\"https:\/\/empow-her.com\/es\/produit\/mini-atelier-focus-gerer-et-piloter\/#breadcrumb\",\"itemListElement\":[{\"@type\":\"ListItem\",\"position\":1,\"name\":\"Accueil\",\"item\":\"https:\/\/empow-her.com\/en\/landing-page\/\"},{\"@type\":\"ListItem\",\"position\":2,\"name\":\"LA BOUTIQUE\",\"item\":\"https:\/\/empow-her.com\/boutique\/\"},{\"@type\":\"ListItem\",\"position\":3,\"name\":\"Mini Atelier Focus : G\u00e9rer et piloter son entreprise (2 heures)\"}]},{\"@type\":\"WebSite\",\"@id\":\"https:\/\/empow-her.com\/#website\",\"url\":\"https:\/\/empow-her.com\/\",\"name\":\"Empow&#039;Her\",\"description\":\"Women Development\",\"potentialAction\":[{\"@type\":\"SearchAction\",\"target\":{\"@type\":\"EntryPoint\",\"urlTemplate\":\"https:\/\/empow-her.com\/?s={search_term_string}\"},\"query-input\":{\"@type\":\"PropertyValueSpecification\",\"valueRequired\":true,\"valueName\":\"search_term_string\"}}],\"inLanguage\":\"en-US\"}]}<\/script>\n<!-- \/ Yoast SEO plugin. -->","yoast_head_json":{"title":"Mini Atelier Focus : G\u00e9rer et piloter son entreprise (2 heures) - Empow&#039;Her","robots":{"index":"index","follow":"follow","max-snippet":"max-snippet:-1","max-image-preview":"max-image-preview:large","max-video-preview":"max-video-preview:-1"},"canonical":"https:\/\/empow-her.com\/es\/produit\/mini-atelier-focus-gerer-et-piloter\/","og_locale":"en_US","og_type":"article","og_title":"Mini Atelier Focus : G\u00e9rer et piloter son entreprise (2 heures) - Empow&#039;Her","og_description":"Rendez-vous pour un format in\u00e9dit : b\u00e9n\u00e9ficiez de deux heures en petits groupes de 3 entrepreneures pour revenir en profondeur sur une notion cl\u00e9 avec nos expertes. Cette session est comptabilis\u00e9e comme 1h de coaching individuel (sur vos 10h disponibles) \u2013 deux fois plus de temps pour vous permettre de faire d\u00e9coller vos projets !  Retrouvez un petit groupe de porteuses projet, et b\u00e9n\u00e9ficiez d'un atelier \"acc\u00e9l\u00e9r\u00e9\" anim\u00e9 par une experte en financement et gestion d'entreprise et apprenez \u00e0 devenir \u00ab gestionnaire \u00bb, g\u00e9rer votre entreprise au quotidien et mettre en place des processus efficaces pour gagner du temps. D\u00e9couvrez les incontournables de la gestion, et les tips pour vous aider \u00e0 g\u00e9rer vos premiers mois d'une main de fer ! Intervenante : Anne-Laure Juliot  Directrice financi\u00e8re externalis\u00e9e, Anne-Laure aide des TPE \/PME \u00e0 structurer leur suivi financier (organisation comptable, contr\u00f4le de gestion...).  Dur\u00e9e : 2h  &nbsp;  Ce projet est co-financ\u00e9 par le Fonds Social Europ\u00e9en.   \u00a0","og_url":"https:\/\/empow-her.com\/es\/produit\/mini-atelier-focus-gerer-et-piloter\/","og_site_name":"Empow&#039;Her","article_modified_time":"2021-09-27T09:32:43+00:00","og_image":[{"width":1080,"height":1080,"url":"https:\/\/empow-her.com\/wp-content\/uploads\/2021\/09\/TEMPLATE-EVENTS-WOMEN-DARE-20.png","type":"image\/png"}],"twitter_card":"summary_large_image","schema":{"@context":"https:\/\/schema.org","@graph":[{"@type":"WebPage","@id":"https:\/\/empow-her.com\/es\/produit\/mini-atelier-focus-gerer-et-piloter\/","url":"https:\/\/empow-her.com\/es\/produit\/mini-atelier-focus-gerer-et-piloter\/","name":"Mini Atelier Focus : G\u00e9rer et piloter son entreprise (2 heures) - Empow&#039;Her","isPartOf":{"@id":"https:\/\/empow-her.com\/#website"},"primaryImageOfPage":{"@id":"https:\/\/empow-her.com\/es\/produit\/mini-atelier-focus-gerer-et-piloter\/#primaryimage"},"image":{"@id":"https:\/\/empow-her.com\/es\/produit\/mini-atelier-focus-gerer-et-piloter\/#primaryimage"},"thumbnailUrl":"https:\/\/empow-her.com\/wp-content\/uploads\/2021\/09\/TEMPLATE-EVENTS-WOMEN-DARE-20.png","datePublished":"2021-09-27T09:22:06+00:00","dateModified":"2021-09-27T09:32:43+00:00","breadcrumb":{"@id":"https:\/\/empow-her.com\/es\/produit\/mini-atelier-focus-gerer-et-piloter\/#breadcrumb"},"inLanguage":"en-US","potentialAction":[{"@type":"ReadAction","target":["https:\/\/empow-her.com\/es\/produit\/mini-atelier-focus-gerer-et-piloter\/"]}]},{"@type":"ImageObject","inLanguage":"en-US","@id":"https:\/\/empow-her.com\/es\/produit\/mini-atelier-focus-gerer-et-piloter\/#primaryimage","url":"https:\/\/empow-her.com\/wp-content\/uploads\/2021\/09\/TEMPLATE-EVENTS-WOMEN-DARE-20.png","contentUrl":"https:\/\/empow-her.com\/wp-content\/uploads\/2021\/09\/TEMPLATE-EVENTS-WOMEN-DARE-20.png","width":1080,"height":1080},{"@type":"BreadcrumbList","@id":"https:\/\/empow-her.com\/es\/produit\/mini-atelier-focus-gerer-et-piloter\/#breadcrumb","itemListElement":[{"@type":"ListItem","position":1,"name":"Accueil","item":"https:\/\/empow-her.com\/en\/landing-page\/"},{"@type":"ListItem","position":2,"name":"LA BOUTIQUE","item":"https:\/\/empow-her.com\/boutique\/"},{"@type":"ListItem","position":3,"name":"Mini Atelier Focus : G\u00e9rer et piloter son entreprise (2 heures)"}]},{"@type":"WebSite","@id":"https:\/\/empow-her.com\/#website","url":"https:\/\/empow-her.com\/","name":"Empow&#039;Her","description":"Women Development","potentialAction":[{"@type":"SearchAction","target":{"@type":"EntryPoint","urlTemplate":"https:\/\/empow-her.com\/?s={search_term_string}"},"query-input":{"@type":"PropertyValueSpecification","valueRequired":true,"valueName":"search_term_string"}}],"inLanguage":"en-US"}]}},"_links":{"self":[{"href":"https:\/\/empow-her.com\/en\/wp-json\/wp\/v2\/product\/17627","targetHints":{"allow":["GET"]}}],"collection":[{"href":"https:\/\/empow-her.com\/en\/wp-json\/wp\/v2\/product"}],"about":[{"href":"https:\/\/empow-her.com\/en\/wp-json\/wp\/v2\/types\/product"}],"wp:featuredmedia":[{"embeddable":true,"href":"https:\/\/empow-her.com\/en\/wp-json\/wp\/v2\/media\/17630"}],"wp:attachment":[{"href":"https:\/\/empow-her.com\/en\/wp-json\/wp\/v2\/media?parent=17627"}],"wp:term":[{"taxonomy":"product_brand","embeddable":true,"href":"https:\/\/empow-her.com\/en\/wp-json\/wp\/v2\/product_brand?post=17627"},{"taxonomy":"product_cat","embeddable":true,"href":"https:\/\/empow-her.com\/en\/wp-json\/wp\/v2\/product_cat?post=17627"},{"taxonomy":"product_tag","embeddable":true,"href":"https:\/\/empow-her.com\/en\/wp-json\/wp\/v2\/product_tag?post=17627"},{"taxonomy":"lieu","embeddable":true,"href":"https:\/\/empow-her.com\/en\/wp-json\/wp\/v2\/lieu?post=17627"},{"taxonomy":"thematiques","embeddable":true,"href":"https:\/\/empow-her.com\/en\/wp-json\/wp\/v2\/thematiques?post=17627"}],"curies":[{"name":"wp","href":"https:\/\/api.w.org\/{rel}","templated":true}]}}