{"id":17546,"date":"2021-09-23T14:37:50","date_gmt":"2021-09-23T12:37:50","guid":{"rendered":"https:\/\/empow-her.com\/?post_type=product&#038;p=17546"},"modified":"2021-09-23T14:39:35","modified_gmt":"2021-09-23T12:39:35","slug":"coaching-construire-mon-reseau-et-ma-communaute-trouver-ma-juste-posture-de-leader-2","status":"publish","type":"product","link":"https:\/\/empow-her.com\/en\/produit\/coaching-construire-mon-reseau-et-ma-communaute-trouver-ma-juste-posture-de-leader-2\/","title":{"rendered":"Coaching &#8211; Construire mon r\u00e9seau et ma communaut\u00e9, trouver ma juste posture de leader"},"content":{"rendered":"","protected":false},"excerpt":{"rendered":"<p>Un coaching individuel d&#8217;une heure pour d\u00e9velopper votre posture d&#8217;entrepreneure et vos m\u00e9thodes de travail en collaboration ! Vous souhaitez identifier vos atouts relationnels et votre style de leadership ? D\u00e9velopper une meilleure conscience de vous-m\u00eame et de votre image afin d&#8217;apprendre \u00e0 vous entourer des bonnes personnes ? Apprendre \u00e0 d\u00e9l\u00e9guer, motiver et d\u00e9velopper vos qualit\u00e9s d&#8217;\u00e9coute, d&#8217;empathie et de gestion de projet ? La coach Hanieh Hadizadeh vous aide \u00e0 d\u00e9velopper votre posture de leader et vos qualit\u00e9s collaboratives !<\/p>\n<p>&nbsp;<\/p>\n<p><b>Par : <a href=\"https:\/\/bulles.ooo\/\">Bulles<\/a><\/b><\/p>\n<p>&nbsp;<\/p>\n<p><span data-sheets-value=\"{&quot;1&quot;:2,&quot;2&quot;:&quot;Alexandre Sourzac-Lami est co-fondateur de Comit, une structure sp\u00e9cialis\u00e9e qui con\u00e7oit et adapte des outils et m\u00e9thodes pour donner aux entrepreneur.e.s la capacit\u00e9 de d\u00e9velopper des mod\u00e8les \u00e9conomiques p\u00e9rennes.&quot;}\" data-sheets-userformat=\"{&quot;2&quot;:1055743,&quot;3&quot;:{&quot;1&quot;:0},&quot;4&quot;:{&quot;1&quot;:2,&quot;2&quot;:16777215},&quot;5&quot;:{&quot;1&quot;:[{&quot;1&quot;:2,&quot;2&quot;:0,&quot;5&quot;:{&quot;1&quot;:2,&quot;2&quot;:0}},{&quot;1&quot;:0,&quot;2&quot;:0,&quot;3&quot;:3},{&quot;1&quot;:1,&quot;2&quot;:0,&quot;4&quot;:1}]},&quot;6&quot;:{&quot;1&quot;:[{&quot;1&quot;:2,&quot;2&quot;:0,&quot;5&quot;:{&quot;1&quot;:2,&quot;2&quot;:0}},{&quot;1&quot;:0,&quot;2&quot;:0,&quot;3&quot;:3},{&quot;1&quot;:1,&quot;2&quot;:0,&quot;4&quot;:1}]},&quot;7&quot;:{&quot;1&quot;:[{&quot;1&quot;:2,&quot;2&quot;:0,&quot;5&quot;:{&quot;1&quot;:2,&quot;2&quot;:0}},{&quot;1&quot;:0,&quot;2&quot;:0,&quot;3&quot;:3},{&quot;1&quot;:1,&quot;2&quot;:0,&quot;4&quot;:1}]},&quot;8&quot;:{&quot;1&quot;:[{&quot;1&quot;:2,&quot;2&quot;:0,&quot;5&quot;:{&quot;1&quot;:2,&quot;2&quot;:0}},{&quot;1&quot;:0,&quot;2&quot;:0,&quot;3&quot;:3},{&quot;1&quot;:1,&quot;2&quot;:0,&quot;4&quot;:1}]},&quot;9&quot;:0,&quot;10&quot;:1,&quot;11&quot;:4,&quot;12&quot;:0,&quot;14&quot;:{&quot;1&quot;:2,&quot;2&quot;:0},&quot;15&quot;:&quot;Calibri&quot;,&quot;23&quot;:1}\" data-sheets-textstyleruns=\"{&quot;1&quot;:0}\uee10{&quot;1&quot;:43,&quot;2&quot;:{&quot;2&quot;:{&quot;1&quot;:2,&quot;2&quot;:1136076},&quot;9&quot;:1}}\uee10{&quot;1&quot;:48}\" data-sheets-hyperlinkruns=\"{&quot;1&quot;:43,&quot;2&quot;:&quot;https:\/\/www.comit.berlin\/&quot;}\uee10{&quot;1&quot;:48}\"><strong>Intervenante : <\/strong><\/span><span data-sheets-value=\"{&quot;1&quot;:2,&quot;2&quot;:&quot;Alexandre Sourzac-Lami est co-fondateur de Comit, une structure sp\u00e9cialis\u00e9e qui con\u00e7oit et adapte des outils et m\u00e9thodes pour donner aux entrepreneur.e.s la capacit\u00e9 de d\u00e9velopper des mod\u00e8les \u00e9conomiques p\u00e9rennes.&quot;}\" data-sheets-userformat=\"{&quot;2&quot;:1055743,&quot;3&quot;:{&quot;1&quot;:0},&quot;4&quot;:{&quot;1&quot;:2,&quot;2&quot;:16777215},&quot;5&quot;:{&quot;1&quot;:[{&quot;1&quot;:2,&quot;2&quot;:0,&quot;5&quot;:{&quot;1&quot;:2,&quot;2&quot;:0}},{&quot;1&quot;:0,&quot;2&quot;:0,&quot;3&quot;:3},{&quot;1&quot;:1,&quot;2&quot;:0,&quot;4&quot;:1}]},&quot;6&quot;:{&quot;1&quot;:[{&quot;1&quot;:2,&quot;2&quot;:0,&quot;5&quot;:{&quot;1&quot;:2,&quot;2&quot;:0}},{&quot;1&quot;:0,&quot;2&quot;:0,&quot;3&quot;:3},{&quot;1&quot;:1,&quot;2&quot;:0,&quot;4&quot;:1}]},&quot;7&quot;:{&quot;1&quot;:[{&quot;1&quot;:2,&quot;2&quot;:0,&quot;5&quot;:{&quot;1&quot;:2,&quot;2&quot;:0}},{&quot;1&quot;:0,&quot;2&quot;:0,&quot;3&quot;:3},{&quot;1&quot;:1,&quot;2&quot;:0,&quot;4&quot;:1}]},&quot;8&quot;:{&quot;1&quot;:[{&quot;1&quot;:2,&quot;2&quot;:0,&quot;5&quot;:{&quot;1&quot;:2,&quot;2&quot;:0}},{&quot;1&quot;:0,&quot;2&quot;:0,&quot;3&quot;:3},{&quot;1&quot;:1,&quot;2&quot;:0,&quot;4&quot;:1}]},&quot;9&quot;:0,&quot;10&quot;:1,&quot;11&quot;:4,&quot;12&quot;:0,&quot;14&quot;:{&quot;1&quot;:2,&quot;2&quot;:0},&quot;15&quot;:&quot;Calibri&quot;,&quot;23&quot;:1}\" data-sheets-textstyleruns=\"{&quot;1&quot;:0}\uee10{&quot;1&quot;:43,&quot;2&quot;:{&quot;2&quot;:{&quot;1&quot;:2,&quot;2&quot;:1136076},&quot;9&quot;:1}}\uee10{&quot;1&quot;:48}\" data-sheets-hyperlinkruns=\"{&quot;1&quot;:43,&quot;2&quot;:&quot;https:\/\/www.comit.berlin\/&quot;}\uee10{&quot;1&quot;:48}\">Hanieh Hadizadeh\u00a0<\/span><\/p>\n<p>Elle cr\u00e9\u00e9 et anime des \u00e9v\u00e8nements, des ateliers et des d\u00e9bats qui mettent la cr\u00e9ativit\u00e9 et la coop\u00e9ration au c\u0153ur et elle est experte de l\u2019open innovation et de la facilitation au service des acteurs et actrices du changement social, e\u0301cologique et d\u00e9mocratique !<\/p>\n<p><strong>Son super pouvoir ?\u00a0<\/strong>Magicienne des transformations personnelles au service du changement social<\/p>\n<p><strong>Dur\u00e9e<\/strong>\u00a0:\u00a0<span data-sheets-value=\"{&quot;1&quot;:2,&quot;2&quot;:&quot;Permanence de 4h avec un cr\u00e9neau de 1h par participante (+ 15 minutes entre chaque)&quot;}\" data-sheets-userformat=\"{&quot;2&quot;:7167,&quot;3&quot;:{&quot;1&quot;:0},&quot;4&quot;:{&quot;1&quot;:2,&quot;2&quot;:16777215},&quot;5&quot;:{&quot;1&quot;:[{&quot;1&quot;:2,&quot;2&quot;:0,&quot;5&quot;:{&quot;1&quot;:2,&quot;2&quot;:0}},{&quot;1&quot;:0,&quot;2&quot;:0,&quot;3&quot;:3},{&quot;1&quot;:1,&quot;2&quot;:0,&quot;4&quot;:1}]},&quot;6&quot;:{&quot;1&quot;:[{&quot;1&quot;:2,&quot;2&quot;:0,&quot;5&quot;:{&quot;1&quot;:2,&quot;2&quot;:0}},{&quot;1&quot;:0,&quot;2&quot;:0,&quot;3&quot;:3},{&quot;1&quot;:1,&quot;2&quot;:0,&quot;4&quot;:1}]},&quot;7&quot;:{&quot;1&quot;:[{&quot;1&quot;:2,&quot;2&quot;:0,&quot;5&quot;:{&quot;1&quot;:2,&quot;2&quot;:0}},{&quot;1&quot;:0,&quot;2&quot;:0,&quot;3&quot;:3},{&quot;1&quot;:1,&quot;2&quot;:0,&quot;4&quot;:1}]},&quot;8&quot;:{&quot;1&quot;:[{&quot;1&quot;:2,&quot;2&quot;:0,&quot;5&quot;:{&quot;1&quot;:2,&quot;2&quot;:0}},{&quot;1&quot;:0,&quot;2&quot;:0,&quot;3&quot;:3},{&quot;1&quot;:1,&quot;2&quot;:0,&quot;4&quot;:1}]},&quot;9&quot;:0,&quot;10&quot;:1,&quot;11&quot;:4,&quot;12&quot;:0,&quot;14&quot;:{&quot;1&quot;:2,&quot;2&quot;:0},&quot;15&quot;:&quot;Calibri&quot;}\">Un cr\u00e9neau de 1h par participante<\/span><\/p>\n<p>&nbsp;<\/p>\n<p>Ce projet est co-financ\u00e9 par le Fonds Social Europ\u00e9en.<\/p>\n<p><img decoding=\"async\" class=\"alignnone size-medium wp-image-15794\" src=\"https:\/\/empow-her.com\/wp-content\/uploads\/2021\/07\/fse-logos-1-300x54.png\" alt=\"\" width=\"300\" height=\"54\" srcset=\"https:\/\/empow-her.com\/wp-content\/uploads\/2021\/07\/fse-logos-1-300x54.png 300w, https:\/\/empow-her.com\/wp-content\/uploads\/2021\/07\/fse-logos-1-600x108.png 600w, https:\/\/empow-her.com\/wp-content\/uploads\/2021\/07\/fse-logos-1-1024x184.png 1024w, https:\/\/empow-her.com\/wp-content\/uploads\/2021\/07\/fse-logos-1-768x138.png 768w, https:\/\/empow-her.com\/wp-content\/uploads\/2021\/07\/fse-logos-1-1536x275.png 1536w, https:\/\/empow-her.com\/wp-content\/uploads\/2021\/07\/fse-logos-1-2048x367.png 2048w, https:\/\/empow-her.com\/wp-content\/uploads\/2021\/07\/fse-logos-1-24x4.png 24w, https:\/\/empow-her.com\/wp-content\/uploads\/2021\/07\/fse-logos-1-36x6.png 36w, https:\/\/empow-her.com\/wp-content\/uploads\/2021\/07\/fse-logos-1-48x9.png 48w\" sizes=\"(max-width: 300px) 100vw, 300px\" \/><\/p>\n","protected":false},"featured_media":0,"template":"","format":"standard","meta":{"_acf_changed":false,"om_disable_all_campaigns":false,"_uf_show_specific_survey":0,"_uf_disable_surveys":false},"product_brand":[],"product_cat":[121],"product_tag":[],"lieu":[],"thematiques":[],"class_list":{"0":"post-17546","1":"product","2":"type-product","3":"status-publish","4":"format-standard","6":"product_cat-coaching","8":"first","9":"instock","10":"virtual","11":"purchasable","12":"product-type-appointment"},"exclude_global_add_ons":[],"addons":[],"acf":[],"yoast_head":"<!-- This site is optimized with the Yoast SEO plugin v24.8 - https:\/\/yoast.com\/wordpress\/plugins\/seo\/ -->\n<title>Coaching - Construire mon r\u00e9seau et ma communaut\u00e9, trouver ma juste posture de leader - Empow&#039;Her<\/title>\n<meta name=\"robots\" content=\"index, follow, max-snippet:-1, max-image-preview:large, max-video-preview:-1\" \/>\n<link rel=\"canonical\" href=\"https:\/\/empow-her.com\/es\/produit\/coaching-construire-mon-reseau-et-ma-communaute-trouver-ma-juste-posture-de-leader-2\/\" \/>\n<meta property=\"og:locale\" content=\"en_US\" \/>\n<meta property=\"og:type\" content=\"article\" \/>\n<meta property=\"og:title\" content=\"Coaching - Construire mon r\u00e9seau et ma communaut\u00e9, trouver ma juste posture de leader - Empow&#039;Her\" \/>\n<meta property=\"og:description\" content=\"Un coaching individuel d&#039;une heure pour d\u00e9velopper votre posture d&#039;entrepreneure et vos m\u00e9thodes de travail en collaboration ! Vous souhaitez identifier vos atouts relationnels et votre style de leadership ? D\u00e9velopper une meilleure conscience de vous-m\u00eame et de votre image afin d&#039;apprendre \u00e0 vous entourer des bonnes personnes ? Apprendre \u00e0 d\u00e9l\u00e9guer, motiver et d\u00e9velopper vos qualit\u00e9s d&#039;\u00e9coute, d&#039;empathie et de gestion de projet ? La coach Hanieh Hadizadeh vous aide \u00e0 d\u00e9velopper votre posture de leader et vos qualit\u00e9s collaboratives !  &nbsp;  Par : Bulles  &nbsp;  Intervenante : Hanieh Hadizadeh\u00a0  Elle cr\u00e9\u00e9 et anime des \u00e9v\u00e8nements, des ateliers et des d\u00e9bats qui mettent la cr\u00e9ativit\u00e9 et la coop\u00e9ration au c\u0153ur et elle est experte de l\u2019open innovation et de la facilitation au service des acteurs et actrices du changement social, e\u0301cologique et d\u00e9mocratique !  Son super pouvoir ?\u00a0Magicienne des transformations personnelles au service du changement social  Dur\u00e9e\u00a0:\u00a0Un cr\u00e9neau de 1h par participante  &nbsp;  Ce projet est co-financ\u00e9 par le Fonds Social Europ\u00e9en.\" \/>\n<meta property=\"og:url\" content=\"https:\/\/empow-her.com\/es\/produit\/coaching-construire-mon-reseau-et-ma-communaute-trouver-ma-juste-posture-de-leader-2\/\" \/>\n<meta property=\"og:site_name\" content=\"Empow&#039;Her\" \/>\n<meta property=\"article:modified_time\" content=\"2021-09-23T12:39:35+00:00\" \/>\n<meta name=\"twitter:card\" content=\"summary_large_image\" \/>\n<script type=\"application\/ld+json\" class=\"yoast-schema-graph\">{\"@context\":\"https:\/\/schema.org\",\"@graph\":[{\"@type\":\"WebPage\",\"@id\":\"https:\/\/empow-her.com\/es\/produit\/coaching-construire-mon-reseau-et-ma-communaute-trouver-ma-juste-posture-de-leader-2\/\",\"url\":\"https:\/\/empow-her.com\/es\/produit\/coaching-construire-mon-reseau-et-ma-communaute-trouver-ma-juste-posture-de-leader-2\/\",\"name\":\"Coaching - Construire mon r\u00e9seau et ma communaut\u00e9, trouver ma juste posture de leader - Empow&#039;Her\",\"isPartOf\":{\"@id\":\"https:\/\/empow-her.com\/#website\"},\"datePublished\":\"2021-09-23T12:37:50+00:00\",\"dateModified\":\"2021-09-23T12:39:35+00:00\",\"breadcrumb\":{\"@id\":\"https:\/\/empow-her.com\/es\/produit\/coaching-construire-mon-reseau-et-ma-communaute-trouver-ma-juste-posture-de-leader-2\/#breadcrumb\"},\"inLanguage\":\"en-US\",\"potentialAction\":[{\"@type\":\"ReadAction\",\"target\":[\"https:\/\/empow-her.com\/es\/produit\/coaching-construire-mon-reseau-et-ma-communaute-trouver-ma-juste-posture-de-leader-2\/\"]}]},{\"@type\":\"BreadcrumbList\",\"@id\":\"https:\/\/empow-her.com\/es\/produit\/coaching-construire-mon-reseau-et-ma-communaute-trouver-ma-juste-posture-de-leader-2\/#breadcrumb\",\"itemListElement\":[{\"@type\":\"ListItem\",\"position\":1,\"name\":\"Accueil\",\"item\":\"https:\/\/empow-her.com\/en\/landing-page\/\"},{\"@type\":\"ListItem\",\"position\":2,\"name\":\"LA BOUTIQUE\",\"item\":\"https:\/\/empow-her.com\/boutique\/\"},{\"@type\":\"ListItem\",\"position\":3,\"name\":\"Coaching &#8211; Construire mon r\u00e9seau et ma communaut\u00e9, trouver ma juste posture de leader\"}]},{\"@type\":\"WebSite\",\"@id\":\"https:\/\/empow-her.com\/#website\",\"url\":\"https:\/\/empow-her.com\/\",\"name\":\"Empow&#039;Her\",\"description\":\"Women Development\",\"potentialAction\":[{\"@type\":\"SearchAction\",\"target\":{\"@type\":\"EntryPoint\",\"urlTemplate\":\"https:\/\/empow-her.com\/?s={search_term_string}\"},\"query-input\":{\"@type\":\"PropertyValueSpecification\",\"valueRequired\":true,\"valueName\":\"search_term_string\"}}],\"inLanguage\":\"en-US\"}]}<\/script>\n<!-- \/ Yoast SEO plugin. -->","yoast_head_json":{"title":"Coaching - Construire mon r\u00e9seau et ma communaut\u00e9, trouver ma juste posture de leader - Empow&#039;Her","robots":{"index":"index","follow":"follow","max-snippet":"max-snippet:-1","max-image-preview":"max-image-preview:large","max-video-preview":"max-video-preview:-1"},"canonical":"https:\/\/empow-her.com\/es\/produit\/coaching-construire-mon-reseau-et-ma-communaute-trouver-ma-juste-posture-de-leader-2\/","og_locale":"en_US","og_type":"article","og_title":"Coaching - Construire mon r\u00e9seau et ma communaut\u00e9, trouver ma juste posture de leader - Empow&#039;Her","og_description":"Un coaching individuel d'une heure pour d\u00e9velopper votre posture d'entrepreneure et vos m\u00e9thodes de travail en collaboration ! Vous souhaitez identifier vos atouts relationnels et votre style de leadership ? D\u00e9velopper une meilleure conscience de vous-m\u00eame et de votre image afin d'apprendre \u00e0 vous entourer des bonnes personnes ? Apprendre \u00e0 d\u00e9l\u00e9guer, motiver et d\u00e9velopper vos qualit\u00e9s d'\u00e9coute, d'empathie et de gestion de projet ? La coach Hanieh Hadizadeh vous aide \u00e0 d\u00e9velopper votre posture de leader et vos qualit\u00e9s collaboratives !  &nbsp;  Par : Bulles  &nbsp;  Intervenante : Hanieh Hadizadeh\u00a0  Elle cr\u00e9\u00e9 et anime des \u00e9v\u00e8nements, des ateliers et des d\u00e9bats qui mettent la cr\u00e9ativit\u00e9 et la coop\u00e9ration au c\u0153ur et elle est experte de l\u2019open innovation et de la facilitation au service des acteurs et actrices du changement social, e\u0301cologique et d\u00e9mocratique !  Son super pouvoir ?\u00a0Magicienne des transformations personnelles au service du changement social  Dur\u00e9e\u00a0:\u00a0Un cr\u00e9neau de 1h par participante  &nbsp;  Ce projet est co-financ\u00e9 par le Fonds Social Europ\u00e9en.","og_url":"https:\/\/empow-her.com\/es\/produit\/coaching-construire-mon-reseau-et-ma-communaute-trouver-ma-juste-posture-de-leader-2\/","og_site_name":"Empow&#039;Her","article_modified_time":"2021-09-23T12:39:35+00:00","twitter_card":"summary_large_image","schema":{"@context":"https:\/\/schema.org","@graph":[{"@type":"WebPage","@id":"https:\/\/empow-her.com\/es\/produit\/coaching-construire-mon-reseau-et-ma-communaute-trouver-ma-juste-posture-de-leader-2\/","url":"https:\/\/empow-her.com\/es\/produit\/coaching-construire-mon-reseau-et-ma-communaute-trouver-ma-juste-posture-de-leader-2\/","name":"Coaching - Construire mon r\u00e9seau et ma communaut\u00e9, trouver ma juste posture de leader - Empow&#039;Her","isPartOf":{"@id":"https:\/\/empow-her.com\/#website"},"datePublished":"2021-09-23T12:37:50+00:00","dateModified":"2021-09-23T12:39:35+00:00","breadcrumb":{"@id":"https:\/\/empow-her.com\/es\/produit\/coaching-construire-mon-reseau-et-ma-communaute-trouver-ma-juste-posture-de-leader-2\/#breadcrumb"},"inLanguage":"en-US","potentialAction":[{"@type":"ReadAction","target":["https:\/\/empow-her.com\/es\/produit\/coaching-construire-mon-reseau-et-ma-communaute-trouver-ma-juste-posture-de-leader-2\/"]}]},{"@type":"BreadcrumbList","@id":"https:\/\/empow-her.com\/es\/produit\/coaching-construire-mon-reseau-et-ma-communaute-trouver-ma-juste-posture-de-leader-2\/#breadcrumb","itemListElement":[{"@type":"ListItem","position":1,"name":"Accueil","item":"https:\/\/empow-her.com\/en\/landing-page\/"},{"@type":"ListItem","position":2,"name":"LA BOUTIQUE","item":"https:\/\/empow-her.com\/boutique\/"},{"@type":"ListItem","position":3,"name":"Coaching &#8211; Construire mon r\u00e9seau et ma communaut\u00e9, trouver ma juste posture de leader"}]},{"@type":"WebSite","@id":"https:\/\/empow-her.com\/#website","url":"https:\/\/empow-her.com\/","name":"Empow&#039;Her","description":"Women Development","potentialAction":[{"@type":"SearchAction","target":{"@type":"EntryPoint","urlTemplate":"https:\/\/empow-her.com\/?s={search_term_string}"},"query-input":{"@type":"PropertyValueSpecification","valueRequired":true,"valueName":"search_term_string"}}],"inLanguage":"en-US"}]}},"_links":{"self":[{"href":"https:\/\/empow-her.com\/en\/wp-json\/wp\/v2\/product\/17546","targetHints":{"allow":["GET"]}}],"collection":[{"href":"https:\/\/empow-her.com\/en\/wp-json\/wp\/v2\/product"}],"about":[{"href":"https:\/\/empow-her.com\/en\/wp-json\/wp\/v2\/types\/product"}],"wp:attachment":[{"href":"https:\/\/empow-her.com\/en\/wp-json\/wp\/v2\/media?parent=17546"}],"wp:term":[{"taxonomy":"product_brand","embeddable":true,"href":"https:\/\/empow-her.com\/en\/wp-json\/wp\/v2\/product_brand?post=17546"},{"taxonomy":"product_cat","embeddable":true,"href":"https:\/\/empow-her.com\/en\/wp-json\/wp\/v2\/product_cat?post=17546"},{"taxonomy":"product_tag","embeddable":true,"href":"https:\/\/empow-her.com\/en\/wp-json\/wp\/v2\/product_tag?post=17546"},{"taxonomy":"lieu","embeddable":true,"href":"https:\/\/empow-her.com\/en\/wp-json\/wp\/v2\/lieu?post=17546"},{"taxonomy":"thematiques","embeddable":true,"href":"https:\/\/empow-her.com\/en\/wp-json\/wp\/v2\/thematiques?post=17546"}],"curies":[{"name":"wp","href":"https:\/\/api.w.org\/{rel}","templated":true}]}}