{"id":172422,"date":"2023-06-06T17:54:35","date_gmt":"2023-06-06T15:54:35","guid":{"rendered":"https:\/\/empow-her.com\/?post_type=product&#038;p=172422"},"modified":"2023-06-14T16:34:00","modified_gmt":"2023-06-14T14:34:00","slug":"shetalks-faire-bouger-les-entreprises-de-linterieur-en-depassant-le-syndrome-de-la-fourmi-avec-flora-ghebali","status":"publish","type":"product","link":"https:\/\/empow-her.com\/en\/produit\/shetalks-faire-bouger-les-entreprises-de-linterieur-en-depassant-le-syndrome-de-la-fourmi-avec-flora-ghebali\/","title":{"rendered":"SheTalks &#8211; Faire bouger les entreprises de l\u2019int\u00e9rieur en d\u00e9passant le syndr\u00f4me de la fourmi avec Flora Ghebali"},"content":{"rendered":"<div>\n<div>\n<p><span style=\"font-weight: 400;\">&#x1f33f; <\/span>Saviez-vous que lorsqu\u2019on dessine un cercle autour d\u2019une fourmi, elle est incapable de s\u2019en \u00e9chapper ? Elle croit que le trait du crayon est un mur infranchissable, et cette croyance l\u2019emp\u00eache d\u2019avancer, d\u2019aller de l\u2019autre c\u00f4t\u00e9.<br \/>\nOn pourrait par extension appeler \u00ab syndrome de la fourmi \u00bb cet \u00e9tat paralysant qui nous emp\u00eache de passer \u00e0 l\u2019action en mati\u00e8re de transition \u00e9cologique. Pour d\u00e9passer ce syndrome et avancer dans la transition de vos entreprises, nous accueillions Flora Ghebali qui nous parlera de son parcours et des solutions qu&#8217;elle a mis en place.<\/p>\n<p><span style=\"font-weight: 400;\">&#x270a; <\/span>Flora Ghebali se d\u00e9finit comme une entrepreneure militante. En 2019, elle fonde Coalitions, une agence d\u2019innovation \u00e9cologique et sociale pour accompagner les acteurs \u00e9conomiques dans leurs parcours de transition. Au carrefour entre les mondes de l\u2019entreprise, du politique et de l\u2019associatif, Coalitions tente de transformer les organisations pour amplifier leur impact \u00e9cologique et social. Elle est l&#8217;autrice de deux essais &#8220;Ma g\u00e9n\u00e9ration va changer le monde&#8221; en 2021 et &#8220;Le syndrome de la fourmi&#8221; en 2023.<\/p>\n<\/div>\n<\/div>\n<p>Ce sheTalks est organis\u00e9 avec Les Collectifs, organisation qui r\u00e9unit les salari\u00e9s qui veulent faire bouger leur entreprise.<\/p>\n<div>\n<div>\n<div><\/div>\n<\/div>\n<div><span class=\"fxk3tzhb b2rh1bv3 gh55jysx m8h3af8h ewco64xe kjdc1dyq ms56khn7 bq6c9xl4 eohcrkr5 akh3l2rg\"><span style=\"font-weight: 400;\">&#x1f4e3;<\/span><span style=\"font-weight: 400;\">&#x1f4e3;<\/span><span style=\"font-weight: 400;\">&#x1f4e3;<\/span><\/span><\/div>\n<\/div>\n<div><\/div>\n<div class=\"l7ghb35v kjdc1dyq kmwttqpk gh25dzvf jikcssrz\"><strong>Infos pratiques<\/strong><br \/>\n<span class=\"fxk3tzhb b2rh1bv3 gh55jysx m8h3af8h ewco64xe kjdc1dyq ms56khn7 bq6c9xl4 eohcrkr5 akh3l2rg\"><img decoding=\"async\" src=\"https:\/\/static.xx.fbcdn.net\/images\/emoji.php\/v9\/td7\/1.5\/16\/1f4c5.png\" alt=\"&#x1f4c5;\" width=\"16\" height=\"16\" \/><\/span> L\u2019\u00e9v\u00e9nement se d\u00e9roulera le mardi 4 juillet de 18h30 \u00e0 20h<br \/>\n<span class=\"fxk3tzhb b2rh1bv3 gh55jysx m8h3af8h ewco64xe kjdc1dyq ms56khn7 bq6c9xl4 eohcrkr5 akh3l2rg\"><img decoding=\"async\" src=\"https:\/\/static.xx.fbcdn.net\/images\/emoji.php\/v9\/t8b\/1.5\/16\/1f516.png\" alt=\"&#x1f516;\" width=\"16\" height=\"16\" \/><\/span> R\u00e9servation gratuite obligatoire<br \/>\n<span class=\"fxk3tzhb b2rh1bv3 gh55jysx m8h3af8h ewco64xe kjdc1dyq ms56khn7 bq6c9xl4 eohcrkr5 akh3l2rg\"><img decoding=\"async\" src=\"https:\/\/static.xx.fbcdn.net\/images\/emoji.php\/v9\/t86\/1.5\/16\/1f4cd.png\" alt=\"&#x1f4cd;\" width=\"16\" height=\"16\" \/><\/span> Sist\u2019Her : 82 rue du Faubourg Saint-Martin 75010 Paris<\/div>\n<div><\/div>\n<div class=\"l7ghb35v kjdc1dyq kmwttqpk gh25dzvf jikcssrz\">Ouvert en mars 2021, Sist\u2019Her est le premier tiers-lieu sorore, d\u00e9di\u00e9 aux entrepreneuses et \u00e0 l&#8217;impact en \u00cele-de-France. Port\u00e9 par l\u2019association Empow\u2019Her, c\u2019est un lieu de formations et de rencontres inclusif et collaboratif. Ouvert \u00e0 tou\u00b7te\u00b7s o\u00f9 il est possible de se former, s\u2019inspirer, s\u2019engager et se rencontrer.<\/div>\n<div><\/div>\n<div class=\"l7ghb35v kjdc1dyq kmwttqpk gh25dzvf jikcssrz\">A tr\u00e8s vite ! <span class=\"fxk3tzhb b2rh1bv3 gh55jysx m8h3af8h ewco64xe kjdc1dyq ms56khn7 bq6c9xl4 eohcrkr5 akh3l2rg\"><img loading=\"lazy\" decoding=\"async\" src=\"https:\/\/static.xx.fbcdn.net\/images\/emoji.php\/v9\/t56\/1.5\/16\/1f64c.png\" alt=\"&#x1f64c;\" width=\"16\" height=\"16\" \/><\/span><\/div>\n","protected":false},"excerpt":{"rendered":"<div class=\"x11i5rnm xat24cr x1mh8g0r x1vvkbs xtlvy1s\">\n<div>\n<div>\n<p><span style=\"font-weight: 400;\">&#x1f33f; <\/span>Saviez-vous que lorsqu\u2019on dessine un cercle autour d\u2019une fourmi, elle est incapable de s\u2019en \u00e9chapper ? Elle croit que le trait du crayon est un mur infranchissable, et cette croyance l\u2019emp\u00eache d\u2019avancer, d\u2019aller de l\u2019autre c\u00f4t\u00e9.<br \/>\nOn pourrait par extension appeler \u00ab syndrome de la fourmi \u00bb cet \u00e9tat paralysant qui nous emp\u00eache de passer \u00e0 l\u2019action en mati\u00e8re de transition \u00e9cologique. Pour d\u00e9passer ce syndrome et avancer dans la transition de vos entreprises, nous accueillions Flora Ghebali qui nous parlera de son parcours et des solutions qu&#8217;elle a mis en place.<\/p>\n<p><span style=\"font-weight: 400;\">&#x270a; <\/span>Flora Ghebali se d\u00e9finit comme une entrepreneure militante. En 2019, elle fonde Coalitions, une agence d\u2019innovation \u00e9cologique et sociale pour accompagner les acteurs \u00e9conomiques dans leurs parcours de transition. Au carrefour entre les mondes de l\u2019entreprise, du politique et de l\u2019associatif, Coalitions tente de transformer les organisations pour amplifier leur impact \u00e9cologique et social. Elle est l&#8217;autrice de deux essais &#8220;Ma g\u00e9n\u00e9ration va changer le monde&#8221; en 2021 et &#8220;Le syndrome de la fourmi&#8221; en 2023.<\/p>\n<\/div>\n<\/div>\n<p>Ce sheTalks est organis\u00e9 avec Les Collectifs, organisation qui r\u00e9unit les salari\u00e9s qui veulent faire bouger leur entreprise.<\/p>\n<div>\n<div>\n<div><\/div>\n<\/div>\n<div><span class=\"fxk3tzhb b2rh1bv3 gh55jysx m8h3af8h ewco64xe kjdc1dyq ms56khn7 bq6c9xl4 eohcrkr5 akh3l2rg\"><span style=\"font-weight: 400;\">&#x1f4e3;<\/span><span style=\"font-weight: 400;\">&#x1f4e3;<\/span><span style=\"font-weight: 400;\">&#x1f4e3;<\/span><\/span><\/div>\n<\/div>\n<div><\/div>\n<div class=\"l7ghb35v kjdc1dyq kmwttqpk gh25dzvf jikcssrz\"><strong>Infos pratiques<\/strong><br \/>\n<span class=\"fxk3tzhb b2rh1bv3 gh55jysx m8h3af8h ewco64xe kjdc1dyq ms56khn7 bq6c9xl4 eohcrkr5 akh3l2rg\"><img decoding=\"async\" src=\"https:\/\/static.xx.fbcdn.net\/images\/emoji.php\/v9\/td7\/1.5\/16\/1f4c5.png\" alt=\"&#x1f4c5;\" width=\"16\" height=\"16\" \/><\/span> L\u2019\u00e9v\u00e9nement se d\u00e9roulera le mardi 4 juillet de 18h30 \u00e0 20h<br \/>\n<span class=\"fxk3tzhb b2rh1bv3 gh55jysx m8h3af8h ewco64xe kjdc1dyq ms56khn7 bq6c9xl4 eohcrkr5 akh3l2rg\"><img decoding=\"async\" src=\"https:\/\/static.xx.fbcdn.net\/images\/emoji.php\/v9\/t8b\/1.5\/16\/1f516.png\" alt=\"&#x1f516;\" width=\"16\" height=\"16\" \/><\/span> R\u00e9servation gratuite obligatoire<br \/>\n<span class=\"fxk3tzhb b2rh1bv3 gh55jysx m8h3af8h ewco64xe kjdc1dyq ms56khn7 bq6c9xl4 eohcrkr5 akh3l2rg\"><img decoding=\"async\" src=\"https:\/\/static.xx.fbcdn.net\/images\/emoji.php\/v9\/t86\/1.5\/16\/1f4cd.png\" alt=\"&#x1f4cd;\" width=\"16\" height=\"16\" \/><\/span> Sist\u2019Her : 82 rue du Faubourg Saint-Martin 75010 Paris<\/div>\n<div><\/div>\n<div class=\"l7ghb35v kjdc1dyq kmwttqpk gh25dzvf jikcssrz\">Ouvert en mars 2021, Sist\u2019Her est le premier tiers-lieu sorore, d\u00e9di\u00e9 aux entrepreneuses et \u00e0 l&#8217;impact en \u00cele-de-France. Port\u00e9 par l\u2019association Empow\u2019Her, c\u2019est un lieu de formations et de rencontres inclusif et collaboratif. Ouvert \u00e0 tou\u00b7te\u00b7s o\u00f9 il est possible de se former, s\u2019inspirer, s\u2019engager et se rencontrer.<\/div>\n<div><\/div>\n<div class=\"l7ghb35v kjdc1dyq kmwttqpk gh25dzvf jikcssrz\">A tr\u00e8s vite ! <span class=\"fxk3tzhb b2rh1bv3 gh55jysx m8h3af8h ewco64xe kjdc1dyq ms56khn7 bq6c9xl4 eohcrkr5 akh3l2rg\"><img loading=\"lazy\" decoding=\"async\" src=\"https:\/\/static.xx.fbcdn.net\/images\/emoji.php\/v9\/t56\/1.5\/16\/1f64c.png\" alt=\"&#x1f64c;\" width=\"16\" height=\"16\" \/><\/span><\/div>\n<\/div>\n","protected":false},"featured_media":174533,"template":"","format":"standard","meta":{"_acf_changed":false,"om_disable_all_campaigns":false,"_uf_show_specific_survey":0,"_uf_disable_surveys":false},"product_brand":[],"product_cat":[119],"product_tag":[],"lieu":[127],"thematiques":[],"class_list":{"0":"post-172422","1":"product","2":"type-product","3":"status-publish","4":"format-standard","5":"has-post-thumbnail","7":"product_cat-evenement-sisther","8":"lieu-hub-empowher","10":"first","11":"instock","12":"virtual","13":"purchasable","14":"product-type-appointment"},"exclude_global_add_ons":[],"addons":[],"acf":[],"yoast_head":"<!-- This site is optimized with the Yoast SEO plugin v24.8 - https:\/\/yoast.com\/wordpress\/plugins\/seo\/ -->\n<title>SheTalks - Faire bouger les entreprises de l\u2019int\u00e9rieur<\/title>\n<meta name=\"description\" content=\"Rencontre Flora Ghebali, Fondatrice de Coaalitions, pour conna\u00eetre toutes les clefs pour faire bouger son entreprise, le 4 juillet \u00e0 18h30 chez Sist&#039;Her\" \/>\n<meta name=\"robots\" content=\"index, follow, max-snippet:-1, max-image-preview:large, max-video-preview:-1\" \/>\n<link rel=\"canonical\" href=\"https:\/\/empow-her.com\/produit\/shetalks-faire-bouger-les-entreprises-de-linterieur-en-depassant-le-syndrome-de-la-fourmi-avec-flora-ghebali\/\" \/>\n<meta property=\"og:locale\" content=\"en_US\" \/>\n<meta property=\"og:type\" content=\"article\" \/>\n<meta property=\"og:title\" content=\"SheTalks - Faire bouger les entreprises de l\u2019int\u00e9rieur\" \/>\n<meta property=\"og:description\" content=\"Rencontre Flora Ghebali, Fondatrice de Coaalitions, pour conna\u00eetre toutes les clefs pour faire bouger son entreprise, le 4 juillet \u00e0 18h30 chez Sist&#039;Her\" \/>\n<meta property=\"og:url\" content=\"https:\/\/empow-her.com\/produit\/shetalks-faire-bouger-les-entreprises-de-linterieur-en-depassant-le-syndrome-de-la-fourmi-avec-flora-ghebali\/\" \/>\n<meta property=\"og:site_name\" content=\"Empow&#039;Her\" \/>\n<meta property=\"article:modified_time\" content=\"2023-06-14T14:34:00+00:00\" \/>\n<meta property=\"og:image\" content=\"https:\/\/empow-her.com\/wp-content\/uploads\/2023\/06\/shetalks-economie-circulaire-5.png\" \/>\n\t<meta property=\"og:image:width\" content=\"1080\" \/>\n\t<meta property=\"og:image:height\" content=\"1080\" \/>\n\t<meta property=\"og:image:type\" content=\"image\/png\" \/>\n<meta name=\"twitter:card\" content=\"summary_large_image\" \/>\n<meta name=\"twitter:label1\" content=\"Est. reading time\" \/>\n\t<meta name=\"twitter:data1\" content=\"3 minutes\" \/>\n<script type=\"application\/ld+json\" class=\"yoast-schema-graph\">{\"@context\":\"https:\/\/schema.org\",\"@graph\":[{\"@type\":\"WebPage\",\"@id\":\"https:\/\/empow-her.com\/produit\/shetalks-faire-bouger-les-entreprises-de-linterieur-en-depassant-le-syndrome-de-la-fourmi-avec-flora-ghebali\/\",\"url\":\"https:\/\/empow-her.com\/produit\/shetalks-faire-bouger-les-entreprises-de-linterieur-en-depassant-le-syndrome-de-la-fourmi-avec-flora-ghebali\/\",\"name\":\"SheTalks - Faire bouger les entreprises de l\u2019int\u00e9rieur\",\"isPartOf\":{\"@id\":\"https:\/\/empow-her.com\/#website\"},\"primaryImageOfPage\":{\"@id\":\"https:\/\/empow-her.com\/produit\/shetalks-faire-bouger-les-entreprises-de-linterieur-en-depassant-le-syndrome-de-la-fourmi-avec-flora-ghebali\/#primaryimage\"},\"image\":{\"@id\":\"https:\/\/empow-her.com\/produit\/shetalks-faire-bouger-les-entreprises-de-linterieur-en-depassant-le-syndrome-de-la-fourmi-avec-flora-ghebali\/#primaryimage\"},\"thumbnailUrl\":\"https:\/\/empow-her.com\/wp-content\/uploads\/2023\/06\/shetalks-economie-circulaire-5.png\",\"datePublished\":\"2023-06-06T15:54:35+00:00\",\"dateModified\":\"2023-06-14T14:34:00+00:00\",\"description\":\"Rencontre Flora Ghebali, Fondatrice de Coaalitions, pour conna\u00eetre toutes les clefs pour faire bouger son entreprise, le 4 juillet \u00e0 18h30 chez Sist'Her\",\"breadcrumb\":{\"@id\":\"https:\/\/empow-her.com\/produit\/shetalks-faire-bouger-les-entreprises-de-linterieur-en-depassant-le-syndrome-de-la-fourmi-avec-flora-ghebali\/#breadcrumb\"},\"inLanguage\":\"en-US\",\"potentialAction\":[{\"@type\":\"ReadAction\",\"target\":[\"https:\/\/empow-her.com\/produit\/shetalks-faire-bouger-les-entreprises-de-linterieur-en-depassant-le-syndrome-de-la-fourmi-avec-flora-ghebali\/\"]}]},{\"@type\":\"ImageObject\",\"inLanguage\":\"en-US\",\"@id\":\"https:\/\/empow-her.com\/produit\/shetalks-faire-bouger-les-entreprises-de-linterieur-en-depassant-le-syndrome-de-la-fourmi-avec-flora-ghebali\/#primaryimage\",\"url\":\"https:\/\/empow-her.com\/wp-content\/uploads\/2023\/06\/shetalks-economie-circulaire-5.png\",\"contentUrl\":\"https:\/\/empow-her.com\/wp-content\/uploads\/2023\/06\/shetalks-economie-circulaire-5.png\",\"width\":1080,\"height\":1080},{\"@type\":\"BreadcrumbList\",\"@id\":\"https:\/\/empow-her.com\/produit\/shetalks-faire-bouger-les-entreprises-de-linterieur-en-depassant-le-syndrome-de-la-fourmi-avec-flora-ghebali\/#breadcrumb\",\"itemListElement\":[{\"@type\":\"ListItem\",\"position\":1,\"name\":\"Accueil\",\"item\":\"https:\/\/empow-her.com\/en\/landing-page\/\"},{\"@type\":\"ListItem\",\"position\":2,\"name\":\"LA BOUTIQUE\",\"item\":\"https:\/\/empow-her.com\/boutique\/\"},{\"@type\":\"ListItem\",\"position\":3,\"name\":\"SheTalks &#8211; Faire bouger les entreprises de l\u2019int\u00e9rieur en d\u00e9passant le syndr\u00f4me de la fourmi avec Flora Ghebali\"}]},{\"@type\":\"WebSite\",\"@id\":\"https:\/\/empow-her.com\/#website\",\"url\":\"https:\/\/empow-her.com\/\",\"name\":\"Empow&#039;Her\",\"description\":\"Women Development\",\"potentialAction\":[{\"@type\":\"SearchAction\",\"target\":{\"@type\":\"EntryPoint\",\"urlTemplate\":\"https:\/\/empow-her.com\/?s={search_term_string}\"},\"query-input\":{\"@type\":\"PropertyValueSpecification\",\"valueRequired\":true,\"valueName\":\"search_term_string\"}}],\"inLanguage\":\"en-US\"}]}<\/script>\n<!-- \/ Yoast SEO plugin. -->","yoast_head_json":{"title":"SheTalks - Faire bouger les entreprises de l\u2019int\u00e9rieur","description":"Rencontre Flora Ghebali, Fondatrice de Coaalitions, pour conna\u00eetre toutes les clefs pour faire bouger son entreprise, le 4 juillet \u00e0 18h30 chez Sist'Her","robots":{"index":"index","follow":"follow","max-snippet":"max-snippet:-1","max-image-preview":"max-image-preview:large","max-video-preview":"max-video-preview:-1"},"canonical":"https:\/\/empow-her.com\/produit\/shetalks-faire-bouger-les-entreprises-de-linterieur-en-depassant-le-syndrome-de-la-fourmi-avec-flora-ghebali\/","og_locale":"en_US","og_type":"article","og_title":"SheTalks - Faire bouger les entreprises de l\u2019int\u00e9rieur","og_description":"Rencontre Flora Ghebali, Fondatrice de Coaalitions, pour conna\u00eetre toutes les clefs pour faire bouger son entreprise, le 4 juillet \u00e0 18h30 chez Sist'Her","og_url":"https:\/\/empow-her.com\/produit\/shetalks-faire-bouger-les-entreprises-de-linterieur-en-depassant-le-syndrome-de-la-fourmi-avec-flora-ghebali\/","og_site_name":"Empow&#039;Her","article_modified_time":"2023-06-14T14:34:00+00:00","og_image":[{"width":1080,"height":1080,"url":"https:\/\/empow-her.com\/wp-content\/uploads\/2023\/06\/shetalks-economie-circulaire-5.png","type":"image\/png"}],"twitter_card":"summary_large_image","twitter_misc":{"Est. reading time":"3 minutes"},"schema":{"@context":"https:\/\/schema.org","@graph":[{"@type":"WebPage","@id":"https:\/\/empow-her.com\/produit\/shetalks-faire-bouger-les-entreprises-de-linterieur-en-depassant-le-syndrome-de-la-fourmi-avec-flora-ghebali\/","url":"https:\/\/empow-her.com\/produit\/shetalks-faire-bouger-les-entreprises-de-linterieur-en-depassant-le-syndrome-de-la-fourmi-avec-flora-ghebali\/","name":"SheTalks - Faire bouger les entreprises de l\u2019int\u00e9rieur","isPartOf":{"@id":"https:\/\/empow-her.com\/#website"},"primaryImageOfPage":{"@id":"https:\/\/empow-her.com\/produit\/shetalks-faire-bouger-les-entreprises-de-linterieur-en-depassant-le-syndrome-de-la-fourmi-avec-flora-ghebali\/#primaryimage"},"image":{"@id":"https:\/\/empow-her.com\/produit\/shetalks-faire-bouger-les-entreprises-de-linterieur-en-depassant-le-syndrome-de-la-fourmi-avec-flora-ghebali\/#primaryimage"},"thumbnailUrl":"https:\/\/empow-her.com\/wp-content\/uploads\/2023\/06\/shetalks-economie-circulaire-5.png","datePublished":"2023-06-06T15:54:35+00:00","dateModified":"2023-06-14T14:34:00+00:00","description":"Rencontre Flora Ghebali, Fondatrice de Coaalitions, pour conna\u00eetre toutes les clefs pour faire bouger son entreprise, le 4 juillet \u00e0 18h30 chez Sist'Her","breadcrumb":{"@id":"https:\/\/empow-her.com\/produit\/shetalks-faire-bouger-les-entreprises-de-linterieur-en-depassant-le-syndrome-de-la-fourmi-avec-flora-ghebali\/#breadcrumb"},"inLanguage":"en-US","potentialAction":[{"@type":"ReadAction","target":["https:\/\/empow-her.com\/produit\/shetalks-faire-bouger-les-entreprises-de-linterieur-en-depassant-le-syndrome-de-la-fourmi-avec-flora-ghebali\/"]}]},{"@type":"ImageObject","inLanguage":"en-US","@id":"https:\/\/empow-her.com\/produit\/shetalks-faire-bouger-les-entreprises-de-linterieur-en-depassant-le-syndrome-de-la-fourmi-avec-flora-ghebali\/#primaryimage","url":"https:\/\/empow-her.com\/wp-content\/uploads\/2023\/06\/shetalks-economie-circulaire-5.png","contentUrl":"https:\/\/empow-her.com\/wp-content\/uploads\/2023\/06\/shetalks-economie-circulaire-5.png","width":1080,"height":1080},{"@type":"BreadcrumbList","@id":"https:\/\/empow-her.com\/produit\/shetalks-faire-bouger-les-entreprises-de-linterieur-en-depassant-le-syndrome-de-la-fourmi-avec-flora-ghebali\/#breadcrumb","itemListElement":[{"@type":"ListItem","position":1,"name":"Accueil","item":"https:\/\/empow-her.com\/en\/landing-page\/"},{"@type":"ListItem","position":2,"name":"LA BOUTIQUE","item":"https:\/\/empow-her.com\/boutique\/"},{"@type":"ListItem","position":3,"name":"SheTalks &#8211; Faire bouger les entreprises de l\u2019int\u00e9rieur en d\u00e9passant le syndr\u00f4me de la fourmi avec Flora Ghebali"}]},{"@type":"WebSite","@id":"https:\/\/empow-her.com\/#website","url":"https:\/\/empow-her.com\/","name":"Empow&#039;Her","description":"Women Development","potentialAction":[{"@type":"SearchAction","target":{"@type":"EntryPoint","urlTemplate":"https:\/\/empow-her.com\/?s={search_term_string}"},"query-input":{"@type":"PropertyValueSpecification","valueRequired":true,"valueName":"search_term_string"}}],"inLanguage":"en-US"}]}},"_links":{"self":[{"href":"https:\/\/empow-her.com\/en\/wp-json\/wp\/v2\/product\/172422","targetHints":{"allow":["GET"]}}],"collection":[{"href":"https:\/\/empow-her.com\/en\/wp-json\/wp\/v2\/product"}],"about":[{"href":"https:\/\/empow-her.com\/en\/wp-json\/wp\/v2\/types\/product"}],"wp:featuredmedia":[{"embeddable":true,"href":"https:\/\/empow-her.com\/en\/wp-json\/wp\/v2\/media\/174533"}],"wp:attachment":[{"href":"https:\/\/empow-her.com\/en\/wp-json\/wp\/v2\/media?parent=172422"}],"wp:term":[{"taxonomy":"product_brand","embeddable":true,"href":"https:\/\/empow-her.com\/en\/wp-json\/wp\/v2\/product_brand?post=172422"},{"taxonomy":"product_cat","embeddable":true,"href":"https:\/\/empow-her.com\/en\/wp-json\/wp\/v2\/product_cat?post=172422"},{"taxonomy":"product_tag","embeddable":true,"href":"https:\/\/empow-her.com\/en\/wp-json\/wp\/v2\/product_tag?post=172422"},{"taxonomy":"lieu","embeddable":true,"href":"https:\/\/empow-her.com\/en\/wp-json\/wp\/v2\/lieu?post=172422"},{"taxonomy":"thematiques","embeddable":true,"href":"https:\/\/empow-her.com\/en\/wp-json\/wp\/v2\/thematiques?post=172422"}],"curies":[{"name":"wp","href":"https:\/\/api.w.org\/{rel}","templated":true}]}}