{"id":17126,"date":"2021-09-09T09:39:55","date_gmt":"2021-09-09T07:39:55","guid":{"rendered":"https:\/\/empow-her.com\/?post_type=product&#038;p=17126"},"modified":"2021-09-10T15:11:30","modified_gmt":"2021-09-10T13:11:30","slug":"happyher-aller-on-se-lance","status":"publish","type":"product","link":"https:\/\/empow-her.com\/en\/produit\/happyher-aller-on-se-lance\/","title":{"rendered":"Happy&#8217;Her : Allez on se lance !"},"content":{"rendered":"<p>C&#8217;est la rentr\u00e9e&#8230; Plein.e.s d&#8217;\u00e9nergie et ressourc\u00e9.e.s de l&#8217;\u00e9t\u00e9, est-ce qu&#8217;il ne serait pas le temps de se lancer ?! &#x1f680;<\/p>\n<p>Tu souhaites lancer ton entreprise ou tu es en train de lancer ton entreprise ? Viens rencontrer d&#8217;autres femmes qui sont dans le m\u00eame cas que toi pour un moment de partage, d&#8217;\u00e9change, d&#8217;entraide et de sororit\u00e9 ! &#x1f932;<\/p>\n<p>Rendez-vous chez Sist&#8217;her, le nouveau lieu de l&#8217;entrepreneuriat f\u00e9minin, le tiers-lieu d\u00e9di\u00e9 \u00e0 touts celles qui souhaitent fa\u00e7onner le monde, <strong>Jeudi 14 Octobre de 19h \u00e0 21h<\/strong>.<\/p>\n<p>Pourquoi tu devrais venir :<\/p>\n<ul>\n<li>Parce que n&#8217;importe quelle entrepreneure vous le dira, le plus dur quand on lance son entreprise, c&#8217;est la solitude. Et si on rem\u00e9diait \u00e0 \u00e7a ?<\/li>\n<li>Parce qu&#8217;il y a seulement 30% de femmes entrepreneures contre 70% d&#8217;hommes. Et si on faisait grimper les chiffres ? Challenge accepted !<\/li>\n<li>Parce qu&#8217;accompagner les femmes \u00e0 se lancer dans l&#8217;entrepreneuriat, c&#8217;est un peu notre job&#8230;! \u00e7a sera l&#8217;occase de d\u00e9couvrir nos programmes !<\/li>\n<\/ul>\n<p>&nbsp;<\/p>\n<p>&#x1f516; <strong>R\u00e9servation gratuite obligatoire <\/strong><\/p>\n<p>&nbsp;<\/p>\n<p>&#x1f4cd; <strong>Sist&#8217;her Paris<\/strong>, 82 rue du Faubourg St Martin<br \/>\nOuvert en mars 2021, Sist\u2019Her est le premier tiers-lieu d\u00e9di\u00e9 \u00e0 toutes celles qui souhaitent fa\u00e7onner le monde &#x1f30e;. Port\u00e9 par l\u2019association Empow\u2019Her, c\u2019est un lieu de vie bienveillant et joyeux, ouvert \u00e0 tou\u00b7te\u00b7s o\u00f9 il est possible de se former, cr\u00e9er et se rencontrer. &#x1f3e1;<\/p>\n<p>&nbsp;<\/p>\n<p>Ce projet est co-financ\u00e9 par le Fonds Social Europ\u00e9en.<\/p>\n<p><img decoding=\"async\" class=\"\" src=\"https:\/\/www.sep-asso.fr\/wp-content\/uploads\/2018\/02\/logo-union-europeenne.png\" alt=\"logo union europeenne \u2013 SEP\" width=\"87\" height=\"72\" \/>\u00a0\u00a0<img decoding=\"async\" class=\"alignnone wp-image-15218\" src=\"https:\/\/empow-her.com\/wp-content\/uploads\/2021\/06\/logo_fonds_social_europeen-300x187.png\" alt=\"\" width=\"104\" height=\"65\" srcset=\"https:\/\/empow-her.com\/wp-content\/uploads\/2021\/06\/logo_fonds_social_europeen-300x187.png 300w, https:\/\/empow-her.com\/wp-content\/uploads\/2021\/06\/logo_fonds_social_europeen-600x375.png 600w, https:\/\/empow-her.com\/wp-content\/uploads\/2021\/06\/logo_fonds_social_europeen-24x15.png 24w, https:\/\/empow-her.com\/wp-content\/uploads\/2021\/06\/logo_fonds_social_europeen-36x22.png 36w, https:\/\/empow-her.com\/wp-content\/uploads\/2021\/06\/logo_fonds_social_europeen-48x30.png 48w, https:\/\/empow-her.com\/wp-content\/uploads\/2021\/06\/logo_fonds_social_europeen.png 666w\" sizes=\"(max-width: 104px) 100vw, 104px\" \/> <img decoding=\"async\" class=\"\" src=\"https:\/\/franceactive-idf.org\/wp-content\/uploads\/2020\/02\/logo-region-ile-de-france.png\" alt=\"Logo Region Ile De France - France Active \u00cele-de-France\" width=\"126\" height=\"29\" \/><\/p>\n","protected":false},"excerpt":{"rendered":"<p>C&#8217;est la rentr\u00e9e&#8230; Plein.e.s d&#8217;\u00e9nergie et ressourc\u00e9.e.s de l&#8217;\u00e9t\u00e9, est-ce qu&#8217;il ne serait pas le temps de se lancer ?! &#x1f680;<\/p>\n<p>Tu souhaites lancer ton entreprise ou tu es en train de lancer ton entreprise ? Viens rencontrer d&#8217;autres femmes qui sont dans le m\u00eame cas que toi pour un moment de partage, d&#8217;\u00e9change, d&#8217;entraide et de sororit\u00e9 ! &#x1f932;<\/p>\n<p>Rendez-vous chez Sist&#8217;her, le nouveau lieu de l&#8217;entrepreneuriat f\u00e9minin, le tiers-lieu d\u00e9di\u00e9 \u00e0 touts celles qui souhaitent fa\u00e7onner le monde, <strong>Jeudi 14 Octobre de 19h \u00e0 21h<\/strong>.<\/p>\n<p>Pourquoi tu devrais venir :<\/p>\n<ul>\n<li>Parce que n&#8217;importe quelle entrepreneure vous le dira, le plus dur quand on lance son entreprise, c&#8217;est la solitude. Et si on rem\u00e9diait \u00e0 \u00e7a ?<\/li>\n<li>Parce qu&#8217;il y a seulement 30% de femmes entrepreneures contre 70% d&#8217;hommes. Et si on faisait grimper les chiffres ? Challenge accepted !<\/li>\n<li>Parce qu&#8217;accompagner les femmes \u00e0 se lancer dans l&#8217;entrepreneuriat, c&#8217;est un peu notre job&#8230;! \u00e7a sera l&#8217;occase de d\u00e9couvrir nos programmes !<\/li>\n<\/ul>\n<p>&nbsp;<\/p>\n<p>&#x1f516; <strong>R\u00e9servation gratuite obligatoire <\/strong><\/p>\n<p>&nbsp;<\/p>\n<p>&#x1f4cd; <strong>Sist&#8217;her Paris<\/strong>, 82 rue du Faubourg St Martin<br \/>\nOuvert en mars 2021, Sist\u2019Her est le premier tiers-lieu d\u00e9di\u00e9 \u00e0 toutes celles qui souhaitent fa\u00e7onner le monde &#x1f30e;. Port\u00e9 par l\u2019association Empow\u2019Her, c\u2019est un lieu de vie bienveillant et joyeux, ouvert \u00e0 tou\u00b7te\u00b7s o\u00f9 il est possible de se former, cr\u00e9er et se rencontrer. &#x1f3e1;<\/p>\n<p>&nbsp;<\/p>\n<p>Ce projet est co-financ\u00e9 par le Fonds Social Europ\u00e9en.<\/p>\n<p><img decoding=\"async\" class=\"\" src=\"https:\/\/www.sep-asso.fr\/wp-content\/uploads\/2018\/02\/logo-union-europeenne.png\" alt=\"logo union europeenne \u2013 SEP\" width=\"87\" height=\"72\" \/>\u00a0\u00a0<img decoding=\"async\" class=\"alignnone wp-image-15218\" src=\"https:\/\/empow-her.com\/wp-content\/uploads\/2021\/06\/logo_fonds_social_europeen-300x187.png\" alt=\"\" width=\"104\" height=\"65\" srcset=\"https:\/\/empow-her.com\/wp-content\/uploads\/2021\/06\/logo_fonds_social_europeen-300x187.png 300w, https:\/\/empow-her.com\/wp-content\/uploads\/2021\/06\/logo_fonds_social_europeen-600x375.png 600w, https:\/\/empow-her.com\/wp-content\/uploads\/2021\/06\/logo_fonds_social_europeen-24x15.png 24w, https:\/\/empow-her.com\/wp-content\/uploads\/2021\/06\/logo_fonds_social_europeen-36x22.png 36w, https:\/\/empow-her.com\/wp-content\/uploads\/2021\/06\/logo_fonds_social_europeen-48x30.png 48w, https:\/\/empow-her.com\/wp-content\/uploads\/2021\/06\/logo_fonds_social_europeen.png 666w\" sizes=\"(max-width: 104px) 100vw, 104px\" \/> <img decoding=\"async\" class=\"\" src=\"https:\/\/franceactive-idf.org\/wp-content\/uploads\/2020\/02\/logo-region-ile-de-france.png\" alt=\"Logo Region Ile De France - France Active \u00cele-de-France\" width=\"126\" height=\"29\" \/><\/p>\n","protected":false},"featured_media":17211,"template":"","format":"standard","meta":{"_acf_changed":false,"om_disable_all_campaigns":false,"_uf_show_specific_survey":0,"_uf_disable_surveys":false},"product_brand":[],"product_cat":[119],"product_tag":[],"lieu":[127],"thematiques":[],"class_list":{"0":"post-17126","1":"product","2":"type-product","3":"status-publish","4":"format-standard","5":"has-post-thumbnail","7":"product_cat-evenement-sisther","8":"lieu-hub-empowher","10":"first","11":"instock","12":"virtual","13":"purchasable","14":"product-type-appointment"},"exclude_global_add_ons":[],"addons":[],"acf":[],"yoast_head":"<!-- This site is optimized with the Yoast SEO plugin v24.8 - https:\/\/yoast.com\/wordpress\/plugins\/seo\/ -->\n<title>Happy&#039;Her : Allez on se lance ! - Empow&#039;Her<\/title>\n<meta name=\"robots\" content=\"index, follow, max-snippet:-1, max-image-preview:large, max-video-preview:-1\" \/>\n<link rel=\"canonical\" href=\"https:\/\/empow-her.com\/es\/produit\/happyher-aller-on-se-lance\/\" \/>\n<meta property=\"og:locale\" content=\"en_US\" \/>\n<meta property=\"og:type\" content=\"article\" \/>\n<meta property=\"og:title\" content=\"Happy&#039;Her : Allez on se lance ! - Empow&#039;Her\" \/>\n<meta property=\"og:description\" content=\"C&#039;est la rentr\u00e9e... Plein.e.s d&#039;\u00e9nergie et ressourc\u00e9.e.s de l&#039;\u00e9t\u00e9, est-ce qu&#039;il ne serait pas le temps de se lancer ?! &#x1f680;  Tu souhaites lancer ton entreprise ou tu es en train de lancer ton entreprise ? Viens rencontrer d&#039;autres femmes qui sont dans le m\u00eame cas que toi pour un moment de partage, d&#039;\u00e9change, d&#039;entraide et de sororit\u00e9 ! &#x1f932;  Rendez-vous chez Sist&#039;her, le nouveau lieu de l&#039;entrepreneuriat f\u00e9minin, le tiers-lieu d\u00e9di\u00e9 \u00e0 touts celles qui souhaitent fa\u00e7onner le monde, Jeudi 14 Octobre de 19h \u00e0 21h.  Pourquoi tu devrais venir :   Parce que n&#039;importe quelle entrepreneure vous le dira, le plus dur quand on lance son entreprise, c&#039;est la solitude. Et si on rem\u00e9diait \u00e0 \u00e7a ?  Parce qu&#039;il y a seulement 30% de femmes entrepreneures contre 70% d&#039;hommes. Et si on faisait grimper les chiffres ? Challenge accepted !  Parce qu&#039;accompagner les femmes \u00e0 se lancer dans l&#039;entrepreneuriat, c&#039;est un peu notre job...! \u00e7a sera l&#039;occase de d\u00e9couvrir nos programmes !  &nbsp;  &#x1f516; R\u00e9servation gratuite obligatoire   &nbsp;  &#x1f4cd; Sist&#039;her Paris, 82 rue du Faubourg St Martin Ouvert en mars 2021, Sist\u2019Her est le premier tiers-lieu d\u00e9di\u00e9 \u00e0 toutes celles qui souhaitent fa\u00e7onner le monde &#x1f30e;. Port\u00e9 par l\u2019association Empow\u2019Her, c\u2019est un lieu de vie bienveillant et joyeux, ouvert \u00e0 tou\u00b7te\u00b7s o\u00f9 il est possible de se former, cr\u00e9er et se rencontrer. &#x1f3e1;  &nbsp;  Ce projet est co-financ\u00e9 par le Fonds Social Europ\u00e9en.  \u00a0\u00a0\" \/>\n<meta property=\"og:url\" content=\"https:\/\/empow-her.com\/es\/produit\/happyher-aller-on-se-lance\/\" \/>\n<meta property=\"og:site_name\" content=\"Empow&#039;Her\" \/>\n<meta property=\"article:modified_time\" content=\"2021-09-10T13:11:30+00:00\" \/>\n<meta property=\"og:image\" content=\"https:\/\/empow-her.com\/wp-content\/uploads\/2021\/09\/STICKER-SISTHER16.png\" \/>\n\t<meta property=\"og:image:width\" content=\"1080\" \/>\n\t<meta property=\"og:image:height\" content=\"1080\" \/>\n\t<meta property=\"og:image:type\" content=\"image\/png\" \/>\n<meta name=\"twitter:card\" content=\"summary_large_image\" \/>\n<meta name=\"twitter:label1\" content=\"Est. reading time\" \/>\n\t<meta name=\"twitter:data1\" content=\"2 minutes\" \/>\n<script type=\"application\/ld+json\" class=\"yoast-schema-graph\">{\"@context\":\"https:\/\/schema.org\",\"@graph\":[{\"@type\":\"WebPage\",\"@id\":\"https:\/\/empow-her.com\/es\/produit\/happyher-aller-on-se-lance\/\",\"url\":\"https:\/\/empow-her.com\/es\/produit\/happyher-aller-on-se-lance\/\",\"name\":\"Happy'Her : Allez on se lance ! - Empow&#039;Her\",\"isPartOf\":{\"@id\":\"https:\/\/empow-her.com\/#website\"},\"primaryImageOfPage\":{\"@id\":\"https:\/\/empow-her.com\/es\/produit\/happyher-aller-on-se-lance\/#primaryimage\"},\"image\":{\"@id\":\"https:\/\/empow-her.com\/es\/produit\/happyher-aller-on-se-lance\/#primaryimage\"},\"thumbnailUrl\":\"https:\/\/empow-her.com\/wp-content\/uploads\/2021\/09\/STICKER-SISTHER16.png\",\"datePublished\":\"2021-09-09T07:39:55+00:00\",\"dateModified\":\"2021-09-10T13:11:30+00:00\",\"breadcrumb\":{\"@id\":\"https:\/\/empow-her.com\/es\/produit\/happyher-aller-on-se-lance\/#breadcrumb\"},\"inLanguage\":\"en-US\",\"potentialAction\":[{\"@type\":\"ReadAction\",\"target\":[\"https:\/\/empow-her.com\/es\/produit\/happyher-aller-on-se-lance\/\"]}]},{\"@type\":\"ImageObject\",\"inLanguage\":\"en-US\",\"@id\":\"https:\/\/empow-her.com\/es\/produit\/happyher-aller-on-se-lance\/#primaryimage\",\"url\":\"https:\/\/empow-her.com\/wp-content\/uploads\/2021\/09\/STICKER-SISTHER16.png\",\"contentUrl\":\"https:\/\/empow-her.com\/wp-content\/uploads\/2021\/09\/STICKER-SISTHER16.png\",\"width\":1080,\"height\":1080},{\"@type\":\"BreadcrumbList\",\"@id\":\"https:\/\/empow-her.com\/es\/produit\/happyher-aller-on-se-lance\/#breadcrumb\",\"itemListElement\":[{\"@type\":\"ListItem\",\"position\":1,\"name\":\"Accueil\",\"item\":\"https:\/\/empow-her.com\/en\/landing-page\/\"},{\"@type\":\"ListItem\",\"position\":2,\"name\":\"LA BOUTIQUE\",\"item\":\"https:\/\/empow-her.com\/boutique\/\"},{\"@type\":\"ListItem\",\"position\":3,\"name\":\"Happy&#8217;Her : Allez on se lance !\"}]},{\"@type\":\"WebSite\",\"@id\":\"https:\/\/empow-her.com\/#website\",\"url\":\"https:\/\/empow-her.com\/\",\"name\":\"Empow&#039;Her\",\"description\":\"Women Development\",\"potentialAction\":[{\"@type\":\"SearchAction\",\"target\":{\"@type\":\"EntryPoint\",\"urlTemplate\":\"https:\/\/empow-her.com\/?s={search_term_string}\"},\"query-input\":{\"@type\":\"PropertyValueSpecification\",\"valueRequired\":true,\"valueName\":\"search_term_string\"}}],\"inLanguage\":\"en-US\"}]}<\/script>\n<!-- \/ Yoast SEO plugin. -->","yoast_head_json":{"title":"Happy'Her : Allez on se lance ! - Empow&#039;Her","robots":{"index":"index","follow":"follow","max-snippet":"max-snippet:-1","max-image-preview":"max-image-preview:large","max-video-preview":"max-video-preview:-1"},"canonical":"https:\/\/empow-her.com\/es\/produit\/happyher-aller-on-se-lance\/","og_locale":"en_US","og_type":"article","og_title":"Happy'Her : Allez on se lance ! - Empow&#039;Her","og_description":"C'est la rentr\u00e9e... Plein.e.s d'\u00e9nergie et ressourc\u00e9.e.s de l'\u00e9t\u00e9, est-ce qu'il ne serait pas le temps de se lancer ?! &#x1f680;  Tu souhaites lancer ton entreprise ou tu es en train de lancer ton entreprise ? Viens rencontrer d'autres femmes qui sont dans le m\u00eame cas que toi pour un moment de partage, d'\u00e9change, d'entraide et de sororit\u00e9 ! &#x1f932;  Rendez-vous chez Sist'her, le nouveau lieu de l'entrepreneuriat f\u00e9minin, le tiers-lieu d\u00e9di\u00e9 \u00e0 touts celles qui souhaitent fa\u00e7onner le monde, Jeudi 14 Octobre de 19h \u00e0 21h.  Pourquoi tu devrais venir :   Parce que n'importe quelle entrepreneure vous le dira, le plus dur quand on lance son entreprise, c'est la solitude. Et si on rem\u00e9diait \u00e0 \u00e7a ?  Parce qu'il y a seulement 30% de femmes entrepreneures contre 70% d'hommes. Et si on faisait grimper les chiffres ? Challenge accepted !  Parce qu'accompagner les femmes \u00e0 se lancer dans l'entrepreneuriat, c'est un peu notre job...! \u00e7a sera l'occase de d\u00e9couvrir nos programmes !  &nbsp;  &#x1f516; R\u00e9servation gratuite obligatoire   &nbsp;  &#x1f4cd; Sist'her Paris, 82 rue du Faubourg St Martin Ouvert en mars 2021, Sist\u2019Her est le premier tiers-lieu d\u00e9di\u00e9 \u00e0 toutes celles qui souhaitent fa\u00e7onner le monde &#x1f30e;. Port\u00e9 par l\u2019association Empow\u2019Her, c\u2019est un lieu de vie bienveillant et joyeux, ouvert \u00e0 tou\u00b7te\u00b7s o\u00f9 il est possible de se former, cr\u00e9er et se rencontrer. &#x1f3e1;  &nbsp;  Ce projet est co-financ\u00e9 par le Fonds Social Europ\u00e9en.  \u00a0\u00a0","og_url":"https:\/\/empow-her.com\/es\/produit\/happyher-aller-on-se-lance\/","og_site_name":"Empow&#039;Her","article_modified_time":"2021-09-10T13:11:30+00:00","og_image":[{"width":1080,"height":1080,"url":"https:\/\/empow-her.com\/wp-content\/uploads\/2021\/09\/STICKER-SISTHER16.png","type":"image\/png"}],"twitter_card":"summary_large_image","twitter_misc":{"Est. reading time":"2 minutes"},"schema":{"@context":"https:\/\/schema.org","@graph":[{"@type":"WebPage","@id":"https:\/\/empow-her.com\/es\/produit\/happyher-aller-on-se-lance\/","url":"https:\/\/empow-her.com\/es\/produit\/happyher-aller-on-se-lance\/","name":"Happy'Her : Allez on se lance ! - Empow&#039;Her","isPartOf":{"@id":"https:\/\/empow-her.com\/#website"},"primaryImageOfPage":{"@id":"https:\/\/empow-her.com\/es\/produit\/happyher-aller-on-se-lance\/#primaryimage"},"image":{"@id":"https:\/\/empow-her.com\/es\/produit\/happyher-aller-on-se-lance\/#primaryimage"},"thumbnailUrl":"https:\/\/empow-her.com\/wp-content\/uploads\/2021\/09\/STICKER-SISTHER16.png","datePublished":"2021-09-09T07:39:55+00:00","dateModified":"2021-09-10T13:11:30+00:00","breadcrumb":{"@id":"https:\/\/empow-her.com\/es\/produit\/happyher-aller-on-se-lance\/#breadcrumb"},"inLanguage":"en-US","potentialAction":[{"@type":"ReadAction","target":["https:\/\/empow-her.com\/es\/produit\/happyher-aller-on-se-lance\/"]}]},{"@type":"ImageObject","inLanguage":"en-US","@id":"https:\/\/empow-her.com\/es\/produit\/happyher-aller-on-se-lance\/#primaryimage","url":"https:\/\/empow-her.com\/wp-content\/uploads\/2021\/09\/STICKER-SISTHER16.png","contentUrl":"https:\/\/empow-her.com\/wp-content\/uploads\/2021\/09\/STICKER-SISTHER16.png","width":1080,"height":1080},{"@type":"BreadcrumbList","@id":"https:\/\/empow-her.com\/es\/produit\/happyher-aller-on-se-lance\/#breadcrumb","itemListElement":[{"@type":"ListItem","position":1,"name":"Accueil","item":"https:\/\/empow-her.com\/en\/landing-page\/"},{"@type":"ListItem","position":2,"name":"LA BOUTIQUE","item":"https:\/\/empow-her.com\/boutique\/"},{"@type":"ListItem","position":3,"name":"Happy&#8217;Her : Allez on se lance !"}]},{"@type":"WebSite","@id":"https:\/\/empow-her.com\/#website","url":"https:\/\/empow-her.com\/","name":"Empow&#039;Her","description":"Women Development","potentialAction":[{"@type":"SearchAction","target":{"@type":"EntryPoint","urlTemplate":"https:\/\/empow-her.com\/?s={search_term_string}"},"query-input":{"@type":"PropertyValueSpecification","valueRequired":true,"valueName":"search_term_string"}}],"inLanguage":"en-US"}]}},"_links":{"self":[{"href":"https:\/\/empow-her.com\/en\/wp-json\/wp\/v2\/product\/17126","targetHints":{"allow":["GET"]}}],"collection":[{"href":"https:\/\/empow-her.com\/en\/wp-json\/wp\/v2\/product"}],"about":[{"href":"https:\/\/empow-her.com\/en\/wp-json\/wp\/v2\/types\/product"}],"wp:featuredmedia":[{"embeddable":true,"href":"https:\/\/empow-her.com\/en\/wp-json\/wp\/v2\/media\/17211"}],"wp:attachment":[{"href":"https:\/\/empow-her.com\/en\/wp-json\/wp\/v2\/media?parent=17126"}],"wp:term":[{"taxonomy":"product_brand","embeddable":true,"href":"https:\/\/empow-her.com\/en\/wp-json\/wp\/v2\/product_brand?post=17126"},{"taxonomy":"product_cat","embeddable":true,"href":"https:\/\/empow-her.com\/en\/wp-json\/wp\/v2\/product_cat?post=17126"},{"taxonomy":"product_tag","embeddable":true,"href":"https:\/\/empow-her.com\/en\/wp-json\/wp\/v2\/product_tag?post=17126"},{"taxonomy":"lieu","embeddable":true,"href":"https:\/\/empow-her.com\/en\/wp-json\/wp\/v2\/lieu?post=17126"},{"taxonomy":"thematiques","embeddable":true,"href":"https:\/\/empow-her.com\/en\/wp-json\/wp\/v2\/thematiques?post=17126"}],"curies":[{"name":"wp","href":"https:\/\/api.w.org\/{rel}","templated":true}]}}